{"id":4543,"date":"2025-11-14T09:06:06","date_gmt":"2025-11-14T09:06:06","guid":{"rendered":"https:\/\/vapestornado.com\/?post_type=product&#038;p=4543"},"modified":"2025-11-14T09:29:50","modified_gmt":"2025-11-14T09:29:50","slug":"ainovo-aim-aipod-30000-30k-puff-replaceable-tank-disposable-vape-kit","status":"publish","type":"product","link":"https:\/\/vapestornado.com\/ro\/product\/ainovo-aim-aipod-30000-30k-puff-replaceable-tank-disposable-vape-kit\/","title":{"rendered":"AINOVO AIM AIPOD 30000 30K Pufuri Kit Vape De Unic\u0103 Folosin\u021b\u0103 Cu Rezervor \u00cenlocuibil"},"content":{"rendered":"<h2 data-pm-slice=\"1 1 []\">AINOVO AIM AIPOD 30000 Pufuri \u2013 Putere cu Rezervor \u00cenlocuibil pentru Vaperi Serio\u0219i din UE<\/h2>\n<p data-start=\"86\" data-end=\"660\">Sistemul <strong data-start=\"90\" data-end=\"116\">AINOVO AIM AIPOD 30000<\/strong> este proiectat pentru angrosi\u0219tii \u0219i consumatorii din UE care doresc longevitate maxim\u0103 cu tehnologia modern\u0103 de vapat. Proiectat ca un <strong data-start=\"242\" data-end=\"282\">Kit Vape De Unic\u0103 Folosin\u021b\u0103 Cu Rezervor \u00cenlocuibil<\/strong>, ofer\u0103 p\u00e2n\u0103 la <strong data-start=\"302\" data-end=\"332\">30000 de pufuri \u00een Mod Normal<\/strong> si <strong data-start=\"337\" data-end=\"366\">20000 de pufuri \u00een Mod Boost<\/strong>, oferind utilizatorilor libertatea de a comuta \u00eentre eficien\u021b\u0103 lin\u0103 \u0219i nori puternici \u0219i den\u0219i. Cu un <strong data-start=\"462\" data-end=\"485\">Bobin\u0103 dubl\u0103 mesh 1.0\u03a9<\/strong>, fiecare puf este bogat, stabil \u0219i precis \u00een arom\u0103 \u2013 un avantaj cheie pentru comercian\u021bii cu am\u0103nuntul care caut\u0103 <strong data-start=\"588\" data-end=\"631\">vape-uri disposable pentru v\u00e2nzare cu ridicata \u0219i cump\u0103rare \u00een vrac<\/strong> care func\u021bioneaz\u0103 constant.<\/p>\n<p data-start=\"662\" data-end=\"1302\">Acest dispozitiv compact are un <strong data-start=\"692\" data-end=\"717\">rezervor \u00eenlocuibil de 15 ml<\/strong>, \u00eemping\u00e2nd categoria \u00eenainte cu o utilizare mai lung\u0103 \u0219i un cost de func\u021bionare mai mic. The <strong data-start=\"798\" data-end=\"818\">AINOVO AIPOD 30K<\/strong> include de asemenea flux de aer reglabil pentru o rezisten\u021b\u0103 personalizat\u0103 la tragere, plus o <strong data-start=\"893\" data-end=\"917\">ecran inteligent<\/strong> afi\u0219are a nivelului bateriei \u0219i a nivelului de lichid pentru \u021bigaret\u0103 electronic\u0103. Cu <strong data-start=\"960\" data-end=\"990\">putere de \u00eenc\u0103rcare rapid\u0103 de 850mAh<\/strong> \u0219i op\u021biuni de nicotin\u0103 de la <strong data-start=\"1016\" data-end=\"1028\">0% p\u00e2n\u0103 la 5%<\/strong>, se potrive\u0219te nevoilor diverselor pie\u021be din Rom\u00e2nia. Ca un <strong data-start=\"1076\" data-end=\"1110\">Furnizor chinez de vape-uri de unic\u0103 folosin\u021b\u0103<\/strong> model construit pentru rev\u00e2nzare de volum mare, <strong data-start=\"1151\" data-end=\"1178\">AINOVO AIPOD 30000 pufuri<\/strong> este optimizat pentru confort, durabilitate \u0219i marj\u0103 de profit \u2014 ideal pentru lan\u021burile de retail din Rom\u00e2nia, chio\u0219curi \u0219i magazine online de vape.<\/p>\n<p data-start=\"1304\" data-end=\"1649\">Cump\u0103r\u0103torii din Rom\u00e2nia apreciaz\u0103 dimensiunea compact\u0103, \u00eenc\u0103rcarea rapid\u0103, aroma precis\u0103 \u0219i \u00eentre\u021binerea redus\u0103. AIM AIPOD ofer\u0103 exact asta, oferind 10 profile de arom\u0103 puternice care atrag vaperii din Rom\u00e2nia. Pentru distribuitori care caut\u0103 o aprovizionare stabil\u0103 \u0219i performan\u021b\u0103 de \u00eenalt\u0103 cerere, acesta este unul dintre cele mai fiabile op\u021biuni de 30K pufuri din categorie.<\/p>\n<p data-start=\"666\" data-end=\"1235\"><strong style=\"font-size: 16px;\"><span style=\"color: #ff0000;\">Adaug\u0103-o pe Amy pe WhatsApp pentru a ob\u021bine un r\u0103spuns rapid \u0219i un pre\u021b redus!<\/span><\/strong><\/p>\n<p><img fetchpriority=\"high\" decoding=\"async\" class=\"size-full wp-image-2932\" src=\"https:\/\/vapestornado.com\/wp-content\/uploads\/2024\/12\/Vape-Wholesale.jpg\" alt=\"\u021aig\u0103ri electronice cu ridicata\" width=\"229\" height=\"300\" \/><\/p>\n<h3><a href=\"https:\/\/wa.me\/8617776015835\" target=\"_blank\" rel=\"noopener\"><span style=\"color: #ff0000;\"><strong>WhatsApp: +86 17776015835<\/strong><\/span><\/a><\/h3>\n<p>&nbsp;<\/p>\n<h2><strong>Caracteristici cheie ale produsului AINOVO AIM AIPOD 30000<\/strong><\/h2>\n<ul data-start=\"1707\" data-end=\"2033\">\n<li data-start=\"1707\" data-end=\"1739\">\n<p data-start=\"1709\" data-end=\"1739\"><strong data-start=\"1709\" data-end=\"1725\">Mod Normal:<\/strong> 30000 pufuri<\/p>\n<\/li>\n<li data-start=\"1740\" data-end=\"1771\">\n<p data-start=\"1742\" data-end=\"1771\"><strong data-start=\"1742\" data-end=\"1757\">Mod Boost:<\/strong> 20000 de pufuri<\/p>\n<\/li>\n<li data-start=\"1772\" data-end=\"1816\">\n<p data-start=\"1774\" data-end=\"1816\"><strong data-start=\"1774\" data-end=\"1792\">Capacitate Rezervor:<\/strong> rezervor \u00eenlocuibil de 15 ml<\/p>\n<\/li>\n<li data-start=\"1817\" data-end=\"1845\">\n<p data-start=\"1819\" data-end=\"1845\"><strong data-start=\"1819\" data-end=\"1828\">Rezisten\u021b\u0103:<\/strong> Dual mesh de 1.0\u03a9<\/p>\n<\/li>\n<li data-start=\"1846\" data-end=\"1882\">\n<p data-start=\"1848\" data-end=\"1882\"><strong data-start=\"1848\" data-end=\"1860\">Baterie:<\/strong> Re\u00eenc\u0103rcabil de 850mAh<\/p>\n<\/li>\n<li data-start=\"1883\" data-end=\"1923\">\n<p data-start=\"1885\" data-end=\"1923\"><strong data-start=\"1885\" data-end=\"1906\">Op\u021biuni de Nicotin\u0103:<\/strong> 0%, 2%, 3%, 5%<\/p>\n<\/li>\n<li data-start=\"1924\" data-end=\"1972\">\n<p data-start=\"1926\" data-end=\"1972\"><strong data-start=\"1926\" data-end=\"1943\">Ecran inteligent:<\/strong> Indicatoare pentru baterie \u0219i lichid<\/p>\n<\/li>\n<li data-start=\"1973\" data-end=\"1999\">\n<p data-start=\"1975\" data-end=\"1999\"><strong data-start=\"1975\" data-end=\"1997\">Flux de aer ajustabil<\/strong><\/p>\n<\/li>\n<li data-start=\"2000\" data-end=\"2033\">\n<p data-start=\"2002\" data-end=\"2033\"><strong data-start=\"2002\" data-end=\"2011\">Dimensiune:<\/strong> 52.2 \u00d7 27.8 \u00d7 96 mm<\/p>\n<\/li>\n<\/ul>\n<figure id=\"attachment_4542\" aria-describedby=\"caption-attachment-4542\" style=\"width: 300px\" class=\"wp-caption alignnone\"><img decoding=\"async\" class=\"size-medium wp-image-4542\" src=\"https:\/\/vapestornado.com\/wp-content\/uploads\/2025\/11\/Aivono-Aipod-30k-30000-Puffs-Disposable-Vapes-Bulk-Buy-300x300.webp\" alt=\"Aivono Aipod 30k 30000 Pufuri \u021aig\u0103ri electronice de unic\u0103 folosin\u021b\u0103, cump\u0103rare en gros\" width=\"300\" height=\"300\" srcset=\"https:\/\/vapestornado.com\/wp-content\/uploads\/2025\/11\/Aivono-Aipod-30k-30000-Puffs-Disposable-Vapes-Bulk-Buy-300x300.webp 300w, https:\/\/vapestornado.com\/wp-content\/uploads\/2025\/11\/Aivono-Aipod-30k-30000-Puffs-Disposable-Vapes-Bulk-Buy-150x150.webp 150w, https:\/\/vapestornado.com\/wp-content\/uploads\/2025\/11\/Aivono-Aipod-30k-30000-Puffs-Disposable-Vapes-Bulk-Buy-768x768.webp 768w, https:\/\/vapestornado.com\/wp-content\/uploads\/2025\/11\/Aivono-Aipod-30k-30000-Puffs-Disposable-Vapes-Bulk-Buy-12x12.webp 12w, https:\/\/vapestornado.com\/wp-content\/uploads\/2025\/11\/Aivono-Aipod-30k-30000-Puffs-Disposable-Vapes-Bulk-Buy-600x600.webp 600w, https:\/\/vapestornado.com\/wp-content\/uploads\/2025\/11\/Aivono-Aipod-30k-30000-Puffs-Disposable-Vapes-Bulk-Buy-100x100.webp 100w, https:\/\/vapestornado.com\/wp-content\/uploads\/2025\/11\/Aivono-Aipod-30k-30000-Puffs-Disposable-Vapes-Bulk-Buy.webp 800w\" sizes=\"(max-width: 300px) 100vw, 300px\" \/><figcaption id=\"caption-attachment-4542\" class=\"wp-caption-text\">Aivono Aipod 30k 30000 Pufuri \u021aig\u0103ri electronice de unic\u0103 folosin\u021b\u0103, cump\u0103rare en gros<\/figcaption><\/figure>\n<h2 class=\"product-title\"><strong>Lista de Arome pentru Dispozitivele AINOVO AIM AIPOD 30000 Disposables Vaper<\/strong><\/h2>\n<h3 data-start=\"2040\" data-end=\"2076\"><\/h3>\n<ol data-start=\"2077\" data-end=\"2293\">\n<li data-start=\"2077\" data-end=\"2096\">\n<p data-start=\"2080\" data-end=\"2096\">Pepene verde cu ghea\u021b\u0103<\/p>\n<\/li>\n<li data-start=\"2097\" data-end=\"2112\">\n<p data-start=\"2100\" data-end=\"2112\">Ment\u0103 Miami<\/p>\n<\/li>\n<li data-start=\"2113\" data-end=\"2129\">\n<p data-start=\"2116\" data-end=\"2129\">Grape Slush<\/p>\n<\/li>\n<li data-start=\"2130\" data-end=\"2155\">\n<p data-start=\"2133\" data-end=\"2155\">Mango acru Ananas<\/p>\n<\/li>\n<li data-start=\"2156\" data-end=\"2182\">\n<p data-start=\"2159\" data-end=\"2182\">Zmeur\u0103 Piersic\u0103 L\u0103m\u00e2ie<\/p>\n<\/li>\n<li data-start=\"2183\" data-end=\"2197\">\n<p data-start=\"2186\" data-end=\"2197\">Gem de Piersic\u0103<\/p>\n<\/li>\n<li data-start=\"2198\" data-end=\"2227\">\n<p data-start=\"2201\" data-end=\"2227\">Cire\u0219e \u00cenghe\u021bate Pepene Verde<\/p>\n<\/li>\n<li data-start=\"2228\" data-end=\"2245\">\n<p data-start=\"2231\" data-end=\"2245\">M\u0103r Dublu<\/p>\n<\/li>\n<li data-start=\"2246\" data-end=\"2265\">\n<p data-start=\"2249\" data-end=\"2265\">Afine Razz<\/p>\n<\/li>\n<li data-start=\"2266\" data-end=\"2293\">\n<p data-start=\"2270\" data-end=\"2293\">C\u0103p\u0219uni \u0219i Pepene Verde<\/p>\n<\/li>\n<\/ol>\n<p>&nbsp;<\/p>\n<h2>De ce s\u0103 Alegi Vapestornado pentru Achizi\u021bie en gros a AINOVO AIM AIPOD 30000 Pufuri?<\/h2>\n<div class=\"flex-shrink-0 flex flex-col relative items-end\">\n<div class=\"pt-0\">\n<div class=\"gizmo-bot-avatar flex h-8 w-8 items-center justify-center overflow-hidden rounded-full\">\n<div class=\"relative p-1 rounded-sm flex items-center justify-center bg-token-main-surface-primary text-token-text-primary h-8 w-8\">\n<p>At\u00a0<strong>Vape Tornado<\/strong>, ne m\u00e2ndrim cu furnizarea de\u00a0<strong>produse de vapat premium la pre\u021buri imbatabile<\/strong>\u00a0Iat\u0103 de ce ar trebui s\u0103 cumperi de la noi:<\/p>\n<p data-start=\"235\" data-end=\"360\"><strong data-start=\"235\" data-end=\"261\">Cele mai bune oferte en gros<\/strong> \u2013 Bucur\u0103-te <strong data-start=\"270\" data-end=\"297\">pre\u021buri en-gros cu marj\u0103 ridicat\u0103<\/strong> adaptate pentru rev\u00e2nz\u0103tori, distribuitori de vape-uri \u0219i magazine de v\u00e2nzare cu am\u0103nuntul.<\/p>\n<p data-start=\"362\" data-end=\"513\"><strong data-start=\"362\" data-end=\"400\">\u2714 Livrare Rapid\u0103 \u0219i Sigur\u0103 \u00een \u00centreaga Lume<\/strong> \u2013 Ne asigur\u0103m <strong data-start=\"413\" data-end=\"443\">livrare prompt\u0103, cu urm\u0103rire<\/strong> \u00een toat\u0103 Europa \u0219i nu numai, astfel \u00eenc\u00e2t stocul dumneavoastr\u0103 s\u0103 ajung\u0103 \u00een siguran\u021b\u0103 \u0219i la timp.<\/p>\n<p data-start=\"515\" data-end=\"646\"><strong data-start=\"515\" data-end=\"542\">\u2714 Produse Autentice 100%<\/strong> \u2013 Fiecare <strong data-start=\"551\" data-end=\"578\">vape WASPE Triple 60000<\/strong> pe care \u00eel vindem este <strong data-start=\"590\" data-end=\"625\">autentic \u0219i certificat de fabric\u0103<\/strong>, niciodat\u0103 imita\u021bii.<\/p>\n<p data-start=\"648\" data-end=\"799\"><strong data-start=\"648\" data-end=\"676\">\u2714 Echip\u0103 de Asisten\u021b\u0103 Dedicat\u0103<\/strong> \u2013 Ave\u021bi nevoie de ajutor? Speciali\u0219tii no\u0219tri \u00een <strong data-start=\"694\" data-end=\"733\">vape-uri sunt disponibili 24\/7<\/strong>, gata s\u0103 v\u0103 r\u0103spund\u0103 la \u00eentreb\u0103ri \u0219i s\u0103 v\u0103 ajute cu comenzile oric\u00e2nd.<\/p>\n<p>&nbsp;<\/p>\n<p data-start=\"559\" data-end=\"933\" data-is-last-node=\"\" data-is-only-node=\"\">Avem, de asemenea, alte vape-uri populare de unic\u0103 folosin\u021b\u0103 cu ecran, cum ar fi <a href=\"https:\/\/vapestornado.com\/ro\/product\/uzy-150k-puffs-6-in-1-flavor-switch-disposable-vape-pen-wholesale\/\">Vape cu schimbare de arom\u0103 UZY 150K Puff<\/a>, <a href=\"https:\/\/vapestornado.com\/ro\/product\/vozol-rave-40k-40000-puffs-disposable-vape-smart-screen-5-nicotine\/\">VOZOL RAVE 40K Vape de unic\u0103 folosin\u021b\u0103<\/a>, <a href=\"https:\/\/vapestornado.com\/ro\/product\/waspe-150k-150000-puff-6-in-1-disposable-vape-pen-cartridge-best-wholesale-price-in-poland\/\">WASPE 150K Pufuri 6 \u00een 1<\/a>, \u0219i altele.<\/p>\n<\/div>\n<div class=\"relative p-1 rounded-sm flex items-center justify-center bg-token-main-surface-primary text-token-text-primary h-8 w-8\">\n<h2>\u00centreb\u0103ri frecvente despre AINOVO AIM AIPOD 30000 30k Pufuri<\/h2>\n<p data-start=\"2345\" data-end=\"2507\"><strong data-start=\"2345\" data-end=\"2397\">1. C\u00e2t timp dureaz\u0103 AINOVO AIPOD 30K Pufuri?<\/strong><br data-start=\"2397\" data-end=\"2400\" \/>Modul Normal ofer\u0103 p\u00e2n\u0103 la <strong data-start=\"2425\" data-end=\"2440\">30000 pufuri<\/strong>, \u00een timp ce Modul Boost ofer\u0103 <strong data-start=\"2468\" data-end=\"2483\">20000 de pufuri<\/strong> cu o ie\u0219ire mai puternic\u0103.<\/p>\n<p data-start=\"2509\" data-end=\"2669\"><strong data-start=\"2509\" data-end=\"2566\">2. Este AINOVO AIM AIPOD un sistem de rezervor \u00eenlocuibil?<\/strong><br data-start=\"2566\" data-end=\"2569\" \/>Da, folose\u0219te un <strong data-start=\"2584\" data-end=\"2609\">rezervor \u00eenlocuibil de 15 ml<\/strong>, fiind ideal pentru utilizatorii care doresc o durat\u0103 de via\u021b\u0103 extins\u0103 a dispozitivului.<\/p>\n<p data-start=\"2671\" data-end=\"2783\"><strong data-start=\"2671\" data-end=\"2703\">3. Pot ajusta fluxul de aer?<\/strong><br data-start=\"2703\" data-end=\"2706\" \/>Da, are <strong data-start=\"2723\" data-end=\"2745\">reglaj flux de aer<\/strong> pentru preferin\u021be de tragere str\u00e2ns\u0103 sau deschis\u0103.<\/p>\n<p data-start=\"2785\" data-end=\"2924\"><strong data-start=\"2785\" data-end=\"2828\">4. Ce op\u021biuni de nicotin\u0103 sunt disponibile?<\/strong><br data-start=\"2828\" data-end=\"2831\" \/>Suport\u0103 <strong data-start=\"2843\" data-end=\"2864\">0% \/ 2% \/ 3% \/ 5%<\/strong>, f\u0103c\u00e2ndu-l potrivit pentru utilizatorii f\u0103r\u0103 nicotin\u0103 \u0219i cu putere ridicat\u0103.<\/p>\n<p data-start=\"2926\" data-end=\"3121\"><strong data-start=\"2926\" data-end=\"2974\">5. Este potrivit pentru comenzi en gros \u0219i \u00een cantit\u0103\u021bi mari?<\/strong><br data-start=\"2974\" data-end=\"2977\" \/>Absolut \u2014 este conceput pentru distribuitori care au nevoie de un stoc stabil de la un <strong data-start=\"3050\" data-end=\"3084\">Furnizor chinez de vape-uri de unic\u0103 folosin\u021b\u0103<\/strong>, cu cerere puternic\u0103 \u00een \u00eentreaga Europ\u0103.<\/p>\n<\/div>\n<\/div>\n<\/div>\n<\/div>","protected":false},"excerpt":{"rendered":"<article class=\"text-token-text-primary w-full focus:outline-none [--shadow-height:45px] has-data-writing-block:pointer-events-none has-data-writing-block:-mt-(--shadow-height) has-data-writing-block:pt-(--shadow-height) [&amp;:has([data-writing-block])&gt;*]:pointer-events-auto [content-visibility:auto] supports-[content-visibility:auto]:[contain-intrinsic-size:auto_100lvh] scroll-mt-[calc(var(--header-height)+min(200px,max(70px,20svh)))]\" dir=\"auto\" tabindex=\"-1\" data-turn-id=\"86ca9d92-7a10-4e6b-bda0-15f9df36adca\" data-testid=\"conversation-turn-120\" data-scroll-anchor=\"true\" data-turn=\"assistant\">\n<div class=\"text-base my-auto mx-auto pb-10 [--thread-content-margin:--spacing(4)] thread-sm:[--thread-content-margin:--spacing(6)] thread-lg:[--thread-content-margin:--spacing(16)] px-(--thread-content-margin)\">\n<div class=\"[--thread-content-max-width:40rem] thread-lg:[--thread-content-max-width:48rem] mx-auto max-w-(--thread-content-max-width) flex-1 group\/turn-messages focus-visible:outline-hidden relative flex w-full min-w-0 flex-col agent-turn\" tabindex=\"-1\">\n<div class=\"flex max-w-full flex-col grow\">\n<div class=\"min-h-8 text-message relative flex w-full flex-col items-end gap-2 text-start break-words whitespace-normal [.text-message+&amp;]:mt-1\" dir=\"auto\" data-message-author-role=\"assistant\" data-message-id=\"43b070d6-bf28-4fbe-8049-1032a61ea3ac\" data-message-model-slug=\"gpt-5\">\n<div class=\"flex w-full flex-col gap-1 empty:hidden first:pt-[1px]\">\n<div class=\"markdown prose dark:prose-invert w-full break-words light markdown-new-styling\">\n<p data-start=\"3431\" data-end=\"3519\"><strong data-start=\"3431\" data-end=\"3517\">AINOVO AIPOD 30K Vape cu Rezervor \u00cenlocuibil \u2013 30000 Pufuri Smart Disposable pentru V\u00e2nzare cu Ridicata<\/strong><\/p>\n<p data-start=\"3523\" data-end=\"3604\"><strong data-start=\"3523\" data-end=\"3602\">Cump\u0103r\u0103 AINOVO AIM AIPOD 30000 Pufuri \u2013 Kit Vape Dual Mesh 30K pentru Comenzi En Gros \u00een UE<\/strong><\/p>\n<p data-start=\"3608\" data-end=\"3688\" data-is-last-node=\"\"><strong data-start=\"3608\" data-end=\"3688\" data-is-last-node=\"\">AINOVO AIPOD 30000 Pufuri Disposable \u2013 30K Vape cu Rezervor \u00cenlocuibil la V\u00e2nzare Fierbinte<\/strong><\/p>\n<\/div>\n<\/div>\n<\/div>\n<\/div>\n<\/div>\n<\/div>\n<\/article>\n<p><img fetchpriority=\"high\" decoding=\"async\" class=\"size-full wp-image-2932\" src=\"https:\/\/vapestornado.com\/wp-content\/uploads\/2024\/12\/Vape-Wholesale.jpg\" alt=\"\u021aig\u0103ri electronice cu ridicata\" width=\"229\" height=\"300\" \/><\/p>\n<h3><a href=\"https:\/\/wa.me\/8617776015835\"><span style=\"color: #ff0000;\"><strong>WhatsApp: +86 17776015835<\/strong><\/span><\/a><\/h3>\n<p>&nbsp;<\/p>","protected":false},"featured_media":4538,"comment_status":"open","ping_status":"closed","template":"","meta":{"_acf_changed":false,"_uag_custom_page_level_css":"","_lmt_disableupdate":"no","_lmt_disable":"","_monsterinsights_skip_tracking":false,"_monsterinsights_sitenote_active":false,"_monsterinsights_sitenote_note":"","_monsterinsights_sitenote_category":0,"site-sidebar-layout":"default","site-content-layout":"","ast-site-content-layout":"default","site-content-style":"default","site-sidebar-style":"default","ast-global-header-display":"","ast-banner-title-visibility":"","ast-main-header-display":"","ast-hfb-above-header-display":"","ast-hfb-below-header-display":"","ast-hfb-mobile-header-display":"","site-post-title":"","ast-breadcrumbs-content":"","ast-featured-img":"","footer-sml-layout":"","ast-disable-related-posts":"","theme-transparent-header-meta":"default","adv-header-id-meta":"","stick-header-meta":"","header-above-stick-meta":"","header-main-stick-meta":"","header-below-stick-meta":"","astra-migrate-meta-layouts":"set","ast-page-background-enabled":"default","ast-page-background-meta":{"desktop":{"background-color":"","background-image":"","background-repeat":"repeat","background-position":"center center","background-size":"auto","background-attachment":"scroll","background-type":"","background-media":"","overlay-type":"","overlay-color":"","overlay-opacity":"","overlay-gradient":""},"tablet":{"background-color":"","background-image":"","background-repeat":"repeat","background-position":"center center","background-size":"auto","background-attachment":"scroll","background-type":"","background-media":"","overlay-type":"","overlay-color":"","overlay-opacity":"","overlay-gradient":""},"mobile":{"background-color":"","background-image":"","background-repeat":"repeat","background-position":"center center","background-size":"auto","background-attachment":"scroll","background-type":"","background-media":"","overlay-type":"","overlay-color":"","overlay-opacity":"","overlay-gradient":""}},"ast-content-background-meta":{"desktop":{"background-color":"var(--ast-global-color-5)","background-image":"","background-repeat":"repeat","background-position":"center center","background-size":"auto","background-attachment":"scroll","background-type":"","background-media":"","overlay-type":"","overlay-color":"","overlay-opacity":"","overlay-gradient":""},"tablet":{"background-color":"var(--ast-global-color-5)","background-image":"","background-repeat":"repeat","background-position":"center center","background-size":"auto","background-attachment":"scroll","background-type":"","background-media":"","overlay-type":"","overlay-color":"","overlay-opacity":"","overlay-gradient":""},"mobile":{"background-color":"var(--ast-global-color-5)","background-image":"","background-repeat":"repeat","background-position":"center center","background-size":"auto","background-attachment":"scroll","background-type":"","background-media":"","overlay-type":"","overlay-color":"","overlay-opacity":"","overlay-gradient":""}},"_joinchat":{"telephone":"17776015835"}},"product_brand":[],"product_cat":[67,176,152,154,156,158,142,357,144],"product_tag":[432,105,430,94,431,301],"class_list":{"0":"post-4543","1":"product","2":"type-product","3":"status-publish","4":"has-post-thumbnail","6":"product_cat-30000-puff","7":"product_cat-aivono-vape","8":"product_cat-buy-disposable-vapes-in-cermany","9":"product_cat-buy-disposable-vapes-in-netherlands","10":"product_cat-buy-disposable-vapes-in-poland","11":"product_cat-buy-disposable-vapes-in-spain","12":"product_cat-digital-box-disposable-vapes","13":"product_cat-flavor-adjustable-vape","14":"product_cat-low-nicotine-disposable-vapes","15":"product_tag-china-disposable-vape-supplier","16":"product_tag-digital-disposable-vape","17":"product_tag-disposables-vaper","18":"product_tag-rechargeable-disposable-vape","19":"product_tag-replaceable-tank-disposable-vape-kit","20":"product_tag-vapor-wholesale","21":"desktop-align-left","22":"tablet-align-left","23":"mobile-align-left","25":"first","26":"instock","27":"sale","28":"shipping-taxable","29":"purchasable","30":"product-type-simple"},"acf":[],"uagb_featured_image_src":{"full":["https:\/\/vapestornado.com\/wp-content\/uploads\/2025\/11\/Aivono-30k-30000-Puffs-Disposable-Vape.webp",800,800,false],"thumbnail":["https:\/\/vapestornado.com\/wp-content\/uploads\/2025\/11\/Aivono-30k-30000-Puffs-Disposable-Vape-150x150.webp",150,150,true],"medium":["https:\/\/vapestornado.com\/wp-content\/uploads\/2025\/11\/Aivono-30k-30000-Puffs-Disposable-Vape-300x300.webp",300,300,true],"medium_large":["https:\/\/vapestornado.com\/wp-content\/uploads\/2025\/11\/Aivono-30k-30000-Puffs-Disposable-Vape-768x768.webp",768,768,true],"large":["https:\/\/vapestornado.com\/wp-content\/uploads\/2025\/11\/Aivono-30k-30000-Puffs-Disposable-Vape.webp",800,800,false],"1536x1536":["https:\/\/vapestornado.com\/wp-content\/uploads\/2025\/11\/Aivono-30k-30000-Puffs-Disposable-Vape.webp",800,800,false],"2048x2048":["https:\/\/vapestornado.com\/wp-content\/uploads\/2025\/11\/Aivono-30k-30000-Puffs-Disposable-Vape.webp",800,800,false],"trp-custom-language-flag":["https:\/\/vapestornado.com\/wp-content\/uploads\/2025\/11\/Aivono-30k-30000-Puffs-Disposable-Vape-12x12.webp",12,12,true],"woocommerce_thumbnail":["https:\/\/vapestornado.com\/wp-content\/uploads\/2025\/11\/Aivono-30k-30000-Puffs-Disposable-Vape-300x300.webp",300,300,true],"woocommerce_single":["https:\/\/vapestornado.com\/wp-content\/uploads\/2025\/11\/Aivono-30k-30000-Puffs-Disposable-Vape-600x600.webp",600,600,true],"woocommerce_gallery_thumbnail":["https:\/\/vapestornado.com\/wp-content\/uploads\/2025\/11\/Aivono-30k-30000-Puffs-Disposable-Vape-100x100.webp",100,100,true]},"uagb_author_info":{"display_name":"ESAMY","author_link":"https:\/\/vapestornado.com\/ro\/author\/"},"uagb_comment_info":0,"uagb_excerpt":"AINOVO AIPOD 30K Replaceable Tank Vape \u2013 30000 Puff Smart Disposable for Wholesale Buy AINOVO AIM AIPOD 30000 Puff \u2013 Dual Mesh 30K Vape Kit for EU Bulk Orders AINOVO AIPOD 30000 Puff Disposable \u2013 30K Replaceable Tank Vape Hot Sale WhatsApp: +86 17776015835 &nbsp;","_links":{"self":[{"href":"https:\/\/vapestornado.com\/ro\/wp-json\/wp\/v2\/product\/4543","targetHints":{"allow":["GET"]}}],"collection":[{"href":"https:\/\/vapestornado.com\/ro\/wp-json\/wp\/v2\/product"}],"about":[{"href":"https:\/\/vapestornado.com\/ro\/wp-json\/wp\/v2\/types\/product"}],"replies":[{"embeddable":true,"href":"https:\/\/vapestornado.com\/ro\/wp-json\/wp\/v2\/comments?post=4543"}],"wp:featuredmedia":[{"embeddable":true,"href":"https:\/\/vapestornado.com\/ro\/wp-json\/wp\/v2\/media\/4538"}],"wp:attachment":[{"href":"https:\/\/vapestornado.com\/ro\/wp-json\/wp\/v2\/media?parent=4543"}],"wp:term":[{"taxonomy":"product_brand","embeddable":true,"href":"https:\/\/vapestornado.com\/ro\/wp-json\/wp\/v2\/product_brand?post=4543"},{"taxonomy":"product_cat","embeddable":true,"href":"https:\/\/vapestornado.com\/ro\/wp-json\/wp\/v2\/product_cat?post=4543"},{"taxonomy":"product_tag","embeddable":true,"href":"https:\/\/vapestornado.com\/ro\/wp-json\/wp\/v2\/product_tag?post=4543"}],"curies":[{"name":"wp","href":"https:\/\/api.w.org\/{rel}","templated":true}]}}