{"id":4537,"date":"2025-11-13T08:50:19","date_gmt":"2025-11-13T08:50:19","guid":{"rendered":"https:\/\/vapestornado.com\/?post_type=product&#038;p=4537"},"modified":"2025-11-13T09:14:06","modified_gmt":"2025-11-13T09:14:06","slug":"uzy-bang-digital-15k-puff-monkey-vape-pen-eu-warehouse-fast-shipping","status":"publish","type":"product","link":"https:\/\/vapestornado.com\/ro\/product\/uzy-bang-digital-15k-puff-monkey-vape-pen-eu-warehouse-fast-shipping\/","title":{"rendered":"UZY Bang Digital 15K Puff 15000 Monkey Vape Pen EU Warehouse Livrare Rapid\u0103"},"content":{"rendered":"<h2 data-pm-slice=\"1 1 []\">UZY Bang Digital 15K Puff \u2013 Putere compact\u0103, Arome premium, Livrare rapid\u0103 \u00een UE<\/h2>\n<p data-start=\"90\" data-end=\"703\">Sistemul <strong data-start=\"94\" data-end=\"118\">UZY Bang Digital 15K<\/strong> redefine\u0219te ceea ce poate oferi un <strong data-start=\"144\" data-end=\"171\">vape digital de unic\u0103 folosin\u021b\u0103<\/strong> cu o <strong data-start=\"190\" data-end=\"222\">capacitate de 15000 pufuri<\/strong> si <strong data-start=\"227\" data-end=\"254\">lichid electronic preumplut de 25ml<\/strong>, acest model combin\u0103 performan\u021ba de durat\u0103 cu produc\u021bia lin\u0103 \u0219i constant\u0103 de vapori. Conceput pentru vaperi care cer at\u00e2t rezisten\u021b\u0103, c\u00e2t \u0219i gust, <strong data-start=\"406\" data-end=\"423\">UZY 15K Pufuri<\/strong> dispune de un <strong data-start=\"435\" data-end=\"453\">de tip mesh de 1.0\u03a9<\/strong> pentru nori densi \u0219i arom\u0103 pur\u0103 la fiecare tragere. Acesta <strong data-start=\"506\" data-end=\"544\">Baterie re\u00eenc\u0103rcabil\u0103 de 850mAh Type-C<\/strong> asigur\u0103 energie pentru \u00eentreaga zi cu \u00eenc\u0103rcare rapid\u0103 \u0219i eficient\u0103 \u2014 fiind ideal at\u00e2t pentru utilizatorii zilnici, c\u00e2t \u0219i pentru cump\u0103r\u0103torii en gros care caut\u0103 fiabilitate \u00een comenzi mari.<\/p>\n<p data-start=\"705\" data-end=\"1168\">Aceasta <strong data-start=\"710\" data-end=\"735\">vape de unic\u0103 folosin\u021b\u0103 inteligent<\/strong> iese \u00een eviden\u021b\u0103 cu un <strong data-start=\"754\" data-end=\"777\">afi\u0219aj LED digital<\/strong> care monitorizeaz\u0103 \u00een timp real durata de via\u021b\u0103 a bateriei \u0219i nivelul lichidului electronic \u2014 o caracteristic\u0103 rar \u00eent\u00e2lnit\u0103 la vape-urile compacte. <strong data-start=\"883\" data-end=\"930\">op\u021biunile ajustabile de nicotin\u0103 (0%, 2%, 3%, 5%)<\/strong> le fac perfecte pentru toate preferin\u021bele, de la utilizatorii f\u0103r\u0103 nicotin\u0103 p\u00e2n\u0103 la cei care prefer\u0103 o senza\u021bie mai puternic\u0103 \u00een g\u00e2t. Compact, dar puternic, acest <strong data-start=\"1057\" data-end=\"1080\">UZY Digital 15K Puf<\/strong> se potrive\u0219te u\u0219or \u00een buzunarul t\u0103u, oferind performan\u021b\u0103 comparabil\u0103 cu dispozitivele mai mari.<\/p>\n<p data-start=\"1170\" data-end=\"1516\">Cu stoc disponibil \u00een <strong data-start=\"1198\" data-end=\"1214\">depozitul nostru din<\/strong> si <strong data-start=\"1219\" data-end=\"1296\">EU<\/strong>, modelul <strong data-start=\"1302\" data-end=\"1331\">livrare rapid\u0103 c\u0103tre \u021b\u0103ri precum Fran\u021ba, Germania, Spania, Italia \u0219i Polonia<\/strong> UZY Bang Digital 15K Puff<\/p>\n<p data-start=\"666\" data-end=\"1235\"><strong style=\"font-size: 16px;\"><span style=\"color: #ff0000;\">Adaug\u0103-o pe Amy pe WhatsApp pentru a ob\u021bine un r\u0103spuns rapid \u0219i un pre\u021b redus!<\/span><\/strong><\/p>\n<p><img fetchpriority=\"high\" decoding=\"async\" class=\"size-full wp-image-2932\" src=\"https:\/\/vapestornado.com\/wp-content\/uploads\/2024\/12\/Vape-Wholesale.jpg\" alt=\"\u021aig\u0103ri electronice cu ridicata\" width=\"229\" height=\"300\" \/><\/p>\n<h3><a href=\"https:\/\/wa.me\/8617776015835\" target=\"_blank\" rel=\"noopener\"><span style=\"color: #ff0000;\"><strong>WhatsApp: +86 17776015835<\/strong><\/span><\/a><\/h3>\n<p>&nbsp;<\/p>\n<h2><strong>este alegerea ta principal\u0103 pentru v\u00e2nz\u0103ri en gros \u0219i en detail cu marj\u0103 mare. Este un dispozitiv ecologic, re\u00eenc\u0103rcabil, de unic\u0103 folosin\u021b\u0103 \u2014 reduc\u00e2nd de\u0219eurile, oferind \u00een acela\u0219i timp confort neegalat \u0219i arom\u0103 de calitate.<\/strong><\/h2>\n<ul>\n<li data-start=\"1573\" data-end=\"1606\">\n<p data-start=\"1575\" data-end=\"1606\"><strong data-start=\"1575\" data-end=\"1585\">Pufuri:<\/strong> Caracteristici principale ale produsului UZY Bang Digital 15K Puff<\/p>\n<\/li>\n<li data-start=\"1607\" data-end=\"1655\">\n<p data-start=\"1609\" data-end=\"1655\"><strong data-start=\"1609\" data-end=\"1631\">Capacitate e-lichid:<\/strong> P\u00e2n\u0103 la 15.000 de pufuri<\/p>\n<\/li>\n<li data-start=\"1656\" data-end=\"1699\">\n<p data-start=\"1658\" data-end=\"1699\"><strong data-start=\"1658\" data-end=\"1670\">Baterie:<\/strong> 25ml sare nicotina premium<\/p>\n<\/li>\n<li data-start=\"1700\" data-end=\"1744\">\n<p data-start=\"1702\" data-end=\"1744\"><strong data-start=\"1702\" data-end=\"1711\">Rezisten\u021b\u0103:<\/strong> 850mAh re\u00eenc\u0103rcabil Type-C<\/p>\n<\/li>\n<li data-start=\"1745\" data-end=\"1804\">\n<p data-start=\"1747\" data-end=\"1804\"><strong data-start=\"1747\" data-end=\"1759\">Afi\u0219aj:<\/strong> bobin\u0103 din plas\u0103 de 1.0\u03a9 pentru nori boga\u021bi<\/p>\n<\/li>\n<li data-start=\"1805\" data-end=\"1846\">\n<p data-start=\"1807\" data-end=\"1846\"><strong data-start=\"1807\" data-end=\"1829\">Concentra\u021bie de Nicotin\u0103:<\/strong> 0%, 2%, 3%, 5%<\/p>\n<\/li>\n<li data-start=\"1847\" data-end=\"1888\">\n<p data-start=\"1849\" data-end=\"1888\"><strong data-start=\"1849\" data-end=\"1867\">Ecran digital LED (nivelul bateriei \u0219i al lichidului)<\/strong> \u00cenc\u0103rcarea rapid\u0103 Type-C<\/p>\n<\/li>\n<li data-start=\"1889\" data-end=\"1945\">\n<p data-start=\"1891\" data-end=\"1945\"><strong data-start=\"1891\" data-end=\"1905\">Port de \u00eenc\u0103rcare:<\/strong> Depozit:<\/p>\n<\/li>\n<\/ul>\n<figure id=\"attachment_4531\" aria-describedby=\"caption-attachment-4531\" style=\"width: 300px\" class=\"wp-caption alignnone\"><img decoding=\"async\" class=\"size-medium wp-image-4531\" src=\"https:\/\/vapestornado.com\/wp-content\/uploads\/2025\/11\/Original-Uzy-Bang-Digital-15000-Puff-15k-Disposable-E-Cigs-300x300.webp\" alt=\"Stoc \u00een UE, livrare rapid\u0103 \u00een \u00eentreaga Europ\u0103\" width=\"300\" height=\"300\" srcset=\"https:\/\/vapestornado.com\/wp-content\/uploads\/2025\/11\/Original-Uzy-Bang-Digital-15000-Puff-15k-Disposable-E-Cigs-300x300.webp 300w, https:\/\/vapestornado.com\/wp-content\/uploads\/2025\/11\/Original-Uzy-Bang-Digital-15000-Puff-15k-Disposable-E-Cigs-150x150.webp 150w, https:\/\/vapestornado.com\/wp-content\/uploads\/2025\/11\/Original-Uzy-Bang-Digital-15000-Puff-15k-Disposable-E-Cigs-768x768.webp 768w, https:\/\/vapestornado.com\/wp-content\/uploads\/2025\/11\/Original-Uzy-Bang-Digital-15000-Puff-15k-Disposable-E-Cigs-12x12.webp 12w, https:\/\/vapestornado.com\/wp-content\/uploads\/2025\/11\/Original-Uzy-Bang-Digital-15000-Puff-15k-Disposable-E-Cigs-600x600.webp 600w, https:\/\/vapestornado.com\/wp-content\/uploads\/2025\/11\/Original-Uzy-Bang-Digital-15000-Puff-15k-Disposable-E-Cigs-100x100.webp 100w, https:\/\/vapestornado.com\/wp-content\/uploads\/2025\/11\/Original-Uzy-Bang-Digital-15000-Puff-15k-Disposable-E-Cigs.webp 800w\" sizes=\"(max-width: 300px) 100vw, 300px\" \/><figcaption id=\"caption-attachment-4531\" class=\"wp-caption-text\">Stoc \u00een UE, livrare rapid\u0103 \u00een \u00eentreaga Europ\u0103<\/figcaption><\/figure>\n<h2 class=\"product-title\"><strong>Urzic\u0103 original\u0103 Uzy Bang Digital 15000 Puff 15k Dispozitive de unic\u0103 folosin\u021b\u0103<\/strong><\/h2>\n<p>Lista de arome pentru dispozitivele UZY Bang Digital 15K<br \/>\n1. C\u0103p\u0219uni cu pepene galben<br \/>\n3.Piersic\u0103 Mango Ananas<br \/>\n4.Ghea\u021b\u0103 de struguri<br \/>\n5.Ghea\u021b\u0103 de pepene verde<br \/>\n6.Piersic\u0103 cu ghea\u021b\u0103<br \/>\n7.C\u0103p\u0219uni kiwi<br \/>\n8. Zmeur\u0103 \u0219i Afine<br \/>\n9.Kiwi Fruct de Pasiune<br \/>\n10.M R Albastru<br \/>\n11.Triple Mango cu ghea\u021b\u0103<br \/>\n12.Ghea\u021b\u0103 Red Energy<\/p>\n<h3 data-start=\"2251\" data-end=\"2296\"><strong data-start=\"2255\" data-end=\"2296\">De ce s\u0103 alegi UZY Bang Digital 15K Puff?<\/strong><\/h3>\n<ul data-start=\"2297\" data-end=\"2680\">\n<li data-start=\"2297\" data-end=\"2373\">\n<p data-start=\"2299\" data-end=\"2373\"><strong data-start=\"2299\" data-end=\"2328\">Performan\u021b\u0103 de durat\u0103:<\/strong> 15.000 de pufuri pentru sesiuni extinse de vaping.<\/p>\n<\/li>\n<li data-start=\"2374\" data-end=\"2447\">\n<p data-start=\"2376\" data-end=\"2447\"><strong data-start=\"2376\" data-end=\"2407\">Op\u021biuni versatile de nicotin\u0103:<\/strong> Alege \u00eentre 0\u20135% pentru control total.<\/p>\n<\/li>\n<li data-start=\"2448\" data-end=\"2528\">\n<p data-start=\"2450\" data-end=\"2528\"><strong data-start=\"2450\" data-end=\"2480\">Confortul afi\u0219ajului inteligent:<\/strong> R\u0103m\u00e2i informat despre nivelul bateriei \u0219i al lichidului.<\/p>\n<\/li>\n<li data-start=\"2529\" data-end=\"2601\">\n<p data-start=\"2531\" data-end=\"2601\"><strong data-start=\"2531\" data-end=\"2550\">Stoc bazat \u00een Rom\u00e2nia:<\/strong> Livrare rapid\u0103 \u0219i fiabil\u0103 pentru comercian\u021bii din Rom\u00e2nia.<\/p>\n<\/li>\n<li data-start=\"2602\" data-end=\"2680\">\n<p data-start=\"2604\" data-end=\"2680\"><strong data-start=\"2604\" data-end=\"2629\">Design ecologic:<\/strong> Sistemul re\u00eenc\u0103rcabil reduce de\u0219eurile de mediu.<\/p>\n<\/li>\n<\/ul>\n<h3 data-start=\"2687\" data-end=\"2754\"><strong data-start=\"2691\" data-end=\"2754\">Comparatie: UZY Bang Digital 15K vs Dispozitivele de unic\u0103 folosin\u021b\u0103 tradi\u021bionale<\/strong><\/h3>\n<p data-start=\"2755\" data-end=\"3026\">Spre deosebire de batoanele standard 5K\u20138K, <strong data-start=\"2792\" data-end=\"2815\">UZYDigital 15K Puf<\/strong> ofer\u0103 de trei ori durata de via\u021b\u0103 \u0219i un control mai inteligent al vaping-ului. Ecranul LED \u0219i \u00eenc\u0103rcarea Type-C \u00eel fac mult mai practic pentru utilizarea pe termen lung, \u00een timp ce bobina din plas\u0103 asigur\u0103 ca fiecare inhalare s\u0103 aib\u0103 un gust proasp\u0103t p\u00e2n\u0103 la sf\u00e2r\u0219it.<\/p>\n<p>&nbsp;<\/p>\n<h2>De ce s\u0103 alegi Vapestornado pentru achizi\u021bia en gros a UZY Bang Digital 15K Puffs?<\/h2>\n<div class=\"flex-shrink-0 flex flex-col relative items-end\">\n<div class=\"pt-0\">\n<div class=\"gizmo-bot-avatar flex h-8 w-8 items-center justify-center overflow-hidden rounded-full\">\n<div class=\"relative p-1 rounded-sm flex items-center justify-center bg-token-main-surface-primary text-token-text-primary h-8 w-8\">\n<p>At\u00a0<strong>Vape Tornado<\/strong>, ne m\u00e2ndrim cu furnizarea de\u00a0<strong>produse de vapat premium la pre\u021buri imbatabile<\/strong>\u00a0Iat\u0103 de ce ar trebui s\u0103 cumperi de la noi:<\/p>\n<p data-start=\"235\" data-end=\"360\"><strong data-start=\"235\" data-end=\"261\">Cele mai bune oferte en gros<\/strong> \u2013 Bucur\u0103-te <strong data-start=\"270\" data-end=\"297\">pre\u021buri en-gros cu marj\u0103 ridicat\u0103<\/strong> adaptate pentru rev\u00e2nz\u0103tori, distribuitori de vape-uri \u0219i magazine de v\u00e2nzare cu am\u0103nuntul.<\/p>\n<p data-start=\"362\" data-end=\"513\"><strong data-start=\"362\" data-end=\"400\">\u2714 Livrare Rapid\u0103 \u0219i Sigur\u0103 \u00een \u00centreaga Lume<\/strong> \u2013 Ne asigur\u0103m <strong data-start=\"413\" data-end=\"443\">livrare prompt\u0103, cu urm\u0103rire<\/strong> \u00een toat\u0103 Europa \u0219i nu numai, astfel \u00eenc\u00e2t stocul dumneavoastr\u0103 s\u0103 ajung\u0103 \u00een siguran\u021b\u0103 \u0219i la timp.<\/p>\n<p data-start=\"515\" data-end=\"646\"><strong data-start=\"515\" data-end=\"542\">\u2714 Produse Autentice 100%<\/strong> \u2013 Fiecare <strong data-start=\"551\" data-end=\"578\">vape WASPE Triple 60000<\/strong> pe care \u00eel vindem este <strong data-start=\"590\" data-end=\"625\">autentic \u0219i certificat de fabric\u0103<\/strong>, niciodat\u0103 imita\u021bii.<\/p>\n<p data-start=\"648\" data-end=\"799\"><strong data-start=\"648\" data-end=\"676\">\u2714 Echip\u0103 de Asisten\u021b\u0103 Dedicat\u0103<\/strong> \u2013 Ave\u021bi nevoie de ajutor? Speciali\u0219tii no\u0219tri \u00een <strong data-start=\"694\" data-end=\"733\">vape-uri sunt disponibili 24\/7<\/strong>, gata s\u0103 v\u0103 r\u0103spund\u0103 la \u00eentreb\u0103ri \u0219i s\u0103 v\u0103 ajute cu comenzile oric\u00e2nd.<\/p>\n<p>&nbsp;<\/p>\n<p data-start=\"559\" data-end=\"933\" data-is-last-node=\"\" data-is-only-node=\"\">Avem, de asemenea, alte vape-uri populare de unic\u0103 folosin\u021b\u0103 cu ecran, cum ar fi <a href=\"https:\/\/vapestornado.com\/ro\/product\/uzy-150k-puffs-6-in-1-flavor-switch-disposable-vape-pen-wholesale\/\">Vape cu schimbare de arom\u0103 UZY 150K Puff<\/a>, <a href=\"https:\/\/vapestornado.com\/ro\/product\/vozol-rave-40k-40000-puffs-disposable-vape-smart-screen-5-nicotine\/\">VOZOL RAVE 40K Vape de unic\u0103 folosin\u021b\u0103<\/a>, <a href=\"https:\/\/vapestornado.com\/ro\/product\/waspe-150k-150000-puff-6-in-1-disposable-vape-pen-cartridge-best-wholesale-price-in-poland\/\">WASPE 150K Pufuri 6 \u00een 1<\/a>, \u0219i altele.<\/p>\n<\/div>\n<div class=\"relative p-1 rounded-sm flex items-center justify-center bg-token-main-surface-primary text-token-text-primary h-8 w-8\">\n<h2>\u00centreb\u0103ri frecvente despre UZY Bang Digital 15K Puffs<\/h2>\n<p data-start=\"3074\" data-end=\"3210\"><strong data-start=\"3074\" data-end=\"3125\">1. C\u00e2t timp dureaz\u0103 UZY Bang Digital 15K?<\/strong><br data-start=\"3125\" data-end=\"3128\" \/>Ofer\u0103 p\u00e2n\u0103 la 15.000 de inhal\u0103ri, \u00een func\u021bie de frecven\u021ba de vaping \u0219i durata inhal\u0103rii.<\/p>\n<p data-start=\"3212\" data-end=\"3329\"><strong data-start=\"3212\" data-end=\"3255\">2. Este UZY Digital 15K re\u00eenc\u0103rcabil?<\/strong><br data-start=\"3255\" data-end=\"3258\" \/>Da, are o baterie \u00eencorporat\u0103 de 850mAh cu \u00eenc\u0103rcare rapid\u0103 Type-C.<\/p>\n<p data-start=\"3331\" data-end=\"3452\"><strong data-start=\"3331\" data-end=\"3369\">3. C\u00e2te arome sunt disponibile?<\/strong><br data-start=\"3369\" data-end=\"3372\" \/>Exist\u0103 12 arome unice, de la amestecuri fructate p\u00e2n\u0103 la variante r\u0103coritoare cu ghea\u021b\u0103.<\/p>\n<p data-start=\"3454\" data-end=\"3579\"><strong data-start=\"3454\" data-end=\"3499\">4. Arat\u0103 nivelul bateriei \u0219i al lichidului?<\/strong><br data-start=\"3499\" data-end=\"3502\" \/>Da, ecranul digital LED afi\u0219eaz\u0103 \u00een timp real starea bateriei \u0219i a lichidului e-liquid.<\/p>\n<p data-start=\"3581\" data-end=\"3743\"><strong data-start=\"3581\" data-end=\"3615\">5. Unde pot cump\u0103ra en gros?<\/strong><br data-start=\"3615\" data-end=\"3618\" \/>Comenzile en gros sunt expediate direct de la noi <strong data-start=\"3658\" data-end=\"3674\">depozitul nostru din<\/strong>, asigur\u00e2nd <strong data-start=\"3685\" data-end=\"3726\">livrare rapid\u0103 \u0219i pre\u021buri competitive<\/strong> \u00een toat\u0103 Europa.<\/p>\n<\/div>\n<\/div>\n<\/div>\n<\/div>","protected":false},"excerpt":{"rendered":"<article class=\"text-token-text-primary w-full focus:outline-none [--shadow-height:45px] has-data-writing-block:pointer-events-none has-data-writing-block:-mt-(--shadow-height) has-data-writing-block:pt-(--shadow-height) [&amp;:has([data-writing-block])&gt;*]:pointer-events-auto [content-visibility:auto] supports-[content-visibility:auto]:[contain-intrinsic-size:auto_100lvh] scroll-mt-[calc(var(--header-height)+min(200px,max(70px,20svh)))]\" dir=\"auto\" tabindex=\"-1\" data-turn-id=\"86ca9d92-7a10-4e6b-bda0-15f9df36adca\" data-testid=\"conversation-turn-120\" data-scroll-anchor=\"true\" data-turn=\"assistant\">\n<div class=\"text-base my-auto mx-auto pb-10 [--thread-content-margin:--spacing(4)] thread-sm:[--thread-content-margin:--spacing(6)] thread-lg:[--thread-content-margin:--spacing(16)] px-(--thread-content-margin)\">\n<div class=\"[--thread-content-max-width:40rem] thread-lg:[--thread-content-max-width:48rem] mx-auto max-w-(--thread-content-max-width) flex-1 group\/turn-messages focus-visible:outline-hidden relative flex w-full min-w-0 flex-col agent-turn\" tabindex=\"-1\">\n<div class=\"flex max-w-full flex-col grow\">\n<div class=\"min-h-8 text-message relative flex w-full flex-col items-end gap-2 text-start break-words whitespace-normal [.text-message+&amp;]:mt-1\" dir=\"auto\" data-message-author-role=\"assistant\" data-message-id=\"43b070d6-bf28-4fbe-8049-1032a61ea3ac\" data-message-model-slug=\"gpt-5\">\n<div class=\"flex w-full flex-col gap-1 empty:hidden first:pt-[1px]\">\n<div class=\"markdown prose dark:prose-invert w-full break-words light markdown-new-styling\">\n<p data-start=\"4043\" data-end=\"4133\"><strong data-start=\"4043\" data-end=\"4131\">UZY Bang Digital 15K Puff \u2013 Vape de unic\u0103 folosin\u021b\u0103 inteligent cu ecran LED &amp; Livrare Rapid\u0103 EU<\/strong><\/p>\n<p data-start=\"4137\" data-end=\"4227\"><strong data-start=\"4137\" data-end=\"4225\">Cump\u0103r\u0103 UZY Digital 15K Vape Pen \u2013 15000 Pufuri Re\u00eenc\u0103rcabil de unic\u0103 folosin\u021b\u0103 la Pre\u021b en gros<\/strong><\/p>\n<p data-start=\"4231\" data-end=\"4308\" data-is-last-node=\"\"><strong data-start=\"4231\" data-end=\"4308\" data-is-last-node=\"\">Stoc \u00een depozitul UE: UZY 15K Puffs Vape cu afi\u0219aj inteligent &amp; Livrare rapid\u0103<\/strong><\/p>\n<\/div>\n<\/div>\n<\/div>\n<\/div>\n<\/div>\n<\/div>\n<\/article>\n<p><img fetchpriority=\"high\" decoding=\"async\" class=\"size-full wp-image-2932\" src=\"https:\/\/vapestornado.com\/wp-content\/uploads\/2024\/12\/Vape-Wholesale.jpg\" alt=\"\u021aig\u0103ri electronice cu ridicata\" width=\"229\" height=\"300\" \/><\/p>\n<h3><a href=\"https:\/\/wa.me\/8617776015835\"><span style=\"color: #ff0000;\"><strong>WhatsApp: +86 17776015835<\/strong><\/span><\/a><\/h3>\n<p>&nbsp;<\/p>","protected":false},"featured_media":4532,"comment_status":"open","ping_status":"closed","template":"","meta":{"_acf_changed":false,"_uag_custom_page_level_css":"","_lmt_disableupdate":"no","_lmt_disable":"","_monsterinsights_skip_tracking":false,"_monsterinsights_sitenote_active":false,"_monsterinsights_sitenote_note":"","_monsterinsights_sitenote_category":0,"site-sidebar-layout":"default","site-content-layout":"","ast-site-content-layout":"default","site-content-style":"default","site-sidebar-style":"default","ast-global-header-display":"","ast-banner-title-visibility":"","ast-main-header-display":"","ast-hfb-above-header-display":"","ast-hfb-below-header-display":"","ast-hfb-mobile-header-display":"","site-post-title":"","ast-breadcrumbs-content":"","ast-featured-img":"","footer-sml-layout":"","ast-disable-related-posts":"","theme-transparent-header-meta":"default","adv-header-id-meta":"","stick-header-meta":"","header-above-stick-meta":"","header-main-stick-meta":"","header-below-stick-meta":"","astra-migrate-meta-layouts":"set","ast-page-background-enabled":"default","ast-page-background-meta":{"desktop":{"background-color":"","background-image":"","background-repeat":"repeat","background-position":"center center","background-size":"auto","background-attachment":"scroll","background-type":"","background-media":"","overlay-type":"","overlay-color":"","overlay-opacity":"","overlay-gradient":""},"tablet":{"background-color":"","background-image":"","background-repeat":"repeat","background-position":"center center","background-size":"auto","background-attachment":"scroll","background-type":"","background-media":"","overlay-type":"","overlay-color":"","overlay-opacity":"","overlay-gradient":""},"mobile":{"background-color":"","background-image":"","background-repeat":"repeat","background-position":"center center","background-size":"auto","background-attachment":"scroll","background-type":"","background-media":"","overlay-type":"","overlay-color":"","overlay-opacity":"","overlay-gradient":""}},"ast-content-background-meta":{"desktop":{"background-color":"var(--ast-global-color-5)","background-image":"","background-repeat":"repeat","background-position":"center center","background-size":"auto","background-attachment":"scroll","background-type":"","background-media":"","overlay-type":"","overlay-color":"","overlay-opacity":"","overlay-gradient":""},"tablet":{"background-color":"var(--ast-global-color-5)","background-image":"","background-repeat":"repeat","background-position":"center center","background-size":"auto","background-attachment":"scroll","background-type":"","background-media":"","overlay-type":"","overlay-color":"","overlay-opacity":"","overlay-gradient":""},"mobile":{"background-color":"var(--ast-global-color-5)","background-image":"","background-repeat":"repeat","background-position":"center center","background-size":"auto","background-attachment":"scroll","background-type":"","background-media":"","overlay-type":"","overlay-color":"","overlay-opacity":"","overlay-gradient":""}},"_joinchat":{"telephone":"17776015835"}},"product_brand":[],"product_cat":[71,152,154,156,158,142,357,144,356],"product_tag":[105,406,427,94,428,429,301],"class_list":{"0":"post-4537","1":"product","2":"type-product","3":"status-publish","4":"has-post-thumbnail","6":"product_cat-15000-puff","7":"product_cat-buy-disposable-vapes-in-cermany","8":"product_cat-buy-disposable-vapes-in-netherlands","9":"product_cat-buy-disposable-vapes-in-poland","10":"product_cat-buy-disposable-vapes-in-spain","11":"product_cat-digital-box-disposable-vapes","12":"product_cat-flavor-adjustable-vape","13":"product_cat-low-nicotine-disposable-vapes","14":"product_cat-uzy-vape","15":"product_tag-digital-disposable-vape","16":"product_tag-disposable-vape-fast-shipping","17":"product_tag-multi-flaovr-vape","18":"product_tag-rechargeable-disposable-vape","19":"product_tag-uzy-bang-digital-15k","20":"product_tag-vape-eu-warehouse","21":"product_tag-vapor-wholesale","22":"desktop-align-left","23":"tablet-align-left","24":"mobile-align-left","26":"first","27":"instock","28":"sale","29":"shipping-taxable","30":"purchasable","31":"product-type-simple"},"acf":[],"uagb_featured_image_src":{"full":["https:\/\/vapestornado.com\/wp-content\/uploads\/2025\/11\/UZY-Bang-Digital-15K-Puff-Monkey-Vape-Pen.webp",800,800,false],"thumbnail":["https:\/\/vapestornado.com\/wp-content\/uploads\/2025\/11\/UZY-Bang-Digital-15K-Puff-Monkey-Vape-Pen-150x150.webp",150,150,true],"medium":["https:\/\/vapestornado.com\/wp-content\/uploads\/2025\/11\/UZY-Bang-Digital-15K-Puff-Monkey-Vape-Pen-300x300.webp",300,300,true],"medium_large":["https:\/\/vapestornado.com\/wp-content\/uploads\/2025\/11\/UZY-Bang-Digital-15K-Puff-Monkey-Vape-Pen-768x768.webp",768,768,true],"large":["https:\/\/vapestornado.com\/wp-content\/uploads\/2025\/11\/UZY-Bang-Digital-15K-Puff-Monkey-Vape-Pen.webp",800,800,false],"1536x1536":["https:\/\/vapestornado.com\/wp-content\/uploads\/2025\/11\/UZY-Bang-Digital-15K-Puff-Monkey-Vape-Pen.webp",800,800,false],"2048x2048":["https:\/\/vapestornado.com\/wp-content\/uploads\/2025\/11\/UZY-Bang-Digital-15K-Puff-Monkey-Vape-Pen.webp",800,800,false],"trp-custom-language-flag":["https:\/\/vapestornado.com\/wp-content\/uploads\/2025\/11\/UZY-Bang-Digital-15K-Puff-Monkey-Vape-Pen-12x12.webp",12,12,true],"woocommerce_thumbnail":["https:\/\/vapestornado.com\/wp-content\/uploads\/2025\/11\/UZY-Bang-Digital-15K-Puff-Monkey-Vape-Pen-300x300.webp",300,300,true],"woocommerce_single":["https:\/\/vapestornado.com\/wp-content\/uploads\/2025\/11\/UZY-Bang-Digital-15K-Puff-Monkey-Vape-Pen-600x600.webp",600,600,true],"woocommerce_gallery_thumbnail":["https:\/\/vapestornado.com\/wp-content\/uploads\/2025\/11\/UZY-Bang-Digital-15K-Puff-Monkey-Vape-Pen-100x100.webp",100,100,true]},"uagb_author_info":{"display_name":"ESAMY","author_link":"https:\/\/vapestornado.com\/ro\/author\/"},"uagb_comment_info":1,"uagb_excerpt":"UZY Bang Digital 15K Puff \u2013 Smart Disposable Vape with LED Screen &amp; EU Fast Shipping Buy UZY Digital 15K Vape Pen \u2013 15000 Puffs Rechargeable Disposable at Wholesale Price EU Warehouse Stock: UZY 15K Puffs Vape with Smart Display &amp; Fast Delivery WhatsApp: +86 17776015835 &nbsp;","_links":{"self":[{"href":"https:\/\/vapestornado.com\/ro\/wp-json\/wp\/v2\/product\/4537","targetHints":{"allow":["GET"]}}],"collection":[{"href":"https:\/\/vapestornado.com\/ro\/wp-json\/wp\/v2\/product"}],"about":[{"href":"https:\/\/vapestornado.com\/ro\/wp-json\/wp\/v2\/types\/product"}],"replies":[{"embeddable":true,"href":"https:\/\/vapestornado.com\/ro\/wp-json\/wp\/v2\/comments?post=4537"}],"wp:featuredmedia":[{"embeddable":true,"href":"https:\/\/vapestornado.com\/ro\/wp-json\/wp\/v2\/media\/4532"}],"wp:attachment":[{"href":"https:\/\/vapestornado.com\/ro\/wp-json\/wp\/v2\/media?parent=4537"}],"wp:term":[{"taxonomy":"product_brand","embeddable":true,"href":"https:\/\/vapestornado.com\/ro\/wp-json\/wp\/v2\/product_brand?post=4537"},{"taxonomy":"product_cat","embeddable":true,"href":"https:\/\/vapestornado.com\/ro\/wp-json\/wp\/v2\/product_cat?post=4537"},{"taxonomy":"product_tag","embeddable":true,"href":"https:\/\/vapestornado.com\/ro\/wp-json\/wp\/v2\/product_tag?post=4537"}],"curies":[{"name":"wp","href":"https:\/\/api.w.org\/{rel}","templated":true}]}}