{"id":4483,"date":"2025-10-30T06:42:12","date_gmt":"2025-10-30T06:42:12","guid":{"rendered":"https:\/\/vapestornado.com\/?post_type=product&#038;p=4483"},"modified":"2025-12-12T08:55:22","modified_gmt":"2025-12-12T08:55:22","slug":"jnr-falcon-pro-28k-28000-disposable-vape-puff-bar-rechargeable","status":"publish","type":"product","link":"https:\/\/vapestornado.com\/ro\/product\/jnr-falcon-pro-28k-28000-disposable-vape-puff-bar-rechargeable\/","title":{"rendered":"JNR Falcon Pro 28k 28000 \u021big\u0103ri electronice de unic\u0103 folosin\u021b\u0103 Puff Bar Re\u00eenc\u0103rcabil"},"content":{"rendered":"<h2 data-pm-slice=\"1 1 []\">JNR Falcon Pro 28K Puff Bar re\u00eenc\u0103rcabil \u2013 Vape de unic\u0103 folosin\u021b\u0103 cu 28000 de pufuri en gros<\/h2>\n<p data-start=\"73\" data-end=\"688\">Sistemul <strong data-start=\"97\" data-end=\"119\">JNR Falcon Pro 28K<\/strong> este un dispozitiv re\u00eenc\u0103rcabil de unic\u0103 folosin\u021b\u0103 conceput pentru vaperi care a\u0219teapt\u0103 mai mult dec\u00e2t comoditate pe termen scurt. Cu <strong data-start=\"216\" data-end=\"238\">p\u00e2n\u0103 la 28.000 de pufuri<\/strong>, un <strong data-start=\"242\" data-end=\"268\">Capacitate 30ml e-lichid<\/strong>, \u0219i un <strong data-start=\"276\" data-end=\"294\">rezisten\u021ba dubl\u0103 tip mesh<\/strong>, este proiectat pentru a oferi arome \u0219i vapori stabili pe o utilizare extins\u0103. Adaug\u0103 un <strong data-start=\"372\" data-end=\"410\">baterie re\u00eenc\u0103rcabil\u0103 Type-C de 950mAh<\/strong> \u0219i un <strong data-start=\"418\" data-end=\"446\">ecran inteligent<\/strong>, \u0219i ob\u021bii un dispozitiv care se comport\u0103 mai aproape de moduri compacte <strong data-start=\"500\" data-end=\"520\">moduri de \u021big\u0103ri electronice<\/strong> dec\u00e2t de un simplu de unic\u0103 folosin\u021b\u0103 \u2014 f\u0103r\u0103 configurare sau \u00eentre\u021binere.<\/p>\n<h3 data-start=\"791\" data-end=\"864\">De ce ofer\u0103 JNR Falcon Pro 28k o valoare mai bun\u0103 dec\u00e2t vaporizatoarele de unic\u0103 folosin\u021b\u0103 tipice?<\/h3>\n<ul data-start=\"866\" data-end=\"2179\">\n<li data-start=\"866\" data-end=\"1161\">\n<p data-start=\"868\" data-end=\"1161\"><strong data-start=\"868\" data-end=\"906\">Rezisten\u021b\u0103 care se potrive\u0219te rutinei reale.<\/strong> Sistemul <strong data-start=\"911\" data-end=\"949\">Vaporizatorul de unic\u0103 folosin\u021b\u0103 JNR Falcon Pro 28K<\/strong> combin\u0103 o <strong data-start=\"963\" data-end=\"982\">evaluare de pufuri de 28K<\/strong> cu un <strong data-start=\"990\" data-end=\"1003\">rezervor de 30ml<\/strong>, fiind potrivit pentru utilizatori obi\u0219nui\u021bi \u00een <strong data-start=\"1045\" data-end=\"1090\">Rom\u00e2nia, \u0219i \u00een alte \u021b\u0103ri<\/strong> care doresc mai pu\u021bine \u00eenlocuiri \u0219i utilizare zilnic\u0103 previzibil\u0103 dintr-un singur dispozitiv.<\/p>\n<\/li>\n<li data-start=\"1163\" data-end=\"1428\">\n<p data-start=\"1165\" data-end=\"1428\"><strong data-start=\"1165\" data-end=\"1202\">Rezisten\u021b\u0103 dubl\u0103 din plas\u0103 pentru un randament stabil.<\/strong> \u00cen interiorul <strong data-start=\"1214\" data-end=\"1243\">Vaperul re\u00eenc\u0103rcabil JNR 28K<\/strong> are un design, <strong data-start=\"1256\" data-end=\"1274\">rezisten\u021ba dubl\u0103 tip mesh<\/strong> care distribuie c\u0103ldura uniform pe \u00eentreaga \u021beav\u0103. Acest lucru ajut\u0103 vapori s\u0103 r\u0103m\u00e2n\u0103 netezi \u0219i aroma s\u0103 r\u0103m\u00e2n\u0103 plin\u0103 mai ad\u00e2nc \u00een rezervor, \u00een loc s\u0103 se sub\u021bieze dup\u0103 utilizare intens\u0103.<\/p>\n<\/li>\n<li data-start=\"1430\" data-end=\"1649\">\n<p data-start=\"1432\" data-end=\"1649\"><strong data-start=\"1432\" data-end=\"1480\">Putere re\u00eenc\u0103rcabil\u0103 care protejeaz\u0103 lichidul.<\/strong> A <strong data-start=\"1483\" data-end=\"1521\">baterie re\u00eenc\u0103rcabil\u0103 Type-C de 950mAh<\/strong> \u00eenseamn\u0103 c\u0103 po\u021bi reumple bateria atunci c\u00e2nd este nevoie \u0219i s\u0103 continui s\u0103 vapezi p\u00e2n\u0103 se termin\u0103 lichidul \u2014 f\u0103r\u0103 eliminare prematur\u0103, f\u0103r\u0103 risip\u0103 de e-lichid.<\/p>\n<\/li>\n<li data-start=\"1651\" data-end=\"1884\">\n<p data-start=\"1653\" data-end=\"1884\"><strong data-start=\"1653\" data-end=\"1689\">Ecranul inteligent te men\u021bine informat.<\/strong> Sistemul <strong data-start=\"1694\" data-end=\"1747\">afi\u0219aj LED inteligent pe JNR Falcon Pro 28K<\/strong> arat\u0103 nivelul bateriei \u0219i al lichidului \u00een timp real, astfel \u00eenc\u00e2t s\u0103 \u0219tii dac\u0103 dispozitivul poate acoperi o zi lung\u0103 de munc\u0103 sau o ie\u0219ire noaptea f\u0103r\u0103 a ghici.<\/p>\n<\/li>\n<li data-start=\"1886\" data-end=\"2179\">\n<p data-start=\"1888\" data-end=\"2179\"><strong data-start=\"1888\" data-end=\"1939\">Valoare puternic\u0103 pentru canalele de retail \u0219i en gros.<\/strong> Cu caracteristici de obicei \u00eent\u00e2lnite pe dispozitive mai complexe, <strong data-start=\"1996\" data-end=\"2018\">JNR Falcon Pro 28000<\/strong>\u00a0se comport\u0103 bine \u00een orice <strong data-start=\"2040\" data-end=\"2053\">magazin de vape<\/strong> \u0219i se potrive\u0219te cump\u0103r\u0103torilor care compar\u0103 dispozitivele premium de unic\u0103 folosin\u021b\u0103 cu <strong data-start=\"2108\" data-end=\"2138\">\u021big\u0103ri ieftine en gros<\/strong> alternative pentru o valoare mai bun\u0103 pe termen lung.<\/p>\n<\/li>\n<\/ul>\n<p><strong><span style=\"color: #ff0000;\">Adaug\u0103 whatsapp-ul lui Amy pentru a primi r\u0103spuns imediat \u0219i un cupon de vape!<\/span><\/strong><\/p>\n<p><img fetchpriority=\"high\" decoding=\"async\" class=\"size-full wp-image-2932\" src=\"https:\/\/vapestornado.com\/wp-content\/uploads\/2024\/12\/Vape-Wholesale.jpg\" alt=\"\u021aig\u0103ri electronice cu ridicata\" width=\"229\" height=\"300\" \/><\/p>\n<h3><a href=\"https:\/\/wa.me\/8617776015835\" target=\"_blank\" rel=\"noopener\"><span style=\"color: #ff0000;\"><strong>WhatsApp: +86 17776015835<\/strong><\/span><\/a><\/h3>\n<p>&nbsp;<\/p>\n<h2><strong>Caracteristici ale produsului JNR Falcon Pro 28k<\/strong><\/h2>\n<table>\n<thead>\n<tr>\n<th>Caracteristic\u0103<\/th>\n<th>specifica\u021bii<\/th>\n<th>detalii<\/th>\n<\/tr>\n<\/thead>\n<tbody>\n<tr>\n<td>Numele produsului<\/td>\n<td>JNR Falcon Pro 28K<\/td>\n<td>Vape de unic\u0103 folosin\u021b\u0103 re\u00eenc\u0103rcabil\u0103 cu capacitate mare<\/td>\n<\/tr>\n<tr>\n<td>Capacitate Pufuri<\/td>\n<td>P\u00e2n\u0103 la 28.000 de pufuri<\/td>\n<td>Proiectat pentru utilizare extins\u0103, de mai multe s\u0103pt\u0103m\u00e2ni<\/td>\n<\/tr>\n<tr>\n<td>Volumul lichidului<\/td>\n<td>Preumplut de 30ml<\/td>\n<td>Rezervor mare pentru sesiuni lungi<\/td>\n<\/tr>\n<tr>\n<td>Tehnologia bobinei<\/td>\n<td>Bobin\u0103 dubl\u0103 tip plas\u0103<\/td>\n<td>\u00cenc\u0103lzire uniform\u0103 pentru vapori netezi \u0219i arom\u0103 intens\u0103<\/td>\n<\/tr>\n<tr>\n<td>Baterie<\/td>\n<td>950mAh re\u00eenc\u0103rcabil<\/td>\n<td>Sus\u021bine \u00eenc\u0103rcarea repetat\u0103 pe durata vie\u021bii dispozitivului<\/td>\n<\/tr>\n<tr>\n<td>\u00cenc\u0103rcare<\/td>\n<td>\u00cenc\u0103rcarea rapid\u0103 Type-C<\/td>\n<td>\u00cenc\u0103rcare rapid\u0103, modern\u0103, cu cabluri standard UE<\/td>\n<\/tr>\n<tr>\n<td>Afi\u0219aj<\/td>\n<td>Ecran inteligent smart<\/td>\n<td>Stare \u00een timp real a bateriei \u0219i a nivelului de lichid pentru \u021bigara electronic\u0103<\/td>\n<\/tr>\n<tr>\n<td>Design<\/td>\n<td>Carcas\u0103 \u00een stil cristal cu logo-ul Falcon<\/td>\n<td>Aspect modern cu senza\u021bie solid\u0103 \u00een m\u00e2n\u0103<\/td>\n<\/tr>\n<tr>\n<td>Op\u021biuni de arom\u0103<\/td>\n<td>P\u00e2n\u0103 la 20 de arome<\/td>\n<td>Profiluri de fructe, ghea\u021b\u0103 \u0219i mixte disponibile<\/td>\n<\/tr>\n<tr>\n<td>Pozi\u021bionare<\/td>\n<td>Retail \u0219i en gros<\/td>\n<td>Potrivit pentru magazin de vape \u0219i distribu\u021bie en gros<\/td>\n<\/tr>\n<\/tbody>\n<\/table>\n<figure id=\"attachment_4478\" aria-describedby=\"caption-attachment-4478\" style=\"width: 800px\" class=\"wp-caption alignnone\"><img decoding=\"async\" class=\"wp-image-4478 size-full\" src=\"https:\/\/vapestornado.com\/wp-content\/uploads\/2025\/10\/JNR-Falcon-Pro-28000-2-Nicotine-Disposable-Vapes.webp\" alt=\"JNR Falcon Pro 28000 2% Vape-uri de unic\u0103 folosin\u021b\u0103 cu Nicotin\u0103\" width=\"800\" height=\"800\" srcset=\"https:\/\/vapestornado.com\/wp-content\/uploads\/2025\/10\/JNR-Falcon-Pro-28000-2-Nicotine-Disposable-Vapes.webp 800w, https:\/\/vapestornado.com\/wp-content\/uploads\/2025\/10\/JNR-Falcon-Pro-28000-2-Nicotine-Disposable-Vapes-300x300.webp 300w, https:\/\/vapestornado.com\/wp-content\/uploads\/2025\/10\/JNR-Falcon-Pro-28000-2-Nicotine-Disposable-Vapes-150x150.webp 150w, https:\/\/vapestornado.com\/wp-content\/uploads\/2025\/10\/JNR-Falcon-Pro-28000-2-Nicotine-Disposable-Vapes-768x768.webp 768w, https:\/\/vapestornado.com\/wp-content\/uploads\/2025\/10\/JNR-Falcon-Pro-28000-2-Nicotine-Disposable-Vapes-12x12.webp 12w, https:\/\/vapestornado.com\/wp-content\/uploads\/2025\/10\/JNR-Falcon-Pro-28000-2-Nicotine-Disposable-Vapes-600x600.webp 600w, https:\/\/vapestornado.com\/wp-content\/uploads\/2025\/10\/JNR-Falcon-Pro-28000-2-Nicotine-Disposable-Vapes-100x100.webp 100w\" sizes=\"(max-width: 800px) 100vw, 800px\" \/><figcaption id=\"caption-attachment-4478\" class=\"wp-caption-text\">JNR Falcon Pro 28000 2% Vape-uri de unic\u0103 folosin\u021b\u0103 cu Nicotin\u0103<\/figcaption><\/figure>\n<h2 class=\"product-title\"><strong>Lista de arome pentru Vape-uri de unic\u0103 folosin\u021b\u0103 JNR Falcon Pro 28k<\/strong><\/h2>\n<p>1 C\u0103p\u0219un\u0103 Ghea\u021b\u0103<br \/>\n2 Cola de Cire\u0219e<br \/>\n3 Pepene Verde Ghea\u021b\u0103<br \/>\n4 Cire\u0219e Blue Razz<br \/>\n5 C\u0103p\u0219uni Kiwi<br \/>\n6 Afine, Zmeur\u0103 \u0219i Cire\u0219e<br \/>\n7 C\u0103p\u0219un\u0103 \u0219i Pepene Verde Ghea\u021b\u0103<br \/>\n8 Kiwi \u0219i Pepene Verde Ghea\u021b\u0103<br \/>\n9 Fructe de P\u0103dure Mixte<br \/>\n10 Piersici Zemoase<br \/>\n11 Ghea\u021b\u0103 de Afine<br \/>\n12 Zmeur\u0103 Acr\u0103 cu Afine<br \/>\n13 Raz\u0103 de Piersic\u0103 Alb\u0103<br \/>\n14 Mango Fruct de Pasiune<br \/>\n15 Piersic\u0103 Mango Pepene Verde<br \/>\n16 Gum\u0103 de Mestecat Pepene Verde<br \/>\n17 C\u0103p\u0219un\u0103 Banane<br \/>\n18 M\u0103r Dublu<br \/>\n19 Kiwi Passion Guava<br \/>\n20 Cire\u0219e Berrie<\/p>\n<div class=\"flex-shrink-0 flex flex-col relative items-end\">\n<div class=\"pt-0\">\n<div class=\"gizmo-bot-avatar flex h-8 w-8 items-center justify-center overflow-hidden rounded-full\">\n<div class=\"relative p-1 rounded-sm flex items-center justify-center bg-token-main-surface-primary text-token-text-primary h-8 w-8\">\n<h2 data-start=\"1200\" data-end=\"1487\">Vapes Tornado \u2013 Magazinul t\u0103u online en gros pentru cele mai bune m\u0103rci de vape-uri<\/h2>\n<p data-start=\"1200\" data-end=\"1487\">Magazinul online Vapes Tornado pentru fum\u0103tori este destina\u021bia ta de \u00eencredere pentru <strong data-start=\"66\" data-end=\"94\">\u021big\u0103ri electronice de unic\u0103 folosin\u021b\u0103 premium<\/strong> si <strong data-start=\"99\" data-end=\"125\">\u021bigarete electronice en-gros<\/strong> din \u00eentreaga Europ\u0103. Avem \u00een stoc m\u0103rci populare de vape-uri precum <a href=\"https:\/\/vapestornado.com\/ro\/product\/elf-bar-raya-d3-25000-puffs-best-disposable-vape-wholesale-in-uk\/\">Vape Elf Bar<\/a>, <strong data-start=\"175\" data-end=\"228\"><a href=\"https:\/\/vapestornado.com\/ro\/product\/fumot-randm-tornado-15000-puffs-rechargeable-disposable-vape-wholesale\/\">Fumot Vape<\/a>, <a href=\"https:\/\/vapestornado.com\/ro\/product\/waspe-150k-150000-puff-6-in-1-disposable-vape-pen-cartridge-best-wholesale-price-in-poland\/\">Vape Waspe<\/a>, Vozol Bar Vape, <a href=\"https:\/\/vapestornado.com\/ro\/product-category\/bang-vape\/\">\u021aigar\u0103 electronic\u0103 Bang<\/a><\/strong>, \u0219i multe altele\u2014oferind calitate excep\u021bional\u0103, op\u021biuni variate de arome \u0219i design-uri inovatoare. Indiferent dac\u0103 e\u0219ti utilizator personal sau cump\u0103r\u0103tor en-gros, <strong data-start=\"372\" data-end=\"389\">Vape Tornado<\/strong> ofer\u0103 dispozitive de \u00eenalt\u0103 performan\u021b\u0103, stiluri elegante \u0219i pre\u021buri en-gros imbatabile pentru a satisface nevoile tale de vaping.<\/p>\n<h2 data-start=\"2064\" data-end=\"2115\"><\/h2>\n<h2 data-start=\"2064\" data-end=\"2115\">\u00centreb\u0103ri frecvente despre JNR Falcon Pro 28k Vape Box<\/h2>\n<h3 data-start=\"3123\" data-end=\"3203\">1. C\u00e2t timp dureaz\u0103 \u021bigara electronic\u0103 de unic\u0103 folosin\u021b\u0103 JNR Falcon Pro 28K \u00een utilizare zilnic\u0103?<\/h3>\n<p data-start=\"3204\" data-end=\"3362\">Cu <strong data-start=\"3209\" data-end=\"3225\">28.000 de pufuri<\/strong> \u0219i o <strong data-start=\"3232\" data-end=\"3245\">rezervor de 30ml<\/strong>, mul\u021bi utilizatori obi\u0219nui\u021bi consider\u0103 c\u0103 <strong data-start=\"3275\" data-end=\"3297\">JNR Falcon Pro 28K<\/strong> rezist\u0103 <strong data-start=\"3304\" data-end=\"3321\">mai multe s\u0103pt\u0103m\u00e2ni<\/strong>, \u00een func\u021bie de lungimea \u0219i frecven\u021ba inhal\u0103rii.<\/p>\n<h3 data-start=\"3369\" data-end=\"3461\">2. Ce avantaj ofer\u0103 bobina dual\u0103 din plas\u0103 \u00een \u021bigara electronic\u0103 re\u00eenc\u0103rcabil\u0103 JNR 28K?<\/h3>\n<p data-start=\"3462\" data-end=\"3614\">Sistemul <strong data-start=\"3466\" data-end=\"3484\">rezisten\u021ba dubl\u0103 tip mesh<\/strong> se \u00eenc\u0103lze\u0219te mai uniform dec\u00e2t bobinele din fir simplu, ajut\u00e2nd vapori s\u0103 r\u0103m\u00e2n\u0103 dens \u0219i aromele consistente pe durata vie\u021bii dispozitivului.<\/p>\n<h3 data-start=\"3621\" data-end=\"3722\">3. Este JNR Falcon Pro 28K mai apropiat de modurile de \u021big\u0103ri electronice sau de cele standard de unic\u0103 folosin\u021b\u0103 \u00een performan\u021b\u0103?<\/h3>\n<p data-start=\"3723\" data-end=\"3861\">Din punct de vedere al stabilit\u0103\u021bii \u0219i controlului performan\u021bei, se simte mai apropiat de dispozitive compacte <strong data-start=\"3792\" data-end=\"3812\">moduri de \u021big\u0103ri electronice<\/strong>, dar f\u0103r\u0103 bobine de schimbat sau rezervoare de ref\u0103cut.<\/p>\n<h3 data-start=\"3868\" data-end=\"3943\">4. C\u00e2t de util este ecranul inteligent de pe JNR Falcon Pro 28K Puff Bar?<\/h3>\n<p data-start=\"3944\" data-end=\"4092\">Sistemul <strong data-start=\"3948\" data-end=\"3964\">ecran inteligent<\/strong> afi\u0219eaz\u0103 clar nivelul bateriei \u0219i al lichidului, permi\u021b\u00e2nd o planificare mai bun\u0103 a \u00eenc\u0103rc\u0103rii \u0219i reduc\u00e2nd opririle nea\u0219teptate \u00een timpul zilei.<\/p>\n<h3 data-start=\"4099\" data-end=\"4232\">5. Este JNR Falcon Pro 28K o op\u021biune bun\u0103 pentru cump\u0103r\u0103torii de magazine de vape sau en gros comparativ cu alternativele ieftine de \u021big\u0103ri?<\/h3>\n<p data-start=\"4233\" data-end=\"4467\">Da. Pentru <strong data-start=\"4242\" data-end=\"4255\">magazin de vape<\/strong> proprietari \u0219i cump\u0103r\u0103tori en gros, <strong data-start=\"4284\" data-end=\"4306\">JNR Falcon Pro 28K<\/strong> ofer\u0103 un num\u0103r mare de puf, design re\u00eenc\u0103rcabil \u0219i caracteristici premium care atrag utilizatorii \u00een c\u0103utarea unei valori pe termen lung dincolo de <strong data-start=\"4427\" data-end=\"4457\">\u021big\u0103ri ieftine en gros<\/strong> produse.<\/p>\n<\/div>\n<\/div>\n<\/div>\n<\/div>","protected":false},"excerpt":{"rendered":"<ul>\n<li data-start=\"2055\" data-end=\"2134\">\n<p data-start=\"2058\" data-end=\"2134\">Cump\u0103r\u0103 JNR 28K Puff Bar Online \u2013 Vape de unic\u0103 folosin\u021b\u0103 re\u00eenc\u0103rcabil\u0103, cu durat\u0103 lung\u0103, UE<\/p>\n<\/li>\n<li data-start=\"2055\" data-end=\"2134\">\n<p data-start=\"2058\" data-end=\"2134\">JNR Falcon 28000 Puffs Vape \u2013 Puff Bar cu bobin\u0103 dubl\u0103 din plas\u0103, la pre\u021b en gros<\/p>\n<\/li>\n<\/ul>\n<p><strong>Ad\u0103uga\u021bi-o pe Amy pe WhatsApp pentru a ob\u021bine un r\u0103spuns corect \u0219i un pre\u021b redus!<\/strong><\/p>\n<p><img fetchpriority=\"high\" decoding=\"async\" class=\"size-full wp-image-2932\" src=\"https:\/\/vapestornado.com\/wp-content\/uploads\/2024\/12\/Vape-Wholesale.jpg\" alt=\"\u021aig\u0103ri electronice cu ridicata\" width=\"229\" height=\"300\" \/><\/p>\n<h3><a href=\"https:\/\/wa.me\/8617776015835\"><span style=\"color: #ff0000;\"><strong>WhatsApp: +86 17776015835<\/strong><\/span><\/a><\/h3>","protected":false},"featured_media":4477,"comment_status":"open","ping_status":"closed","template":"","meta":{"_acf_changed":false,"_uag_custom_page_level_css":"","_lmt_disableupdate":"no","_lmt_disable":"","_monsterinsights_skip_tracking":false,"_monsterinsights_sitenote_active":false,"_monsterinsights_sitenote_note":"","_monsterinsights_sitenote_category":0,"site-sidebar-layout":"default","site-content-layout":"","ast-site-content-layout":"default","site-content-style":"default","site-sidebar-style":"default","ast-global-header-display":"","ast-banner-title-visibility":"","ast-main-header-display":"","ast-hfb-above-header-display":"","ast-hfb-below-header-display":"","ast-hfb-mobile-header-display":"","site-post-title":"","ast-breadcrumbs-content":"","ast-featured-img":"","footer-sml-layout":"","ast-disable-related-posts":"","theme-transparent-header-meta":"default","adv-header-id-meta":"","stick-header-meta":"","header-above-stick-meta":"","header-main-stick-meta":"","header-below-stick-meta":"","astra-migrate-meta-layouts":"set","ast-page-background-enabled":"default","ast-page-background-meta":{"desktop":{"background-color":"","background-image":"","background-repeat":"repeat","background-position":"center center","background-size":"auto","background-attachment":"scroll","background-type":"","background-media":"","overlay-type":"","overlay-color":"","overlay-opacity":"","overlay-gradient":""},"tablet":{"background-color":"","background-image":"","background-repeat":"repeat","background-position":"center center","background-size":"auto","background-attachment":"scroll","background-type":"","background-media":"","overlay-type":"","overlay-color":"","overlay-opacity":"","overlay-gradient":""},"mobile":{"background-color":"","background-image":"","background-repeat":"repeat","background-position":"center center","background-size":"auto","background-attachment":"scroll","background-type":"","background-media":"","overlay-type":"","overlay-color":"","overlay-opacity":"","overlay-gradient":""}},"ast-content-background-meta":{"desktop":{"background-color":"var(--ast-global-color-5)","background-image":"","background-repeat":"repeat","background-position":"center center","background-size":"auto","background-attachment":"scroll","background-type":"","background-media":"","overlay-type":"","overlay-color":"","overlay-opacity":"","overlay-gradient":""},"tablet":{"background-color":"var(--ast-global-color-5)","background-image":"","background-repeat":"repeat","background-position":"center center","background-size":"auto","background-attachment":"scroll","background-type":"","background-media":"","overlay-type":"","overlay-color":"","overlay-opacity":"","overlay-gradient":""},"mobile":{"background-color":"var(--ast-global-color-5)","background-image":"","background-repeat":"repeat","background-position":"center center","background-size":"auto","background-attachment":"scroll","background-type":"","background-media":"","overlay-type":"","overlay-color":"","overlay-opacity":"","overlay-gradient":""}},"_joinchat":[]},"product_brand":[],"product_cat":[235,149,150,151,154,141,142,76,144],"product_tag":[403,406,411,412,410,390,397],"class_list":{"0":"post-4483","1":"product","2":"type-product","3":"status-publish","4":"has-post-thumbnail","6":"product_cat-28000-puff","7":"product_cat-buy-disposable-vapes-in-austria","8":"product_cat-buy-disposable-vapes-in-belgium","9":"product_cat-buy-disposable-vapes-in-france","10":"product_cat-buy-disposable-vapes-in-netherlands","11":"product_cat-crystal-disposable-vapes","12":"product_cat-digital-box-disposable-vapes","13":"product_cat-jnr-vape","14":"product_cat-low-nicotine-disposable-vapes","15":"product_tag-disposable-vape-box","16":"product_tag-disposable-vape-fast-shipping","17":"product_tag-jnr-28k","18":"product_tag-jnr-falcon-pro-280000","19":"product_tag-jnr-falcon-pro-28k","20":"product_tag-online-vape-shop","21":"product_tag-vapor","22":"desktop-align-left","23":"tablet-align-left","24":"mobile-align-left","26":"first","27":"instock","28":"sale","29":"shipping-taxable","30":"purchasable","31":"product-type-simple"},"acf":[],"uagb_featured_image_src":{"full":["https:\/\/vapestornado.com\/wp-content\/uploads\/2025\/10\/JNR-Falcon-Pro-28K-Puff-Dispsoable-Vape-Wholesale-Price.webp",800,800,false],"thumbnail":["https:\/\/vapestornado.com\/wp-content\/uploads\/2025\/10\/JNR-Falcon-Pro-28K-Puff-Dispsoable-Vape-Wholesale-Price-150x150.webp",150,150,true],"medium":["https:\/\/vapestornado.com\/wp-content\/uploads\/2025\/10\/JNR-Falcon-Pro-28K-Puff-Dispsoable-Vape-Wholesale-Price-300x300.webp",300,300,true],"medium_large":["https:\/\/vapestornado.com\/wp-content\/uploads\/2025\/10\/JNR-Falcon-Pro-28K-Puff-Dispsoable-Vape-Wholesale-Price-768x768.webp",768,768,true],"large":["https:\/\/vapestornado.com\/wp-content\/uploads\/2025\/10\/JNR-Falcon-Pro-28K-Puff-Dispsoable-Vape-Wholesale-Price.webp",800,800,false],"1536x1536":["https:\/\/vapestornado.com\/wp-content\/uploads\/2025\/10\/JNR-Falcon-Pro-28K-Puff-Dispsoable-Vape-Wholesale-Price.webp",800,800,false],"2048x2048":["https:\/\/vapestornado.com\/wp-content\/uploads\/2025\/10\/JNR-Falcon-Pro-28K-Puff-Dispsoable-Vape-Wholesale-Price.webp",800,800,false],"trp-custom-language-flag":["https:\/\/vapestornado.com\/wp-content\/uploads\/2025\/10\/JNR-Falcon-Pro-28K-Puff-Dispsoable-Vape-Wholesale-Price-12x12.webp",12,12,true],"woocommerce_thumbnail":["https:\/\/vapestornado.com\/wp-content\/uploads\/2025\/10\/JNR-Falcon-Pro-28K-Puff-Dispsoable-Vape-Wholesale-Price-300x300.webp",300,300,true],"woocommerce_single":["https:\/\/vapestornado.com\/wp-content\/uploads\/2025\/10\/JNR-Falcon-Pro-28K-Puff-Dispsoable-Vape-Wholesale-Price-600x600.webp",600,600,true],"woocommerce_gallery_thumbnail":["https:\/\/vapestornado.com\/wp-content\/uploads\/2025\/10\/JNR-Falcon-Pro-28K-Puff-Dispsoable-Vape-Wholesale-Price-100x100.webp",100,100,true]},"uagb_author_info":{"display_name":"ESAMY","author_link":"https:\/\/vapestornado.com\/ro\/author\/"},"uagb_comment_info":1,"uagb_excerpt":"Buy JNR 28K Puff Bar Online \u2013 Long-Lasting Rechargeable Disposable Vape EU JNR Falcon 28000 Puffs Vape \u2013 Dual Mesh Coil Puff Bar at Wholesale Price Add Amy's whatsapp to get right reply and discount price! WhatsApp: +86 17776015835","_links":{"self":[{"href":"https:\/\/vapestornado.com\/ro\/wp-json\/wp\/v2\/product\/4483","targetHints":{"allow":["GET"]}}],"collection":[{"href":"https:\/\/vapestornado.com\/ro\/wp-json\/wp\/v2\/product"}],"about":[{"href":"https:\/\/vapestornado.com\/ro\/wp-json\/wp\/v2\/types\/product"}],"replies":[{"embeddable":true,"href":"https:\/\/vapestornado.com\/ro\/wp-json\/wp\/v2\/comments?post=4483"}],"wp:featuredmedia":[{"embeddable":true,"href":"https:\/\/vapestornado.com\/ro\/wp-json\/wp\/v2\/media\/4477"}],"wp:attachment":[{"href":"https:\/\/vapestornado.com\/ro\/wp-json\/wp\/v2\/media?parent=4483"}],"wp:term":[{"taxonomy":"product_brand","embeddable":true,"href":"https:\/\/vapestornado.com\/ro\/wp-json\/wp\/v2\/product_brand?post=4483"},{"taxonomy":"product_cat","embeddable":true,"href":"https:\/\/vapestornado.com\/ro\/wp-json\/wp\/v2\/product_cat?post=4483"},{"taxonomy":"product_tag","embeddable":true,"href":"https:\/\/vapestornado.com\/ro\/wp-json\/wp\/v2\/product_tag?post=4483"}],"curies":[{"name":"wp","href":"https:\/\/api.w.org\/{rel}","templated":true}]}}