{"id":4475,"date":"2025-10-29T06:41:52","date_gmt":"2025-10-29T06:41:52","guid":{"rendered":"https:\/\/vapestornado.com\/?post_type=product&#038;p=4475"},"modified":"2025-12-12T09:08:28","modified_gmt":"2025-12-12T09:08:28","slug":"uzy-50000-puff-50k-disposable-vape-2-in-1-double-flaovr-best-wholesale-online","status":"publish","type":"product","link":"https:\/\/vapestornado.com\/ro\/product\/uzy-50000-puff-50k-disposable-vape-2-in-1-double-flaovr-best-wholesale-online\/","title":{"rendered":"UZY 50000 Puff 50k Vape de unic\u0103 folosin\u021b\u0103 2 \u00een 1 Dublu Arome Cel Mai Bun Angro Online"},"content":{"rendered":"<h2 data-pm-slice=\"1 1 []\">UZY 50000 Puff Vape de unic\u0103 folosin\u021b\u0103 2-in-1 Dublu Arome, Bobine Duale din Plas\u0103 &amp; Ecran LED Inteligent<\/h2>\n<p data-start=\"103\" data-end=\"597\"><strong data-start=\"103\" data-end=\"121\">UZY 50000 Puff<\/strong> este de mare capacitate <strong data-start=\"141\" data-end=\"162\">2-in-1 de unic\u0103 folosin\u021b\u0103<\/strong> construit pentru utilizare \u00eendelungat\u0103 \u0219i zero b\u0103t\u0103i de cap. Ofer\u0103 <strong data-start=\"209\" data-end=\"231\">p\u00e2n\u0103 la 50.000 de pufuri<\/strong> folosind <strong data-start=\"238\" data-end=\"265\">rezervor dual de 20ml pentru arome<\/strong> (40ml \u00een total) \u0219i <strong data-start=\"283\" data-end=\"307\">dou\u0103 bobine mesh de 0.9\u03a9<\/strong> pentru vapori netezi, cu arom\u0103 intens\u0103. Corpul <strong data-start=\"348\" data-end=\"363\">de stil Crytal<\/strong>-men\u021bine aspectul elegant, \u00een timp ce <strong data-start=\"401\" data-end=\"422\">afi\u0219aj inteligent LED<\/strong> arat\u0103 clar starea bateriei \u0219i a lichidului pentru \u021bigaret\u0103 electronic\u0103. Un <strong data-start=\"469\" data-end=\"507\">Baterie re\u00eenc\u0103rcabil\u0103 de 850mAh Type-C<\/strong> men\u021bine dispozitivul func\u021bional p\u00e2n\u0103 c\u00e2nd rezervoarele sunt goale, nu p\u00e2n\u0103 c\u00e2nd bateria se descarc\u0103 prematur.<\/p>\n<h3 data-start=\"844\" data-end=\"895\">De ce s\u0103 alegi UZY 50000 Puff dac\u0103 vrei fiabilitate \u0219i performan\u021b\u0103 puternic\u0103?<\/h3>\n<ul data-start=\"897\" data-end=\"2254\">\n<li data-start=\"897\" data-end=\"1225\">\n<p data-start=\"899\" data-end=\"1225\"><strong data-start=\"899\" data-end=\"946\">Rezisten\u021b\u0103 de 50K sus\u021binut\u0103 de un design cu dou\u0103 rezervoare.<\/strong> Sistemul <strong data-start=\"951\" data-end=\"989\">UZY 50000 Puff vape de unic\u0103 folosin\u021b\u0103 50k<\/strong> folose\u0219te <strong data-start=\"995\" data-end=\"1013\">2 \u00d7 rezervoare de 20ml<\/strong> pentru a sus\u021bine durata lung\u0103 de via\u021b\u0103. Pentru <strong data-start=\"1048\" data-end=\"1062\">vapori\u0219ti 50k<\/strong> utilizatori \u00een <strong data-start=\"1072\" data-end=\"1127\">Germania, Spania, Polonia, Fran\u021ba \u0219i \u021a\u0103rile de Jos<\/strong>, ceea ce \u00een mod obi\u0219nuit \u00eenseamn\u0103 mai pu\u021bine \u00eenlocuiri \u0219i mai pu\u021bine drumuri de ultim moment la un <strong data-start=\"1202\" data-end=\"1224\">magazin de \u021big\u0103ri electronice<\/strong>.<\/p>\n<\/li>\n<li data-start=\"1227\" data-end=\"1496\">\n<p data-start=\"1229\" data-end=\"1496\"><strong data-start=\"1229\" data-end=\"1280\">Doi arome \u00eentr-un singur dispozitiv, schimbate instantaneu.<\/strong> Sistemul <strong data-start=\"1285\" data-end=\"1323\">UZY 50K 2 \u00een 1 vape cu dubl\u0103 arom\u0103<\/strong> \u00ee\u021bi permite s\u0103 schimbi profilele de gust ori de c\u00e2te ori se schimb\u0103 palatul t\u0103u. Asta conteaz\u0103 pe un dispozitiv cu durat\u0103 lung\u0103 de via\u021b\u0103\u2014oboseala de arom\u0103 este principalul motiv pentru care oamenii abandoneaz\u0103 devoratoarele de unic\u0103 folosin\u021b\u0103 cu mul\u021bi pufuri devreme.<\/p>\n<\/li>\n<li data-start=\"1498\" data-end=\"1749\">\n<p data-start=\"1500\" data-end=\"1749\"><strong data-start=\"1500\" data-end=\"1554\">Ie\u0219irea cu bobin\u0103 dubl\u0103 din plas\u0103 r\u0103m\u00e2ne neted\u0103 \u0219i constant\u0103.<\/strong> Cu <strong data-start=\"1560\" data-end=\"1591\">Bobine duale din plas\u0103 de 0.9\u03a9 + 0.9\u03a9<\/strong>, modelul <strong data-start=\"1597\" data-end=\"1615\">UZY 50000 Puff<\/strong> men\u021bine vapori densi \u0219i arom\u0103 stabil\u0103 pe sesiuni lungi, reduc\u00e2nd sc\u0103derea dur\u0103 pe care o arat\u0103 multe dispozitive mari spre sf\u00e2r\u0219itul rezervorului.<\/p>\n<\/li>\n<li data-start=\"1751\" data-end=\"1968\">\n<p data-start=\"1753\" data-end=\"1968\"><strong data-start=\"1753\" data-end=\"1793\">Display LED inteligent elimin\u0103 presupunerile.<\/strong> Ecranul de pe acest <strong data-start=\"1813\" data-end=\"1828\">de stil Crytal<\/strong> arat\u0103 nivelul bateriei \u0219i al lichidului pentru \u021big\u0103ri electronice, astfel \u00eenc\u00e2t s\u0103 po\u021bi planifica \u00eenc\u0103rcarea \u00eenainte de o ie\u0219ire sau o tur\u0103 lung\u0103, \u00een loc s\u0103 fii surprins de un dispozitiv desc\u0103rcat.<\/p>\n<\/li>\n<li data-start=\"1970\" data-end=\"2254\">\n<p data-start=\"1972\" data-end=\"2254\"><strong data-start=\"1972\" data-end=\"2020\">Valoare care func\u021bioneaz\u0103 pentru retail \u0219i cump\u0103r\u0103tori en gros.<\/strong> Cu multiple niveluri de nicotin\u0103 \u0219i un set puternic de caracteristici, <strong data-start=\"2084\" data-end=\"2123\">pre\u021bul ieftin al vape-ului de unic\u0103 folosin\u021b\u0103 UZY 50K<\/strong> pozi\u021bionarea face sens at\u00e2t pentru cump\u0103r\u0103torii personali, c\u00e2t \u0219i pentru magazinele care concureaz\u0103 pe <strong data-start=\"2196\" data-end=\"2216\">pre\u021b ieftin la vape<\/strong> ofer\u0103 f\u0103r\u0103 a sacrifica u\u0219urin\u021ba de utilizare.<\/p>\n<\/li>\n<\/ul>\n<p><strong><span style=\"color: #ff0000;\">Adaug\u0103 whatsapp-ul lui Amy pentru a primi r\u0103spuns imediat \u0219i un cupon de vape!<\/span><\/strong><\/p>\n<p><img fetchpriority=\"high\" decoding=\"async\" class=\"size-full wp-image-2932\" src=\"https:\/\/vapestornado.com\/wp-content\/uploads\/2024\/12\/Vape-Wholesale.jpg\" alt=\"\u021aig\u0103ri electronice cu ridicata\" width=\"229\" height=\"300\" \/><\/p>\n<h3><a href=\"https:\/\/wa.me\/8617776015835\" target=\"_blank\" rel=\"noopener\"><span style=\"color: #ff0000;\"><strong>WhatsApp: +86 17776015835<\/strong><\/span><\/a><\/h3>\n<p>&nbsp;<\/p>\n<h2><strong>Caracteristici ale produsului UZY 50000 Puff 50k<\/strong><\/h2>\n<table>\n<thead>\n<tr>\n<th>Caracteristic\u0103<\/th>\n<th>specifica\u021bii<\/th>\n<th>detalii<\/th>\n<\/tr>\n<\/thead>\n<tbody>\n<tr>\n<td>Numele produsului<\/td>\n<td>UZY 50.000 Pufuri \/ UZY 50K<\/td>\n<td>Vape de unic\u0103 folosin\u021b\u0103 cu dubl\u0103 arom\u0103 2-in-1<\/td>\n<\/tr>\n<tr>\n<td>Capacitate Pufuri<\/td>\n<td>P\u00e2n\u0103 la 50.000 de pufuri<\/td>\n<td>Dispozitiv cu durat\u0103 lung\u0103 de via\u021b\u0103, conceput pentru utilizare zilnic\u0103 extins\u0103<\/td>\n<\/tr>\n<tr>\n<td>Sistem E-liquid<\/td>\n<td>Rezervoare duale: 2 \u00d7 20ml (40ml \u00een total)<\/td>\n<td>Suport\u0103 ratingul \u00eenalt pentru puf \u0219i sesiuni lungi<\/td>\n<\/tr>\n<tr>\n<td>Tip de bobin\u0103<\/td>\n<td>Bobine duale din plas\u0103 0.9\u03a9 + 0.9\u03a9<\/td>\n<td>\u00cenc\u0103lzire uniform\u0103 pentru vapori netezi \u0219i livrare puternic\u0103 de arom\u0103<\/td>\n<\/tr>\n<tr>\n<td>Baterie<\/td>\n<td>Re\u00eenc\u0103rcabil de 850mAh<\/td>\n<td>Re\u00eencarc\u0103 pentru a termina ambele rezervoare \u00een loc s\u0103 le arunci devreme<\/td>\n<\/tr>\n<tr>\n<td>\u00cenc\u0103rcare<\/td>\n<td>Tip-C<\/td>\n<td>\u00cenc\u0103rcare rapid\u0103 cu cabluri moderne EU<\/td>\n<\/tr>\n<tr>\n<td>Afi\u0219aj<\/td>\n<td>Ecran inteligent LED<\/td>\n<td>Afi\u0219eaz\u0103 nivelul bateriei \u0219i al lichidului \u00een timp real<\/td>\n<\/tr>\n<tr>\n<td>Op\u021biuni de nicotin\u0103<\/td>\n<td>0% \/ 2% \/ 3% \/ 5%<\/td>\n<td>Se potrive\u0219te utilizatorilor f\u0103r\u0103 nicotin\u0103, moderat \u0219i intensiv<\/td>\n<\/tr>\n<tr>\n<td>Designul corpului<\/td>\n<td>Corp de cristal premium<\/td>\n<td>Aspect elegant \u201eCrytal vape\u201d cu construc\u021bie prietenoas\u0103 pentru buzunar<\/td>\n<\/tr>\n<\/tbody>\n<\/table>\n<figure id=\"attachment_4473\" aria-describedby=\"caption-attachment-4473\" style=\"width: 300px\" class=\"wp-caption alignnone\"><img decoding=\"async\" class=\"size-medium wp-image-4473\" src=\"https:\/\/vapestornado.com\/wp-content\/uploads\/2025\/10\/UZY-50000-Puffs-2-in-1-Disposable-Vapor-300x300.webp\" alt=\"UZY 50000 Pufuri 2 \u00een 1 Vape de unic\u0103 folosin\u021b\u0103\" width=\"300\" height=\"300\" srcset=\"https:\/\/vapestornado.com\/wp-content\/uploads\/2025\/10\/UZY-50000-Puffs-2-in-1-Disposable-Vapor-300x300.webp 300w, https:\/\/vapestornado.com\/wp-content\/uploads\/2025\/10\/UZY-50000-Puffs-2-in-1-Disposable-Vapor-150x150.webp 150w, https:\/\/vapestornado.com\/wp-content\/uploads\/2025\/10\/UZY-50000-Puffs-2-in-1-Disposable-Vapor-768x768.webp 768w, https:\/\/vapestornado.com\/wp-content\/uploads\/2025\/10\/UZY-50000-Puffs-2-in-1-Disposable-Vapor-12x12.webp 12w, https:\/\/vapestornado.com\/wp-content\/uploads\/2025\/10\/UZY-50000-Puffs-2-in-1-Disposable-Vapor-600x600.webp 600w, https:\/\/vapestornado.com\/wp-content\/uploads\/2025\/10\/UZY-50000-Puffs-2-in-1-Disposable-Vapor-100x100.webp 100w, https:\/\/vapestornado.com\/wp-content\/uploads\/2025\/10\/UZY-50000-Puffs-2-in-1-Disposable-Vapor.webp 800w\" sizes=\"(max-width: 300px) 100vw, 300px\" \/><figcaption id=\"caption-attachment-4473\" class=\"wp-caption-text\">UZY 50000 Pufuri 2 \u00een 1 Vape de unic\u0103 folosin\u021b\u0103<\/figcaption><\/figure>\n<h2 class=\"product-title\"><strong>Lista de arome pentru UZY 50000 Pufuri 50k Vape de unic\u0103 folosin\u021b\u0103<\/strong><\/h2>\n<p>1. Afine pe ghea\u021b\u0103 &amp; Piersic\u0103 de var\u0103 cu ghea\u021b\u0103<br \/>\n2. Kiwi, Fruct de pasiune, Guava &amp; Afine cu zmeur\u0103<br \/>\n3. C\u0103p\u0219uni Kiwi &amp; Strugure cu ghea\u021b\u0103<br \/>\n4. Kiwi Fructul pasiunii Guava<br \/>\n5. C\u0103p\u0219uni, Pepene verde &amp; L\u0103m\u00e2ie Lime<br \/>\n6. Afine zmeur\u0103 &amp; Cire\u0219e cu ghea\u021b\u0103<br \/>\n7. C\u0103p\u0219uni, Zmeur\u0103, Cire\u0219e &amp; Mr Blue<br \/>\n8. Piersic\u0103, Mango, Ananas &amp; Red Bull<br \/>\n9. Pepene verde cu ghea\u021b\u0103 &amp; Fructe de p\u0103dure mixte<br \/>\n10. C\u0103p\u0219uni banan\u0103 &amp; Love 66<\/p>\n<div class=\"flex-shrink-0 flex flex-col relative items-end\">\n<div class=\"pt-0\">\n<div class=\"gizmo-bot-avatar flex h-8 w-8 items-center justify-center overflow-hidden rounded-full\">\n<div class=\"relative p-1 rounded-sm flex items-center justify-center bg-token-main-surface-primary text-token-text-primary h-8 w-8\">\n<h2 data-start=\"1200\" data-end=\"1487\">Vapes Tornado \u2013 Magazinul t\u0103u online en gros pentru cele mai bune m\u0103rci de vape-uri<\/h2>\n<p data-start=\"1200\" data-end=\"1487\">Magazinul online Vapes Tornado pentru fum\u0103tori este destina\u021bia ta de \u00eencredere pentru <strong data-start=\"66\" data-end=\"94\">\u021big\u0103ri electronice de unic\u0103 folosin\u021b\u0103 premium<\/strong> si <strong data-start=\"99\" data-end=\"125\">\u021bigarete electronice en-gros<\/strong> din \u00eentreaga Europ\u0103. Avem \u00een stoc m\u0103rci populare de vape-uri precum <a href=\"https:\/\/vapestornado.com\/ro\/product\/elf-bar-raya-d3-25000-puffs-best-disposable-vape-wholesale-in-uk\/\">Vape Elf Bar<\/a>, <strong data-start=\"175\" data-end=\"228\"><a href=\"https:\/\/vapestornado.com\/ro\/product\/fumot-randm-tornado-15000-puffs-rechargeable-disposable-vape-wholesale\/\">Fumot Vape<\/a>, <a href=\"https:\/\/vapestornado.com\/ro\/product\/waspe-150k-150000-puff-6-in-1-disposable-vape-pen-cartridge-best-wholesale-price-in-poland\/\">Vape Waspe<\/a>, Vozol Bar Vape, <a href=\"https:\/\/vapestornado.com\/ro\/product-category\/bang-vape\/\">\u021aigar\u0103 electronic\u0103 Bang<\/a><\/strong>, \u0219i multe altele\u2014oferind calitate excep\u021bional\u0103, op\u021biuni variate de arome \u0219i design-uri inovatoare. Indiferent dac\u0103 e\u0219ti utilizator personal sau cump\u0103r\u0103tor en-gros, <strong data-start=\"372\" data-end=\"389\">Vape Tornado<\/strong> ofer\u0103 dispozitive de \u00eenalt\u0103 performan\u021b\u0103, stiluri elegante \u0219i pre\u021buri en-gros imbatabile pentru a satisface nevoile tale de vaping.<\/p>\n<h2 data-start=\"2064\" data-end=\"2115\">\u00centreb\u0103ri frecvente despre UZY 50000 Puff 50k Vape Box<\/h2>\n<ol data-start=\"3177\" data-end=\"4488\">\n<li data-start=\"3177\" data-end=\"3447\">\n<p data-start=\"3180\" data-end=\"3447\"><strong data-start=\"3180\" data-end=\"3271\">Cum ajut\u0103 designul tankurilor UZY 50000 Puff 2\u00d720ml s\u0103 ating\u0103 50.000 de pufuri \u00een utilizarea real\u0103?<\/strong><br data-start=\"3271\" data-end=\"3274\" \/>Dou\u0103 <strong data-start=\"3287\" data-end=\"3301\">Tankuri de 20ml<\/strong> Ofer\u0103 o cantitate total\u0103 mai mare \u0219i men\u021bine performan\u021ba mai constant\u0103 pe termen lung, sus\u021bin\u00e2nd o durat\u0103 de via\u021b\u0103 de clas\u0103 50K mai bine dec\u00e2t rezervoarele mici unice.<\/p>\n<\/li>\n<li data-start=\"3449\" data-end=\"3695\">\n<p data-start=\"3452\" data-end=\"3695\"><strong data-start=\"3452\" data-end=\"3542\">Setup-ul cu bobine duale din plas\u0103 0.9\u03a9+0.9\u03a9 pentru UZY 50K \u00eembun\u0103t\u0103\u021be\u0219te consisten\u021ba aromelor \u00een timp?<\/strong><br data-start=\"3542\" data-end=\"3545\" \/>Da. Bobinele duale din plas\u0103 se \u00eenc\u0103lzesc uniform, ajut\u00e2nd aroma s\u0103 r\u0103m\u00e2n\u0103 mai plin\u0103 \u0219i vapori mai netezi pe m\u0103sur\u0103 ce se consum\u0103, comparativ cu dispozitivele disposable cu bobin\u0103 simpl\u0103 de baz\u0103.<\/p>\n<\/li>\n<li data-start=\"3697\" data-end=\"3927\">\n<p data-start=\"3700\" data-end=\"3927\"><strong data-start=\"3700\" data-end=\"3780\">Este necesar\u0103 func\u021bia de re\u00eenc\u0103rcare Type-C pentru UZY 50000 Puff pe un dispozitiv de 50K?<\/strong><br data-start=\"3780\" data-end=\"3783\" \/>Absolut. Dispozitivele cu capacitate mare pot dura mai mult dec\u00e2t bateria lor; re\u00eenc\u0103rcarea prin Type-C previne aruncarea timpurie \u0219i te ajut\u0103 s\u0103 termini ambele rezervoare.<\/p>\n<\/li>\n<li data-start=\"3929\" data-end=\"4194\">\n<p data-start=\"3932\" data-end=\"4194\"><strong data-start=\"3932\" data-end=\"4034\">Ce beneficiu practic ofer\u0103 ecranul inteligent LED UZY 50000 Puff fa\u021b\u0103 de dispozitivele disposable f\u0103r\u0103 afi\u0219aj?<\/strong><br data-start=\"4034\" data-end=\"4037\" \/>Arat\u0103 nivelul bateriei \u0219i al lichidului, ajut\u00e2ndu-te s\u0103 planifici \u00eenc\u0103rcarea \u0219i s\u0103 evi\u021bi opririle nea\u0219teptate\u2014foarte util c\u00e2nd c\u0103l\u0103tore\u0219ti sau te bazezi pe un singur dispozitiv zilnic.<\/p>\n<\/li>\n<li data-start=\"4196\" data-end=\"4488\">\n<p data-start=\"4199\" data-end=\"4488\"><strong data-start=\"4199\" data-end=\"4315\">Este vape-ul cristal UZY 50K potrivit pentru cump\u0103r\u0103torii care compar\u0103 op\u021biuni ieftine de vape \u00eentr-un magazin de \u021big\u0103ri electronice?<\/strong><br data-start=\"4315\" data-end=\"4318\" \/>Da. Combin\u0103 capacitatea de durat\u0103 lung\u0103, arome duale \u0219i reutilizarea re\u00eenc\u0103rcabil\u0103\u2014caracteristici care adesea justific\u0103 valoarea chiar \u0219i atunci c\u00e2nd cump\u0103r\u0103torii se concentreaz\u0103 pe <strong data-start=\"4461\" data-end=\"4481\">pre\u021b ieftin la vape<\/strong> oferte.<\/p>\n<\/li>\n<\/ol>\n<\/div>\n<\/div>\n<\/div>\n<\/div>","protected":false},"excerpt":{"rendered":"<p>UZY 50000 Puf (UZY 50K) vape de unic\u0103 folosin\u021b\u0103 2-in-1 cu dublu gust, cu rezervoare duale de 20ml, bobine din plas\u0103 de 0,9\u03a9 duale, baterie re\u00eenc\u0103rcabil\u0103 de 850mAh cu Type-C \u0219i ecran inteligent LED. \u201cCrytal vape\u201d cu corp de cristal pentru vapori\u0219tii cu 50k care caut\u0103 durat\u0103 lung\u0103 de func\u021bionare \u0219i valoare puternic\u0103 la pre\u021b mic de vape.<\/p>\n<p><strong>Ad\u0103uga\u021bi-o pe Amy pe WhatsApp pentru a ob\u021bine un r\u0103spuns corect \u0219i un pre\u021b redus!<\/strong><\/p>\n<p><img fetchpriority=\"high\" decoding=\"async\" class=\"size-full wp-image-2932\" src=\"https:\/\/vapestornado.com\/wp-content\/uploads\/2024\/12\/Vape-Wholesale.jpg\" alt=\"\u021aig\u0103ri electronice cu ridicata\" width=\"229\" height=\"300\" \/><\/p>\n<h3><a href=\"https:\/\/wa.me\/8617776015835\"><span style=\"color: #ff0000;\"><strong>WhatsApp: +86 17776015835<\/strong><\/span><\/a><\/h3>","protected":false},"featured_media":4474,"comment_status":"open","ping_status":"closed","template":"","meta":{"_acf_changed":false,"_uag_custom_page_level_css":"","_lmt_disableupdate":"no","_lmt_disable":"","_monsterinsights_skip_tracking":false,"_monsterinsights_sitenote_active":false,"_monsterinsights_sitenote_note":"","_monsterinsights_sitenote_category":0,"site-sidebar-layout":"default","site-content-layout":"","ast-site-content-layout":"default","site-content-style":"default","site-sidebar-style":"default","ast-global-header-display":"","ast-banner-title-visibility":"","ast-main-header-display":"","ast-hfb-above-header-display":"","ast-hfb-below-header-display":"","ast-hfb-mobile-header-display":"","site-post-title":"","ast-breadcrumbs-content":"","ast-featured-img":"","footer-sml-layout":"","ast-disable-related-posts":"","theme-transparent-header-meta":"default","adv-header-id-meta":"","stick-header-meta":"","header-above-stick-meta":"","header-main-stick-meta":"","header-below-stick-meta":"","astra-migrate-meta-layouts":"set","ast-page-background-enabled":"default","ast-page-background-meta":{"desktop":{"background-color":"","background-image":"","background-repeat":"repeat","background-position":"center center","background-size":"auto","background-attachment":"scroll","background-type":"","background-media":"","overlay-type":"","overlay-color":"","overlay-opacity":"","overlay-gradient":""},"tablet":{"background-color":"","background-image":"","background-repeat":"repeat","background-position":"center center","background-size":"auto","background-attachment":"scroll","background-type":"","background-media":"","overlay-type":"","overlay-color":"","overlay-opacity":"","overlay-gradient":""},"mobile":{"background-color":"","background-image":"","background-repeat":"repeat","background-position":"center center","background-size":"auto","background-attachment":"scroll","background-type":"","background-media":"","overlay-type":"","overlay-color":"","overlay-opacity":"","overlay-gradient":""}},"ast-content-background-meta":{"desktop":{"background-color":"var(--ast-global-color-5)","background-image":"","background-repeat":"repeat","background-position":"center center","background-size":"auto","background-attachment":"scroll","background-type":"","background-media":"","overlay-type":"","overlay-color":"","overlay-opacity":"","overlay-gradient":""},"tablet":{"background-color":"var(--ast-global-color-5)","background-image":"","background-repeat":"repeat","background-position":"center center","background-size":"auto","background-attachment":"scroll","background-type":"","background-media":"","overlay-type":"","overlay-color":"","overlay-opacity":"","overlay-gradient":""},"mobile":{"background-color":"var(--ast-global-color-5)","background-image":"","background-repeat":"repeat","background-position":"center center","background-size":"auto","background-attachment":"scroll","background-type":"","background-media":"","overlay-type":"","overlay-color":"","overlay-opacity":"","overlay-gradient":""}},"_joinchat":[]},"product_brand":[],"product_cat":[192,156,157,158,141,142,143,357,356],"product_tag":[403,406,390,408,397],"class_list":{"0":"post-4475","1":"product","2":"type-product","3":"status-publish","4":"has-post-thumbnail","6":"product_cat-50000-puff","7":"product_cat-buy-disposable-vapes-in-poland","8":"product_cat-buy-disposable-vapes-in-portugal","9":"product_cat-buy-disposable-vapes-in-spain","10":"product_cat-crystal-disposable-vapes","11":"product_cat-digital-box-disposable-vapes","12":"product_cat-dual-mesh-disposable-vapes","13":"product_cat-flavor-adjustable-vape","14":"product_cat-uzy-vape","15":"product_tag-disposable-vape-box","16":"product_tag-disposable-vape-fast-shipping","17":"product_tag-online-vape-shop","18":"product_tag-uzy-50000-puff","19":"product_tag-vapor","20":"desktop-align-left","21":"tablet-align-left","22":"mobile-align-left","24":"first","25":"instock","26":"sale","27":"shipping-taxable","28":"purchasable","29":"product-type-simple"},"acf":[],"uagb_featured_image_src":{"full":["https:\/\/vapestornado.com\/wp-content\/uploads\/2025\/10\/UZY-Crystal-Twin-50000-Puffs-Wholesale-Disposable-Vape.webp",800,800,false],"thumbnail":["https:\/\/vapestornado.com\/wp-content\/uploads\/2025\/10\/UZY-Crystal-Twin-50000-Puffs-Wholesale-Disposable-Vape-150x150.webp",150,150,true],"medium":["https:\/\/vapestornado.com\/wp-content\/uploads\/2025\/10\/UZY-Crystal-Twin-50000-Puffs-Wholesale-Disposable-Vape-300x300.webp",300,300,true],"medium_large":["https:\/\/vapestornado.com\/wp-content\/uploads\/2025\/10\/UZY-Crystal-Twin-50000-Puffs-Wholesale-Disposable-Vape-768x768.webp",768,768,true],"large":["https:\/\/vapestornado.com\/wp-content\/uploads\/2025\/10\/UZY-Crystal-Twin-50000-Puffs-Wholesale-Disposable-Vape.webp",800,800,false],"1536x1536":["https:\/\/vapestornado.com\/wp-content\/uploads\/2025\/10\/UZY-Crystal-Twin-50000-Puffs-Wholesale-Disposable-Vape.webp",800,800,false],"2048x2048":["https:\/\/vapestornado.com\/wp-content\/uploads\/2025\/10\/UZY-Crystal-Twin-50000-Puffs-Wholesale-Disposable-Vape.webp",800,800,false],"trp-custom-language-flag":["https:\/\/vapestornado.com\/wp-content\/uploads\/2025\/10\/UZY-Crystal-Twin-50000-Puffs-Wholesale-Disposable-Vape-12x12.webp",12,12,true],"woocommerce_thumbnail":["https:\/\/vapestornado.com\/wp-content\/uploads\/2025\/10\/UZY-Crystal-Twin-50000-Puffs-Wholesale-Disposable-Vape-300x300.webp",300,300,true],"woocommerce_single":["https:\/\/vapestornado.com\/wp-content\/uploads\/2025\/10\/UZY-Crystal-Twin-50000-Puffs-Wholesale-Disposable-Vape-600x600.webp",600,600,true],"woocommerce_gallery_thumbnail":["https:\/\/vapestornado.com\/wp-content\/uploads\/2025\/10\/UZY-Crystal-Twin-50000-Puffs-Wholesale-Disposable-Vape-100x100.webp",100,100,true]},"uagb_author_info":{"display_name":"ESAMY","author_link":"https:\/\/vapestornado.com\/ro\/author\/"},"uagb_comment_info":1,"uagb_excerpt":"UZY 50000 Puff (UZY 50K) 2-in-1 double flavour disposable vape with dual 20ml tanks, dual 0.9\u03a9 mesh coils, 850mAh Type-C rechargeable battery and LED smart screen. Crystal-body \u201cCrytal vape\u201d for vapers 50k seeking long runtime and strong value at vape cheap price. Add Amy's whatsapp to get right reply and discount price! WhatsApp: +86 17776015835","_links":{"self":[{"href":"https:\/\/vapestornado.com\/ro\/wp-json\/wp\/v2\/product\/4475","targetHints":{"allow":["GET"]}}],"collection":[{"href":"https:\/\/vapestornado.com\/ro\/wp-json\/wp\/v2\/product"}],"about":[{"href":"https:\/\/vapestornado.com\/ro\/wp-json\/wp\/v2\/types\/product"}],"replies":[{"embeddable":true,"href":"https:\/\/vapestornado.com\/ro\/wp-json\/wp\/v2\/comments?post=4475"}],"wp:featuredmedia":[{"embeddable":true,"href":"https:\/\/vapestornado.com\/ro\/wp-json\/wp\/v2\/media\/4474"}],"wp:attachment":[{"href":"https:\/\/vapestornado.com\/ro\/wp-json\/wp\/v2\/media?parent=4475"}],"wp:term":[{"taxonomy":"product_brand","embeddable":true,"href":"https:\/\/vapestornado.com\/ro\/wp-json\/wp\/v2\/product_brand?post=4475"},{"taxonomy":"product_cat","embeddable":true,"href":"https:\/\/vapestornado.com\/ro\/wp-json\/wp\/v2\/product_cat?post=4475"},{"taxonomy":"product_tag","embeddable":true,"href":"https:\/\/vapestornado.com\/ro\/wp-json\/wp\/v2\/product_tag?post=4475"}],"curies":[{"name":"wp","href":"https:\/\/api.w.org\/{rel}","templated":true}]}}