{"id":4462,"date":"2025-10-28T06:37:23","date_gmt":"2025-10-28T06:37:23","guid":{"rendered":"https:\/\/vapestornado.com\/?post_type=product&#038;p=4462"},"modified":"2025-10-28T07:04:10","modified_gmt":"2025-10-28T07:04:10","slug":"stagbar-nexus-60k-puffs-buy-disposable-vapes-online-wholesale-price","status":"publish","type":"product","link":"https:\/\/vapestornado.com\/ro\/product\/stagbar-nexus-60k-puffs-buy-disposable-vapes-online-wholesale-price\/","title":{"rendered":"STAGBAR NEXUS 60K Pufuri Cump\u0103r\u0103 Vape Dispozitive de Unic\u0103 Folosin\u021b\u0103 Online Pre\u021b en gros"},"content":{"rendered":"<h2 data-pm-slice=\"1 1 []\">STAGBAR NEXUS 60K Pufuri Cump\u0103r\u0103 Vape Dispozitive de Unic\u0103 Folosin\u021b\u0103 Online Pre\u021b en gros<\/h2>\n<p data-start=\"329\" data-end=\"654\"><strong data-start=\"329\" data-end=\"350\">STAGBAR NEXUS 60K<\/strong> este o nou\u0103 stea <strong data-start=\"369\" data-end=\"389\">Vapor de unic\u0103 folosin\u021b\u0103<\/strong> construit pentru vaperii care cer performan\u021b\u0103 de lung\u0103 durat\u0103 \u0219i design modern. Cu un <strong data-start=\"469\" data-end=\"493\">capacitate de 60000 de pufuri<\/strong>, acest dispozitiv redefine\u0219te valoarea \u00een <strong data-start=\"530\" data-end=\"559\">vape en-gros de unic\u0103 folosin\u021b\u0103<\/strong> pia\u021b\u0103\u2014oferind utilizare pe termen lung, performan\u021b\u0103 stabil\u0103 \u0219i calitate premium a aromei la fiecare inhalare.<\/p>\n<p data-start=\"656\" data-end=\"1059\">Conceput pentru confort \u0219i comoditate, <strong data-start=\"698\" data-end=\"721\">STAGBAR NEXUS 60000<\/strong> dispune de un <strong data-start=\"733\" data-end=\"751\">rezisten\u021ba dubl\u0103 tip mesh<\/strong> care asigur\u0103 un gust bogat \u0219i vapori den\u0219i, \u00een timp ce <strong data-start=\"803\" data-end=\"832\">sistemul de flux de aer reglabil<\/strong> v\u0103 permite s\u0103 personaliza\u021bi fiecare puf de la MTL str\u00e2ns la DTL deschis. Un <strong data-start=\"892\" data-end=\"913\">afi\u0219ajul inteligent LED<\/strong> v\u0103 \u021bine la curent cu nivelurile de e-lichid \u0219i baterie, iar <strong data-start=\"973\" data-end=\"1011\">Baterie re\u00eenc\u0103rcabil\u0103 de 850mAh Type-C<\/strong> ofer\u0103 o putere constant\u0103 cu \u00eenc\u0103rcare rapid\u0103.<\/p>\n<p data-start=\"1061\" data-end=\"1301\">Vape-urile Stagbar cuceresc acum pia\u021ba UE, \u00een special pia\u021ba din Spania, \u0219i devin cele mai bine v\u00e2ndute modele \u0219i cele mai populare m\u0103rci printre vaperi. Pentru vaperii \u0219i distribuitorii care doresc s\u0103 <strong data-start=\"1100\" data-end=\"1131\">cumpere vape-uri de unic\u0103 folosin\u021b\u0103 online<\/strong> cu o calitate fiabil\u0103, stil elegant \u0219i <strong data-start=\"1172\" data-end=\"1189\">preturi competitive<\/strong> \u00een toat\u0103 Europa, <strong data-start=\"1205\" data-end=\"1226\">STAGBAR NEXUS 60K<\/strong> este solu\u021bia perfect\u0103 all-in-one at\u00e2t pentru cump\u0103r\u0103torii cu am\u0103nuntul, c\u00e2t \u0219i pentru cei angro.<\/p>\n<p data-start=\"1061\" data-end=\"1301\">Acum, vape-urile de unic\u0103 folosin\u021b\u0103 STAGBAR NEXUS 60K Puffs sunt disponibile \u00een depozitul UE, ceea ce dureaz\u0103 doar 3-7 zile lucr\u0103toare pentru livrare rapid\u0103!<\/p>\n<p><strong><span style=\"color: #ff0000;\">Adaug\u0103 whatsapp-ul lui Amy pentru a primi r\u0103spuns imediat \u0219i un cupon de vape!<\/span><\/strong><\/p>\n<p><img fetchpriority=\"high\" decoding=\"async\" class=\"size-full wp-image-2932\" src=\"https:\/\/vapestornado.com\/wp-content\/uploads\/2024\/12\/Vape-Wholesale.jpg\" alt=\"\u021aig\u0103ri electronice cu ridicata\" width=\"229\" height=\"300\" \/><\/p>\n<h3><a href=\"https:\/\/wa.me\/8617776015835\" target=\"_blank\" rel=\"noopener\"><span style=\"color: #ff0000;\"><strong>WhatsApp: +86 17776015835<\/strong><\/span><\/a><\/h3>\n<p>&nbsp;<\/p>\n<h2><strong>Caracteristicile produsului STAGBAR NEXUS 60K Puff<\/strong><\/h2>\n<ul>\n<li data-start=\"1329\" data-end=\"1383\">\n<p data-start=\"1331\" data-end=\"1383\"><strong data-start=\"1331\" data-end=\"1353\">P\u00e2n\u0103 la 60.000 de pufuri<\/strong> pentru utilizare ultra-long\u0103 durat\u0103.<\/p>\n<\/li>\n<li data-start=\"1384\" data-end=\"1452\">\n<p data-start=\"1386\" data-end=\"1452\"><strong data-start=\"1386\" data-end=\"1411\">Rezisten\u021b\u0103 dubl\u0103 din plas\u0103 (0.9\u03a9)<\/strong> pentru arom\u0103 \u00eembun\u0103t\u0103\u021bit\u0103 \u0219i densitate a vaporului.<\/p>\n<\/li>\n<li data-start=\"1453\" data-end=\"1514\">\n<p data-start=\"1455\" data-end=\"1514\"><strong data-start=\"1455\" data-end=\"1481\">Capacitate de 50mL pentru lichid electronic<\/strong> preumplut cu amestecuri premium.<\/p>\n<\/li>\n<li data-start=\"1515\" data-end=\"1577\">\n<p data-start=\"1517\" data-end=\"1577\"><strong data-start=\"1517\" data-end=\"1548\">Baterie re\u00eenc\u0103rcabil\u0103 de 850mAh<\/strong> cu \u00eenc\u0103rcare rapid\u0103 Type-C.<\/p>\n<\/li>\n<li data-start=\"1578\" data-end=\"1643\">\n<p data-start=\"1580\" data-end=\"1643\"><strong data-start=\"1580\" data-end=\"1610\">Control ajustabil al fluxului de aer<\/strong> pentru stil de vaping personalizat.<\/p>\n<\/li>\n<li data-start=\"1644\" data-end=\"1716\">\n<p data-start=\"1646\" data-end=\"1716\"><strong data-start=\"1646\" data-end=\"1668\">Ecran de Afi\u0219are LED<\/strong> arat\u0103 nivelurile de putere \u0219i lichid electronic \u00een timp real.<\/p>\n<\/li>\n<li data-start=\"1717\" data-end=\"1777\">\n<p data-start=\"1719\" data-end=\"1777\"><strong data-start=\"1719\" data-end=\"1742\">Op\u021biuni de nicotin\u0103 2% &amp; 5%<\/strong> pentru preferin\u021be de pia\u021b\u0103 flexibile.<\/p>\n<\/li>\n<\/ul>\n<figure id=\"attachment_4456\" aria-describedby=\"caption-attachment-4456\" style=\"width: 800px\" class=\"wp-caption alignnone\"><img decoding=\"async\" class=\"wp-image-4456 size-full\" src=\"https:\/\/vapestornado.com\/wp-content\/uploads\/2025\/10\/Stagbar-Nexus-60000-60K-Puffs-Disposable-Vape-Box.webp\" alt=\"Cutie de vape de unic\u0103 folosin\u021b\u0103 Stagbar Nexus 60000 60K Pufuri\" width=\"800\" height=\"800\" srcset=\"https:\/\/vapestornado.com\/wp-content\/uploads\/2025\/10\/Stagbar-Nexus-60000-60K-Puffs-Disposable-Vape-Box.webp 800w, https:\/\/vapestornado.com\/wp-content\/uploads\/2025\/10\/Stagbar-Nexus-60000-60K-Puffs-Disposable-Vape-Box-300x300.webp 300w, https:\/\/vapestornado.com\/wp-content\/uploads\/2025\/10\/Stagbar-Nexus-60000-60K-Puffs-Disposable-Vape-Box-150x150.webp 150w, https:\/\/vapestornado.com\/wp-content\/uploads\/2025\/10\/Stagbar-Nexus-60000-60K-Puffs-Disposable-Vape-Box-768x768.webp 768w, https:\/\/vapestornado.com\/wp-content\/uploads\/2025\/10\/Stagbar-Nexus-60000-60K-Puffs-Disposable-Vape-Box-12x12.webp 12w, https:\/\/vapestornado.com\/wp-content\/uploads\/2025\/10\/Stagbar-Nexus-60000-60K-Puffs-Disposable-Vape-Box-600x600.webp 600w, https:\/\/vapestornado.com\/wp-content\/uploads\/2025\/10\/Stagbar-Nexus-60000-60K-Puffs-Disposable-Vape-Box-100x100.webp 100w\" sizes=\"(max-width: 800px) 100vw, 800px\" \/><figcaption id=\"caption-attachment-4456\" class=\"wp-caption-text\">Cutie de vape de unic\u0103 folosin\u021b\u0103 Stagbar Nexus 60000 60K Pufuri<\/figcaption><\/figure>\n<h2 class=\"product-title\"><strong>Lista de arome pentru vape Stagbar Nexus 60K Pufuri<\/strong><\/h2>\n<ol data-start=\"1828\" data-end=\"2025\">\n<li data-start=\"1828\" data-end=\"1847\">\n<p data-start=\"1831\" data-end=\"1847\">Pepene verde cu ghea\u021b\u0103<\/p>\n<\/li>\n<li data-start=\"1848\" data-end=\"1876\">\n<p data-start=\"1851\" data-end=\"1876\">Afine Zmeur\u0103 Ghea\u021b\u0103<\/p>\n<\/li>\n<li data-start=\"1877\" data-end=\"1895\">\n<p data-start=\"1880\" data-end=\"1895\">Fructe de p\u0103dure amestecate<\/p>\n<\/li>\n<li data-start=\"1896\" data-end=\"1917\">\n<p data-start=\"1899\" data-end=\"1917\">Struguri cu C\u0103p\u0219uni<\/p>\n<\/li>\n<li data-start=\"1918\" data-end=\"1938\">\n<p data-start=\"1921\" data-end=\"1938\">C\u0103p\u0219uni Kiwi<\/p>\n<\/li>\n<li data-start=\"1939\" data-end=\"1951\">\n<p data-start=\"1942\" data-end=\"1951\">Dragoste 66<\/p>\n<\/li>\n<li data-start=\"1952\" data-end=\"1977\">\n<p data-start=\"1955\" data-end=\"1977\">Zmeur\u0103 Pepene Verde<\/p>\n<\/li>\n<li data-start=\"1978\" data-end=\"1993\">\n<p data-start=\"1981\" data-end=\"1993\">L\u0103m\u00e2ie verde<\/p>\n<\/li>\n<li data-start=\"1994\" data-end=\"2010\">\n<p data-start=\"1997\" data-end=\"2010\">Piersic\u0103 Mango<\/p>\n<\/li>\n<li data-start=\"2011\" data-end=\"2025\">\n<p data-start=\"2015\" data-end=\"2025\">Red Bull<\/p>\n<\/li>\n<\/ol>\n<div class=\"flex-shrink-0 flex flex-col relative items-end\">\n<div class=\"pt-0\">\n<div class=\"gizmo-bot-avatar flex h-8 w-8 items-center justify-center overflow-hidden rounded-full\">\n<div class=\"relative p-1 rounded-sm flex items-center justify-center bg-token-main-surface-primary text-token-text-primary h-8 w-8\">\n<h2 data-start=\"1200\" data-end=\"1487\">Vapes Tornado \u2013 Magazinul t\u0103u online en gros pentru cele mai bune m\u0103rci de vape-uri<\/h2>\n<p data-start=\"1200\" data-end=\"1487\">Magazinul online Vapes Tornado pentru fum\u0103tori este destina\u021bia ta de \u00eencredere pentru <strong data-start=\"66\" data-end=\"94\">\u021big\u0103ri electronice de unic\u0103 folosin\u021b\u0103 premium<\/strong> si <strong data-start=\"99\" data-end=\"125\">\u021bigarete electronice en-gros<\/strong> din \u00eentreaga Europ\u0103. Avem \u00een stoc m\u0103rci populare de vape-uri precum <a href=\"https:\/\/vapestornado.com\/ro\/product\/elf-bar-raya-d3-25000-puffs-best-disposable-vape-wholesale-in-uk\/\">Vape Elf Bar<\/a>, <strong data-start=\"175\" data-end=\"228\"><a href=\"https:\/\/vapestornado.com\/ro\/product\/fumot-randm-tornado-15000-puffs-rechargeable-disposable-vape-wholesale\/\">Fumot Vape<\/a>, <a href=\"https:\/\/vapestornado.com\/ro\/product\/waspe-150k-150000-puff-6-in-1-disposable-vape-pen-cartridge-best-wholesale-price-in-poland\/\">Vape Waspe<\/a>, Vozol Bar Vape, <a href=\"https:\/\/vapestornado.com\/ro\/product-category\/bang-vape\/\">\u021aigar\u0103 electronic\u0103 Bang<\/a><\/strong>, \u0219i multe altele\u2014oferind calitate excep\u021bional\u0103, op\u021biuni variate de arome \u0219i design-uri inovatoare. Indiferent dac\u0103 e\u0219ti utilizator personal sau cump\u0103r\u0103tor en-gros, <strong data-start=\"372\" data-end=\"389\">Vape Tornado<\/strong> ofer\u0103 dispozitive de \u00eenalt\u0103 performan\u021b\u0103, stiluri elegante \u0219i pre\u021buri en-gros imbatabile pentru a satisface nevoile tale de vaping.<\/p>\n<h2 data-start=\"2064\" data-end=\"2115\">\u00centreb\u0103ri frecvente despre vape-ul re\u00eenc\u0103rcabil STAGBAR NEXUS 60K Pufuri<\/h2>\n<p data-start=\"2043\" data-end=\"2212\"><strong data-start=\"2043\" data-end=\"2094\">Q1: C\u00e2t timp dureaz\u0103 STAGBAR NEXUS 60000?<\/strong><br data-start=\"2094\" data-end=\"2097\" \/>A1: Ofer\u0103 p\u00e2n\u0103 la <strong data-start=\"2119\" data-end=\"2135\">60.000 de pufuri<\/strong>, proiectat pentru utilizare pe termen lung\u2014mult mai mult dec\u00e2t vape-urile de unic\u0103 folosin\u021b\u0103 tradi\u021bionale.<\/p>\n<p data-start=\"2214\" data-end=\"2395\"><strong data-start=\"2214\" data-end=\"2275\">Q2: Pot re\u00eenc\u0103rca vape-ul re\u00eenc\u0103rcabil STAGBAR NEXUS 60K?<\/strong><br data-start=\"2275\" data-end=\"2278\" \/>A2: Da. Vine cu un <strong data-start=\"2304\" data-end=\"2342\">Baterie re\u00eenc\u0103rcabil\u0103 de 850mAh Type-C<\/strong>, asigur\u00e2nd vapare continu\u0103 f\u0103r\u0103 \u00eentreruperi.<\/p>\n<p data-start=\"2397\" data-end=\"2579\"><strong data-start=\"2397\" data-end=\"2456\">Q3: Are STAGBAR 60K un flux de aer reglabil?<\/strong><br data-start=\"2456\" data-end=\"2459\" \/>A3: Absolut. Po\u021bi ajusta fluxul de aer pentru a ob\u021bine stilul de inhalare preferat \u2014 de la trageri line MTL p\u00e2n\u0103 la nori mai mari.<\/p>\n<p data-start=\"2581\" data-end=\"2765\"><strong data-start=\"2581\" data-end=\"2644\">Q4: Cum \u0219tiu c\u00e2nd vape-ul are pu\u021bin lichid?<\/strong><br data-start=\"2644\" data-end=\"2647\" \/>A4: Indicatorul <strong data-start=\"2655\" data-end=\"2670\">u\u0219or de utilizat<\/strong> indic\u0103 clar at\u00e2t <strong data-start=\"2694\" data-end=\"2725\">nivelurile bateriei \u0219i ale e-lichidului<\/strong>, astfel \u00eenc\u00e2t s\u0103 nu fii niciodat\u0103 luat prin surprindere.<\/p>\n<p data-start=\"2767\" data-end=\"2979\"><strong data-start=\"2767\" data-end=\"2848\">Q5: Unde pot cump\u0103ra \u00een vrac vape-uri de unic\u0103 folosin\u021b\u0103 STAGBAR NEXUS 60000 \u00een Rom\u00e2nia?<\/strong><br data-start=\"2848\" data-end=\"2851\" \/>A5: Po\u021bi <strong data-start=\"2863\" data-end=\"2894\">cumpere vape-uri de unic\u0103 folosin\u021b\u0103 online<\/strong> la distribuitori de \u00eencredere din Rom\u00e2nia care ofer\u0103 <strong data-start=\"2937\" data-end=\"2976\">livrare rapid\u0103 \u0219i pre\u021buri en gros<\/strong>.<\/p>\n<\/div>\n<\/div>\n<\/div>\n<\/div>","protected":false},"excerpt":{"rendered":"<p>STAGBAR NEXUS 60K Vape de unic\u0103 folosin\u021b\u0103 en-gros \u2013 Cump\u0103r\u0103 online cu livrare rapid\u0103 \u00een UE<\/p>\n<p>STAGBAR NEXUS 60000 Pufuri Vape \u2013 Vaporizator re\u00eenc\u0103rcabil de unic\u0103 folosin\u021b\u0103 pentru Europa<\/p>\n<p>Cump\u0103r\u0103 STAGBAR NEXUS 60K Pufuri Vape de unic\u0103 folosin\u021b\u0103 online \u2013 Pre\u021b en-gros \u0219i livrare rapid\u0103<\/p>\n<p><strong>Ad\u0103uga\u021bi-o pe Amy pe WhatsApp pentru a ob\u021bine un r\u0103spuns corect \u0219i un pre\u021b redus!<\/strong><\/p>\n<p><img fetchpriority=\"high\" decoding=\"async\" class=\"size-full wp-image-2932\" src=\"https:\/\/vapestornado.com\/wp-content\/uploads\/2024\/12\/Vape-Wholesale.jpg\" alt=\"\u021aig\u0103ri electronice cu ridicata\" width=\"229\" height=\"300\" \/><\/p>\n<h3><a href=\"https:\/\/wa.me\/8617776015835\"><span style=\"color: #ff0000;\"><strong>WhatsApp: +86 17776015835<\/strong><\/span><\/a><\/h3>","protected":false},"featured_media":4460,"comment_status":"open","ping_status":"closed","template":"","meta":{"_acf_changed":false,"_uag_custom_page_level_css":"","_lmt_disableupdate":"no","_lmt_disable":"","_monsterinsights_skip_tracking":false,"_monsterinsights_sitenote_active":false,"_monsterinsights_sitenote_note":"","_monsterinsights_sitenote_category":0,"site-sidebar-layout":"default","site-content-layout":"","ast-site-content-layout":"default","site-content-style":"default","site-sidebar-style":"default","ast-global-header-display":"","ast-banner-title-visibility":"","ast-main-header-display":"","ast-hfb-above-header-display":"","ast-hfb-below-header-display":"","ast-hfb-mobile-header-display":"","site-post-title":"","ast-breadcrumbs-content":"","ast-featured-img":"","footer-sml-layout":"","ast-disable-related-posts":"","theme-transparent-header-meta":"default","adv-header-id-meta":"","stick-header-meta":"","header-above-stick-meta":"","header-main-stick-meta":"","header-below-stick-meta":"","astra-migrate-meta-layouts":"set","ast-page-background-enabled":"default","ast-page-background-meta":{"desktop":{"background-color":"","background-image":"","background-repeat":"repeat","background-position":"center center","background-size":"auto","background-attachment":"scroll","background-type":"","background-media":"","overlay-type":"","overlay-color":"","overlay-opacity":"","overlay-gradient":""},"tablet":{"background-color":"","background-image":"","background-repeat":"repeat","background-position":"center center","background-size":"auto","background-attachment":"scroll","background-type":"","background-media":"","overlay-type":"","overlay-color":"","overlay-opacity":"","overlay-gradient":""},"mobile":{"background-color":"","background-image":"","background-repeat":"repeat","background-position":"center center","background-size":"auto","background-attachment":"scroll","background-type":"","background-media":"","overlay-type":"","overlay-color":"","overlay-opacity":"","overlay-gradient":""}},"ast-content-background-meta":{"desktop":{"background-color":"var(--ast-global-color-5)","background-image":"","background-repeat":"repeat","background-position":"center center","background-size":"auto","background-attachment":"scroll","background-type":"","background-media":"","overlay-type":"","overlay-color":"","overlay-opacity":"","overlay-gradient":""},"tablet":{"background-color":"var(--ast-global-color-5)","background-image":"","background-repeat":"repeat","background-position":"center center","background-size":"auto","background-attachment":"scroll","background-type":"","background-media":"","overlay-type":"","overlay-color":"","overlay-opacity":"","overlay-gradient":""},"mobile":{"background-color":"var(--ast-global-color-5)","background-image":"","background-repeat":"repeat","background-position":"center center","background-size":"auto","background-attachment":"scroll","background-type":"","background-media":"","overlay-type":"","overlay-color":"","overlay-opacity":"","overlay-gradient":""}},"_joinchat":[]},"product_brand":[],"product_cat":[343,152,156,158,143,357,146],"product_tag":[403,406,390,405,397,404],"class_list":{"0":"post-4462","1":"product","2":"type-product","3":"status-publish","4":"has-post-thumbnail","6":"product_cat-60000-puff","7":"product_cat-buy-disposable-vapes-in-cermany","8":"product_cat-buy-disposable-vapes-in-poland","9":"product_cat-buy-disposable-vapes-in-spain","10":"product_cat-dual-mesh-disposable-vapes","11":"product_cat-flavor-adjustable-vape","12":"product_cat-rechargeable-disposable-vapes","13":"product_tag-disposable-vape-box","14":"product_tag-disposable-vape-fast-shipping","15":"product_tag-online-vape-shop","16":"product_tag-stagbar-nexus-60k","17":"product_tag-vapor","18":"product_tag-wholesale-online-vape-store","19":"desktop-align-left","20":"tablet-align-left","21":"mobile-align-left","23":"first","24":"instock","25":"sale","26":"shipping-taxable","27":"purchasable","28":"product-type-simple"},"acf":[],"uagb_featured_image_src":{"full":["https:\/\/vapestornado.com\/wp-content\/uploads\/2025\/10\/Stagbar-Nexus-60000-60K-Puffs-Disposable-Vape-1.webp",800,800,false],"thumbnail":["https:\/\/vapestornado.com\/wp-content\/uploads\/2025\/10\/Stagbar-Nexus-60000-60K-Puffs-Disposable-Vape-1-150x150.webp",150,150,true],"medium":["https:\/\/vapestornado.com\/wp-content\/uploads\/2025\/10\/Stagbar-Nexus-60000-60K-Puffs-Disposable-Vape-1-300x300.webp",300,300,true],"medium_large":["https:\/\/vapestornado.com\/wp-content\/uploads\/2025\/10\/Stagbar-Nexus-60000-60K-Puffs-Disposable-Vape-1-768x768.webp",768,768,true],"large":["https:\/\/vapestornado.com\/wp-content\/uploads\/2025\/10\/Stagbar-Nexus-60000-60K-Puffs-Disposable-Vape-1.webp",800,800,false],"1536x1536":["https:\/\/vapestornado.com\/wp-content\/uploads\/2025\/10\/Stagbar-Nexus-60000-60K-Puffs-Disposable-Vape-1.webp",800,800,false],"2048x2048":["https:\/\/vapestornado.com\/wp-content\/uploads\/2025\/10\/Stagbar-Nexus-60000-60K-Puffs-Disposable-Vape-1.webp",800,800,false],"trp-custom-language-flag":["https:\/\/vapestornado.com\/wp-content\/uploads\/2025\/10\/Stagbar-Nexus-60000-60K-Puffs-Disposable-Vape-1-12x12.webp",12,12,true],"woocommerce_thumbnail":["https:\/\/vapestornado.com\/wp-content\/uploads\/2025\/10\/Stagbar-Nexus-60000-60K-Puffs-Disposable-Vape-1-300x300.webp",300,300,true],"woocommerce_single":["https:\/\/vapestornado.com\/wp-content\/uploads\/2025\/10\/Stagbar-Nexus-60000-60K-Puffs-Disposable-Vape-1-600x600.webp",600,600,true],"woocommerce_gallery_thumbnail":["https:\/\/vapestornado.com\/wp-content\/uploads\/2025\/10\/Stagbar-Nexus-60000-60K-Puffs-Disposable-Vape-1-100x100.webp",100,100,true]},"uagb_author_info":{"display_name":"ESAMY","author_link":"https:\/\/vapestornado.com\/ro\/author\/"},"uagb_comment_info":1,"uagb_excerpt":"STAGBAR NEXUS 60K Disposable Vape Wholesale \u2013 Buy Online with Fast EU Shipping STAGBAR NEXUS 60000 Puffs Vape \u2013 Rechargeable Disposable Vapor for Europe Buy STAGBAR NEXUS 60K Puffs Disposable Vape Online \u2013 Wholesale Price &amp; Fast Delivery Add Amy's whatsapp to get right reply and discount price! WhatsApp: +86 17776015835","_links":{"self":[{"href":"https:\/\/vapestornado.com\/ro\/wp-json\/wp\/v2\/product\/4462","targetHints":{"allow":["GET"]}}],"collection":[{"href":"https:\/\/vapestornado.com\/ro\/wp-json\/wp\/v2\/product"}],"about":[{"href":"https:\/\/vapestornado.com\/ro\/wp-json\/wp\/v2\/types\/product"}],"replies":[{"embeddable":true,"href":"https:\/\/vapestornado.com\/ro\/wp-json\/wp\/v2\/comments?post=4462"}],"wp:featuredmedia":[{"embeddable":true,"href":"https:\/\/vapestornado.com\/ro\/wp-json\/wp\/v2\/media\/4460"}],"wp:attachment":[{"href":"https:\/\/vapestornado.com\/ro\/wp-json\/wp\/v2\/media?parent=4462"}],"wp:term":[{"taxonomy":"product_brand","embeddable":true,"href":"https:\/\/vapestornado.com\/ro\/wp-json\/wp\/v2\/product_brand?post=4462"},{"taxonomy":"product_cat","embeddable":true,"href":"https:\/\/vapestornado.com\/ro\/wp-json\/wp\/v2\/product_cat?post=4462"},{"taxonomy":"product_tag","embeddable":true,"href":"https:\/\/vapestornado.com\/ro\/wp-json\/wp\/v2\/product_tag?post=4462"}],"curies":[{"name":"wp","href":"https:\/\/api.w.org\/{rel}","templated":true}]}}