{"id":4446,"date":"2025-10-22T08:01:53","date_gmt":"2025-10-22T08:01:53","guid":{"rendered":"https:\/\/vapestornado.com\/?post_type=product&#038;p=4446"},"modified":"2025-12-12T09:47:39","modified_gmt":"2025-12-12T09:47:39","slug":"stagbar-king-40000-40k-puff-rechargeable-disposable-vape-shop-online","status":"publish","type":"product","link":"https:\/\/vapestornado.com\/ro\/product\/stagbar-king-40000-40k-puff-rechargeable-disposable-vape-shop-online\/","title":{"rendered":"Stagbar King 40000 40K Pufuri Re\u00eenc\u0103rcabil\u0103 Vape de Unic\u0103 Folosin\u021b\u0103 Magazin Online"},"content":{"rendered":"<h2 data-pm-slice=\"1 1 []\">Stagbar King 40000 Pufuri Vape de unic\u0103 folosin\u021b\u0103 re\u00eenc\u0103rcabil\u0103 \u2013 Construit pentru putere de durat\u0103 lung\u0103 &amp; Livrare rapid\u0103 din depozitul EU<\/h2>\n<p data-start=\"1208\" data-end=\"1450\"><strong data-start=\"119\" data-end=\"141\">Stagbar King 40000<\/strong> este construit pentru utilizare zilnic\u0103 \u00eendelungat\u0103, cu o tragere pe care o po\u021bi ajusta cu adev\u0103rat. Ofer\u0103 <strong data-start=\"217\" data-end=\"239\">p\u00e2n\u0103 la 40.000 de pufuri<\/strong>, ruleaz\u0103 un <strong data-start=\"248\" data-end=\"266\">de tip mesh de 1.0\u03a9<\/strong> pentru un gust lin \u0219i vapori stabili, \u0219i adaug\u0103 <strong data-start=\"314\" data-end=\"336\">flux de aer reglabil<\/strong> astfel \u00eenc\u00e2t acela\u0219i dispozitiv poate fi perceput ca fiind str\u00e2ns, precum MTL, sau deschis \u0219i aerisit pentru nori mai mari. <strong data-start=\"416\" data-end=\"435\">\u00eenc\u0103rcare de tip C<\/strong> men\u021bine timpul de nefunc\u021bionare scurt, ceea ce face diferen\u021ba \u00eentre a termina un dispozitiv \u0219i a-l arunca devreme. Pentru cump\u0103r\u0103torii care compar\u0103 <strong data-start=\"560\" data-end=\"586\">pre\u021bul vaper-ului re\u00eenc\u0103rcabil<\/strong> pe tot cuprinsul Europei, Stagbar King 40K se afl\u0103 \u00een zona de valoare f\u0103r\u0103 a p\u0103rea ieftin \u00een m\u00e2n\u0103.<\/p>\n<h3 data-start=\"905\" data-end=\"956\">De ce este dispozitivul de unic\u0103 folosin\u021b\u0103 Stagbar King 40k alegerea mai inteligent\u0103 pentru utilizare \u00eendelungat\u0103?<\/h3>\n<ul data-start=\"958\" data-end=\"2345\">\n<li data-start=\"958\" data-end=\"1255\">\n<p data-start=\"960\" data-end=\"1255\"><strong data-start=\"960\" data-end=\"1010\">durata de via\u021b\u0103 de 40K care are sens pentru utilizarea regulat\u0103.<\/strong> Sistemul <strong data-start=\"1015\" data-end=\"1037\">Stagbar King 40000<\/strong> este proiectat pentru rutine intense \u0219i s\u0103pt\u0103m\u00e2ni lungi. \u00cen pie\u021be precum <strong data-start=\"1101\" data-end=\"1156\">Germania, Spania, Polonia, Fran\u021ba \u0219i \u021a\u0103rile de Jos<\/strong>, acest tip de unitate cu capacitate mare reduce cump\u0103r\u0103turile repetate \u0219i elimin\u0103 problema \u201emereu f\u0103r\u0103 vape-uri\u201d.<\/p>\n<\/li>\n<li data-start=\"1257\" data-end=\"1554\">\n<p data-start=\"1259\" data-end=\"1554\"><strong data-start=\"1259\" data-end=\"1316\">Flux de aer reglabil care schimb\u0103 modul \u00een care se simte dispozitivul.<\/strong> Sistemul <strong data-start=\"1321\" data-end=\"1371\">Stagbar King 40K, dispozitiv de unic\u0103 folosin\u021b\u0103 cu flux de aer reglabil<\/strong> poate fi folosit str\u00e2ns pentru o tragere asem\u0103n\u0103toare cu cea a unei \u021big\u0103ri sau deschis pentru tragere mai lejer\u0103 \u0219i nori mai mari. Este o caracteristic\u0103 practic\u0103, nu o p\u0103c\u0103leal\u0103\u2014un dispozitiv acoper\u0103 diferite situa\u021bii pe parcursul zilei.<\/p>\n<\/li>\n<li data-start=\"1556\" data-end=\"1776\">\n<p data-start=\"1558\" data-end=\"1776\"><strong data-start=\"1558\" data-end=\"1597\">Performan\u021ba bobinei din plas\u0103 r\u0103m\u00e2ne lin\u0103.<\/strong> Sistemul <strong data-start=\"1602\" data-end=\"1620\">de tip mesh de 1.0\u03a9<\/strong> este construit pentru \u00eenc\u0103lzire uniform\u0103, ceea ce ajut\u0103 la men\u021binerea unui gust constant pe durata utiliz\u0103rii \u0219i evit\u0103 gustul ascu\u021bit, uscat de sf\u00e2r\u0219it de utilizare, pe care \u00eel dezvolt\u0103 multe dispozitive cu multe pufuri.<\/p>\n<\/li>\n<li data-start=\"1778\" data-end=\"2075\">\n<p data-start=\"1780\" data-end=\"2075\"><strong data-start=\"1780\" data-end=\"1829\">Convenien\u021ba re\u00eenc\u0103rcabil\u0103 care protejeaz\u0103 valoarea.<\/strong> Cu <strong data-start=\"1835\" data-end=\"1854\">\u00eenc\u0103rcare de tip C<\/strong>, modelul <strong data-start=\"1860\" data-end=\"1906\">Stagbar King 40000, dispozitiv re\u00eenc\u0103rcabil de unic\u0103 folosin\u021b\u0103<\/strong> poate fi complet re\u00eenc\u0103rcat rapid. Asta conteaz\u0103 atunci c\u00e2nd acorzi aten\u021bie <strong data-start=\"1978\" data-end=\"2004\">pre\u021bul vaper-ului re\u00eenc\u0103rcabil<\/strong>\u2014un dispozitiv ar trebui s\u0103 dureze p\u00e2n\u0103 se termin\u0103, nu p\u00e2n\u0103 se opre\u0219te bateria.<\/p>\n<\/li>\n<li data-start=\"2077\" data-end=\"2345\">\n<p data-start=\"2079\" data-end=\"2345\"><strong data-start=\"2079\" data-end=\"2126\">O alternativ\u0103 curat\u0103 la sistemele de tip pod \u00een curs de utilizare.<\/strong> Unii utilizatori prefer\u0103 <strong data-start=\"2145\" data-end=\"2161\">poduri stagbar<\/strong> sau alte platforme de pod pentru confortul \u00eenc\u0103rc\u0103rii, dar nu doresc s\u0103 gestioneze reumpleri \u0219i piese. Stagbar King 40K p\u0103streaz\u0103 fluxul simplu de \u201edeschide \u0219i vapeaz\u0103\u201d \u00een timp ce r\u0103m\u00e2ne re\u00eenc\u0103rcabil.<\/p>\n<\/li>\n<\/ul>\n<p><strong><span style=\"color: #ff0000;\">Adaug\u0103 whatsapp-ul lui Amy pentru a primi r\u0103spuns imediat \u0219i un cupon de vape!<\/span><\/strong><\/p>\n<p><img fetchpriority=\"high\" decoding=\"async\" class=\"size-full wp-image-2932\" src=\"https:\/\/vapestornado.com\/wp-content\/uploads\/2024\/12\/Vape-Wholesale.jpg\" alt=\"\u021aig\u0103ri electronice cu ridicata\" width=\"229\" height=\"300\" \/><\/p>\n<h3><a href=\"https:\/\/wa.me\/8617776015835\" target=\"_blank\" rel=\"noopener\"><span style=\"color: #ff0000;\"><strong>WhatsApp: +86 17776015835<\/strong><\/span><\/a><\/h3>\n<p>&nbsp;<\/p>\n<h2><strong>Caracteristici ale produsului Stagbar King 40000<\/strong><\/h2>\n<table>\n<thead>\n<tr>\n<th>Caracteristic\u0103<\/th>\n<th>specifica\u021bii<\/th>\n<th>detalii<\/th>\n<\/tr>\n<\/thead>\n<tbody>\n<tr>\n<td>Numele produsului<\/td>\n<td>Stagbar King 40000 \/ Stagbar King 40K<\/td>\n<td>Vape de unic\u0103 folosin\u021b\u0103 re\u00eenc\u0103rcabil\u0103 cu capacitate mare<\/td>\n<\/tr>\n<tr>\n<td>Capacitate Pufuri<\/td>\n<td>P\u00e2n\u0103 la 40.000 de pufuri<\/td>\n<td>Conceput pentru utilizare zilnic\u0103 prelungit\u0103 \u0219i mai pu\u021bine \u00eenlocuiri<\/td>\n<\/tr>\n<tr>\n<td>Tip de bobin\u0103<\/td>\n<td>de tip mesh de 1.0\u03a9<\/td>\n<td>\u00cenc\u0103lzire uniform\u0103 pentru vapori netezi \u0219i arom\u0103 stabil\u0103<\/td>\n<\/tr>\n<tr>\n<td>Flux de aer<\/td>\n<td>Sistem de flux de aer reglabil<\/td>\n<td>Comut\u0103 \u00eentre tragerea mai str\u00e2ns\u0103 MTL \u0219i cea mai aerisit\u0103 DTL<\/td>\n<\/tr>\n<tr>\n<td>\u00cenc\u0103rcare<\/td>\n<td>\u00eenc\u0103rcare de tip C<\/td>\n<td>\u00cenc\u0103rcare rapid\u0103 pentru reducerea timpului de nefunc\u021bionare<\/td>\n<\/tr>\n<tr>\n<td>Gama de arome<\/td>\n<td>Peste 10 arome<\/td>\n<td>Include profile precum Red Bull, Fructe de P\u0103dure Mixte, Sex On The Beach, Afine Zmeur\u0103<\/td>\n<\/tr>\n<tr>\n<td>Pozi\u021bionare<\/td>\n<td>Retail + en gros<\/td>\n<td>Potrivit pentru un magazin de \u021big\u0103ri electronice \u0219i comenzi en gros online<\/td>\n<\/tr>\n<tr>\n<td>Profilul utilizatorului<\/td>\n<td>Utilizatori adul\u021bi<\/td>\n<td>Proiectat pentru vaperi adul\u021bi care doresc durat\u0103 lung\u0103 \u0219i control<\/td>\n<\/tr>\n<\/tbody>\n<\/table>\n<h2 class=\"product-title\"><strong>Lista de arome pentru Stagbar King 40000 Puff Vape<\/strong><\/h2>\n<p>1. Coco loco<br \/>\n2. Sex on the beach<br \/>\n3. Lemon Lime<br \/>\n4. Red Bull<br \/>\n5.Pepene Ro\u0219u Ghea\u021b\u0103<br \/>\n6. Fructe de p\u0103dure mixte<br \/>\n7.C\u0103p\u0219uni kiwi<br \/>\n8. Banane cu ghea\u021b\u0103<br \/>\n9.Afine Zmeur\u0103<br \/>\n10. C\u0103p\u0219uni cu struguri<\/p>\n<p>&nbsp;<\/p>\n<figure id=\"attachment_4442\" aria-describedby=\"caption-attachment-4442\" style=\"width: 300px\" class=\"wp-caption alignnone\"><img decoding=\"async\" class=\"size-medium wp-image-4442\" src=\"https:\/\/vapestornado.com\/wp-content\/uploads\/2025\/10\/Stagbar-King-40000-40K-Puff-Disposable-E-Vape-300x300.webp\" alt=\"Stagbar King 40000 40K Puff Vape de unic\u0103 folosin\u021b\u0103\" width=\"300\" height=\"300\" srcset=\"https:\/\/vapestornado.com\/wp-content\/uploads\/2025\/10\/Stagbar-King-40000-40K-Puff-Disposable-E-Vape-300x300.webp 300w, https:\/\/vapestornado.com\/wp-content\/uploads\/2025\/10\/Stagbar-King-40000-40K-Puff-Disposable-E-Vape-150x150.webp 150w, https:\/\/vapestornado.com\/wp-content\/uploads\/2025\/10\/Stagbar-King-40000-40K-Puff-Disposable-E-Vape-768x768.webp 768w, https:\/\/vapestornado.com\/wp-content\/uploads\/2025\/10\/Stagbar-King-40000-40K-Puff-Disposable-E-Vape-12x12.webp 12w, https:\/\/vapestornado.com\/wp-content\/uploads\/2025\/10\/Stagbar-King-40000-40K-Puff-Disposable-E-Vape-600x600.webp 600w, https:\/\/vapestornado.com\/wp-content\/uploads\/2025\/10\/Stagbar-King-40000-40K-Puff-Disposable-E-Vape-100x100.webp 100w, https:\/\/vapestornado.com\/wp-content\/uploads\/2025\/10\/Stagbar-King-40000-40K-Puff-Disposable-E-Vape.webp 800w\" sizes=\"(max-width: 300px) 100vw, 300px\" \/><figcaption id=\"caption-attachment-4442\" class=\"wp-caption-text\">Stagbar King 40000 40K Puff Vape de unic\u0103 folosin\u021b\u0103<\/figcaption><\/figure>\n<figure id=\"attachment_4441\" aria-describedby=\"caption-attachment-4441\" style=\"width: 300px\" class=\"wp-caption alignnone\"><img decoding=\"async\" class=\"size-medium wp-image-4441\" src=\"https:\/\/vapestornado.com\/wp-content\/uploads\/2025\/10\/Stagbar-King-40K-Puff-Disposable-Vape-Bulk-Buy-300x300.webp\" alt=\"Stagbar King 40K Puff Vape de unic\u0103 folosin\u021b\u0103, achizi\u021bie en gros\" width=\"300\" height=\"300\" srcset=\"https:\/\/vapestornado.com\/wp-content\/uploads\/2025\/10\/Stagbar-King-40K-Puff-Disposable-Vape-Bulk-Buy-300x300.webp 300w, https:\/\/vapestornado.com\/wp-content\/uploads\/2025\/10\/Stagbar-King-40K-Puff-Disposable-Vape-Bulk-Buy-150x150.webp 150w, https:\/\/vapestornado.com\/wp-content\/uploads\/2025\/10\/Stagbar-King-40K-Puff-Disposable-Vape-Bulk-Buy-768x768.webp 768w, https:\/\/vapestornado.com\/wp-content\/uploads\/2025\/10\/Stagbar-King-40K-Puff-Disposable-Vape-Bulk-Buy-12x12.webp 12w, https:\/\/vapestornado.com\/wp-content\/uploads\/2025\/10\/Stagbar-King-40K-Puff-Disposable-Vape-Bulk-Buy-600x600.webp 600w, https:\/\/vapestornado.com\/wp-content\/uploads\/2025\/10\/Stagbar-King-40K-Puff-Disposable-Vape-Bulk-Buy-100x100.webp 100w, https:\/\/vapestornado.com\/wp-content\/uploads\/2025\/10\/Stagbar-King-40K-Puff-Disposable-Vape-Bulk-Buy.webp 800w\" sizes=\"(max-width: 300px) 100vw, 300px\" \/><figcaption id=\"caption-attachment-4441\" class=\"wp-caption-text\">Stagbar King 40K Puff Vape de unic\u0103 folosin\u021b\u0103, achizi\u021bie en gros<\/figcaption><\/figure>\n<div class=\"flex-shrink-0 flex flex-col relative items-end\">\n<div class=\"pt-0\">\n<div class=\"gizmo-bot-avatar flex h-8 w-8 items-center justify-center overflow-hidden rounded-full\">\n<div class=\"relative p-1 rounded-sm flex items-center justify-center bg-token-main-surface-primary text-token-text-primary h-8 w-8\">\n<h2 data-start=\"1200\" data-end=\"1487\">Vapes Tornado \u2013 Magazinul t\u0103u online en gros pentru cele mai bune m\u0103rci de vape-uri<\/h2>\n<p data-start=\"1200\" data-end=\"1487\"><strong data-start=\"141\" data-end=\"177\">Magazinul online de fumat Vapes Tornado<\/strong> este sursa ta de \u00eencredere pentru <strong data-start=\"205\" data-end=\"270\">vape-uri premium de unic\u0103 folosin\u021b\u0103 \u0219i \u021bigarete electronice en-gros \u00een Europa<\/strong>. Oferim branduri de top precum <strong data-start=\"307\" data-end=\"362\"><a href=\"https:\/\/vapestornado.com\/ro\/product\/randm-12000-puffs-fumot-digital-disposable-vape-wholesale-price\/\">Fumot VAPE<\/a>, <a href=\"https:\/\/vapestornado.com\/ro\/product\/waspe-150k-150000-puff-6-in-1-disposable-vape-pen-cartridge-best-wholesale-price-in-poland\/\">\u021aIGAR\u0102 ELECTRONIC\u0102 WASPE<\/a>, <\/strong><strong data-start=\"307\" data-end=\"362\"><a href=\"https:\/\/vapestornado.com\/ro\/product\/vozol-gear-shisha-25k-25000-puffs-best-dtl-disposable-vape-hookah-cheap-price\/\">VOZOL BAR VAPE<\/a>, \u00a0 Bang Vape<\/strong>, \u0219i altele, asigur\u00e2nd calitate \u0219i varietate pentru fiecare client. Fie c\u0103 e\u0219ti un vaper individual sau un cump\u0103r\u0103tor en-gros, livr\u0103m <strong data-start=\"481\" data-end=\"550\">dispozitive performante, designuri elegante \u0219i pre\u021buri competitive<\/strong> pentru a-\u021bi satisface nevoile.<\/p>\n<h2 data-start=\"2064\" data-end=\"2115\">\u00centreb\u0103ri frecvente despre Stagbar King 40k Puff Vape cu flux de aer reglabil<\/h2>\n<ol data-start=\"3233\" data-end=\"4438\">\n<li data-start=\"3233\" data-end=\"3479\">\n<p data-start=\"3236\" data-end=\"3479\"><strong data-start=\"3236\" data-end=\"3335\">Cum se comport\u0103 Stagbar King 40000 40K Puff, dispozitivul de unic\u0103 folosin\u021b\u0103 re\u00eenc\u0103rcabil, pentru utilizatorii zilnici intensi?<\/strong><br data-start=\"3335\" data-end=\"3338\" \/>Capacitatea sa mare de pufuri este construit\u0103 pentru rutine lungi, iar re\u00eenc\u0103rcarea Type-C \u00eel men\u021bine utilizabil pe durata vie\u021bii dispozitivului, nu se termin\u0103 prematur.<\/p>\n<\/li>\n<li data-start=\"3481\" data-end=\"3705\">\n<p data-start=\"3484\" data-end=\"3705\"><strong data-start=\"3484\" data-end=\"3573\">Ce diferen\u021b\u0103 face fluxul de aer ajustabil pe vape-ul de unic\u0103 folosin\u021b\u0103 Stagbar King 40K?<\/strong><br data-start=\"3573\" data-end=\"3576\" \/>\u00ce\u021bi permite s\u0103 str\u00e2ngi tragerea pentru pufuri de tip MTL sau s\u0103 o deschizi pentru o senza\u021bie mai lejer\u0103 DTL cu nori mai mari, \u00een func\u021bie de moment.<\/p>\n<\/li>\n<li data-start=\"3707\" data-end=\"3924\">\n<p data-start=\"3710\" data-end=\"3924\"><strong data-start=\"3710\" data-end=\"3793\">Ajut\u0103 bobina din plas\u0103 de 1.0\u03a9 din Stagbar King 40000 la men\u021binerea consisten\u021bei aromei?<\/strong><br data-start=\"3793\" data-end=\"3796\" \/>Da. Bobinele din plas\u0103 se \u00eenc\u0103lzesc mai uniform dec\u00e2t bobinele din s\u00e2rm\u0103 de baz\u0103, ajut\u00e2nd vapori s\u0103 r\u0103m\u00e2n\u0103 mai neted \u0219i gustul s\u0103 fie mai stabil pe o perioad\u0103 mai lung\u0103 de utilizare.<\/p>\n<\/li>\n<li data-start=\"3926\" data-end=\"4147\">\n<p data-start=\"3929\" data-end=\"4147\"><strong data-start=\"3929\" data-end=\"4008\">Cum se compar\u0103 Stagbar King 40000 cu podurile stagbar \u00een ceea ce prive\u0219te comoditatea zilnic\u0103?<\/strong><br data-start=\"4008\" data-end=\"4011\" \/>Stagbar King 40000 p\u0103streaz\u0103 comoditatea pe care o apreciaz\u0103 oamenii \u00een <strong data-start=\"4067\" data-end=\"4083\">poduri stagbar<\/strong>\u2014re\u00eenc\u0103rcabilitate\u2014f\u0103r\u0103 a fi nevoie s\u0103 gestioneze poduri, reumpleri sau piese suplimentare.<\/p>\n<\/li>\n<li data-start=\"4149\" data-end=\"4438\">\n<p data-start=\"4152\" data-end=\"4438\"><strong data-start=\"4152\" data-end=\"4267\">Este Stagbar King 40000 o alegere rezonabil\u0103 pentru un magazin de \u021big\u0103ri electronice axat pe pre\u021bul pentru vapori re\u00eenc\u0103rcabili?<\/strong><br data-start=\"4267\" data-end=\"4270\" \/>Da. Ofer\u0103 un num\u0103r mare de pufuri, control al fluxului de aer, performan\u021b\u0103 a bobinei din plas\u0103 \u0219i re\u00eenc\u0103rcare Type-C\u2014caracteristici care sus\u021bin cump\u0103r\u0103torii orienta\u021bi spre valoare, f\u0103r\u0103 a se baza pe trucuri.<\/p>\n<\/li>\n<\/ol>\n<\/div>\n<\/div>\n<\/div>\n<\/div>","protected":false},"excerpt":{"rendered":"<div class=\"flex flex-col text-sm @w-xl\/main:pt-header-height pb-25\">\n<article class=\"text-token-text-primary w-full focus:outline-none [--shadow-height:45px] has-data-writing-block:pointer-events-none has-data-writing-block:-mt-(--shadow-height) has-data-writing-block:pt-(--shadow-height) [&amp;:has([data-writing-block])&gt;*]:pointer-events-auto scroll-mt-[calc(var(--header-height)+min(200px,max(70px,20svh)))]\" dir=\"auto\" tabindex=\"-1\" data-turn-id=\"a4553bcb-7aea-49d6-9fac-81ba76f7aa52\" data-testid=\"conversation-turn-52\" data-scroll-anchor=\"true\" data-turn=\"assistant\">\n<div class=\"text-base my-auto mx-auto pb-10 [--thread-content-margin:--spacing(4)] @w-sm\/main:[--thread-content-margin:--spacing(6)] @w-lg\/main:[--thread-content-margin:--spacing(16)] px-(--thread-content-margin)\">\n<div class=\"[--thread-content-max-width:40rem] @w-lg\/main:[--thread-content-max-width:48rem] mx-auto max-w-(--thread-content-max-width) flex-1 group\/turn-messages focus-visible:outline-hidden relative flex w-full min-w-0 flex-col agent-turn\" tabindex=\"-1\">\n<div class=\"flex max-w-full flex-col grow\">\n<div class=\"min-h-8 text-message relative flex w-full flex-col items-end gap-2 text-start break-words whitespace-normal [.text-message+&amp;]:mt-1\" dir=\"auto\" data-message-author-role=\"assistant\" data-message-id=\"337d04d0-1322-4696-922d-486732393dc5\" data-message-model-slug=\"gpt-5-2-thinking\">\n<div class=\"flex w-full flex-col gap-1 empty:hidden first:pt-[1px]\">\n<div class=\"markdown prose dark:prose-invert w-full break-words light markdown-new-styling\">\n<p data-start=\"4468\" data-end=\"4743\" data-is-last-node=\"\" data-is-only-node=\"\">Stagbar King 40000 (Stagbar King 40K) vaporizator de unic\u0103 folosin\u021b\u0103 re\u00eenc\u0103rcabil cu 40.000 de pufuri, bobin\u0103 din plas\u0103 de 1.0\u03a9, flux de aer reglabil \u0219i \u00eenc\u0103rcare Type-C. Consisten\u021b\u0103 puternic\u0103 a aromei, control al norului mare \u0219i pre\u021b competitiv pentru vapori re\u00eenc\u0103rcabili pentru magazinul de \u021big\u0103ri electronice \u0219i v\u00e2nz\u0103ri online.<\/p>\n<\/div>\n<\/div>\n<\/div>\n<\/div>\n<div class=\"z-0 flex min-h-[46px] justify-start\"><\/div>\n<\/div>\n<\/div>\n<\/article>\n<\/div>\n<p><strong>Ad\u0103uga\u021bi-o pe Amy pe WhatsApp pentru a ob\u021bine un r\u0103spuns corect \u0219i un pre\u021b redus!<\/strong><\/p>\n<p><img fetchpriority=\"high\" decoding=\"async\" class=\"size-full wp-image-2932\" src=\"https:\/\/vapestornado.com\/wp-content\/uploads\/2024\/12\/Vape-Wholesale.jpg\" alt=\"\u021aig\u0103ri electronice cu ridicata\" width=\"229\" height=\"300\" \/><\/p>\n<h3><a href=\"https:\/\/wa.me\/8617776015835\"><span style=\"color: #ff0000;\"><strong>WhatsApp: +86 17776015835<\/strong><\/span><\/a><\/h3>","protected":false},"featured_media":4440,"comment_status":"open","ping_status":"closed","template":"","meta":{"_acf_changed":false,"_uag_custom_page_level_css":"","_lmt_disableupdate":"no","_lmt_disable":"","_monsterinsights_skip_tracking":false,"_monsterinsights_sitenote_active":false,"_monsterinsights_sitenote_note":"","_monsterinsights_sitenote_category":0,"site-sidebar-layout":"default","site-content-layout":"","ast-site-content-layout":"default","site-content-style":"default","site-sidebar-style":"default","ast-global-header-display":"","ast-banner-title-visibility":"","ast-main-header-display":"","ast-hfb-above-header-display":"","ast-hfb-below-header-display":"","ast-hfb-mobile-header-display":"","site-post-title":"","ast-breadcrumbs-content":"","ast-featured-img":"","footer-sml-layout":"","ast-disable-related-posts":"","theme-transparent-header-meta":"default","adv-header-id-meta":"","stick-header-meta":"","header-above-stick-meta":"","header-main-stick-meta":"","header-below-stick-meta":"","astra-migrate-meta-layouts":"set","ast-page-background-enabled":"default","ast-page-background-meta":{"desktop":{"background-color":"","background-image":"","background-repeat":"repeat","background-position":"center center","background-size":"auto","background-attachment":"scroll","background-type":"","background-media":"","overlay-type":"","overlay-color":"","overlay-opacity":"","overlay-gradient":""},"tablet":{"background-color":"","background-image":"","background-repeat":"repeat","background-position":"center center","background-size":"auto","background-attachment":"scroll","background-type":"","background-media":"","overlay-type":"","overlay-color":"","overlay-opacity":"","overlay-gradient":""},"mobile":{"background-color":"","background-image":"","background-repeat":"repeat","background-position":"center center","background-size":"auto","background-attachment":"scroll","background-type":"","background-media":"","overlay-type":"","overlay-color":"","overlay-opacity":"","overlay-gradient":""}},"ast-content-background-meta":{"desktop":{"background-color":"var(--ast-global-color-5)","background-image":"","background-repeat":"repeat","background-position":"center center","background-size":"auto","background-attachment":"scroll","background-type":"","background-media":"","overlay-type":"","overlay-color":"","overlay-opacity":"","overlay-gradient":""},"tablet":{"background-color":"var(--ast-global-color-5)","background-image":"","background-repeat":"repeat","background-position":"center center","background-size":"auto","background-attachment":"scroll","background-type":"","background-media":"","overlay-type":"","overlay-color":"","overlay-opacity":"","overlay-gradient":""},"mobile":{"background-color":"var(--ast-global-color-5)","background-image":"","background-repeat":"repeat","background-position":"center center","background-size":"auto","background-attachment":"scroll","background-type":"","background-media":"","overlay-type":"","overlay-color":"","overlay-opacity":"","overlay-gradient":""}},"_joinchat":[]},"product_brand":[],"product_cat":[65,152,156,142,492,357,146],"product_tag":[396,368,390,401,400,393,397],"class_list":{"0":"post-4446","1":"product","2":"type-product","3":"status-publish","4":"has-post-thumbnail","6":"product_cat-40000-puff","7":"product_cat-buy-disposable-vapes-in-cermany","8":"product_cat-buy-disposable-vapes-in-poland","9":"product_cat-digital-box-disposable-vapes","10":"product_cat-eu-warehouse","11":"product_cat-flavor-adjustable-vape","12":"product_cat-rechargeable-disposable-vapes","13":"product_tag-disposable-cigarette","14":"product_tag-disposable-vapor","15":"product_tag-online-vape-shop","16":"product_tag-stag-bar-king-40k","17":"product_tag-stagbar-king-40000","18":"product_tag-vape-cartridge","19":"product_tag-vapor","20":"desktop-align-left","21":"tablet-align-left","22":"mobile-align-left","24":"first","25":"instock","26":"sale","27":"shipping-taxable","28":"purchasable","29":"product-type-simple"},"acf":[],"uagb_featured_image_src":{"full":["https:\/\/vapestornado.com\/wp-content\/uploads\/2025\/10\/Stag-bar-King-40000-40K-Puffs-Disposable-Vape-Pod.webp",800,800,false],"thumbnail":["https:\/\/vapestornado.com\/wp-content\/uploads\/2025\/10\/Stag-bar-King-40000-40K-Puffs-Disposable-Vape-Pod-150x150.webp",150,150,true],"medium":["https:\/\/vapestornado.com\/wp-content\/uploads\/2025\/10\/Stag-bar-King-40000-40K-Puffs-Disposable-Vape-Pod-300x300.webp",300,300,true],"medium_large":["https:\/\/vapestornado.com\/wp-content\/uploads\/2025\/10\/Stag-bar-King-40000-40K-Puffs-Disposable-Vape-Pod-768x768.webp",768,768,true],"large":["https:\/\/vapestornado.com\/wp-content\/uploads\/2025\/10\/Stag-bar-King-40000-40K-Puffs-Disposable-Vape-Pod.webp",800,800,false],"1536x1536":["https:\/\/vapestornado.com\/wp-content\/uploads\/2025\/10\/Stag-bar-King-40000-40K-Puffs-Disposable-Vape-Pod.webp",800,800,false],"2048x2048":["https:\/\/vapestornado.com\/wp-content\/uploads\/2025\/10\/Stag-bar-King-40000-40K-Puffs-Disposable-Vape-Pod.webp",800,800,false],"trp-custom-language-flag":["https:\/\/vapestornado.com\/wp-content\/uploads\/2025\/10\/Stag-bar-King-40000-40K-Puffs-Disposable-Vape-Pod-12x12.webp",12,12,true],"woocommerce_thumbnail":["https:\/\/vapestornado.com\/wp-content\/uploads\/2025\/10\/Stag-bar-King-40000-40K-Puffs-Disposable-Vape-Pod-300x300.webp",300,300,true],"woocommerce_single":["https:\/\/vapestornado.com\/wp-content\/uploads\/2025\/10\/Stag-bar-King-40000-40K-Puffs-Disposable-Vape-Pod-600x600.webp",600,600,true],"woocommerce_gallery_thumbnail":["https:\/\/vapestornado.com\/wp-content\/uploads\/2025\/10\/Stag-bar-King-40000-40K-Puffs-Disposable-Vape-Pod-100x100.webp",100,100,true]},"uagb_author_info":{"display_name":"ESAMY","author_link":"https:\/\/vapestornado.com\/ro\/author\/"},"uagb_comment_info":1,"uagb_excerpt":"Stagbar King 40000 (Stagbar King 40K) rechargeable disposable vape with 40,000 puffs, 1.0\u03a9 mesh coil, adjustable airflow and Type-C charging. Strong flavour consistency, big cloud control, and competitive vaper recargable price for electronic cigarette shop and online sales. Add Amy's whatsapp to get right reply and discount price! WhatsApp: +86 17776015835","_links":{"self":[{"href":"https:\/\/vapestornado.com\/ro\/wp-json\/wp\/v2\/product\/4446","targetHints":{"allow":["GET"]}}],"collection":[{"href":"https:\/\/vapestornado.com\/ro\/wp-json\/wp\/v2\/product"}],"about":[{"href":"https:\/\/vapestornado.com\/ro\/wp-json\/wp\/v2\/types\/product"}],"replies":[{"embeddable":true,"href":"https:\/\/vapestornado.com\/ro\/wp-json\/wp\/v2\/comments?post=4446"}],"wp:featuredmedia":[{"embeddable":true,"href":"https:\/\/vapestornado.com\/ro\/wp-json\/wp\/v2\/media\/4440"}],"wp:attachment":[{"href":"https:\/\/vapestornado.com\/ro\/wp-json\/wp\/v2\/media?parent=4446"}],"wp:term":[{"taxonomy":"product_brand","embeddable":true,"href":"https:\/\/vapestornado.com\/ro\/wp-json\/wp\/v2\/product_brand?post=4446"},{"taxonomy":"product_cat","embeddable":true,"href":"https:\/\/vapestornado.com\/ro\/wp-json\/wp\/v2\/product_cat?post=4446"},{"taxonomy":"product_tag","embeddable":true,"href":"https:\/\/vapestornado.com\/ro\/wp-json\/wp\/v2\/product_tag?post=4446"}],"curies":[{"name":"wp","href":"https:\/\/api.w.org\/{rel}","templated":true}]}}