{"id":4430,"date":"2025-10-15T09:50:23","date_gmt":"2025-10-15T09:50:23","guid":{"rendered":"https:\/\/vapestornado.com\/?post_type=product&#038;p=4430"},"modified":"2025-10-31T09:51:16","modified_gmt":"2025-10-31T09:51:16","slug":"fihp-120k-6-in1-multi-flavors-120000-puff-disposable-vape-pen-cheap-price","status":"publish","type":"product","link":"https:\/\/vapestornado.com\/ro\/product\/fihp-120k-6-in1-multi-flavors-120000-puff-disposable-vape-pen-cheap-price\/","title":{"rendered":"FIHP 120K 6 \u00een 1 Arome Multiple 120000 Pufuri Vape Disposable Pre\u021b Mic"},"content":{"rendered":"<h2 data-pm-slice=\"1 1 []\">FIHP 120K 6-in-1 Vape de Unic\u0103 Folosin\u021b\u0103 cu 120000 Pufuri \u0219i Arome Multiple \u2014 Cele mai ieftine Vape-uri din Europa<\/h2>\n<p data-start=\"104\" data-end=\"592\">Sistemul <strong data-start=\"108\" data-end=\"146\">FIHP 120K Vape de Unic\u0103 Folosin\u021b\u0103 cu Pufuri<\/strong> este proiectat pentru cei care doresc putere masiv\u0103, gust bogat \u0219i adev\u0103rata varietate \u00eentr-un design elegant. Oferind o experien\u021b\u0103 incredibil\u0103 <strong data-start=\"272\" data-end=\"288\">120000 de pufuri<\/strong>, acest <strong data-start=\"295\" data-end=\"315\">FIHP 120000 Puf<\/strong> dispozitivul vine preumplut cu <strong data-start=\"344\" data-end=\"372\">64mL de e-lichid premium<\/strong> \u0219i o <strong data-start=\"379\" data-end=\"416\">sistem de comutare cu 6 arome diferite<\/strong>, oferind utilizatorilor \u0219ase op\u021biuni vibrante de arom\u0103 \u00eentr-un singur dispozitiv. Este alegerea ideal\u0103 pentru en-gros-urile din Europa \u0219i tinerii vaperi \u00een c\u0103utare de <strong data-start=\"543\" data-end=\"558\">vape-uri ieftine<\/strong> care nu fac compromisuri \u00een privin\u021ba calit\u0103\u021bii.<\/p>\n<p data-start=\"594\" data-end=\"1161\">Alimentat de o <strong data-start=\"607\" data-end=\"638\">baterie re\u00eenc\u0103rcabil\u0103 de 650mAh<\/strong> \u0219i echipat cu <strong data-start=\"657\" data-end=\"681\">\u00eenc\u0103rcare rapid\u0103 de tip C<\/strong>, modelul <strong data-start=\"687\" data-end=\"714\">FIHP 120k Vape de Puf<\/strong> asigur\u0103 vaping continuu pe tot parcursul zilei. Acesta <strong data-start=\"757\" data-end=\"775\">rezisten\u021ba dubl\u0103 tip mesh<\/strong> ofer\u0103 vapori densi \u0219i arom\u0103 puternic\u0103 de la prima inhalare p\u00e2n\u0103 la ultima, \u00een timp ce <strong data-start=\"860\" data-end=\"881\">afi\u0219ajul inteligent LED<\/strong> arat\u0103 nivelul bateriei \u0219i al e-lichidului \u00een timp real. Cu <strong data-start=\"932\" data-end=\"970\">op\u021biuni de nicotin\u0103 2% \u0219i 5%<\/strong>, acest dispozitiv echilibreaz\u0103 perfect performan\u021ba, satisfac\u021bia \u0219i accesibilitatea \u2014 fiind unul dintre cele mai <strong data-start=\"1071\" data-end=\"1084\">cel mai bun vape<\/strong> op\u021biuni pentru utilizatori ocazionali \u0219i comercian\u021bi cu am\u0103nuntul care doresc s\u0103 creasc\u0103 marjele de profit.<\/p>\n<p data-start=\"1163\" data-end=\"1524\">Elegant, durabil \u0219i plin de caracteristici, <strong data-start=\"1211\" data-end=\"1251\">FIHP 120K 6-in-1 \u021aigar\u0103 electronic\u0103 de unic\u0103 folosin\u021b\u0103<\/strong> redefine\u0219te ce \u00eenseamn\u0103 o \u021bigar\u0103 de unic\u0103 folosin\u021b\u0103 cu capacitate mare. Fie pentru pl\u0103cere personal\u0103 sau aprovizionare en gros, acest vape ofer\u0103 putere, arom\u0103 \u0219i valoare pe care comunitatea de vaping din Rom\u00e2nia o cere. Disponibil acum la cel mai bun pre\u021b en gros prin Vapestornado<strong data-start=\"1493\" data-end=\"1523\">\u00a0magazin online de vape-uri<\/strong>.<\/p>\n<p><strong><span style=\"color: #ff0000;\">Adaug\u0103 whatsapp-ul lui Amy pentru a primi r\u0103spuns imediat \u0219i un cupon de vape!<\/span><\/strong><\/p>\n<p><img fetchpriority=\"high\" decoding=\"async\" class=\"size-full wp-image-2932\" src=\"https:\/\/vapestornado.com\/wp-content\/uploads\/2024\/12\/Vape-Wholesale.jpg\" alt=\"\u021aig\u0103ri electronice cu ridicata\" width=\"229\" height=\"300\" \/><\/p>\n<h3><a href=\"https:\/\/wa.me\/8617776015835\" target=\"_blank\" rel=\"noopener\"><span style=\"color: #ff0000;\"><strong>WhatsApp: +86 17776015835<\/strong><\/span><\/a><\/h3>\n<p>&nbsp;<\/p>\n<h2><strong>Caracteristici ale produsului FIHP 120K Puff 6 \u00een 1<\/strong><\/h2>\n<ul>\n<li data-start=\"1555\" data-end=\"1630\">\n<p data-start=\"1557\" data-end=\"1630\"><strong data-start=\"1557\" data-end=\"1574\">120000 Pufuri:<\/strong> Performan\u021b\u0103 de durat\u0103 pentru satisfac\u021bie constant\u0103.<\/p>\n<\/li>\n<li data-start=\"1631\" data-end=\"1728\">\n<p data-start=\"1633\" data-end=\"1728\"><strong data-start=\"1633\" data-end=\"1658\">Sistem de arom\u0103 6-\u00een-1:<\/strong> Schimb\u0103 instantaneu \u00eentre \u0219ase arome preumplute pentru varietate continu\u0103.<\/p>\n<\/li>\n<li data-start=\"1729\" data-end=\"1799\">\n<p data-start=\"1731\" data-end=\"1799\"><strong data-start=\"1731\" data-end=\"1758\">Capacitate de 64mL pentru lichid:<\/strong> Rezervor extra-large care asigur\u0103 s\u0103pt\u0103m\u00e2ni de utilizare.<\/p>\n<\/li>\n<li data-start=\"1800\" data-end=\"1885\">\n<p data-start=\"1802\" data-end=\"1885\"><strong data-start=\"1802\" data-end=\"1834\">Baterie re\u00eenc\u0103rcabil\u0103 de 650mAh:<\/strong> Compact \u0219i eficient cu \u00eenc\u0103rcare rapid\u0103 Type-C.<\/p>\n<\/li>\n<li data-start=\"1886\" data-end=\"1974\">\n<p data-start=\"1888\" data-end=\"1974\"><strong data-start=\"1888\" data-end=\"1914\">Design cu dublu bobin\u0103 din plas\u0103:<\/strong> Densitate sporit\u0103 a vaporului \u0219i livrare de arom\u0103 fidel\u0103 gustului.<\/p>\n<\/li>\n<li data-start=\"1975\" data-end=\"2050\">\n<p data-start=\"1977\" data-end=\"2050\"><strong data-start=\"1977\" data-end=\"1999\">Display LED inteligent:<\/strong> Monitorizare \u00een timp real a puterii \u0219i nivelului lichidului.<\/p>\n<\/li>\n<li data-start=\"2051\" data-end=\"2125\">\n<p data-start=\"2053\" data-end=\"2125\"><strong data-start=\"2053\" data-end=\"2073\">Op\u021biuni de nicotin\u0103:<\/strong> Disponibil \u00een 2% \u0219i 5% pentru nevoi flexibile de vaping.<\/p>\n<\/li>\n<\/ul>\n<figure id=\"attachment_4429\" aria-describedby=\"caption-attachment-4429\" style=\"width: 300px\" class=\"wp-caption alignnone\"><img decoding=\"async\" class=\"size-medium wp-image-4429\" src=\"https:\/\/vapestornado.com\/wp-content\/uploads\/2025\/10\/Newest-FIHP-120000-120k-Puffs-Dispsable-Vape-Kit-300x300.webp\" alt=\"Cel mai nou kit de \u021bigar\u0103 electronic\u0103 FIHP 120000 120k Pufuri de unic\u0103 folosin\u021b\u0103\" width=\"300\" height=\"300\" srcset=\"https:\/\/vapestornado.com\/wp-content\/uploads\/2025\/10\/Newest-FIHP-120000-120k-Puffs-Dispsable-Vape-Kit-300x300.webp 300w, https:\/\/vapestornado.com\/wp-content\/uploads\/2025\/10\/Newest-FIHP-120000-120k-Puffs-Dispsable-Vape-Kit-150x150.webp 150w, https:\/\/vapestornado.com\/wp-content\/uploads\/2025\/10\/Newest-FIHP-120000-120k-Puffs-Dispsable-Vape-Kit-768x768.webp 768w, https:\/\/vapestornado.com\/wp-content\/uploads\/2025\/10\/Newest-FIHP-120000-120k-Puffs-Dispsable-Vape-Kit-12x12.webp 12w, https:\/\/vapestornado.com\/wp-content\/uploads\/2025\/10\/Newest-FIHP-120000-120k-Puffs-Dispsable-Vape-Kit-600x600.webp 600w, https:\/\/vapestornado.com\/wp-content\/uploads\/2025\/10\/Newest-FIHP-120000-120k-Puffs-Dispsable-Vape-Kit-100x100.webp 100w, https:\/\/vapestornado.com\/wp-content\/uploads\/2025\/10\/Newest-FIHP-120000-120k-Puffs-Dispsable-Vape-Kit.webp 800w\" sizes=\"(max-width: 300px) 100vw, 300px\" \/><figcaption id=\"caption-attachment-4429\" class=\"wp-caption-text\">Cel mai nou kit de \u021bigar\u0103 electronic\u0103 FIHP 120000 120k Pufuri de unic\u0103 folosin\u021b\u0103<\/figcaption><\/figure>\n<h2 class=\"product-title\"><strong>FIHP 120K 120000 Puff List\u0103 de Arome 6 \u00een 1<\/strong><\/h2>\n<p data-start=\"2550\" data-end=\"2736\">1. Pepene Verde Ghea\u021b\u0103&amp;Red Bull&amp;C\u0103p\u0219uni Kiwi&amp;Afine Ghea\u021b\u0103&amp;Citrus L\u0103m\u00e2ie&amp;C\u0103p\u0219uni Pepene Verde<br \/>\n2. C\u0103p\u0219uni Banane&amp;Double M\u0103r&amp;Zmeur\u0103 Pepene Verde&amp;Mango Mango&amp;Citrus Tropical&amp;Citrus L\u0103m\u00e2ie<br \/>\n3. Ananas Cocos&amp;Blue Razz&amp;Fructe de P\u0103dure Mixte&amp;Mango Mango&amp;Citrus Afine&amp;Vanilie Cola C\u0103p\u0219uni<br \/>\n4. Piersic\u0103 Fructe de P\u0103dure&amp;Triple Melon&amp;Strugure Ghea\u021b\u0103&amp;Dragon Negru Ghea\u021b\u0103&amp;Cire\u0219e Carbogazoase&amp;Gum\u0103 Urs<br \/>\n5. Dulce\u021buri Curcubeu&amp;Cire\u0219e Cola Ghea\u021b\u0103&amp;Love 666&amp;Mango Ghea\u021b\u0103&amp;Cotton Candy Afine&amp;Piersic\u0103 Ghea\u021b\u0103<br \/>\n6. Aloe Lychee Ghea\u021b\u0103&amp;Citrus Roz&amp;Ghea\u021b\u0103 Ghe\u021bar&amp;Ment\u0103 Brad&amp;Coac\u0103ze Negre Ghea\u021b\u0103&amp;Citrus Pepene Verde L\u0103m\u00e2ie<\/p>\n<div class=\"flex-shrink-0 flex flex-col relative items-end\">\n<div class=\"pt-0\">\n<div class=\"gizmo-bot-avatar flex h-8 w-8 items-center justify-center overflow-hidden rounded-full\">\n<div class=\"relative p-1 rounded-sm flex items-center justify-center bg-token-main-surface-primary text-token-text-primary h-8 w-8\">\n<h2 data-start=\"1200\" data-end=\"1487\">Vapes Tornado \u2013 Magazinul t\u0103u online en gros pentru cele mai bune m\u0103rci de vape-uri<\/h2>\n<p data-start=\"1200\" data-end=\"1487\"><strong data-start=\"141\" data-end=\"177\">Magazinul online de fumat Vapes Tornado<\/strong> este sursa ta de \u00eencredere pentru <strong data-start=\"205\" data-end=\"270\">vape-uri premium de unic\u0103 folosin\u021b\u0103 \u0219i \u021bigarete electronice en-gros \u00een Europa<\/strong>. Oferim branduri de top precum <strong data-start=\"307\" data-end=\"362\"><a href=\"https:\/\/vapestornado.com\/ro\/product\/randm-12000-puffs-fumot-digital-disposable-vape-wholesale-price\/\">Fumot VAPE<\/a>, <a href=\"https:\/\/vapestornado.com\/ro\/product\/waspe-150k-150000-puff-6-in-1-disposable-vape-pen-cartridge-best-wholesale-price-in-poland\/\">\u021aIGAR\u0102 ELECTRONIC\u0102 WASPE<\/a>, <\/strong><strong data-start=\"307\" data-end=\"362\"><a href=\"https:\/\/vapestornado.com\/ro\/product\/vozol-gear-shisha-25k-25000-puffs-best-dtl-disposable-vape-hookah-cheap-price\/\">VOZOL BAR VAPE<\/a>, \u00a0 Bang Vape<\/strong>, \u0219i altele, asigur\u00e2nd calitate \u0219i varietate pentru fiecare client. Fie c\u0103 e\u0219ti un vaper individual sau un cump\u0103r\u0103tor en-gros, livr\u0103m <strong data-start=\"481\" data-end=\"550\">dispozitive performante, designuri elegante \u0219i pre\u021buri competitive<\/strong> pentru a-\u021bi satisface nevoile.<\/p>\n<h2 data-start=\"2064\" data-end=\"2115\">\u00centreb\u0103ri frecvente despre FIHP 120K Puff Vape de unic\u0103 folosin\u021b\u0103<\/h2>\n<p data-start=\"2159\" data-end=\"2318\"><strong data-start=\"2159\" data-end=\"2233\">1. C\u00e2te arome ofer\u0103 stiloul FIHP 120K Puff Vape de unic\u0103 folosin\u021b\u0103?<\/strong><br data-start=\"2233\" data-end=\"2236\" \/>Dispune de un sistem 6 \u00een 1, permi\u021b\u00e2nd utilizatorilor s\u0103 se bucure de \u0219ase arome unice \u00eentr-un singur dispozitiv.<\/p>\n<p data-start=\"2320\" data-end=\"2445\"><strong data-start=\"2320\" data-end=\"2369\">2. Este vape-ul FIHP 120000 Puff re\u00eenc\u0103rcabil?<\/strong><br data-start=\"2369\" data-end=\"2372\" \/>Da, include o baterie re\u00eenc\u0103rcabil\u0103 de 650mAh cu \u00eenc\u0103rcare rapid\u0103 Type-C.<\/p>\n<p data-start=\"2447\" data-end=\"2577\"><strong data-start=\"2447\" data-end=\"2511\">3. Care sunt nivelurile de nicotin\u0103 disponibile pentru FIHP 120k Puff?<\/strong><br data-start=\"2511\" data-end=\"2514\" \/>Po\u021bi alege \u00eentre 2% \u0219i 5%, \u00een func\u021bie de preferin\u021bele tale.<\/p>\n<p data-start=\"2579\" data-end=\"2743\"><strong data-start=\"2579\" data-end=\"2646\">4. De ce este FIHP 120K considerat unul dintre cele mai ieftine vape-uri de calitate?<\/strong><br data-start=\"2646\" data-end=\"2649\" \/>Ofer\u0103 \u0219ase arome, 120000 pufuri \u0219i calitate dual mesh coil la un pre\u021b foarte competitiv.<\/p>\n<p data-start=\"2745\" data-end=\"2917\"><strong data-start=\"2745\" data-end=\"2813\">5. Unde pot cump\u0103ra \u00een vrac vape-ul de unic\u0103 folosin\u021b\u0103 FIHP 120000 Puff?<\/strong><br data-start=\"2813\" data-end=\"2816\" \/>Cele mai bune oferte en gros sunt disponibile pe <strong data-start=\"2858\" data-end=\"2888\">Magazin online de \u021big\u0103ri electronice Vapes Tornado<\/strong>, de \u00eencredere pentru distribuitorii din Rom\u00e2nia.<\/p>\n<\/div>\n<\/div>\n<\/div>\n<\/div>","protected":false},"excerpt":{"rendered":"<p data-start=\"3204\" data-end=\"3282\">FIHP 120K 6-in-1 120000 Pufuri Vape de Unic\u0103 Folosin\u021b\u0103 | Vape-uri ieftine pentru en-gros<\/p>\n<p data-start=\"3286\" data-end=\"3358\">Cump\u0103r\u0103 FIHP 120000 Pufuri Vape de Unic\u0103 Folosin\u021b\u0103 | Cele mai bune Vape-uri de Unic\u0103 Folosin\u021b\u0103 6-in-1 din Europa<\/p>\n<p data-start=\"3362\" data-end=\"3446\">FIHP 120K Vape de Unic\u0103 Folosin\u021b\u0103 cu Pufuri \u2013 Capacitate mare, Arome multiple, Cel mai bun pre\u021b en-gros<\/p>\n<p><strong>Ad\u0103uga\u021bi-o pe Amy pe WhatsApp pentru a ob\u021bine un r\u0103spuns corect \u0219i un pre\u021b redus!<\/strong><\/p>\n<p><img fetchpriority=\"high\" decoding=\"async\" class=\"size-full wp-image-2932\" src=\"https:\/\/vapestornado.com\/wp-content\/uploads\/2024\/12\/Vape-Wholesale.jpg\" alt=\"\u021aig\u0103ri electronice cu ridicata\" width=\"229\" height=\"300\" \/><\/p>\n<h3><a href=\"https:\/\/wa.me\/8617776015835\"><span style=\"color: #ff0000;\"><strong>WhatsApp: +86 17776015835<\/strong><\/span><\/a><\/h3>","protected":false},"featured_media":4428,"comment_status":"open","ping_status":"closed","template":"","meta":{"_acf_changed":false,"_uag_custom_page_level_css":"","_lmt_disableupdate":"no","_lmt_disable":"","_monsterinsights_skip_tracking":false,"_monsterinsights_sitenote_active":false,"_monsterinsights_sitenote_note":"","_monsterinsights_sitenote_category":0,"site-sidebar-layout":"default","site-content-layout":"","ast-site-content-layout":"default","site-content-style":"default","site-sidebar-style":"default","ast-global-header-display":"","ast-banner-title-visibility":"","ast-main-header-display":"","ast-hfb-above-header-display":"","ast-hfb-below-header-display":"","ast-hfb-mobile-header-display":"","site-post-title":"","ast-breadcrumbs-content":"","ast-featured-img":"","footer-sml-layout":"","ast-disable-related-posts":"","theme-transparent-header-meta":"default","adv-header-id-meta":"","stick-header-meta":"","header-above-stick-meta":"","header-main-stick-meta":"","header-below-stick-meta":"","astra-migrate-meta-layouts":"set","ast-page-background-enabled":"default","ast-page-background-meta":{"desktop":{"background-color":"","background-image":"","background-repeat":"repeat","background-position":"center center","background-size":"auto","background-attachment":"scroll","background-type":"","background-media":"","overlay-type":"","overlay-color":"","overlay-opacity":"","overlay-gradient":""},"tablet":{"background-color":"","background-image":"","background-repeat":"repeat","background-position":"center center","background-size":"auto","background-attachment":"scroll","background-type":"","background-media":"","overlay-type":"","overlay-color":"","overlay-opacity":"","overlay-gradient":""},"mobile":{"background-color":"","background-image":"","background-repeat":"repeat","background-position":"center center","background-size":"auto","background-attachment":"scroll","background-type":"","background-media":"","overlay-type":"","overlay-color":"","overlay-opacity":"","overlay-gradient":""}},"ast-content-background-meta":{"desktop":{"background-color":"var(--ast-global-color-5)","background-image":"","background-repeat":"repeat","background-position":"center center","background-size":"auto","background-attachment":"scroll","background-type":"","background-media":"","overlay-type":"","overlay-color":"","overlay-opacity":"","overlay-gradient":""},"tablet":{"background-color":"var(--ast-global-color-5)","background-image":"","background-repeat":"repeat","background-position":"center center","background-size":"auto","background-attachment":"scroll","background-type":"","background-media":"","overlay-type":"","overlay-color":"","overlay-opacity":"","overlay-gradient":""},"mobile":{"background-color":"var(--ast-global-color-5)","background-image":"","background-repeat":"repeat","background-position":"center center","background-size":"auto","background-attachment":"scroll","background-type":"","background-media":"","overlay-type":"","overlay-color":"","overlay-opacity":"","overlay-gradient":""}},"_joinchat":[]},"product_brand":[],"product_cat":[347,154,142,144,146,60],"product_tag":[387,287,368,388,395,390,393,386],"class_list":{"0":"post-4430","1":"product","2":"type-product","3":"status-publish","4":"has-post-thumbnail","6":"product_cat-120000-puff","7":"product_cat-buy-disposable-vapes-in-netherlands","8":"product_cat-digital-box-disposable-vapes","9":"product_cat-low-nicotine-disposable-vapes","10":"product_cat-rechargeable-disposable-vapes","11":"product_cat-waspe-fihp-vape","12":"product_tag-cigarette-vapor","13":"product_tag-disposable-vape-pen","14":"product_tag-disposable-vapor","15":"product_tag-e-vape","16":"product_tag-fihp-120k","17":"product_tag-online-vape-shop","18":"product_tag-vape-cartridge","19":"product_tag-vape-pen","20":"desktop-align-left","21":"tablet-align-left","22":"mobile-align-left","24":"first","25":"instock","26":"sale","27":"shipping-taxable","28":"purchasable","29":"product-type-simple"},"acf":[],"uagb_featured_image_src":{"full":["https:\/\/vapestornado.com\/wp-content\/uploads\/2025\/10\/FIHP-Multi-120000-puffs-Original-Disposable-Vape.webp",800,800,false],"thumbnail":["https:\/\/vapestornado.com\/wp-content\/uploads\/2025\/10\/FIHP-Multi-120000-puffs-Original-Disposable-Vape-150x150.webp",150,150,true],"medium":["https:\/\/vapestornado.com\/wp-content\/uploads\/2025\/10\/FIHP-Multi-120000-puffs-Original-Disposable-Vape-300x300.webp",300,300,true],"medium_large":["https:\/\/vapestornado.com\/wp-content\/uploads\/2025\/10\/FIHP-Multi-120000-puffs-Original-Disposable-Vape-768x768.webp",768,768,true],"large":["https:\/\/vapestornado.com\/wp-content\/uploads\/2025\/10\/FIHP-Multi-120000-puffs-Original-Disposable-Vape.webp",800,800,false],"1536x1536":["https:\/\/vapestornado.com\/wp-content\/uploads\/2025\/10\/FIHP-Multi-120000-puffs-Original-Disposable-Vape.webp",800,800,false],"2048x2048":["https:\/\/vapestornado.com\/wp-content\/uploads\/2025\/10\/FIHP-Multi-120000-puffs-Original-Disposable-Vape.webp",800,800,false],"trp-custom-language-flag":["https:\/\/vapestornado.com\/wp-content\/uploads\/2025\/10\/FIHP-Multi-120000-puffs-Original-Disposable-Vape-12x12.webp",12,12,true],"woocommerce_thumbnail":["https:\/\/vapestornado.com\/wp-content\/uploads\/2025\/10\/FIHP-Multi-120000-puffs-Original-Disposable-Vape-300x300.webp",300,300,true],"woocommerce_single":["https:\/\/vapestornado.com\/wp-content\/uploads\/2025\/10\/FIHP-Multi-120000-puffs-Original-Disposable-Vape-600x600.webp",600,600,true],"woocommerce_gallery_thumbnail":["https:\/\/vapestornado.com\/wp-content\/uploads\/2025\/10\/FIHP-Multi-120000-puffs-Original-Disposable-Vape-100x100.webp",100,100,true]},"uagb_author_info":{"display_name":"ESAMY","author_link":"https:\/\/vapestornado.com\/ro\/author\/"},"uagb_comment_info":1,"uagb_excerpt":"FIHP 120K 6-in-1 120000 Puff Disposable Vape Pen | Cheap Vapes for Wholesale Buy FIHP 120000 Puff Vape Pen | Best 6-in-1 Disposable Vapes in Europe FIHP 120K Puff Disposable Vape \u2013 Big Capacity, Multi Flavors, Best Wholesale Price Add Amy's whatsapp to get right reply and discount price! WhatsApp: +86 17776015835","_links":{"self":[{"href":"https:\/\/vapestornado.com\/ro\/wp-json\/wp\/v2\/product\/4430","targetHints":{"allow":["GET"]}}],"collection":[{"href":"https:\/\/vapestornado.com\/ro\/wp-json\/wp\/v2\/product"}],"about":[{"href":"https:\/\/vapestornado.com\/ro\/wp-json\/wp\/v2\/types\/product"}],"replies":[{"embeddable":true,"href":"https:\/\/vapestornado.com\/ro\/wp-json\/wp\/v2\/comments?post=4430"}],"wp:featuredmedia":[{"embeddable":true,"href":"https:\/\/vapestornado.com\/ro\/wp-json\/wp\/v2\/media\/4428"}],"wp:attachment":[{"href":"https:\/\/vapestornado.com\/ro\/wp-json\/wp\/v2\/media?parent=4430"}],"wp:term":[{"taxonomy":"product_brand","embeddable":true,"href":"https:\/\/vapestornado.com\/ro\/wp-json\/wp\/v2\/product_brand?post=4430"},{"taxonomy":"product_cat","embeddable":true,"href":"https:\/\/vapestornado.com\/ro\/wp-json\/wp\/v2\/product_cat?post=4430"},{"taxonomy":"product_tag","embeddable":true,"href":"https:\/\/vapestornado.com\/ro\/wp-json\/wp\/v2\/product_tag?post=4430"}],"curies":[{"name":"wp","href":"https:\/\/api.w.org\/{rel}","templated":true}]}}