{"id":4422,"date":"2025-10-14T09:29:02","date_gmt":"2025-10-14T09:29:02","guid":{"rendered":"https:\/\/vapestornado.com\/?post_type=product&#038;p=4422"},"modified":"2025-12-16T09:53:51","modified_gmt":"2025-12-16T09:53:51","slug":"waspe-150k-150000-puff-6-in-1-disposable-vape-pen-cartridge-best-wholesale-price-in-poland","status":"publish","type":"product","link":"https:\/\/vapestornado.com\/ro\/product\/waspe-150k-150000-puff-6-in-1-disposable-vape-pen-cartridge-best-wholesale-price-in-poland\/","title":{"rendered":"WASPE 150K 150000 Puff 6 \u00een 1 \u021beav\u0103 de \u021bigar\u0103 electronic\u0103 de unic\u0103 folosin\u021b\u0103 cea mai bun\u0103 pre\u021b en gros \u00een Rom\u00e2nia"},"content":{"rendered":"<h2 data-pm-slice=\"1 1 []\">WASPE 150K 150000 Puff 6 \u00een 1 \u021beav\u0103 de \u021bigar\u0103 electronic\u0103 de unic\u0103 folosin\u021b\u0103 cea mai bun\u0103 pre\u021b en gros \u00een Rom\u00e2nia<\/h2>\n<p data-start=\"112\" data-end=\"657\"><strong data-start=\"108\" data-end=\"134\">WASPE 150K 150000 Puf<\/strong> este construit pentru un singur scop: <strong data-start=\"159\" data-end=\"204\">durat\u0103 maxim\u0103 de func\u021bionare cu o varietate real\u0103 de arome<\/strong> \u00eentr-o singur\u0103 unitate. Ofer\u0103 p\u00e2n\u0103 la <strong data-start=\"236\" data-end=\"253\">150.000 de pufuri<\/strong>, folose\u0219te un <strong data-start=\"262\" data-end=\"300\">sistem de cartu\u0219e switchabile 6-in-1<\/strong>, \u0219i are o <strong data-start=\"316\" data-end=\"350\">rezerv\u0103 de lichid preumplut de 64ml<\/strong>\u2014a\u0219a c\u0103 nu trebuie s\u0103 \u00eenlocui\u021bi dispozitivele \u00een fiecare s\u0103pt\u0103m\u00e2n\u0103. Un <strong data-start=\"397\" data-end=\"422\">bobin\u0103 triple mesh de 1.0\u03a9<\/strong> men\u021bine vapori densi \u0219i arom\u0103 clar\u0103 pe tot parcursul schimb\u0103rilor de arom\u0103, \u00een timp ce <strong data-start=\"494\" data-end=\"515\">afi\u0219aj inteligent LED<\/strong> arat\u0103 clar starea bateriei \u0219i a lichidului. Cu un <strong data-start=\"566\" data-end=\"604\">Baterie re\u00eenc\u0103rcabil\u0103 de 650mAh Type-C<\/strong> \u0219i op\u021biuni de nicotin\u0103 <strong data-start=\"626\" data-end=\"640\">0%, 2%, 5%<\/strong>, se potrive\u0219te at\u00e2t utilizatorilor personali, c\u00e2t \u0219i cump\u0103r\u0103torilor en gros care doresc un produs de mare cerere pentru <strong data-start=\"726\" data-end=\"737\">Vape PL<\/strong> \u0219i pie\u021bele mai largi din UE.<\/p>\n<h3 data-start=\"996\" data-end=\"1043\">De ce ofer\u0103 WASPE 150K 150000 Puf un raport calitate-pre\u021b mai bun pe puf?<\/h3>\n<ul data-start=\"1045\" data-end=\"2676\">\n<li data-start=\"1045\" data-end=\"1422\">\n<p data-start=\"1047\" data-end=\"1422\"><strong data-start=\"1047\" data-end=\"1096\">Rezisten\u021b\u0103 de 150K sus\u021binut\u0103 de o rezerv\u0103 mare de 64ml.<\/strong> Sistemul <strong data-start=\"1101\" data-end=\"1123\">Formatul WASPE 150000 Puf<\/strong> este conceput pentru a reduce \u00eenlocuirile constante, motiv pentru care atrage aten\u021bia \u00een Rom\u00e2nia \u0219i dincolo de ea. Pentru mul\u021bi utilizatori, compar\u00e2nd <strong data-start=\"1254\" data-end=\"1269\">pre\u021bul vaporilor<\/strong> versus longevitate \u00een <strong data-start=\"1290\" data-end=\"1301\">Vape PL<\/strong>, un dispozitiv cu aceast\u0103 capacitate poate oferi un cost pe zi mult mai mic dec\u00e2t dispozitivele \u201eBest disposable\u201d mai mici, care se consum\u0103 rapid.<\/p>\n<\/li>\n<li data-start=\"1424\" data-end=\"1739\">\n<p data-start=\"1426\" data-end=\"1739\"><strong data-start=\"1426\" data-end=\"1482\">Schimbarea cartridge-urilor 6-in-1 previne epuizarea aromei.<\/strong> Un dispozitiv cu durat\u0103 lung\u0103 de via\u021b\u0103 func\u021bioneaz\u0103 doar dac\u0103 \u00eenc\u0103 \u00eel savurezi dup\u0103 dou\u0103 s\u0103pt\u0103m\u00e2ni. The <strong data-start=\"1556\" data-end=\"1598\">sistem de cartridge pentru e-cigarette cu stil 6-in-1<\/strong> \u00ee\u021bi permite s\u0103 rote\u0219ti aromele instantaneu, f\u0103c\u00e2nd mai u\u0219or s\u0103 r\u0103m\u00e2i la o singur\u0103 unitate \u00een loc s\u0103 cumperi mai multe vape-uri pentru a urm\u0103ri o arom\u0103 nou\u0103 <strong data-start=\"1722\" data-end=\"1738\">arom\u0103 de vaper<\/strong>.<\/p>\n<\/li>\n<li data-start=\"1741\" data-end=\"2061\">\n<p data-start=\"1743\" data-end=\"2061\"><strong data-start=\"1743\" data-end=\"1807\">Rezisten\u021ba cu plas\u0103 tripl\u0103 men\u021bine o performan\u021b\u0103 lin\u0103 pe tot parcursul schimb\u0103rilor de arom\u0103.<\/strong> Sistemul <strong data-start=\"1812\" data-end=\"1837\">bobin\u0103 triple mesh de 1.0\u03a9<\/strong> distribuie c\u0103ldura uniform \u0219i ajut\u0103 la men\u021binerea unui vapori \u0219i gust constant. Acest lucru conteaz\u0103 atunci c\u00e2nd schimbi aromele\u2014rezisten\u021bele ieftine pot estompa gustul sau pot p\u0103rea dure. Configura\u021bia rezisten\u021bei WASPE vizeaz\u0103 tranzi\u021bii curate \u0219i mai pu\u021bine tragere uscat\u0103 \u0219i zg\u00e2rietur\u0103.<\/p>\n<\/li>\n<li data-start=\"2063\" data-end=\"2363\">\n<p data-start=\"2065\" data-end=\"2363\"><strong data-start=\"2065\" data-end=\"2111\">Puterea re\u00eenc\u0103rcabil\u0103 men\u021bine valoarea corect\u0103.<\/strong> Cu <strong data-start=\"2117\" data-end=\"2143\">\u00cenc\u0103rcare de 650mAh Type-C<\/strong>, dispozitivul poate fi reumplut rapid \u0219i utilizat pe durata lung\u0103 de via\u021b\u0103. Acest lucru reduce risipa cauzat\u0103 de \u201ebateria s-a desc\u0103rcat primul\u201d\u2014una dintre principalele probleme cu care se confrunt\u0103 oamenii c\u00e2nd cump\u0103r\u0103 <strong data-start=\"2306\" data-end=\"2328\">\u021bigarete electronice ieftine<\/strong> care nu sunt concepute pentru utilizare \u00eendelungat\u0103.<\/p>\n<\/li>\n<li data-start=\"2365\" data-end=\"2676\">\n<p data-start=\"2367\" data-end=\"2676\"><strong data-start=\"2367\" data-end=\"2422\">Construite at\u00e2t pentru uz personal, c\u00e2t \u0219i pentru turnover en gros.<\/strong> Specifica\u021biile principale (150.000 de pufuri, 6 arome, 64ml, ecran LED) sunt u\u0219or de v\u00e2ndut \u00een retail. Pentru distribuitori, este o poveste simpl\u0103 care performeaz\u0103 bine \u00een Rom\u00e2nia\u2014pie\u021be unde dispozitivele cu capacitate mare pot fi v\u00e2ndute rapid.<\/p>\n<\/li>\n<\/ul>\n<p><strong><span style=\"color: #ff0000;\">Adaug\u0103 whatsapp-ul lui Amy pentru a primi r\u0103spuns imediat \u0219i un cupon de vape!<\/span><\/strong><\/p>\n<p><img fetchpriority=\"high\" decoding=\"async\" class=\"size-full wp-image-2932\" src=\"https:\/\/vapestornado.com\/wp-content\/uploads\/2024\/12\/Vape-Wholesale.jpg\" alt=\"\u021aig\u0103ri electronice cu ridicata\" width=\"229\" height=\"300\" \/><\/p>\n<h3><a href=\"https:\/\/wa.me\/8617776015835\" target=\"_blank\" rel=\"noopener\"><span style=\"color: #ff0000;\"><strong>WhatsApp: +86 17776015835<\/strong><\/span><\/a><\/h3>\n<p>&nbsp;<\/p>\n<h2><strong>WASPE 150K 150000 Pufuri Caracteristici Produs<\/strong><\/h2>\n<table>\n<thead>\n<tr>\n<th>Caracteristic\u0103<\/th>\n<th>specifica\u021bii<\/th>\n<th>cum func\u021bioneaz\u0103<\/th>\n<\/tr>\n<\/thead>\n<tbody>\n<tr>\n<td>Numele produsului<\/td>\n<td>WASPE 150K 150000 Puf<\/td>\n<td>Vape de unic\u0103 folosin\u021b\u0103 cu capacitate ultra-\u00eenalt\u0103 \u0219i schimbare de arom\u0103<\/td>\n<\/tr>\n<tr>\n<td>Num\u0103r de pufuri<\/td>\n<td>P\u00e2n\u0103 la 150.000 de pufuri<\/td>\n<td>Proiectat pentru a reduce frecven\u021ba de \u00eenlocuire pentru rutine intense<\/td>\n<\/tr>\n<tr>\n<td>Sistem de arom\u0103<\/td>\n<td>sistem de cartu\u0219e switchabile 6-in-1<\/td>\n<td>Roteaz\u0103 aromele instantaneu \u00een interiorul unui singur dispozitiv<\/td>\n<\/tr>\n<tr>\n<td>Capacitate E-lichid<\/td>\n<td>64ml preumplut<\/td>\n<td>Rezerve mari sus\u021bin sesiuni lungi \u0219i un rating ridicat de pufuri<\/td>\n<\/tr>\n<tr>\n<td>Rezisten\u021b\u0103<\/td>\n<td>bobin\u0103 triple mesh de 1.0\u03a9<\/td>\n<td>\u00cenc\u0103lzire uniform\u0103 pentru vapori dens \u0219i claritate consistent\u0103 a aromei<\/td>\n<\/tr>\n<tr>\n<td>Baterie<\/td>\n<td>650mAh re\u00eenc\u0103rcabil<\/td>\n<td>Re\u00eencarc\u0103 dup\u0103 nevoie pentru a continua utilizarea \u00eentregii cantit\u0103\u021bi de lichid<\/td>\n<\/tr>\n<tr>\n<td>\u00cenc\u0103rcare<\/td>\n<td>\u00eenc\u0103rcare rapid\u0103 de tip C<\/td>\n<td>Re\u00eenc\u0103rc\u0103ri rapide cu cabluri comune EU<\/td>\n<\/tr>\n<tr>\n<td>Afi\u0219aj<\/td>\n<td>afi\u0219aj inteligent LED<\/td>\n<td>Afi\u0219eaz\u0103 nivelul bateriei \u0219i al lichidului pentru o utilizare zilnic\u0103 previzibil\u0103<\/td>\n<\/tr>\n<tr>\n<td>Op\u021biuni de nicotin\u0103<\/td>\n<td>0% \/ 2% \/ 5%<\/td>\n<td>Suport\u0103 preferin\u021be f\u0103r\u0103 nicotin\u0103, sc\u0103zute \u0219i mai puternice<\/td>\n<\/tr>\n<\/tbody>\n<\/table>\n<figure id=\"attachment_4416\" aria-describedby=\"caption-attachment-4416\" style=\"width: 300px\" class=\"wp-caption alignnone\"><img decoding=\"async\" class=\"size-medium wp-image-4416\" src=\"https:\/\/vapestornado.com\/wp-content\/uploads\/2025\/10\/WASPE-150K-150000-Puff-Disposable-Vape-Wholesale-Factory-Price-300x300.webp\" alt=\"WASPE 150K 150000 Puff Vape de unic\u0103 folosin\u021b\u0103 cu pre\u021b en-gros de fabric\u0103\" width=\"300\" height=\"300\" srcset=\"https:\/\/vapestornado.com\/wp-content\/uploads\/2025\/10\/WASPE-150K-150000-Puff-Disposable-Vape-Wholesale-Factory-Price-300x300.webp 300w, https:\/\/vapestornado.com\/wp-content\/uploads\/2025\/10\/WASPE-150K-150000-Puff-Disposable-Vape-Wholesale-Factory-Price-150x150.webp 150w, https:\/\/vapestornado.com\/wp-content\/uploads\/2025\/10\/WASPE-150K-150000-Puff-Disposable-Vape-Wholesale-Factory-Price-768x768.webp 768w, https:\/\/vapestornado.com\/wp-content\/uploads\/2025\/10\/WASPE-150K-150000-Puff-Disposable-Vape-Wholesale-Factory-Price-12x12.webp 12w, https:\/\/vapestornado.com\/wp-content\/uploads\/2025\/10\/WASPE-150K-150000-Puff-Disposable-Vape-Wholesale-Factory-Price-600x600.webp 600w, https:\/\/vapestornado.com\/wp-content\/uploads\/2025\/10\/WASPE-150K-150000-Puff-Disposable-Vape-Wholesale-Factory-Price-100x100.webp 100w, https:\/\/vapestornado.com\/wp-content\/uploads\/2025\/10\/WASPE-150K-150000-Puff-Disposable-Vape-Wholesale-Factory-Price.webp 800w\" sizes=\"(max-width: 300px) 100vw, 300px\" \/><figcaption id=\"caption-attachment-4416\" class=\"wp-caption-text\">WASPE 150K 150000 Puff Vape de unic\u0103 folosin\u021b\u0103 cu pre\u021b en-gros de fabric\u0103<\/figcaption><\/figure>\n<h2 class=\"product-title\"><strong>WASPE 150K 150000 Puff List\u0103 de arome Puff<\/strong><\/h2>\n<p data-start=\"2550\" data-end=\"2736\">1. Pepene Verde Ghea\u021b\u0103 &amp; L\u0103m\u00e2ie Lime &amp; Piersic\u0103 L\u0103m\u00e2ie<br \/>\n2. Afine Ghea\u021b\u0103 &amp; C\u0103p\u0219uni Kiwi &amp; Cire\u0219e Ghea\u021b\u0103 C\u0103p\u0219uni<br \/>\n3. Red Bull Ghea\u021b\u0103 &amp; Zmeur\u0103 Pomp &amp; Mango Acru C\u0103p\u0219uni<br \/>\n4. C\u0103p\u0219uni Pepene Verde &amp; Piersic\u0103 Suculent\u0103 Ghea\u021b\u0103 &amp; Tripla Fructe de P\u0103dure Ghea\u021b\u0103<br \/>\n5. Cola Cire\u0219e Ghea\u021b\u0103 &amp; C\u0103p\u0219uni Red Bull Ghea\u021b\u0103 &amp; Pepene Verde Zmeur\u0103<br \/>\n6. Strugure Ghea\u021b\u0103 &amp; Cire\u0219e Blue Razz &amp; C\u0103p\u0219uni Ghea\u021b\u0103<br \/>\n7. Fructe de P\u0103dure Mixte &amp; Dragon Negru Ghea\u021b\u0103 &amp; Cola C\u0103p\u0219uni Cire\u0219e<br \/>\n8. Cola Carbogazoas\u0103 Ghea\u021b\u0103 &amp; B\u0103utur\u0103 Energizant\u0103 &amp; Cire\u0219e Ghea\u021b\u0103<br \/>\n9. C\u0103p\u0219uni Banane &amp; Kiwi, Pepene Verde &amp; Cocos, C\u0103p\u0219uni<br \/>\n10. Red Bull Cola Ice &amp; C\u0103p\u0219uni Zmeur\u0103 Cire\u0219e &amp; Mure, Fructul Dragonului<br \/>\n11. Gum\u0103 de mestecat cu c\u0103p\u0219uni \u0219i pepene verde &amp; Mango acru cu ghea\u021b\u0103 &amp; Strugure cu ghea\u021b\u0103 \u0219i c\u0103p\u0219uni<br \/>\n12. Pepene galben cu fruct de pasiune &amp; Mure cu ghea\u021b\u0103 &amp; M\u0103r cu kiwi<\/p>\n<div class=\"flex-shrink-0 flex flex-col relative items-end\">\n<div class=\"pt-0\">\n<div class=\"gizmo-bot-avatar flex h-8 w-8 items-center justify-center overflow-hidden rounded-full\">\n<div class=\"relative p-1 rounded-sm flex items-center justify-center bg-token-main-surface-primary text-token-text-primary h-8 w-8\">\n<h2 data-start=\"1200\" data-end=\"1487\">Vapes Tornado \u2013 Magazinul t\u0103u online en gros pentru cele mai bune m\u0103rci de vape-uri<\/h2>\n<p data-start=\"1200\" data-end=\"1487\"><strong data-start=\"141\" data-end=\"177\">Magazinul online de fumat Vapes Tornado<\/strong> este sursa ta de \u00eencredere pentru <strong data-start=\"205\" data-end=\"270\">vape-uri premium de unic\u0103 folosin\u021b\u0103 \u0219i \u021bigarete electronice en-gros \u00een Europa<\/strong>. Oferim branduri de top precum <strong data-start=\"307\" data-end=\"362\"><a href=\"https:\/\/vapestornado.com\/ro\/product\/randm-12000-puffs-fumot-digital-disposable-vape-wholesale-price\/\">Fumot VAPE<\/a>, <a href=\"https:\/\/vapestornado.com\/ro\/product\/original-wga-ultra-35k-35000-puff-rechargeable-crystal-disposable-nicotine-vape-best-discount-price\/\">WGA VAPE<\/a>, <\/strong><strong data-start=\"307\" data-end=\"362\"><a href=\"https:\/\/vapestornado.com\/ro\/product\/vozol-gear-shisha-25k-25000-puffs-best-dtl-disposable-vape-hookah-cheap-price\/\">VOZOL BAR VAPE<\/a>, \u00a0 Bang Vape<\/strong>, \u0219i altele, asigur\u00e2nd calitate \u0219i varietate pentru fiecare client. Fie c\u0103 e\u0219ti un vaper individual sau un cump\u0103r\u0103tor en-gros, livr\u0103m <strong data-start=\"481\" data-end=\"550\">dispozitive performante, designuri elegante \u0219i pre\u021buri competitive<\/strong> pentru a-\u021bi satisface nevoile.<\/p>\n<h2 data-start=\"2064\" data-end=\"2115\">\u00centreb\u0103ri frecvente despre WASPE 150K 150000 Pufuri Vape de unic\u0103 folosin\u021b\u0103<\/h2>\n<ol data-start=\"3648\" data-end=\"4929\">\n<li data-start=\"3648\" data-end=\"3906\">\n<p data-start=\"3651\" data-end=\"3906\"><strong data-start=\"3651\" data-end=\"3759\">Cum gestioneaz\u0103 WASPE 150K 150000 Pufuri 64ml dispozitivul de vaping de unic\u0103 folosin\u021b\u0103 pentru utilizarea zilnic\u0103 pe termen lung f\u0103r\u0103 s\u0103 se estompeze rapid?<\/strong><br data-start=\"3759\" data-end=\"3762\" \/>Capacitatea de 64ml sus\u021bine utilizarea extins\u0103, iar re\u00eenc\u0103rcarea Type-C \u00eel men\u021bine func\u021bional, astfel \u00eenc\u00e2t s\u0103 po\u021bi atinge poten\u021bialul de durat\u0103 lung\u0103 al dispozitivului.<\/p>\n<\/li>\n<li data-start=\"3908\" data-end=\"4121\">\n<p data-start=\"3911\" data-end=\"4121\"><strong data-start=\"3911\" data-end=\"3997\">Men\u021bine sistemul de cartu\u0219e de 150000 Pufuri 6-in-1 aroma proasp\u0103t\u0103 pe parcursul s\u0103pt\u0103m\u00e2nilor?<\/strong><br data-start=\"3997\" data-end=\"4000\" \/>Da. Schimbarea aromelor reduce \u201eoboseala gustului\u201d, care este principalul motiv pentru care mul\u021bi utilizatori abandoneaz\u0103 dispozitivele cu capacitate mare devreme.<\/p>\n<\/li>\n<li data-start=\"4123\" data-end=\"4389\">\n<p data-start=\"4126\" data-end=\"4389\"><strong data-start=\"4126\" data-end=\"4227\">Ce diferen\u021b\u0103 face o bobin\u0103 triple mesh de 1.0\u03a9 \u00eentr-un stil de ecigaret\u0103 de tip pod de unic\u0103 folosin\u021b\u0103 precum WASPE 150K?<\/strong><br data-start=\"4227\" data-end=\"4230\" \/>\u00cenc\u0103lzirea triple mesh distribuie c\u0103ldura mai uniform, \u00eembun\u0103t\u0103\u021bind netezimea vaporilor \u0219i ajut\u00e2nd aromele s\u0103 r\u0103m\u00e2n\u0103 clare\u2014mai ales c\u00e2nd rote\u0219ti multiple arome.<\/p>\n<\/li>\n<li data-start=\"4391\" data-end=\"4632\">\n<p data-start=\"4394\" data-end=\"4632\"><strong data-start=\"4394\" data-end=\"4493\">Este WASPE 150K o valoare mai bun\u0103 dec\u00e2t \u021big\u0103rile electronice ieftine atunci c\u00e2nd compari pre\u021bul vaporilor \u00een Vape PL?<\/strong><br data-start=\"4493\" data-end=\"4496\" \/>Adesea, da. Chiar dac\u0103 pre\u021bul ini\u021bial este mai mare, costul pe zi poate fi mai mic datorit\u0103 mult mai pu\u021binor \u00eenlocuiri \u0219i utiliz\u0103rii re\u00eenc\u0103rcabile.<\/p>\n<\/li>\n<li data-start=\"4634\" data-end=\"4929\">\n<p data-start=\"4637\" data-end=\"4929\"><strong data-start=\"4637\" data-end=\"4746\">Pentru cine este cel mai potrivit WASPE 150K 150000 Pufuri\u2014utilizatori ocazionali sau utilizatori intensivi \u00een c\u0103utarea unui gust puternic de vapori?<\/strong><br data-start=\"4746\" data-end=\"4749\" \/>Este construit \u00een principal pentru rutine mai intense \u0219i utilizatori care doresc varietate f\u0103r\u0103 a purta mai multe dispozitive. Op\u021biunile de nicotin\u0103 (0%, 2%, 5%) \u00eel fac potrivit at\u00e2t pentru preferin\u021be mai u\u0219oare, c\u00e2t \u0219i pentru cele mai puternice.<\/p>\n<\/li>\n<\/ol>\n<\/div>\n<\/div>\n<\/div>\n<\/div>","protected":false},"excerpt":{"rendered":"<p data-start=\"3411\" data-end=\"3490\">WASPE 150K 150000 pufuri, \u021bigaret\u0103 electronic\u0103 de unic\u0103 folosin\u021b\u0103 cu sistem de cartu\u0219e cu arom\u0103 6-in-1, 64ml lichid electronic preumplut, bobin\u0103 triplu din plas\u0103 de 1.0\u03a9, afi\u0219aj inteligent LED \u0219i \u00eenc\u0103rcare Type-C de 650mAh. Valoare puternic\u0103 \u0219i de lung\u0103 durat\u0103 pentru cump\u0103r\u0103torii de Vape din Rom\u00e2nia, comparativ cu pre\u021bul vaporilor, cele mai bune \u021big\u0103ri electronice de unic\u0103 folosin\u021b\u0103 \u0219i \u021big\u0103ri electronice ieftine, cu schimbare de arom\u0103 \u00een stil pod.<\/p>\n<p><strong>Ad\u0103uga\u021bi-o pe Amy pe WhatsApp pentru a ob\u021bine un r\u0103spuns corect \u0219i un pre\u021b redus!<\/strong><\/p>\n<p><img fetchpriority=\"high\" decoding=\"async\" class=\"size-full wp-image-2932\" src=\"https:\/\/vapestornado.com\/wp-content\/uploads\/2024\/12\/Vape-Wholesale.jpg\" alt=\"\u021aig\u0103ri electronice cu ridicata\" width=\"229\" height=\"300\" \/><\/p>\n<h3><a href=\"https:\/\/wa.me\/8617776015835\"><span style=\"color: #ff0000;\"><strong>WhatsApp: +86 17776015835<\/strong><\/span><\/a><\/h3>","protected":false},"featured_media":4421,"comment_status":"open","ping_status":"closed","template":"","meta":{"_acf_changed":false,"_uag_custom_page_level_css":"","_lmt_disableupdate":"no","_lmt_disable":"","_monsterinsights_skip_tracking":false,"_monsterinsights_sitenote_active":false,"_monsterinsights_sitenote_note":"","_monsterinsights_sitenote_category":0,"site-sidebar-layout":"default","site-content-layout":"","ast-site-content-layout":"default","site-content-style":"default","site-sidebar-style":"default","ast-global-header-display":"","ast-banner-title-visibility":"","ast-main-header-display":"","ast-hfb-above-header-display":"","ast-hfb-below-header-display":"","ast-hfb-mobile-header-display":"","site-post-title":"","ast-breadcrumbs-content":"","ast-featured-img":"","footer-sml-layout":"","ast-disable-related-posts":"","theme-transparent-header-meta":"default","adv-header-id-meta":"","stick-header-meta":"","header-above-stick-meta":"","header-main-stick-meta":"","header-below-stick-meta":"","astra-migrate-meta-layouts":"set","ast-page-background-enabled":"default","ast-page-background-meta":{"desktop":{"background-color":"","background-image":"","background-repeat":"repeat","background-position":"center center","background-size":"auto","background-attachment":"scroll","background-type":"","background-media":"","overlay-type":"","overlay-color":"","overlay-opacity":"","overlay-gradient":""},"tablet":{"background-color":"","background-image":"","background-repeat":"repeat","background-position":"center center","background-size":"auto","background-attachment":"scroll","background-type":"","background-media":"","overlay-type":"","overlay-color":"","overlay-opacity":"","overlay-gradient":""},"mobile":{"background-color":"","background-image":"","background-repeat":"repeat","background-position":"center center","background-size":"auto","background-attachment":"scroll","background-type":"","background-media":"","overlay-type":"","overlay-color":"","overlay-opacity":"","overlay-gradient":""}},"ast-content-background-meta":{"desktop":{"background-color":"var(--ast-global-color-5)","background-image":"","background-repeat":"repeat","background-position":"center center","background-size":"auto","background-attachment":"scroll","background-type":"","background-media":"","overlay-type":"","overlay-color":"","overlay-opacity":"","overlay-gradient":""},"tablet":{"background-color":"var(--ast-global-color-5)","background-image":"","background-repeat":"repeat","background-position":"center center","background-size":"auto","background-attachment":"scroll","background-type":"","background-media":"","overlay-type":"","overlay-color":"","overlay-opacity":"","overlay-gradient":""},"mobile":{"background-color":"var(--ast-global-color-5)","background-image":"","background-repeat":"repeat","background-position":"center center","background-size":"auto","background-attachment":"scroll","background-type":"","background-media":"","overlay-type":"","overlay-color":"","overlay-opacity":"","overlay-gradient":""}},"_joinchat":[]},"product_brand":[],"product_cat":[394,154,142,144,146,60],"product_tag":[387,287,388,390,393,386,392,391],"class_list":{"0":"post-4422","1":"product","2":"type-product","3":"status-publish","4":"has-post-thumbnail","6":"product_cat-150000-puff","7":"product_cat-buy-disposable-vapes-in-netherlands","8":"product_cat-digital-box-disposable-vapes","9":"product_cat-low-nicotine-disposable-vapes","10":"product_cat-rechargeable-disposable-vapes","11":"product_cat-waspe-fihp-vape","12":"product_tag-cigarette-vapor","13":"product_tag-disposable-vape-pen","14":"product_tag-e-vape","15":"product_tag-online-vape-shop","16":"product_tag-vape-cartridge","17":"product_tag-vape-pen","18":"product_tag-waspe-150000-puff","19":"product_tag-waspe-150k","20":"desktop-align-left","21":"tablet-align-left","22":"mobile-align-left","24":"first","25":"instock","26":"sale","27":"shipping-taxable","28":"purchasable","29":"product-type-simple"},"acf":[],"uagb_featured_image_src":{"full":["https:\/\/vapestornado.com\/wp-content\/uploads\/2025\/10\/WASPE-AIVIOU-150K-Disposable-Vape-Wholesale-Price.webp",800,800,false],"thumbnail":["https:\/\/vapestornado.com\/wp-content\/uploads\/2025\/10\/WASPE-AIVIOU-150K-Disposable-Vape-Wholesale-Price-150x150.webp",150,150,true],"medium":["https:\/\/vapestornado.com\/wp-content\/uploads\/2025\/10\/WASPE-AIVIOU-150K-Disposable-Vape-Wholesale-Price-300x300.webp",300,300,true],"medium_large":["https:\/\/vapestornado.com\/wp-content\/uploads\/2025\/10\/WASPE-AIVIOU-150K-Disposable-Vape-Wholesale-Price-768x768.webp",768,768,true],"large":["https:\/\/vapestornado.com\/wp-content\/uploads\/2025\/10\/WASPE-AIVIOU-150K-Disposable-Vape-Wholesale-Price.webp",800,800,false],"1536x1536":["https:\/\/vapestornado.com\/wp-content\/uploads\/2025\/10\/WASPE-AIVIOU-150K-Disposable-Vape-Wholesale-Price.webp",800,800,false],"2048x2048":["https:\/\/vapestornado.com\/wp-content\/uploads\/2025\/10\/WASPE-AIVIOU-150K-Disposable-Vape-Wholesale-Price.webp",800,800,false],"trp-custom-language-flag":["https:\/\/vapestornado.com\/wp-content\/uploads\/2025\/10\/WASPE-AIVIOU-150K-Disposable-Vape-Wholesale-Price-12x12.webp",12,12,true],"woocommerce_thumbnail":["https:\/\/vapestornado.com\/wp-content\/uploads\/2025\/10\/WASPE-AIVIOU-150K-Disposable-Vape-Wholesale-Price-300x300.webp",300,300,true],"woocommerce_single":["https:\/\/vapestornado.com\/wp-content\/uploads\/2025\/10\/WASPE-AIVIOU-150K-Disposable-Vape-Wholesale-Price-600x600.webp",600,600,true],"woocommerce_gallery_thumbnail":["https:\/\/vapestornado.com\/wp-content\/uploads\/2025\/10\/WASPE-AIVIOU-150K-Disposable-Vape-Wholesale-Price-100x100.webp",100,100,true]},"uagb_author_info":{"display_name":"ESAMY","author_link":"https:\/\/vapestornado.com\/ro\/author\/"},"uagb_comment_info":1,"uagb_excerpt":"WASPE 150K 150000 Puff disposable vape with 6-in-1 flavour cartridge system, 64ml prefilled e-liquid, 1.0\u03a9 triple mesh coil, LED smart display and 650mAh Type-C recharge. Strong long-life value for Vape PL buyers comparing Vapor price, Best disposables and Cheap e-cigarettes, with pod ecig style flavour switching. Add Amy's whatsapp to get right reply and discount&hellip;","_links":{"self":[{"href":"https:\/\/vapestornado.com\/ro\/wp-json\/wp\/v2\/product\/4422","targetHints":{"allow":["GET"]}}],"collection":[{"href":"https:\/\/vapestornado.com\/ro\/wp-json\/wp\/v2\/product"}],"about":[{"href":"https:\/\/vapestornado.com\/ro\/wp-json\/wp\/v2\/types\/product"}],"replies":[{"embeddable":true,"href":"https:\/\/vapestornado.com\/ro\/wp-json\/wp\/v2\/comments?post=4422"}],"wp:featuredmedia":[{"embeddable":true,"href":"https:\/\/vapestornado.com\/ro\/wp-json\/wp\/v2\/media\/4421"}],"wp:attachment":[{"href":"https:\/\/vapestornado.com\/ro\/wp-json\/wp\/v2\/media?parent=4422"}],"wp:term":[{"taxonomy":"product_brand","embeddable":true,"href":"https:\/\/vapestornado.com\/ro\/wp-json\/wp\/v2\/product_brand?post=4422"},{"taxonomy":"product_cat","embeddable":true,"href":"https:\/\/vapestornado.com\/ro\/wp-json\/wp\/v2\/product_cat?post=4422"},{"taxonomy":"product_tag","embeddable":true,"href":"https:\/\/vapestornado.com\/ro\/wp-json\/wp\/v2\/product_tag?post=4422"}],"curies":[{"name":"wp","href":"https:\/\/api.w.org\/{rel}","templated":true}]}}