{"id":4411,"date":"2025-10-05T07:54:46","date_gmt":"2025-10-05T07:54:46","guid":{"rendered":"https:\/\/vapestornado.com\/?post_type=product&#038;p=4411"},"modified":"2025-09-30T09:13:19","modified_gmt":"2025-09-30T09:13:19","slug":"aivono-flame-30000-puffs-disposable-e-vapor-wholesale-at-low-price","status":"publish","type":"product","link":"https:\/\/vapestornado.com\/ro\/product\/aivono-flame-30000-puffs-disposable-e-vapor-wholesale-at-low-price\/","title":{"rendered":"AIVONO FLAME 30000 Pufuri Dispozitiv E Vape de Unic\u0103 Folosin\u021b\u0103 en-gros la pre\u021b redus"},"content":{"rendered":"<h2 data-pm-slice=\"1 1 []\">AIVONO FLAME 30000 Vape Disposable \u2013 Pix E Vapor Angro<\/h2>\n<p data-start=\"232\" data-end=\"653\">Sistemul <strong data-start=\"236\" data-end=\"278\">AIVONO FLAME 30000 Pix de Vape Disposable<\/strong> este construit pentru pia\u021ba angro din Europa, oferind p\u00e2n\u0103 la <strong data-start=\"340\" data-end=\"356\">30.000 de pufuri<\/strong> de la un <strong data-start=\"364\" data-end=\"386\">Rezervor de lichid electronic de 25mL<\/strong>. Proiectat ca o op\u021biune premium <strong data-start=\"410\" data-end=\"420\">e vape<\/strong> , ofer\u0103 utilizatorilor satisfac\u021bia complet\u0103 a unei <strong data-start=\"471\" data-end=\"490\">vaporizare de \u021bigar\u0103<\/strong> alternative cu arom\u0103 bogat\u0103 \u0219i inhalare lin\u0103. Comercian\u021bii beneficiaz\u0103 de designul s\u0103u durabil, care reduce frecven\u021ba \u00eenlocuirii \u0219i cre\u0219te poten\u021bialul de v\u00e2nz\u0103ri.<\/p>\n<p data-start=\"655\" data-end=\"1065\">Alimentat de o <strong data-start=\"668\" data-end=\"720\">Baterie re\u00eenc\u0103rcabil\u0103 de 650mAh cu \u00eenc\u0103rcare Type-C<\/strong>, modelul <strong data-start=\"726\" data-end=\"746\">AIVONO FLAME 30k<\/strong> este realizat pentru performan\u021b\u0103 constant\u0103. Bobina <strong data-start=\"787\" data-end=\"810\">dual mesh de 1.2\u03a9<\/strong> produce nori densi \u0219i claritate pur\u0103 a aromei, \u00een timp ce <strong data-start=\"868\" data-end=\"898\">fluxul de aer reglabil cu 2 viteze<\/strong> permite utilizatorilor s\u0103 aleag\u0103 \u00eentre o inhalare MTL mai str\u00e2ns\u0103 sau o senza\u021bie RDL mai lejer\u0103. Afi\u0219ajul s\u0103u <strong data-start=\"972\" data-end=\"992\">dual LED<\/strong> \u021bine utilizatorii \u00een control, ar\u0103t\u00e2nd nivelurile bateriei \u0219i lichidului electronic \u00een timp real.<\/p>\n<p data-start=\"1067\" data-end=\"1483\">Disponibil la pre\u021buri angro prin intermediul unor <strong data-start=\"1114\" data-end=\"1134\">magazin online de vape-uri<\/strong> partenerii, cei <strong data-start=\"1149\" data-end=\"1171\">AIVONO FLAME 30000<\/strong> vine cu arome de top precum Mango Ice, Grape Ice, Blueberry Ice, Blueberry Raspberry Pomegranate \u0219i Strawberry Watermelon. Cu <strong data-start=\"1300\" data-end=\"1325\">protec\u021bie pentru blocarea copilului<\/strong> \u0219i construc\u021bie durabil\u0103, acest dispozitiv de unic\u0103 folosin\u021b\u0103<strong data-start=\"1368\" data-end=\"1393\">\u00a0b\u0103\u021b de \u021bigar\u0103 electronic\u0103<\/strong> este alegerea inteligent\u0103 pentru distribuitorii \u0219i utilizatorii finali din Rom\u00e2nia.<\/p>\n<p><strong><span style=\"color: #ff0000;\">Adaug\u0103 whatsapp-ul lui Amy pentru a primi r\u0103spuns imediat \u0219i un cupon de vape!<\/span><\/strong><\/p>\n<p><img fetchpriority=\"high\" decoding=\"async\" class=\"size-full wp-image-2932\" src=\"https:\/\/vapestornado.com\/wp-content\/uploads\/2024\/12\/Vape-Wholesale.jpg\" alt=\"\u021aig\u0103ri electronice cu ridicata\" width=\"229\" height=\"300\" \/><\/p>\n<h3><a href=\"https:\/\/wa.me\/8617776015835\" target=\"_blank\" rel=\"noopener\"><span style=\"color: #ff0000;\"><strong>WhatsApp: +86 17776015835<\/strong><\/span><\/a><\/h3>\n<p>&nbsp;<\/p>\n<h2><strong>AIVONO AIM FLAME 30000 Puff Caracteristici ale produsului<\/strong><\/h2>\n<ul>\n<li data-start=\"1288\" data-end=\"1365\">\n<p data-start=\"1290\" data-end=\"1365\"><strong data-start=\"1290\" data-end=\"1312\">P\u00e2n\u0103 la 30.000 de pufuri<\/strong> - Construit pentru utilizare extins\u0103 \u0219i eficien\u021b\u0103 en gros.<\/p>\n<\/li>\n<li data-start=\"1366\" data-end=\"1439\">\n<p data-start=\"1368\" data-end=\"1439\"><strong data-start=\"1368\" data-end=\"1390\">Rezervor de lichid electronic de 25mL<\/strong> - Sesiuni de vaping mai lungi f\u0103r\u0103 \u00eenlocuiri.<\/p>\n<\/li>\n<li data-start=\"1440\" data-end=\"1518\">\n<p data-start=\"1442\" data-end=\"1518\"><strong data-start=\"1442\" data-end=\"1473\">baterie re\u00eenc\u0103rcabil\u0103 de 650mAh<\/strong> - Rapid <strong data-start=\"1481\" data-end=\"1500\">\u00eenc\u0103rcare de tip C<\/strong> l\u0103s\u00e2ndu-l preg\u0103tit.<\/p>\n<\/li>\n<li data-start=\"1519\" data-end=\"1596\">\n<p data-start=\"1521\" data-end=\"1596\"><strong data-start=\"1521\" data-end=\"1546\">Rezisten\u021b\u0103 cu plas\u0103 dubl\u0103 (1.2\u03a9)<\/strong> - Arome mai bogate \u0219i vapori mai netezi.<\/p>\n<\/li>\n<li data-start=\"1597\" data-end=\"1672\">\n<p data-start=\"1599\" data-end=\"1672\"><strong data-start=\"1599\" data-end=\"1629\">Flux de aer reglabil \u00een 2 viteze<\/strong> - Comut\u0103 \u00eentre <strong data-start=\"1647\" data-end=\"1669\">vaping MTL \u0219i DTL<\/strong>.<\/p>\n<\/li>\n<li data-start=\"1673\" data-end=\"1736\">\n<p data-start=\"1675\" data-end=\"1736\"><strong data-start=\"1675\" data-end=\"1696\">Siguran\u021b\u0103 cu blocare pentru copii<\/strong> - Protec\u021bie suplimentar\u0103 pentru lini\u0219te sufleteasc\u0103.<\/p>\n<\/li>\n<li data-start=\"1737\" data-end=\"1804\">\n<p data-start=\"1739\" data-end=\"1804\"><strong data-start=\"1739\" data-end=\"1759\">dual LED<\/strong> - Monitorizare \u00een timp real a lichidului \u0219i bateriei.<\/p>\n<\/li>\n<\/ul>\n<p>&nbsp;<\/p>\n<figure id=\"attachment_4409\" aria-describedby=\"caption-attachment-4409\" style=\"width: 300px\" class=\"wp-caption alignnone\"><img decoding=\"async\" class=\"size-medium wp-image-4409\" src=\"https:\/\/vapestornado.com\/wp-content\/uploads\/2025\/09\/Aivono-Flame-30k-30000-Puffs-Disposable-Vape-Box-300x300.webp\" alt=\"Cutie pentru dispozitivul de unic\u0103 folosin\u021b\u0103 Aivono Flame 30k 30000 Pufuri\" width=\"300\" height=\"300\" srcset=\"https:\/\/vapestornado.com\/wp-content\/uploads\/2025\/09\/Aivono-Flame-30k-30000-Puffs-Disposable-Vape-Box-300x300.webp 300w, https:\/\/vapestornado.com\/wp-content\/uploads\/2025\/09\/Aivono-Flame-30k-30000-Puffs-Disposable-Vape-Box-150x150.webp 150w, https:\/\/vapestornado.com\/wp-content\/uploads\/2025\/09\/Aivono-Flame-30k-30000-Puffs-Disposable-Vape-Box-768x768.webp 768w, https:\/\/vapestornado.com\/wp-content\/uploads\/2025\/09\/Aivono-Flame-30k-30000-Puffs-Disposable-Vape-Box-12x12.webp 12w, https:\/\/vapestornado.com\/wp-content\/uploads\/2025\/09\/Aivono-Flame-30k-30000-Puffs-Disposable-Vape-Box-600x600.webp 600w, https:\/\/vapestornado.com\/wp-content\/uploads\/2025\/09\/Aivono-Flame-30k-30000-Puffs-Disposable-Vape-Box-100x100.webp 100w, https:\/\/vapestornado.com\/wp-content\/uploads\/2025\/09\/Aivono-Flame-30k-30000-Puffs-Disposable-Vape-Box.webp 800w\" sizes=\"(max-width: 300px) 100vw, 300px\" \/><figcaption id=\"caption-attachment-4409\" class=\"wp-caption-text\">Cutie pentru dispozitivul de unic\u0103 folosin\u021b\u0103 Aivono Flame 30k 30000 Pufuri<\/figcaption><\/figure>\n<p>&nbsp;<\/p>\n<h2 class=\"product-title\"><strong>Lista de arome pentru AIVONOFLAME 30000 Puff<\/strong><\/h2>\n<p data-start=\"2550\" data-end=\"2736\">1. Mango Ice<br \/>\n2. Rape Ice<br \/>\n3. Ghea\u021b\u0103 de afine<br \/>\n4. Blueberry Raspberry Pomegranate<br \/>\n5. Pepene verde c\u0103p\u0219uni<\/p>\n<div class=\"flex-shrink-0 flex flex-col relative items-end\">\n<div class=\"pt-0\">\n<div class=\"gizmo-bot-avatar flex h-8 w-8 items-center justify-center overflow-hidden rounded-full\">\n<div class=\"relative p-1 rounded-sm flex items-center justify-center bg-token-main-surface-primary text-token-text-primary h-8 w-8\">\n<h2 data-start=\"1200\" data-end=\"1487\">Vapes Tornado \u2013 Magazinul t\u0103u online en gros pentru cele mai bune m\u0103rci de vape-uri<\/h2>\n<p data-start=\"1200\" data-end=\"1487\"><strong data-start=\"141\" data-end=\"177\">Magazinul online de fumat Vapes Tornado<\/strong> este sursa ta de \u00eencredere pentru <strong data-start=\"205\" data-end=\"270\">vape-uri premium de unic\u0103 folosin\u021b\u0103 \u0219i \u021bigarete electronice en-gros \u00een Europa<\/strong>. Oferim branduri de top precum <strong data-start=\"307\" data-end=\"362\"><a href=\"https:\/\/vapestornado.com\/ro\/product\/randm-12000-puffs-fumot-digital-disposable-vape-wholesale-price\/\">Fumot VAPE<\/a>, <a href=\"https:\/\/vapestornado.com\/ro\/product\/original-wga-ultra-35k-35000-puff-rechargeable-crystal-disposable-nicotine-vape-best-discount-price\/\">WGA VAPE<\/a>, <\/strong><strong data-start=\"307\" data-end=\"362\"><a href=\"https:\/\/vapestornado.com\/ro\/product\/vozol-gear-shisha-25k-25000-puffs-best-dtl-disposable-vape-hookah-cheap-price\/\">VOZOL BAR VAPE<\/a>, \u00a0 Bang Vape<\/strong>, \u0219i altele, asigur\u00e2nd calitate \u0219i varietate pentru fiecare client. Fie c\u0103 e\u0219ti un vaper individual sau un cump\u0103r\u0103tor en-gros, livr\u0103m <strong data-start=\"481\" data-end=\"550\">dispozitive performante, designuri elegante \u0219i pre\u021buri competitive<\/strong> pentru a-\u021bi satisface nevoile.<\/p>\n<h2 data-start=\"2064\" data-end=\"2115\">\u00centreb\u0103ri frecvente despre AIVONO 30000 Puff Vape de unic\u0103 folosin\u021b\u0103<\/h2>\n<p data-start=\"1856\" data-end=\"2020\"><strong data-start=\"1856\" data-end=\"1903\">1. C\u00e2t timp dureaz\u0103 AIVONO FLAME 30K?<\/strong><br data-start=\"1903\" data-end=\"1906\" \/>Fiecare dispozitiv ofer\u0103 p\u00e2n\u0103 la <strong data-start=\"1933\" data-end=\"1949\">30.000 de pufuri<\/strong>, fiind unul dintre cele mai durabile vape-uri de unic\u0103 folosin\u021b\u0103 din clasa sa.<\/p>\n<p data-start=\"2022\" data-end=\"2154\"><strong data-start=\"2022\" data-end=\"2057\">2. Este bateria re\u00eenc\u0103rcabil\u0103?<\/strong><br data-start=\"2057\" data-end=\"2060\" \/>Da. Vine cu un <strong data-start=\"2081\" data-end=\"2112\">baterie re\u00eenc\u0103rcabil\u0103 de 650mAh<\/strong> si <strong data-start=\"2117\" data-end=\"2132\">portul Type-C<\/strong> pentru \u00eenc\u0103rcare rapid\u0103.<\/p>\n<p data-start=\"2156\" data-end=\"2307\"><strong data-start=\"2156\" data-end=\"2198\">3. Suport\u0103 flux de aer reglabil?<\/strong><br data-start=\"2198\" data-end=\"2201\" \/>Da. <strong data-start=\"2210\" data-end=\"2234\">controlul dual al fluxului de aer<\/strong> permite utilizatorilor s\u0103 comute \u00eentre <strong data-start=\"2261\" data-end=\"2280\">tragerea str\u00e2ns\u0103 MTL<\/strong> si <strong data-start=\"2285\" data-end=\"2304\">lovituri mai lejere DTL<\/strong>.<\/p>\n<p data-start=\"2309\" data-end=\"2532\"><strong data-start=\"2309\" data-end=\"2358\">4. Ce face ca acesta s\u0103 fie mai bun pentru cump\u0103r\u0103torii en gros?<\/strong><br data-start=\"2358\" data-end=\"2361\" \/>Sistemul <strong data-start=\"2365\" data-end=\"2426\">capacitate mare de inhalare, design re\u00eenc\u0103rcabil \u0219i afi\u0219aj LED<\/strong> cre\u0219te satisfac\u021bia clien\u021bilor \u0219i v\u00e2nz\u0103rile repetate, f\u0103c\u00e2ndu-l ideal pentru <strong data-start=\"2496\" data-end=\"2529\">distribuitorii magazinelor online de vape-uri<\/strong>.<\/p>\n<p data-start=\"2534\" data-end=\"2693\"><strong data-start=\"2534\" data-end=\"2568\">5. Ce arome sunt disponibile?<\/strong><br data-start=\"2568\" data-end=\"2571\" \/>Cele mai populare arome includ <strong data-start=\"2591\" data-end=\"2690\">Mango Ice, Grape Ice, Blueberry Ice, Blueberry Raspberry Pomegranate \u0219i Strawberry Watermelon<\/strong>.<\/p>\n<\/div>\n<\/div>\n<\/div>\n<\/div>","protected":false},"excerpt":{"rendered":"<p data-start=\"2637\" data-end=\"2714\">AIVONO FLAME 30000 Pix de Vape Disposable \u2013 30K Pufuri E Vapor Angro Europa<br \/>\nCump\u0103r\u0103 AIVONO FLAME 30K Pufuri Pix E Shisha cu Afi\u0219aj LED \u2013 Magazin Online Vape UE<br \/>\nAIVONO FLAME 30000 Pufuri \u021aigar\u0103 Electronic\u0103 Vapor \u2013 Cel Mai Bun Vape Disposable Angro<\/p>\n<p><strong>Ad\u0103uga\u021bi-o pe Amy pe WhatsApp pentru a ob\u021bine un r\u0103spuns corect \u0219i un pre\u021b redus!<\/strong><\/p>\n<p><img fetchpriority=\"high\" decoding=\"async\" class=\"size-full wp-image-2932\" src=\"https:\/\/vapestornado.com\/wp-content\/uploads\/2024\/12\/Vape-Wholesale.jpg\" alt=\"\u021aig\u0103ri electronice cu ridicata\" width=\"229\" height=\"300\" \/><\/p>\n<h3><a href=\"https:\/\/wa.me\/8617776015835\"><span style=\"color: #ff0000;\"><strong>WhatsApp: +86 17776015835<\/strong><\/span><\/a><\/h3>","protected":false},"featured_media":4405,"comment_status":"open","ping_status":"closed","template":"","meta":{"_acf_changed":false,"_uag_custom_page_level_css":"","_lmt_disableupdate":"no","_lmt_disable":"","_monsterinsights_skip_tracking":false,"_monsterinsights_sitenote_active":false,"_monsterinsights_sitenote_note":"","_monsterinsights_sitenote_category":0,"site-sidebar-layout":"default","site-content-layout":"","ast-site-content-layout":"default","site-content-style":"default","site-sidebar-style":"default","ast-global-header-display":"","ast-banner-title-visibility":"","ast-main-header-display":"","ast-hfb-above-header-display":"","ast-hfb-below-header-display":"","ast-hfb-mobile-header-display":"","site-post-title":"","ast-breadcrumbs-content":"","ast-featured-img":"","footer-sml-layout":"","ast-disable-related-posts":"","theme-transparent-header-meta":"default","adv-header-id-meta":"","stick-header-meta":"","header-above-stick-meta":"","header-main-stick-meta":"","header-below-stick-meta":"","astra-migrate-meta-layouts":"set","ast-page-background-enabled":"default","ast-page-background-meta":{"desktop":{"background-color":"","background-image":"","background-repeat":"repeat","background-position":"center center","background-size":"auto","background-attachment":"scroll","background-type":"","background-media":"","overlay-type":"","overlay-color":"","overlay-opacity":"","overlay-gradient":""},"tablet":{"background-color":"","background-image":"","background-repeat":"repeat","background-position":"center center","background-size":"auto","background-attachment":"scroll","background-type":"","background-media":"","overlay-type":"","overlay-color":"","overlay-opacity":"","overlay-gradient":""},"mobile":{"background-color":"","background-image":"","background-repeat":"repeat","background-position":"center center","background-size":"auto","background-attachment":"scroll","background-type":"","background-media":"","overlay-type":"","overlay-color":"","overlay-opacity":"","overlay-gradient":""}},"ast-content-background-meta":{"desktop":{"background-color":"var(--ast-global-color-5)","background-image":"","background-repeat":"repeat","background-position":"center center","background-size":"auto","background-attachment":"scroll","background-type":"","background-media":"","overlay-type":"","overlay-color":"","overlay-opacity":"","overlay-gradient":""},"tablet":{"background-color":"var(--ast-global-color-5)","background-image":"","background-repeat":"repeat","background-position":"center center","background-size":"auto","background-attachment":"scroll","background-type":"","background-media":"","overlay-type":"","overlay-color":"","overlay-opacity":"","overlay-gradient":""},"mobile":{"background-color":"var(--ast-global-color-5)","background-image":"","background-repeat":"repeat","background-position":"center center","background-size":"auto","background-attachment":"scroll","background-type":"","background-media":"","overlay-type":"","overlay-color":"","overlay-opacity":"","overlay-gradient":""}},"_joinchat":[]},"product_brand":[],"product_cat":[67,176,150,151,142,146],"product_tag":[389,387,388,390,386],"class_list":{"0":"post-4411","1":"product","2":"type-product","3":"status-publish","4":"has-post-thumbnail","6":"product_cat-30000-puff","7":"product_cat-aivono-vape","8":"product_cat-buy-disposable-vapes-in-belgium","9":"product_cat-buy-disposable-vapes-in-france","10":"product_cat-digital-box-disposable-vapes","11":"product_cat-rechargeable-disposable-vapes","12":"product_tag-aivono-flame-30000","13":"product_tag-cigarette-vapor","14":"product_tag-e-vape","15":"product_tag-online-vape-shop","16":"product_tag-vape-pen","17":"desktop-align-left","18":"tablet-align-left","19":"mobile-align-left","21":"first","22":"instock","23":"sale","24":"shipping-taxable","25":"purchasable","26":"product-type-simple"},"acf":[],"uagb_featured_image_src":{"full":["https:\/\/vapestornado.com\/wp-content\/uploads\/2025\/09\/Aivono-30k-30000-Puffs-Disposable-Vape-Vaper.webp",800,800,false],"thumbnail":["https:\/\/vapestornado.com\/wp-content\/uploads\/2025\/09\/Aivono-30k-30000-Puffs-Disposable-Vape-Vaper-150x150.webp",150,150,true],"medium":["https:\/\/vapestornado.com\/wp-content\/uploads\/2025\/09\/Aivono-30k-30000-Puffs-Disposable-Vape-Vaper-300x300.webp",300,300,true],"medium_large":["https:\/\/vapestornado.com\/wp-content\/uploads\/2025\/09\/Aivono-30k-30000-Puffs-Disposable-Vape-Vaper-768x768.webp",768,768,true],"large":["https:\/\/vapestornado.com\/wp-content\/uploads\/2025\/09\/Aivono-30k-30000-Puffs-Disposable-Vape-Vaper.webp",800,800,false],"1536x1536":["https:\/\/vapestornado.com\/wp-content\/uploads\/2025\/09\/Aivono-30k-30000-Puffs-Disposable-Vape-Vaper.webp",800,800,false],"2048x2048":["https:\/\/vapestornado.com\/wp-content\/uploads\/2025\/09\/Aivono-30k-30000-Puffs-Disposable-Vape-Vaper.webp",800,800,false],"trp-custom-language-flag":["https:\/\/vapestornado.com\/wp-content\/uploads\/2025\/09\/Aivono-30k-30000-Puffs-Disposable-Vape-Vaper-12x12.webp",12,12,true],"woocommerce_thumbnail":["https:\/\/vapestornado.com\/wp-content\/uploads\/2025\/09\/Aivono-30k-30000-Puffs-Disposable-Vape-Vaper-300x300.webp",300,300,true],"woocommerce_single":["https:\/\/vapestornado.com\/wp-content\/uploads\/2025\/09\/Aivono-30k-30000-Puffs-Disposable-Vape-Vaper-600x600.webp",600,600,true],"woocommerce_gallery_thumbnail":["https:\/\/vapestornado.com\/wp-content\/uploads\/2025\/09\/Aivono-30k-30000-Puffs-Disposable-Vape-Vaper-100x100.webp",100,100,true]},"uagb_author_info":{"display_name":"ESAMY","author_link":"https:\/\/vapestornado.com\/ro\/author\/"},"uagb_comment_info":0,"uagb_excerpt":"AIVONO FLAME 30000 Disposable Vape Pen \u2013 30K Puff E Vapor Wholesale Europe Buy AIVONO FLAME 30K Puff LED Display E Shisha Pen \u2013 Online Vape Shop EU AIVONO FLAME 30000 Puffs Electronic Cigarette Vapor \u2013 Best Wholesale Disposable Vape Add Amy's whatsapp to get right reply and discount price! WhatsApp: +86 17776015835","_links":{"self":[{"href":"https:\/\/vapestornado.com\/ro\/wp-json\/wp\/v2\/product\/4411","targetHints":{"allow":["GET"]}}],"collection":[{"href":"https:\/\/vapestornado.com\/ro\/wp-json\/wp\/v2\/product"}],"about":[{"href":"https:\/\/vapestornado.com\/ro\/wp-json\/wp\/v2\/types\/product"}],"replies":[{"embeddable":true,"href":"https:\/\/vapestornado.com\/ro\/wp-json\/wp\/v2\/comments?post=4411"}],"wp:featuredmedia":[{"embeddable":true,"href":"https:\/\/vapestornado.com\/ro\/wp-json\/wp\/v2\/media\/4405"}],"wp:attachment":[{"href":"https:\/\/vapestornado.com\/ro\/wp-json\/wp\/v2\/media?parent=4411"}],"wp:term":[{"taxonomy":"product_brand","embeddable":true,"href":"https:\/\/vapestornado.com\/ro\/wp-json\/wp\/v2\/product_brand?post=4411"},{"taxonomy":"product_cat","embeddable":true,"href":"https:\/\/vapestornado.com\/ro\/wp-json\/wp\/v2\/product_cat?post=4411"},{"taxonomy":"product_tag","embeddable":true,"href":"https:\/\/vapestornado.com\/ro\/wp-json\/wp\/v2\/product_tag?post=4411"}],"curies":[{"name":"wp","href":"https:\/\/api.w.org\/{rel}","templated":true}]}}