{"id":4387,"date":"2025-09-26T07:55:26","date_gmt":"2025-09-26T07:55:26","guid":{"rendered":"https:\/\/vapestornado.com\/?post_type=product&#038;p=4387"},"modified":"2025-11-29T08:57:46","modified_gmt":"2025-11-29T08:57:46","slug":"vopk-triple-60k-60000-puffs-3-in-1-flavor-best-vape-to-buy","status":"publish","type":"product","link":"https:\/\/vapestornado.com\/ro\/product\/vopk-triple-60k-60000-puffs-3-in-1-flavor-best-vape-to-buy\/","title":{"rendered":"Vopk Triple 60K 60000 Pufuri 3 \u00een 1 Arome Cel Mai Bun Vape de Cump\u0103rat"},"content":{"rendered":"<h2 data-pm-slice=\"1 1 []\">Vopk Triple 60K 60000 Pufuri 3 \u00een 1 Arome Cel Mai Bun Vape de Cump\u0103rat<\/h2>\n<p data-start=\"192\" data-end=\"640\">Sistemul <strong data-start=\"196\" data-end=\"215\">Vopsea Triple 60K<\/strong> este conceput pentru tinerii vaperi europeni care solicit\u0103 performan\u021b\u0103 de durat\u0103, arome \u00eendr\u0103zne\u021be \u0219i caracteristici moderne. \u00cempachetat cu <strong data-start=\"338\" data-end=\"354\">60.000 de pufuri<\/strong>, un <strong data-start=\"358\" data-end=\"380\">Rezervor de lichid electronic de 54mL<\/strong>\u0219i <strong data-start=\"386\" data-end=\"412\">bobine mesh triple 0.9\u03a9<\/strong>, ofer\u0103 vapori netezi \u0219i gust consistent la fiecare tragere. Sistemul s\u0103u de rota\u021bie a aromelor <strong data-start=\"479\" data-end=\"512\">3-in-1<\/strong> asigur\u0103 varietate f\u0103r\u0103 a schimba dispozitivele, f\u0103c\u00e2ndu-l <strong data-start=\"570\" data-end=\"590\">cel mai bun vape de cump\u0103rat<\/strong> pentru cei care apreciaz\u0103 at\u00e2t puterea, c\u00e2t \u0219i confortul.<\/p>\n<p data-start=\"642\" data-end=\"1022\">Echipat cu un <strong data-start=\"658\" data-end=\"689\">baterie re\u00eenc\u0103rcabil\u0103 de 650mAh<\/strong>, <strong data-start=\"691\" data-end=\"715\">\u00eenc\u0103rcare rapid\u0103 de tip C<\/strong>, \u0219i un <strong data-start=\"723\" data-end=\"744\">afi\u0219ajul inteligent LED<\/strong>, modelul <strong data-start=\"750\" data-end=\"771\">Vopsea Triple 60000<\/strong> ofer\u0103 performan\u021b\u0103 continu\u0103 cu monitorizare \u00een timp real a nivelului bateriei \u0219i a lichidului electronic. Indiferent dac\u0103 cau\u021bi satisfac\u021bie puternic\u0103 cu <strong data-start=\"907\" data-end=\"921\">5% nicotin\u0103<\/strong> sau o op\u021biune cu nicotin\u0103 sc\u0103zut\u0103 <strong data-start=\"935\" data-end=\"948\">2%<\/strong>, acest <strong data-start=\"955\" data-end=\"987\">\u021aigar\u0103 electronic\u0103 de unic\u0103 folosin\u021b\u0103 re\u00eenc\u0103rcabil\u0103<\/strong> este adaptat pentru preferin\u021ba ta.<\/p>\n<p><strong><span style=\"color: #ff0000;\">Adaug\u0103 whatsapp-ul lui Amy pentru a primi r\u0103spuns imediat \u0219i un cupon de vape!<\/span><\/strong><\/p>\n<p><img fetchpriority=\"high\" decoding=\"async\" class=\"size-full wp-image-2932\" src=\"https:\/\/vapestornado.com\/wp-content\/uploads\/2024\/12\/Vape-Wholesale.jpg\" alt=\"\u021aig\u0103ri electronice cu ridicata\" width=\"229\" height=\"300\" \/><\/p>\n<h3><a href=\"https:\/\/wa.me\/8617776015835\" target=\"_blank\" rel=\"noopener\"><span style=\"color: #ff0000;\"><strong>WhatsApp: +86 17776015835<\/strong><\/span><\/a><\/h3>\n<p>&nbsp;<\/p>\n<h2><strong>Caracteristici ale produsului Vopk Triple 60K Puff<\/strong><\/h2>\n<ul>\n<li data-start=\"1069\" data-end=\"1137\">\n<p data-start=\"1071\" data-end=\"1137\">Imens <strong data-start=\"1079\" data-end=\"1095\">60.000 de pufuri<\/strong> \u2013 vaping pe termen lung f\u0103r\u0103 \u00eenlocuiri<\/p>\n<\/li>\n<li data-start=\"1138\" data-end=\"1176\">\n<p data-start=\"1140\" data-end=\"1176\"><strong data-start=\"1140\" data-end=\"1157\">54mL lichid electronic<\/strong> pentru utilizare extins\u0103<\/p>\n<\/li>\n<li data-start=\"1177\" data-end=\"1247\">\n<p data-start=\"1179\" data-end=\"1247\"><strong data-start=\"1179\" data-end=\"1203\">Comutator de arom\u0103 3-in-1<\/strong> \u2013 rote\u0219te \u00eentre 3 profile \u00eentr-un singur dispozitiv<\/p>\n<\/li>\n<li data-start=\"1248\" data-end=\"1301\">\n<p data-start=\"1250\" data-end=\"1301\"><strong data-start=\"1250\" data-end=\"1277\">Rezisten\u021b\u0103 cu plas\u0103 tripla (0.9\u03a9)<\/strong> pentru vapori bogi \u0219i dens<\/p>\n<\/li>\n<li data-start=\"1302\" data-end=\"1367\">\n<p data-start=\"1304\" data-end=\"1367\"><strong data-start=\"1304\" data-end=\"1335\">baterie re\u00eenc\u0103rcabil\u0103 de 650mAh<\/strong> cu <strong data-start=\"1341\" data-end=\"1365\">\u00eenc\u0103rcare rapid\u0103 de tip C<\/strong><\/p>\n<\/li>\n<li data-start=\"1368\" data-end=\"1428\">\n<p data-start=\"1370\" data-end=\"1428\"><strong data-start=\"1370\" data-end=\"1390\">Ecran LED inteligent<\/strong> afi\u0219\u00e2nd nivelul lichidului \u0219i al bateriei<\/p>\n<\/li>\n<li data-start=\"1429\" data-end=\"1470\">\n<p data-start=\"1431\" data-end=\"1470\">Flexibil <strong data-start=\"1440\" data-end=\"1468\">op\u021biuni de nicotin\u0103: 2% &amp; 5%<\/strong><\/p>\n<\/li>\n<li data-start=\"1471\" data-end=\"1533\">\n<p data-start=\"1473\" data-end=\"1533\">10 combina\u021bii unice <strong data-start=\"1483\" data-end=\"1506\">de arome triplu<\/strong> pentru satisfac\u021bie pe tot parcursul zilei<\/p>\n<\/li>\n<\/ul>\n<figure id=\"attachment_4380\" aria-describedby=\"caption-attachment-4380\" style=\"width: 300px\" class=\"wp-caption alignnone\"><img decoding=\"async\" class=\"size-medium wp-image-4380\" src=\"https:\/\/vapestornado.com\/wp-content\/uploads\/2025\/09\/VOPK-Tripe-60k-Puffs-Vape-Cartridge-300x300.webp\" alt=\"Cartu\u0219 de vapori VOPK Tripe 60k Pufuri\" width=\"300\" height=\"300\" srcset=\"https:\/\/vapestornado.com\/wp-content\/uploads\/2025\/09\/VOPK-Tripe-60k-Puffs-Vape-Cartridge-300x300.webp 300w, https:\/\/vapestornado.com\/wp-content\/uploads\/2025\/09\/VOPK-Tripe-60k-Puffs-Vape-Cartridge-150x150.webp 150w, https:\/\/vapestornado.com\/wp-content\/uploads\/2025\/09\/VOPK-Tripe-60k-Puffs-Vape-Cartridge-768x768.webp 768w, https:\/\/vapestornado.com\/wp-content\/uploads\/2025\/09\/VOPK-Tripe-60k-Puffs-Vape-Cartridge-12x12.webp 12w, https:\/\/vapestornado.com\/wp-content\/uploads\/2025\/09\/VOPK-Tripe-60k-Puffs-Vape-Cartridge-600x600.webp 600w, https:\/\/vapestornado.com\/wp-content\/uploads\/2025\/09\/VOPK-Tripe-60k-Puffs-Vape-Cartridge-100x100.webp 100w, https:\/\/vapestornado.com\/wp-content\/uploads\/2025\/09\/VOPK-Tripe-60k-Puffs-Vape-Cartridge.webp 800w\" sizes=\"(max-width: 300px) 100vw, 300px\" \/><figcaption id=\"caption-attachment-4380\" class=\"wp-caption-text\">Cartu\u0219 de vapori VOPK Tripe 60k Pufuri<\/figcaption><\/figure>\n<h2 class=\"product-title\"><strong>Lista de arome Vopk Triple 60K Puff 3 \u00een 1<\/strong><\/h2>\n<p data-start=\"2550\" data-end=\"2736\">1. Pepene galben cu ghea\u021b\u0103 \/ Pepene triplu cu ghea\u021b\u0103 \/ \u00cenghe\u021bat\u0103 cu c\u0103p\u0219uni<br \/>\n2. C\u0103p\u0219uni banan\u0103 \/ Zmeur\u0103 pepene galben \/ Ananas cocos<br \/>\n3. piersic\u0103 fructe de p\u0103dure \/Ghea\u021b\u0103 Blue razz \/Pepene galben mango piersic\u0103<br \/>\n4. mango acru ananas \/Red bull c\u0103p\u0219uni \/Mure negre ghea\u021b\u0103<br \/>\n5. kiwi fruct de pasiune \/C\u0103p\u0219uni cire\u0219 \/Love 66<br \/>\n6. M\u0103r dublu ghea\u021b\u0103 \/Fruct tropical \/C\u0103p\u0219uni pepene ap\u0103 gum\u0103 de mestecat<br \/>\n7. Strugure ghea\u021b\u0103 \/C\u0103p\u0219uni kiwi \/Pepene ro\u0219u Red Bull<br \/>\n8. C\u0103p\u0219uni pepene \/Afine zmeur\u0103 \/L\u0103m\u00e2ie lime<br \/>\n9. Banane ananas \/Red bull ghea\u021b\u0103 \/C\u0103p\u0219uni mango<br \/>\n10. Urs de gum\u0103 \/Coca-Cola cu vanilie \u0219i c\u0103p\u0219uni \/Vat\u0103 de zah\u0103r afine<\/p>\n<div class=\"flex-shrink-0 flex flex-col relative items-end\">\n<div class=\"pt-0\">\n<div class=\"gizmo-bot-avatar flex h-8 w-8 items-center justify-center overflow-hidden rounded-full\">\n<div class=\"relative p-1 rounded-sm flex items-center justify-center bg-token-main-surface-primary text-token-text-primary h-8 w-8\">\n<h2 data-start=\"1200\" data-end=\"1487\">Vapes Tornado \u2013 Magazinul t\u0103u online en gros pentru cele mai bune m\u0103rci de vape-uri<\/h2>\n<p data-start=\"1200\" data-end=\"1487\"><strong data-start=\"141\" data-end=\"177\">Magazinul online de fumat Vapes Tornado<\/strong> este sursa ta de \u00eencredere pentru <strong data-start=\"205\" data-end=\"270\">vape-uri premium de unic\u0103 folosin\u021b\u0103 \u0219i \u021bigarete electronice en-gros \u00een Europa<\/strong>. Oferim branduri de top precum <strong data-start=\"307\" data-end=\"362\"><a href=\"https:\/\/vapestornado.com\/ro\/product\/elf-bar-raya-d3-25000-puffs-best-disposable-vape-wholesale-in-uk\/\">ELF BAR VAPE<\/a>, <a href=\"https:\/\/vapestornado.com\/ro\/product\/randm-tornado-15000-disposable-vape-wholesale-price\/\">Fumot VAPE<\/a>, <a href=\"https:\/\/vapestornado.com\/ro\/product\/original-vozol-star-40000-puff-40k-best-disposable-vape-2025-wholesale-cheap-price\/\">VOZOL VAPE<\/a>, Bang Vape<\/strong>, \u0219i altele, asigur\u00e2nd calitate \u0219i varietate pentru fiecare client. Fie c\u0103 e\u0219ti un vaper individual sau un cump\u0103r\u0103tor en-gros, livr\u0103m <strong data-start=\"481\" data-end=\"550\">dispozitive performante, designuri elegante \u0219i pre\u021buri competitive<\/strong> pentru a-\u021bi satisface nevoile.<\/p>\n<h2 data-start=\"2064\" data-end=\"2115\">\u00centreb\u0103ri frecvente despre Vopk Triple 60K Disposable Vape<\/h2>\n<p data-start=\"1587\" data-end=\"1707\"><strong data-start=\"1587\" data-end=\"1642\">1. C\u00e2te pufuri ofer\u0103 Vopk Triple 60K?<\/strong><br data-start=\"1642\" data-end=\"1645\" \/>Ofer\u0103 p\u00e2n\u0103 la <strong data-start=\"1663\" data-end=\"1679\">60.000 de pufuri<\/strong>, ideal pentru utilizare pe termen lung.<\/p>\n<p data-start=\"1709\" data-end=\"1840\"><strong data-start=\"1709\" data-end=\"1754\">2. Este Vopk Triple 60000 re\u00eenc\u0103rcabil?<\/strong><br data-start=\"1754\" data-end=\"1757\" \/>Da, are un <strong data-start=\"1776\" data-end=\"1807\">baterie re\u00eenc\u0103rcabil\u0103 de 650mAh<\/strong> cu <strong data-start=\"1813\" data-end=\"1837\">\u00eenc\u0103rcare rapid\u0103 de tip C<\/strong>.<\/p>\n<p data-start=\"1842\" data-end=\"2021\"><strong data-start=\"1842\" data-end=\"1901\">3. Ce face ca Vopk Triple 60K s\u0103 fie cel mai bun vape de cump\u0103rat?<\/strong><br data-start=\"1901\" data-end=\"1904\" \/>Al s\u0103u <strong data-start=\"1908\" data-end=\"1977\">Sistemul de arome 3-\u00een-1, num\u0103rul mare de pufuri \u0219i designul re\u00eenc\u0103rcabil<\/strong> \u00eel fac s\u0103 ias\u0103 \u00een eviden\u021b\u0103 pe pia\u021ba european\u0103.<\/p>\n<p data-start=\"2023\" data-end=\"2142\"><strong data-start=\"2023\" data-end=\"2068\">4. Ce concentra\u021bii de nicotin\u0103 sunt disponibile?<\/strong><br data-start=\"2068\" data-end=\"2071\" \/>Pute\u021bi alege \u00eentre <strong data-start=\"2094\" data-end=\"2114\">Nicotin\u0103 2% sau 5%<\/strong> pentru a se potrivi preferin\u021belor tale.<\/p>\n<p data-start=\"2144\" data-end=\"2282\"><strong data-start=\"2144\" data-end=\"2193\">5. Are Vopk Triple 60000 un ecran?<\/strong><br data-start=\"2193\" data-end=\"2196\" \/>Da, <strong data-start=\"2205\" data-end=\"2226\">afi\u0219ajul inteligent LED<\/strong> monitorizeaz\u0103 at\u00e2t nivelul bateriei, c\u00e2t \u0219i nivelul lichidului \u00een timp real.<\/p>\n<\/div>\n<\/div>\n<\/div>\n<\/div>","protected":false},"excerpt":{"rendered":"<p data-start=\"2563\" data-end=\"2634\">Vopk Triple 60K 60000 Pufuri Vape de unic\u0103 folosin\u021b\u0103 \u2013 Cel mai bun vape de cump\u0103rat \u00een Europa<\/p>\n<p data-start=\"2638\" data-end=\"2711\">Vopk Triple 60000 Pufuri Vape de unic\u0103 folosin\u021b\u0103 re\u00eenc\u0103rcabil\u0103 cu arom\u0103 3-in-1<\/p>\n<p data-start=\"2715\" data-end=\"2788\">Cel mai bun vape de cump\u0103rat \u2013 Vopk Triple 60K 60000 Pufuri cu ecran LED \u0219i Type-C<\/p>\n<p><strong>Ad\u0103uga\u021bi-o pe Amy pe WhatsApp pentru a ob\u021bine un r\u0103spuns corect \u0219i un pre\u021b redus!<\/strong><\/p>\n<p><img fetchpriority=\"high\" decoding=\"async\" class=\"size-full wp-image-2932\" src=\"https:\/\/vapestornado.com\/wp-content\/uploads\/2024\/12\/Vape-Wholesale.jpg\" alt=\"\u021aig\u0103ri electronice cu ridicata\" width=\"229\" height=\"300\" \/><\/p>\n<h3><a href=\"https:\/\/wa.me\/8617776015835\"><span style=\"color: #ff0000;\"><strong>WhatsApp: +86 17776015835<\/strong><\/span><\/a><\/h3>","protected":false},"featured_media":4385,"comment_status":"open","ping_status":"closed","template":"","meta":{"_acf_changed":false,"_uag_custom_page_level_css":"","_lmt_disableupdate":"no","_lmt_disable":"","_monsterinsights_skip_tracking":false,"_monsterinsights_sitenote_active":false,"_monsterinsights_sitenote_note":"","_monsterinsights_sitenote_category":0,"site-sidebar-layout":"default","site-content-layout":"","ast-site-content-layout":"default","site-content-style":"default","site-sidebar-style":"default","ast-global-header-display":"","ast-banner-title-visibility":"","ast-main-header-display":"","ast-hfb-above-header-display":"","ast-hfb-below-header-display":"","ast-hfb-mobile-header-display":"","site-post-title":"","ast-breadcrumbs-content":"","ast-featured-img":"","footer-sml-layout":"","ast-disable-related-posts":"","theme-transparent-header-meta":"default","adv-header-id-meta":"","stick-header-meta":"","header-above-stick-meta":"","header-main-stick-meta":"","header-below-stick-meta":"","astra-migrate-meta-layouts":"set","ast-page-background-enabled":"default","ast-page-background-meta":{"desktop":{"background-color":"","background-image":"","background-repeat":"repeat","background-position":"center center","background-size":"auto","background-attachment":"scroll","background-type":"","background-media":"","overlay-type":"","overlay-color":"","overlay-opacity":"","overlay-gradient":""},"tablet":{"background-color":"","background-image":"","background-repeat":"repeat","background-position":"center center","background-size":"auto","background-attachment":"scroll","background-type":"","background-media":"","overlay-type":"","overlay-color":"","overlay-opacity":"","overlay-gradient":""},"mobile":{"background-color":"","background-image":"","background-repeat":"repeat","background-position":"center center","background-size":"auto","background-attachment":"scroll","background-type":"","background-media":"","overlay-type":"","overlay-color":"","overlay-opacity":"","overlay-gradient":""}},"ast-content-background-meta":{"desktop":{"background-color":"var(--ast-global-color-5)","background-image":"","background-repeat":"repeat","background-position":"center center","background-size":"auto","background-attachment":"scroll","background-type":"","background-media":"","overlay-type":"","overlay-color":"","overlay-opacity":"","overlay-gradient":""},"tablet":{"background-color":"var(--ast-global-color-5)","background-image":"","background-repeat":"repeat","background-position":"center center","background-size":"auto","background-attachment":"scroll","background-type":"","background-media":"","overlay-type":"","overlay-color":"","overlay-opacity":"","overlay-gradient":""},"mobile":{"background-color":"var(--ast-global-color-5)","background-image":"","background-repeat":"repeat","background-position":"center center","background-size":"auto","background-attachment":"scroll","background-type":"","background-media":"","overlay-type":"","overlay-color":"","overlay-opacity":"","overlay-gradient":""}},"_joinchat":[]},"product_brand":[],"product_cat":[343,149,153,156,157,159,142,146,290],"product_tag":[384,380,368,381,383,382],"class_list":{"0":"post-4387","1":"product","2":"type-product","3":"status-publish","4":"has-post-thumbnail","6":"product_cat-60000-puff","7":"product_cat-buy-disposable-vapes-in-austria","8":"product_cat-buy-disposable-vapes-in-italy","9":"product_cat-buy-disposable-vapes-in-poland","10":"product_cat-buy-disposable-vapes-in-portugal","11":"product_cat-buy-disposable-vapes-in-sweden","12":"product_cat-digital-box-disposable-vapes","13":"product_cat-rechargeable-disposable-vapes","14":"product_cat-vopk-vape","15":"product_tag-3-in-1-disposable-vape","16":"product_tag-disposable-vapes-online","17":"product_tag-disposable-vapor","18":"product_tag-vapes-online-wholesale","19":"product_tag-vopk-60000-puff","20":"product_tag-vopk-triple-60k","21":"desktop-align-left","22":"tablet-align-left","23":"mobile-align-left","25":"first","26":"instock","27":"sale","28":"shipping-taxable","29":"purchasable","30":"product-type-simple"},"acf":[],"uagb_featured_image_src":{"full":["https:\/\/vapestornado.com\/wp-content\/uploads\/2025\/09\/VOPK-Tripe-60000-Puffs-Pen-Cartridge-Wholesale.webp",800,800,false],"thumbnail":["https:\/\/vapestornado.com\/wp-content\/uploads\/2025\/09\/VOPK-Tripe-60000-Puffs-Pen-Cartridge-Wholesale-150x150.webp",150,150,true],"medium":["https:\/\/vapestornado.com\/wp-content\/uploads\/2025\/09\/VOPK-Tripe-60000-Puffs-Pen-Cartridge-Wholesale-300x300.webp",300,300,true],"medium_large":["https:\/\/vapestornado.com\/wp-content\/uploads\/2025\/09\/VOPK-Tripe-60000-Puffs-Pen-Cartridge-Wholesale-768x768.webp",768,768,true],"large":["https:\/\/vapestornado.com\/wp-content\/uploads\/2025\/09\/VOPK-Tripe-60000-Puffs-Pen-Cartridge-Wholesale.webp",800,800,false],"1536x1536":["https:\/\/vapestornado.com\/wp-content\/uploads\/2025\/09\/VOPK-Tripe-60000-Puffs-Pen-Cartridge-Wholesale.webp",800,800,false],"2048x2048":["https:\/\/vapestornado.com\/wp-content\/uploads\/2025\/09\/VOPK-Tripe-60000-Puffs-Pen-Cartridge-Wholesale.webp",800,800,false],"trp-custom-language-flag":["https:\/\/vapestornado.com\/wp-content\/uploads\/2025\/09\/VOPK-Tripe-60000-Puffs-Pen-Cartridge-Wholesale-12x12.webp",12,12,true],"woocommerce_thumbnail":["https:\/\/vapestornado.com\/wp-content\/uploads\/2025\/09\/VOPK-Tripe-60000-Puffs-Pen-Cartridge-Wholesale-300x300.webp",300,300,true],"woocommerce_single":["https:\/\/vapestornado.com\/wp-content\/uploads\/2025\/09\/VOPK-Tripe-60000-Puffs-Pen-Cartridge-Wholesale-600x600.webp",600,600,true],"woocommerce_gallery_thumbnail":["https:\/\/vapestornado.com\/wp-content\/uploads\/2025\/09\/VOPK-Tripe-60000-Puffs-Pen-Cartridge-Wholesale-100x100.webp",100,100,true]},"uagb_author_info":{"display_name":"ESAMY","author_link":"https:\/\/vapestornado.com\/ro\/author\/"},"uagb_comment_info":1,"uagb_excerpt":"Vopk Triple 60K 60000 Puffs Disposable Vape \u2013 Best Vape to Buy Europe Vopk Triple 60000 Puffs Rechargeable Disposable Vape with 3-in-1 Flavor Best Vape to Buy \u2013 Vopk Triple 60K 60000 Puffs with LED Screen &amp; Type-C Add Amy's whatsapp to get right reply and discount price! WhatsApp: +86 17776015835","_links":{"self":[{"href":"https:\/\/vapestornado.com\/ro\/wp-json\/wp\/v2\/product\/4387","targetHints":{"allow":["GET"]}}],"collection":[{"href":"https:\/\/vapestornado.com\/ro\/wp-json\/wp\/v2\/product"}],"about":[{"href":"https:\/\/vapestornado.com\/ro\/wp-json\/wp\/v2\/types\/product"}],"replies":[{"embeddable":true,"href":"https:\/\/vapestornado.com\/ro\/wp-json\/wp\/v2\/comments?post=4387"}],"wp:featuredmedia":[{"embeddable":true,"href":"https:\/\/vapestornado.com\/ro\/wp-json\/wp\/v2\/media\/4385"}],"wp:attachment":[{"href":"https:\/\/vapestornado.com\/ro\/wp-json\/wp\/v2\/media?parent=4387"}],"wp:term":[{"taxonomy":"product_brand","embeddable":true,"href":"https:\/\/vapestornado.com\/ro\/wp-json\/wp\/v2\/product_brand?post=4387"},{"taxonomy":"product_cat","embeddable":true,"href":"https:\/\/vapestornado.com\/ro\/wp-json\/wp\/v2\/product_cat?post=4387"},{"taxonomy":"product_tag","embeddable":true,"href":"https:\/\/vapestornado.com\/ro\/wp-json\/wp\/v2\/product_tag?post=4387"}],"curies":[{"name":"wp","href":"https:\/\/api.w.org\/{rel}","templated":true}]}}