{"id":4386,"date":"2025-09-25T07:52:37","date_gmt":"2025-09-25T07:52:37","guid":{"rendered":"https:\/\/vapestornado.com\/?post_type=product&#038;p=4386"},"modified":"2025-09-29T09:40:45","modified_gmt":"2025-09-29T09:40:45","slug":"aivono-fatbear-80k-best-3-in-1-vape-led-display-disposable-vape-pen","status":"publish","type":"product","link":"https:\/\/vapestornado.com\/ro\/product\/aivono-fatbear-80k-best-3-in-1-vape-led-display-disposable-vape-pen\/","title":{"rendered":"AIVONO FATBEAR 80K Cel mai bun 3 \u00een 1 Vape cu afi\u0219aj LED \u0219i \u021bigar\u0103 electronic\u0103 de unic\u0103 folosin\u021b\u0103"},"content":{"rendered":"<h2 data-pm-slice=\"1 1 []\">AIVONO FATBEAR 80K Stilou de vape disposabil cu afi\u0219aj LED 3-in-1 \u2013 Cel mai bun vape angro disposable<\/h2>\n<p data-start=\"305\" data-end=\"593\">Sistemul <strong data-start=\"309\" data-end=\"331\">AIVONO FATBEAR 80K<\/strong> este ultimul <strong data-start=\"348\" data-end=\"365\">vape cu puf mare<\/strong> construit pentru putere, arom\u0103 \u0219i confort. Oferind p\u00e2n\u0103 la <strong data-start=\"423\" data-end=\"439\">80000 de pufuri<\/strong> cu o capacitate imens\u0103 de <strong data-start=\"455\" data-end=\"481\">58mL de lichid electronic<\/strong>, acest <strong data-start=\"488\" data-end=\"523\">Stilou de vape cu afi\u0219aj LED disposable<\/strong> este proiectat pentru performan\u021b\u0103 de durat\u0103 \u0219i satisfac\u021bie lin\u0103.<\/p>\n<p data-start=\"595\" data-end=\"945\">Cu un <strong data-start=\"607\" data-end=\"638\">Sistem de comutare a aromelor 3-in-1<\/strong>, modelul <strong data-start=\"644\" data-end=\"668\">AIVONO FATBEAR 80000<\/strong> \u00ee\u021bi permite s\u0103 rote\u0219ti instantaneu \u00eentre trei arome \u00eentr-un singur dispozitiv, oferindu-\u021bi varietate continu\u0103 f\u0103r\u0103 a schimba cartu\u0219ele. Acesta <strong data-start=\"786\" data-end=\"804\">de tip mesh de 1.0\u03a9<\/strong> ofer\u0103 vapori dens \u0219i gust bogat, \u00een timp ce <strong data-start=\"852\" data-end=\"883\">baterie re\u00eenc\u0103rcabil\u0103 de 650mAh<\/strong> cu <strong data-start=\"889\" data-end=\"913\">\u00eenc\u0103rcare rapid\u0103 de tip C<\/strong> asigur\u0103 utilizare fiabil\u0103 pe tot parcursul zilei.<\/p>\n<p data-start=\"947\" data-end=\"1325\">R\u0103m\u00e2i \u00een control cu <strong data-start=\"972\" data-end=\"993\">afi\u0219ajul inteligent LED<\/strong>, afi\u0219\u00e2nd nivelurile de lichid electronic \u0219i baterie \u00een timp real. Cu op\u021biuni flexibile de nicotin\u0103 (0%, 2%, 3%, 5%), acest dispozitiv este perfect at\u00e2t pentru vaperii ocazionali, c\u00e2t \u0219i pentru cei intensivi. Elegant, puternic \u0219i construit pentru rezisten\u021b\u0103, <strong data-start=\"1191\" data-end=\"1213\">AIVONO 80K<\/strong> este <strong data-start=\"1221\" data-end=\"1255\">cel mai bun vape disposable angro<\/strong> pentru comercian\u021bii cu am\u0103nuntul din Europa \u0219i alegerea preferat\u0103 a vaperilor.<\/p>\n<p><strong><span style=\"color: #ff0000;\">Adaug\u0103 whatsapp-ul lui Amy pentru a primi r\u0103spuns imediat \u0219i un cupon de vape!<\/span><\/strong><\/p>\n<p><img fetchpriority=\"high\" decoding=\"async\" class=\"size-full wp-image-2932\" src=\"https:\/\/vapestornado.com\/wp-content\/uploads\/2024\/12\/Vape-Wholesale.jpg\" alt=\"\u021aig\u0103ri electronice cu ridicata\" width=\"229\" height=\"300\" \/><\/p>\n<h3><a href=\"https:\/\/wa.me\/8617776015835\" target=\"_blank\" rel=\"noopener\"><span style=\"color: #ff0000;\"><strong>WhatsApp: +86 17776015835<\/strong><\/span><\/a><\/h3>\n<p>&nbsp;<\/p>\n<h2><strong>AIVONO AIM FATBEAR 80K Puff Caracteristici ale produsului<\/strong><\/h2>\n<ul>\n<li data-start=\"1357\" data-end=\"1402\">\n<p data-start=\"1359\" data-end=\"1402\">P\u00e2n\u0103 la <strong data-start=\"1365\" data-end=\"1381\">80.000 de pufuri<\/strong> cu o capacitate de 58mL<\/p>\n<\/li>\n<li data-start=\"1403\" data-end=\"1453\">\n<p data-start=\"1405\" data-end=\"1453\"><strong data-start=\"1405\" data-end=\"1431\">rota\u021bie de arome 3-in-1<\/strong> pentru varietate nonstop<\/p>\n<\/li>\n<li data-start=\"1454\" data-end=\"1515\">\n<p data-start=\"1456\" data-end=\"1515\"><strong data-start=\"1456\" data-end=\"1487\">baterie re\u00eenc\u0103rcabil\u0103 de 650mAh<\/strong> cu \u00eenc\u0103rcare rapid\u0103 Type-C<\/p>\n<\/li>\n<li data-start=\"1516\" data-end=\"1568\">\n<p data-start=\"1518\" data-end=\"1568\"><strong data-start=\"1518\" data-end=\"1533\">u\u0219or de utilizat<\/strong> monitorizeaz\u0103 nivelurile de e-lichid \u0219i baterie<\/p>\n<\/li>\n<li data-start=\"1569\" data-end=\"1629\">\n<p data-start=\"1571\" data-end=\"1629\"><strong data-start=\"1571\" data-end=\"1589\">de tip mesh de 1.0\u03a9<\/strong> pentru nori consisten\u021bi \u0219i arom\u0103 bogat\u0103<\/p>\n<\/li>\n<li data-start=\"1630\" data-end=\"1665\">\n<p data-start=\"1632\" data-end=\"1665\">Op\u021biuni de nicotin\u0103: 0%, 2%, 3%, 5%<\/p>\n<\/li>\n<\/ul>\n<h2 class=\"product-title\"><strong>Lista de arome 3 \u00een 1 AIVONO AIM FATBEAR 80K<\/strong><\/h2>\n<p data-start=\"2550\" data-end=\"2736\">1. Afine zmeur\u0103 \/ L\u0103m\u00e2ie ghea\u021b\u0103 \/ Ananas ghea\u021b\u0103<br \/>\n2. C\u0103p\u0219uni ghea\u021b\u0103 \/ Pepene galben ghea\u021b\u0103 \/ Gum\u0103 de mestecat<br \/>\n3. Mango ghea\u021b\u0103 \/ Ananas cu cocos \/ Piersic\u0103 ghea\u021b\u0103<br \/>\n4. Suc de cire\u0219e ghea\u021b\u0103 \/ Cola ghea\u021b\u0103 \/ Pepene galben<br \/>\n5. Strugure \/ Ment\u0103 \/ \u00cenghe\u021bat\u0103 de meri\u0219oare<br \/>\n6. M\u0103r acru \/ C\u0103p\u0219uni banane \/ Mango acru cu ananas<br \/>\n7. Fructe de p\u0103dure mixte \/ C\u0103p\u0219uni kiwi \/ C\u0103p\u0219uni pepene galben<br \/>\n8. Kiwi fruct de pasiune \/ Love66 \/ Mango ghea\u021b\u0103<br \/>\n9. Pepene galben ghea\u021b\u0103 \/ Piersic\u0103 cu fructe de p\u0103dure \/ Cola de cire\u0219e<br \/>\n10. Red Bull \/ C\u0103p\u0219uni cu pepene galben \/ Dulce de zmeur\u0103<\/p>\n<figure id=\"attachment_4397\" aria-describedby=\"caption-attachment-4397\" style=\"width: 300px\" class=\"wp-caption alignnone\"><img decoding=\"async\" class=\"size-medium wp-image-4397\" src=\"https:\/\/vapestornado.com\/wp-content\/uploads\/2025\/09\/Aivono-Aim-Fatbear-Triple-3-in-1-Disposable-Vape-Wholesale-Cheap-Price-300x300.webp\" alt=\"Aivono Aim Fatbear Triple 3 \u00een 1 Vape de unic\u0103 folosin\u021b\u0103 en gros Pre\u021b ieftin\" width=\"300\" height=\"300\" srcset=\"https:\/\/vapestornado.com\/wp-content\/uploads\/2025\/09\/Aivono-Aim-Fatbear-Triple-3-in-1-Disposable-Vape-Wholesale-Cheap-Price-300x300.webp 300w, https:\/\/vapestornado.com\/wp-content\/uploads\/2025\/09\/Aivono-Aim-Fatbear-Triple-3-in-1-Disposable-Vape-Wholesale-Cheap-Price-150x150.webp 150w, https:\/\/vapestornado.com\/wp-content\/uploads\/2025\/09\/Aivono-Aim-Fatbear-Triple-3-in-1-Disposable-Vape-Wholesale-Cheap-Price-768x768.webp 768w, https:\/\/vapestornado.com\/wp-content\/uploads\/2025\/09\/Aivono-Aim-Fatbear-Triple-3-in-1-Disposable-Vape-Wholesale-Cheap-Price-12x12.webp 12w, https:\/\/vapestornado.com\/wp-content\/uploads\/2025\/09\/Aivono-Aim-Fatbear-Triple-3-in-1-Disposable-Vape-Wholesale-Cheap-Price-600x600.webp 600w, https:\/\/vapestornado.com\/wp-content\/uploads\/2025\/09\/Aivono-Aim-Fatbear-Triple-3-in-1-Disposable-Vape-Wholesale-Cheap-Price-100x100.webp 100w, https:\/\/vapestornado.com\/wp-content\/uploads\/2025\/09\/Aivono-Aim-Fatbear-Triple-3-in-1-Disposable-Vape-Wholesale-Cheap-Price.webp 800w\" sizes=\"(max-width: 300px) 100vw, 300px\" \/><figcaption id=\"caption-attachment-4397\" class=\"wp-caption-text\">Aivono Aim Fatbear Triple 3 \u00een 1 Vape de unic\u0103 folosin\u021b\u0103 en gros Pre\u021b ieftin<\/figcaption><\/figure>\n<div class=\"flex-shrink-0 flex flex-col relative items-end\">\n<div class=\"pt-0\">\n<div class=\"gizmo-bot-avatar flex h-8 w-8 items-center justify-center overflow-hidden rounded-full\">\n<div class=\"relative p-1 rounded-sm flex items-center justify-center bg-token-main-surface-primary text-token-text-primary h-8 w-8\">\n<h2 data-start=\"1200\" data-end=\"1487\">Vapes Tornado \u2013 Magazinul t\u0103u online en gros pentru cele mai bune m\u0103rci de vape-uri<\/h2>\n<p data-start=\"1200\" data-end=\"1487\"><strong data-start=\"141\" data-end=\"177\">Magazinul online de fumat Vapes Tornado<\/strong> este sursa ta de \u00eencredere pentru <strong data-start=\"205\" data-end=\"270\">vape-uri premium de unic\u0103 folosin\u021b\u0103 \u0219i \u021bigarete electronice en-gros \u00een Europa<\/strong>. Oferim branduri de top precum <strong data-start=\"307\" data-end=\"362\"><a href=\"https:\/\/vapestornado.com\/ro\/product\/vozol-gear-shisha-25k-25000-puffs-best-dtl-disposable-vape-hookah-cheap-price\/\">VOZOL BAR VAPE<\/a>, <a href=\"https:\/\/vapestornado.com\/ro\/product\/randm-12000-puffs-fumot-digital-disposable-vape-wholesale-price\/\">Fumot VAPE<\/a>, <a href=\"https:\/\/vapestornado.com\/ro\/product\/original-wga-ultra-35k-35000-puff-rechargeable-crystal-disposable-nicotine-vape-best-discount-price\/\">WGA VAPE<\/a>, Bang Vape<\/strong>, \u0219i altele, asigur\u00e2nd calitate \u0219i varietate pentru fiecare client. Fie c\u0103 e\u0219ti un vaper individual sau un cump\u0103r\u0103tor en-gros, livr\u0103m <strong data-start=\"481\" data-end=\"550\">dispozitive performante, designuri elegante \u0219i pre\u021buri competitive<\/strong> pentru a-\u021bi satisface nevoile.<\/p>\n<h2 data-start=\"2064\" data-end=\"2115\">\u00centreb\u0103ri frecvente despre AIVONO AIM FATBEAR 80K Vape de unic\u0103 folosin\u021b\u0103<\/h2>\n<p data-start=\"1722\" data-end=\"1875\"><strong data-start=\"1722\" data-end=\"1782\">1. C\u00e2te pufuri ofer\u0103 AIVONO FATBEAR 80000?<\/strong><br data-start=\"1782\" data-end=\"1785\" \/>Ofer\u0103 p\u00e2n\u0103 la <strong data-start=\"1803\" data-end=\"1819\">80.000 de pufuri<\/strong>, f\u0103c\u00e2ndu-l unul dintre cele mai durabile vape-uri cu pufuri mari.<\/p>\n<p data-start=\"1877\" data-end=\"2004\"><strong data-start=\"1877\" data-end=\"1922\">2. Pot re\u00eenc\u0103rca AIVONO FATBEAR 80K?<\/strong><br data-start=\"1922\" data-end=\"1925\" \/>Da, vine cu o <strong data-start=\"1946\" data-end=\"1984\">Baterie re\u00eenc\u0103rcabil\u0103 de 650mAh Type-C<\/strong> pentru utilizare extins\u0103.<\/p>\n<p data-start=\"2006\" data-end=\"2196\"><strong data-start=\"2006\" data-end=\"2064\">3. Ce face ca acesta s\u0103 fie cel mai bun vape de unic\u0103 folosin\u021b\u0103 en gros?<\/strong><br data-start=\"2064\" data-end=\"2067\" \/>Al s\u0103u <strong data-start=\"2071\" data-end=\"2129\">Sistem de arom\u0103 3-in-1, num\u0103r mare de pufuri \u0219i afi\u0219aj LED<\/strong> \u00eel face extrem de atractiv at\u00e2t pentru consumatori, c\u00e2t \u0219i pentru comercian\u021bii en gros din Rom\u00e2nia.<\/p>\n<p data-start=\"2198\" data-end=\"2331\"><strong data-start=\"2198\" data-end=\"2243\">4. Ce niveluri de nicotin\u0103 sunt disponibile?<\/strong><br data-start=\"2243\" data-end=\"2246\" \/>Pute\u021bi alege \u00eentre <strong data-start=\"2269\" data-end=\"2298\">nicotin\u0103 0%, 2%, 3% sau 5%<\/strong>, \u00een func\u021bie de preferin\u021bele dumneavoastr\u0103.<\/p>\n<p data-start=\"2333\" data-end=\"2487\"><strong data-start=\"2333\" data-end=\"2388\">5. Are op\u021biuni de arom\u0103 pentru AIVONO FATBEAR 80K?<\/strong><br data-start=\"2388\" data-end=\"2391\" \/>Da, vine \u00een <strong data-start=\"2408\" data-end=\"2448\">10 combina\u021bii unice de triple-arom\u0103<\/strong>, oferind ceva pentru fiecare gust.<\/p>\n<\/div>\n<\/div>\n<\/div>\n<\/div>","protected":false},"excerpt":{"rendered":"<p data-start=\"2774\" data-end=\"2854\">AIVONO FATBEAR 80K Big Puff Vape \u2013 Cel mai bun stilou de vape disposabil cu afi\u0219aj LED 3-in-1<\/p>\n<p data-start=\"2858\" data-end=\"2937\">AIVONO FATBEAR 80000 Pufuri Vape Re\u00eenc\u0103rcabil Dispozitiv Dispozitiv \u2013 Angro \u00een Europa<\/p>\n<p data-start=\"2941\" data-end=\"3026\">Cel mai bun vape angro \u2013 AIVONO FATBEAR 80K cu ecran LED \u0219i arom\u0103 3-in-1<\/p>\n<p data-start=\"2159\" data-end=\"2246\">\n<p><strong>Ad\u0103uga\u021bi-o pe Amy pe WhatsApp pentru a ob\u021bine un r\u0103spuns corect \u0219i un pre\u021b redus!<\/strong><\/p>\n<p><img fetchpriority=\"high\" decoding=\"async\" class=\"size-full wp-image-2932\" src=\"https:\/\/vapestornado.com\/wp-content\/uploads\/2024\/12\/Vape-Wholesale.jpg\" alt=\"\u021aig\u0103ri electronice cu ridicata\" width=\"229\" height=\"300\" \/><\/p>\n<h3><a href=\"https:\/\/wa.me\/8617776015835\"><span style=\"color: #ff0000;\"><strong>WhatsApp: +86 17776015835<\/strong><\/span><\/a><\/h3>","protected":false},"featured_media":4396,"comment_status":"open","ping_status":"closed","template":"","meta":{"_acf_changed":false,"_uag_custom_page_level_css":"","_lmt_disableupdate":"no","_lmt_disable":"","_monsterinsights_skip_tracking":false,"_monsterinsights_sitenote_active":false,"_monsterinsights_sitenote_note":"","_monsterinsights_sitenote_category":0,"site-sidebar-layout":"default","site-content-layout":"","ast-site-content-layout":"default","site-content-style":"default","site-sidebar-style":"default","ast-global-header-display":"","ast-banner-title-visibility":"","ast-main-header-display":"","ast-hfb-above-header-display":"","ast-hfb-below-header-display":"","ast-hfb-mobile-header-display":"","site-post-title":"","ast-breadcrumbs-content":"","ast-featured-img":"","footer-sml-layout":"","ast-disable-related-posts":"","theme-transparent-header-meta":"default","adv-header-id-meta":"","stick-header-meta":"","header-above-stick-meta":"","header-main-stick-meta":"","header-below-stick-meta":"","astra-migrate-meta-layouts":"set","ast-page-background-enabled":"default","ast-page-background-meta":{"desktop":{"background-color":"","background-image":"","background-repeat":"repeat","background-position":"center center","background-size":"auto","background-attachment":"scroll","background-type":"","background-media":"","overlay-type":"","overlay-color":"","overlay-opacity":"","overlay-gradient":""},"tablet":{"background-color":"","background-image":"","background-repeat":"repeat","background-position":"center center","background-size":"auto","background-attachment":"scroll","background-type":"","background-media":"","overlay-type":"","overlay-color":"","overlay-opacity":"","overlay-gradient":""},"mobile":{"background-color":"","background-image":"","background-repeat":"repeat","background-position":"center center","background-size":"auto","background-attachment":"scroll","background-type":"","background-media":"","overlay-type":"","overlay-color":"","overlay-opacity":"","overlay-gradient":""}},"ast-content-background-meta":{"desktop":{"background-color":"var(--ast-global-color-5)","background-image":"","background-repeat":"repeat","background-position":"center center","background-size":"auto","background-attachment":"scroll","background-type":"","background-media":"","overlay-type":"","overlay-color":"","overlay-opacity":"","overlay-gradient":""},"tablet":{"background-color":"var(--ast-global-color-5)","background-image":"","background-repeat":"repeat","background-position":"center center","background-size":"auto","background-attachment":"scroll","background-type":"","background-media":"","overlay-type":"","overlay-color":"","overlay-opacity":"","overlay-gradient":""},"mobile":{"background-color":"var(--ast-global-color-5)","background-image":"","background-repeat":"repeat","background-position":"center center","background-size":"auto","background-attachment":"scroll","background-type":"","background-media":"","overlay-type":"","overlay-color":"","overlay-opacity":"","overlay-gradient":""}},"_joinchat":[]},"product_brand":[],"product_cat":[344,176,149,153,156,158,142,143,144,146],"product_tag":[385,355,380,368,381],"class_list":{"0":"post-4386","1":"product","2":"type-product","3":"status-publish","4":"has-post-thumbnail","6":"product_cat-80000-puff","7":"product_cat-aivono-vape","8":"product_cat-buy-disposable-vapes-in-austria","9":"product_cat-buy-disposable-vapes-in-italy","10":"product_cat-buy-disposable-vapes-in-poland","11":"product_cat-buy-disposable-vapes-in-spain","12":"product_cat-digital-box-disposable-vapes","13":"product_cat-dual-mesh-disposable-vapes","14":"product_cat-low-nicotine-disposable-vapes","15":"product_cat-rechargeable-disposable-vapes","16":"product_tag-aivono-fatbear-80k","17":"product_tag-big-puff-vape","18":"product_tag-disposable-vapes-online","19":"product_tag-disposable-vapor","20":"product_tag-vapes-online-wholesale","21":"desktop-align-left","22":"tablet-align-left","23":"mobile-align-left","25":"first","26":"instock","27":"sale","28":"shipping-taxable","29":"purchasable","30":"product-type-simple"},"acf":[],"uagb_featured_image_src":{"full":["https:\/\/vapestornado.com\/wp-content\/uploads\/2025\/09\/Aivono-Aim-Fatbear-80000-Puffs-Disposable-Vape-Flavor-Adjustable.webp",800,800,false],"thumbnail":["https:\/\/vapestornado.com\/wp-content\/uploads\/2025\/09\/Aivono-Aim-Fatbear-80000-Puffs-Disposable-Vape-Flavor-Adjustable-150x150.webp",150,150,true],"medium":["https:\/\/vapestornado.com\/wp-content\/uploads\/2025\/09\/Aivono-Aim-Fatbear-80000-Puffs-Disposable-Vape-Flavor-Adjustable-300x300.webp",300,300,true],"medium_large":["https:\/\/vapestornado.com\/wp-content\/uploads\/2025\/09\/Aivono-Aim-Fatbear-80000-Puffs-Disposable-Vape-Flavor-Adjustable-768x768.webp",768,768,true],"large":["https:\/\/vapestornado.com\/wp-content\/uploads\/2025\/09\/Aivono-Aim-Fatbear-80000-Puffs-Disposable-Vape-Flavor-Adjustable.webp",800,800,false],"1536x1536":["https:\/\/vapestornado.com\/wp-content\/uploads\/2025\/09\/Aivono-Aim-Fatbear-80000-Puffs-Disposable-Vape-Flavor-Adjustable.webp",800,800,false],"2048x2048":["https:\/\/vapestornado.com\/wp-content\/uploads\/2025\/09\/Aivono-Aim-Fatbear-80000-Puffs-Disposable-Vape-Flavor-Adjustable.webp",800,800,false],"trp-custom-language-flag":["https:\/\/vapestornado.com\/wp-content\/uploads\/2025\/09\/Aivono-Aim-Fatbear-80000-Puffs-Disposable-Vape-Flavor-Adjustable-12x12.webp",12,12,true],"woocommerce_thumbnail":["https:\/\/vapestornado.com\/wp-content\/uploads\/2025\/09\/Aivono-Aim-Fatbear-80000-Puffs-Disposable-Vape-Flavor-Adjustable-300x300.webp",300,300,true],"woocommerce_single":["https:\/\/vapestornado.com\/wp-content\/uploads\/2025\/09\/Aivono-Aim-Fatbear-80000-Puffs-Disposable-Vape-Flavor-Adjustable-600x600.webp",600,600,true],"woocommerce_gallery_thumbnail":["https:\/\/vapestornado.com\/wp-content\/uploads\/2025\/09\/Aivono-Aim-Fatbear-80000-Puffs-Disposable-Vape-Flavor-Adjustable-100x100.webp",100,100,true]},"uagb_author_info":{"display_name":"ESAMY","author_link":"https:\/\/vapestornado.com\/ro\/author\/"},"uagb_comment_info":1,"uagb_excerpt":"AIVONO FATBEAR 80K Big Puff Vape \u2013 Best 3-in-1 LED Display Disposable Vape Pen AIVONO FATBEAR 80000 Puffs Rechargeable Disposable Vape \u2013 Wholesale in Europe Best Wholesale Disposable Vape \u2013 AIVONO FATBEAR 80K with LED Screen &amp; 3-in-1 Flavor Add Amy's whatsapp to get right reply and discount price! WhatsApp: +86 17776015835","_links":{"self":[{"href":"https:\/\/vapestornado.com\/ro\/wp-json\/wp\/v2\/product\/4386","targetHints":{"allow":["GET"]}}],"collection":[{"href":"https:\/\/vapestornado.com\/ro\/wp-json\/wp\/v2\/product"}],"about":[{"href":"https:\/\/vapestornado.com\/ro\/wp-json\/wp\/v2\/types\/product"}],"replies":[{"embeddable":true,"href":"https:\/\/vapestornado.com\/ro\/wp-json\/wp\/v2\/comments?post=4386"}],"wp:featuredmedia":[{"embeddable":true,"href":"https:\/\/vapestornado.com\/ro\/wp-json\/wp\/v2\/media\/4396"}],"wp:attachment":[{"href":"https:\/\/vapestornado.com\/ro\/wp-json\/wp\/v2\/media?parent=4386"}],"wp:term":[{"taxonomy":"product_brand","embeddable":true,"href":"https:\/\/vapestornado.com\/ro\/wp-json\/wp\/v2\/product_brand?post=4386"},{"taxonomy":"product_cat","embeddable":true,"href":"https:\/\/vapestornado.com\/ro\/wp-json\/wp\/v2\/product_cat?post=4386"},{"taxonomy":"product_tag","embeddable":true,"href":"https:\/\/vapestornado.com\/ro\/wp-json\/wp\/v2\/product_tag?post=4386"}],"curies":[{"name":"wp","href":"https:\/\/api.w.org\/{rel}","templated":true}]}}