{"id":4379,"date":"2025-09-25T02:51:29","date_gmt":"2025-09-25T02:51:29","guid":{"rendered":"https:\/\/vapestornado.com\/?post_type=product&#038;p=4379"},"modified":"2025-09-25T03:40:09","modified_gmt":"2025-09-25T03:40:09","slug":"vopk-80000-puff-80k-4-in-1-four-flavors-disposable-vapes-online-wholesale","status":"publish","type":"product","link":"https:\/\/vapestornado.com\/ro\/product\/vopk-80000-puff-80k-4-in-1-four-flavors-disposable-vapes-online-wholesale\/","title":{"rendered":"VOPK 80000 Puff 80k 4 \u00een 1 Patru Arome Vape-uri de Unic\u0103 Folosin\u021b\u0103 Online en-gros"},"content":{"rendered":"<h2 data-pm-slice=\"1 1 []\">VOPK 80000 Puff 80k 4 \u00een 1 Patru Arome Vape-uri de Unic\u0103 Folosin\u021b\u0103 Online en-gros<\/h2>\n<p data-start=\"175\" data-end=\"532\">Sistemul <strong data-start=\"179\" data-end=\"214\">Vape de unic\u0103 folosin\u021b\u0103 VOPK 80000 Puff<\/strong> este construit pentru vaperii care doresc <strong data-start=\"244\" data-end=\"293\">putere, varietate \u0219i comoditate \u00eentr-un singur dispozitiv<\/strong>. Cu <strong data-start=\"300\" data-end=\"328\">tehnologie de arom\u0103 4-\u00een-1<\/strong>, utilizatorii pot comuta instantaneu \u00eentre patru arome premium f\u0103r\u0103 a transporta mai multe capsule. Oferind p\u00e2n\u0103 la <strong data-start=\"433\" data-end=\"457\">80k puff-uri per dispozitiv<\/strong>, acest model este o <strong data-start=\"475\" data-end=\"515\">alegere de top \u00een vape-uri online en-gros<\/strong> \u00een toat\u0103 Europa.<\/p>\n<p data-start=\"534\" data-end=\"1007\">Echipat cu un <strong data-start=\"550\" data-end=\"568\">rezisten\u021b\u0103 mesh de 0.9\u03a9<\/strong>, <strong data-start=\"570\" data-end=\"608\">Baterie re\u00eenc\u0103rcabil\u0103 de 650mAh Type-C<\/strong>, \u0219i un <strong data-start=\"616\" data-end=\"642\">ecran digital de afi\u0219are<\/strong>, modelul <strong data-start=\"648\" data-end=\"660\">VOPK 80k<\/strong> asigur\u0103 un gust bogat, vapori den\u0219i \u0219i control deplin asupra nivelurilor de ulei \u0219i baterie. Cu op\u021biuni de nicotin\u0103 la <strong data-start=\"764\" data-end=\"782\">0%, 2% \u0219i 5%<\/strong>, se adreseaz\u0103 at\u00e2t utilizatorilor ocazionali, c\u00e2t \u0219i vaperilor experimenta\u021bi. Compact, dar puternic, este perfectul <strong data-start=\"878\" data-end=\"905\">kit mod vape de unic\u0103 folosin\u021b\u0103<\/strong> pentru <b>utilizatori<\/b>, oferind un design modern \u0219i performan\u021be fiabile.<\/p>\n<p><strong><span style=\"color: #ff0000;\">Adaug\u0103 whatsapp-ul lui Amy pentru a primi r\u0103spuns imediat \u0219i un cupon de vape!<\/span><\/strong><\/p>\n<p><img fetchpriority=\"high\" decoding=\"async\" class=\"size-full wp-image-2932\" src=\"https:\/\/vapestornado.com\/wp-content\/uploads\/2024\/12\/Vape-Wholesale.jpg\" alt=\"\u021aig\u0103ri electronice cu ridicata\" width=\"229\" height=\"300\" \/><\/p>\n<h3><a href=\"https:\/\/wa.me\/8617776015835\" target=\"_blank\" rel=\"noopener\"><span style=\"color: #ff0000;\"><strong>WhatsApp: +86 17776015835<\/strong><\/span><\/a><\/h3>\n<p>&nbsp;<\/p>\n<h2><strong>Caracteristicile produsului VOPK 80000 Puff<\/strong><\/h2>\n<h2 data-start=\"201\" data-end=\"249\"><\/h2>\n<ul data-start=\"251\" data-end=\"944\">\n<li data-start=\"251\" data-end=\"343\">\n<p data-start=\"253\" data-end=\"343\"><strong data-start=\"253\" data-end=\"277\">Masiv 80.000 de Puff-uri<\/strong> \u2013 construit pentru utilizare pe termen lung, ideal pentru cerere en-gros \u0219i \u00een cantit\u0103\u021bi mari.<\/p>\n<\/li>\n<li data-start=\"344\" data-end=\"438\">\n<p data-start=\"346\" data-end=\"438\"><strong data-start=\"346\" data-end=\"370\">Sistem de arome 4-\u00een-1<\/strong> \u2013 bucur\u0103-te de patru arome \u00eentr-un singur dispozitiv, f\u0103r\u0103 a fi nevoie s\u0103 schimbi podul.<\/p>\n<\/li>\n<li data-start=\"439\" data-end=\"518\">\n<p data-start=\"441\" data-end=\"518\"><strong data-start=\"441\" data-end=\"459\">Rezisten\u021b\u0103 Mesh de 0,9\u03a9<\/strong> \u2013 ofer\u0103 o densitate constant\u0103 a vaporilor \u0219i o arom\u0103 \u00eembun\u0103t\u0103\u021bit\u0103.<\/p>\n<\/li>\n<li data-start=\"519\" data-end=\"606\">\n<p data-start=\"521\" data-end=\"606\"><strong data-start=\"521\" data-end=\"552\">Baterie re\u00eenc\u0103rcabil\u0103 de 650 mAh<\/strong> \u2013 \u00eenc\u0103rcare rapid\u0103 Type-C pentru a te men\u021bine alimentat \u00een mi\u0219care.<\/p>\n<\/li>\n<li data-start=\"607\" data-end=\"693\">\n<p data-start=\"609\" data-end=\"693\"><strong data-start=\"609\" data-end=\"634\">Afi\u0219aj Digital Inteligent<\/strong> \u2013 monitorizeaz\u0103 \u00een timp real durata bateriei \u0219i nivelul lichidului.<\/p>\n<\/li>\n<li data-start=\"694\" data-end=\"776\">\n<p data-start=\"696\" data-end=\"776\"><strong data-start=\"696\" data-end=\"727\">Op\u021biuni de nicotin\u0103: 0%, 2%, 5%<\/strong> \u2013 flexibilitate pentru a se potrivi diferitelor nevoi de vaping.<\/p>\n<\/li>\n<li data-start=\"777\" data-end=\"862\">\n<p data-start=\"779\" data-end=\"862\"><strong data-start=\"779\" data-end=\"807\">Portabil \u0219i u\u0219or de utilizat<\/strong> \u2013 gur\u0103 ergonomic\u0103 mare \u0219i design u\u0219or.<\/p>\n<\/li>\n<li data-start=\"863\" data-end=\"944\">\n<p data-start=\"865\" data-end=\"944\"><strong data-start=\"865\" data-end=\"885\">10 combina\u021bii de arome<\/strong> \u2013 o varietate larg\u0103 pentru a satisface diferite preferin\u021be de gust.<\/p>\n<\/li>\n<\/ul>\n<figure id=\"attachment_4374\" aria-describedby=\"caption-attachment-4374\" style=\"width: 300px\" class=\"wp-caption alignnone\"><img decoding=\"async\" class=\"size-medium wp-image-4374\" src=\"https:\/\/vapestornado.com\/wp-content\/uploads\/2025\/09\/VOPK-80000-Puffs-Nicotine-Free-Disposable-Vape-300x300.webp\" alt=\"VOPK 80000 Pufuri Vape de unic\u0103 folosin\u021b\u0103 f\u0103r\u0103 nicotin\u0103\" width=\"300\" height=\"300\" srcset=\"https:\/\/vapestornado.com\/wp-content\/uploads\/2025\/09\/VOPK-80000-Puffs-Nicotine-Free-Disposable-Vape-300x300.webp 300w, https:\/\/vapestornado.com\/wp-content\/uploads\/2025\/09\/VOPK-80000-Puffs-Nicotine-Free-Disposable-Vape-150x150.webp 150w, https:\/\/vapestornado.com\/wp-content\/uploads\/2025\/09\/VOPK-80000-Puffs-Nicotine-Free-Disposable-Vape-768x768.webp 768w, https:\/\/vapestornado.com\/wp-content\/uploads\/2025\/09\/VOPK-80000-Puffs-Nicotine-Free-Disposable-Vape-12x12.webp 12w, https:\/\/vapestornado.com\/wp-content\/uploads\/2025\/09\/VOPK-80000-Puffs-Nicotine-Free-Disposable-Vape-600x600.webp 600w, https:\/\/vapestornado.com\/wp-content\/uploads\/2025\/09\/VOPK-80000-Puffs-Nicotine-Free-Disposable-Vape-100x100.webp 100w, https:\/\/vapestornado.com\/wp-content\/uploads\/2025\/09\/VOPK-80000-Puffs-Nicotine-Free-Disposable-Vape.webp 800w\" sizes=\"(max-width: 300px) 100vw, 300px\" \/><figcaption id=\"caption-attachment-4374\" class=\"wp-caption-text\">VOPK 80000 Pufuri Vape de unic\u0103 folosin\u021b\u0103 f\u0103r\u0103 nicotin\u0103<\/figcaption><\/figure>\n<h2 class=\"product-title\"><strong>Lista aromelor VOPK 80000 Pufuri 80k 4 \u00een 1<\/strong><\/h2>\n<p data-start=\"2550\" data-end=\"2736\">1. pepene verde ice\/Triple pepene ice\/Blue razz ice\/\u00cenghe\u021bat\u0103 de c\u0103p\u0219uni<br \/>\n2. Afine zmeur\u0103\/ Fuji ice\/ Fructe de p\u0103dure mixte\/ Bomboane de cocos cu afine<br \/>\n3. C\u0103p\u0219uni pepene verde\/ Meri\u0219oare struguri\/ Mango ice\/ Bomboane de zmeur\u0103 cu c\u0103p\u0219uni<br \/>\n4. Red bull ice\/ Fructul pasiunii kiwi lime\/ M\u0103r acru zmeur\u0103 c\u0103p\u0219uni\/ Guma de mestecat cu pepene verde<br \/>\n5. Afine ice\/ Piersic\u0103 mango pepene verde\/ Pepene m\u0103r\/ Cire\u0219e carbogazoase ice<br \/>\n6. C\u0103p\u0219uni mango\/ C\u0103p\u0219uni kiwi\/ Fructul dragonului pepene\/ Ursule\u021b de gum\u0103<br \/>\n7. Dragoste 66\/ Zmeur\u0103 pepene\/ C\u0103p\u0219uni zmeur\u0103 cire\u0219\/ \u00cenghe\u021bat\u0103 cu cire\u0219e<br \/>\n8. C\u0103p\u0219uni banan\u0103\/ Ananas cocos \u00eenghe\u021bat\u0103\/ Mango piersic\u0103 caise\/ Aloe mango pepene<br \/>\n9. Dulce\u021bea curcubeului\/ Piure de piersici\/ L\u0103m\u00e2ie acru portocaliu\/ Meri\u0219oare l\u0103m\u00e2ie<br \/>\n10. Kiwi fruct pasional guava\/ C\u0103p\u0219uni cire\u0219e\/ Struguri \u00eenghe\u021bat\u0103\/ Dulce\u021bea de c\u0103p\u0219uni<\/p>\n<div class=\"flex-shrink-0 flex flex-col relative items-end\">\n<div class=\"pt-0\">\n<div class=\"gizmo-bot-avatar flex h-8 w-8 items-center justify-center overflow-hidden rounded-full\">\n<div class=\"relative p-1 rounded-sm flex items-center justify-center bg-token-main-surface-primary text-token-text-primary h-8 w-8\">\n<h2 data-start=\"1200\" data-end=\"1487\">Vapes Tornado \u2013 Magazinul t\u0103u online en gros pentru cele mai bune m\u0103rci de vape-uri<\/h2>\n<p data-start=\"1200\" data-end=\"1487\"><strong data-start=\"141\" data-end=\"177\">Magazinul online de fumat Vapes Tornado<\/strong> este sursa ta de \u00eencredere pentru <strong data-start=\"205\" data-end=\"270\">vape-uri premium de unic\u0103 folosin\u021b\u0103 \u0219i \u021bigarete electronice en-gros \u00een Europa<\/strong>. Oferim branduri de top precum <strong data-start=\"307\" data-end=\"362\"><a href=\"https:\/\/vapestornado.com\/ro\/product\/elf-bar-raya-d3-25000-puffs-best-disposable-vape-wholesale-in-uk\/\">ELF BAR VAPE<\/a>, <a href=\"https:\/\/vapestornado.com\/ro\/product\/randm-tornado-15000-disposable-vape-wholesale-price\/\">Fumot VAPE<\/a>, <a href=\"https:\/\/vapestornado.com\/ro\/product\/original-vozol-star-40000-puff-40k-best-disposable-vape-2025-wholesale-cheap-price\/\">VOZOL VAPE<\/a>, Bang Vape<\/strong>, \u0219i altele, asigur\u00e2nd calitate \u0219i varietate pentru fiecare client. Fie c\u0103 e\u0219ti un vaper individual sau un cump\u0103r\u0103tor en-gros, livr\u0103m <strong data-start=\"481\" data-end=\"550\">dispozitive performante, designuri elegante \u0219i pre\u021buri competitive<\/strong> pentru a-\u021bi satisface nevoile.<\/p>\n<h2 data-start=\"2064\" data-end=\"2115\">\u00centreb\u0103ri frecvente despre VOPK 80000 Puff Vape de unic\u0103 folosin\u021b\u0103 80k 4 \u00een 1<\/h2>\n<p data-start=\"1035\" data-end=\"1198\"><strong data-start=\"1035\" data-end=\"1107\">\u00ce1: C\u00e2te pufuri ofer\u0103 VOPK 80000 Puff Vape de unic\u0103 folosin\u021b\u0103?<\/strong><br data-start=\"1107\" data-end=\"1110\" \/>R1: Fiecare dispozitiv ofer\u0103 p\u00e2n\u0103 la <strong data-start=\"1141\" data-end=\"1157\">80.000 de pufuri<\/strong>, fiind ideal pentru utilizare de lung\u0103 durat\u0103.<\/p>\n<p data-start=\"1200\" data-end=\"1379\"><strong data-start=\"1200\" data-end=\"1281\">Q2: Ce face ca VOPK 80k s\u0103 fie unic comparativ cu alte vape-uri de unic\u0103 folosin\u021b\u0103 online?<\/strong><br data-start=\"1281\" data-end=\"1284\" \/>A2: Are un <strong data-start=\"1302\" data-end=\"1326\">sistem de arome 4-in-1<\/strong>, permi\u021b\u00e2ndu-\u021bi s\u0103 te bucuri de patru arome \u00eentr-un singur dispozitiv.<\/p>\n<p data-start=\"1381\" data-end=\"1530\"><strong data-start=\"1381\" data-end=\"1433\">Q3: Suport\u0103 VOPK 80000 Pufuri \u00eenc\u0103rcare re\u00eenc\u0103rcabil\u0103?<\/strong><br data-start=\"1433\" data-end=\"1436\" \/>A3: Da, vine cu un <strong data-start=\"1461\" data-end=\"1499\">Baterie re\u00eenc\u0103rcabil\u0103 de 650mAh Type-C<\/strong> pentru \u00eenc\u0103rcare rapid\u0103 eficient\u0103.<\/p>\n<p data-start=\"1532\" data-end=\"1693\"><strong data-start=\"1532\" data-end=\"1610\">Q4: Ce niveluri de nicotin\u0103 sunt disponibile pentru Vape-ul de unic\u0103 folosin\u021b\u0103 VOPK 80k?<\/strong><br data-start=\"1610\" data-end=\"1613\" \/>A4: Op\u021biunile includ <strong data-start=\"1633\" data-end=\"1651\">0%, 2% \u0219i 5%<\/strong>, satisf\u0103c\u00e2nd nevoile diferi\u021bilor vapori.<\/p>\n<p data-start=\"1695\" data-end=\"1910\"><strong data-start=\"1695\" data-end=\"1762\">Q5: De ce este popular VOPK 80k pe pie\u021bele en gros din Europa?<\/strong><br data-start=\"1762\" data-end=\"1765\" \/>A5: Datorit\u0103 <strong data-start=\"1773\" data-end=\"1840\">capacit\u0103\u021bii mari de pufuri, afi\u0219ajului pe ecran \u0219i multiplelor alegeri de arome<\/strong> \u00eel fac foarte atractiv pentru cump\u0103r\u0103torii en gros \u0219i consumatorii tineri.<\/p>\n<\/div>\n<\/div>\n<\/div>\n<\/div>","protected":false},"excerpt":{"rendered":"<p data-start=\"2159\" data-end=\"2246\"><strong data-start=\"2159\" data-end=\"2244\">Vape-uri de unic\u0103 folosin\u021b\u0103 VOPK 80000 Puff \u2013 Arom\u0103 4-\u00een-1, 80k Puff-uri, Cel mai bun pre\u021b en-gros<\/strong><\/p>\n<p data-start=\"2250\" data-end=\"2331\"><strong data-start=\"2250\" data-end=\"2329\">Kituri Mod Vape de unic\u0103 folosin\u021b\u0103 VOPK 80k en-gros \u2013 Afi\u0219aj pe ecran \u0219i re\u00eenc\u0103rcabile<\/strong><\/p>\n<p data-start=\"2335\" data-end=\"2416\"><strong data-start=\"2335\" data-end=\"2414\">Kit Vape de unic\u0103 folosin\u021b\u0103 VOPK 80000 Puff 4-\u00een-1 \u2013 Vape-uri Premium Online pentru pia\u021ba UE<\/strong><\/p>\n<p><strong>Ad\u0103uga\u021bi-o pe Amy pe WhatsApp pentru a ob\u021bine un r\u0103spuns corect \u0219i un pre\u021b redus!<\/strong><\/p>\n<p><img fetchpriority=\"high\" decoding=\"async\" class=\"size-full wp-image-2932\" src=\"https:\/\/vapestornado.com\/wp-content\/uploads\/2024\/12\/Vape-Wholesale.jpg\" alt=\"\u021aig\u0103ri electronice cu ridicata\" width=\"229\" height=\"300\" \/><\/p>\n<h3><a href=\"https:\/\/wa.me\/8617776015835\"><span style=\"color: #ff0000;\"><strong>WhatsApp: +86 17776015835<\/strong><\/span><\/a><\/h3>","protected":false},"featured_media":4373,"comment_status":"open","ping_status":"closed","template":"","meta":{"_acf_changed":false,"_uag_custom_page_level_css":"","_lmt_disableupdate":"no","_lmt_disable":"","_monsterinsights_skip_tracking":false,"_monsterinsights_sitenote_active":false,"_monsterinsights_sitenote_note":"","_monsterinsights_sitenote_category":0,"site-sidebar-layout":"default","site-content-layout":"","ast-site-content-layout":"default","site-content-style":"default","site-sidebar-style":"default","ast-global-header-display":"","ast-banner-title-visibility":"","ast-main-header-display":"","ast-hfb-above-header-display":"","ast-hfb-below-header-display":"","ast-hfb-mobile-header-display":"","site-post-title":"","ast-breadcrumbs-content":"","ast-featured-img":"","footer-sml-layout":"","ast-disable-related-posts":"","theme-transparent-header-meta":"default","adv-header-id-meta":"","stick-header-meta":"","header-above-stick-meta":"","header-main-stick-meta":"","header-below-stick-meta":"","astra-migrate-meta-layouts":"set","ast-page-background-enabled":"default","ast-page-background-meta":{"desktop":{"background-color":"","background-image":"","background-repeat":"repeat","background-position":"center center","background-size":"auto","background-attachment":"scroll","background-type":"","background-media":"","overlay-type":"","overlay-color":"","overlay-opacity":"","overlay-gradient":""},"tablet":{"background-color":"","background-image":"","background-repeat":"repeat","background-position":"center center","background-size":"auto","background-attachment":"scroll","background-type":"","background-media":"","overlay-type":"","overlay-color":"","overlay-opacity":"","overlay-gradient":""},"mobile":{"background-color":"","background-image":"","background-repeat":"repeat","background-position":"center center","background-size":"auto","background-attachment":"scroll","background-type":"","background-media":"","overlay-type":"","overlay-color":"","overlay-opacity":"","overlay-gradient":""}},"ast-content-background-meta":{"desktop":{"background-color":"var(--ast-global-color-5)","background-image":"","background-repeat":"repeat","background-position":"center center","background-size":"auto","background-attachment":"scroll","background-type":"","background-media":"","overlay-type":"","overlay-color":"","overlay-opacity":"","overlay-gradient":""},"tablet":{"background-color":"var(--ast-global-color-5)","background-image":"","background-repeat":"repeat","background-position":"center center","background-size":"auto","background-attachment":"scroll","background-type":"","background-media":"","overlay-type":"","overlay-color":"","overlay-opacity":"","overlay-gradient":""},"mobile":{"background-color":"var(--ast-global-color-5)","background-image":"","background-repeat":"repeat","background-position":"center center","background-size":"auto","background-attachment":"scroll","background-type":"","background-media":"","overlay-type":"","overlay-color":"","overlay-opacity":"","overlay-gradient":""}},"_joinchat":[]},"product_brand":[],"product_cat":[344,149,153,156,158,142,143,144,146,290],"product_tag":[378,380,368,381,377,379],"class_list":{"0":"post-4379","1":"product","2":"type-product","3":"status-publish","4":"has-post-thumbnail","6":"product_cat-80000-puff","7":"product_cat-buy-disposable-vapes-in-austria","8":"product_cat-buy-disposable-vapes-in-italy","9":"product_cat-buy-disposable-vapes-in-poland","10":"product_cat-buy-disposable-vapes-in-spain","11":"product_cat-digital-box-disposable-vapes","12":"product_cat-dual-mesh-disposable-vapes","13":"product_cat-low-nicotine-disposable-vapes","14":"product_cat-rechargeable-disposable-vapes","15":"product_cat-vopk-vape","16":"product_tag-4-in-1-vape","17":"product_tag-disposable-vapes-online","18":"product_tag-disposable-vapor","19":"product_tag-vapes-online-wholesale","20":"product_tag-vopk-80000-puff","21":"product_tag-vopk-80k","22":"desktop-align-left","23":"tablet-align-left","24":"mobile-align-left","26":"first","27":"instock","28":"sale","29":"shipping-taxable","30":"purchasable","31":"product-type-simple"},"acf":[],"uagb_featured_image_src":{"full":["https:\/\/vapestornado.com\/wp-content\/uploads\/2025\/09\/VOPK-80k-80000-Puffs-Disposable-Vape-Mod-Kits.webp",800,800,false],"thumbnail":["https:\/\/vapestornado.com\/wp-content\/uploads\/2025\/09\/VOPK-80k-80000-Puffs-Disposable-Vape-Mod-Kits-150x150.webp",150,150,true],"medium":["https:\/\/vapestornado.com\/wp-content\/uploads\/2025\/09\/VOPK-80k-80000-Puffs-Disposable-Vape-Mod-Kits-300x300.webp",300,300,true],"medium_large":["https:\/\/vapestornado.com\/wp-content\/uploads\/2025\/09\/VOPK-80k-80000-Puffs-Disposable-Vape-Mod-Kits-768x768.webp",768,768,true],"large":["https:\/\/vapestornado.com\/wp-content\/uploads\/2025\/09\/VOPK-80k-80000-Puffs-Disposable-Vape-Mod-Kits.webp",800,800,false],"1536x1536":["https:\/\/vapestornado.com\/wp-content\/uploads\/2025\/09\/VOPK-80k-80000-Puffs-Disposable-Vape-Mod-Kits.webp",800,800,false],"2048x2048":["https:\/\/vapestornado.com\/wp-content\/uploads\/2025\/09\/VOPK-80k-80000-Puffs-Disposable-Vape-Mod-Kits.webp",800,800,false],"trp-custom-language-flag":["https:\/\/vapestornado.com\/wp-content\/uploads\/2025\/09\/VOPK-80k-80000-Puffs-Disposable-Vape-Mod-Kits-12x12.webp",12,12,true],"woocommerce_thumbnail":["https:\/\/vapestornado.com\/wp-content\/uploads\/2025\/09\/VOPK-80k-80000-Puffs-Disposable-Vape-Mod-Kits-300x300.webp",300,300,true],"woocommerce_single":["https:\/\/vapestornado.com\/wp-content\/uploads\/2025\/09\/VOPK-80k-80000-Puffs-Disposable-Vape-Mod-Kits-600x600.webp",600,600,true],"woocommerce_gallery_thumbnail":["https:\/\/vapestornado.com\/wp-content\/uploads\/2025\/09\/VOPK-80k-80000-Puffs-Disposable-Vape-Mod-Kits-100x100.webp",100,100,true]},"uagb_author_info":{"display_name":"ESAMY","author_link":"https:\/\/vapestornado.com\/ro\/author\/"},"uagb_comment_info":1,"uagb_excerpt":"VOPK 80000 Puff Disposable Vapes \u2013 4-in-1 Flavor, 80k Puffs, Best Wholesale Price Wholesale VOPK 80k Disposable Vape Mod Kits \u2013 Screen Display &amp; Rechargeable VOPK 80000 Puff 4-in-1 Disposable Vape Kit\u2013 Premium Vapes Online for EU Market Add Amy's whatsapp to get right reply and discount price! WhatsApp: +86 17776015835","_links":{"self":[{"href":"https:\/\/vapestornado.com\/ro\/wp-json\/wp\/v2\/product\/4379","targetHints":{"allow":["GET"]}}],"collection":[{"href":"https:\/\/vapestornado.com\/ro\/wp-json\/wp\/v2\/product"}],"about":[{"href":"https:\/\/vapestornado.com\/ro\/wp-json\/wp\/v2\/types\/product"}],"replies":[{"embeddable":true,"href":"https:\/\/vapestornado.com\/ro\/wp-json\/wp\/v2\/comments?post=4379"}],"wp:featuredmedia":[{"embeddable":true,"href":"https:\/\/vapestornado.com\/ro\/wp-json\/wp\/v2\/media\/4373"}],"wp:attachment":[{"href":"https:\/\/vapestornado.com\/ro\/wp-json\/wp\/v2\/media?parent=4379"}],"wp:term":[{"taxonomy":"product_brand","embeddable":true,"href":"https:\/\/vapestornado.com\/ro\/wp-json\/wp\/v2\/product_brand?post=4379"},{"taxonomy":"product_cat","embeddable":true,"href":"https:\/\/vapestornado.com\/ro\/wp-json\/wp\/v2\/product_cat?post=4379"},{"taxonomy":"product_tag","embeddable":true,"href":"https:\/\/vapestornado.com\/ro\/wp-json\/wp\/v2\/product_tag?post=4379"}],"curies":[{"name":"wp","href":"https:\/\/api.w.org\/{rel}","templated":true}]}}