{"id":4369,"date":"2025-09-20T09:23:19","date_gmt":"2025-09-20T09:23:19","guid":{"rendered":"https:\/\/vapestornado.com\/?post_type=product&#038;p=4369"},"modified":"2025-09-23T08:18:09","modified_gmt":"2025-09-23T08:18:09","slug":"okso-70000-puff-3-in-1-flavor-adjustable-disposable-vape-pod","status":"publish","type":"product","link":"https:\/\/vapestornado.com\/ro\/product\/okso-70000-puff-3-in-1-flavor-adjustable-disposable-vape-pod\/","title":{"rendered":"OKSO 70000 Puff 3 \u00een 1 Arom\u0103 Reglabil\u0103 Vape Pod de Unic\u0103 Folosin\u021b\u0103"},"content":{"rendered":"<h2 data-pm-slice=\"1 1 []\">OKSO 70000 Puff 3 \u00een 1 Arom\u0103 Reglabil\u0103 Vape Pod de Unic\u0103 Folosin\u021b\u0103<\/h2>\n<p data-start=\"204\" data-end=\"627\">Sistemul <strong data-start=\"208\" data-end=\"247\">OKSO 70000 Puff Vape de unic\u0103 folosin\u021b\u0103 Pod<\/strong> este construit pentru vaperi care doresc performan\u021b\u0103 maxim\u0103 \u0219i varietate \u00eentr-un dispozitiv elegant. Cu un <strong data-start=\"338\" data-end=\"367\">num\u0103r impresionant de 70k fumuri<\/strong>, un <strong data-start=\"371\" data-end=\"395\">sistem de arom\u0103 3-in-1<\/strong>\u0219i <strong data-start=\"401\" data-end=\"423\">flux de aer reglabil<\/strong>, stabile\u0219te un nou standard pentru vape-urile de unic\u0103 folosin\u021b\u0103 cu durat\u0103 lung\u0103. Fiecare pod con\u021bine <strong data-start=\"498\" data-end=\"526\">48mL lichid e (16mL \u00d7 3)<\/strong>, oferindu-\u021bi trei op\u021biuni de arom\u0103 \u00eendr\u0103zne\u021be \u00eentr-un singur dispozitiv \u2014 schimb\u0103 liber \u0219i bucur\u0103-te de gust proasp\u0103t oric\u00e2nd.<\/p>\n<p data-start=\"629\" data-end=\"1100\">Sistemul <strong data-start=\"633\" data-end=\"650\">OKSO 70k Puf<\/strong> este echipat cu <strong data-start=\"671\" data-end=\"702\">tehnologie tripl\u0103 de rezisten\u021b\u0103 mesh<\/strong> pentru vapori netezi, densi \u0219i gust consistent de la \u00eenceput p\u00e2n\u0103 la sf\u00e2r\u0219it. Acesta are <strong data-start=\"774\" data-end=\"812\">Baterie re\u00eenc\u0103rcabil\u0103 de 650mAh Type-C<\/strong> si <strong data-start=\"817\" data-end=\"839\">ecran LED<\/strong> care te informeaz\u0103 despre nivelul de lichid \u0219i de energie, asigur\u00e2nd zero surprize. Proiectat av\u00e2nd \u00een vedere vaperii din Rom\u00e2nia, acest pod echilibreaz\u0103 <strong data-start=\"959\" data-end=\"976\">capacitate mare<\/strong>, <strong data-start=\"978\" data-end=\"1000\">flexibilitate \u00een arom\u0103<\/strong>\u0219i <strong data-start=\"1006\" data-end=\"1023\">design modern<\/strong>, fiind una dintre <strong data-start=\"1046\" data-end=\"1097\">cele mai bune arome ajustabile pentru \u021big\u0103ri electronice de unic\u0103 folosin\u021b\u0103 din 2025<\/strong>.<\/p>\n<p data-start=\"1102\" data-end=\"1247\">Indiferent pentru <strong data-start=\"1114\" data-end=\"1134\">cump\u0103r\u0103torii angro<\/strong> or <strong data-start=\"1138\" data-end=\"1158\">utilizatori individuali<\/strong>, modelul <strong data-start=\"1164\" data-end=\"1183\">OKSO 70000 Puf<\/strong> este o alegere de top pe pia\u021ba \u021big\u0103rilor electronice de unic\u0103 folosin\u021b\u0103.<\/p>\n<p><strong><span style=\"color: #ff0000;\">Adaug\u0103 whatsapp-ul lui Amy pentru a primi r\u0103spuns imediat \u0219i un cupon de vape!<\/span><\/strong><\/p>\n<p><img fetchpriority=\"high\" decoding=\"async\" class=\"size-full wp-image-2932\" src=\"https:\/\/vapestornado.com\/wp-content\/uploads\/2024\/12\/Vape-Wholesale.jpg\" alt=\"\u021aig\u0103ri electronice cu ridicata\" width=\"229\" height=\"300\" \/><\/p>\n<h3><a href=\"https:\/\/wa.me\/8617776015835\" target=\"_blank\" rel=\"noopener\"><span style=\"color: #ff0000;\"><strong>WhatsApp: +86 17776015835<\/strong><\/span><\/a><\/h3>\n<p>&nbsp;<\/p>\n<h2><strong>Caracteristici ale produsului OKSO 70000 Pufuri<\/strong><\/h2>\n<p>Pufuri: 70000 pufuri<br \/>\nCoad\u0103: Bobin\u0103 din plas\u0103 *3<br \/>\nE-lichid: 48ml (16ml*3)<br \/>\nNicotine: 0%\/2%\/3%\/5%<br \/>\nBaterie: 650mAh, re\u00eenc\u0103rcabil\u0103 Type C<br \/>\nAfi\u0219aj pe ecran LED pentru ulei \u0219i baterie<br \/>\nGreutatea produsului: 134,5g\/bucat\u0103<br \/>\nDimensiunea produsului: 45*44*127mm<\/p>\n<figure id=\"attachment_4365\" aria-describedby=\"caption-attachment-4365\" style=\"width: 300px\" class=\"wp-caption alignnone\"><img decoding=\"async\" class=\"size-medium wp-image-4365\" src=\"https:\/\/vapestornado.com\/wp-content\/uploads\/2025\/09\/OKSO-3in1-70000-Puffs-Disposable-Vape-300x300.webp\" alt=\"\u021aigar\u0103 electronic\u0103 de unic\u0103 folosin\u021b\u0103 3 \u00een 1, 70000 Pufuri\" width=\"300\" height=\"300\" srcset=\"https:\/\/vapestornado.com\/wp-content\/uploads\/2025\/09\/OKSO-3in1-70000-Puffs-Disposable-Vape-300x300.webp 300w, https:\/\/vapestornado.com\/wp-content\/uploads\/2025\/09\/OKSO-3in1-70000-Puffs-Disposable-Vape-150x150.webp 150w, https:\/\/vapestornado.com\/wp-content\/uploads\/2025\/09\/OKSO-3in1-70000-Puffs-Disposable-Vape-768x768.webp 768w, https:\/\/vapestornado.com\/wp-content\/uploads\/2025\/09\/OKSO-3in1-70000-Puffs-Disposable-Vape-12x12.webp 12w, https:\/\/vapestornado.com\/wp-content\/uploads\/2025\/09\/OKSO-3in1-70000-Puffs-Disposable-Vape-600x600.webp 600w, https:\/\/vapestornado.com\/wp-content\/uploads\/2025\/09\/OKSO-3in1-70000-Puffs-Disposable-Vape-100x100.webp 100w, https:\/\/vapestornado.com\/wp-content\/uploads\/2025\/09\/OKSO-3in1-70000-Puffs-Disposable-Vape.webp 800w\" sizes=\"(max-width: 300px) 100vw, 300px\" \/><figcaption id=\"caption-attachment-4365\" class=\"wp-caption-text\">\u021aigar\u0103 electronic\u0103 de unic\u0103 folosin\u021b\u0103 3 \u00een 1, 70000 Pufuri<\/figcaption><\/figure>\n<h2 class=\"product-title\"><strong>Lista de arome pentru OKSO 70000 Pufuri<\/strong><\/h2>\n<p data-start=\"2550\" data-end=\"2736\">1. Afine zmeur\u0103\\Fructe de p\u0103dure mixte\\M\u0103r piersic\u0103<br \/>\n2. Pepene verde cu ghea\u021b\u0103\\Domnul Blue\\Strugure verde cu pepene verde<br \/>\n3. C\u0103p\u0219uni cu ghea\u021b\u0103\\Suc de jungl\u0103\\Meloan dragon<br \/>\n4. Strugure cu ghea\u021b\u0103\\Mure neagr\u0103 cu ghea\u021b\u0103\\Gem de fructe de p\u0103dure<br \/>\n5. Cire\u0219e cu ghea\u021b\u0103\\Dou\u0103 mere\\C\u0103p\u0219uni zmeur\u0103 \u0219i cire\u0219e cu ghea\u021b\u0103<br \/>\n6. Piersic\u0103 suculent\u0103\\Cola cire\u0219e\\Bomboane moi cu cire\u0219e<br \/>\n7. C\u0103p\u0219uni Kiwi\\Gum\u0103 de mestecat cu pepene verde\\Mango triple cu ghea\u021b\u0103<br \/>\n8. Kiwi, fruct de pasion, guava\\Ghea\u021b\u0103 cola\\Mango cu fruct de pasion \u0219i ghea\u021b\u0103<br \/>\n9. Ananas cu ghea\u021b\u0103\\C\u0103p\u0219uni \u0219i pepene verde\\Struguri cu c\u0103p\u0219uni<br \/>\n10. Menta proasp\u0103t\u0103\\L\u0103m\u00e2ie lime\\Mojito cu pepene verde<\/p>\n<div class=\"flex-shrink-0 flex flex-col relative items-end\">\n<div class=\"pt-0\">\n<div class=\"gizmo-bot-avatar flex h-8 w-8 items-center justify-center overflow-hidden rounded-full\">\n<div class=\"relative p-1 rounded-sm flex items-center justify-center bg-token-main-surface-primary text-token-text-primary h-8 w-8\">\n<h2 data-start=\"1200\" data-end=\"1487\">Vapes Tornado \u2013 Magazinul dvs. online de vape cu ridicata pentru cele mai bune m\u0103rci de vape din Europa<\/h2>\n<p data-start=\"1200\" data-end=\"1487\"><strong data-start=\"213\" data-end=\"248\">Magazinul online de fumat Vapes Tornado<\/strong> Vapes Tornado \u2013 Centrul dvs. angro pentru cele mai bune m\u0103rci de vape din Europa<strong data-start=\"403\" data-end=\"431\">\u00a0m\u0103rci populare de vape-uri<\/strong>, inclusiv <strong data-start=\"443\" data-end=\"502\"><a href=\"https:\/\/vapestornado.com\/ro\/product-category\/elf-bar-vape\/\">ELF BAR VAPE<\/a>, \u021aIGAR\u0102 ELECTRONIC\u0102 Vapme, <a href=\"https:\/\/vapestornado.com\/ro\/product\/vozol-gear-power-20k-20000-puffs-vape-rechargeable-disposable-box-bulk-buy-cheap-price\/\">VOZOL VAPE<\/a><\/strong><strong data-start=\"443\" data-end=\"502\">\u0219i <a href=\"https:\/\/vapestornado.com\/ro\/product-category\/bang-vape\/\">\u021aigar\u0103 electronic\u0103 Bang<\/a><\/strong>. Magazinul nostru este construit pentru a servi at\u00e2t clien\u021bii individuali, c\u00e2t \u0219i cump\u0103r\u0103torii angro, oferind produse fiabile care combin\u0103 performan\u021be puternice, design elegant \u0219i pre\u021buri competitive.<\/p>\n<h2 data-start=\"2064\" data-end=\"2115\">\u00centreb\u0103ri frecvente despre vape-ul de unic\u0103 folosin\u021b\u0103 OKSO 70000 Puff<\/h2>\n<p data-start=\"1275\" data-end=\"1451\"><strong data-start=\"1275\" data-end=\"1351\">Q1: C\u00e2te pufuri ofer\u0103 cartu\u0219ul de vape de unic\u0103 folosin\u021b\u0103 OKSO 70000 Puff?<\/strong><br data-start=\"1351\" data-end=\"1354\" \/>A1: P\u00e2n\u0103 la <strong data-start=\"1364\" data-end=\"1380\">70.000 pufuri<\/strong> datorit\u0103 capacit\u0103\u021bii mari de 48 ml de lichid \u0219i a bobinelor eficiente din plas\u0103.<\/p>\n<p data-start=\"1453\" data-end=\"1655\"><strong data-start=\"1453\" data-end=\"1528\">Q2: Ce face diferen\u021ba \u00eentre OKSO 70k Puff \u0219i alte \u021big\u0103ri electronice de unic\u0103 folosin\u021b\u0103?<\/strong><br data-start=\"1528\" data-end=\"1531\" \/>A2: Are un <strong data-start=\"1549\" data-end=\"1573\">sistem de arom\u0103 3-in-1<\/strong> cu flux de aer reglabil, permi\u021b\u00e2ndu-\u021bi s\u0103 te bucuri de trei arome premium \u00eentr-un singur dispozitiv.<\/p>\n<p data-start=\"1657\" data-end=\"1813\"><strong data-start=\"1657\" data-end=\"1701\">Q3: Este OKSO 70000 Puff re\u00eenc\u0103rcabil?<\/strong><br data-start=\"1701\" data-end=\"1704\" \/>A3: Da, are un <strong data-start=\"1722\" data-end=\"1760\">Baterie re\u00eenc\u0103rcabil\u0103 de 650mAh Type-C<\/strong> cu un ecran LED care afi\u0219eaz\u0103 nivelul de ulei \u0219i starea bateriei.<\/p>\n<p data-start=\"1815\" data-end=\"1979\"><strong data-start=\"1815\" data-end=\"1893\">Q4: Ce niveluri de nicotin\u0103 sunt disponibile pentru \u021bigara electronic\u0103 de unic\u0103 folosin\u021b\u0103 OKSO 70k Puff?<\/strong><br data-start=\"1893\" data-end=\"1896\" \/>A4: Op\u021biunile includ <strong data-start=\"1916\" data-end=\"1946\">0%, 2%, 3% \u0219i 5% nicotin\u0103<\/strong> pentru a se potrivi diferitelor preferin\u021be.<\/p>\n<p data-start=\"1981\" data-end=\"2177\"><strong data-start=\"1981\" data-end=\"2047\">Q5: Pentru cine este conceput podul de \u021big\u0103ri electronice de unic\u0103 folosin\u021b\u0103 OKSO 70k Puff?<\/strong><br data-start=\"2047\" data-end=\"2050\" \/>A5: Este ideal pentru <strong data-start=\"2069\" data-end=\"2119\">b\u0103rba\u021bi cu v\u00e2rsta \u00eentre 25 \u0219i 35 de ani pe pia\u021ba din Rom\u00e2nia<\/strong> care doresc o experien\u021b\u0103 de vaping de lung\u0103 durat\u0103, plin\u0103 de arom\u0103.<\/p>\n<\/div>\n<\/div>\n<\/div>\n<\/div>","protected":false},"excerpt":{"rendered":"<p data-start=\"2514\" data-end=\"2583\"><strong data-start=\"2514\" data-end=\"2581\">OKSO 70K Puff Vape de unic\u0103 folosin\u021b\u0103 3-in-1 \u2013 Fumuri mari, Arome mai mari<\/strong><\/p>\n<p data-start=\"2587\" data-end=\"2663\"><strong data-start=\"2587\" data-end=\"2661\">Vape de unic\u0103 folosin\u021b\u0103 cu 70.000 de fumuri OKSO 70000 Puff Pod \u2013 Arome triple, flux de aer ajustabil<\/strong><\/p>\n<p data-start=\"2667\" data-end=\"2739\"><strong data-start=\"2667\" data-end=\"2737\">OKSO 70000 Vape de unic\u0103 folosin\u021b\u0103 Pod \u2013 Cel mai bun vape de 70K fumuri \u00een pia\u021ba UE 2025<\/strong><\/p>\n<p><strong>Ad\u0103uga\u021bi-o pe Amy pe WhatsApp pentru a ob\u021bine un r\u0103spuns corect \u0219i un pre\u021b redus!<\/strong><\/p>\n<p><img fetchpriority=\"high\" decoding=\"async\" class=\"size-full wp-image-2932\" src=\"https:\/\/vapestornado.com\/wp-content\/uploads\/2024\/12\/Vape-Wholesale.jpg\" alt=\"\u021aig\u0103ri electronice cu ridicata\" width=\"229\" height=\"300\" \/><\/p>\n<h3><a href=\"https:\/\/wa.me\/8617776015835\"><span style=\"color: #ff0000;\"><strong>WhatsApp: +86 17776015835<\/strong><\/span><\/a><\/h3>","protected":false},"featured_media":4364,"comment_status":"open","ping_status":"closed","template":"","meta":{"_acf_changed":false,"_uag_custom_page_level_css":"","_lmt_disableupdate":"no","_lmt_disable":"","_monsterinsights_skip_tracking":false,"_monsterinsights_sitenote_active":false,"_monsterinsights_sitenote_note":"","_monsterinsights_sitenote_category":0,"site-sidebar-layout":"default","site-content-layout":"","ast-site-content-layout":"default","site-content-style":"default","site-sidebar-style":"default","ast-global-header-display":"","ast-banner-title-visibility":"","ast-main-header-display":"","ast-hfb-above-header-display":"","ast-hfb-below-header-display":"","ast-hfb-mobile-header-display":"","site-post-title":"","ast-breadcrumbs-content":"","ast-featured-img":"","footer-sml-layout":"","ast-disable-related-posts":"","theme-transparent-header-meta":"default","adv-header-id-meta":"","stick-header-meta":"","header-above-stick-meta":"","header-main-stick-meta":"","header-below-stick-meta":"","astra-migrate-meta-layouts":"set","ast-page-background-enabled":"default","ast-page-background-meta":{"desktop":{"background-color":"","background-image":"","background-repeat":"repeat","background-position":"center center","background-size":"auto","background-attachment":"scroll","background-type":"","background-media":"","overlay-type":"","overlay-color":"","overlay-opacity":"","overlay-gradient":""},"tablet":{"background-color":"","background-image":"","background-repeat":"repeat","background-position":"center center","background-size":"auto","background-attachment":"scroll","background-type":"","background-media":"","overlay-type":"","overlay-color":"","overlay-opacity":"","overlay-gradient":""},"mobile":{"background-color":"","background-image":"","background-repeat":"repeat","background-position":"center center","background-size":"auto","background-attachment":"scroll","background-type":"","background-media":"","overlay-type":"","overlay-color":"","overlay-opacity":"","overlay-gradient":""}},"ast-content-background-meta":{"desktop":{"background-color":"var(--ast-global-color-5)","background-image":"","background-repeat":"repeat","background-position":"center center","background-size":"auto","background-attachment":"scroll","background-type":"","background-media":"","overlay-type":"","overlay-color":"","overlay-opacity":"","overlay-gradient":""},"tablet":{"background-color":"var(--ast-global-color-5)","background-image":"","background-repeat":"repeat","background-position":"center center","background-size":"auto","background-attachment":"scroll","background-type":"","background-media":"","overlay-type":"","overlay-color":"","overlay-opacity":"","overlay-gradient":""},"mobile":{"background-color":"var(--ast-global-color-5)","background-image":"","background-repeat":"repeat","background-position":"center center","background-size":"auto","background-attachment":"scroll","background-type":"","background-media":"","overlay-type":"","overlay-color":"","overlay-opacity":"","overlay-gradient":""}},"_joinchat":[]},"product_brand":[],"product_cat":[149,153,156,158,142,143,144,146],"product_tag":[368,374,375,376],"class_list":{"0":"post-4369","1":"product","2":"type-product","3":"status-publish","4":"has-post-thumbnail","6":"product_cat-buy-disposable-vapes-in-austria","7":"product_cat-buy-disposable-vapes-in-italy","8":"product_cat-buy-disposable-vapes-in-poland","9":"product_cat-buy-disposable-vapes-in-spain","10":"product_cat-digital-box-disposable-vapes","11":"product_cat-dual-mesh-disposable-vapes","12":"product_cat-low-nicotine-disposable-vapes","13":"product_cat-rechargeable-disposable-vapes","14":"product_tag-disposable-vapor","15":"product_tag-okso-70000-puff","16":"product_tag-okso-70k-puff","17":"product_tag-okso-vape","18":"desktop-align-left","19":"tablet-align-left","20":"mobile-align-left","22":"first","23":"instock","24":"sale","25":"shipping-taxable","26":"purchasable","27":"product-type-simple"},"acf":[],"uagb_featured_image_src":{"full":["https:\/\/vapestornado.com\/wp-content\/uploads\/2025\/09\/OKSO-3-IN-1-70000-PUFF-Disposable-Vape-Wholesale-Price.webp",800,800,false],"thumbnail":["https:\/\/vapestornado.com\/wp-content\/uploads\/2025\/09\/OKSO-3-IN-1-70000-PUFF-Disposable-Vape-Wholesale-Price-150x150.webp",150,150,true],"medium":["https:\/\/vapestornado.com\/wp-content\/uploads\/2025\/09\/OKSO-3-IN-1-70000-PUFF-Disposable-Vape-Wholesale-Price-300x300.webp",300,300,true],"medium_large":["https:\/\/vapestornado.com\/wp-content\/uploads\/2025\/09\/OKSO-3-IN-1-70000-PUFF-Disposable-Vape-Wholesale-Price-768x768.webp",768,768,true],"large":["https:\/\/vapestornado.com\/wp-content\/uploads\/2025\/09\/OKSO-3-IN-1-70000-PUFF-Disposable-Vape-Wholesale-Price.webp",800,800,false],"1536x1536":["https:\/\/vapestornado.com\/wp-content\/uploads\/2025\/09\/OKSO-3-IN-1-70000-PUFF-Disposable-Vape-Wholesale-Price.webp",800,800,false],"2048x2048":["https:\/\/vapestornado.com\/wp-content\/uploads\/2025\/09\/OKSO-3-IN-1-70000-PUFF-Disposable-Vape-Wholesale-Price.webp",800,800,false],"trp-custom-language-flag":["https:\/\/vapestornado.com\/wp-content\/uploads\/2025\/09\/OKSO-3-IN-1-70000-PUFF-Disposable-Vape-Wholesale-Price-12x12.webp",12,12,true],"woocommerce_thumbnail":["https:\/\/vapestornado.com\/wp-content\/uploads\/2025\/09\/OKSO-3-IN-1-70000-PUFF-Disposable-Vape-Wholesale-Price-300x300.webp",300,300,true],"woocommerce_single":["https:\/\/vapestornado.com\/wp-content\/uploads\/2025\/09\/OKSO-3-IN-1-70000-PUFF-Disposable-Vape-Wholesale-Price-600x600.webp",600,600,true],"woocommerce_gallery_thumbnail":["https:\/\/vapestornado.com\/wp-content\/uploads\/2025\/09\/OKSO-3-IN-1-70000-PUFF-Disposable-Vape-Wholesale-Price-100x100.webp",100,100,true]},"uagb_author_info":{"display_name":"ESAMY","author_link":"https:\/\/vapestornado.com\/ro\/author\/"},"uagb_comment_info":1,"uagb_excerpt":"OKSO 70K Puff 3-in-1 Disposable Vape \u2013 Big Puffs, Bigger Flavor Wholesale OKSO 70000 Puff Vape Pod \u2013 Triple Flavor, Adjustable Airflow OKSO 70000 Disposable Vape Pod \u2013 Best 70K Puff Vape 2025 EU Market Add Amy's whatsapp to get right reply and discount price! WhatsApp: +86 17776015835","_links":{"self":[{"href":"https:\/\/vapestornado.com\/ro\/wp-json\/wp\/v2\/product\/4369","targetHints":{"allow":["GET"]}}],"collection":[{"href":"https:\/\/vapestornado.com\/ro\/wp-json\/wp\/v2\/product"}],"about":[{"href":"https:\/\/vapestornado.com\/ro\/wp-json\/wp\/v2\/types\/product"}],"replies":[{"embeddable":true,"href":"https:\/\/vapestornado.com\/ro\/wp-json\/wp\/v2\/comments?post=4369"}],"wp:featuredmedia":[{"embeddable":true,"href":"https:\/\/vapestornado.com\/ro\/wp-json\/wp\/v2\/media\/4364"}],"wp:attachment":[{"href":"https:\/\/vapestornado.com\/ro\/wp-json\/wp\/v2\/media?parent=4369"}],"wp:term":[{"taxonomy":"product_brand","embeddable":true,"href":"https:\/\/vapestornado.com\/ro\/wp-json\/wp\/v2\/product_brand?post=4369"},{"taxonomy":"product_cat","embeddable":true,"href":"https:\/\/vapestornado.com\/ro\/wp-json\/wp\/v2\/product_cat?post=4369"},{"taxonomy":"product_tag","embeddable":true,"href":"https:\/\/vapestornado.com\/ro\/wp-json\/wp\/v2\/product_tag?post=4369"}],"curies":[{"name":"wp","href":"https:\/\/api.w.org\/{rel}","templated":true}]}}