{"id":4363,"date":"2025-09-20T03:33:56","date_gmt":"2025-09-20T03:33:56","guid":{"rendered":"https:\/\/vapestornado.com\/?post_type=product&#038;p=4363"},"modified":"2025-09-20T06:28:53","modified_gmt":"2025-09-20T06:28:53","slug":"bang-box-turbo-42000-puff-dual-vaping-mode-touch-screen-disposable-vape","status":"publish","type":"product","link":"https:\/\/vapestornado.com\/ro\/product\/bang-box-turbo-42000-puff-dual-vaping-mode-touch-screen-disposable-vape\/","title":{"rendered":"Bang Box Turbo 42000 Pufuri Mod Dual de Vapat Ecran Tactil Vape de Unic\u0103 Folosin\u021b\u0103"},"content":{"rendered":"<h2 data-pm-slice=\"1 1 []\">Bang Box Turbo 42000 Puff \u2013 Vape de unic\u0103 folosin\u021b\u0103 cu ecran tactil \u0219i mod dual de vapat<\/h2>\n<p data-start=\"272\" data-end=\"659\">Sistemul <strong data-start=\"276\" data-end=\"300\">Cutie Bang Turbo 42000<\/strong> este construit pentru vaperii care doresc putere, stil \u0219i control \u00eentr-un singur dispozitiv. Cu <strong data-start=\"380\" data-end=\"400\">mod dual de vapat<\/strong>, pute\u021bi comuta \u00eentre <strong data-start=\"425\" data-end=\"462\">modul s\u0103u regulat (p\u00e2n\u0103 la 42.000 de pufuri)<\/strong> or <strong data-start=\"466\" data-end=\"495\">modul puls (30.000 de pufuri)<\/strong> pentru o lovitur\u0103 mai puternic\u0103. Aceast\u0103 flexibilitate \u00eel face alegerea ideal\u0103 pentru <b>diferi\u021bi vaperi<\/b> care caut\u0103 un vape de unic\u0103 folosin\u021b\u0103 care s\u0103 se adapteze stilului lor de via\u021b\u0103.<\/p>\n<p data-start=\"661\" data-end=\"989\">Echipat cu un <strong data-start=\"677\" data-end=\"703\">Ecran tactil curbat 3D<\/strong>, modelul <strong data-start=\"709\" data-end=\"741\">Bang Box 42k Pod Vape de unic\u0103 folosin\u021b\u0103<\/strong>\u00a0v\u0103 \u021bine la curent cu durata de via\u021b\u0103 a bateriei \u0219i cu nivelurile de e-lichid \u00een timp real. F\u0103r\u0103 presupuneri \u2013 doar informa\u021bii clare \u0219i fiabile dintr-o privire. Rezervorul <strong data-start=\"878\" data-end=\"902\">de 28 ml pre-umplut<\/strong> \u00eempreun\u0103 cu un <strong data-start=\"917\" data-end=\"935\">rezisten\u021b\u0103 tip mesh<\/strong> ofer\u0103 arome \u00eendr\u0103zne\u021be \u0219i fine de la \u00eenceput p\u00e2n\u0103 la sf\u00e2r\u0219it.<\/p>\n<p data-start=\"991\" data-end=\"1263\">Alimentat de o <strong data-start=\"1004\" data-end=\"1042\">Bateria re\u00eenc\u0103rcabil\u0103 de 750mAh Type-C<\/strong>, Bang Box Turbo 42000 garanteaz\u0103 sesiuni de lung\u0103 durat\u0103, f\u0103r\u0103 \u00eentreruperi. Alege\u021bi puterea preferat\u0103 cu <strong data-start=\"1161\" data-end=\"1201\">op\u021biuni de nicotin\u0103 de 0%, 2%, 3% sau 5%<\/strong>, f\u0103c\u00e2ndu-l potrivit at\u00e2t pentru vaperii ocazionali, c\u00e2t \u0219i pentru cei experimenta\u021bi.<\/p>\n<p data-start=\"1265\" data-end=\"1583\">Op\u021biunile de arome includ <strong data-start=\"1288\" data-end=\"1362\">Strawberry Watermelon, Mexico Mango, Miami Mint, Grape B Pop \u0219i multe altele<\/strong>, oferindu-v\u0103 o mare varietate de amestecuri de fructe, ghea\u021b\u0103 \u0219i dulciuri pentru a men\u021bine fiecare puf interesant. Cu designul s\u0103u compact, dar premium, acest <strong data-start=\"1493\" data-end=\"1525\">Vape de unic\u0103 folosin\u021b\u0103 cu ecran tactil<\/strong> nu este doar un dispozitiv, ci o declara\u021bie \u00een vapingul modern.<\/p>\n<h3 data-start=\"1585\" data-end=\"1624\">De ce s\u0103 cumperi Bang Box Turbo 42000?<\/h3>\n<ul data-start=\"1625\" data-end=\"1935\">\n<li data-start=\"1625\" data-end=\"1693\">\n<p data-start=\"1627\" data-end=\"1693\"><strong data-start=\"1627\" data-end=\"1647\">Mod de vaping dual<\/strong>: Normal sau Puls pentru satisfac\u021bie personalizat\u0103<\/p>\n<\/li>\n<li data-start=\"1694\" data-end=\"1760\">\n<p data-start=\"1696\" data-end=\"1760\"><strong data-start=\"1696\" data-end=\"1720\">Afi\u0219aj cu ecran tactil<\/strong>: Monitorizare \u00een timp real a uleiului \u0219i a bateriei<\/p>\n<\/li>\n<li data-start=\"1761\" data-end=\"1815\">\n<p data-start=\"1763\" data-end=\"1815\"><strong data-start=\"1763\" data-end=\"1780\">Capacitate enorm\u0103<\/strong>: 42.000 de pufuri cu 28 ml de e-lichid<\/p>\n<\/li>\n<li data-start=\"1816\" data-end=\"1875\">\n<p data-start=\"1818\" data-end=\"1875\"><strong data-start=\"1818\" data-end=\"1831\">Rezisten\u021b\u0103 Mesh<\/strong>: Nori fini \u0219i arom\u0103 deplin\u0103 de fiecare dat\u0103<\/p>\n<\/li>\n<li data-start=\"1876\" data-end=\"1935\">\n<p data-start=\"1878\" data-end=\"1935\"><strong data-start=\"1878\" data-end=\"1894\">Re\u00eenc\u0103rcabil<\/strong>: Baterie de 750 mAh tip C pentru confort<\/p>\n<\/li>\n<\/ul>\n<p><strong><span style=\"color: #ff0000;\">Adaug\u0103 whatsapp-ul lui Amy pentru a primi r\u0103spuns imediat \u0219i un cupon de vape!<\/span><\/strong><\/p>\n<p><img fetchpriority=\"high\" decoding=\"async\" class=\"size-full wp-image-2932\" src=\"https:\/\/vapestornado.com\/wp-content\/uploads\/2024\/12\/Vape-Wholesale.jpg\" alt=\"\u021aig\u0103ri electronice cu ridicata\" width=\"229\" height=\"300\" \/><\/p>\n<h3><a href=\"https:\/\/wa.me\/8617776015835\" target=\"_blank\" rel=\"noopener\"><span style=\"color: #ff0000;\"><strong>WhatsApp: +86 17776015835<\/strong><\/span><\/a><\/h3>\n<p>&nbsp;<\/p>\n<h2><strong>Caracteristicile produsului Bang Box Turbo 42000 Puff<\/strong><\/h2>\n<p>Pufuri: 42000 pufuri (mod normal)<br \/>\n30000 pufuri (mod Puls)<br \/>\nVaping \u00een mod dual<br \/>\nLichid: 28 ml pre-umplut<br \/>\nNicotin\u0103: 0% 2% 3% 5%<br \/>\nMiez: Rezisten\u021b\u0103 tip plas\u0103 1.0 \u03a9<br \/>\nBaterie: 750 mAh cu re\u00eenc\u0103rcare tip C<br \/>\nEcran curbat 3D pentru ulei \u0219i baterie<\/p>\n<figure id=\"attachment_4359\" aria-describedby=\"caption-attachment-4359\" style=\"width: 300px\" class=\"wp-caption alignnone\"><img decoding=\"async\" class=\"size-medium wp-image-4359\" src=\"https:\/\/vapestornado.com\/wp-content\/uploads\/2025\/09\/Bang-Box-Turbo-42000-Puff-Dispsoable-Vape-Mod-Kits-300x300.webp\" alt=\"Bang Box Turbo 42000 Pufuri Kituri de Mod Vape de Unic\u0103 Folosin\u021b\u0103\" width=\"300\" height=\"300\" srcset=\"https:\/\/vapestornado.com\/wp-content\/uploads\/2025\/09\/Bang-Box-Turbo-42000-Puff-Dispsoable-Vape-Mod-Kits-300x300.webp 300w, https:\/\/vapestornado.com\/wp-content\/uploads\/2025\/09\/Bang-Box-Turbo-42000-Puff-Dispsoable-Vape-Mod-Kits-1024x1024.webp 1024w, https:\/\/vapestornado.com\/wp-content\/uploads\/2025\/09\/Bang-Box-Turbo-42000-Puff-Dispsoable-Vape-Mod-Kits-150x150.webp 150w, https:\/\/vapestornado.com\/wp-content\/uploads\/2025\/09\/Bang-Box-Turbo-42000-Puff-Dispsoable-Vape-Mod-Kits-768x768.webp 768w, https:\/\/vapestornado.com\/wp-content\/uploads\/2025\/09\/Bang-Box-Turbo-42000-Puff-Dispsoable-Vape-Mod-Kits-12x12.webp 12w, https:\/\/vapestornado.com\/wp-content\/uploads\/2025\/09\/Bang-Box-Turbo-42000-Puff-Dispsoable-Vape-Mod-Kits-600x600.webp 600w, https:\/\/vapestornado.com\/wp-content\/uploads\/2025\/09\/Bang-Box-Turbo-42000-Puff-Dispsoable-Vape-Mod-Kits-100x100.webp 100w, https:\/\/vapestornado.com\/wp-content\/uploads\/2025\/09\/Bang-Box-Turbo-42000-Puff-Dispsoable-Vape-Mod-Kits.webp 1500w\" sizes=\"(max-width: 300px) 100vw, 300px\" \/><figcaption id=\"caption-attachment-4359\" class=\"wp-caption-text\">Bang Box Turbo 42000 Pufuri Kituri de Mod Vape de Unic\u0103 Folosin\u021b\u0103<\/figcaption><\/figure>\n<h2 class=\"product-title\"><strong>Lista de Arome Bang Box Turbo 42000 Pufuri<\/strong><\/h2>\n<p data-start=\"2550\" data-end=\"2736\">1.C\u0103p\u0219uni Pepene<br \/>\n2. Fructe de P\u0103dure<br \/>\n3.Ghea\u021b\u0103 de Zmeur\u0103 Albastr\u0103<br \/>\n4. Afine Pepene Ro\u0219u<br \/>\n5. Ghea\u021b\u0103 de Mere Acri\u0219oare<br \/>\n6. Portocal\u0103 cu Lime \u0219i Fructe de P\u0103dure<br \/>\n7. Mango Mexican<br \/>\n8. Ment\u0103 Miami<br \/>\n9. Ghea\u021b\u0103 de pepene verde<br \/>\n10. Cire\u0219e Dulci<br \/>\n11. B Pop de Struguri<br \/>\n12. B Pop de Mure<\/p>\n<div class=\"flex-shrink-0 flex flex-col relative items-end\">\n<div class=\"pt-0\">\n<div class=\"gizmo-bot-avatar flex h-8 w-8 items-center justify-center overflow-hidden rounded-full\">\n<div class=\"relative p-1 rounded-sm flex items-center justify-center bg-token-main-surface-primary text-token-text-primary h-8 w-8\">\n<h2 data-start=\"1200\" data-end=\"1487\">Vapes Tornado \u2013 Magazinul dvs. online de vape cu ridicata pentru cele mai bune m\u0103rci de vape din Europa<\/h2>\n<p data-start=\"1200\" data-end=\"1487\"><strong data-start=\"213\" data-end=\"248\">Magazinul online de fumat Vapes Tornado<\/strong> Vapes Tornado \u2013 Centrul dvs. angro pentru cele mai bune m\u0103rci de vape din Europa<strong data-start=\"403\" data-end=\"431\">\u00a0m\u0103rci populare de vape-uri<\/strong>, inclusiv <strong data-start=\"443\" data-end=\"502\"><a href=\"https:\/\/vapestornado.com\/ro\/product-category\/elf-bar-vape\/\">ELF BAR VAPE<\/a>, \u021aIGAR\u0102 ELECTRONIC\u0102 Vapme, <a href=\"https:\/\/vapestornado.com\/ro\/product\/vozol-gear-power-20k-20000-puffs-vape-rechargeable-disposable-box-bulk-buy-cheap-price\/\">VOZOL VAPE<\/a><\/strong><strong data-start=\"443\" data-end=\"502\">\u0219i <a href=\"https:\/\/vapestornado.com\/ro\/product-category\/bang-vape\/\">\u021aigar\u0103 electronic\u0103 Bang<\/a><\/strong>. Magazinul nostru este construit pentru a servi at\u00e2t clien\u021bii individuali, c\u00e2t \u0219i cump\u0103r\u0103torii angro, oferind produse fiabile care combin\u0103 performan\u021be puternice, design elegant \u0219i pre\u021buri competitive.<\/p>\n<h2 data-start=\"2064\" data-end=\"2115\">\u00centreb\u0103ri frecvente despre Bang Box 42k Puff Vape de unic\u0103 folosin\u021b\u0103<\/h2>\n<p data-start=\"1990\" data-end=\"2128\"><strong data-start=\"1990\" data-end=\"2049\">1. C\u00e2te pufuri poate oferi Bang Box Turbo 42000?<\/strong><br data-start=\"2049\" data-end=\"2052\" \/>P\u00e2n\u0103 la <strong data-start=\"2058\" data-end=\"2090\">42.000 de pufuri \u00een modul normal<\/strong> si <strong data-start=\"2095\" data-end=\"2125\">30.000 de pufuri \u00een modul puls<\/strong>.<\/p>\n<p data-start=\"2130\" data-end=\"2311\"><strong data-start=\"2130\" data-end=\"2202\">2. Ce face ca Bang Box 42k s\u0103 fie unic \u00een compara\u021bie cu alte produse de unic\u0103 folosin\u021b\u0103?<\/strong><br data-start=\"2202\" data-end=\"2205\" \/>Ofer\u0103 un <strong data-start=\"2217\" data-end=\"2237\">mod dual de vapat<\/strong> \u0219i o <strong data-start=\"2244\" data-end=\"2263\">ecran tactil 3D<\/strong>, oferind utilizatorilor at\u00e2t control, c\u00e2t \u0219i personalizare.<\/p>\n<p data-start=\"2313\" data-end=\"2441\"><strong data-start=\"2313\" data-end=\"2361\">3. Bang Box Turbo 42000 este re\u00eenc\u0103rcabil?<\/strong><br data-start=\"2361\" data-end=\"2364\" \/>Da, include un <strong data-start=\"2383\" data-end=\"2421\">Bateria re\u00eenc\u0103rcabil\u0103 de 750mAh Type-C<\/strong> pentru utilizare extins\u0103.<\/p>\n<p data-start=\"2443\" data-end=\"2548\"><strong data-start=\"2443\" data-end=\"2484\">4. Ce niveluri de nicotin\u0103 sunt disponibile?<\/strong><br data-start=\"2484\" data-end=\"2487\" \/>Pute\u021bi alege dintre <strong data-start=\"2507\" data-end=\"2545\">0%, 2%, 3% sau 5% concentra\u021bie de nicotin\u0103<\/strong>.<\/p>\n<p data-start=\"2550\" data-end=\"2736\"><strong data-start=\"2550\" data-end=\"2611\">5. Care sunt aromele populare de la Bang Box Turbo 42000?<\/strong><br data-start=\"2611\" data-end=\"2614\" \/>Op\u021biunile includ <strong data-start=\"2630\" data-end=\"2723\">C\u0103p\u0219uni Pepene Verde, Blue Razz Ice, Mango Mexico, Miami Mint, Cire\u0219e Dulci, Strugure B Pop<\/strong>, \u0219i altele.<\/p>\n<\/div>\n<\/div>\n<\/div>\n<\/div>","protected":false},"excerpt":{"rendered":"<p>Sistemul <strong data-start=\"2783\" data-end=\"2812\">Bang Box Turbo 42000 Pufuri<\/strong> combin\u0103 <strong data-start=\"2822\" data-end=\"2842\">mod dual de vapat<\/strong>, un <strong data-start=\"2846\" data-end=\"2870\">ecran tactil<\/strong>\u0219i <strong data-start=\"2876\" data-end=\"2892\">42000 de pufuri<\/strong> de arom\u0103 \u00eendr\u0103znea\u021b\u0103. Cu o <strong data-start=\"2916\" data-end=\"2947\">baterie re\u00eenc\u0103rcabil\u0103 de 750mAh<\/strong> si <strong data-start=\"2952\" data-end=\"2969\">capacitate de 28mL<\/strong>, este alegerea inteligent\u0103 pentru cump\u0103r\u0103torii angro din Rom\u00e2nia.<\/p>\n<p><strong>Ad\u0103uga\u021bi-o pe Amy pe WhatsApp pentru a ob\u021bine un r\u0103spuns corect \u0219i un pre\u021b redus!<\/strong><\/p>\n<p><img fetchpriority=\"high\" decoding=\"async\" class=\"size-full wp-image-2932\" src=\"https:\/\/vapestornado.com\/wp-content\/uploads\/2024\/12\/Vape-Wholesale.jpg\" alt=\"\u021aig\u0103ri electronice cu ridicata\" width=\"229\" height=\"300\" \/><\/p>\n<h3><a href=\"https:\/\/wa.me\/8617776015835\"><span style=\"color: #ff0000;\"><strong>WhatsApp: +86 17776015835<\/strong><\/span><\/a><\/h3>","protected":false},"featured_media":4360,"comment_status":"open","ping_status":"closed","template":"","meta":{"_acf_changed":false,"_uag_custom_page_level_css":"","_lmt_disableupdate":"no","_lmt_disable":"","_monsterinsights_skip_tracking":false,"_monsterinsights_sitenote_active":false,"_monsterinsights_sitenote_note":"","_monsterinsights_sitenote_category":0,"site-sidebar-layout":"default","site-content-layout":"","ast-site-content-layout":"default","site-content-style":"default","site-sidebar-style":"default","ast-global-header-display":"","ast-banner-title-visibility":"","ast-main-header-display":"","ast-hfb-above-header-display":"","ast-hfb-below-header-display":"","ast-hfb-mobile-header-display":"","site-post-title":"","ast-breadcrumbs-content":"","ast-featured-img":"","footer-sml-layout":"","ast-disable-related-posts":"","theme-transparent-header-meta":"default","adv-header-id-meta":"","stick-header-meta":"","header-above-stick-meta":"","header-main-stick-meta":"","header-below-stick-meta":"","astra-migrate-meta-layouts":"set","ast-page-background-enabled":"default","ast-page-background-meta":{"desktop":{"background-color":"","background-image":"","background-repeat":"repeat","background-position":"center center","background-size":"auto","background-attachment":"scroll","background-type":"","background-media":"","overlay-type":"","overlay-color":"","overlay-opacity":"","overlay-gradient":""},"tablet":{"background-color":"","background-image":"","background-repeat":"repeat","background-position":"center center","background-size":"auto","background-attachment":"scroll","background-type":"","background-media":"","overlay-type":"","overlay-color":"","overlay-opacity":"","overlay-gradient":""},"mobile":{"background-color":"","background-image":"","background-repeat":"repeat","background-position":"center center","background-size":"auto","background-attachment":"scroll","background-type":"","background-media":"","overlay-type":"","overlay-color":"","overlay-opacity":"","overlay-gradient":""}},"ast-content-background-meta":{"desktop":{"background-color":"var(--ast-global-color-5)","background-image":"","background-repeat":"repeat","background-position":"center center","background-size":"auto","background-attachment":"scroll","background-type":"","background-media":"","overlay-type":"","overlay-color":"","overlay-opacity":"","overlay-gradient":""},"tablet":{"background-color":"var(--ast-global-color-5)","background-image":"","background-repeat":"repeat","background-position":"center center","background-size":"auto","background-attachment":"scroll","background-type":"","background-media":"","overlay-type":"","overlay-color":"","overlay-opacity":"","overlay-gradient":""},"mobile":{"background-color":"var(--ast-global-color-5)","background-image":"","background-repeat":"repeat","background-position":"center center","background-size":"auto","background-attachment":"scroll","background-type":"","background-media":"","overlay-type":"","overlay-color":"","overlay-opacity":"","overlay-gradient":""}},"_joinchat":{"telephone":"17776015835"}},"product_brand":[],"product_cat":[62,64,151,153,156,158,142,143,144,146],"product_tag":[372,371,369,370,368,373],"class_list":{"0":"post-4363","1":"product","2":"type-product","3":"status-publish","4":"has-post-thumbnail","6":"product_cat-bang-vape","7":"product_cat-bangbox-vape","8":"product_cat-buy-disposable-vapes-in-france","9":"product_cat-buy-disposable-vapes-in-italy","10":"product_cat-buy-disposable-vapes-in-poland","11":"product_cat-buy-disposable-vapes-in-spain","12":"product_cat-digital-box-disposable-vapes","13":"product_cat-dual-mesh-disposable-vapes","14":"product_cat-low-nicotine-disposable-vapes","15":"product_cat-rechargeable-disposable-vapes","16":"product_tag-bang-box-42k","17":"product_tag-bang-box-turbo-42000","18":"product_tag-buy-disposable-vape-online","19":"product_tag-disposable-vape-bulk-buy","20":"product_tag-disposable-vapor","21":"product_tag-touch-screen-disposable-vape","22":"desktop-align-left","23":"tablet-align-left","24":"mobile-align-left","26":"first","27":"instock","28":"sale","29":"shipping-taxable","30":"purchasable","31":"product-type-simple"},"acf":[],"uagb_featured_image_src":{"full":["https:\/\/vapestornado.com\/wp-content\/uploads\/2025\/09\/Bang-Box-Turbo-42000-Puff-Touch-Screen-Vape.webp",1000,1000,false],"thumbnail":["https:\/\/vapestornado.com\/wp-content\/uploads\/2025\/09\/Bang-Box-Turbo-42000-Puff-Touch-Screen-Vape-150x150.webp",150,150,true],"medium":["https:\/\/vapestornado.com\/wp-content\/uploads\/2025\/09\/Bang-Box-Turbo-42000-Puff-Touch-Screen-Vape-300x300.webp",300,300,true],"medium_large":["https:\/\/vapestornado.com\/wp-content\/uploads\/2025\/09\/Bang-Box-Turbo-42000-Puff-Touch-Screen-Vape-768x768.webp",768,768,true],"large":["https:\/\/vapestornado.com\/wp-content\/uploads\/2025\/09\/Bang-Box-Turbo-42000-Puff-Touch-Screen-Vape.webp",1000,1000,false],"1536x1536":["https:\/\/vapestornado.com\/wp-content\/uploads\/2025\/09\/Bang-Box-Turbo-42000-Puff-Touch-Screen-Vape.webp",1000,1000,false],"2048x2048":["https:\/\/vapestornado.com\/wp-content\/uploads\/2025\/09\/Bang-Box-Turbo-42000-Puff-Touch-Screen-Vape.webp",1000,1000,false],"trp-custom-language-flag":["https:\/\/vapestornado.com\/wp-content\/uploads\/2025\/09\/Bang-Box-Turbo-42000-Puff-Touch-Screen-Vape-12x12.webp",12,12,true],"woocommerce_thumbnail":["https:\/\/vapestornado.com\/wp-content\/uploads\/2025\/09\/Bang-Box-Turbo-42000-Puff-Touch-Screen-Vape-300x300.webp",300,300,true],"woocommerce_single":["https:\/\/vapestornado.com\/wp-content\/uploads\/2025\/09\/Bang-Box-Turbo-42000-Puff-Touch-Screen-Vape-600x600.webp",600,600,true],"woocommerce_gallery_thumbnail":["https:\/\/vapestornado.com\/wp-content\/uploads\/2025\/09\/Bang-Box-Turbo-42000-Puff-Touch-Screen-Vape-100x100.webp",100,100,true]},"uagb_author_info":{"display_name":"ESAMY","author_link":"https:\/\/vapestornado.com\/ro\/author\/"},"uagb_comment_info":1,"uagb_excerpt":"The Bang Box Turbo 42000 Puff combines dual vaping mode, a touch screen display, and 42000 puffs of bold flavor. With a 750mAh rechargeable battery and 28mL capacity, it\u2019s the smart choice for bulk wholesale buyers across Europe. Add Amy's whatsapp to get right reply and discount price! WhatsApp: +86 17776015835","_links":{"self":[{"href":"https:\/\/vapestornado.com\/ro\/wp-json\/wp\/v2\/product\/4363","targetHints":{"allow":["GET"]}}],"collection":[{"href":"https:\/\/vapestornado.com\/ro\/wp-json\/wp\/v2\/product"}],"about":[{"href":"https:\/\/vapestornado.com\/ro\/wp-json\/wp\/v2\/types\/product"}],"replies":[{"embeddable":true,"href":"https:\/\/vapestornado.com\/ro\/wp-json\/wp\/v2\/comments?post=4363"}],"wp:featuredmedia":[{"embeddable":true,"href":"https:\/\/vapestornado.com\/ro\/wp-json\/wp\/v2\/media\/4360"}],"wp:attachment":[{"href":"https:\/\/vapestornado.com\/ro\/wp-json\/wp\/v2\/media?parent=4363"}],"wp:term":[{"taxonomy":"product_brand","embeddable":true,"href":"https:\/\/vapestornado.com\/ro\/wp-json\/wp\/v2\/product_brand?post=4363"},{"taxonomy":"product_cat","embeddable":true,"href":"https:\/\/vapestornado.com\/ro\/wp-json\/wp\/v2\/product_cat?post=4363"},{"taxonomy":"product_tag","embeddable":true,"href":"https:\/\/vapestornado.com\/ro\/wp-json\/wp\/v2\/product_tag?post=4363"}],"curies":[{"name":"wp","href":"https:\/\/api.w.org\/{rel}","templated":true}]}}