{"id":4355,"date":"2025-09-19T03:35:21","date_gmt":"2025-09-19T03:35:21","guid":{"rendered":"https:\/\/vapestornado.com\/?post_type=product&#038;p=4355"},"modified":"2025-09-19T06:51:26","modified_gmt":"2025-09-19T06:51:26","slug":"uzy-60000-puff-60k-disposable-vapor-3-in-1-triple-flavor-bulk-buy-online","status":"publish","type":"product","link":"https:\/\/vapestornado.com\/ro\/product\/uzy-60000-puff-60k-disposable-vapor-3-in-1-triple-flavor-bulk-buy-online\/","title":{"rendered":"UZY 60000 Pufuri 60k Vaporizator de unic\u0103 folosin\u021b\u0103 3 \u00een 1 Triplu Aroma Cump\u0103rare en gros Online"},"content":{"rendered":"<h2 data-pm-slice=\"1 1 []\">UZY 60000 Puff Vape de unic\u0103 folosin\u021b\u0103 3-in-1 Triple Flavor \u2013 Achizi\u021bie en gros online la cel mai bun pre\u021b<\/h2>\n<p data-start=\"312\" data-end=\"738\">Sistemul <strong data-start=\"316\" data-end=\"351\">UZY 60000 Puff Vape de unic\u0103 folosin\u021b\u0103<\/strong> este construit pentru vaperi care doresc varietate, putere \u0219i fiabilitate \u00eentr-un singur dispozitiv. Cu o capacitate impresionant\u0103 de <strong data-start=\"447\" data-end=\"468\">60k pufuri<\/strong> \u0219i un sistem unic <strong data-start=\"482\" data-end=\"513\">sistem triple arome 3-in-1<\/strong>, fiecare dispozitiv cu cartu\u0219 ofer\u0103 <strong data-start=\"536\" data-end=\"556\">54ml de e-lichid<\/strong> divizat \u00een trei camere separate, men\u021bin\u00e2nd fiecare arom\u0103 proasp\u0103t\u0103 \u0219i distinct\u0103. Vape-ul UZY 60000 pufuri este alegerea perfect\u0103 pentru<strong data-start=\"662\" data-end=\"702\"> vaperi <\/strong>care cer performan\u021b\u0103 \u0219i stil.<\/p>\n<p data-start=\"740\" data-end=\"1112\">Echipat cu <strong data-start=\"754\" data-end=\"785\">tehnologie tripl\u0103 de rezisten\u021b\u0103 mesh<\/strong>, UZY 60k asigur\u0103 vapori netezi \u0219i gust bogat la fiecare tragere. Acest dispozitiv <strong data-start=\"854\" data-end=\"875\">afi\u0219ajul inteligent LED<\/strong> te men\u021bine informat despre nivelul bateriei \u0219i al lichidului, astfel \u00eenc\u00e2t s\u0103 nu r\u0103m\u00e2i niciodat\u0103 f\u0103r\u0103. Alimentat de o baterie puternic\u0103 de <strong data-start=\"984\" data-end=\"1041\">850mAh re\u00eenc\u0103rcabil\u0103 cu \u00eenc\u0103rcare rapid\u0103 Type-C<\/strong>, timpul de func\u021bionare este minim, f\u0103c\u00e2nd acest dispozitiv fiabil pentru utilizarea zilnic\u0103.<\/p>\n<p data-start=\"1114\" data-end=\"1403\">Disponibil \u00een <strong data-start=\"1127\" data-end=\"1167\">concentra\u021bii de nicotin\u0103 de 0%, 2%, 3% \u0219i 5%<\/strong>, satisface toate preferin\u021bele \u2014 de la vaping u\u0219or \u0219i casual p\u00e2n\u0103 la o doz\u0103 mai puternic\u0103. The <strong data-start=\"1248\" data-end=\"1282\">design modern inspirat de cristale<\/strong> nu doar se simte premium \u00een m\u00e2n\u0103, ci arat\u0103 \u0219i bine, atr\u0103g\u00e2nd tineri adul\u021bi care apreciaz\u0103 at\u00e2t func\u021bionalitatea, c\u00e2t \u0219i estetica.<\/p>\n<p data-start=\"1405\" data-end=\"1739\">Pentru <strong data-start=\"1409\" data-end=\"1434\">cump\u0103r\u0103tori en gros<\/strong>, UZY 60000 Puff se eviden\u021biaz\u0103 ca un <strong data-start=\"1471\" data-end=\"1518\">cel mai v\u00e2ndut \u00een categoria vape-urilor de unic\u0103 folosin\u021b\u0103<\/strong>, combin\u00e2nd <strong data-start=\"1530\" data-end=\"1612\">performan\u021b\u0103 de durat\u0103, arome autentice \u0219i pre\u021buri competitive en gros<\/strong> care asigur\u0103 marje de profit solide. Dac\u0103 vrei s\u0103 <strong data-start=\"1664\" data-end=\"1694\">cumperi vape de unic\u0103 folosin\u021b\u0103 online<\/strong> pentru magazinul t\u0103u, UZY 60k este o alegere sigur\u0103.<\/p>\n<p><strong><span style=\"color: #ff0000;\">Adaug\u0103 whatsapp-ul lui Amy pentru a primi r\u0103spuns imediat \u0219i un cupon de vape!<\/span><\/strong><\/p>\n<p><img fetchpriority=\"high\" decoding=\"async\" class=\"size-full wp-image-2932\" src=\"https:\/\/vapestornado.com\/wp-content\/uploads\/2024\/12\/Vape-Wholesale.jpg\" alt=\"\u021aig\u0103ri electronice cu ridicata\" width=\"229\" height=\"300\" \/><\/p>\n<h3><a href=\"https:\/\/wa.me\/8617776015835\" target=\"_blank\" rel=\"noopener\"><span style=\"color: #ff0000;\"><strong>WhatsApp: +86 17776015835<\/strong><\/span><\/a><\/h3>\n<p>&nbsp;<\/p>\n<h2><strong>Caracteristici ale produsului UZY 60000 Puff<\/strong><\/h2>\n<p>Pufuri: 60000 Pufuri<br \/>\nTriple arome 3 \u00een 1<br \/>\nBobin\u0103 Dubl\u0103 tip Plas\u0103<br \/>\nE-lichid: 54ml(18ml+18ml+18ml)<br \/>\nNicotin\u0103: 0%\/2%\/3%\/5%<br \/>\nBaterie: 850mah<br \/>\nRe\u00eenc\u0103rcabil: Port de \u00eenc\u0103rcare Type-C<br \/>\nAfi\u0219aj LED (Ecran inteligent) indic\u0103 nivelul bateriei \u0219i al e-lichidului<br \/>\nAjustare putere: Versiuni Pro \u0219i Max<br \/>\nGreutatea produsului: 120g\/buc<\/p>\n<figure id=\"attachment_4354\" aria-describedby=\"caption-attachment-4354\" style=\"width: 800px\" class=\"wp-caption alignnone\"><img decoding=\"async\" class=\"wp-image-4354 size-full\" src=\"https:\/\/vapestornado.com\/wp-content\/uploads\/2025\/09\/UZY-Triple-Flavor-60000-60K-Puffs-Disposable-Vape.webp\" alt=\"UZY Triple Flavor 60000 60K Pufuri Vape de unic\u0103 folosin\u021b\u0103\" width=\"800\" height=\"800\" srcset=\"https:\/\/vapestornado.com\/wp-content\/uploads\/2025\/09\/UZY-Triple-Flavor-60000-60K-Puffs-Disposable-Vape.webp 800w, https:\/\/vapestornado.com\/wp-content\/uploads\/2025\/09\/UZY-Triple-Flavor-60000-60K-Puffs-Disposable-Vape-300x300.webp 300w, https:\/\/vapestornado.com\/wp-content\/uploads\/2025\/09\/UZY-Triple-Flavor-60000-60K-Puffs-Disposable-Vape-150x150.webp 150w, https:\/\/vapestornado.com\/wp-content\/uploads\/2025\/09\/UZY-Triple-Flavor-60000-60K-Puffs-Disposable-Vape-768x768.webp 768w, https:\/\/vapestornado.com\/wp-content\/uploads\/2025\/09\/UZY-Triple-Flavor-60000-60K-Puffs-Disposable-Vape-12x12.webp 12w, https:\/\/vapestornado.com\/wp-content\/uploads\/2025\/09\/UZY-Triple-Flavor-60000-60K-Puffs-Disposable-Vape-600x600.webp 600w, https:\/\/vapestornado.com\/wp-content\/uploads\/2025\/09\/UZY-Triple-Flavor-60000-60K-Puffs-Disposable-Vape-100x100.webp 100w\" sizes=\"(max-width: 800px) 100vw, 800px\" \/><figcaption id=\"caption-attachment-4354\" class=\"wp-caption-text\">UZY Triple Flavor 60000 60K Pufuri Vape de unic\u0103 folosin\u021b\u0103<\/figcaption><\/figure>\n<h2 class=\"product-title\"><strong> Lista de arome UZY 60000 Pufuri<\/strong><\/h2>\n<p>1. Afine Zmeur\u0103 \/ C\u0103p\u0219uni Kiwi \/ L\u0103m\u00e2ie Lime<br \/>\n2. Kiwi Fruct de Pasiune Guava \/ Afine Ghea\u021b\u0103 \/ Piersic\u0103 Mango<br \/>\n3. C\u0103p\u0219uni Pepene Verde \/ Cola Ghea\u021b\u0103 \/ Cola Cire\u0219e<br \/>\n4. Piersic\u0103 Ghea\u021b\u0103 \/ C\u0103p\u0219uni Zmeur\u0103 Cire\u0219e Ghea\u021b\u0103 \/ Dou\u0103 Mere Ghea\u021b\u0103<br \/>\n5. Strugure Ghea\u021b\u0103 \/ Love 666 (Fruct de Pasiune Pepene) \/ Red Bull C\u0103p\u0219uni<br \/>\n6. Domnul Blue \/ Ursule\u021b Guma \/ Red Bull Ghea\u021b\u0103<br \/>\n7. Piersic\u0103 Mango Ananas \/ Blue Razz Ghea\u021b\u0103 \/ Zmeur\u0103 Pepene Verde<br \/>\n8. Pepene Verde Ghea\u021b\u0103 \/ Triplu Pepene Ghea\u021b\u0103 \/ C\u0103p\u0219uni Banane<br \/>\n9.\u00cenghe\u021bat\u0103 de piersic\u0103 de var\u0103 \/ \u00cenghe\u021bat\u0103 de c\u0103p\u0219uni \/ Blue Razz Ice<br \/>\n10.\u00cenghe\u021bat\u0103 de cire\u0219e \/ Fructe de p\u0103dure mixte \/ Black Dragon Ice<\/p>\n<div class=\"flex-shrink-0 flex flex-col relative items-end\">\n<div class=\"pt-0\">\n<div class=\"gizmo-bot-avatar flex h-8 w-8 items-center justify-center overflow-hidden rounded-full\">\n<div class=\"relative p-1 rounded-sm flex items-center justify-center bg-token-main-surface-primary text-token-text-primary h-8 w-8\">\n<h2 data-start=\"1200\" data-end=\"1487\">Vapes Tornado \u2013 Magazinul dvs. online de vape cu ridicata pentru cele mai bune m\u0103rci de vape din Europa<\/h2>\n<p data-start=\"1200\" data-end=\"1487\"><strong data-start=\"213\" data-end=\"248\">Magazinul online de fumat Vapes Tornado<\/strong> Vapes Tornado \u2013 Centrul dvs. angro pentru cele mai bune m\u0103rci de vape din Europa<strong data-start=\"403\" data-end=\"431\">\u00a0m\u0103rci populare de vape-uri<\/strong>, inclusiv <strong data-start=\"443\" data-end=\"502\"><a href=\"https:\/\/vapestornado.com\/ro\/product\/waspe-aiviou-3-in-1-60000-puffs-disposable-vape-kit-best-price\/\">\u021aIGAR\u0102 ELECTRONIC\u0102 WASPE<\/a>, \u021aIGAR\u0102 ELECTRONIC\u0102 Vapme, <a href=\"https:\/\/vapestornado.com\/ro\/product\/vozol-gear-power-20k-20000-puffs-vape-rechargeable-disposable-box-bulk-buy-cheap-price\/\">VOZOL VAPE<\/a><\/strong><strong data-start=\"443\" data-end=\"502\">\u0219i <a href=\"https:\/\/vapestornado.com\/ro\/product-category\/fumot-vape\/\">FUMOT VAPE<\/a><\/strong>. Magazinul nostru este construit pentru a servi at\u00e2t clien\u021bii individuali, c\u00e2t \u0219i cump\u0103r\u0103torii angro, oferind produse fiabile care combin\u0103 performan\u021be puternice, design elegant \u0219i pre\u021buri competitive.<\/p>\n<h2 data-start=\"2064\" data-end=\"2115\">\u00centreb\u0103ri frecvente despre UZY 60000 Puff Vape de unic\u0103 folosin\u021b\u0103<\/h2>\n<p data-start=\"152\" data-end=\"362\"><strong data-start=\"152\" data-end=\"223\">1. C\u00e2te arome ofer\u0103 vaporizatorul de unic\u0103 folosin\u021b\u0103 UZY 60000 Puff?<\/strong><br data-start=\"223\" data-end=\"226\" \/>Fiecare dispozitiv include o <strong data-start=\"249\" data-end=\"280\">sistem triple arome 3-in-1<\/strong>, oferindu-\u021bi trei camere distincte de lichid e-\u021bigaret\u0103 cu o capacitate total\u0103 de <strong data-start=\"342\" data-end=\"359\">54ml<\/strong>.<\/p>\n<p data-start=\"364\" data-end=\"530\"><strong data-start=\"364\" data-end=\"404\">2. Este UZY 60k Puff re\u00eenc\u0103rcabil?<\/strong><br data-start=\"404\" data-end=\"407\" \/>Da. Vine cu un <strong data-start=\"429\" data-end=\"447\">baterie de 850mAh<\/strong> \u0219i suport\u0103 <strong data-start=\"461\" data-end=\"485\">\u00eenc\u0103rcare rapid\u0103 de tip C<\/strong>, asigur\u00e2nd o utilizare mai lung\u0103 \u0219i timp de inactivitate minim.<\/p>\n<p data-start=\"532\" data-end=\"731\"><strong data-start=\"532\" data-end=\"599\">3. Ce concentra\u021bii de nicotin\u0103 sunt disponibile pentru UZY 60000 Puff?<\/strong><br data-start=\"599\" data-end=\"602\" \/>UZY 60k Puff este disponibil \u00een <strong data-start=\"635\" data-end=\"675\">0%, 2%, 3% \u0219i 5% concentra\u021bii de nicotin\u0103<\/strong>, fiind potrivit pentru diferite preferin\u021be de vaping.<\/p>\n<p data-start=\"733\" data-end=\"913\"><strong data-start=\"733\" data-end=\"776\">4. Cum func\u021bioneaz\u0103 afi\u0219ajul inteligent LED?<\/strong><br data-start=\"776\" data-end=\"779\" \/>Ecranul <strong data-start=\"792\" data-end=\"806\">LED<\/strong> afi\u0219eaz\u0103 <strong data-start=\"813\" data-end=\"855\">procentajul bateriei \u0219i nivelurile de e-lichid<\/strong>, astfel \u00eenc\u00e2t s\u0103 \u0219tii \u00eentotdeauna c\u00e2nd s\u0103 re\u00eencarci sau s\u0103 schimbi aromele.<\/p>\n<p data-start=\"915\" data-end=\"1149\"><strong data-start=\"915\" data-end=\"989\">5. De ce este UZY 60000 Puff popular pentru achizi\u021bii en gros \u00een Europa?<\/strong><br data-start=\"989\" data-end=\"992\" \/>Al s\u0103u <strong data-start=\"996\" data-end=\"1086\">num\u0103r mare de pufuri, sistem triplu de arome, baterie puternic\u0103 \u0219i pre\u021b competitiv en gros<\/strong> transform\u0103-l \u00eentr-o alegere de top pentru distribuitori \u0219i comercian\u021bi cu am\u0103nuntul.<\/p>\n<\/div>\n<\/div>\n<\/div>\n<\/div>","protected":false},"excerpt":{"rendered":"<p><strong data-start=\"114\" data-end=\"149\">UZY 60000 Puff Vape de unic\u0103 folosin\u021b\u0103<\/strong> produce <strong data-start=\"159\" data-end=\"184\">3-in-1 triple arome<\/strong>, p\u00e2n\u0103 la <strong data-start=\"192\" data-end=\"205\">60k pufuri<\/strong>, \u0219i un <strong data-start=\"213\" data-end=\"234\">afi\u0219ajul inteligent LED<\/strong> cu <strong data-start=\"240\" data-end=\"278\" data-is-only-node=\"\">Baterie re\u00eenc\u0103rcabil\u0103 de 850mAh Type-C<\/strong>. Ideal pentru <strong data-start=\"290\" data-end=\"325\">cump\u0103r\u0103tori angro \u00een vrac din Europa<\/strong> c\u0103uta performan\u021b\u0103 de durat\u0103 \u00een <strong data-start=\"370\" data-end=\"384\">cel mai bun pre\u021b<\/strong>.<\/p>\n<p><strong>Ad\u0103uga\u021bi-o pe Amy pe WhatsApp pentru a ob\u021bine un r\u0103spuns corect \u0219i un pre\u021b redus!<\/strong><\/p>\n<p><img fetchpriority=\"high\" decoding=\"async\" class=\"size-full wp-image-2932\" src=\"https:\/\/vapestornado.com\/wp-content\/uploads\/2024\/12\/Vape-Wholesale.jpg\" alt=\"\u021aig\u0103ri electronice cu ridicata\" width=\"229\" height=\"300\" \/><\/p>\n<h3><a href=\"https:\/\/wa.me\/8617776015835\"><span style=\"color: #ff0000;\"><strong>WhatsApp: +86 17776015835<\/strong><\/span><\/a><\/h3>","protected":false},"featured_media":4353,"comment_status":"open","ping_status":"closed","template":"","meta":{"_acf_changed":false,"_uag_custom_page_level_css":"","_lmt_disableupdate":"no","_lmt_disable":"","_monsterinsights_skip_tracking":false,"_monsterinsights_sitenote_active":false,"_monsterinsights_sitenote_note":"","_monsterinsights_sitenote_category":0,"site-sidebar-layout":"default","site-content-layout":"","ast-site-content-layout":"default","site-content-style":"default","site-sidebar-style":"default","ast-global-header-display":"","ast-banner-title-visibility":"","ast-main-header-display":"","ast-hfb-above-header-display":"","ast-hfb-below-header-display":"","ast-hfb-mobile-header-display":"","site-post-title":"","ast-breadcrumbs-content":"","ast-featured-img":"","footer-sml-layout":"","ast-disable-related-posts":"","theme-transparent-header-meta":"default","adv-header-id-meta":"","stick-header-meta":"","header-above-stick-meta":"","header-main-stick-meta":"","header-below-stick-meta":"","astra-migrate-meta-layouts":"set","ast-page-background-enabled":"default","ast-page-background-meta":{"desktop":{"background-color":"","background-image":"","background-repeat":"repeat","background-position":"center center","background-size":"auto","background-attachment":"scroll","background-type":"","background-media":"","overlay-type":"","overlay-color":"","overlay-opacity":"","overlay-gradient":""},"tablet":{"background-color":"","background-image":"","background-repeat":"repeat","background-position":"center center","background-size":"auto","background-attachment":"scroll","background-type":"","background-media":"","overlay-type":"","overlay-color":"","overlay-opacity":"","overlay-gradient":""},"mobile":{"background-color":"","background-image":"","background-repeat":"repeat","background-position":"center center","background-size":"auto","background-attachment":"scroll","background-type":"","background-media":"","overlay-type":"","overlay-color":"","overlay-opacity":"","overlay-gradient":""}},"ast-content-background-meta":{"desktop":{"background-color":"var(--ast-global-color-5)","background-image":"","background-repeat":"repeat","background-position":"center center","background-size":"auto","background-attachment":"scroll","background-type":"","background-media":"","overlay-type":"","overlay-color":"","overlay-opacity":"","overlay-gradient":""},"tablet":{"background-color":"var(--ast-global-color-5)","background-image":"","background-repeat":"repeat","background-position":"center center","background-size":"auto","background-attachment":"scroll","background-type":"","background-media":"","overlay-type":"","overlay-color":"","overlay-opacity":"","overlay-gradient":""},"mobile":{"background-color":"var(--ast-global-color-5)","background-image":"","background-repeat":"repeat","background-position":"center center","background-size":"auto","background-attachment":"scroll","background-type":"","background-media":"","overlay-type":"","overlay-color":"","overlay-opacity":"","overlay-gradient":""}},"_joinchat":{"telephone":"17776015835"}},"product_brand":[],"product_cat":[343,152,156,158,142,357,144,146,356],"product_tag":[369,370,368,366,367,364],"class_list":{"0":"post-4355","1":"product","2":"type-product","3":"status-publish","4":"has-post-thumbnail","6":"product_cat-60000-puff","7":"product_cat-buy-disposable-vapes-in-cermany","8":"product_cat-buy-disposable-vapes-in-poland","9":"product_cat-buy-disposable-vapes-in-spain","10":"product_cat-digital-box-disposable-vapes","11":"product_cat-flavor-adjustable-vape","12":"product_cat-low-nicotine-disposable-vapes","13":"product_cat-rechargeable-disposable-vapes","14":"product_cat-uzy-vape","15":"product_tag-buy-disposable-vape-online","16":"product_tag-disposable-vape-bulk-buy","17":"product_tag-disposable-vapor","18":"product_tag-uzy-60000-puff","19":"product_tag-uzy-60k-puff","20":"product_tag-wholesale-cheap-price","21":"desktop-align-left","22":"tablet-align-left","23":"mobile-align-left","25":"first","26":"instock","27":"sale","28":"shipping-taxable","29":"purchasable","30":"product-type-simple"},"acf":[],"uagb_featured_image_src":{"full":["https:\/\/vapestornado.com\/wp-content\/uploads\/2025\/09\/UZY-Triple-Flavor-60000-60K-Puffs-Disposable-Vape-BOx.webp",800,800,false],"thumbnail":["https:\/\/vapestornado.com\/wp-content\/uploads\/2025\/09\/UZY-Triple-Flavor-60000-60K-Puffs-Disposable-Vape-BOx-150x150.webp",150,150,true],"medium":["https:\/\/vapestornado.com\/wp-content\/uploads\/2025\/09\/UZY-Triple-Flavor-60000-60K-Puffs-Disposable-Vape-BOx-300x300.webp",300,300,true],"medium_large":["https:\/\/vapestornado.com\/wp-content\/uploads\/2025\/09\/UZY-Triple-Flavor-60000-60K-Puffs-Disposable-Vape-BOx-768x768.webp",768,768,true],"large":["https:\/\/vapestornado.com\/wp-content\/uploads\/2025\/09\/UZY-Triple-Flavor-60000-60K-Puffs-Disposable-Vape-BOx.webp",800,800,false],"1536x1536":["https:\/\/vapestornado.com\/wp-content\/uploads\/2025\/09\/UZY-Triple-Flavor-60000-60K-Puffs-Disposable-Vape-BOx.webp",800,800,false],"2048x2048":["https:\/\/vapestornado.com\/wp-content\/uploads\/2025\/09\/UZY-Triple-Flavor-60000-60K-Puffs-Disposable-Vape-BOx.webp",800,800,false],"trp-custom-language-flag":["https:\/\/vapestornado.com\/wp-content\/uploads\/2025\/09\/UZY-Triple-Flavor-60000-60K-Puffs-Disposable-Vape-BOx-12x12.webp",12,12,true],"woocommerce_thumbnail":["https:\/\/vapestornado.com\/wp-content\/uploads\/2025\/09\/UZY-Triple-Flavor-60000-60K-Puffs-Disposable-Vape-BOx-300x300.webp",300,300,true],"woocommerce_single":["https:\/\/vapestornado.com\/wp-content\/uploads\/2025\/09\/UZY-Triple-Flavor-60000-60K-Puffs-Disposable-Vape-BOx-600x600.webp",600,600,true],"woocommerce_gallery_thumbnail":["https:\/\/vapestornado.com\/wp-content\/uploads\/2025\/09\/UZY-Triple-Flavor-60000-60K-Puffs-Disposable-Vape-BOx-100x100.webp",100,100,true]},"uagb_author_info":{"display_name":"ESAMY","author_link":"https:\/\/vapestornado.com\/ro\/author\/"},"uagb_comment_info":1,"uagb_excerpt":"UZY 60000 Puff Disposable Vapor delivers 3-in-1 triple flavors, up to 60k puffs, and a smart LED display with 850mAh Type-C rechargeable battery. Ideal for bulk wholesale buyers in Europe looking for long-lasting performance at the best price. Add Amy's whatsapp to get right reply and discount price! WhatsApp: +86 17776015835","_links":{"self":[{"href":"https:\/\/vapestornado.com\/ro\/wp-json\/wp\/v2\/product\/4355","targetHints":{"allow":["GET"]}}],"collection":[{"href":"https:\/\/vapestornado.com\/ro\/wp-json\/wp\/v2\/product"}],"about":[{"href":"https:\/\/vapestornado.com\/ro\/wp-json\/wp\/v2\/types\/product"}],"replies":[{"embeddable":true,"href":"https:\/\/vapestornado.com\/ro\/wp-json\/wp\/v2\/comments?post=4355"}],"wp:featuredmedia":[{"embeddable":true,"href":"https:\/\/vapestornado.com\/ro\/wp-json\/wp\/v2\/media\/4353"}],"wp:attachment":[{"href":"https:\/\/vapestornado.com\/ro\/wp-json\/wp\/v2\/media?parent=4355"}],"wp:term":[{"taxonomy":"product_brand","embeddable":true,"href":"https:\/\/vapestornado.com\/ro\/wp-json\/wp\/v2\/product_brand?post=4355"},{"taxonomy":"product_cat","embeddable":true,"href":"https:\/\/vapestornado.com\/ro\/wp-json\/wp\/v2\/product_cat?post=4355"},{"taxonomy":"product_tag","embeddable":true,"href":"https:\/\/vapestornado.com\/ro\/wp-json\/wp\/v2\/product_tag?post=4355"}],"curies":[{"name":"wp","href":"https:\/\/api.w.org\/{rel}","templated":true}]}}