{"id":4348,"date":"2025-09-17T08:20:08","date_gmt":"2025-09-17T08:20:08","guid":{"rendered":"https:\/\/vapestornado.com\/?post_type=product&#038;p=4348"},"modified":"2025-09-17T08:44:49","modified_gmt":"2025-09-17T08:44:49","slug":"original-vozol-star-40000-puff-40k-best-disposable-vape-2025-wholesale-cheap-price","status":"publish","type":"product","link":"https:\/\/vapestornado.com\/ro\/product\/original-vozol-star-40000-puff-40k-best-disposable-vape-2025-wholesale-cheap-price\/","title":{"rendered":"Vozol Star 40000 Pufuri Original 40k Cel Mai Bun Vape De Unic\u0103 Folosin\u021b\u0103 2025 Pre\u021b Ieftin En-Gros"},"content":{"rendered":"<h2 data-pm-slice=\"1 1 []\">Vozol Star 40000 Vape de Unic\u0103 Folosin\u021b\u0103 \u2013 Cel Mai Bun Pre\u021b En-Gros 2025<\/h2>\n<p data-start=\"292\" data-end=\"656\">Sistemul <strong data-start=\"296\" data-end=\"349\">Vozol Star 40000 Puff-uri (Vozol Star 40K Vape de Unic\u0103 Folosin\u021b\u0103)<\/strong> stabile\u0219te un nou standard \u00een dispozitivele de unic\u0103 folosin\u021b\u0103 de lung\u0103 durat\u0103. Oferind p\u00e2n\u0103 la <strong data-start=\"424\" data-end=\"440\">40.000 de pufuri<\/strong>, este construit pentru utilizatorii care doresc putere, varietate \u0219i valoare \u00eentr-un design compact. Alimentat de o <strong data-start=\"534\" data-end=\"592\">baterie re\u00eenc\u0103rcabil\u0103 de 1000mAh cu \u00eenc\u0103rcare rapid\u0103 Type-C<\/strong>, Star 40K este perfect pentru s\u0103pt\u0103m\u00e2ni de performan\u021b\u0103 consistent\u0103.<\/p>\n<p data-start=\"658\" data-end=\"996\">Proiectat cu <strong data-start=\"674\" data-end=\"693\">rezisten\u021be dual mesh<\/strong> \u0219i o <strong data-start=\"700\" data-end=\"739\">sistem dual-mode (mod Eco &amp; Power)<\/strong>, fiecare puff este fin, aromat \u0219i personalizabil stilului t\u0103u\u2014fie c\u0103 te bucuri de inhal\u0103ri MTL mai str\u00e2nse sau de hit-uri DL aerisite. Sistemul <strong data-start=\"862\" data-end=\"884\">flux de aer reglabil<\/strong> adaug\u0103 un control suplimentar, oferind vaperilor rom\u00e2ni exact ceea ce a\u0219teapt\u0103 de la <strong data-start=\"964\" data-end=\"993\">cel mai bun vape de unic\u0103 folosin\u021b\u0103 2025<\/strong>.<\/p>\n<p data-start=\"998\" data-end=\"1352\">Vozol Star 40K este disponibil \u00een <strong data-start=\"1026\" data-end=\"1048\">25 de arome premium<\/strong>, de la <strong data-start=\"1055\" data-end=\"1079\">clasice mentolate \u0219i reci<\/strong> to <strong data-start=\"1083\" data-end=\"1099\">amestecuri de fructe<\/strong> cum ar fi Strawberry Kiwi, Mango Peach \u0219i Blue Razz Ice. Combinat cu o <strong data-start=\"1170\" data-end=\"1190\">construc\u021bie etan\u0219\u0103<\/strong> si <strong data-start=\"1195\" data-end=\"1219\">finisaj elegant de cristal<\/strong>, acest dispozitiv nu este doar durabil, ci \u0219i elegant, f\u0103c\u00e2ndu-l extrem de atractiv pentru cump\u0103r\u0103torii en-gros care vizeaz\u0103 pie\u021bele de adul\u021bi tineri.<\/p>\n<p data-start=\"1354\" data-end=\"1631\">Pentru distribuitori, <strong data-start=\"1376\" data-end=\"1396\">Vozol Star 40000<\/strong> puff ofer\u0103 marje puternice de rev\u00e2nzare, cerere ridicat\u0103 din partea consumatorilor \u0219i credibilitatea unui brand de top \u00een Europa. Acest lucru \u00eel face un dispozitiv obligatoriu pentru orice comerciant de vape-uri \u00een c\u0103utare de <strong data-start=\"1569\" data-end=\"1600\">oferte de pre\u021b en gros ieftine<\/strong> f\u0103r\u0103 a sacrifica calitatea.<\/p>\n<p><strong><span style=\"color: #ff0000;\">Adaug\u0103 whatsapp-ul lui Amy pentru a primi r\u0103spuns imediat \u0219i un cupon de vape!<\/span><\/strong><\/p>\n<p><img fetchpriority=\"high\" decoding=\"async\" class=\"size-full wp-image-2932\" src=\"https:\/\/vapestornado.com\/wp-content\/uploads\/2024\/12\/Vape-Wholesale.jpg\" alt=\"\u021aig\u0103ri electronice cu ridicata\" width=\"229\" height=\"300\" \/><\/p>\n<h3><a href=\"https:\/\/wa.me\/8617776015835\" target=\"_blank\" rel=\"noopener\"><span style=\"color: #ff0000;\"><strong>WhatsApp: +86 17776015835<\/strong><\/span><\/a><\/h3>\n<p>&nbsp;<\/p>\n<h2><strong>Caracteristici ale produsului Vozol Star 40000 Puff<\/strong><\/h2>\n<ul data-start=\"1659\" data-end=\"2057\">\n<li data-start=\"1659\" data-end=\"1707\">\n<p data-start=\"1661\" data-end=\"1707\"><strong data-start=\"1661\" data-end=\"1677\">40.000 de pufuri<\/strong> per dispozitiv pentru utilizare extins\u0103<\/p>\n<\/li>\n<li data-start=\"1708\" data-end=\"1773\">\n<p data-start=\"1710\" data-end=\"1773\"><strong data-start=\"1710\" data-end=\"1730\">Sistem dual de moduri<\/strong> (Eco\/Putere) pentru performan\u021b\u0103 personalizabil\u0103<\/p>\n<\/li>\n<li data-start=\"1774\" data-end=\"1831\">\n<p data-start=\"1776\" data-end=\"1831\"><strong data-start=\"1776\" data-end=\"1795\">Bobine duble tip plas\u0103<\/strong> pentru arom\u0103 \u00eendr\u0103znea\u021b\u0103 \u0219i densitate a vaporului<\/p>\n<\/li>\n<li data-start=\"1832\" data-end=\"1894\">\n<p data-start=\"1834\" data-end=\"1894\"><strong data-start=\"1834\" data-end=\"1866\">Baterie re\u00eenc\u0103rcabil\u0103 de 1000 mAh<\/strong> cu \u00eenc\u0103rcare rapid\u0103 Type-C<\/p>\n<\/li>\n<li data-start=\"1895\" data-end=\"1953\">\n<p data-start=\"1897\" data-end=\"1953\"><strong data-start=\"1897\" data-end=\"1918\">24 de op\u021biuni de arom\u0103<\/strong> conceput pentru pia\u021ba european\u0103<\/p>\n<\/li>\n<li data-start=\"1954\" data-end=\"2005\">\n<p data-start=\"1956\" data-end=\"2005\"><strong data-start=\"1956\" data-end=\"1978\">Flux de aer reglabil<\/strong> pentru preferin\u021be MTL &amp; DL<\/p>\n<\/li>\n<li data-start=\"2006\" data-end=\"2057\">\n<p data-start=\"2008\" data-end=\"2057\"><strong data-start=\"2008\" data-end=\"2029\">Design etan\u0219<\/strong> cu corp elegant din cristal<\/p>\n<\/li>\n<\/ul>\n<h2 class=\"product-title\"><strong>\u00a0Lista de arome Vozol Star 40000 Puff<\/strong><\/h2>\n<p>1. Blue Razz Ice<br \/>\n2. Ghea\u021b\u0103 de afine<br \/>\n3. Afine Ment\u0103<br \/>\n4. Afine Pepene Verde<br \/>\n5. Cherimoya Grapefruit Berries<br \/>\n6. Cherry Cola<br \/>\n7. Ment\u0103 R\u0103coritoare<br \/>\n8. Struguri cu ghea\u021b\u0103<br \/>\n9. Mango Ice<br \/>\n10. Mango Piersic\u0103<br \/>\n11. Gum\u0103 de Pepene<br \/>\n12. Ghea\u021b\u0103 de Pepene<br \/>\n13. Ghea\u021b\u0103 de Piersic\u0103<br \/>\n14. Ghea\u021b\u0103 de M\u0103r Acid<br \/>\n15. Ghea\u021b\u0103 de C\u0103p\u0219un\u0103<br \/>\n16. C\u0103p\u0219un\u0103 Kiwi<br \/>\n17. C\u0103p\u0219un\u0103 Pepene Verde<br \/>\n18. Piersic\u0103 Strawmelon<br \/>\n20. Vzbull<br \/>\n21. Gum\u0103 de pepene verde cu bule<br \/>\n22. Pepene verde cu struguri \u0219i zmeur\u0103<br \/>\n23. Pepene verde cu ghea\u021b\u0103<br \/>\n24. Pepene verde cu piersic\u0103 acri\u0219oar\u0103<br \/>\n25. Piersic\u0103 alb\u0103 cu zmeur\u0103<\/p>\n<figure id=\"attachment_4346\" aria-describedby=\"caption-attachment-4346\" style=\"width: 300px\" class=\"wp-caption alignnone\"><img decoding=\"async\" class=\"size-medium wp-image-4346\" src=\"https:\/\/vapestornado.com\/wp-content\/uploads\/2025\/09\/VOZOL-STAR-40K-Puffs-Vozol-Vapes-300x177.webp\" alt=\"VOZOL STAR 40K Pufuri Aroma de v\u00e2nzare fierbinte Vozol Vapes\" width=\"300\" height=\"177\" srcset=\"https:\/\/vapestornado.com\/wp-content\/uploads\/2025\/09\/VOZOL-STAR-40K-Puffs-Vozol-Vapes-300x177.webp 300w, https:\/\/vapestornado.com\/wp-content\/uploads\/2025\/09\/VOZOL-STAR-40K-Puffs-Vozol-Vapes-768x454.webp 768w, https:\/\/vapestornado.com\/wp-content\/uploads\/2025\/09\/VOZOL-STAR-40K-Puffs-Vozol-Vapes-18x12.webp 18w, https:\/\/vapestornado.com\/wp-content\/uploads\/2025\/09\/VOZOL-STAR-40K-Puffs-Vozol-Vapes-600x355.webp 600w, https:\/\/vapestornado.com\/wp-content\/uploads\/2025\/09\/VOZOL-STAR-40K-Puffs-Vozol-Vapes.webp 800w\" sizes=\"(max-width: 300px) 100vw, 300px\" \/><figcaption id=\"caption-attachment-4346\" class=\"wp-caption-text\">VOZOL STAR 40K Pufuri Aroma de v\u00e2nzare fierbinte Vozol Vapes<\/figcaption><\/figure>\n<div class=\"flex-shrink-0 flex flex-col relative items-end\">\n<div class=\"pt-0\">\n<div class=\"gizmo-bot-avatar flex h-8 w-8 items-center justify-center overflow-hidden rounded-full\">\n<div class=\"relative p-1 rounded-sm flex items-center justify-center bg-token-main-surface-primary text-token-text-primary h-8 w-8\">\n<h2 data-start=\"1200\" data-end=\"1487\">Vapes Tornado \u2013 Magazinul dvs. online de vape cu ridicata pentru cele mai bune m\u0103rci de vape din Europa<\/h2>\n<p data-start=\"1200\" data-end=\"1487\"><strong data-start=\"213\" data-end=\"248\">ofer\u0103 o valoare excelent\u0103, f\u0103c\u00e2ndu-l o alegere fiabil\u0103 pentru comercian\u021bii cu am\u0103nuntul care vizeaz\u0103 grupa de v\u00e2rst\u0103 25-35 de ani.<\/strong> Vapes Tornado \u2013 Centrul dvs. angro pentru cele mai bune m\u0103rci de vape din Europa <strong data-start=\"403\" data-end=\"431\">cele mai populare m\u0103rci de vape<\/strong>, inclusiv <strong data-start=\"443\" data-end=\"502\"><a href=\"https:\/\/vapestornado.com\/ro\/product\/buy-authentic-waspe-100000-puffs-low-nicotine-disposable-vape-pen-at-wholesale-price\/\">\u021aIGAR\u0102 ELECTRONIC\u0102 WASPE<\/a>, BANGBOX VAPE, <a href=\"https:\/\/vapestornado.com\/ro\/product\/vozol-gear-power-20k-20000-puffs-vape-rechargeable-disposable-box-bulk-buy-cheap-price\/\">VOZOL VAPE<\/a><\/strong><strong data-start=\"443\" data-end=\"502\">\u0219i <a href=\"https:\/\/vapestornado.com\/ro\/product-category\/fumot-vape\/\">FUMOT VAPE<\/a><\/strong>. Magazinul nostru este construit pentru a servi at\u00e2t clien\u021bii individuali, c\u00e2t \u0219i cump\u0103r\u0103torii angro, oferind produse fiabile care combin\u0103 performan\u021be puternice, design elegant \u0219i pre\u021buri competitive.<\/p>\n<h2 data-start=\"2064\" data-end=\"2115\">\u00centreb\u0103ri frecvente despre Vozol Star 40000 Puff Disposable Vape<\/h2>\n<p data-start=\"2117\" data-end=\"2283\"><strong data-start=\"2117\" data-end=\"2171\">1. C\u00e2te pufuri ofer\u0103 Vozol Star 40K?<\/strong><br data-start=\"2171\" data-end=\"2174\" \/>Fiecare dispozitiv ofer\u0103 p\u00e2n\u0103 la <strong data-start=\"2199\" data-end=\"2215\">40.000 de pufuri<\/strong>, fiind unul dintre cele mai durabile vapes de unic\u0103 folosin\u021b\u0103 din Europa.<\/p>\n<p data-start=\"2285\" data-end=\"2429\"><strong data-start=\"2285\" data-end=\"2327\">2. Este Vozol Star 40K re\u00eenc\u0103rcabil?<\/strong><br data-start=\"2327\" data-end=\"2330\" \/>Da, are un <strong data-start=\"2349\" data-end=\"2402\">Baterie re\u00eenc\u0103rcabil\u0103 de 1000mAh cu \u00eenc\u0103rcare Type-C<\/strong>, asigur\u00e2nd utilizare pe termen lung.<\/p>\n<p data-start=\"2431\" data-end=\"2632\"><strong data-start=\"2431\" data-end=\"2503\">3. Ce face ca Vozol Star 40000 s\u0103 fie diferit de alte vapes de unic\u0103 folosin\u021b\u0103?<\/strong><br data-start=\"2503\" data-end=\"2506\" \/>Combin\u0103 <strong data-start=\"2518\" data-end=\"2537\">rezisten\u021be dual mesh<\/strong>, <strong data-start=\"2539\" data-end=\"2560\">moduri duale de vapat<\/strong>\u0219i <strong data-start=\"2566\" data-end=\"2588\">flux de aer reglabil<\/strong>, oferind flexibilitate \u0219i gust superior.<\/p>\n<p data-start=\"2634\" data-end=\"2841\"><strong data-start=\"2634\" data-end=\"2668\">4. Ce arome sunt disponibile?<\/strong><br data-start=\"2668\" data-end=\"2671\" \/>Exist\u0103 <strong data-start=\"2681\" data-end=\"2695\">24 de arome<\/strong> inclusiv amestecuri fructate precum <strong data-start=\"2725\" data-end=\"2740\">Mango Piersic\u0103<\/strong>, op\u021biuni r\u0103coritoare precum <strong data-start=\"2766\" data-end=\"2779\">Ment\u0103 Rece<\/strong>, \u0219i amestecuri unice precum <strong data-start=\"2806\" data-end=\"2838\">Cherimoya Grapefruit Berries<\/strong>.<\/p>\n<p data-start=\"2843\" data-end=\"3067\"><strong data-start=\"2843\" data-end=\"2905\">5. De ce este Vozol Star 40K popular printre cump\u0103r\u0103torii en gros?<\/strong><br data-start=\"2905\" data-end=\"2908\" \/>Are <strong data-start=\"2915\" data-end=\"2980\">cerere puternic\u0103, calitate premium a construc\u021biei \u0219i num\u0103r extins de pufuri<\/strong>, permi\u021b\u00e2nd angrosistilor s\u0103 beneficieze de marje de profit mai bune la o <strong data-start=\"3039\" data-end=\"3064\">pre\u021b en gros ieftin<\/strong>.<\/p>\n<\/div>\n<\/div>\n<\/div>\n<\/div>","protected":false},"excerpt":{"rendered":"<p><strong data-start=\"108\" data-end=\"144\">Vozol Star 40000 Vape de unic\u0103 folosin\u021b\u0103<\/strong> ofer\u0103 p\u00e2n\u0103 la <strong data-start=\"160\" data-end=\"173\">40K pufuri<\/strong> cu <strong data-start=\"179\" data-end=\"198\">rezisten\u021be dual mesh<\/strong>, un <strong data-start=\"202\" data-end=\"241\">Baterie re\u00eenc\u0103rcabil\u0103 de 1000mAh cu USB-C<\/strong>\u0219i <strong data-start=\"247\" data-end=\"266\" data-is-only-node=\"\">25 arome \u00eendr\u0103zne\u021be<\/strong>. Conceput cu un sistem cu dublu mod \u0219i flux de aer reglabil, este <strong data-start=\"334\" data-end=\"363\">cel mai bun vape de unic\u0103 folosin\u021b\u0103 2025<\/strong> pentru gust linistit \u0219i performan\u021b\u0103 de durat\u0103 \u00eendelungat\u0103 la un <strong data-start=\"415\" data-end=\"440\">pre\u021b en gros ieftin<\/strong>.<\/p>\n<p><strong>Ad\u0103uga\u021bi-o pe Amy pe WhatsApp pentru a ob\u021bine un r\u0103spuns corect \u0219i un pre\u021b redus!<\/strong><\/p>\n<p><img fetchpriority=\"high\" decoding=\"async\" class=\"size-full wp-image-2932\" src=\"https:\/\/vapestornado.com\/wp-content\/uploads\/2024\/12\/Vape-Wholesale.jpg\" alt=\"\u021aig\u0103ri electronice cu ridicata\" width=\"229\" height=\"300\" \/><\/p>\n<h3><a href=\"https:\/\/wa.me\/8617776015835\"><span style=\"color: #ff0000;\"><strong>WhatsApp: +86 17776015835<\/strong><\/span><\/a><\/h3>","protected":false},"featured_media":4344,"comment_status":"open","ping_status":"closed","template":"","meta":{"_acf_changed":false,"_uag_custom_page_level_css":"","_lmt_disableupdate":"no","_lmt_disable":"","_monsterinsights_skip_tracking":false,"_monsterinsights_sitenote_active":false,"_monsterinsights_sitenote_note":"","_monsterinsights_sitenote_category":0,"site-sidebar-layout":"default","site-content-layout":"","ast-site-content-layout":"default","site-content-style":"default","site-sidebar-style":"default","ast-global-header-display":"","ast-banner-title-visibility":"","ast-main-header-display":"","ast-hfb-above-header-display":"","ast-hfb-below-header-display":"","ast-hfb-mobile-header-display":"","site-post-title":"","ast-breadcrumbs-content":"","ast-featured-img":"","footer-sml-layout":"","ast-disable-related-posts":"","theme-transparent-header-meta":"default","adv-header-id-meta":"","stick-header-meta":"","header-above-stick-meta":"","header-main-stick-meta":"","header-below-stick-meta":"","astra-migrate-meta-layouts":"set","ast-page-background-enabled":"default","ast-page-background-meta":{"desktop":{"background-color":"","background-image":"","background-repeat":"repeat","background-position":"center center","background-size":"auto","background-attachment":"scroll","background-type":"","background-media":"","overlay-type":"","overlay-color":"","overlay-opacity":"","overlay-gradient":""},"tablet":{"background-color":"","background-image":"","background-repeat":"repeat","background-position":"center center","background-size":"auto","background-attachment":"scroll","background-type":"","background-media":"","overlay-type":"","overlay-color":"","overlay-opacity":"","overlay-gradient":""},"mobile":{"background-color":"","background-image":"","background-repeat":"repeat","background-position":"center center","background-size":"auto","background-attachment":"scroll","background-type":"","background-media":"","overlay-type":"","overlay-color":"","overlay-opacity":"","overlay-gradient":""}},"ast-content-background-meta":{"desktop":{"background-color":"var(--ast-global-color-5)","background-image":"","background-repeat":"repeat","background-position":"center center","background-size":"auto","background-attachment":"scroll","background-type":"","background-media":"","overlay-type":"","overlay-color":"","overlay-opacity":"","overlay-gradient":""},"tablet":{"background-color":"var(--ast-global-color-5)","background-image":"","background-repeat":"repeat","background-position":"center center","background-size":"auto","background-attachment":"scroll","background-type":"","background-media":"","overlay-type":"","overlay-color":"","overlay-opacity":"","overlay-gradient":""},"mobile":{"background-color":"var(--ast-global-color-5)","background-image":"","background-repeat":"repeat","background-position":"center center","background-size":"auto","background-attachment":"scroll","background-type":"","background-media":"","overlay-type":"","overlay-color":"","overlay-opacity":"","overlay-gradient":""}},"_joinchat":{"telephone":"17776015835"}},"product_brand":[],"product_cat":[65,152,156,158,142,357,144,146,57],"product_tag":[363,365,361,362,220,364],"class_list":{"0":"post-4348","1":"product","2":"type-product","3":"status-publish","4":"has-post-thumbnail","6":"product_cat-40000-puff","7":"product_cat-buy-disposable-vapes-in-cermany","8":"product_cat-buy-disposable-vapes-in-poland","9":"product_cat-buy-disposable-vapes-in-spain","10":"product_cat-digital-box-disposable-vapes","11":"product_cat-flavor-adjustable-vape","12":"product_cat-low-nicotine-disposable-vapes","13":"product_cat-rechargeable-disposable-vapes","14":"product_cat-vozol-vape","15":"product_tag-best-disposable-vape-2025","16":"product_tag-original-vozol-vape","17":"product_tag-vozol-star-40000","18":"product_tag-vozol-star-40k-disposable-vape","19":"product_tag-vozol-vape","20":"product_tag-wholesale-cheap-price","21":"desktop-align-left","22":"tablet-align-left","23":"mobile-align-left","25":"first","26":"instock","27":"sale","28":"shipping-taxable","29":"purchasable","30":"product-type-simple"},"acf":[],"uagb_featured_image_src":{"full":["https:\/\/vapestornado.com\/wp-content\/uploads\/2025\/09\/VOZOL-STAR-40K-Puffs-Best-Vape-Brands.webp",800,800,false],"thumbnail":["https:\/\/vapestornado.com\/wp-content\/uploads\/2025\/09\/VOZOL-STAR-40K-Puffs-Best-Vape-Brands-150x150.webp",150,150,true],"medium":["https:\/\/vapestornado.com\/wp-content\/uploads\/2025\/09\/VOZOL-STAR-40K-Puffs-Best-Vape-Brands-300x300.webp",300,300,true],"medium_large":["https:\/\/vapestornado.com\/wp-content\/uploads\/2025\/09\/VOZOL-STAR-40K-Puffs-Best-Vape-Brands-768x768.webp",768,768,true],"large":["https:\/\/vapestornado.com\/wp-content\/uploads\/2025\/09\/VOZOL-STAR-40K-Puffs-Best-Vape-Brands.webp",800,800,false],"1536x1536":["https:\/\/vapestornado.com\/wp-content\/uploads\/2025\/09\/VOZOL-STAR-40K-Puffs-Best-Vape-Brands.webp",800,800,false],"2048x2048":["https:\/\/vapestornado.com\/wp-content\/uploads\/2025\/09\/VOZOL-STAR-40K-Puffs-Best-Vape-Brands.webp",800,800,false],"trp-custom-language-flag":["https:\/\/vapestornado.com\/wp-content\/uploads\/2025\/09\/VOZOL-STAR-40K-Puffs-Best-Vape-Brands-12x12.webp",12,12,true],"woocommerce_thumbnail":["https:\/\/vapestornado.com\/wp-content\/uploads\/2025\/09\/VOZOL-STAR-40K-Puffs-Best-Vape-Brands-300x300.webp",300,300,true],"woocommerce_single":["https:\/\/vapestornado.com\/wp-content\/uploads\/2025\/09\/VOZOL-STAR-40K-Puffs-Best-Vape-Brands-600x600.webp",600,600,true],"woocommerce_gallery_thumbnail":["https:\/\/vapestornado.com\/wp-content\/uploads\/2025\/09\/VOZOL-STAR-40K-Puffs-Best-Vape-Brands-100x100.webp",100,100,true]},"uagb_author_info":{"display_name":"ESAMY","author_link":"https:\/\/vapestornado.com\/ro\/author\/"},"uagb_comment_info":1,"uagb_excerpt":"Vozol Star 40000 Disposable Vape delivers up to 40K puffs with dual mesh coils, a 1000mAh Type-C rechargeable battery, and 25 bold flavors. Designed with a dual-mode system and adjustable airflow, it\u2019s the best disposable vape 2025 for smooth taste and long-lasting performance at a wholesale cheap price. Add Amy's whatsapp to get right reply&hellip;","_links":{"self":[{"href":"https:\/\/vapestornado.com\/ro\/wp-json\/wp\/v2\/product\/4348","targetHints":{"allow":["GET"]}}],"collection":[{"href":"https:\/\/vapestornado.com\/ro\/wp-json\/wp\/v2\/product"}],"about":[{"href":"https:\/\/vapestornado.com\/ro\/wp-json\/wp\/v2\/types\/product"}],"replies":[{"embeddable":true,"href":"https:\/\/vapestornado.com\/ro\/wp-json\/wp\/v2\/comments?post=4348"}],"wp:featuredmedia":[{"embeddable":true,"href":"https:\/\/vapestornado.com\/ro\/wp-json\/wp\/v2\/media\/4344"}],"wp:attachment":[{"href":"https:\/\/vapestornado.com\/ro\/wp-json\/wp\/v2\/media?parent=4348"}],"wp:term":[{"taxonomy":"product_brand","embeddable":true,"href":"https:\/\/vapestornado.com\/ro\/wp-json\/wp\/v2\/product_brand?post=4348"},{"taxonomy":"product_cat","embeddable":true,"href":"https:\/\/vapestornado.com\/ro\/wp-json\/wp\/v2\/product_cat?post=4348"},{"taxonomy":"product_tag","embeddable":true,"href":"https:\/\/vapestornado.com\/ro\/wp-json\/wp\/v2\/product_tag?post=4348"}],"curies":[{"name":"wp","href":"https:\/\/api.w.org\/{rel}","templated":true}]}}