{"id":4339,"date":"2025-09-16T08:10:51","date_gmt":"2025-09-16T08:10:51","guid":{"rendered":"https:\/\/vapestornado.com\/?post_type=product&#038;p=4339"},"modified":"2025-09-16T09:18:02","modified_gmt":"2025-09-16T09:18:02","slug":"bang-leader-110k-110000-puffs-6-in-1-flavors-2-nicotine-disposable-vape-wholesale-price","status":"publish","type":"product","link":"https:\/\/vapestornado.com\/ro\/product\/bang-leader-110k-110000-puffs-6-in-1-flavors-2-nicotine-disposable-vape-wholesale-price\/","title":{"rendered":"Bang Leader 110k 110000 Pufuri 6 \u00een 1 Arome 2% Nicotin\u0103 Vape de unic\u0103 folosin\u021b\u0103 Pre\u021b en-gros"},"content":{"rendered":"<h2 data-pm-slice=\"1 1 []\">Bang Leader 110k 110000 Pufuri 6 \u00een 1 Arome 2% Nicotin\u0103 Vape de unic\u0103 folosin\u021b\u0103 Pre\u021b en-gros<\/h2>\n<p data-start=\"229\" data-end=\"623\"><strong data-start=\"273\" data-end=\"293\">Bang Leader 110K este<\/strong>\u00a0un punct de putere <strong data-start=\"308\" data-end=\"331\">stilou de vape de unic\u0103 folosin\u021b\u0103<\/strong> conceput pentru performan\u021b\u0103 \u0219i valoare angro. Proiectat av\u00e2nd \u00een vedere pia\u021ba european\u0103, acest dispozitiv ofer\u0103 un num\u0103r masiv de <strong data-start=\"454\" data-end=\"471\">110.000 de pufuri<\/strong>, alimentat de o <strong data-start=\"486\" data-end=\"524\">Baterie re\u00eenc\u0103rcabil\u0103 de 650mAh Type-C<\/strong> \u0219i sus\u021binut de un <strong data-start=\"544\" data-end=\"563\">afi\u0219aj digital<\/strong> care urm\u0103re\u0219te at\u00e2t nivelul uleiului, c\u00e2t \u0219i nivelul bateriei pentru control complet.<\/p>\n<p data-start=\"625\" data-end=\"1060\">Cu <strong data-start=\"630\" data-end=\"656\">Rota\u021bie de arome 6-\u00een-1<\/strong>, utilizatorii se bucur\u0103 de o experien\u021b\u0103 de vaping premium \u2013 comut\u00e2nd \u00eentre amestecuri vibrante de fructe \u0219i lovituri r\u0103coroase f\u0103r\u0103 amestecarea aromelor. Sus\u021binut de <strong data-start=\"789\" data-end=\"818\">tehnologia bobinei cu plas\u0103 quad<\/strong>, fiecare tragere este fin\u0103, consistent\u0103 \u0219i satisf\u0103c\u0103toare. Cel <strong data-start=\"873\" data-end=\"902\">op\u021biuni de nicotin\u0103 de 2% \u0219i 5%<\/strong> \u00eel face potrivit at\u00e2t pentru utilizatorii ocazionali, c\u00e2t \u0219i pentru cei puternici, adres\u00e2ndu-se direct vaperilor care cer stil, for\u021b\u0103 \u0219i rezisten\u021b\u0103.<\/p>\n<p data-start=\"1062\" data-end=\"1408\">Pentru angrosi\u0219ti, modelul <strong data-start=\"1083\" data-end=\"1110\">Bang Leader 110000 Pufuri<\/strong> nu este doar un vape de unic\u0103 folosin\u021b\u0103 - este un best-seller cu o cerere puternic\u0103 repetat\u0103. A lui <strong data-start=\"1185\" data-end=\"1203\">design premium<\/strong>, num\u0103rul mare de pufuri \u0219i aromele echilibrate creeaz\u0103 marje de v\u00e2nzare cu am\u0103nuntul puternice \u0219i reduc reclama\u021biile clien\u021bilor, f\u0103c\u00e2ndu-l alegerea ideal\u0103 pentru cump\u0103r\u0103torii en-gros care caut\u0103 <strong data-start=\"1355\" data-end=\"1395\">vape de unic\u0103 folosin\u021b\u0103 la cel mai bun pre\u021b angro<\/strong> \u00een Europa.<\/p>\n<p><strong><span style=\"color: #ff0000;\">Adaug\u0103 whatsapp-ul lui Amy pentru a primi r\u0103spuns imediat \u0219i un cupon de vape!<\/span><\/strong><\/p>\n<p><img fetchpriority=\"high\" decoding=\"async\" class=\"size-full wp-image-2932\" src=\"https:\/\/vapestornado.com\/wp-content\/uploads\/2024\/12\/Vape-Wholesale.jpg\" alt=\"\u021aig\u0103ri electronice cu ridicata\" width=\"229\" height=\"300\" \/><\/p>\n<h3><a href=\"https:\/\/wa.me\/8617776015835\" target=\"_blank\" rel=\"noopener\"><span style=\"color: #ff0000;\"><strong>WhatsApp: +86 17776015835<\/strong><\/span><\/a><\/h3>\n<p>&nbsp;<\/p>\n<h2><strong>Caracteristicile produsului Bang Leader 110k 110000 Pufuri<\/strong><\/h2>\n<p>Pufuri: 110000 Pufuri<br \/>\n6 \u00een 1 Patru Arome<br \/>\nConcentra\u021bie de nicotin\u0103: 2%\/5%<br \/>\nBaterie: 650mah<br \/>\nRe\u00eenc\u0103rcabil: Type-C<br \/>\nEcran LED (Ecran inteligent) pentru ulei si baterie<\/p>\n<h2 class=\"product-title\"><strong>Lista de arome Bang Leader 110k Puff<\/strong><\/h2>\n<ol data-start=\"232\" data-end=\"874\">\n<li data-start=\"232\" data-end=\"298\">\n<p data-start=\"235\" data-end=\"298\"><strong data-start=\"235\" data-end=\"296\">Pepene verde cu ghea\u021b\u0103 \/ Mamba cu c\u0103p\u0219uni \/ Pepene verde cu c\u0103p\u0219uni<\/strong><\/p>\n<\/li>\n<li data-start=\"299\" data-end=\"351\">\n<p data-start=\"302\" data-end=\"351\"><strong data-start=\"302\" data-end=\"349\">Ghea\u021b\u0103 Fuji \/ Struguri cu mere \/ Cire\u0219e cu rodie<\/strong><\/p>\n<\/li>\n<li data-start=\"352\" data-end=\"415\">\n<p data-start=\"355\" data-end=\"415\"><strong data-start=\"355\" data-end=\"413\">Afine cu ghea\u021b\u0103 \/ Zmeur\u0103 cu l\u0103m\u00e2ie \/ Gum\u0103 de mestecat cu pepene verde<\/strong><\/p>\n<\/li>\n<li data-start=\"416\" data-end=\"500\">\n<p data-start=\"419\" data-end=\"500\"><strong data-start=\"419\" data-end=\"498\">Afine Zmeur\u0103 \/ Ananas acru Portocale \/ Zmeur\u0103 Pepeni verzi<\/strong><\/p>\n<\/li>\n<li data-start=\"501\" data-end=\"556\">\n<p data-start=\"504\" data-end=\"556\"><strong data-start=\"504\" data-end=\"554\">Struguri cu ghea\u021b\u0103 \/ Mango Piersic\u0103 \/ Afine Pepene verde<\/strong><\/p>\n<\/li>\n<li data-start=\"557\" data-end=\"621\">\n<p data-start=\"560\" data-end=\"621\"><strong data-start=\"560\" data-end=\"619\">C\u0103p\u0219uni cu ghea\u021b\u0103 \/ Piersic\u0103 cu l\u0103m\u00e2ie \/ Kiwi Fructul pasiunii Guava<\/strong><\/p>\n<\/li>\n<li data-start=\"622\" data-end=\"686\">\n<p data-start=\"625\" data-end=\"686\"><strong data-start=\"625\" data-end=\"684\">Ananas Nuc\u0103 de cocos \/ Afine Red Bull \/ Pepene verde cu ghea\u021b\u0103<\/strong><\/p>\n<\/li>\n<li data-start=\"687\" data-end=\"745\">\n<p data-start=\"690\" data-end=\"745\"><strong data-start=\"690\" data-end=\"743\">C\u0103p\u0219uni Kiwi \/ Afine Nuc\u0103 de cocos \/ Fructe de p\u0103dure amestecate<\/strong><\/p>\n<\/li>\n<li data-start=\"746\" data-end=\"806\">\n<p data-start=\"749\" data-end=\"806\"><strong data-start=\"749\" data-end=\"804\">Romantism cu l\u0103m\u00e2ie \/ Afine Zmeur\u0103 \/ Piersic\u0103 Mentol<\/strong><\/p>\n<\/li>\n<li data-start=\"807\" data-end=\"874\">\n<p data-start=\"811\" data-end=\"874\"><strong data-start=\"811\" data-end=\"872\">Piersic\u0103 cu ghea\u021b\u0103 \/ Coac\u0103ze negre Ananas cu ghea\u021b\u0103 \/ M\u0103r verde Kiwi<\/strong><\/p>\n<\/li>\n<\/ol>\n<div class=\"flex-shrink-0 flex flex-col relative items-end\">\n<div class=\"pt-0\">\n<div class=\"gizmo-bot-avatar flex h-8 w-8 items-center justify-center overflow-hidden rounded-full\">\n<div class=\"relative p-1 rounded-sm flex items-center justify-center bg-token-main-surface-primary text-token-text-primary h-8 w-8\">\n<figure id=\"attachment_4333\" aria-describedby=\"caption-attachment-4333\" style=\"width: 300px\" class=\"wp-caption alignnone\"><img decoding=\"async\" class=\"size-medium wp-image-4333\" src=\"https:\/\/vapestornado.com\/wp-content\/uploads\/2025\/09\/Bang-110k-110000-Puffs-Disposable-Vape-300x300.webp\" alt=\"Bang 110k 110000 Pufuri Vape de unic\u0103 folosin\u021b\u0103\" width=\"300\" height=\"300\" srcset=\"https:\/\/vapestornado.com\/wp-content\/uploads\/2025\/09\/Bang-110k-110000-Puffs-Disposable-Vape-300x300.webp 300w, https:\/\/vapestornado.com\/wp-content\/uploads\/2025\/09\/Bang-110k-110000-Puffs-Disposable-Vape-150x150.webp 150w, https:\/\/vapestornado.com\/wp-content\/uploads\/2025\/09\/Bang-110k-110000-Puffs-Disposable-Vape-768x768.webp 768w, https:\/\/vapestornado.com\/wp-content\/uploads\/2025\/09\/Bang-110k-110000-Puffs-Disposable-Vape-12x12.webp 12w, https:\/\/vapestornado.com\/wp-content\/uploads\/2025\/09\/Bang-110k-110000-Puffs-Disposable-Vape-600x600.webp 600w, https:\/\/vapestornado.com\/wp-content\/uploads\/2025\/09\/Bang-110k-110000-Puffs-Disposable-Vape-100x100.webp 100w, https:\/\/vapestornado.com\/wp-content\/uploads\/2025\/09\/Bang-110k-110000-Puffs-Disposable-Vape.webp 800w\" sizes=\"(max-width: 300px) 100vw, 300px\" \/><figcaption id=\"caption-attachment-4333\" class=\"wp-caption-text\">Bang 110k 110000 Pufuri Vape de unic\u0103 folosin\u021b\u0103<\/figcaption><\/figure>\n<h2 data-start=\"435\" data-end=\"491\"><strong data-start=\"439\" data-end=\"489\">De ce s\u0103 alege\u021bi stiloul de vape de unic\u0103 folosin\u021b\u0103 Bang Leader 110k?<\/strong><\/h2>\n<\/div>\n<ul data-start=\"276\" data-end=\"737\">\n<li data-start=\"276\" data-end=\"341\">\n<p data-start=\"278\" data-end=\"341\"><strong data-start=\"281\" data-end=\"298\">110.000 de pufuri<\/strong> \u2013 stilou de vape de unic\u0103 folosin\u021b\u0103 ultra-rezistent<\/p>\n<\/li>\n<li data-start=\"342\" data-end=\"424\">\n<p data-start=\"344\" data-end=\"424\"><strong data-start=\"347\" data-end=\"385\">Baterie re\u00eenc\u0103rcabil\u0103 de tip C de 650 mAh<\/strong> \u2013 putere eficient\u0103 cu \u00eenc\u0103rcare rapid\u0103<\/p>\n<\/li>\n<li data-start=\"425\" data-end=\"499\">\n<p data-start=\"427\" data-end=\"499\"><strong data-start=\"430\" data-end=\"455\">Afi\u0219aj Digital Inteligent<\/strong> \u2013 indic\u0103 nivelul uleiului<\/p>\n<\/li>\n<li data-start=\"500\" data-end=\"578\">\n<p data-start=\"502\" data-end=\"578\"><strong data-start=\"505\" data-end=\"529\">Design de arom\u0103 6-\u00een-1<\/strong> \u2013 comuta\u021bi \u00eentre \u0219ase amestecuri premium, f\u0103r\u0103 amestecare<\/p>\n<\/li>\n<li data-start=\"579\" data-end=\"655\">\n<p data-start=\"581\" data-end=\"655\"><strong data-start=\"584\" data-end=\"611\">Op\u021biuni de nicotin\u0103 2% \/ 5%<\/strong> \u2013 adaptat pentru pia\u021ba masculin\u0103 din Rom\u00e2nia cu v\u00e2rste cuprinse \u00eentre 25 \u0219i 35 de ani<\/p>\n<\/li>\n<li data-start=\"656\" data-end=\"737\">\n<p data-start=\"658\" data-end=\"737\"><strong data-start=\"660\" data-end=\"683\">Avantaj la pre\u021buri de angro<\/strong> \u2013 marje puternice, cerere repetat\u0103, rat\u0103 sc\u0103zut\u0103 de reclama\u021bii<\/p>\n<\/li>\n<\/ul>\n<\/div>\n<\/div>\n<\/div>\n<div class=\"flex-shrink-0 flex flex-col relative items-end\">\n<div class=\"pt-0\">\n<div class=\"gizmo-bot-avatar flex h-8 w-8 items-center justify-center overflow-hidden rounded-full\">\n<div class=\"relative p-1 rounded-sm flex items-center justify-center bg-token-main-surface-primary text-token-text-primary h-8 w-8\">\n<h2 data-start=\"1200\" data-end=\"1487\">Capacitatea de 100K pufuri, designul re\u00eenc\u0103rcabil, aromele multiple \u0219i sistemul de rezisten\u021b\u0103 premium<\/h2>\n<p data-start=\"1200\" data-end=\"1487\"><strong data-start=\"213\" data-end=\"248\">ofer\u0103 o valoare excelent\u0103, f\u0103c\u00e2ndu-l o alegere fiabil\u0103 pentru comercian\u021bii cu am\u0103nuntul care vizeaz\u0103 grupa de v\u00e2rst\u0103 25-35 de ani.<\/strong> Vapes Tornado \u2013 Centrul dvs. angro pentru cele mai bune m\u0103rci de vape din Europa <strong data-start=\"403\" data-end=\"431\">cele mai populare m\u0103rci de vape<\/strong>, inclusiv <strong data-start=\"443\" data-end=\"502\"><a href=\"https:\/\/vapestornado.com\/ro\/product\/buy-authentic-waspe-100000-puffs-low-nicotine-disposable-vape-pen-at-wholesale-price\/\">\u021aIGAR\u0102 ELECTRONIC\u0102 WASPE<\/a>, BANGBOX VAPE, <a href=\"https:\/\/vapestornado.com\/ro\/product\/vozol-gear-power-20k-20000-puffs-vape-rechargeable-disposable-box-bulk-buy-cheap-price\/\">VOZOL VAPE<\/a><\/strong><strong data-start=\"443\" data-end=\"502\">\u0219i <a href=\"https:\/\/vapestornado.com\/ro\/product-category\/fumot-vape\/\">FUMOT VAPE<\/a><\/strong>. Magazinul nostru este construit pentru a servi at\u00e2t clien\u021bii individuali, c\u00e2t \u0219i cump\u0103r\u0103torii angro, oferind produse fiabile care combin\u0103 performan\u021be puternice, design elegant \u0219i pre\u021buri competitive.<\/p>\n<\/div>\n<\/div>\n<\/div>\n<\/div>","protected":false},"excerpt":{"rendered":"<p><strong data-start=\"108\" data-end=\"148\">Bang Leader 110K Stilou Vape de unic\u0103 folosin\u021b\u0103<\/strong> ofer\u0103 un num\u0103r masiv de <strong data-start=\"168\" data-end=\"185\">110.000 de pufuri<\/strong> cu un <strong data-start=\"193\" data-end=\"217\">sistem de arome 6-\u00een-1<\/strong>, oferind utilizatorilor o varietate de lung\u0103 durat\u0103 \u00een fiecare dispozitiv. Echipat cu op\u021biuni de <strong data-start=\"286\" data-end=\"324\">Baterie re\u00eenc\u0103rcabil\u0103 de 650mAh Type-C<\/strong>, <strong data-start=\"326\" data-end=\"345\" data-is-only-node=\"\">afi\u0219aj digital<\/strong>\u0219i <strong data-start=\"351\" data-end=\"379\">2% sau 5% nicotin\u0103<\/strong>, este proiectat pentru gust fin, performan\u021b\u0103 fiabil\u0103 \u0219i valoare maxim\u0103. Perfect pentru cump\u0103r\u0103torii angro care caut\u0103 un <strong data-start=\"497\" data-end=\"537\">vape de unic\u0103 folosin\u021b\u0103 la cel mai bun pre\u021b angro<\/strong>.<\/p>\n<p><strong>Ad\u0103uga\u021bi-o pe Amy pe WhatsApp pentru a ob\u021bine un r\u0103spuns corect \u0219i un pre\u021b redus!<\/strong><\/p>\n<p><img fetchpriority=\"high\" decoding=\"async\" class=\"size-full wp-image-2932\" src=\"https:\/\/vapestornado.com\/wp-content\/uploads\/2024\/12\/Vape-Wholesale.jpg\" alt=\"\u021aig\u0103ri electronice cu ridicata\" width=\"229\" height=\"300\" \/><\/p>\n<h3><a href=\"https:\/\/wa.me\/8617776015835\"><span style=\"color: #ff0000;\"><strong>WhatsApp: +86 17776015835<\/strong><\/span><\/a><\/h3>","protected":false},"featured_media":4338,"comment_status":"open","ping_status":"closed","template":"","meta":{"_acf_changed":false,"_uag_custom_page_level_css":"","_lmt_disableupdate":"no","_lmt_disable":"","_monsterinsights_skip_tracking":false,"_monsterinsights_sitenote_active":false,"_monsterinsights_sitenote_note":"","_monsterinsights_sitenote_category":0,"site-sidebar-layout":"default","site-content-layout":"","ast-site-content-layout":"default","site-content-style":"default","site-sidebar-style":"default","ast-global-header-display":"","ast-banner-title-visibility":"","ast-main-header-display":"","ast-hfb-above-header-display":"","ast-hfb-below-header-display":"","ast-hfb-mobile-header-display":"","site-post-title":"","ast-breadcrumbs-content":"","ast-featured-img":"","footer-sml-layout":"","ast-disable-related-posts":"","theme-transparent-header-meta":"default","adv-header-id-meta":"","stick-header-meta":"","header-above-stick-meta":"","header-main-stick-meta":"","header-below-stick-meta":"","astra-migrate-meta-layouts":"set","ast-page-background-enabled":"default","ast-page-background-meta":{"desktop":{"background-color":"","background-image":"","background-repeat":"repeat","background-position":"center center","background-size":"auto","background-attachment":"scroll","background-type":"","background-media":"","overlay-type":"","overlay-color":"","overlay-opacity":"","overlay-gradient":""},"tablet":{"background-color":"","background-image":"","background-repeat":"repeat","background-position":"center center","background-size":"auto","background-attachment":"scroll","background-type":"","background-media":"","overlay-type":"","overlay-color":"","overlay-opacity":"","overlay-gradient":""},"mobile":{"background-color":"","background-image":"","background-repeat":"repeat","background-position":"center center","background-size":"auto","background-attachment":"scroll","background-type":"","background-media":"","overlay-type":"","overlay-color":"","overlay-opacity":"","overlay-gradient":""}},"ast-content-background-meta":{"desktop":{"background-color":"var(--ast-global-color-5)","background-image":"","background-repeat":"repeat","background-position":"center center","background-size":"auto","background-attachment":"scroll","background-type":"","background-media":"","overlay-type":"","overlay-color":"","overlay-opacity":"","overlay-gradient":""},"tablet":{"background-color":"var(--ast-global-color-5)","background-image":"","background-repeat":"repeat","background-position":"center center","background-size":"auto","background-attachment":"scroll","background-type":"","background-media":"","overlay-type":"","overlay-color":"","overlay-opacity":"","overlay-gradient":""},"mobile":{"background-color":"var(--ast-global-color-5)","background-image":"","background-repeat":"repeat","background-position":"center center","background-size":"auto","background-attachment":"scroll","background-type":"","background-media":"","overlay-type":"","overlay-color":"","overlay-opacity":"","overlay-gradient":""}},"_joinchat":{"telephone":"17776015835"}},"product_brand":[],"product_cat":[62,152,156,158,142,357,144,146],"product_tag":[360,358,196,355,359,354],"class_list":{"0":"post-4339","1":"product","2":"type-product","3":"status-publish","4":"has-post-thumbnail","6":"product_cat-bang-vape","7":"product_cat-buy-disposable-vapes-in-cermany","8":"product_cat-buy-disposable-vapes-in-poland","9":"product_cat-buy-disposable-vapes-in-spain","10":"product_cat-digital-box-disposable-vapes","11":"product_cat-flavor-adjustable-vape","12":"product_cat-low-nicotine-disposable-vapes","13":"product_cat-rechargeable-disposable-vapes","14":"product_tag-bang-leader-110000-puff","15":"product_tag-bang-leader-110k","16":"product_tag-bang-vape","17":"product_tag-big-puff-vape","18":"product_tag-cheapest-vape","19":"product_tag-flavor-adjustable-vape","20":"desktop-align-left","21":"tablet-align-left","22":"mobile-align-left","24":"first","25":"instock","26":"sale","27":"shipping-taxable","28":"purchasable","29":"product-type-simple"},"acf":[],"uagb_featured_image_src":{"full":["https:\/\/vapestornado.com\/wp-content\/uploads\/2025\/09\/Bang-Leader-110000-Puffs-110K-6-in-1-Flavors-Vape-Pen.webp",800,800,false],"thumbnail":["https:\/\/vapestornado.com\/wp-content\/uploads\/2025\/09\/Bang-Leader-110000-Puffs-110K-6-in-1-Flavors-Vape-Pen-150x150.webp",150,150,true],"medium":["https:\/\/vapestornado.com\/wp-content\/uploads\/2025\/09\/Bang-Leader-110000-Puffs-110K-6-in-1-Flavors-Vape-Pen-300x300.webp",300,300,true],"medium_large":["https:\/\/vapestornado.com\/wp-content\/uploads\/2025\/09\/Bang-Leader-110000-Puffs-110K-6-in-1-Flavors-Vape-Pen-768x768.webp",768,768,true],"large":["https:\/\/vapestornado.com\/wp-content\/uploads\/2025\/09\/Bang-Leader-110000-Puffs-110K-6-in-1-Flavors-Vape-Pen.webp",800,800,false],"1536x1536":["https:\/\/vapestornado.com\/wp-content\/uploads\/2025\/09\/Bang-Leader-110000-Puffs-110K-6-in-1-Flavors-Vape-Pen.webp",800,800,false],"2048x2048":["https:\/\/vapestornado.com\/wp-content\/uploads\/2025\/09\/Bang-Leader-110000-Puffs-110K-6-in-1-Flavors-Vape-Pen.webp",800,800,false],"trp-custom-language-flag":["https:\/\/vapestornado.com\/wp-content\/uploads\/2025\/09\/Bang-Leader-110000-Puffs-110K-6-in-1-Flavors-Vape-Pen-12x12.webp",12,12,true],"woocommerce_thumbnail":["https:\/\/vapestornado.com\/wp-content\/uploads\/2025\/09\/Bang-Leader-110000-Puffs-110K-6-in-1-Flavors-Vape-Pen-300x300.webp",300,300,true],"woocommerce_single":["https:\/\/vapestornado.com\/wp-content\/uploads\/2025\/09\/Bang-Leader-110000-Puffs-110K-6-in-1-Flavors-Vape-Pen-600x600.webp",600,600,true],"woocommerce_gallery_thumbnail":["https:\/\/vapestornado.com\/wp-content\/uploads\/2025\/09\/Bang-Leader-110000-Puffs-110K-6-in-1-Flavors-Vape-Pen-100x100.webp",100,100,true]},"uagb_author_info":{"display_name":"ESAMY","author_link":"https:\/\/vapestornado.com\/ro\/author\/"},"uagb_comment_info":0,"uagb_excerpt":"Bang Leader 110K Disposable Vape Pen delivers a massive 110,000 puffs with a 6-in-1 flavor system, giving users long-lasting variety in every device. Equipped with a 650mAh Type-C rechargeable battery, digital display, and 2% or 5% nicotin options, it\u2019s designed for smooth taste, reliable performance, and maximum value. Perfect for wholesale buyers looking for a&hellip;","_links":{"self":[{"href":"https:\/\/vapestornado.com\/ro\/wp-json\/wp\/v2\/product\/4339","targetHints":{"allow":["GET"]}}],"collection":[{"href":"https:\/\/vapestornado.com\/ro\/wp-json\/wp\/v2\/product"}],"about":[{"href":"https:\/\/vapestornado.com\/ro\/wp-json\/wp\/v2\/types\/product"}],"replies":[{"embeddable":true,"href":"https:\/\/vapestornado.com\/ro\/wp-json\/wp\/v2\/comments?post=4339"}],"wp:featuredmedia":[{"embeddable":true,"href":"https:\/\/vapestornado.com\/ro\/wp-json\/wp\/v2\/media\/4338"}],"wp:attachment":[{"href":"https:\/\/vapestornado.com\/ro\/wp-json\/wp\/v2\/media?parent=4339"}],"wp:term":[{"taxonomy":"product_brand","embeddable":true,"href":"https:\/\/vapestornado.com\/ro\/wp-json\/wp\/v2\/product_brand?post=4339"},{"taxonomy":"product_cat","embeddable":true,"href":"https:\/\/vapestornado.com\/ro\/wp-json\/wp\/v2\/product_cat?post=4339"},{"taxonomy":"product_tag","embeddable":true,"href":"https:\/\/vapestornado.com\/ro\/wp-json\/wp\/v2\/product_tag?post=4339"}],"curies":[{"name":"wp","href":"https:\/\/api.w.org\/{rel}","templated":true}]}}