{"id":4327,"date":"2025-09-03T09:16:53","date_gmt":"2025-09-03T09:16:53","guid":{"rendered":"https:\/\/vapestornado.com\/?post_type=product&#038;p=4327"},"modified":"2025-09-03T09:49:14","modified_gmt":"2025-09-03T09:49:14","slug":"uzy-100000-puff-100k-4-flavors-in-1-disposable-vape-best-wholesale-price-buy-online","status":"publish","type":"product","link":"https:\/\/vapestornado.com\/ro\/product\/uzy-100000-puff-100k-4-flavors-in-1-disposable-vape-best-wholesale-price-buy-online\/","title":{"rendered":"UZY 100000 Puf 100K 4 arome \u00een 1 Vape de unic\u0103 folosin\u021b\u0103 Cel mai bun pre\u021b cu ridicata Cump\u0103r\u0103 Online"},"content":{"rendered":"<h2 data-pm-slice=\"1 1 []\">UZY 100000 Puf 100K 4 arome \u00een 1 Vape de unic\u0103 folosin\u021b\u0103 Cel mai bun pre\u021b cu ridicata Cump\u0103r\u0103 Online<\/h2>\n<p data-start=\"340\" data-end=\"672\">Sistemul <strong data-start=\"344\" data-end=\"379\">UZY 100000 Puff Tigara Electronica de Unica Folosinta<\/strong> (cunoscut si ca <strong data-start=\"395\" data-end=\"407\">UZY 100K<\/strong>) este conceput pentru vaperi care doresc <strong data-start=\"438\" data-end=\"493\">capacitate maxima, aroma premium si design modern<\/strong> intr-un singur dispozitiv. Cu un incredibil <strong data-start=\"528\" data-end=\"547\">numar de 100K pufuri<\/strong> \u0219i o <strong data-start=\"554\" data-end=\"576\">rezervor de 56ml cu e-lichid<\/strong>, depaseste cu usurinta majoritatea tigarilor de unica folosinta, fiind o alegere inteligenta pentru angrosistii din Romania.<\/p>\n<h3 data-start=\"674\" data-end=\"702\">Tehnologie cu Patru Arome<\/h3>\n<p data-start=\"703\" data-end=\"953\">Bucura\u021bi-v\u0103 de <strong data-start=\"709\" data-end=\"743\">4 arome distincte intr-un singur dispozitiv<\/strong> fara a se amesteca intre camere. Cu peste <strong data-start=\"787\" data-end=\"820\">10 combinatii unice de arome<\/strong>, de la amestecuri fructate precum <em data-start=\"846\" data-end=\"869\">C\u0103p\u0219uni \u0219i Pepene Verde<\/em> la amestecuri indraznete precum <em data-start=\"889\" data-end=\"912\">Bautura Energizanta<\/em>, fiecare puf se simte proaspat si diferit.<\/p>\n<h3 data-start=\"955\" data-end=\"982\">Construit pentru Performanta<\/h3>\n<p data-start=\"983\" data-end=\"1259\">Echipat cu <strong data-start=\"997\" data-end=\"1023\">rezisten\u021be quad mesh (1.0\u03a9)<\/strong>, tigara electronica de unica folosinta UZY 100K ofera vapori fini si gust bogat la fiecare inhalare. <strong data-start=\"1095\" data-end=\"1133\">Baterie re\u00eenc\u0103rcabil\u0103 de 650mAh Type-C<\/strong> sustine dimensiunea mare a rezervorului, in timp ce <strong data-start=\"1174\" data-end=\"1195\">afi\u0219aj inteligent LED<\/strong> afiseaza in timp real nivelurile de baterie si e-lichid pentru control total.<\/p>\n<h3 data-start=\"1261\" data-end=\"1292\">Op\u021biuni Multiple de Nicotin\u0103<\/h3>\n<p data-start=\"1293\" data-end=\"1503\">Alege\u021bi dintre <strong data-start=\"1305\" data-end=\"1344\">concentratii de nicotina 0%, 2%, 3%, sau 5%<\/strong>, acest kit de vape de unica folosinta ofera atat utilizatorilor ocazionali, cat si fumatorilor inraiti o experienta personalizata. <strong data-start=\"1416\" data-end=\"1434\">design de cristal<\/strong> adauga un aspect premium, mentinand in acelasi timp dispozitivul durabil si portabil.<\/p>\n<p><strong><span style=\"color: #ff0000;\">Adaug\u0103 whatsapp-ul lui Amy pentru a primi r\u0103spuns imediat \u0219i un cupon de vape!<\/span><\/strong><\/p>\n<p><img fetchpriority=\"high\" decoding=\"async\" class=\"size-full wp-image-2932\" src=\"https:\/\/vapestornado.com\/wp-content\/uploads\/2024\/12\/Vape-Wholesale.jpg\" alt=\"\u021aig\u0103ri electronice cu ridicata\" width=\"229\" height=\"300\" \/><\/p>\n<h3><a href=\"https:\/\/wa.me\/8617776015835\" target=\"_blank\" rel=\"noopener\"><span style=\"color: #ff0000;\"><strong>WhatsApp: +86 17776015835<\/strong><\/span><\/a><\/h3>\n<p>&nbsp;<\/p>\n<h2><strong>UZY 100000 Puffs Caracteristici produs<\/strong><\/h2>\n<p>Pufuri: 100000 Pufuri<br \/>\n4 in 1 Patru arome<br \/>\nPatru rezistente Mesh: 1.0 ohmi<br \/>\nE-lichid: 56ml<br \/>\nConcentratie de nicotina: 0%\/2%\/3%\/5%<br \/>\nBaterie: 650mah<br \/>\nRe\u00eenc\u0103rcabil: Type-C<br \/>\nEcran LED (Ecran inteligent) pentru ulei si baterie<br \/>\nDESIGN CRISTAL<br \/>\nGreutate produs: 140g\/buc<br \/>\nCantitate: 120 buc\/cutie, 10 buc\/pachet<\/p>\n<figure id=\"attachment_4325\" aria-describedby=\"caption-attachment-4325\" style=\"width: 300px\" class=\"wp-caption alignnone\"><img decoding=\"async\" class=\"size-medium wp-image-4325\" src=\"https:\/\/vapestornado.com\/wp-content\/uploads\/2025\/09\/UZY-100K-100000-Puffs-4-in-1-Cheap-Vapes-300x300.webp\" alt=\"UZY 100K 100000 Pufuri 4 in 1 Vapes Ieftine\" width=\"300\" height=\"300\" srcset=\"https:\/\/vapestornado.com\/wp-content\/uploads\/2025\/09\/UZY-100K-100000-Puffs-4-in-1-Cheap-Vapes-300x300.webp 300w, https:\/\/vapestornado.com\/wp-content\/uploads\/2025\/09\/UZY-100K-100000-Puffs-4-in-1-Cheap-Vapes-150x150.webp 150w, https:\/\/vapestornado.com\/wp-content\/uploads\/2025\/09\/UZY-100K-100000-Puffs-4-in-1-Cheap-Vapes-768x768.webp 768w, https:\/\/vapestornado.com\/wp-content\/uploads\/2025\/09\/UZY-100K-100000-Puffs-4-in-1-Cheap-Vapes-12x12.webp 12w, https:\/\/vapestornado.com\/wp-content\/uploads\/2025\/09\/UZY-100K-100000-Puffs-4-in-1-Cheap-Vapes-600x600.webp 600w, https:\/\/vapestornado.com\/wp-content\/uploads\/2025\/09\/UZY-100K-100000-Puffs-4-in-1-Cheap-Vapes-100x100.webp 100w, https:\/\/vapestornado.com\/wp-content\/uploads\/2025\/09\/UZY-100K-100000-Puffs-4-in-1-Cheap-Vapes.webp 800w\" sizes=\"(max-width: 300px) 100vw, 300px\" \/><figcaption id=\"caption-attachment-4325\" class=\"wp-caption-text\">UZY 100K 100000 Pufuri 4 in 1 Vapes Ieftine<\/figcaption><\/figure>\n<h2 class=\"product-title\"><strong>UZY 100000 Pufuri Lista de arome<\/strong><\/h2>\n<p>01.Capsuni Pepene rosu<\/p>\n<p>02.Piersica gheata<\/p>\n<p>03.Afine gheata<\/p>\n<p>04.Cirese gheata<\/p>\n<p>05.Ghea\u021b\u0103 de afine<\/p>\n<p>06.Piersic\u0103, mango, ananas<\/p>\n<p>07.Fructe de p\u0103dure mixte<\/p>\n<p>08.Ghea\u021b\u0103 de c\u0103p\u0219uni<\/p>\n<p>09.Ghea\u021b\u0103 de pepene ro\u0219u<\/p>\n<p>10.C\u0103p\u0219uni cu mango<\/p>\n<div class=\"flex-shrink-0 flex flex-col relative items-end\">\n<div class=\"pt-0\">\n<div class=\"gizmo-bot-avatar flex h-8 w-8 items-center justify-center overflow-hidden rounded-full\">\n<div class=\"relative p-1 rounded-sm flex items-center justify-center bg-token-main-surface-primary text-token-text-primary h-8 w-8\">\n<h2 data-start=\"435\" data-end=\"491\"><\/h2>\n<h2 data-start=\"435\" data-end=\"491\"><strong data-start=\"439\" data-end=\"489\">De ce s\u0103 alegi \u021bigara electronic\u0103 de unic\u0103 folosin\u021b\u0103 UZY 100000 Puf?<\/strong><\/h2>\n<\/div>\n<ul>\n<li data-start=\"1546\" data-end=\"1620\">\n<p data-start=\"1548\" data-end=\"1620\"><strong data-start=\"1548\" data-end=\"1580\">Durat\u0103 de via\u021b\u0103 inegalabil\u0103 de 100.000 de pufuri<\/strong> \u2013 de 5 ori mai lung\u0103 dec\u00e2t a produselor de unic\u0103 folosin\u021b\u0103 standard<\/p>\n<\/li>\n<li data-start=\"1621\" data-end=\"1672\">\n<p data-start=\"1623\" data-end=\"1672\"><strong data-start=\"1623\" data-end=\"1649\">Adev\u0103rata separare a aromei<\/strong> \u2013 f\u0103r\u0103 amestecare nedorit\u0103<\/p>\n<\/li>\n<li data-start=\"1673\" data-end=\"1738\">\n<p data-start=\"1675\" data-end=\"1738\"><strong data-start=\"1675\" data-end=\"1697\">Componente Premium<\/strong> \u2013 mai pu\u021bine reclama\u021bii, mai mul\u021bi cump\u0103r\u0103tori fideli<\/p>\n<\/li>\n<li data-start=\"1739\" data-end=\"1809\">\n<p data-start=\"1741\" data-end=\"1809\"><strong data-start=\"1741\" data-end=\"1763\">Cerere Mare pe Pia\u021b\u0103<\/strong> \u2013 marje de rev\u00e2nzare puternice \u00een \u021b\u0103rile UE<\/p>\n<\/li>\n<\/ul>\n<\/div>\n<\/div>\n<\/div>\n<div class=\"flex-shrink-0 flex flex-col relative items-end\">\n<div class=\"pt-0\">\n<div class=\"gizmo-bot-avatar flex h-8 w-8 items-center justify-center overflow-hidden rounded-full\">\n<div class=\"relative p-1 rounded-sm flex items-center justify-center bg-token-main-surface-primary text-token-text-primary h-8 w-8\">\n<h2 data-start=\"1200\" data-end=\"1487\">Capacitatea de 100K pufuri, designul re\u00eenc\u0103rcabil, aromele multiple \u0219i sistemul de rezisten\u021b\u0103 premium<\/h2>\n<p data-start=\"1200\" data-end=\"1487\"><strong data-start=\"213\" data-end=\"248\">ofer\u0103 o valoare excelent\u0103, f\u0103c\u00e2ndu-l o alegere fiabil\u0103 pentru comercian\u021bii cu am\u0103nuntul care vizeaz\u0103 grupa de v\u00e2rst\u0103 25-35 de ani.<\/strong> Vapes Tornado \u2013 Centrul dvs. angro pentru cele mai bune m\u0103rci de vape din Europa <strong data-start=\"403\" data-end=\"431\">cele mai populare m\u0103rci de vape<\/strong>, inclusiv <strong data-start=\"443\" data-end=\"502\"><a href=\"https:\/\/vapestornado.com\/ro\/product-category\/aivono-vape\/\">AIVONO VAPE<\/a>, BANGBOX VAPE, <a href=\"https:\/\/vapestornado.com\/ro\/product-category\/elf-bar-vape\/\">Vape ELF BAR<\/a>\u0219i <a href=\"https:\/\/vapestornado.com\/ro\/product-category\/fumot-vape\/\">FUMOT VAPE<\/a><\/strong>. Magazinul nostru este construit pentru a servi at\u00e2t clien\u021bii individuali, c\u00e2t \u0219i cump\u0103r\u0103torii angro, oferind produse fiabile care combin\u0103 performan\u021be puternice, design elegant \u0219i pre\u021buri competitive.<\/p>\n<\/div>\n<\/div>\n<\/div>\n<\/div>","protected":false},"excerpt":{"rendered":"<p data-start=\"274\" data-end=\"349\"><strong data-start=\"274\" data-end=\"347\">UZY 100000 Puff 100K \u021aigar\u0103 Electronic\u0103 de Unic\u0103 Folosin\u021b\u0103 35000 Puffs Distribu\u021bie en-gros \u00een Europa<\/strong><\/p>\n<p data-start=\"353\" data-end=\"426\"><strong data-start=\"353\" data-end=\"424\">Vape de unic\u0103 folosin\u021b\u0103 UZY 100000 Puf 100K cu afi\u0219aj digital<\/strong><\/p>\n<p data-start=\"430\" data-end=\"494\"><strong data-start=\"430\" data-end=\"492\">Cump\u0103r\u0103 online UZY 100000 Puff 100K Puff \u021aigar\u0103 Electronic\u0103 \u2013 Cel Mai Bun Pre\u021b Redus<\/strong><\/p>\n<p><strong>Ad\u0103uga\u021bi-o pe Amy pe WhatsApp pentru a ob\u021bine un r\u0103spuns corect \u0219i un pre\u021b redus!<\/strong><\/p>\n<p><img fetchpriority=\"high\" decoding=\"async\" class=\"size-full wp-image-2932\" src=\"https:\/\/vapestornado.com\/wp-content\/uploads\/2024\/12\/Vape-Wholesale.jpg\" alt=\"\u021aig\u0103ri electronice cu ridicata\" width=\"229\" height=\"300\" \/><\/p>\n<h3><a href=\"https:\/\/wa.me\/8617776015835\"><span style=\"color: #ff0000;\"><strong>WhatsApp: +86 17776015835<\/strong><\/span><\/a><\/h3>\n<p>&nbsp;<\/p>","protected":false},"featured_media":4323,"comment_status":"open","ping_status":"closed","template":"","meta":{"_acf_changed":false,"_uag_custom_page_level_css":"","_lmt_disableupdate":"no","_lmt_disable":"","_monsterinsights_skip_tracking":false,"_monsterinsights_sitenote_active":false,"_monsterinsights_sitenote_note":"","_monsterinsights_sitenote_category":0,"site-sidebar-layout":"default","site-content-layout":"","ast-site-content-layout":"default","site-content-style":"default","site-sidebar-style":"default","ast-global-header-display":"","ast-banner-title-visibility":"","ast-main-header-display":"","ast-hfb-above-header-display":"","ast-hfb-below-header-display":"","ast-hfb-mobile-header-display":"","site-post-title":"","ast-breadcrumbs-content":"","ast-featured-img":"","footer-sml-layout":"","ast-disable-related-posts":"","theme-transparent-header-meta":"default","adv-header-id-meta":"","stick-header-meta":"","header-above-stick-meta":"","header-main-stick-meta":"","header-below-stick-meta":"","astra-migrate-meta-layouts":"set","ast-page-background-enabled":"default","ast-page-background-meta":{"desktop":{"background-color":"","background-image":"","background-repeat":"repeat","background-position":"center center","background-size":"auto","background-attachment":"scroll","background-type":"","background-media":"","overlay-type":"","overlay-color":"","overlay-opacity":"","overlay-gradient":""},"tablet":{"background-color":"","background-image":"","background-repeat":"repeat","background-position":"center center","background-size":"auto","background-attachment":"scroll","background-type":"","background-media":"","overlay-type":"","overlay-color":"","overlay-opacity":"","overlay-gradient":""},"mobile":{"background-color":"","background-image":"","background-repeat":"repeat","background-position":"center center","background-size":"auto","background-attachment":"scroll","background-type":"","background-media":"","overlay-type":"","overlay-color":"","overlay-opacity":"","overlay-gradient":""}},"ast-content-background-meta":{"desktop":{"background-color":"var(--ast-global-color-5)","background-image":"","background-repeat":"repeat","background-position":"center center","background-size":"auto","background-attachment":"scroll","background-type":"","background-media":"","overlay-type":"","overlay-color":"","overlay-opacity":"","overlay-gradient":""},"tablet":{"background-color":"var(--ast-global-color-5)","background-image":"","background-repeat":"repeat","background-position":"center center","background-size":"auto","background-attachment":"scroll","background-type":"","background-media":"","overlay-type":"","overlay-color":"","overlay-opacity":"","overlay-gradient":""},"mobile":{"background-color":"var(--ast-global-color-5)","background-image":"","background-repeat":"repeat","background-position":"center center","background-size":"auto","background-attachment":"scroll","background-type":"","background-media":"","overlay-type":"","overlay-color":"","overlay-opacity":"","overlay-gradient":""}},"_joinchat":{"telephone":"17776015835"}},"product_brand":[],"product_cat":[346,152,153,156,158,142,357,146,356,171,60],"product_tag":[355,354,350,351,352,353],"class_list":{"0":"post-4327","1":"product","2":"type-product","3":"status-publish","4":"has-post-thumbnail","6":"product_cat-100000-puff","7":"product_cat-buy-disposable-vapes-in-cermany","8":"product_cat-buy-disposable-vapes-in-italy","9":"product_cat-buy-disposable-vapes-in-poland","10":"product_cat-buy-disposable-vapes-in-spain","11":"product_cat-digital-box-disposable-vapes","12":"product_cat-flavor-adjustable-vape","13":"product_cat-rechargeable-disposable-vapes","14":"product_cat-uzy-vape","15":"product_cat-vapsolo-disposable-vapes","16":"product_cat-waspe-fihp-vape","17":"product_tag-big-puff-vape","18":"product_tag-flavor-adjustable-vape","19":"product_tag-four-flavor-disposable-vape","20":"product_tag-uzy-100000-puff","21":"product_tag-uzy-100k","22":"product_tag-uzy-100k-4-in-1","23":"desktop-align-left","24":"tablet-align-left","25":"mobile-align-left","27":"first","28":"instock","29":"sale","30":"shipping-taxable","31":"purchasable","32":"product-type-simple"},"acf":[],"uagb_featured_image_src":{"full":["https:\/\/vapestornado.com\/wp-content\/uploads\/2025\/09\/UZY-100K-100000-Puff-Bulk-Buy-Vape-Online.webp",800,800,false],"thumbnail":["https:\/\/vapestornado.com\/wp-content\/uploads\/2025\/09\/UZY-100K-100000-Puff-Bulk-Buy-Vape-Online-150x150.webp",150,150,true],"medium":["https:\/\/vapestornado.com\/wp-content\/uploads\/2025\/09\/UZY-100K-100000-Puff-Bulk-Buy-Vape-Online-300x300.webp",300,300,true],"medium_large":["https:\/\/vapestornado.com\/wp-content\/uploads\/2025\/09\/UZY-100K-100000-Puff-Bulk-Buy-Vape-Online-768x768.webp",768,768,true],"large":["https:\/\/vapestornado.com\/wp-content\/uploads\/2025\/09\/UZY-100K-100000-Puff-Bulk-Buy-Vape-Online.webp",800,800,false],"1536x1536":["https:\/\/vapestornado.com\/wp-content\/uploads\/2025\/09\/UZY-100K-100000-Puff-Bulk-Buy-Vape-Online.webp",800,800,false],"2048x2048":["https:\/\/vapestornado.com\/wp-content\/uploads\/2025\/09\/UZY-100K-100000-Puff-Bulk-Buy-Vape-Online.webp",800,800,false],"trp-custom-language-flag":["https:\/\/vapestornado.com\/wp-content\/uploads\/2025\/09\/UZY-100K-100000-Puff-Bulk-Buy-Vape-Online-12x12.webp",12,12,true],"woocommerce_thumbnail":["https:\/\/vapestornado.com\/wp-content\/uploads\/2025\/09\/UZY-100K-100000-Puff-Bulk-Buy-Vape-Online-300x300.webp",300,300,true],"woocommerce_single":["https:\/\/vapestornado.com\/wp-content\/uploads\/2025\/09\/UZY-100K-100000-Puff-Bulk-Buy-Vape-Online-600x600.webp",600,600,true],"woocommerce_gallery_thumbnail":["https:\/\/vapestornado.com\/wp-content\/uploads\/2025\/09\/UZY-100K-100000-Puff-Bulk-Buy-Vape-Online-100x100.webp",100,100,true]},"uagb_author_info":{"display_name":"ESAMY","author_link":"https:\/\/vapestornado.com\/ro\/author\/"},"uagb_comment_info":1,"uagb_excerpt":"UZY 100000 Puff 100K Disposable Vape 35000 Puffs Wholesale in Europe UZY 100000 Puff 100K Disposable Vape with Digital Display &amp; Rechargeable Battery Buy UZY 100000 Puff 100K Puff Vape Online \u2013 Best Discount Price Add Amy's whatsapp to get right reply and discount price! WhatsApp: +86 17776015835 &nbsp;","_links":{"self":[{"href":"https:\/\/vapestornado.com\/ro\/wp-json\/wp\/v2\/product\/4327","targetHints":{"allow":["GET"]}}],"collection":[{"href":"https:\/\/vapestornado.com\/ro\/wp-json\/wp\/v2\/product"}],"about":[{"href":"https:\/\/vapestornado.com\/ro\/wp-json\/wp\/v2\/types\/product"}],"replies":[{"embeddable":true,"href":"https:\/\/vapestornado.com\/ro\/wp-json\/wp\/v2\/comments?post=4327"}],"wp:featuredmedia":[{"embeddable":true,"href":"https:\/\/vapestornado.com\/ro\/wp-json\/wp\/v2\/media\/4323"}],"wp:attachment":[{"href":"https:\/\/vapestornado.com\/ro\/wp-json\/wp\/v2\/media?parent=4327"}],"wp:term":[{"taxonomy":"product_brand","embeddable":true,"href":"https:\/\/vapestornado.com\/ro\/wp-json\/wp\/v2\/product_brand?post=4327"},{"taxonomy":"product_cat","embeddable":true,"href":"https:\/\/vapestornado.com\/ro\/wp-json\/wp\/v2\/product_cat?post=4327"},{"taxonomy":"product_tag","embeddable":true,"href":"https:\/\/vapestornado.com\/ro\/wp-json\/wp\/v2\/product_tag?post=4327"}],"curies":[{"name":"wp","href":"https:\/\/api.w.org\/{rel}","templated":true}]}}