{"id":4319,"date":"2025-08-29T08:39:13","date_gmt":"2025-08-29T08:39:13","guid":{"rendered":"https:\/\/vapestornado.com\/?post_type=product&#038;p=4319"},"modified":"2025-08-29T09:18:04","modified_gmt":"2025-08-29T09:18:04","slug":"buy-authentic-waspe-100000-puffs-low-nicotine-disposable-vape-pen-at-wholesale-price","status":"publish","type":"product","link":"https:\/\/vapestornado.com\/ro\/product\/buy-authentic-waspe-100000-puffs-low-nicotine-disposable-vape-pen-at-wholesale-price\/","title":{"rendered":"Cump\u0103ra\u021bi Vape Pen de Unic\u0103 Folosin\u021b\u0103 Autentic WASPE 100000 Puffs cu Nivel Sc\u0103zut de Nicotin\u0103 la Pre\u021b de En-Gros"},"content":{"rendered":"<h2 data-pm-slice=\"1 1 []\">Cump\u0103ra\u021bi Vape Pen de Unic\u0103 Folosin\u021b\u0103 Autentic WASPE 100000 Puffs cu Nivel Sc\u0103zut de Nicotin\u0103 la Pre\u021b de En-Gros<\/h2>\n<p data-start=\"375\" data-end=\"654\">Sistemul <strong data-start=\"379\" data-end=\"421\">WASPE 100000 Puffs Vape Pen de Unic\u0103 Folosin\u021b\u0103<\/strong> este construit pentru cei care cer performan\u021b\u0103 mare \u00eentr-un design compact. Cu un incredibil <strong data-start=\"508\" data-end=\"530\">Capacitate de 100K pufuri<\/strong> \u0219i o <strong data-start=\"537\" data-end=\"559\">Rezervor de e-lichid de 56mL<\/strong>, ofer\u0103 o valoare de neegalat at\u00e2t pentru uz personal, c\u00e2t \u0219i pentru distribu\u021bia en-gros \u00een Rom\u00e2nia.<\/p>\n<p data-start=\"656\" data-end=\"909\">Proiectat cu <strong data-start=\"672\" data-end=\"698\">rezisten\u021be quad mesh (1.0\u03a9)<\/strong>, fiecare tragere este fin\u0103, \u00eendr\u0103znea\u021b\u0103 \u0219i consistent\u0103. Sistemul <strong data-start=\"748\" data-end=\"782\">4-\u00een-1 de arome interschimbabile<\/strong> v\u0103 men\u021bine vaping-ul proasp\u0103t \u0219i incitant, perfect pentru vaperii mai tineri care doresc varietate f\u0103r\u0103 a transporta mai multe dispozitive.<\/p>\n<p data-start=\"911\" data-end=\"1248\">Sistemul <strong data-start=\"915\" data-end=\"953\">Bateria re\u00eenc\u0103rcabil\u0103 de 650mAh Type-C<\/strong> asigur\u0103 sesiuni de lung\u0103 durat\u0103, \u00een timp ce <strong data-start=\"995\" data-end=\"1010\">u\u0219or de utilizat<\/strong> ofer\u0103 actualiz\u0103ri instantanee asupra nivelului bateriei \u0219i al lichidului \u2013 elimin\u00e2nd presupunerile \u0219i ad\u0103ug\u00e2nd control deplin. Disponibil \u00een <strong data-start=\"1118\" data-end=\"1149\">Concentra\u021bii de nicotin\u0103 de 2% \u0219i 5%<\/strong>, modelul <strong data-start=\"1155\" data-end=\"1189\">WASPE 100K Vape Pen de Unic\u0103 Folosin\u021b\u0103<\/strong> g\u0103se\u0219te echilibrul potrivit \u00eentre putere \u0219i comoditate.<\/p>\n<p><strong><span style=\"color: #ff0000;\">Adaug\u0103 whatsapp-ul lui Amy pentru a primi r\u0103spuns imediat \u0219i un cupon de vape!<\/span><\/strong><\/p>\n<p><img fetchpriority=\"high\" decoding=\"async\" class=\"size-full wp-image-2932\" src=\"https:\/\/vapestornado.com\/wp-content\/uploads\/2024\/12\/Vape-Wholesale.jpg\" alt=\"\u021aig\u0103ri electronice cu ridicata\" width=\"229\" height=\"300\" \/><\/p>\n<h3><a href=\"https:\/\/wa.me\/8617776015835\" target=\"_blank\" rel=\"noopener\"><span style=\"color: #ff0000;\"><strong>WhatsApp: +86 17776015835<\/strong><\/span><\/a><\/h3>\n<p>&nbsp;<\/p>\n<h2><strong>Caracteristicile Produsului WASPE 100000 Puffs<\/strong><\/h2>\n<p><strong data-start=\"1252\" data-end=\"1280\">100.000 de Pufuri per dispozitiv<\/strong><br data-start=\"1280\" data-end=\"1283\" \/><strong data-start=\"1285\" data-end=\"1316\">Sistem de comutare a aromei 4-\u00een-1<\/strong><br data-start=\"1316\" data-end=\"1319\" \/><strong data-start=\"1321\" data-end=\"1354\">Rezisten\u021b\u0103 quad mesh pentru vapori boga\u021bi<\/strong><br data-start=\"1354\" data-end=\"1357\" \/><strong data-start=\"1359\" data-end=\"1403\">Capacitate e-lichid 56mL | 2% \/ 5% nicotin\u0103<\/strong><br data-start=\"1403\" data-end=\"1406\" \/><strong data-start=\"1408\" data-end=\"1446\">Baterie re\u00eenc\u0103rcabil\u0103 de 650mAh Type-C<\/strong><br data-start=\"1446\" data-end=\"1449\" \/><strong data-start=\"1451\" data-end=\"1495\">Ecran LED pentru baterie<\/strong><\/p>\n<h2 class=\"product-title\"><strong>Lista de arome WASPE 100000 Puffs<\/strong><\/h2>\n<p>1. Pepene Verde cu Ghea\u021b\u0103<br \/>\n2. C\u0103p\u0219uni \u0219i Pepene Verde<br \/>\n3. Red Bull cu Ghea\u021b\u0103<br \/>\n4. C\u0103p\u0219uni, Zmeur\u0103 \u0219i Cire\u0219e<br \/>\n5. C\u0103p\u0219uni \u0219i Banane<br \/>\n6. Afine cu Ghea\u021b\u0103<br \/>\n7. Cola cu Cire\u0219e \u0219i Ghea\u021b\u0103<br \/>\nBubblegum cu Pepene Verde<br \/>\n8. Piersici Suculente cu Ghea\u021b\u0103<br \/>\n9. Struguri cu Ghea\u021b\u0103<br \/>\n10. Fructe de P\u0103dure Mixte<br \/>\n11. C\u0103p\u0219uni Red Bull<br \/>\nCola cu cire\u0219e \u0219i ghea\u021b\u0103<br \/>\n12. Afine \u0219i Zmeur\u0103<\/p>\n<figure id=\"attachment_4314\" aria-describedby=\"caption-attachment-4314\" style=\"width: 300px\" class=\"wp-caption alignnone\"><img decoding=\"async\" class=\"size-medium wp-image-4314\" src=\"https:\/\/vapestornado.com\/wp-content\/uploads\/2025\/08\/WASPE-100000-Puff-100k-Online-Vape-Shop-300x300.webp\" alt=\"WASPE 100000 Puff 100k Magazin Online de Vape-uri\" width=\"300\" height=\"300\" srcset=\"https:\/\/vapestornado.com\/wp-content\/uploads\/2025\/08\/WASPE-100000-Puff-100k-Online-Vape-Shop-300x300.webp 300w, https:\/\/vapestornado.com\/wp-content\/uploads\/2025\/08\/WASPE-100000-Puff-100k-Online-Vape-Shop-150x150.webp 150w, https:\/\/vapestornado.com\/wp-content\/uploads\/2025\/08\/WASPE-100000-Puff-100k-Online-Vape-Shop-768x768.webp 768w, https:\/\/vapestornado.com\/wp-content\/uploads\/2025\/08\/WASPE-100000-Puff-100k-Online-Vape-Shop-12x12.webp 12w, https:\/\/vapestornado.com\/wp-content\/uploads\/2025\/08\/WASPE-100000-Puff-100k-Online-Vape-Shop-600x600.webp 600w, https:\/\/vapestornado.com\/wp-content\/uploads\/2025\/08\/WASPE-100000-Puff-100k-Online-Vape-Shop-100x100.webp 100w, https:\/\/vapestornado.com\/wp-content\/uploads\/2025\/08\/WASPE-100000-Puff-100k-Online-Vape-Shop.webp 800w\" sizes=\"(max-width: 300px) 100vw, 300px\" \/><figcaption id=\"caption-attachment-4314\" class=\"wp-caption-text\">WASPE 100000 Puff 100k Magazin Online de Vape-uri<\/figcaption><\/figure>\n<div class=\"flex-shrink-0 flex flex-col relative items-end\">\n<div class=\"pt-0\">\n<div class=\"gizmo-bot-avatar flex h-8 w-8 items-center justify-center overflow-hidden rounded-full\">\n<div class=\"relative p-1 rounded-sm flex items-center justify-center bg-token-main-surface-primary text-token-text-primary h-8 w-8\">\n<h2 data-start=\"435\" data-end=\"491\"><strong data-start=\"439\" data-end=\"489\">De ce s\u0103 alege\u021bi stiloul de vape de unic\u0103 folosin\u021b\u0103 WASPE 100K?<\/strong><\/h2>\n<p data-start=\"492\" data-end=\"586\">Eviden\u021bia\u021bi capacitatea de 100.000 de pufuri, designul de lung\u0103 durat\u0103 \u0219i atractivitatea pe pia\u021ba tinerilor din Europa.<\/p>\n<h3 data-start=\"588\" data-end=\"639\"><strong data-start=\"592\" data-end=\"637\">Sistem de arome 4 \u00een 1 pentru varietate non-stop<\/strong><\/h3>\n<p data-start=\"640\" data-end=\"708\">Explic\u0103 aromele interschimbabile care fac ca un dispozitiv s\u0103 se simt\u0103 ca patru.<\/p>\n<h3 data-start=\"710\" data-end=\"757\"><strong data-start=\"714\" data-end=\"755\">Capacitate mare cu inginerie premium<\/strong><\/h3>\n<p data-start=\"758\" data-end=\"835\">Subliniaz\u0103 56 ml de e-lichid, rezisten\u021be quad mesh (1,0\u03a9) \u0219i gust \u00eendr\u0103zne\u021b consistent.<\/p>\n<h3 data-start=\"837\" data-end=\"888\"><strong data-start=\"841\" data-end=\"886\">Putere inteligent\u0103, conceput\u0103 pentru pia\u021ba din Europa<\/strong><\/h3>\n<p data-start=\"889\" data-end=\"987\">Prezint\u0103 bateria re\u00eenc\u0103rcabil\u0103 de 650 mAh Type-C \u0219i afi\u0219ajul LED pentru baterie<\/p>\n<h3 data-start=\"989\" data-end=\"1035\"><strong data-start=\"993\" data-end=\"1033\">Echilibru perfect al concentra\u021biilor de nicotin\u0103<\/strong><\/h3>\n<p data-start=\"1036\" data-end=\"1112\">Ofer\u0103 detalii despre op\u021biunile de nicotin\u0103 2% \u0219i 5% pentru a se potrivi diferitelor preferin\u021be.<\/p>\n<h3 data-start=\"1114\" data-end=\"1171\"><strong data-start=\"1118\" data-end=\"1169\">WASPE 100000 Puffs \u2013 Construit pentru cererea en-gros<\/strong><\/h3>\n<p data-start=\"1172\" data-end=\"1260\">Consolideaz\u0103 valoarea puternic\u0103, fiabilitatea \u0219i atractivitatea pentru distribuitorii de pe pie\u021bele UE.<\/p>\n<\/div>\n<h3><\/h3>\n<div class=\"relative p-1 rounded-sm flex items-center justify-center bg-token-main-surface-primary text-token-text-primary h-8 w-8\">\n<h2>\u00centreb\u0103ri frecvente pentru \u021bigara electronic\u0103 de unic\u0103 folosin\u021b\u0103 WASPE 100000 Puffs<\/h2>\n<\/div>\n<\/div>\n<\/div>\n<\/div>\n<div class=\"flex-shrink-0 flex flex-col relative items-end\">\n<div class=\"pt-0\">\n<div class=\"gizmo-bot-avatar flex h-8 w-8 items-center justify-center overflow-hidden rounded-full\">\n<div class=\"relative p-1 rounded-sm flex items-center justify-center bg-token-main-surface-primary text-token-text-primary h-8 w-8\">\n<div class=\"mb-2 flex gap-3 empty:hidden -ml-2\">\n<p data-start=\"308\" data-end=\"562\"><strong data-start=\"308\" data-end=\"364\">1. C\u00e2t timp dureaz\u0103 un dispozitiv WASPE 100000 Puffs?<\/strong><br data-start=\"364\" data-end=\"367\" \/>WASPE 100K ofer\u0103 p\u00e2n\u0103 la <strong data-start=\"395\" data-end=\"412\">100.000 de pufuri<\/strong>, ceea ce dureaz\u0103 de obicei c\u00e2teva s\u0103pt\u0103m\u00e2ni, \u00een func\u021bie de frecven\u021ba de utilizare. Cump\u0103r\u0103torii angro eviden\u021biaz\u0103 adesea durata sa de via\u021b\u0103 extins\u0103 ca un punct major de v\u00e2nzare.<\/p>\n<p data-start=\"564\" data-end=\"753\"><strong data-start=\"564\" data-end=\"614\">2. Pot re\u00eenc\u0103rca vape-ul WASPE 100000 Puffs?<\/strong><br data-start=\"614\" data-end=\"617\" \/>Da. Vine cu un <strong data-start=\"638\" data-end=\"676\">Baterie re\u00eenc\u0103rcabil\u0103 de 650mAh Type-C<\/strong>port de \u00eenc\u0103rcare de tip C<\/p>\n<p data-start=\"755\" data-end=\"1019\"><strong data-start=\"755\" data-end=\"830\">, asigur\u00e2ndu-v\u0103 c\u0103 beneficia\u021bi de utilizarea complet\u0103 a e-lichidului de 56 ml f\u0103r\u0103 \u00eentreruperi.<\/strong><br data-start=\"830\" data-end=\"833\" \/>3. Ce face ca WASPE 100K s\u0103 fie diferit de alte vape-uri de unic\u0103 folosin\u021b\u0103? <strong data-start=\"894\" data-end=\"964\">Spre deosebire de cele de unic\u0103 folosin\u021b\u0103 standard, WASPE 100000 Puffs combin\u0103<\/strong>arome interschimbabile 4-\u00een-1, rezisten\u021be quad mesh \u0219i un afi\u0219aj LED inteligent<\/p>\n<p data-start=\"1021\" data-end=\"1198\"><strong data-start=\"1021\" data-end=\"1081\">, f\u0103c\u00e2ndu-l versatil \u0219i durabil pentru utilizarea zilnic\u0103.<\/strong><br data-start=\"1081\" data-end=\"1084\" \/>4. Este WASPE 100K disponibil \u00een concentra\u021bii sc\u0103zute de nicotin\u0103? <strong data-start=\"1105\" data-end=\"1133\">Niveluri de nicotin\u0103 2% \u0219i 5%<\/strong>Da. Este oferit \u00een<\/p>\n<p data-start=\"1200\" data-end=\"1487\"><strong data-start=\"1200\" data-end=\"1278\">0%, 2%, 3% \u0219i 5% nicotin\u0103<\/strong><br data-start=\"1278\" data-end=\"1281\" \/>Combina\u021bia sa de <strong data-start=\"1300\" data-end=\"1386\">, r\u0103spunz\u00e2nd diferitelor preferin\u021be de pe pia\u021ba european\u0103.<\/strong> 5. De ce este WASPE 100000 Puffs popular printre cump\u0103r\u0103torii angro din UE?<\/p>\n<\/div>\n<h2 data-start=\"1200\" data-end=\"1487\">Capacitatea de 100K pufuri, designul re\u00eenc\u0103rcabil, aromele multiple \u0219i sistemul de rezisten\u021b\u0103 premium<\/h2>\n<p data-start=\"1200\" data-end=\"1487\"><strong data-start=\"213\" data-end=\"248\">ofer\u0103 o valoare excelent\u0103, f\u0103c\u00e2ndu-l o alegere fiabil\u0103 pentru comercian\u021bii cu am\u0103nuntul care vizeaz\u0103 grupa de v\u00e2rst\u0103 25-35 de ani.<\/strong> Vapes Tornado \u2013 Centrul dvs. angro pentru cele mai bune m\u0103rci de vape din Europa <strong data-start=\"403\" data-end=\"431\">cele mai populare m\u0103rci de vape<\/strong>, inclusiv <strong data-start=\"443\" data-end=\"502\"><a href=\"https:\/\/vapestornado.com\/ro\/product-category\/aivono-vape\/\">AIVONO VAPE<\/a>, BANGBOX VAPE, <a href=\"https:\/\/vapestornado.com\/ro\/product-category\/elf-bar-vape\/\">Vape ELF BAR<\/a>\u0219i <a href=\"https:\/\/vapestornado.com\/ro\/product-category\/fumot-vape\/\">FUMOT VAPE<\/a><\/strong>. Magazinul nostru este construit pentru a servi at\u00e2t clien\u021bii individuali, c\u00e2t \u0219i cump\u0103r\u0103torii angro, oferind produse fiabile care combin\u0103 performan\u021be puternice, design elegant \u0219i pre\u021buri competitive.<\/p>\n<\/div>\n<\/div>\n<\/div>\n<\/div>","protected":false},"excerpt":{"rendered":"<p>WASPE 100K \u2013 100.000 de pufuri, 4 arome, un stilou de vape disposable puternic.<\/p>\n<p>Schimb\u0103 arome, r\u0103m\u00e2i alimentat \u2013 WASPE 100000 Pufuri cu \u00eenc\u0103rcare Type-C.<\/p>\n<p>Stiloul de vape disposable construit pentru Europa \u2013 WASPE 100K, nori mari, valoare \u0219i mai mare.<\/p>\n<p><strong>Ad\u0103uga\u021bi-o pe Amy pe WhatsApp pentru a ob\u021bine un r\u0103spuns corect \u0219i un pre\u021b redus!<\/strong><\/p>\n<p><img fetchpriority=\"high\" decoding=\"async\" class=\"size-full wp-image-2932\" src=\"https:\/\/vapestornado.com\/wp-content\/uploads\/2024\/12\/Vape-Wholesale.jpg\" alt=\"\u021aig\u0103ri electronice cu ridicata\" width=\"229\" height=\"300\" \/><\/p>\n<h3><a href=\"https:\/\/wa.me\/8617776015835\"><span style=\"color: #ff0000;\"><strong>WhatsApp: +86 17776015835<\/strong><\/span><\/a><\/h3>\n<p>&nbsp;<\/p>","protected":false},"featured_media":4318,"comment_status":"open","ping_status":"closed","template":"","meta":{"_acf_changed":false,"_uag_custom_page_level_css":"","_lmt_disableupdate":"no","_lmt_disable":"","_monsterinsights_skip_tracking":false,"_monsterinsights_sitenote_active":false,"_monsterinsights_sitenote_note":"","_monsterinsights_sitenote_category":0,"site-sidebar-layout":"default","site-content-layout":"","ast-site-content-layout":"default","site-content-style":"default","site-sidebar-style":"default","ast-global-header-display":"","ast-banner-title-visibility":"","ast-main-header-display":"","ast-hfb-above-header-display":"","ast-hfb-below-header-display":"","ast-hfb-mobile-header-display":"","site-post-title":"","ast-breadcrumbs-content":"","ast-featured-img":"","footer-sml-layout":"","ast-disable-related-posts":"","theme-transparent-header-meta":"default","adv-header-id-meta":"","stick-header-meta":"","header-above-stick-meta":"","header-main-stick-meta":"","header-below-stick-meta":"","astra-migrate-meta-layouts":"set","ast-page-background-enabled":"default","ast-page-background-meta":{"desktop":{"background-color":"","background-image":"","background-repeat":"repeat","background-position":"center center","background-size":"auto","background-attachment":"scroll","background-type":"","background-media":"","overlay-type":"","overlay-color":"","overlay-opacity":"","overlay-gradient":""},"tablet":{"background-color":"","background-image":"","background-repeat":"repeat","background-position":"center center","background-size":"auto","background-attachment":"scroll","background-type":"","background-media":"","overlay-type":"","overlay-color":"","overlay-opacity":"","overlay-gradient":""},"mobile":{"background-color":"","background-image":"","background-repeat":"repeat","background-position":"center center","background-size":"auto","background-attachment":"scroll","background-type":"","background-media":"","overlay-type":"","overlay-color":"","overlay-opacity":"","overlay-gradient":""}},"ast-content-background-meta":{"desktop":{"background-color":"var(--ast-global-color-5)","background-image":"","background-repeat":"repeat","background-position":"center center","background-size":"auto","background-attachment":"scroll","background-type":"","background-media":"","overlay-type":"","overlay-color":"","overlay-opacity":"","overlay-gradient":""},"tablet":{"background-color":"var(--ast-global-color-5)","background-image":"","background-repeat":"repeat","background-position":"center center","background-size":"auto","background-attachment":"scroll","background-type":"","background-media":"","overlay-type":"","overlay-color":"","overlay-opacity":"","overlay-gradient":""},"mobile":{"background-color":"var(--ast-global-color-5)","background-image":"","background-repeat":"repeat","background-position":"center center","background-size":"auto","background-attachment":"scroll","background-type":"","background-media":"","overlay-type":"","overlay-color":"","overlay-opacity":"","overlay-gradient":""}},"_joinchat":{"telephone":"17776015835"}},"product_brand":[],"product_cat":[346,150,151,152,156,158,142,146,171,60],"product_tag":[350,348,349,163],"class_list":{"0":"post-4319","1":"product","2":"type-product","3":"status-publish","4":"has-post-thumbnail","6":"product_cat-100000-puff","7":"product_cat-buy-disposable-vapes-in-belgium","8":"product_cat-buy-disposable-vapes-in-france","9":"product_cat-buy-disposable-vapes-in-cermany","10":"product_cat-buy-disposable-vapes-in-poland","11":"product_cat-buy-disposable-vapes-in-spain","12":"product_cat-digital-box-disposable-vapes","13":"product_cat-rechargeable-disposable-vapes","14":"product_cat-vapsolo-disposable-vapes","15":"product_cat-waspe-fihp-vape","16":"product_tag-four-flavor-disposable-vape","17":"product_tag-waspe-100000-puffs","18":"product_tag-waspe-100k-4-in-1","19":"product_tag-waspe-vape","20":"desktop-align-left","21":"tablet-align-left","22":"mobile-align-left","24":"first","25":"instock","26":"sale","27":"shipping-taxable","28":"purchasable","29":"product-type-simple"},"acf":[],"uagb_featured_image_src":{"full":["https:\/\/vapestornado.com\/wp-content\/uploads\/2025\/08\/WASPE-100000-Puffs-4-Flavors-No-Nicotine-Vape.webp",800,800,false],"thumbnail":["https:\/\/vapestornado.com\/wp-content\/uploads\/2025\/08\/WASPE-100000-Puffs-4-Flavors-No-Nicotine-Vape-150x150.webp",150,150,true],"medium":["https:\/\/vapestornado.com\/wp-content\/uploads\/2025\/08\/WASPE-100000-Puffs-4-Flavors-No-Nicotine-Vape-300x300.webp",300,300,true],"medium_large":["https:\/\/vapestornado.com\/wp-content\/uploads\/2025\/08\/WASPE-100000-Puffs-4-Flavors-No-Nicotine-Vape-768x768.webp",768,768,true],"large":["https:\/\/vapestornado.com\/wp-content\/uploads\/2025\/08\/WASPE-100000-Puffs-4-Flavors-No-Nicotine-Vape.webp",800,800,false],"1536x1536":["https:\/\/vapestornado.com\/wp-content\/uploads\/2025\/08\/WASPE-100000-Puffs-4-Flavors-No-Nicotine-Vape.webp",800,800,false],"2048x2048":["https:\/\/vapestornado.com\/wp-content\/uploads\/2025\/08\/WASPE-100000-Puffs-4-Flavors-No-Nicotine-Vape.webp",800,800,false],"trp-custom-language-flag":["https:\/\/vapestornado.com\/wp-content\/uploads\/2025\/08\/WASPE-100000-Puffs-4-Flavors-No-Nicotine-Vape-12x12.webp",12,12,true],"woocommerce_thumbnail":["https:\/\/vapestornado.com\/wp-content\/uploads\/2025\/08\/WASPE-100000-Puffs-4-Flavors-No-Nicotine-Vape-300x300.webp",300,300,true],"woocommerce_single":["https:\/\/vapestornado.com\/wp-content\/uploads\/2025\/08\/WASPE-100000-Puffs-4-Flavors-No-Nicotine-Vape-600x600.webp",600,600,true],"woocommerce_gallery_thumbnail":["https:\/\/vapestornado.com\/wp-content\/uploads\/2025\/08\/WASPE-100000-Puffs-4-Flavors-No-Nicotine-Vape-100x100.webp",100,100,true]},"uagb_author_info":{"display_name":"ESAMY","author_link":"https:\/\/vapestornado.com\/ro\/author\/"},"uagb_comment_info":2,"uagb_excerpt":"WASPE 100K \u2013 100,000 Puffs, 4 Flavors, One Powerful Disposable Vape Pen. Switch Flavors, Stay Powered \u2013 WASPE 100000 Puffs with Type-C Recharge. The Disposable Vape Pen Built for Europe \u2013 WASPE 100K, Big Clouds, Bigger Value. Add Amy's whatsapp to get right reply and discount price! WhatsApp: +86 17776015835 &nbsp;","_links":{"self":[{"href":"https:\/\/vapestornado.com\/ro\/wp-json\/wp\/v2\/product\/4319","targetHints":{"allow":["GET"]}}],"collection":[{"href":"https:\/\/vapestornado.com\/ro\/wp-json\/wp\/v2\/product"}],"about":[{"href":"https:\/\/vapestornado.com\/ro\/wp-json\/wp\/v2\/types\/product"}],"replies":[{"embeddable":true,"href":"https:\/\/vapestornado.com\/ro\/wp-json\/wp\/v2\/comments?post=4319"}],"wp:featuredmedia":[{"embeddable":true,"href":"https:\/\/vapestornado.com\/ro\/wp-json\/wp\/v2\/media\/4318"}],"wp:attachment":[{"href":"https:\/\/vapestornado.com\/ro\/wp-json\/wp\/v2\/media?parent=4319"}],"wp:term":[{"taxonomy":"product_brand","embeddable":true,"href":"https:\/\/vapestornado.com\/ro\/wp-json\/wp\/v2\/product_brand?post=4319"},{"taxonomy":"product_cat","embeddable":true,"href":"https:\/\/vapestornado.com\/ro\/wp-json\/wp\/v2\/product_cat?post=4319"},{"taxonomy":"product_tag","embeddable":true,"href":"https:\/\/vapestornado.com\/ro\/wp-json\/wp\/v2\/product_tag?post=4319"}],"curies":[{"name":"wp","href":"https:\/\/api.w.org\/{rel}","templated":true}]}}