{"id":4132,"date":"2025-04-14T09:56:44","date_gmt":"2025-04-14T09:56:44","guid":{"rendered":"https:\/\/vapestornado.com\/?post_type=product&#038;p=4132"},"modified":"2025-12-05T07:13:53","modified_gmt":"2025-12-05T07:13:53","slug":"bang-box-kingdoms-rex-40000-puffs-digital-double-flavor-disposable-vape","status":"publish","type":"product","link":"https:\/\/vapestornado.com\/ro\/product\/bang-box-kingdoms-rex-40000-puffs-digital-double-flavor-disposable-vape\/","title":{"rendered":"Cutie cu vaporizator de unic\u0103 folosin\u021b\u0103 cu dublu gust Bang Kingdoms Rex 40000 Pufuri Digital"},"content":{"rendered":"<h1 data-pm-slice=\"1 1 []\">Bang Box Kingdoms Rex 40000 Puffs Vape digital de unic\u0103 folosin\u021b\u0103 cu arom\u0103 dubl\u0103<\/h1>\n<p data-start=\"1129\" data-end=\"1370\">Bang Kingdoms Rex 40000 pufuri un sistem adev\u0103rat cu dublu gust de 60ml (30ml+30ml) cu ecran inteligent, bobin\u0103 din plas\u0103 \u0219i alimentare re\u00eenc\u0103rcabil\u0103 Type-C pentru a oferi p\u00e2n\u0103 la 40.000 de pufuri \u00eentr-un dispozitiv gata de comutare.<\/p>\n<p data-start=\"570\" data-end=\"887\"><strong data-start=\"570\" data-end=\"614\">40.000 de pufuri sus\u021binute de capacitate real\u0103.<\/strong><br data-start=\"614\" data-end=\"617\" \/>Sistemul <strong data-start=\"621\" data-end=\"669\">Vaporizator de unic\u0103 folosin\u021b\u0103 Bang Kingdoms Rex 40000 Puff<\/strong> este construit \u00een jurul <strong data-start=\"686\" data-end=\"709\">60ml lichid total pentru e-cigaret\u0103<\/strong>, \u00eemp\u0103r\u021bit \u00een dou\u0103 rezervoare independente de 30ml. Aceast\u0103 capacitate permite dispozitivului s\u0103 func\u021bioneze mult timp \u00een utilizarea zilnic\u0103, ajut\u00e2nd utilizatorii s\u0103 evite \u00eenlocuirile frecvente tipice pentru dispozitivele de unic\u0103 folosin\u021b\u0103 mai mici.<\/p>\n<p data-start=\"889\" data-end=\"1165\"><strong data-start=\"889\" data-end=\"933\">Sistem dublu de gust cu comutare curat\u0103.<\/strong><br data-start=\"933\" data-end=\"936\" \/>Aceasta <strong data-start=\"941\" data-end=\"971\">Vaporizator de unic\u0103 folosin\u021b\u0103 cu 40000 de pufuri<\/strong> folose\u0219te un <strong data-start=\"979\" data-end=\"1010\">Format dublu de gust 2-in-1<\/strong>: dou\u0103 arome stocate separat, switchabile ori de c\u00e2te ori preferin\u021bele se schimb\u0103. Separarea men\u021bine fiecare profil distinct \u00een loc s\u0103 se amestece \u00een timp.<\/p>\n<p data-start=\"1167\" data-end=\"1479\"><strong data-start=\"1167\" data-end=\"1211\">Performan\u021b\u0103 a bobinei din plas\u0103 pentru gust constant.<\/strong><br data-start=\"1211\" data-end=\"1214\" \/>Avansat <strong data-start=\"1223\" data-end=\"1236\">rezisten\u021b\u0103 tip mesh<\/strong> \u00eenc\u0103lzirea distribuie temperatura uniform pe suprafa\u021ba bobinei. \u00cen practic\u0103, acest lucru sus\u021bine un flux de aer lin \u0219i o livrare stabil\u0103 a gustului pe sesiuni lungi, ceea ce este important \u00een dispozitivele cu capacitate mare, unde adesea apare sc\u0103derea gustului \u00een etapele finale.<\/p>\n<p data-start=\"1481\" data-end=\"1702\"><strong data-start=\"1481\" data-end=\"1522\">Ecran inteligent pentru urm\u0103rire \u00een timp real.<\/strong><br data-start=\"1522\" data-end=\"1525\" \/>Un ecran digital \u00eencorporat afi\u0219eaz\u0103 <strong data-start=\"1557\" data-end=\"1594\">nivelul bateriei \u0219i starea e-lichidului<\/strong> clar. Utilizatorii pot re\u00eenc\u0103rca \u00eenainte ca bateria s\u0103 se descarce complet \u0219i pot evita loviturile uscate nea\u0219teptate atunci c\u00e2nd rezervorul se apropie de gol.<\/p>\n<p data-start=\"1704\" data-end=\"1956\"><strong data-start=\"1704\" data-end=\"1747\">Alimentare re\u00eenc\u0103rcabil\u0103 Type-C pentru utilizare complet\u0103.<\/strong><br data-start=\"1747\" data-end=\"1750\" \/>Sistemul <strong data-start=\"1754\" data-end=\"1792\">Baterie re\u00eenc\u0103rcabil\u0103 de 650mAh Type-C<\/strong> este dimensionat pentru vaping pe termen lung. Re\u00eenc\u0103rcarea \u00eenseamn\u0103 c\u0103 Rex 40000 poate fi folosit p\u00e2n\u0103 c\u00e2nd ambele rezervoare sunt goale, \u00een loc s\u0103 fie aruncat devreme din cauza desc\u0103rc\u0103rii bateriei.<\/p>\n<p data-start=\"666\" data-end=\"1235\"><strong style=\"font-size: 16px;\"><span style=\"color: #ff0000;\">Adaug\u0103-o pe Amy pe WhatsApp pentru a ob\u021bine un r\u0103spuns rapid \u0219i un pre\u021b redus!<\/span><\/strong><\/p>\n<p><img fetchpriority=\"high\" decoding=\"async\" class=\"size-full wp-image-2932\" src=\"https:\/\/vapestornado.com\/wp-content\/uploads\/2024\/12\/Vape-Wholesale.jpg\" alt=\"\u021aig\u0103ri electronice cu ridicata\" width=\"229\" height=\"300\" \/><\/p>\n<h3><a href=\"https:\/\/wa.me\/8617776015835\" target=\"_blank\" rel=\"noopener\"><span style=\"color: #ff0000;\"><strong>WhatsApp: +86 17776015835<\/strong><\/span><\/a><\/h3>\n<h2><\/h2>\n<h2 data-start=\"1258\" data-end=\"1303\">Bang Kingdoms Rex 40000 Caracteristici Principale<\/h2>\n<table>\n<thead>\n<tr>\n<th>Caracteristic\u0103 \/ Parametru<\/th>\n<th align=\"right\">Spec<\/th>\n<th>Explica\u021bie<\/th>\n<\/tr>\n<\/thead>\n<tbody>\n<tr>\n<td>Numele produsului<\/td>\n<td align=\"right\">Bang Kingdoms Rex 40000 Puff Vape de Unic\u0103 Folosin\u021b\u0103<\/td>\n<td>Denominare clar\u0103 a modelului pentru c\u0103ut\u0103ri \u0219i comenzi repetate.<\/td>\n<\/tr>\n<tr>\n<td>Capacitate Pufuri<\/td>\n<td align=\"right\">P\u00e2n\u0103 la 40.000 de pufuri<\/td>\n<td>Dispozitiv de unic\u0103 folosin\u021b\u0103 cu durat\u0103 mare; mai pu\u021bine schimb\u0103ri de dispozitive.<\/td>\n<\/tr>\n<tr>\n<td>Volumul lichidului electronic<\/td>\n<td align=\"right\">60ml total (30ml + 30ml)<\/td>\n<td>Dou\u0103 rezervoare complete \u00eentr-un singur corp, sus\u021bin\u00e2nd o durat\u0103 de via\u021b\u0103 lung\u0103.<\/td>\n<\/tr>\n<tr>\n<td>Sistem de arome<\/td>\n<td align=\"right\">Dublu gust 2-in-1<\/td>\n<td>Schimb\u0103 \u00eentre dou\u0103 arome f\u0103r\u0103 a purta un alt vape.<\/td>\n<\/tr>\n<tr>\n<td>Tip de bobin\u0103<\/td>\n<td align=\"right\">Rezisten\u021b\u0103 tip plas\u0103<\/td>\n<td>\u00cenc\u0103lzire uniform\u0103 = inhal\u0103ri mai line \u0219i gust mai constant.<\/td>\n<\/tr>\n<tr>\n<td>Baterie<\/td>\n<td align=\"right\">650mAh re\u00eenc\u0103rcabil<\/td>\n<td>Re\u00eencarc\u0103 pentru a termina ambele rezervoare \u00een loc s\u0103 pierzi inhal\u0103ri.<\/td>\n<\/tr>\n<tr>\n<td>\u00cenc\u0103rcare<\/td>\n<td align=\"right\">\u00cenc\u0103rcare rapid\u0103 USB Type-C<\/td>\n<td>Standard comun de cablu; timp de neutilizare mai scurt.<\/td>\n<\/tr>\n<tr>\n<td>Afi\u0219aj<\/td>\n<td align=\"right\">Ecran digital<\/td>\n<td>Arat\u0103 nivelul bateriei + nivelul de e-lichid \u00een timp real.<\/td>\n<\/tr>\n<tr>\n<td>Op\u021biuni de nicotin\u0103<\/td>\n<td align=\"right\">0% \/ 2% \/ 5%<\/td>\n<td>Se potrive\u0219te utilizatorilor f\u0103r\u0103 nicotin\u0103 prin preferin\u021be de lovitur\u0103 mai puternic\u0103.<\/td>\n<\/tr>\n<tr>\n<td>Pia\u021ba \u021bint\u0103<\/td>\n<td align=\"right\">Retail \u0219i en gros \u00een Rom\u00e2nia<\/td>\n<td>Capacitate mare + combina\u021bie dubl\u0103 de arome care corespunde tendin\u021belor actuale de cerere.<\/td>\n<\/tr>\n<\/tbody>\n<\/table>\n<p>&nbsp;<\/p>\n<figure id=\"attachment_4127\" aria-describedby=\"caption-attachment-4127\" style=\"width: 800px\" class=\"wp-caption alignnone\"><img decoding=\"async\" class=\"wp-image-4127 size-full\" src=\"https:\/\/vapestornado.com\/wp-content\/uploads\/2025\/04\/Bang-Box-Vape-40000-Double-Flavor.webp\" alt=\"Bang Box Vape 40000 Arom\u0103 Dubl\u0103\" width=\"800\" height=\"800\" srcset=\"https:\/\/vapestornado.com\/wp-content\/uploads\/2025\/04\/Bang-Box-Vape-40000-Double-Flavor.webp 800w, https:\/\/vapestornado.com\/wp-content\/uploads\/2025\/04\/Bang-Box-Vape-40000-Double-Flavor-300x300.webp 300w, https:\/\/vapestornado.com\/wp-content\/uploads\/2025\/04\/Bang-Box-Vape-40000-Double-Flavor-150x150.webp 150w, https:\/\/vapestornado.com\/wp-content\/uploads\/2025\/04\/Bang-Box-Vape-40000-Double-Flavor-768x768.webp 768w, https:\/\/vapestornado.com\/wp-content\/uploads\/2025\/04\/Bang-Box-Vape-40000-Double-Flavor-600x600.webp 600w, https:\/\/vapestornado.com\/wp-content\/uploads\/2025\/04\/Bang-Box-Vape-40000-Double-Flavor-100x100.webp 100w\" sizes=\"(max-width: 800px) 100vw, 800px\" \/><figcaption id=\"caption-attachment-4127\" class=\"wp-caption-text\">Bang Kingdoms Rex 40000 Dublu Gust<\/figcaption><\/figure>\n<h2 class=\"product-title\"><strong>Bang Kingdoms Rex 40000 Lista Aromelor de Unic\u0103 Folosin\u021b\u0103<\/strong><\/h2>\n<article class=\"w-full text-token-text-primary focus-visible:outline-2 focus-visible:outline-offset-[-4px]\" dir=\"auto\" data-testid=\"conversation-turn-32\" data-scroll-anchor=\"false\">\n<div class=\"m-auto text-base py-[18px] px-6\">\n<div class=\"mx-auto flex flex-1 text-base gap-4 md:gap-5 lg:gap-6 md:max-w-3xl lg:max-w-[40rem] xl:max-w-[48rem]\">\n<div class=\"group\/conversation-turn relative flex w-full min-w-0 flex-col @xs\/thread:px-0 @sm\/thread:px-1.5 @md\/thread:px-4\">\n<div class=\"flex-col gap-1 md:gap-3\">\n<div class=\"flex max-w-full flex-col flex-grow\">\n<div class=\"min-h-8 text-message flex w-full flex-col items-end gap-2 whitespace-normal break-words text-start [.text-message+&amp;]:mt-5\" dir=\"auto\" data-message-author-role=\"user\" data-message-id=\"ffac41ca-1db4-431b-873a-32c4052956f1\">\n<div class=\"flex w-full flex-col gap-1 empty:hidden items-end rtl:items-start\">\n<div class=\"relative max-w-[var(--user-chat-width,70%)] rounded-3xl bg-token-message-surface px-5 py-2.5\">\n<div class=\"absolute bottom-0 right-full top-0 -mr-3.5 hidden pr-5 pt-2 [.group\/conversation-turn:hover_&amp;]:flex\">\n<div class=\"flex\">\n<article class=\"w-full text-token-text-primary focus-visible:outline-2 focus-visible:outline-offset-[-4px]\" dir=\"auto\" data-testid=\"conversation-turn-39\" data-scroll-anchor=\"true\">\n<div class=\"m-auto text-base py-[18px] px-6\">\n<div class=\"mx-auto flex flex-1 text-base gap-4 md:gap-5 lg:gap-6 md:max-w-3xl lg:max-w-[40rem] xl:max-w-[48rem]\">\n<div class=\"group\/conversation-turn relative flex w-full min-w-0 flex-col agent-turn @xs\/thread:px-0 @sm\/thread:px-1.5 @md\/thread:px-4\">\n<div class=\"flex-col gap-1 md:gap-3\">\n<div class=\"flex max-w-full flex-col flex-grow\">\n<div class=\"min-h-8 text-message flex w-full flex-col items-end gap-2 whitespace-normal break-words text-start [.text-message+&amp;]:mt-5\" dir=\"auto\" data-message-author-role=\"assistant\" data-message-id=\"55a23854-ec57-48dd-bd4f-6118f43d6241\" data-message-model-slug=\"gpt-4o\">\n<div class=\"flex w-full flex-col gap-1 empty:hidden first:pt-[3px]\">\n<div class=\"markdown prose w-full break-words dark:prose-invert light\">\n<p class=\"\" data-start=\"2451\" data-end=\"2502\">1.Afine pepene ro\u0219u<br \/>\n2.Afine Ghea\u021b\u0103<br \/>\n3.C\u0103p\u0219uni Kiwi<br \/>\n4.C\u0103p\u0219uni \u0219i Pepene Ro\u0219u<br \/>\n5.C\u0103p\u0219uni Kiwi<br \/>\n6.C\u0103p\u0219uni Pepene Ro\u0219u<br \/>\n7.Afine Zmeur\u0103<br \/>\n8.Pepene Ro\u0219u Ghea\u021b\u0103<br \/>\n9.Red Bull<br \/>\n10.Pepene Ro\u0219u Ghea\u021b\u0103<br \/>\n11.Red Bull<br \/>\n12.Afine Ghea\u021b\u0103<\/p>\n<\/div>\n<\/div>\n<\/div>\n<\/div>\n<\/div>\n<\/div>\n<\/div>\n<\/div>\n<\/article>\n<\/div>\n<\/div>\n<\/div>\n<\/div>\n<\/div>\n<\/div>\n<\/div>\n<\/div>\n<\/div>\n<\/div>\n<\/article>\n<h2>De ce s\u0103 alege\u021bi Vapestornado pentru Kingdoms Rex 40k en-gros?<\/h2>\n<div class=\"flex-shrink-0 flex flex-col relative items-end\">\n<div class=\"pt-0\">\n<div class=\"gizmo-bot-avatar flex h-8 w-8 items-center justify-center overflow-hidden rounded-full\">\n<div class=\"relative p-1 rounded-sm flex items-center justify-center bg-token-main-surface-primary text-token-text-primary h-8 w-8\">\n<p>La Vapestornado, nu vindem doar vape-uri - oferim valoare, calitate \u0219i servicii pe care te po\u021bi baza. Ca furnizor de \u00eencredere pentru Kingdoms Rex 40000 en-gros<strong data-start=\"410\" data-end=\"449\">\u00a0Vape de Unic\u0103 Folosin\u021b\u0103<\/strong>, oferim <strong data-start=\"460\" data-end=\"488\">pre\u021buri competitive la vrac<\/strong>, asigur\u00e2ndu-v\u0103 c\u0103 ob\u021bine\u021bi <strong data-start=\"511\" data-end=\"537\">cele mai mici tarife en-gros<\/strong> f\u0103r\u0103 a compromite autenticitatea produsului. Echipa noastr\u0103 alege manual doar <strong data-start=\"608\" data-end=\"634\">produse originale 100%<\/strong> cu performan\u021b\u0103 garantat\u0103 \u0219i consisten\u021b\u0103 a aromei. Cu <strong data-start=\"692\" data-end=\"716\">livrare rapid\u0103 la nivel global<\/strong>, un <strong data-start=\"730\" data-end=\"766\">manager de cont dedicat pentru clien\u021bii en-gros<\/strong>, iar actualiz\u0103rile de inventar \u00een timp real asigur\u0103 c\u0103 afacerea dvs. r\u0103m\u00e2ne \u00eenaintea pie\u021bei. Fie c\u0103 sunte\u021bi un magazin de vape-uri, un distribuitor sau un v\u00e2nz\u0103tor online, <strong data-start=\"901\" data-end=\"917\">Vapestornado<\/strong> este partenerul dvs. de \u00eencredere pentru <strong data-start=\"947\" data-end=\"994\">produse cu cerere mare, cum ar fi Bang Box 50k Puff<\/strong>\u2014sus\u021binut de servicii profesionale \u0219i oferte imbatabile.<\/p>\n<p data-start=\"559\" data-end=\"933\" data-is-last-node=\"\" data-is-only-node=\"\">Avem, de asemenea, alte vape-uri populare cu ecran, cum ar fi <a href=\"https:\/\/vapestornado.com\/ro\/product\/solaris-25000-puff-solar-charging-dispsoable-vape-kit-usa\/\">SOLARIS 25000 PUFURI<\/a>, <a href=\"https:\/\/vapestornado.com\/ro\/product\/elfbar-planet-25000-wholesale-disposable-vape-kit-with-digital-screen\/\">ELF BAR Planet 25000<\/a>, <a href=\"https:\/\/vapestornado.com\/ro\/product\/elfworld-ai22000-22k-puff-disposable-vape-pen-kit-best-seller-in-poland\/\">Elf WORLD AI 22000<\/a>, \u0219i altele.<\/p>\n<\/div>\n<div class=\"relative p-1 rounded-sm flex items-center justify-center bg-token-main-surface-primary text-token-text-primary h-8 w-8\">\n<h2>\u00ceNTREB\u0102RI FRECVENTE<\/h2>\n<p data-start=\"3075\" data-end=\"3298\"><strong data-start=\"3075\" data-end=\"3154\">1. Au nevoie dispozitivele de un \u00eenc\u0103rc\u0103tor special pentru Bang Kingdoms Rex 40000?<\/strong><br data-start=\"3154\" data-end=\"3157\" \/>Nu. <strong data-start=\"3165\" data-end=\"3213\">Vaporizator de unic\u0103 folosin\u021b\u0103 Bang Kingdoms Rex 40000 Puff<\/strong> se \u00eencarc\u0103 prin <strong data-start=\"3226\" data-end=\"3240\">USB Type-C<\/strong>, a\u0219a c\u0103 orice cablu standard Type-C \u0219i adaptor USB sigur func\u021bioneaz\u0103.<\/p>\n<p data-start=\"3300\" data-end=\"3595\"><strong data-start=\"3300\" data-end=\"3392\">2. Care dispozitiv de unic\u0103 folosin\u021b\u0103 dureaz\u0103 cel mai mult: Bang Kingdoms Rex 40000 sau un vape de 20k?<\/strong><br data-start=\"3392\" data-end=\"3395\" \/>\u00cen utilizarea de zi cu zi, <strong data-start=\"3416\" data-end=\"3443\">Regatul Bang Rex 40000<\/strong> dureaz\u0103 de obicei mai mult deoarece combin\u0103 <strong data-start=\"3487\" data-end=\"3552\">40.000 de inhal\u0103ri, 60ml de e-lichid total \u0219i o baterie re\u00eenc\u0103rcabil\u0103<\/strong>, \u00een timp ce majoritatea dispozitivelor de 20k con\u021bin mai pu\u021bin lichid.<\/p>\n<p data-start=\"3597\" data-end=\"3837\"><strong data-start=\"3597\" data-end=\"3667\">3. Merit\u0103 sistemul dublu de arom\u0103 Bang Kingdoms Rex 40000?<\/strong><br data-start=\"3667\" data-end=\"3670\" \/>Da, pentru utilizatorii care roteaz\u0103 aromele. Layout-ul <strong data-start=\"3708\" data-end=\"3752\">vape-ului cu dubl\u0103 arom\u0103 Bang Kingdoms Rex 40000<\/strong> men\u021bine fiecare arom\u0103 separat\u0103, astfel \u00eenc\u00e2t schimbarea s\u0103 r\u0103m\u00e2n\u0103 curat\u0103 \u0219i s\u0103 nu amestece gustul.<\/p>\n<p data-start=\"3839\" data-end=\"4094\"><strong data-start=\"3839\" data-end=\"3923\">4. Dispozitivele de unic\u0103 folosin\u021b\u0103 te fac s\u0103 devii dependent mai repede, inclusiv Bang Kingdoms Rex 40000?<\/strong><br data-start=\"3923\" data-end=\"3926\" \/>Riscul de dependen\u021b\u0103 depinde de <strong data-start=\"3952\" data-end=\"3994\">concentra\u021bia de nicotin\u0103 \u0219i frecven\u021ba utiliz\u0103rii<\/strong>, nu doar num\u0103rul de pufuri. The <strong data-start=\"4022\" data-end=\"4038\">0% \/ 2% \/ 5%<\/strong> op\u021biunile permit utilizatorilor s\u0103 aleag\u0103 un nivel care se potrive\u0219te nevoilor lor.<\/p>\n<p data-start=\"4096\" data-end=\"4377\"><strong data-start=\"4096\" data-end=\"4170\">5. Pot s\u0103 aduc un vapat de unic\u0103 folosin\u021b\u0103 Bang Kingdoms Rex 40000 pe avion?<\/strong><br data-start=\"4170\" data-end=\"4173\" \/>Majoritatea companiilor aeriene permit dispozitivele de unic\u0103 folosin\u021b\u0103 <strong data-start=\"4205\" data-end=\"4233\">doar \u00een bagaj de m\u00e2n\u0103<\/strong>, nu \u00een bagaje de cal\u0103, din cauza regulilor privind bateria. P\u0103stra\u021bi-l <strong data-start=\"4284\" data-end=\"4332\">Vaporizator de unic\u0103 folosin\u021b\u0103 Bang Kingdoms Rex 40000 Puff<\/strong> sigilat \u0219i respecta\u021bi reglement\u0103rile companiei aeriene\/locale.<\/p>\n<\/div>\n<\/div>\n<\/div>\n<\/div>","protected":false},"excerpt":{"rendered":"<p class=\"LC20lb MBeuO DKV0Md\">Bang Kingdoms Rex 40000 Vape de Unic\u0103 Folosin\u021b\u0103 2 \u00een 1 Pre\u021b Redus<br \/>\nBang Box 40000 Vape Box Digital Pre\u021b Grosist Ieftin<br \/>\nBig Puff Vape Bang Box Kingdoms Rex 40k Vaporizator de Unic\u0103 Folosin\u021b\u0103<\/p>\n<p><strong>Ad\u0103uga\u021bi-o pe Amy pe WhatsApp pentru a ob\u021bine un r\u0103spuns corect \u0219i un pre\u021b redus!<\/strong><\/p>\n<p><img fetchpriority=\"high\" decoding=\"async\" class=\"size-full wp-image-2932\" src=\"https:\/\/vapestornado.com\/wp-content\/uploads\/2024\/12\/Vape-Wholesale.jpg\" alt=\"\u021aig\u0103ri electronice cu ridicata\" width=\"229\" height=\"300\" \/><\/p>\n<h3><a href=\"https:\/\/wa.me\/8617776015835\"><span style=\"color: #ff0000;\"><strong>WhatsApp: +86 17776015835<\/strong><\/span><\/a><\/h3>\n<p>&nbsp;<\/p>","protected":false},"featured_media":4131,"comment_status":"open","ping_status":"closed","template":"","meta":{"_acf_changed":false,"_uag_custom_page_level_css":"","_lmt_disableupdate":"no","_lmt_disable":"","_monsterinsights_skip_tracking":false,"_monsterinsights_sitenote_active":false,"_monsterinsights_sitenote_note":"","_monsterinsights_sitenote_category":0,"site-sidebar-layout":"default","site-content-layout":"","ast-site-content-layout":"default","site-content-style":"default","site-sidebar-style":"default","ast-global-header-display":"","ast-banner-title-visibility":"","ast-main-header-display":"","ast-hfb-above-header-display":"","ast-hfb-below-header-display":"","ast-hfb-mobile-header-display":"","site-post-title":"","ast-breadcrumbs-content":"","ast-featured-img":"","footer-sml-layout":"","ast-disable-related-posts":"","theme-transparent-header-meta":"default","adv-header-id-meta":"","stick-header-meta":"","header-above-stick-meta":"","header-main-stick-meta":"","header-below-stick-meta":"","astra-migrate-meta-layouts":"set","ast-page-background-enabled":"default","ast-page-background-meta":{"desktop":{"background-color":"","background-image":"","background-repeat":"repeat","background-position":"center center","background-size":"auto","background-attachment":"scroll","background-type":"","background-media":"","overlay-type":"","overlay-color":"","overlay-opacity":"","overlay-gradient":""},"tablet":{"background-color":"","background-image":"","background-repeat":"repeat","background-position":"center center","background-size":"auto","background-attachment":"scroll","background-type":"","background-media":"","overlay-type":"","overlay-color":"","overlay-opacity":"","overlay-gradient":""},"mobile":{"background-color":"","background-image":"","background-repeat":"repeat","background-position":"center center","background-size":"auto","background-attachment":"scroll","background-type":"","background-media":"","overlay-type":"","overlay-color":"","overlay-opacity":"","overlay-gradient":""}},"ast-content-background-meta":{"desktop":{"background-color":"var(--ast-global-color-5)","background-image":"","background-repeat":"repeat","background-position":"center center","background-size":"auto","background-attachment":"scroll","background-type":"","background-media":"","overlay-type":"","overlay-color":"","overlay-opacity":"","overlay-gradient":""},"tablet":{"background-color":"var(--ast-global-color-5)","background-image":"","background-repeat":"repeat","background-position":"center center","background-size":"auto","background-attachment":"scroll","background-type":"","background-media":"","overlay-type":"","overlay-color":"","overlay-opacity":"","overlay-gradient":""},"mobile":{"background-color":"var(--ast-global-color-5)","background-image":"","background-repeat":"repeat","background-position":"center center","background-size":"auto","background-attachment":"scroll","background-type":"","background-media":"","overlay-type":"","overlay-color":"","overlay-opacity":"","overlay-gradient":""}},"_joinchat":{"telephone":"17776015835"}},"product_brand":[],"product_cat":[65,62,150,152,142,146],"product_tag":[475,335,334,105,476,195],"class_list":{"0":"post-4132","1":"product","2":"type-product","3":"status-publish","4":"has-post-thumbnail","6":"product_cat-40000-puff","7":"product_cat-bang-vape","8":"product_cat-buy-disposable-vapes-in-belgium","9":"product_cat-buy-disposable-vapes-in-cermany","10":"product_cat-digital-box-disposable-vapes","11":"product_cat-rechargeable-disposable-vapes","12":"product_tag-40k-puff-vape","13":"product_tag-bang-40000","14":"product_tag-bang-kingdoms-rex-40000","15":"product_tag-digital-disposable-vape","16":"product_tag-double-taste-disposable-vape","17":"product_tag-dual-flavor-disposable-vape","18":"desktop-align-left","19":"tablet-align-left","20":"mobile-align-left","22":"first","23":"instock","24":"sale","25":"shipping-taxable","26":"purchasable","27":"product-type-simple"},"acf":[],"uagb_featured_image_src":{"full":["https:\/\/vapestornado.com\/wp-content\/uploads\/2025\/04\/Wholesale-Bang-Kingdoms-40000-Puff-Vape-Pod.webp",800,800,false],"thumbnail":["https:\/\/vapestornado.com\/wp-content\/uploads\/2025\/04\/Wholesale-Bang-Kingdoms-40000-Puff-Vape-Pod-150x150.webp",150,150,true],"medium":["https:\/\/vapestornado.com\/wp-content\/uploads\/2025\/04\/Wholesale-Bang-Kingdoms-40000-Puff-Vape-Pod-300x300.webp",300,300,true],"medium_large":["https:\/\/vapestornado.com\/wp-content\/uploads\/2025\/04\/Wholesale-Bang-Kingdoms-40000-Puff-Vape-Pod-768x768.webp",768,768,true],"large":["https:\/\/vapestornado.com\/wp-content\/uploads\/2025\/04\/Wholesale-Bang-Kingdoms-40000-Puff-Vape-Pod.webp",800,800,false],"1536x1536":["https:\/\/vapestornado.com\/wp-content\/uploads\/2025\/04\/Wholesale-Bang-Kingdoms-40000-Puff-Vape-Pod.webp",800,800,false],"2048x2048":["https:\/\/vapestornado.com\/wp-content\/uploads\/2025\/04\/Wholesale-Bang-Kingdoms-40000-Puff-Vape-Pod.webp",800,800,false],"trp-custom-language-flag":["https:\/\/vapestornado.com\/wp-content\/uploads\/2025\/04\/Wholesale-Bang-Kingdoms-40000-Puff-Vape-Pod.webp",12,12,false],"woocommerce_thumbnail":["https:\/\/vapestornado.com\/wp-content\/uploads\/2025\/04\/Wholesale-Bang-Kingdoms-40000-Puff-Vape-Pod-300x300.webp",300,300,true],"woocommerce_single":["https:\/\/vapestornado.com\/wp-content\/uploads\/2025\/04\/Wholesale-Bang-Kingdoms-40000-Puff-Vape-Pod-600x600.webp",600,600,true],"woocommerce_gallery_thumbnail":["https:\/\/vapestornado.com\/wp-content\/uploads\/2025\/04\/Wholesale-Bang-Kingdoms-40000-Puff-Vape-Pod-100x100.webp",100,100,true]},"uagb_author_info":{"display_name":"ESAMY","author_link":"https:\/\/vapestornado.com\/ro\/author\/"},"uagb_comment_info":0,"uagb_excerpt":"Bang Kingdoms Rex 40000 2 in 1 Disposables Vape Discount Price Bang Box 40000 Digital Vape Box Wholesale Cheap Price Big Puff Vape Bang Box Kingdoms Rex 40k Disposables Vapor Add Amy's whatsapp to get right reply and discount price! WhatsApp: +86 17776015835 &nbsp;","_links":{"self":[{"href":"https:\/\/vapestornado.com\/ro\/wp-json\/wp\/v2\/product\/4132","targetHints":{"allow":["GET"]}}],"collection":[{"href":"https:\/\/vapestornado.com\/ro\/wp-json\/wp\/v2\/product"}],"about":[{"href":"https:\/\/vapestornado.com\/ro\/wp-json\/wp\/v2\/types\/product"}],"replies":[{"embeddable":true,"href":"https:\/\/vapestornado.com\/ro\/wp-json\/wp\/v2\/comments?post=4132"}],"wp:featuredmedia":[{"embeddable":true,"href":"https:\/\/vapestornado.com\/ro\/wp-json\/wp\/v2\/media\/4131"}],"wp:attachment":[{"href":"https:\/\/vapestornado.com\/ro\/wp-json\/wp\/v2\/media?parent=4132"}],"wp:term":[{"taxonomy":"product_brand","embeddable":true,"href":"https:\/\/vapestornado.com\/ro\/wp-json\/wp\/v2\/product_brand?post=4132"},{"taxonomy":"product_cat","embeddable":true,"href":"https:\/\/vapestornado.com\/ro\/wp-json\/wp\/v2\/product_cat?post=4132"},{"taxonomy":"product_tag","embeddable":true,"href":"https:\/\/vapestornado.com\/ro\/wp-json\/wp\/v2\/product_tag?post=4132"}],"curies":[{"name":"wp","href":"https:\/\/api.w.org\/{rel}","templated":true}]}}