{"id":4126,"date":"2025-04-14T03:07:08","date_gmt":"2025-04-14T03:07:08","guid":{"rendered":"https:\/\/vapestornado.com\/?post_type=product&#038;p=4126"},"modified":"2025-12-05T06:58:11","modified_gmt":"2025-12-05T06:58:11","slug":"bang-box-50000-puff-50k-disposables-vape-pod-double-flavour","status":"publish","type":"product","link":"https:\/\/vapestornado.com\/ro\/product\/bang-box-50000-puff-50k-disposables-vape-pod-double-flavour\/","title":{"rendered":"Aivono Flash 35000 Puffs Vape de Unica Folosinta Reincarcabil Cumparare in Vrac"},"content":{"rendered":"<h2 data-pm-slice=\"1 1 []\">Aivono Flash 35000 Puffs Vape de Unica Folosinta Reincarcabil Cumparare in Vrac<\/h2>\n<p data-start=\"1203\" data-end=\"1522\">Bang Box 50000 Puff con\u021bine un rezervor dual-flavor de 45 ml, o baterie re\u00eenc\u0103rcabil\u0103 Type-C de 850 mAh, o bobin\u0103 mesh \u0219i un ecran inteligent \u00eentr-un singur dispozitiv construit pentru a oferi p\u00e2n\u0103 la 50.000 de pufuri f\u0103r\u0103 \u00eenlocuiri frecvente.<\/p>\n<p data-start=\"568\" data-end=\"863\"><strong data-start=\"568\" data-end=\"608\">P\u00e2n\u0103 la 50.000 de pufuri cu un rezervor de 45 ml:<\/strong><br data-start=\"608\" data-end=\"611\" \/>Bang Box 50k este proiectat pentru utilizare zilnic\u0103 \u00eendelungat\u0103. Capacitatea <strong data-start=\"656\" data-end=\"684\">capacitate pre-umplut\u0103 de 45 ml<\/strong> suport\u0103 <strong data-start=\"698\" data-end=\"720\">evaluarea de 50.000 de pufuri<\/strong>, astfel \u00eenc\u00e2t utilizatorii schimb\u0103 de obicei dispozitivele mult mai rar comparativ cu cele de 10k\u201320k. Acest lucru men\u021bine, de asemenea, costul per puf mai stabil \u00een timp.<\/p>\n<p data-start=\"865\" data-end=\"1176\"><strong data-start=\"865\" data-end=\"916\">Sistem Vape Dual Flavour pentru comutare instantanee:<\/strong><br data-start=\"916\" data-end=\"919\" \/>Dou\u0103 profiluri de arom\u0103 sunt integrate \u00eentr-un singur dispozitiv. Configura\u021bia <strong data-start=\"970\" data-end=\"991\">dual-flavor<\/strong> permite utilizatorilor s\u0103 schimbe gusturile oric\u00e2nd doresc, f\u0103r\u0103 a purta un al doilea vape sau a a\u0219tepta o reumplere. Este practic pentru persoanele care alterneaz\u0103 \u00eentre profiluri dulci \u0219i reci pe parcursul zilei.<\/p>\n<p data-start=\"1178\" data-end=\"1456\"><strong data-start=\"1178\" data-end=\"1220\">Bobin\u0103 mesh pentru vapori \u0219i arom\u0103 stabile:<\/strong><br data-start=\"1220\" data-end=\"1223\" \/>Bang Box 50000 puff bar folose\u0219te <strong data-start=\"1237\" data-end=\"1261\">tehnologie mesh coil<\/strong> pentru a \u00eenc\u0103lzi uniform e-lichidul. Acest lucru ajut\u0103 la evitarea loviturilor uscate dure \u0219i men\u021bine produc\u021bia de vapori uniform\u0103 pe un rezervor mare - important \u00een dispozitivele de mare capacitate, unde estomparea aromei poate ap\u0103rea t\u00e2rziu \u00een ciclul de via\u021b\u0103.<\/p>\n<p data-start=\"1458\" data-end=\"1707\"><strong data-start=\"1458\" data-end=\"1507\">Afi\u0219aj digital inteligent pentru urm\u0103rire \u00een timp real:<\/strong><br data-start=\"1507\" data-end=\"1510\" \/>Sistemul <strong data-start=\"1514\" data-end=\"1530\">ecran inteligent<\/strong> afi\u0219eaz\u0103 <strong data-start=\"1537\" data-end=\"1573\">nivelul bateriei \u0219i nivelul e-lichidului<\/strong> pe m\u0103sur\u0103 ce vapezi. Acest lucru elimin\u0103 presupunerile, astfel \u00eenc\u00e2t utilizatorii pot re\u00eenc\u0103rca \u00eenainte ca puterea s\u0103 scad\u0103 \u0219i s\u0103 evite loviturile uscate nea\u0219teptate aproape de sf\u00e2r\u0219itul rezervorului.<\/p>\n<p data-start=\"1709\" data-end=\"1964\"><strong data-start=\"1709\" data-end=\"1748\">Baterie re\u00eenc\u0103rcabil\u0103 de 850mAh cu USB-C:<\/strong><br data-start=\"1748\" data-end=\"1751\" \/>Sistemul <strong data-start=\"1755\" data-end=\"1773\">baterie de 850mAh<\/strong> este dimensionat\u0103 pentru un rezervor mare \u0219i un num\u0103r mare de pufuri. Cu <strong data-start=\"1824\" data-end=\"1852\">\u00eenc\u0103rcare rapid\u0103 USB Type-C<\/strong>, timpul de nefunc\u021bionare r\u0103m\u00e2ne scurt \u0219i utilizatorii pot termina \u00eentreaga cantitate de lichid \u00een loc s\u0103 arunce prematur din cauza lipsei de energie.<\/p>\n<p data-start=\"666\" data-end=\"1235\"><strong style=\"font-size: 16px;\"><span style=\"color: #ff0000;\">Adaug\u0103-o pe Amy pe WhatsApp pentru a ob\u021bine un r\u0103spuns rapid \u0219i un pre\u021b redus!<\/span><\/strong><\/p>\n<p><img fetchpriority=\"high\" decoding=\"async\" class=\"size-full wp-image-2932\" src=\"https:\/\/vapestornado.com\/wp-content\/uploads\/2024\/12\/Vape-Wholesale.jpg\" alt=\"\u021aig\u0103ri electronice cu ridicata\" width=\"229\" height=\"300\" \/><\/p>\n<h3><a href=\"https:\/\/wa.me\/8617776015835\" target=\"_blank\" rel=\"noopener\"><span style=\"color: #ff0000;\"><strong>WhatsApp: +86 17776015835<\/strong><\/span><\/a><\/h3>\n<h2><\/h2>\n<h2 data-start=\"1258\" data-end=\"1303\"><strong data-start=\"1265\" data-end=\"1303\">De ce Bang Box 50k este un Must-Try<\/strong><\/h2>\n<table>\n<thead>\n<tr>\n<th>Caracteristic\u0103 \/ Parametru<\/th>\n<th align=\"right\">Spec<\/th>\n<th>Explica\u021bie<\/th>\n<\/tr>\n<\/thead>\n<tbody>\n<tr>\n<td>Numele produsului<\/td>\n<td align=\"right\">Bang Box 50000 Puff Vape de unic\u0103 folosin\u021b\u0103<\/td>\n<td>Denominare clar\u0103 a modelului pentru comenzi repetate \u0219i c\u0103utare.<\/td>\n<\/tr>\n<tr>\n<td>Capacitate Pufuri<\/td>\n<td align=\"right\">P\u00e2n\u0103 la 50.000 de pufuri<\/td>\n<td>Consum disposable de \u00eenalt\u0103 performan\u021b\u0103; mai pu\u021bine \u00eenlocuiri.<\/td>\n<\/tr>\n<tr>\n<td>Volumul lichidului electronic<\/td>\n<td align=\"right\">45ml preumplut<\/td>\n<td>Rezervor mare suport\u0103 sesiuni lungi f\u0103r\u0103 reumplere.<\/td>\n<\/tr>\n<tr>\n<td>Sistem de arome<\/td>\n<td align=\"right\">Vape cu Arom\u0103 Dual\u0103<\/td>\n<td>Dou\u0103 arome \u00eentr-un singur dispozitiv; schimb\u0103 oric\u00e2nd.<\/td>\n<\/tr>\n<tr>\n<td>Tip de bobin\u0103<\/td>\n<td align=\"right\">Rezisten\u021b\u0103 tip plas\u0103<\/td>\n<td>\u00cenc\u0103lzire uniform\u0103 = inhal\u0103ri mai line \u0219i arom\u0103 mai constant\u0103.<\/td>\n<\/tr>\n<tr>\n<td>Baterie<\/td>\n<td align=\"right\">Re\u00eenc\u0103rcabil de 850mAh<\/td>\n<td>Re\u00eencarc\u0103 pentru a folosi tot lichidul electronic \u00een loc s\u0103 irose\u0219ti pufuri.<\/td>\n<\/tr>\n<tr>\n<td>\u00cenc\u0103rcare<\/td>\n<td align=\"right\">USB Type-C<\/td>\n<td>Standard comun de \u00eenc\u0103rcare rapid\u0103; acces facil la cablu.<\/td>\n<\/tr>\n<tr>\n<td>Afi\u0219aj<\/td>\n<td align=\"right\">Ecran digital inteligent<\/td>\n<td>Afi\u0219eaz\u0103 nivelul bateriei + nivelul lichidului electronic \u00een timp real.<\/td>\n<\/tr>\n<tr>\n<td>Utilizatori \u021bint\u0103<\/td>\n<td align=\"right\">Vapori ocazionali p\u00e2n\u0103 la cei intensi<\/td>\n<td>Capacitate mare cu operare simpl\u0103, potrivit\u0103 pentru ambele grupuri.<\/td>\n<\/tr>\n<tr>\n<td>Potrivire pe pia\u021b\u0103<\/td>\n<td align=\"right\">Retail \u0219i en gros \u00een Rom\u00e2nia<\/td>\n<td>Num\u0103r mare de pufuri + arom\u0103 dual\u0103 sus\u021bine cump\u0103rarea repetat\u0103.<\/td>\n<\/tr>\n<\/tbody>\n<\/table>\n<h2 class=\"product-title\"><strong>Recenzie a aromelor Bang Box 50000 Puff Disposables<\/strong><\/h2>\n<article class=\"w-full text-token-text-primary focus-visible:outline-2 focus-visible:outline-offset-[-4px]\" dir=\"auto\" data-testid=\"conversation-turn-32\" data-scroll-anchor=\"false\">\n<div class=\"m-auto text-base py-[18px] px-6\">\n<div class=\"mx-auto flex flex-1 text-base gap-4 md:gap-5 lg:gap-6 md:max-w-3xl lg:max-w-[40rem] xl:max-w-[48rem]\">\n<div class=\"group\/conversation-turn relative flex w-full min-w-0 flex-col @xs\/thread:px-0 @sm\/thread:px-1.5 @md\/thread:px-4\">\n<div class=\"flex-col gap-1 md:gap-3\">\n<div class=\"flex max-w-full flex-col flex-grow\">\n<div class=\"min-h-8 text-message flex w-full flex-col items-end gap-2 whitespace-normal break-words text-start [.text-message+&amp;]:mt-5\" dir=\"auto\" data-message-author-role=\"user\" data-message-id=\"ffac41ca-1db4-431b-873a-32c4052956f1\">\n<div class=\"flex w-full flex-col gap-1 empty:hidden items-end rtl:items-start\">\n<div class=\"relative max-w-[var(--user-chat-width,70%)] rounded-3xl bg-token-message-surface px-5 py-2.5\">\n<div class=\"absolute bottom-0 right-full top-0 -mr-3.5 hidden pr-5 pt-2 [.group\/conversation-turn:hover_&amp;]:flex\">\n<div class=\"flex\">\n<article class=\"w-full text-token-text-primary focus-visible:outline-2 focus-visible:outline-offset-[-4px]\" dir=\"auto\" data-testid=\"conversation-turn-39\" data-scroll-anchor=\"true\">\n<div class=\"m-auto text-base py-[18px] px-6\">\n<div class=\"mx-auto flex flex-1 text-base gap-4 md:gap-5 lg:gap-6 md:max-w-3xl lg:max-w-[40rem] xl:max-w-[48rem]\">\n<div class=\"group\/conversation-turn relative flex w-full min-w-0 flex-col agent-turn @xs\/thread:px-0 @sm\/thread:px-1.5 @md\/thread:px-4\">\n<div class=\"flex-col gap-1 md:gap-3\">\n<div class=\"flex max-w-full flex-col flex-grow\">\n<div class=\"min-h-8 text-message flex w-full flex-col items-end gap-2 whitespace-normal break-words text-start [.text-message+&amp;]:mt-5\" dir=\"auto\" data-message-author-role=\"assistant\" data-message-id=\"55a23854-ec57-48dd-bd4f-6118f43d6241\" data-message-model-slug=\"gpt-4o\">\n<div class=\"flex w-full flex-col gap-1 empty:hidden first:pt-[3px]\">\n<div class=\"markdown prose w-full break-words dark:prose-invert light\">\n<p class=\"\" data-start=\"2451\" data-end=\"2502\">1. C\u0103p\u0219uni Kiwi<br \/>\n2. Gum\u0103 de mestecat cu pepene verde<br \/>\n3. Ananas Mango Piersic\u0103<br \/>\n4. Red Bull<br \/>\n5. Suc de piersici<br \/>\n6. M\u0103r Par\u0103<br \/>\n7. Ghea\u021b\u0103 de afine<br \/>\n8. Ghea\u021b\u0103 de dragon negru<br \/>\n9. Ghea\u021b\u0103 de zmeur\u0103 acri\u0219oar\u0103 cu afine<br \/>\n10. Bomboane cu c\u0103p\u0219uni \u0219i zmeur\u0103<br \/>\n11. Ghea\u021b\u0103 albastr\u0103 Razz<br \/>\n12. Ghea\u021b\u0103 de c\u0103p\u0219uni<\/p>\n<figure id=\"attachment_4121\" aria-describedby=\"caption-attachment-4121\" style=\"width: 851px\" class=\"wp-caption alignnone\"><img decoding=\"async\" class=\"wp-image-4121 size-full\" src=\"https:\/\/vapestornado.com\/wp-content\/uploads\/2025\/04\/Bang-Box-50000-Puff-50k-Vape.webp\" alt=\"Cutie Bang 50000 Puff 50k Vape\" width=\"851\" height=\"851\" srcset=\"https:\/\/vapestornado.com\/wp-content\/uploads\/2025\/04\/Bang-Box-50000-Puff-50k-Vape.webp 851w, https:\/\/vapestornado.com\/wp-content\/uploads\/2025\/04\/Bang-Box-50000-Puff-50k-Vape-300x300.webp 300w, https:\/\/vapestornado.com\/wp-content\/uploads\/2025\/04\/Bang-Box-50000-Puff-50k-Vape-150x150.webp 150w, https:\/\/vapestornado.com\/wp-content\/uploads\/2025\/04\/Bang-Box-50000-Puff-50k-Vape-768x768.webp 768w, https:\/\/vapestornado.com\/wp-content\/uploads\/2025\/04\/Bang-Box-50000-Puff-50k-Vape-600x600.webp 600w, https:\/\/vapestornado.com\/wp-content\/uploads\/2025\/04\/Bang-Box-50000-Puff-50k-Vape-100x100.webp 100w\" sizes=\"(max-width: 851px) 100vw, 851px\" \/><figcaption id=\"caption-attachment-4121\" class=\"wp-caption-text\">Cutie Bang 50000 Puff 50k Vape<\/figcaption><\/figure>\n<\/div>\n<\/div>\n<\/div>\n<\/div>\n<\/div>\n<\/div>\n<\/div>\n<\/div>\n<\/article>\n<\/div>\n<\/div>\n<\/div>\n<\/div>\n<\/div>\n<\/div>\n<\/div>\n<\/div>\n<\/div>\n<\/div>\n<\/article>\n<h2>De ce s\u0103 alege\u021bi Vapestornado pentru Bang Box 50000 Puff en-gros?<\/h2>\n<div class=\"flex-shrink-0 flex flex-col relative items-end\">\n<div class=\"pt-0\">\n<div class=\"gizmo-bot-avatar flex h-8 w-8 items-center justify-center overflow-hidden rounded-full\">\n<div class=\"relative p-1 rounded-sm flex items-center justify-center bg-token-main-surface-primary text-token-text-primary h-8 w-8\">\n<p>La Vapestornado, nu doar vindem vape-uri, ci oferim valoare, calitate \u0219i servicii pe care v\u0103 pute\u021bi baza. Ca furnizor de \u00eencredere en-gros al <strong data-start=\"410\" data-end=\"449\">Bang Box 50000 Puff Vape de unic\u0103 folosin\u021b\u0103<\/strong>, oferim <strong data-start=\"460\" data-end=\"488\">pre\u021buri competitive la vrac<\/strong>, asigur\u00e2ndu-v\u0103 c\u0103 ob\u021bine\u021bi <strong data-start=\"511\" data-end=\"537\">cele mai mici tarife en-gros<\/strong> f\u0103r\u0103 a compromite autenticitatea produsului. Echipa noastr\u0103 alege manual doar <strong data-start=\"608\" data-end=\"634\">produse originale 100%<\/strong> cu performan\u021b\u0103 garantat\u0103 \u0219i consisten\u021b\u0103 a aromei. Cu <strong data-start=\"692\" data-end=\"716\">livrare rapid\u0103 la nivel global<\/strong>, un <strong data-start=\"730\" data-end=\"766\">manager de cont dedicat pentru clien\u021bii en-gros<\/strong>, iar actualiz\u0103rile de inventar \u00een timp real asigur\u0103 c\u0103 afacerea dvs. r\u0103m\u00e2ne \u00eenaintea pie\u021bei. Fie c\u0103 sunte\u021bi un magazin de vape-uri, un distribuitor sau un v\u00e2nz\u0103tor online, <strong data-start=\"901\" data-end=\"917\">Vapestornado<\/strong> este partenerul dvs. de \u00eencredere pentru <strong data-start=\"947\" data-end=\"994\">produse cu cerere mare, cum ar fi Bang Box 50k Puff<\/strong>\u2014sus\u021binut de servicii profesionale \u0219i oferte imbatabile.<\/p>\n<p data-start=\"559\" data-end=\"933\" data-is-last-node=\"\" data-is-only-node=\"\">Avem, de asemenea, alte vape-uri populare cu ecran, cum ar fi <a href=\"https:\/\/vapestornado.com\/ro\/product\/solaris-25000-puff-solar-charging-dispsoable-vape-kit-usa\/\">SOLARIS 25000 PUFURI<\/a>, <a href=\"https:\/\/vapestornado.com\/ro\/product\/elfbar-planet-25000-wholesale-disposable-vape-kit-with-digital-screen\/\">ELF BAR Planet 25000<\/a>, <a href=\"https:\/\/vapestornado.com\/ro\/product\/elfworld-ai22000-22k-puff-disposable-vape-pen-kit-best-seller-in-poland\/\">Elf WORLD AI 22000<\/a>, \u0219i altele.<\/p>\n<\/div>\n<div class=\"relative p-1 rounded-sm flex items-center justify-center bg-token-main-surface-primary text-token-text-primary h-8 w-8\">\n<h2>\u00ceNTREB\u0102RI FRECVENTE<\/h2>\n<p data-start=\"3043\" data-end=\"3258\"><strong data-start=\"3043\" data-end=\"3118\">1. Au nevoie dispozitivele de un \u00eenc\u0103rc\u0103tor special pentru Bang Box 50000 Puff?<\/strong><br data-start=\"3118\" data-end=\"3121\" \/>Nu. <strong data-start=\"3129\" data-end=\"3168\">Bang Box 50000 Puff Vape de unic\u0103 folosin\u021b\u0103<\/strong> folose\u0219te <strong data-start=\"3174\" data-end=\"3188\">USB Type-C<\/strong>, astfel \u00eenc\u00e2t orice cablu USB-C standard \u0219i un adaptor de alimentare USB sigur vor func\u021biona.<\/p>\n<p data-start=\"3260\" data-end=\"3561\"><strong data-start=\"3260\" data-end=\"3350\">2. Care dispozitiv de unic\u0103 folosin\u021b\u0103 dureaz\u0103 cel mai mult: Bang Box 50000 Puff sau dispozitivul Bang box 30k?<\/strong><br data-start=\"3350\" data-end=\"3353\" \/>\u00cen utilizarea de zi cu zi, <strong data-start=\"3374\" data-end=\"3397\">Bang Box 50000 Pufuri<\/strong> dureaz\u0103 de obicei mai mult deoarece combin\u0103 <strong data-start=\"3441\" data-end=\"3500\">50.000 de pufuri, 45ml lichid electronic \u0219i o baterie re\u00eenc\u0103rcabil\u0103<\/strong>, \u00een timp ce majoritatea modelelor de 30k au mai pu\u021bin lichid \u0219i se termin\u0103 mai repede.<\/p>\n<p data-start=\"3563\" data-end=\"3814\"><strong data-start=\"3563\" data-end=\"3627\">3. Merit\u0103 sistemul cu arom\u0103 dual\u0103 Bang Box 50000 Puff?<\/strong><br data-start=\"3627\" data-end=\"3630\" \/>Da, dac\u0103 varietatea aromelor conteaz\u0103. Sistemul <strong data-start=\"3665\" data-end=\"3705\">Bang Box 50000 Puff vape cu arom\u0103 dual\u0103<\/strong> ofer\u0103 dou\u0103 profiluri \u00eentr-un singur corp, astfel \u00eenc\u00e2t schimbarea gusturilor este imediat\u0103 \u0219i nu necesit\u0103 un al doilea dispozitiv.<\/p>\n<p data-start=\"3816\" data-end=\"4050\"><strong data-start=\"3816\" data-end=\"3886\">4. \u00ce\u0219i p\u0103streaz\u0103 Bang Box 50000 Puff aroma puternic\u0103 spre sf\u00e2r\u0219it?<\/strong><br data-start=\"3886\" data-end=\"3889\" \/>Sistemul <strong data-start=\"3893\" data-end=\"3906\">rezisten\u021b\u0103 tip mesh<\/strong> ajut\u0103 la men\u021binerea unei \u00eenc\u0103lziri uniforme pe un rezervor mare, reduc\u00e2nd sc\u0103derea aromei \u00een stadiu tardiv \u0219i loviturile uscate care pot ap\u0103rea \u00een dispozitivele de unic\u0103 folosin\u021b\u0103 de mare capacitate.<\/p>\n<p data-start=\"4052\" data-end=\"4308\"><strong data-start=\"4052\" data-end=\"4122\">5. Pot s\u0103 iau un vape de unic\u0103 folosin\u021b\u0103 Bang Box 50000 Puff \u00eentr-un avion?<\/strong><br data-start=\"4122\" data-end=\"4125\" \/>Majoritatea companiilor aeriene permit dispozitivele de unic\u0103 folosin\u021b\u0103 <strong data-start=\"4157\" data-end=\"4185\">\u00een bagajul de m\u00e2n\u0103 doar<\/strong>, nu \u00een bagajele de cal\u0103, deoarece con\u021bin baterii. P\u0103stra\u021bi <strong data-start=\"4246\" data-end=\"4269\">Bang Box 50000 Pufuri<\/strong> sigilat \u0219i respecta\u021bi regulile companiei aeriene\/locale.<\/p>\n<\/div>\n<\/div>\n<\/div>\n<\/div>","protected":false},"excerpt":{"rendered":"<p class=\"LC20lb MBeuO DKV0Md\">Vape de unic\u0103 folosin\u021b\u0103 Bang Box 50000 Puff cu rezervor dual-flavor de 45 ml<br \/>\nVape Bang Box 50000 Puff Dual Flavour cu afi\u0219aj digital inteligent<br \/>\nDispozitiv de unic\u0103 folosin\u021b\u0103 Bang Box 50k Puff cu bobin\u0103 mesh re\u00eenc\u0103rcabil\u0103 Type-C<\/p>\n<p><strong>Ad\u0103uga\u021bi-o pe Amy pe WhatsApp pentru a ob\u021bine un r\u0103spuns corect \u0219i un pre\u021b redus!<\/strong><\/p>\n<p><img fetchpriority=\"high\" decoding=\"async\" class=\"size-full wp-image-2932\" src=\"https:\/\/vapestornado.com\/wp-content\/uploads\/2024\/12\/Vape-Wholesale.jpg\" alt=\"\u021aig\u0103ri electronice cu ridicata\" width=\"229\" height=\"300\" \/><\/p>\n<h3><a href=\"https:\/\/wa.me\/8617776015835\"><span style=\"color: #ff0000;\"><strong>WhatsApp: +86 17776015835<\/strong><\/span><\/a><\/h3>\n<p>&nbsp;<\/p>","protected":false},"featured_media":4122,"comment_status":"open","ping_status":"closed","template":"","meta":{"_acf_changed":false,"_uag_custom_page_level_css":"","_lmt_disableupdate":"no","_lmt_disable":"","_monsterinsights_skip_tracking":false,"_monsterinsights_sitenote_active":false,"_monsterinsights_sitenote_note":"","_monsterinsights_sitenote_category":0,"site-sidebar-layout":"default","site-content-layout":"","ast-site-content-layout":"default","site-content-style":"default","site-sidebar-style":"default","ast-global-header-display":"","ast-banner-title-visibility":"","ast-main-header-display":"","ast-hfb-above-header-display":"","ast-hfb-below-header-display":"","ast-hfb-mobile-header-display":"","site-post-title":"","ast-breadcrumbs-content":"","ast-featured-img":"","footer-sml-layout":"","ast-disable-related-posts":"","theme-transparent-header-meta":"default","adv-header-id-meta":"","stick-header-meta":"","header-above-stick-meta":"","header-main-stick-meta":"","header-below-stick-meta":"","astra-migrate-meta-layouts":"set","ast-page-background-enabled":"default","ast-page-background-meta":{"desktop":{"background-color":"","background-image":"","background-repeat":"repeat","background-position":"center center","background-size":"auto","background-attachment":"scroll","background-type":"","background-media":"","overlay-type":"","overlay-color":"","overlay-opacity":"","overlay-gradient":""},"tablet":{"background-color":"","background-image":"","background-repeat":"repeat","background-position":"center center","background-size":"auto","background-attachment":"scroll","background-type":"","background-media":"","overlay-type":"","overlay-color":"","overlay-opacity":"","overlay-gradient":""},"mobile":{"background-color":"","background-image":"","background-repeat":"repeat","background-position":"center center","background-size":"auto","background-attachment":"scroll","background-type":"","background-media":"","overlay-type":"","overlay-color":"","overlay-opacity":"","overlay-gradient":""}},"ast-content-background-meta":{"desktop":{"background-color":"var(--ast-global-color-5)","background-image":"","background-repeat":"repeat","background-position":"center center","background-size":"auto","background-attachment":"scroll","background-type":"","background-media":"","overlay-type":"","overlay-color":"","overlay-opacity":"","overlay-gradient":""},"tablet":{"background-color":"var(--ast-global-color-5)","background-image":"","background-repeat":"repeat","background-position":"center center","background-size":"auto","background-attachment":"scroll","background-type":"","background-media":"","overlay-type":"","overlay-color":"","overlay-opacity":"","overlay-gradient":""},"mobile":{"background-color":"var(--ast-global-color-5)","background-image":"","background-repeat":"repeat","background-position":"center center","background-size":"auto","background-attachment":"scroll","background-type":"","background-media":"","overlay-type":"","overlay-color":"","overlay-opacity":"","overlay-gradient":""}},"_joinchat":{"telephone":"17776015835"}},"product_brand":[],"product_cat":[192,64,150,151,142,146],"product_tag":[332,333,474,105,195,189],"class_list":{"0":"post-4126","1":"product","2":"type-product","3":"status-publish","4":"has-post-thumbnail","6":"product_cat-50000-puff","7":"product_cat-bangbox-vape","8":"product_cat-buy-disposable-vapes-in-belgium","9":"product_cat-buy-disposable-vapes-in-france","10":"product_cat-digital-box-disposable-vapes","11":"product_cat-rechargeable-disposable-vapes","12":"product_tag-bang-box-50000","13":"product_tag-bang-box-50k","14":"product_tag-bang-hot-sale-vape","15":"product_tag-digital-disposable-vape","16":"product_tag-dual-flavor-disposable-vape","17":"product_tag-puff-50k","18":"desktop-align-left","19":"tablet-align-left","20":"mobile-align-left","22":"first","23":"instock","24":"sale","25":"shipping-taxable","26":"purchasable","27":"product-type-simple"},"acf":[],"uagb_featured_image_src":{"full":["https:\/\/vapestornado.com\/wp-content\/uploads\/2025\/04\/Bang-Box-50000-Puff-Best-Double-Flavor-Vape-scaled.webp",2560,2560,false],"thumbnail":["https:\/\/vapestornado.com\/wp-content\/uploads\/2025\/04\/Bang-Box-50000-Puff-Best-Double-Flavor-Vape-150x150.webp",150,150,true],"medium":["https:\/\/vapestornado.com\/wp-content\/uploads\/2025\/04\/Bang-Box-50000-Puff-Best-Double-Flavor-Vape-300x300.webp",300,300,true],"medium_large":["https:\/\/vapestornado.com\/wp-content\/uploads\/2025\/04\/Bang-Box-50000-Puff-Best-Double-Flavor-Vape-768x768.webp",768,768,true],"large":["https:\/\/vapestornado.com\/wp-content\/uploads\/2025\/04\/Bang-Box-50000-Puff-Best-Double-Flavor-Vape-1024x1024.webp",1024,1024,true],"1536x1536":["https:\/\/vapestornado.com\/wp-content\/uploads\/2025\/04\/Bang-Box-50000-Puff-Best-Double-Flavor-Vape-1536x1536.webp",1536,1536,true],"2048x2048":["https:\/\/vapestornado.com\/wp-content\/uploads\/2025\/04\/Bang-Box-50000-Puff-Best-Double-Flavor-Vape-2048x2048.webp",2048,2048,true],"trp-custom-language-flag":["https:\/\/vapestornado.com\/wp-content\/uploads\/2025\/04\/Bang-Box-50000-Puff-Best-Double-Flavor-Vape-scaled.webp",12,12,false],"woocommerce_thumbnail":["https:\/\/vapestornado.com\/wp-content\/uploads\/2025\/04\/Bang-Box-50000-Puff-Best-Double-Flavor-Vape-300x300.webp",300,300,true],"woocommerce_single":["https:\/\/vapestornado.com\/wp-content\/uploads\/2025\/04\/Bang-Box-50000-Puff-Best-Double-Flavor-Vape-600x600.webp",600,600,true],"woocommerce_gallery_thumbnail":["https:\/\/vapestornado.com\/wp-content\/uploads\/2025\/04\/Bang-Box-50000-Puff-Best-Double-Flavor-Vape-100x100.webp",100,100,true]},"uagb_author_info":{"display_name":"ESAMY","author_link":"https:\/\/vapestornado.com\/ro\/author\/"},"uagb_comment_info":0,"uagb_excerpt":"Bang Box 50000 Puff Disposable Vape with 45ml Dual-Flavor Tank Bang Box 50000 Puff Dual Flavour Vape with Smart Digital Display Bang Box 50k Puff Type-C Rechargeable Mesh Coil Disposable Device Add Amy's whatsapp to get right reply and discount price! WhatsApp: +86 17776015835 &nbsp;","_links":{"self":[{"href":"https:\/\/vapestornado.com\/ro\/wp-json\/wp\/v2\/product\/4126","targetHints":{"allow":["GET"]}}],"collection":[{"href":"https:\/\/vapestornado.com\/ro\/wp-json\/wp\/v2\/product"}],"about":[{"href":"https:\/\/vapestornado.com\/ro\/wp-json\/wp\/v2\/types\/product"}],"replies":[{"embeddable":true,"href":"https:\/\/vapestornado.com\/ro\/wp-json\/wp\/v2\/comments?post=4126"}],"wp:featuredmedia":[{"embeddable":true,"href":"https:\/\/vapestornado.com\/ro\/wp-json\/wp\/v2\/media\/4122"}],"wp:attachment":[{"href":"https:\/\/vapestornado.com\/ro\/wp-json\/wp\/v2\/media?parent=4126"}],"wp:term":[{"taxonomy":"product_brand","embeddable":true,"href":"https:\/\/vapestornado.com\/ro\/wp-json\/wp\/v2\/product_brand?post=4126"},{"taxonomy":"product_cat","embeddable":true,"href":"https:\/\/vapestornado.com\/ro\/wp-json\/wp\/v2\/product_cat?post=4126"},{"taxonomy":"product_tag","embeddable":true,"href":"https:\/\/vapestornado.com\/ro\/wp-json\/wp\/v2\/product_tag?post=4126"}],"curies":[{"name":"wp","href":"https:\/\/api.w.org\/{rel}","templated":true}]}}