{"id":4118,"date":"2025-04-13T08:12:11","date_gmt":"2025-04-13T08:12:11","guid":{"rendered":"https:\/\/vapestornado.com\/?post_type=product&#038;p=4118"},"modified":"2025-08-21T12:11:56","modified_gmt":"2025-08-21T12:11:56","slug":"solaris-25000-puff-solar-charging-dispsoable-vape-kit-usa","status":"publish","type":"product","link":"https:\/\/vapestornado.com\/ro\/product\/solaris-25000-puff-solar-charging-dispsoable-vape-kit-usa\/","title":{"rendered":"Solaris 25000 Puff Kit Vape de Unic\u0103 Folosin\u021b\u0103 cu \u00cenc\u0103rcare Solar\u0103 Rom\u00e2nia"},"content":{"rendered":"<h1 data-pm-slice=\"1 1 []\">Solaris 25000 Puff Kit Vape de Unic\u0103 Folosin\u021b\u0103 cu \u00cenc\u0103rcare Solar\u0103 Rom\u00e2nia<\/h1>\n<p data-start=\"309\" data-end=\"774\">Sistemul <strong data-start=\"313\" data-end=\"361\">Solaris 25000 Puff Vape de Unic\u0103 Folosin\u021b\u0103 cu \u00cenc\u0103rcare Solar\u0103<\/strong> introduce un nou standard \u00een sustenabilitate \u0219i performan\u021b\u0103. Ca primul <strong data-start=\"436\" data-end=\"468\">Vaporizator de unic\u0103 folosin\u021b\u0103 cu 25.000 de pufuri<\/strong> cu panou solar \u00eencorporat, combin\u0103 \u00eenc\u0103rcarea ecologic\u0103 cu rezisten\u021ba de mare capacitate, fiind o solu\u021bie practic\u0103 pentru utilizarea pe termen lung. Echipat cu un rezervor preumplut de 18ml cu lichid \u0219i o baterie re\u00eenc\u0103rcabil\u0103, Solaris ofer\u0103 un flux constant de vapori, conceput pentru fiabilitate \u00een orice mediu.<\/p>\n<p data-start=\"776\" data-end=\"1047\">Pentru \u00eenc\u0103rcare, utilizatorii beneficiaz\u0103 de dou\u0103 op\u021biuni: un panou solar pentru utilizare continu\u0103 \u00een aer liber sau USB Type-C pentru \u00eenc\u0103rcare rapid\u0103 \u0219i eficient\u0103 (cablu neincluse). Aceast\u0103 flexibilitate face ca Solaris s\u0103 fie un companion de \u00eencredere fie c\u0103 e\u0219ti \u00een c\u0103l\u0103torie, drume\u021bie sau te bucuri de activit\u0103\u021bi zilnice.<\/p>\n<p data-start=\"1049\" data-end=\"1276\">Moduri duale de vaping \u2014 <strong data-start=\"1069\" data-end=\"1089\">Normal \u0219i Boost<\/strong> \u2014 combinate cu dou\u0103 bobine din plas\u0103 asigur\u0103 un flux de aer lin \u0219i o intensitate complet\u0103 a aromei. Fluxul de aer ajustabil permite o inhalare personalizat\u0103, asigur\u00e2nd satisfac\u021bie at\u00e2t pentru MTL, c\u00e2t \u0219i pentru produc\u021bia de vapori mai mari.<\/p>\n<p data-start=\"1278\" data-end=\"1637\">Ecranul HD afi\u0219eaz\u0103 \u00een timp real starea pufurilor \u0219i a bateriei, cu anima\u021bii interactive care adaug\u0103 un aspect modern. Finisajul cu efect de str\u0103lucire \u00eencorporat\u0103 Starlight ridic\u0103 designul, oferind un aspect premium care atrage consumatorii tineri adul\u021bi. Activat prin inhalare \u0219i f\u0103r\u0103 butoane, Solaris este u\u0219or de utilizat, combin\u00e2nd tehnologia avansat\u0103 cu u\u0219urin\u021ba \u00een operare.<\/p>\n<p data-start=\"1639\" data-end=\"1865\">Pentru angrosi\u0219ti \u0219i retaileri din Europa, <strong data-start=\"1684\" data-end=\"1732\">Solaris 25000 Puff Vape de Unic\u0103 Folosin\u021b\u0103 cu \u00cenc\u0103rcare Solar\u0103<\/strong> ofer\u0103 un produs distinctiv care r\u0103spunde cererii crescute pentru dispozitive durabile \u0219i de mare capacitate, oferind \u00een acela\u0219i timp o valoare de rev\u00e2nzare puternic\u0103.<\/p>\n<p data-start=\"666\" data-end=\"1235\"><strong style=\"font-size: 16px;\"><span style=\"color: #ff0000;\">Adaug\u0103-o pe Amy pe WhatsApp pentru a ob\u021bine un r\u0103spuns rapid \u0219i un pre\u021b redus!<\/span><\/strong><\/p>\n<p><img fetchpriority=\"high\" decoding=\"async\" class=\"size-full wp-image-2932\" src=\"https:\/\/vapestornado.com\/wp-content\/uploads\/2024\/12\/Vape-Wholesale.jpg\" alt=\"\u021aig\u0103ri electronice cu ridicata\" width=\"229\" height=\"300\" \/><\/p>\n<h3><a href=\"https:\/\/wa.me\/8617776015835\" target=\"_blank\" rel=\"noopener\"><span style=\"color: #ff0000;\"><strong>WhatsApp: +86 17776015835<\/strong><\/span><\/a><\/h3>\n<p>&nbsp;<\/p>\n<h2><strong>Caracteristici cheie ale produsului Solaris 25000 Puff<\/strong><\/h2>\n<ul>\n<li class=\"\" data-start=\"1597\" data-end=\"1621\">\n<p class=\"\" data-start=\"1599\" data-end=\"1621\">P\u00e2n\u0103 la <strong data-start=\"1605\" data-end=\"1621\">25.000 de pufuri<\/strong><\/p>\n<\/li>\n<li class=\"\" data-start=\"1622\" data-end=\"1684\">\n<p class=\"\" data-start=\"1624\" data-end=\"1684\"><strong data-start=\"1624\" data-end=\"1652\">Panou solar + USB Type-C<\/strong> re\u00eenc\u0103rcare (cablu nu este inclus)<\/p>\n<\/li>\n<li class=\"\" data-start=\"1685\" data-end=\"1714\">\n<p class=\"\" data-start=\"1687\" data-end=\"1714\"><strong data-start=\"1687\" data-end=\"1714\">18 ml e-lichid pre-umplut<\/strong><\/p>\n<\/li>\n<li class=\"\" data-start=\"1715\" data-end=\"1748\">\n<p class=\"\" data-start=\"1717\" data-end=\"1748\"><strong data-start=\"1717\" data-end=\"1748\">Concentra\u021bie nicotin\u0103 5% (50mg)<\/strong><\/p>\n<\/li>\n<li class=\"\" data-start=\"1749\" data-end=\"1773\">\n<p class=\"\" data-start=\"1751\" data-end=\"1773\"><strong data-start=\"1751\" data-end=\"1773\">Flux de aer reglabil<\/strong><\/p>\n<\/li>\n<li class=\"\" data-start=\"1774\" data-end=\"1805\">\n<p class=\"\" data-start=\"1776\" data-end=\"1805\"><strong data-start=\"1776\" data-end=\"1789\">Dou\u0103 moduri<\/strong>: Normal<\/p>\n<\/li>\n<li class=\"\" data-start=\"1806\" data-end=\"1847\">\n<p class=\"\" data-start=\"1808\" data-end=\"1847\"><strong data-start=\"1808\" data-end=\"1827\">Bobine duble tip plas\u0103<\/strong> pentru o arom\u0103 \u00eembun\u0103t\u0103\u021bit\u0103<\/p>\n<\/li>\n<li class=\"\" data-start=\"1848\" data-end=\"1872\">\n<p class=\"\" data-start=\"1850\" data-end=\"1872\"><strong data-start=\"1850\" data-end=\"1872\">Ecran animat HD<\/strong><\/p>\n<\/li>\n<li class=\"\" data-start=\"1873\" data-end=\"1900\">\n<p class=\"\" data-start=\"1875\" data-end=\"1900\"><strong data-start=\"1875\" data-end=\"1900\">Efect de str\u0103lucire stelar<\/strong><\/p>\n<\/li>\n<li class=\"\" data-start=\"1901\" data-end=\"1932\">\n<p class=\"\" data-start=\"1903\" data-end=\"1932\"><strong data-start=\"1903\" data-end=\"1921\">Activare prin tragere<\/strong> Vapat MTL<\/p>\n<\/li>\n<li class=\"\" data-start=\"1933\" data-end=\"1977\">\n<p class=\"\" data-start=\"1935\" data-end=\"1977\"><strong data-start=\"1935\" data-end=\"1977\">Design ecologic \u0219i u\u0219or de utilizat<\/strong><\/p>\n<\/li>\n<\/ul>\n<h2 class=\"product-title\"><strong>Recenzie a aromelor Solaris 25000 Puff Disposables<\/strong><\/h2>\n<article class=\"w-full text-token-text-primary focus-visible:outline-2 focus-visible:outline-offset-[-4px]\" dir=\"auto\" data-testid=\"conversation-turn-32\" data-scroll-anchor=\"false\">\n<div class=\"m-auto text-base py-[18px] px-6\">\n<div class=\"mx-auto flex flex-1 text-base gap-4 md:gap-5 lg:gap-6 md:max-w-3xl lg:max-w-[40rem] xl:max-w-[48rem]\">\n<div class=\"group\/conversation-turn relative flex w-full min-w-0 flex-col @xs\/thread:px-0 @sm\/thread:px-1.5 @md\/thread:px-4\">\n<div class=\"flex-col gap-1 md:gap-3\">\n<div class=\"flex max-w-full flex-col flex-grow\">\n<div class=\"min-h-8 text-message flex w-full flex-col items-end gap-2 whitespace-normal break-words text-start [.text-message+&amp;]:mt-5\" dir=\"auto\" data-message-author-role=\"user\" data-message-id=\"ffac41ca-1db4-431b-873a-32c4052956f1\">\n<div class=\"flex w-full flex-col gap-1 empty:hidden items-end rtl:items-start\">\n<div class=\"relative max-w-[var(--user-chat-width,70%)] rounded-3xl bg-token-message-surface px-5 py-2.5\">\n<div class=\"absolute bottom-0 right-full top-0 -mr-3.5 hidden pr-5 pt-2 [.group\/conversation-turn:hover_&amp;]:flex\">\n<div class=\"flex\">\n<article class=\"w-full text-token-text-primary focus-visible:outline-2 focus-visible:outline-offset-[-4px]\" dir=\"auto\" data-testid=\"conversation-turn-39\" data-scroll-anchor=\"true\">\n<div class=\"m-auto text-base py-[18px] px-6\">\n<div class=\"mx-auto flex flex-1 text-base gap-4 md:gap-5 lg:gap-6 md:max-w-3xl lg:max-w-[40rem] xl:max-w-[48rem]\">\n<div class=\"group\/conversation-turn relative flex w-full min-w-0 flex-col agent-turn @xs\/thread:px-0 @sm\/thread:px-1.5 @md\/thread:px-4\">\n<div class=\"flex-col gap-1 md:gap-3\">\n<div class=\"flex max-w-full flex-col flex-grow\">\n<div class=\"min-h-8 text-message flex w-full flex-col items-end gap-2 whitespace-normal break-words text-start [.text-message+&amp;]:mt-5\" dir=\"auto\" data-message-author-role=\"assistant\" data-message-id=\"55a23854-ec57-48dd-bd4f-6118f43d6241\" data-message-model-slug=\"gpt-4o\">\n<div class=\"flex w-full flex-col gap-1 empty:hidden first:pt-[3px]\">\n<div class=\"markdown prose w-full break-words dark:prose-invert light\">\n<ul>\n<li class=\"\" data-start=\"2002\" data-end=\"2063\">\n<p class=\"\" data-start=\"2004\" data-end=\"2063\"><strong data-start=\"2004\" data-end=\"2017\">Zmeur\u0103 Albastr\u0103<\/strong> \u2013 Amestec dulce \u0219i acidulat de zmeur\u0103 \u0219i afine<\/p>\n<\/li>\n<li class=\"\" data-start=\"2064\" data-end=\"2128\">\n<p class=\"\" data-start=\"2066\" data-end=\"2128\"><strong data-start=\"2066\" data-end=\"2082\">Slurpie Albastru<\/strong> \u2013 Ghea\u021b\u0103 albastr\u0103 pentru un val r\u0103coros, nostalgic<\/p>\n<\/li>\n<li class=\"\" data-start=\"2129\" data-end=\"2179\">\n<p class=\"\" data-start=\"2131\" data-end=\"2179\"><strong data-start=\"2131\" data-end=\"2146\">Bomb\u0103 de Cire\u0219e<\/strong> \u2013 Explozie \u00eendr\u0103znea\u021b\u0103 de arom\u0103 de cire\u0219e<\/p>\n<\/li>\n<li class=\"\" data-start=\"2180\" data-end=\"2241\">\n<p class=\"\" data-start=\"2182\" data-end=\"2241\"><strong data-start=\"2182\" data-end=\"2195\">Ment\u0103 Rece<\/strong> \u2013 Ment\u0103 crocant\u0103, revigorant\u0103 pentru un finisaj curat<\/p>\n<\/li>\n<li class=\"\" data-start=\"2242\" data-end=\"2325\">\n<p class=\"\" data-start=\"2244\" data-end=\"2325\"><strong data-start=\"2244\" data-end=\"2274\">Limonad\u0103 cu Mango \u0219i Fructul Dragonului<\/strong> \u2013 Fuziune tropical\u0103 de mango, fructul dragonului \u0219i citrice<\/p>\n<\/li>\n<li class=\"\" data-start=\"2326\" data-end=\"2378\">\n<p class=\"\" data-start=\"2328\" data-end=\"2378\"><strong data-start=\"2328\" data-end=\"2342\">Ment\u0103 Miami<\/strong> \u2013 Ment\u0103 fin\u0103 cu o vibra\u021bie de coast\u0103<\/p>\n<\/li>\n<li class=\"\" data-start=\"2379\" data-end=\"2448\">\n<p class=\"\" data-start=\"2381\" data-end=\"2448\"><strong data-start=\"2381\" data-end=\"2406\">C\u0103p\u0219uni \u0219i Pepene Verde<\/strong> \u2013 Combina\u021bie suculent\u0103 de c\u0103p\u0219uni \u0219i pepene verde<\/p>\n<\/li>\n<li class=\"\" data-start=\"2449\" data-end=\"2502\">\n<p class=\"\" data-start=\"2451\" data-end=\"2502\"><strong data-start=\"2451\" data-end=\"2467\">Explozie de Var\u0103<\/strong> \u2013 O explozie de fructe de var\u0103 amestecate<\/p>\n<\/li>\n<li class=\"\" data-start=\"2449\" data-end=\"2502\">\n<p class=\"\" data-start=\"2451\" data-end=\"2502\"><strong style=\"font-size: 16px;\" data-start=\"2505\" data-end=\"2525\">R\u0103coare de Pepene Verde<\/strong><span style=\"font-size: 16px;\"> \u2013 Arom\u0103 r\u0103coritoare de pepene verde rece<\/span><\/p>\n<p>&nbsp;<\/p>\n<p>&nbsp;<\/p>\n<p>&nbsp;<\/p>\n<div class=\"mceTemp\">\n<p>&nbsp;<\/p>\n<p><img decoding=\"async\" class=\"wp-image-4112 size-full\" src=\"https:\/\/vapestornado.com\/wp-content\/uploads\/2025\/04\/Solaris-25K-Disposable-Wholesale.png\" alt=\"Solaris 25K de unic\u0103 folosin\u021b\u0103 en-gros\" width=\"800\" height=\"800\" srcset=\"https:\/\/vapestornado.com\/wp-content\/uploads\/2025\/04\/Solaris-25K-Disposable-Wholesale.png 800w, https:\/\/vapestornado.com\/wp-content\/uploads\/2025\/04\/Solaris-25K-Disposable-Wholesale-300x300.png 300w, https:\/\/vapestornado.com\/wp-content\/uploads\/2025\/04\/Solaris-25K-Disposable-Wholesale-150x150.png 150w, https:\/\/vapestornado.com\/wp-content\/uploads\/2025\/04\/Solaris-25K-Disposable-Wholesale-768x768.png 768w, https:\/\/vapestornado.com\/wp-content\/uploads\/2025\/04\/Solaris-25K-Disposable-Wholesale-600x600.png 600w, https:\/\/vapestornado.com\/wp-content\/uploads\/2025\/04\/Solaris-25K-Disposable-Wholesale-100x100.png 100w\" sizes=\"(max-width: 800px) 100vw, 800px\" \/><\/p>\n<\/div>\n<\/li>\n<\/ul>\n<\/div>\n<\/div>\n<\/div>\n<\/div>\n<\/div>\n<\/div>\n<\/div>\n<\/div>\n<\/article>\n<\/div>\n<\/div>\n<\/div>\n<\/div>\n<\/div>\n<\/div>\n<\/div>\n<\/div>\n<\/div>\n<\/div>\n<\/article>\n<h2>De ce s\u0103 alege\u021bi Vapestornado pentru achizi\u021bionarea \u00een vrac a Solaris 25000 Puff?<\/h2>\n<div class=\"flex-shrink-0 flex flex-col relative items-end\">\n<div class=\"pt-0\">\n<div class=\"gizmo-bot-avatar flex h-8 w-8 items-center justify-center overflow-hidden rounded-full\">\n<div class=\"relative p-1 rounded-sm flex items-center justify-center bg-token-main-surface-primary text-token-text-primary h-8 w-8\">\n<p>At\u00a0<strong>VapeTornado<\/strong>, ne m\u00e2ndrim cu furnizarea de\u00a0<strong>produse de vapat premium la pre\u021buri imbatabile<\/strong>\u2014\u0219i Elf Box Crystal Bar 600 nu face excep\u021bie! Iat\u0103 de ce ar trebui s\u0103 cump\u0103ra\u021bi de la noi:<\/p>\n<p class=\"\" data-start=\"49\" data-end=\"193\"><strong data-start=\"49\" data-end=\"81\">Pre\u021buri Angro Imbatabile<\/strong> \u2013 Bucura\u021bi-v\u0103 de cele mai bune oferte en-gros de pe pia\u021b\u0103, ceea ce ne face furnizorul preferat pentru magazinele de vapat \u0219i resellerii din \u00eentreaga lume.<\/p>\n<p class=\"\" data-start=\"195\" data-end=\"340\"><strong data-start=\"195\" data-end=\"228\">Rapid<\/strong> \u2013 Livr\u0103m comenzile dumneavoastr\u0103 rapid \u0219i \u00een siguran\u021b\u0103, cu op\u021biuni de transport fiabile \u00een \u00eentreaga lume, adaptate nevoilor dumneavoastr\u0103.<\/p>\n<p class=\"\" data-start=\"342\" data-end=\"487\"><strong data-start=\"342\" data-end=\"367\">Produse Autentice 100%<\/strong> \u2013 Spune adio replicilor! Garant\u0103m doar vaporizatoare de unic\u0103 folosin\u021b\u0103 Solaris 25000 originale, cu calitate \u0219i performan\u021b\u0103 verificate.<\/p>\n<p class=\"\" data-start=\"489\" data-end=\"627\"><strong data-start=\"489\" data-end=\"516\">Asisten\u021b\u0103 Specializat\u0103 pentru Clien\u021bi<\/strong> \u2013 Ave\u021bi \u00eentreb\u0103ri? Echipa noastr\u0103 de speciali\u0219ti \u00een vape este aici pentru dumneavoastr\u0103 oric\u00e2nd, asigur\u00e2nd un serviciu f\u0103r\u0103 probleme.<\/p>\n<p data-start=\"559\" data-end=\"933\" data-is-last-node=\"\" data-is-only-node=\"\">Avem, de asemenea, alte vape-uri populare cu ecran, cum ar fi <a href=\"https:\/\/vapestornado.com\/ro\/product\/bang-king-vape-36000-puff-dual-vaping-mode-disposables-pod-best-price\/\">BANG KING 36000 Shisha<\/a>, <a href=\"https:\/\/vapestornado.com\/ro\/product\/waspe-aiviou-3-in-1-60000-puffs-disposable-vape-kit-best-price\/\">WASPE 60000 3 \u00een 1<\/a>, <a href=\"https:\/\/vapestornado.com\/ro\/product\/alfakh-crown-bar-20000-puffs-disposable-shisha-hookah-wholesale-vape-pen\/\">ALFAKH 20000<\/a>, \u0219i altele.<\/p>\n<\/div>\n<div class=\"relative p-1 rounded-sm flex items-center justify-center bg-token-main-surface-primary text-token-text-primary h-8 w-8\">\n<h2>\u00centreb\u0103ri frecvente pentru Solaris 25000 Puff<\/h2>\n<p class=\"\" data-start=\"155\" data-end=\"385\"><strong data-start=\"155\" data-end=\"212\">1. Cum \u00eencarc vape-ul de unic\u0103 folosin\u021b\u0103 Solaris 25000?<\/strong><br data-start=\"212\" data-end=\"215\" \/>Solaris 25000 dispune de metode de \u00eenc\u0103rcare duale: un <strong data-start=\"276\" data-end=\"291\">panou solar<\/strong> \u00eencorporat pentru \u00eenc\u0103rcare ecologic\u0103 \u0219i un <strong data-start=\"324\" data-end=\"343\">port USB Type-C<\/strong> (cablu nu este inclus) pentru re\u00eenc\u0103rcare rapid\u0103.<\/p>\n<p class=\"\" data-start=\"387\" data-end=\"576\"><strong data-start=\"387\" data-end=\"438\">2. C\u00e2te pufuri ofer\u0103 Solaris 25000?<\/strong><br data-start=\"438\" data-end=\"441\" \/>Fiecare dispozitiv ofer\u0103 aproximativ <strong data-start=\"476\" data-end=\"492\">25.000 de pufuri<\/strong>, datorit\u0103 capacit\u0103\u021bii sale mari de <strong data-start=\"522\" data-end=\"550\">18 ml de e-lichid pre-umplut<\/strong> \u0219i baterie re\u00eenc\u0103rcabil\u0103.<\/p>\n<p class=\"\" data-start=\"578\" data-end=\"805\"><strong data-start=\"578\" data-end=\"637\">3. Care este diferen\u021ba dintre modul Normal \u0219i modul Boost?<\/strong><br data-start=\"637\" data-end=\"640\" \/>Modul Normal ofer\u0103 o experien\u021b\u0103 de vapat mai lin\u0103, standard, \u00een timp ce modul Boost intensific\u0103 produc\u021bia de vapori \u0219i senza\u021bia \u00een g\u00e2t \u2014 ideal pentru utilizatorii care caut\u0103 o performan\u021b\u0103 mai puternic\u0103.<\/p>\n<p class=\"\" data-start=\"807\" data-end=\"1031\"><strong data-start=\"807\" data-end=\"860\">4. Solaris 25000 este re\u00eenc\u0103rcabil sau de unic\u0103 folosin\u021b\u0103?<\/strong><br data-start=\"860\" data-end=\"863\" \/>Solaris 25000 este un <strong data-start=\"882\" data-end=\"901\">vape de unic\u0103 folosin\u021b\u0103<\/strong>. De\u0219i este <strong data-start=\"915\" data-end=\"931\">re\u00eenc\u0103rcabil<\/strong>, vine <strong data-start=\"942\" data-end=\"975\">pre-umplut \u0219i nu poate fi reumplut<\/strong>, oferind confort f\u0103r\u0103 a fi nevoie de \u00eentre\u021binere.<\/p>\n<p class=\"\" data-start=\"1033\" data-end=\"1232\"><strong data-start=\"1033\" data-end=\"1094\">5. Ce concentra\u021bie de nicotin\u0103 con\u021bine Solaris 25000?<\/strong><br data-start=\"1094\" data-end=\"1097\" \/>Fiecare unitate con\u021bine <strong data-start=\"1116\" data-end=\"1138\">5% (50mg) nicotin\u0103<\/strong>, oferind o lovitur\u0103 satisf\u0103c\u0103toare, potrivit\u0103 pentru utilizatorii adul\u021bi care caut\u0103 o experien\u021b\u0103 mai puternic\u0103 cu nicotin\u0103.<\/p>\n<\/div>\n<\/div>\n<\/div>\n<\/div>","protected":false},"excerpt":{"rendered":"<p class=\"LC20lb MBeuO DKV0Md\">Solaris 25000 Puff Cel mai bun magazin online de vape-uri Rom\u00e2nia<br \/>\nSolaris 25000 Puff vape Pre\u021b en-gros Ieftin<br \/>\nVaporizator de Unic\u0103 Folosin\u021b\u0103 Solaris 25000 Puff, la Mare C\u0103utare<\/p>\n<p><strong>Ad\u0103uga\u021bi-o pe Amy pe WhatsApp pentru a ob\u021bine un r\u0103spuns corect \u0219i un pre\u021b redus!<\/strong><\/p>\n<p><img fetchpriority=\"high\" decoding=\"async\" class=\"size-full wp-image-2932\" src=\"https:\/\/vapestornado.com\/wp-content\/uploads\/2024\/12\/Vape-Wholesale.jpg\" alt=\"\u021aig\u0103ri electronice cu ridicata\" width=\"229\" height=\"300\" \/><\/p>\n<h3><a href=\"https:\/\/wa.me\/8617776015835\"><span style=\"color: #ff0000;\"><strong>WhatsApp: +86 17776015835<\/strong><\/span><\/a><\/h3>\n<p>&nbsp;<\/p>","protected":false},"featured_media":4114,"comment_status":"open","ping_status":"closed","template":"","meta":{"_acf_changed":false,"_uag_custom_page_level_css":"","_lmt_disableupdate":"no","_lmt_disable":"","_monsterinsights_skip_tracking":false,"_monsterinsights_sitenote_active":false,"_monsterinsights_sitenote_note":"","_monsterinsights_sitenote_category":0,"site-sidebar-layout":"default","site-content-layout":"","ast-site-content-layout":"default","site-content-style":"default","site-sidebar-style":"default","ast-global-header-display":"","ast-banner-title-visibility":"","ast-main-header-display":"","ast-hfb-above-header-display":"","ast-hfb-below-header-display":"","ast-hfb-mobile-header-display":"","site-post-title":"","ast-breadcrumbs-content":"","ast-featured-img":"","footer-sml-layout":"","ast-disable-related-posts":"","theme-transparent-header-meta":"default","adv-header-id-meta":"","stick-header-meta":"","header-above-stick-meta":"","header-main-stick-meta":"","header-below-stick-meta":"","astra-migrate-meta-layouts":"set","ast-page-background-enabled":"default","ast-page-background-meta":{"desktop":{"background-color":"","background-image":"","background-repeat":"repeat","background-position":"center center","background-size":"auto","background-attachment":"scroll","background-type":"","background-media":"","overlay-type":"","overlay-color":"","overlay-opacity":"","overlay-gradient":""},"tablet":{"background-color":"","background-image":"","background-repeat":"repeat","background-position":"center center","background-size":"auto","background-attachment":"scroll","background-type":"","background-media":"","overlay-type":"","overlay-color":"","overlay-opacity":"","overlay-gradient":""},"mobile":{"background-color":"","background-image":"","background-repeat":"repeat","background-position":"center center","background-size":"auto","background-attachment":"scroll","background-type":"","background-media":"","overlay-type":"","overlay-color":"","overlay-opacity":"","overlay-gradient":""}},"ast-content-background-meta":{"desktop":{"background-color":"var(--ast-global-color-5)","background-image":"","background-repeat":"repeat","background-position":"center center","background-size":"auto","background-attachment":"scroll","background-type":"","background-media":"","overlay-type":"","overlay-color":"","overlay-opacity":"","overlay-gradient":""},"tablet":{"background-color":"var(--ast-global-color-5)","background-image":"","background-repeat":"repeat","background-position":"center center","background-size":"auto","background-attachment":"scroll","background-type":"","background-media":"","overlay-type":"","overlay-color":"","overlay-opacity":"","overlay-gradient":""},"mobile":{"background-color":"var(--ast-global-color-5)","background-image":"","background-repeat":"repeat","background-position":"center center","background-size":"auto","background-attachment":"scroll","background-type":"","background-media":"","overlay-type":"","overlay-color":"","overlay-opacity":"","overlay-gradient":""}},"_joinchat":{"telephone":"17776015835"}},"product_brand":[],"product_cat":[68,149,156,142,146],"product_tag":[105,331,330],"class_list":{"0":"post-4118","1":"product","2":"type-product","3":"status-publish","4":"has-post-thumbnail","6":"product_cat-25000-puff","7":"product_cat-buy-disposable-vapes-in-austria","8":"product_cat-buy-disposable-vapes-in-poland","9":"product_cat-digital-box-disposable-vapes","10":"product_cat-rechargeable-disposable-vapes","11":"product_tag-digital-disposable-vape","12":"product_tag-dispsoable-vape-kit-usa","13":"product_tag-solaris-25000-puff","14":"desktop-align-left","15":"tablet-align-left","16":"mobile-align-left","18":"first","19":"instock","20":"sale","21":"shipping-taxable","22":"purchasable","23":"product-type-simple"},"acf":[],"uagb_featured_image_src":{"full":["https:\/\/vapestornado.com\/wp-content\/uploads\/2025\/04\/Solaris-25000-Puffs-Rechargeable-Disposable.png",800,800,false],"thumbnail":["https:\/\/vapestornado.com\/wp-content\/uploads\/2025\/04\/Solaris-25000-Puffs-Rechargeable-Disposable-150x150.png",150,150,true],"medium":["https:\/\/vapestornado.com\/wp-content\/uploads\/2025\/04\/Solaris-25000-Puffs-Rechargeable-Disposable-300x300.png",300,300,true],"medium_large":["https:\/\/vapestornado.com\/wp-content\/uploads\/2025\/04\/Solaris-25000-Puffs-Rechargeable-Disposable-768x768.png",768,768,true],"large":["https:\/\/vapestornado.com\/wp-content\/uploads\/2025\/04\/Solaris-25000-Puffs-Rechargeable-Disposable.png",800,800,false],"1536x1536":["https:\/\/vapestornado.com\/wp-content\/uploads\/2025\/04\/Solaris-25000-Puffs-Rechargeable-Disposable.png",800,800,false],"2048x2048":["https:\/\/vapestornado.com\/wp-content\/uploads\/2025\/04\/Solaris-25000-Puffs-Rechargeable-Disposable.png",800,800,false],"trp-custom-language-flag":["https:\/\/vapestornado.com\/wp-content\/uploads\/2025\/04\/Solaris-25000-Puffs-Rechargeable-Disposable.png",12,12,false],"woocommerce_thumbnail":["https:\/\/vapestornado.com\/wp-content\/uploads\/2025\/04\/Solaris-25000-Puffs-Rechargeable-Disposable-300x300.png",300,300,true],"woocommerce_single":["https:\/\/vapestornado.com\/wp-content\/uploads\/2025\/04\/Solaris-25000-Puffs-Rechargeable-Disposable-600x600.png",600,600,true],"woocommerce_gallery_thumbnail":["https:\/\/vapestornado.com\/wp-content\/uploads\/2025\/04\/Solaris-25000-Puffs-Rechargeable-Disposable-100x100.png",100,100,true]},"uagb_author_info":{"display_name":"ESAMY","author_link":"https:\/\/vapestornado.com\/ro\/author\/"},"uagb_comment_info":0,"uagb_excerpt":"Solaris 25000 Puff\u00a0 Best online Vape store USA Solaris 25000 Puff vape Wholesale Cheap Price Hot Selling Solaris 25000 Puff Disposables Vapor Add Amy's whatsapp to get right reply and discount price! WhatsApp: +86 17776015835 &nbsp;","_links":{"self":[{"href":"https:\/\/vapestornado.com\/ro\/wp-json\/wp\/v2\/product\/4118","targetHints":{"allow":["GET"]}}],"collection":[{"href":"https:\/\/vapestornado.com\/ro\/wp-json\/wp\/v2\/product"}],"about":[{"href":"https:\/\/vapestornado.com\/ro\/wp-json\/wp\/v2\/types\/product"}],"replies":[{"embeddable":true,"href":"https:\/\/vapestornado.com\/ro\/wp-json\/wp\/v2\/comments?post=4118"}],"wp:featuredmedia":[{"embeddable":true,"href":"https:\/\/vapestornado.com\/ro\/wp-json\/wp\/v2\/media\/4114"}],"wp:attachment":[{"href":"https:\/\/vapestornado.com\/ro\/wp-json\/wp\/v2\/media?parent=4118"}],"wp:term":[{"taxonomy":"product_brand","embeddable":true,"href":"https:\/\/vapestornado.com\/ro\/wp-json\/wp\/v2\/product_brand?post=4118"},{"taxonomy":"product_cat","embeddable":true,"href":"https:\/\/vapestornado.com\/ro\/wp-json\/wp\/v2\/product_cat?post=4118"},{"taxonomy":"product_tag","embeddable":true,"href":"https:\/\/vapestornado.com\/ro\/wp-json\/wp\/v2\/product_tag?post=4118"}],"curies":[{"name":"wp","href":"https:\/\/api.w.org\/{rel}","templated":true}]}}