{"id":4111,"date":"2025-04-11T09:55:33","date_gmt":"2025-04-11T09:55:33","guid":{"rendered":"https:\/\/vapestornado.com\/?post_type=product&#038;p=4111"},"modified":"2025-12-04T03:58:48","modified_gmt":"2025-12-04T03:58:48","slug":"high-quality-bang-leader-30000-puffs-disposable-box-pod-vaporizer","status":"publish","type":"product","link":"https:\/\/vapestornado.com\/ro\/product\/high-quality-bang-leader-30000-puffs-disposable-box-pod-vaporizer\/","title":{"rendered":"Vaporizator tip capsul\u0103 de unic\u0103 folosin\u021b\u0103 High Quality Bang Leader 30000 Puffs"},"content":{"rendered":"<h1 data-pm-slice=\"1 1 []\">Vaporizator tip capsul\u0103 de unic\u0103 folosin\u021b\u0103 High Quality Bang Leader 30000 Puffs<\/h1>\n<p data-start=\"1148\" data-end=\"1548\">Dac\u0103 dore\u0219ti un dispozitiv de unic\u0103 folosin\u021b\u0103 care dureaz\u0103 mult mai mult dec\u00e2t dispozitivele standard, \u00ee\u021bi permite s\u0103 schimbi \u00eentre dou\u0103 arome instantaneu \u0219i te \u021bine informat cu un ecran inteligent, Bang Leader 30000 Puff ofer\u0103 p\u00e2n\u0103 la 30.000 de pufuri cu bobine duble din plas\u0103, rota\u021bie dubl\u0103 de arome \u0219i \u00eenc\u0103rcare Type-C \u00eentr-un design compact.<\/p>\n<ul>\n<li data-start=\"759\" data-end=\"922\">\n<p data-start=\"761\" data-end=\"922\"><strong data-start=\"761\" data-end=\"779\">Construit pentru durabilitate:<\/strong> Cu <strong data-start=\"785\" data-end=\"807\">p\u00e2n\u0103 la 30.000 de pufuri<\/strong>, acesta este o <strong data-start=\"819\" data-end=\"854\">cel mai durabil vape de unic\u0103 folosin\u021b\u0103<\/strong> op\u021biune \u00een clasa sa, reduc\u00e2nd \u00eenlocuirile \u0219i costul pe puf.<\/p>\n<\/li>\n<li data-start=\"923\" data-end=\"1082\">\n<p data-start=\"925\" data-end=\"1082\"><strong data-start=\"925\" data-end=\"953\">Dou\u0103 arome, un dispozitiv:<\/strong> Sistemul <strong data-start=\"958\" data-end=\"1001\">Vape cu arom\u0103 dubl\u0103 Bang Leader 30000 Puff<\/strong> \u00ee\u021bi permite s\u0103 r\u0103suce\u0219ti \u0219i s\u0103 schimbi \u00eentre dou\u0103 profile instantaneu \u2014 nu este nevoie de alt vape.<\/p>\n<\/li>\n<li data-start=\"1083\" data-end=\"1235\">\n<p data-start=\"1085\" data-end=\"1235\"><strong data-start=\"1085\" data-end=\"1107\">Control \u00een timp real:<\/strong> Ca un <strong data-start=\"1113\" data-end=\"1148\">dispozitiv de unic\u0103 folosin\u021b\u0103 cu ecran LED<\/strong>, afi\u0219eaz\u0103 clar nivelul bateriei \u0219i al lichidului, astfel \u00eenc\u00e2t s\u0103 nu ghice\u0219ti \u00een timpul sesiunii.<\/p>\n<\/li>\n<li data-start=\"1236\" data-end=\"1377\">\n<p data-start=\"1238\" data-end=\"1377\"><strong data-start=\"1238\" data-end=\"1267\">Livrare fiabil\u0103 a aromei:<\/strong> <strong data-start=\"1268\" data-end=\"1287\">Bobine duble tip plas\u0103<\/strong> men\u021bine vaporul dens \u0219i aroma lin\u0103 de la prima inhalare p\u00e2n\u0103 la ultima, chiar \u0219i dup\u0103 utilizare \u00eendelungat\u0103.<\/p>\n<\/li>\n<li data-start=\"1378\" data-end=\"1517\">\n<p data-start=\"1380\" data-end=\"1517\"><strong data-start=\"1380\" data-end=\"1411\">Putere convenabil\u0103 pentru deplasare:<\/strong> <strong data-start=\"1412\" data-end=\"1450\">Baterie re\u00eenc\u0103rcabil\u0103 de 550mAh tip C<\/strong> \u00eenseamn\u0103 c\u0103 po\u021bi termina rezervorul complet f\u0103r\u0103 ca dispozitivul s\u0103 se descarce prematur.<\/p>\n<\/li>\n<\/ul>\n<h2 class=\"\" data-start=\"1229\" data-end=\"1282\"><strong data-start=\"1235\" data-end=\"1282\">Specifica\u021bii Vape Bang Leader 30000 Puff<\/strong><\/h2>\n<table>\n<thead>\n<tr>\n<th>Parametru<\/th>\n<th align=\"right\">Spec<\/th>\n<th>Explica\u021bie uman\u0103<\/th>\n<\/tr>\n<\/thead>\n<tbody>\n<tr>\n<td>Capacitate Pufuri<\/td>\n<td align=\"right\">P\u00e2n\u0103 la 30.000 de pufuri<\/td>\n<td>Cel mai durabil dispozitiv de unic\u0103 folosin\u021b\u0103 din categoria sa; mai pu\u021bine re\u00eennoiri.<\/td>\n<\/tr>\n<tr>\n<td>Sistem de arome<\/td>\n<td align=\"right\">rota\u021bie dual\u0103 de arome<\/td>\n<td>Dou\u0103 arome \u00eentr-un singur dispozitiv; r\u0103suce\u0219te pentru a schimba instantaneu.<\/td>\n<\/tr>\n<tr>\n<td>Tip de bobin\u0103<\/td>\n<td align=\"right\">Bobine duble tip plas\u0103<\/td>\n<td>\u00cenc\u0103lzire uniform\u0103 = arom\u0103 mai puternic\u0103, vapori mai netezi, mai pu\u021bin\u0103 estompare.<\/td>\n<\/tr>\n<tr>\n<td>Baterie<\/td>\n<td align=\"right\">550mAh re\u00eenc\u0103rcabil<\/td>\n<td>Destul\u0103 putere pentru utilizare \u00eendelungat\u0103; re\u00eencarc\u0103 \u00een loc s\u0103 pierzi pufuri.<\/td>\n<\/tr>\n<tr>\n<td>\u00cenc\u0103rcare<\/td>\n<td align=\"right\">USB Type-C<\/td>\n<td>Cablu de \u00eenc\u0103rcare rapid\u0103, universal standard.<\/td>\n<\/tr>\n<tr>\n<td>Afi\u0219aj<\/td>\n<td align=\"right\">Ecran inteligent LED<\/td>\n<td>Afi\u0219eaz\u0103 nivelul bateriei + nivelul de e-lichid pentru a r\u0103m\u00e2ne \u00een control.<\/td>\n<\/tr>\n<tr>\n<td>Activare<\/td>\n<td align=\"right\">Activare prin tragere<\/td>\n<td>F\u0103r\u0103 butoane; inhaleaz\u0103 pentru a vapora\u2014prietenoas\u0103 pentru \u00eencep\u0103tori.<\/td>\n<\/tr>\n<tr>\n<td>Stil de corp<\/td>\n<td align=\"right\">Design compact de cutie<\/td>\n<td>U\u0219or de purtat, robust \u00een buzunare sau geant\u0103.<\/td>\n<\/tr>\n<tr>\n<td>Utilizare \u021bint\u0103<\/td>\n<td align=\"right\">Sesuni zilnice + intense<\/td>\n<td>Func\u021bioneaz\u0103 pentru utilizatori ocazionali \u0219i vapori cu frecven\u021b\u0103 mare.<\/td>\n<\/tr>\n<\/tbody>\n<\/table>\n<p data-start=\"666\" data-end=\"1235\"><strong style=\"font-size: 16px;\"><span style=\"color: #ff0000;\">Adaug\u0103-o pe Amy pe WhatsApp pentru a ob\u021bine un r\u0103spuns rapid \u0219i un pre\u021b redus!<\/span><\/strong><\/p>\n<p><img fetchpriority=\"high\" decoding=\"async\" class=\"size-full wp-image-2932\" src=\"https:\/\/vapestornado.com\/wp-content\/uploads\/2024\/12\/Vape-Wholesale.jpg\" alt=\"\u021aig\u0103ri electronice cu ridicata\" width=\"229\" height=\"300\" \/><\/p>\n<h3><a href=\"https:\/\/wa.me\/8617776015835\" target=\"_blank\" rel=\"noopener\"><span style=\"color: #ff0000;\"><strong>WhatsApp: +86 17776015835<\/strong><\/span><\/a><\/h3>\n<p>&nbsp;<\/p>\n<h2 class=\"product-title\"><strong>Prezentare general\u0103 a aromelor \u021big\u0103rilor electronice de unic\u0103 folosin\u021b\u0103 Bang Leader 30k<\/strong><\/h2>\n<article class=\"w-full text-token-text-primary focus-visible:outline-2 focus-visible:outline-offset-[-4px]\" dir=\"auto\" data-testid=\"conversation-turn-32\" data-scroll-anchor=\"false\">\n<div class=\"m-auto text-base py-[18px] px-6\">\n<div class=\"mx-auto flex flex-1 text-base gap-4 md:gap-5 lg:gap-6 md:max-w-3xl lg:max-w-[40rem] xl:max-w-[48rem]\">\n<div class=\"group\/conversation-turn relative flex w-full min-w-0 flex-col @xs\/thread:px-0 @sm\/thread:px-1.5 @md\/thread:px-4\">\n<div class=\"flex-col gap-1 md:gap-3\">\n<div class=\"flex max-w-full flex-col flex-grow\">\n<div class=\"min-h-8 text-message flex w-full flex-col items-end gap-2 whitespace-normal break-words text-start [.text-message+&amp;]:mt-5\" dir=\"auto\" data-message-author-role=\"user\" data-message-id=\"ffac41ca-1db4-431b-873a-32c4052956f1\">\n<div class=\"flex w-full flex-col gap-1 empty:hidden items-end rtl:items-start\">\n<div class=\"relative max-w-[var(--user-chat-width,70%)] rounded-3xl bg-token-message-surface px-5 py-2.5\">\n<div class=\"absolute bottom-0 right-full top-0 -mr-3.5 hidden pr-5 pt-2 [.group\/conversation-turn:hover_&amp;]:flex\">\n<div class=\"flex\">\n<article class=\"w-full text-token-text-primary focus-visible:outline-2 focus-visible:outline-offset-[-4px]\" dir=\"auto\" data-testid=\"conversation-turn-39\" data-scroll-anchor=\"true\">\n<div class=\"m-auto text-base py-[18px] px-6\">\n<div class=\"mx-auto flex flex-1 text-base gap-4 md:gap-5 lg:gap-6 md:max-w-3xl lg:max-w-[40rem] xl:max-w-[48rem]\">\n<div class=\"group\/conversation-turn relative flex w-full min-w-0 flex-col agent-turn @xs\/thread:px-0 @sm\/thread:px-1.5 @md\/thread:px-4\">\n<div class=\"flex-col gap-1 md:gap-3\">\n<div class=\"flex max-w-full flex-col flex-grow\">\n<div class=\"min-h-8 text-message flex w-full flex-col items-end gap-2 whitespace-normal break-words text-start [.text-message+&amp;]:mt-5\" dir=\"auto\" data-message-author-role=\"assistant\" data-message-id=\"55a23854-ec57-48dd-bd4f-6118f43d6241\" data-message-model-slug=\"gpt-4o\">\n<div class=\"flex w-full flex-col gap-1 empty:hidden first:pt-[3px]\">\n<div class=\"markdown prose w-full break-words dark:prose-invert light\">\n<p>1. Pepene Verde cu Ghea\u021b\u0103<br \/>\n2. Pepene Verde cu Ghea\u021b\u0103<br \/>\n3. C\u0103p\u0219uni \u0219i Pepene Verde<br \/>\n4. C\u0103p\u0219uni \u0219i Pepene Verde<br \/>\n5. Afine \u0219i Zmeur\u0103<br \/>\n6. Afine \u0219i Zmeur\u0103<br \/>\n7. Afine cu Ghea\u021b\u0103<br \/>\n8. Afine cu Ghea\u021b\u0103<br \/>\n9. Red Bull<br \/>\n10. Red Bull<br \/>\n11. C\u0103p\u0219uni Kiwi<br \/>\n12. C\u0103p\u0219uni Kiwi<\/p>\n<figure id=\"attachment_4109\" aria-describedby=\"caption-attachment-4109\" style=\"width: 800px\" class=\"wp-caption alignnone\"><img decoding=\"async\" class=\"wp-image-4109 size-full\" src=\"https:\/\/vapestornado.com\/wp-content\/uploads\/2025\/04\/High-Quality-Bang-Leader-30000-Puffs-Pen-Pod.webp\" alt=\"Bang Leader 30000 Pufuri Pen Pod de \u00cenalt\u0103 Calitate\" width=\"800\" height=\"800\" srcset=\"https:\/\/vapestornado.com\/wp-content\/uploads\/2025\/04\/High-Quality-Bang-Leader-30000-Puffs-Pen-Pod.webp 800w, https:\/\/vapestornado.com\/wp-content\/uploads\/2025\/04\/High-Quality-Bang-Leader-30000-Puffs-Pen-Pod-300x300.webp 300w, https:\/\/vapestornado.com\/wp-content\/uploads\/2025\/04\/High-Quality-Bang-Leader-30000-Puffs-Pen-Pod-150x150.webp 150w, https:\/\/vapestornado.com\/wp-content\/uploads\/2025\/04\/High-Quality-Bang-Leader-30000-Puffs-Pen-Pod-768x768.webp 768w, https:\/\/vapestornado.com\/wp-content\/uploads\/2025\/04\/High-Quality-Bang-Leader-30000-Puffs-Pen-Pod-600x600.webp 600w, https:\/\/vapestornado.com\/wp-content\/uploads\/2025\/04\/High-Quality-Bang-Leader-30000-Puffs-Pen-Pod-100x100.webp 100w\" sizes=\"(max-width: 800px) 100vw, 800px\" \/><figcaption id=\"caption-attachment-4109\" class=\"wp-caption-text\">Bang Leader 30000 Pufuri Pen Pod de \u00cenalt\u0103 Calitate<\/figcaption><\/figure>\n<\/div>\n<\/div>\n<\/div>\n<\/div>\n<\/div>\n<\/div>\n<\/div>\n<\/div>\n<\/article>\n<\/div>\n<\/div>\n<\/div>\n<\/div>\n<\/div>\n<\/div>\n<\/div>\n<\/div>\n<\/div>\n<\/div>\n<\/article>\n<h2>De ce Vapestornado este Cel Mai Bun Loc Pentru a Cump\u0103ra \u021aig\u0103ri Electronice?<\/h2>\n<div class=\"flex-shrink-0 flex flex-col relative items-end\">\n<div class=\"pt-0\">\n<div class=\"gizmo-bot-avatar flex h-8 w-8 items-center justify-center overflow-hidden rounded-full\">\n<div class=\"relative p-1 rounded-sm flex items-center justify-center bg-token-main-surface-primary text-token-text-primary h-8 w-8\">\n<p>At\u00a0<strong>VapeTornado<\/strong>, ne m\u00e2ndrim cu furnizarea de\u00a0<strong>produse de vapat premium la pre\u021buri imbatabile<\/strong>\u2014\u0219i Bang Leader 30000 Puff 30k nu face excep\u021bie! Iat\u0103 de ce ar trebui s\u0103 cump\u0103ra\u021bi de la noi:<\/p>\n<p class=\"\" data-start=\"49\" data-end=\"193\"><strong data-start=\"49\" data-end=\"81\">Pre\u021buri Angro Imbatabile<\/strong> \u2013 Bucura\u021bi-v\u0103 de cele mai bune oferte en-gros de pe pia\u021b\u0103, ceea ce ne face furnizorul preferat pentru magazinele de vapat \u0219i resellerii din \u00eentreaga lume.<\/p>\n<p class=\"\" data-start=\"195\" data-end=\"340\"><strong data-start=\"195\" data-end=\"228\">Rapid<\/strong> \u2013 Livr\u0103m comenzile dumneavoastr\u0103 rapid \u0219i \u00een siguran\u021b\u0103, cu op\u021biuni de transport fiabile \u00een \u00eentreaga lume, adaptate nevoilor dumneavoastr\u0103.<\/p>\n<p class=\"\" data-start=\"342\" data-end=\"487\"><strong data-start=\"342\" data-end=\"367\">Produse Autentice 100%<\/strong> \u2013 Spune\u021bi adio falsurilor! Garant\u0103m doar vape-uri Bang Leader 30000 Puffs originale, cu calitate \u0219i performan\u021b\u0103 verificate.<\/p>\n<p class=\"\" data-start=\"489\" data-end=\"627\"><strong data-start=\"489\" data-end=\"516\">Asisten\u021b\u0103 Specializat\u0103 pentru Clien\u021bi<\/strong> \u2013 Ave\u021bi \u00eentreb\u0103ri? Echipa noastr\u0103 de speciali\u0219ti \u00een vape este aici pentru dumneavoastr\u0103 oric\u00e2nd, asigur\u00e2nd un serviciu f\u0103r\u0103 probleme.<\/p>\n<p data-start=\"559\" data-end=\"933\" data-is-last-node=\"\" data-is-only-node=\"\">Avem, de asemenea, alte vape-uri populare cu ecran, cum ar fi <a href=\"https:\/\/vapestornado.com\/ro\/product\/wga-legend-ultra-30k-30000-puffs-rechargeable-vape-pod-twins-flavor\/\">WGA Crystal 30000 Pufuri<\/a>, <a href=\"https:\/\/vapestornado.com\/ro\/product\/waspe-aiviou-3-in-1-60000-puffs-disposable-vape-kit-best-price\/\">WASPE 60000 3 \u00een 1<\/a>, <a href=\"https:\/\/vapestornado.com\/ro\/product\/uzy-crystal-50000-puff-twin-flavor-bulk-vapes-for-cheap\/\">UZY Cristal 50000<\/a>, \u0219i altele.<\/p>\n<\/div>\n<div class=\"relative p-1 rounded-sm flex items-center justify-center bg-token-main-surface-primary text-token-text-primary h-8 w-8\">\n<h2>\u00centreb\u0103ri frecvente despre Bang Leader 30000 Puff pe care ar trebui s\u0103 le cunoa\u0219te\u021bi<\/h2>\n<p data-start=\"1588\" data-end=\"1913\"><strong data-start=\"1588\" data-end=\"1678\">\u00centrebare: \u201cM-am s\u0103turat de dispozitivele de unic\u0103 folosin\u021b\u0103 care se termin\u0103 \u00een c\u00e2teva zile. Oare acesta chiar dureaz\u0103?\u201d<\/strong><br data-start=\"1678\" data-end=\"1681\" \/><strong data-start=\"1681\" data-end=\"1687\">A:<\/strong> Da. Liderul Bang ofer\u0103 <strong data-start=\"1718\" data-end=\"1740\">p\u00e2n\u0103 la 30.000 de pufuri<\/strong>, astfel \u00eenc\u00e2t majoritatea utilizatorilor ob\u021bin <strong data-start=\"1760\" data-end=\"1776\">s\u0103pt\u0103m\u00e2ni de utilizare<\/strong>, nu zile. Este conceput pentru vapori intensivi care doresc mai pu\u021bine \u00eenlocuiri \u0219i utilizatori ocazionali care vor un dispozitiv fiabil pentru mai mult timp.<\/p>\n<p data-start=\"1915\" data-end=\"2197\"><strong data-start=\"1915\" data-end=\"1980\">\u00centrebare: \u201eO dispozitiv de unic\u0103 folosin\u021b\u0103 cu vapori mari \u00ee\u0219i pierde aroma pe jum\u0103tate?\u201d<\/strong><br data-start=\"1980\" data-end=\"1983\" \/><strong data-start=\"1983\" data-end=\"1989\">A:<\/strong> Aceasta este o problem\u0103 comun\u0103 cu bobinele standard. Bang Leader o rezolv\u0103 folosind <strong data-start=\"2061\" data-end=\"2090\">tehnologie cu bobin\u0103 dubl\u0103 mesh<\/strong>, care \u00eenc\u0103lze\u0219te lichidul electronic uniform \u0219i men\u021bine un profil de arom\u0103 stabil \u0219i o densitate a vaporilor constant\u0103 pe parcursul sesiunilor lungi.<\/p>\n<p data-start=\"2199\" data-end=\"2470\"><strong data-start=\"2199\" data-end=\"2261\">\u00centrebare: \u201e\u00cemi place s\u0103 schimb aromele. Trebuie s\u0103 cump\u0103r dou\u0103 dispozitive?\u201d<\/strong><br data-start=\"2261\" data-end=\"2264\" \/><strong data-start=\"2264\" data-end=\"2270\">A:<\/strong> Nu. Acesta este un <strong data-start=\"2290\" data-end=\"2333\">Vape cu arom\u0103 dubl\u0103 Bang Leader 30000 Puff<\/strong>. Sistemul de rota\u021bie cu arom\u0103 dual\u0103 \u00ee\u021bi permite s\u0103 <strong data-start=\"2376\" data-end=\"2415\">schimbi \u00eentre dou\u0103 gusturi instantaneu<\/strong> cu o r\u0103sucire, oferind varietate f\u0103r\u0103 a fi nevoie s\u0103 por\u021bi backup-uri.<\/p>\n<p data-start=\"2472\" data-end=\"2734\"><strong data-start=\"2472\" data-end=\"2524\">\u00centrebare: \u201eCum \u0219tiu c\u00e2nd bateria sau lichidul sunt pe terminate?\u201d<\/strong><br data-start=\"2524\" data-end=\"2527\" \/><strong data-start=\"2527\" data-end=\"2533\">A:<\/strong> Ecranul inteligent \u00eencorporat face ca acest lucru s\u0103 fie un <strong data-start=\"2573\" data-end=\"2608\">dispozitiv de unic\u0103 folosin\u021b\u0103 cu ecran LED<\/strong> care arat\u0103 <strong data-start=\"2620\" data-end=\"2663\">nivelul bateriei \u0219i al lichidului \u00een timp real<\/strong>. Vei \u0219ti exact c\u00e2nd s\u0103 re\u00eencarci sau s\u0103 \u00eenlocuie\u0219ti\u2014f\u0103r\u0103 surprize de uscare a atomizorului.<\/p>\n<p data-start=\"2954\" data-end=\"3124\"><strong data-start=\"2954\" data-end=\"3001\">\u00centrebare: \u201eEste suficient de portabil pentru a fi purtat zilnic?\u201d<\/strong><br data-start=\"3001\" data-end=\"3004\" \/><strong data-start=\"3004\" data-end=\"3010\">A:<\/strong> Da. Carcasa compact\u0103, de tip cutie, este <strong data-start=\"3047\" data-end=\"3078\">prietenos pentru buzunar \u0219i durabil\u0103<\/strong>, construit\u0103 pentru navet\u0103, c\u0103l\u0103torii \u0219i ie\u0219iri nocturne.<\/p>\n<p data-start=\"3126\" data-end=\"3428\"><strong data-start=\"3126\" data-end=\"3170\">\u00centrebare: \u201eAromele sunt puternice \u0219i populare?\u201d<\/strong><br data-start=\"3170\" data-end=\"3173\" \/><strong data-start=\"3173\" data-end=\"3179\">A:<\/strong> Gama se concentreaz\u0103 pe perechi de arome care r\u0103m\u00e2n pl\u0103cute pe termen lung\u2014ca <strong data-start=\"3254\" data-end=\"3292\">Red Bull<\/strong>, <strong data-start=\"3294\" data-end=\"3325\">Strawberry Kiwi<\/strong>\u0219i <strong data-start=\"3331\" data-end=\"3368\">Blueberry Ice<\/strong>. \u00cenc\u0103lzirea cu plas\u0103 dubl\u0103 men\u021bine fiecare profil curat \u0219i consecvent.<\/p>\n<\/div>\n<\/div>\n<\/div>\n<\/div>","protected":false},"excerpt":{"rendered":"<p class=\"LC20lb MBeuO DKV0Md\">Bang Leader 30000 Puff-uri \u021aig\u0103ri Electronice Ieftine Magazin de Fumat Angro Polonia<br \/>\nBang Leader 30000 Puff-uri 2 \u00een 1 Cutie Vape cu Arom\u0103 Dubl\u0103 Pre\u021b Angro<br \/>\nBang Leader 30000 Puff-uri \u021aig\u0103ri Electronice Ieftine Cump\u0103ra\u021bi \u00een Vrac<\/p>\n<p><strong>Ad\u0103uga\u021bi-o pe Amy pe WhatsApp pentru a ob\u021bine un r\u0103spuns corect \u0219i un pre\u021b redus!<\/strong><\/p>\n<p><img fetchpriority=\"high\" decoding=\"async\" class=\"size-full wp-image-2932\" src=\"https:\/\/vapestornado.com\/wp-content\/uploads\/2024\/12\/Vape-Wholesale.jpg\" alt=\"\u021aig\u0103ri electronice cu ridicata\" width=\"229\" height=\"300\" \/><\/p>\n<h3><a href=\"https:\/\/wa.me\/8617776015835\"><span style=\"color: #ff0000;\"><strong>WhatsApp: +86 17776015835<\/strong><\/span><\/a><\/h3>\n<p>&nbsp;<\/p>","protected":false},"featured_media":4105,"comment_status":"open","ping_status":"closed","template":"","meta":{"_acf_changed":false,"_uag_custom_page_level_css":"","_lmt_disableupdate":"no","_lmt_disable":"","_monsterinsights_skip_tracking":false,"_monsterinsights_sitenote_active":false,"_monsterinsights_sitenote_note":"","_monsterinsights_sitenote_category":0,"site-sidebar-layout":"default","site-content-layout":"","ast-site-content-layout":"default","site-content-style":"default","site-sidebar-style":"default","ast-global-header-display":"","ast-banner-title-visibility":"","ast-main-header-display":"","ast-hfb-above-header-display":"","ast-hfb-below-header-display":"","ast-hfb-mobile-header-display":"","site-post-title":"","ast-breadcrumbs-content":"","ast-featured-img":"","footer-sml-layout":"","ast-disable-related-posts":"","theme-transparent-header-meta":"default","adv-header-id-meta":"","stick-header-meta":"","header-above-stick-meta":"","header-main-stick-meta":"","header-below-stick-meta":"","astra-migrate-meta-layouts":"set","ast-page-background-enabled":"default","ast-page-background-meta":{"desktop":{"background-color":"","background-image":"","background-repeat":"repeat","background-position":"center center","background-size":"auto","background-attachment":"scroll","background-type":"","background-media":"","overlay-type":"","overlay-color":"","overlay-opacity":"","overlay-gradient":""},"tablet":{"background-color":"","background-image":"","background-repeat":"repeat","background-position":"center center","background-size":"auto","background-attachment":"scroll","background-type":"","background-media":"","overlay-type":"","overlay-color":"","overlay-opacity":"","overlay-gradient":""},"mobile":{"background-color":"","background-image":"","background-repeat":"repeat","background-position":"center center","background-size":"auto","background-attachment":"scroll","background-type":"","background-media":"","overlay-type":"","overlay-color":"","overlay-opacity":"","overlay-gradient":""}},"ast-content-background-meta":{"desktop":{"background-color":"var(--ast-global-color-5)","background-image":"","background-repeat":"repeat","background-position":"center center","background-size":"auto","background-attachment":"scroll","background-type":"","background-media":"","overlay-type":"","overlay-color":"","overlay-opacity":"","overlay-gradient":""},"tablet":{"background-color":"var(--ast-global-color-5)","background-image":"","background-repeat":"repeat","background-position":"center center","background-size":"auto","background-attachment":"scroll","background-type":"","background-media":"","overlay-type":"","overlay-color":"","overlay-opacity":"","overlay-gradient":""},"mobile":{"background-color":"var(--ast-global-color-5)","background-image":"","background-repeat":"repeat","background-position":"center center","background-size":"auto","background-attachment":"scroll","background-type":"","background-media":"","overlay-type":"","overlay-color":"","overlay-opacity":"","overlay-gradient":""}},"_joinchat":{"telephone":"17776015835"}},"product_brand":[],"product_cat":[67,278,154,156,142],"product_tag":[470,469,328,105,198],"class_list":{"0":"post-4111","1":"product","2":"type-product","3":"status-publish","4":"has-post-thumbnail","6":"product_cat-30000-puff","7":"product_cat-bang-leader-vape","8":"product_cat-buy-disposable-vapes-in-netherlands","9":"product_cat-buy-disposable-vapes-in-poland","10":"product_cat-digital-box-disposable-vapes","11":"product_tag-30k-puff-vape","12":"product_tag-bang-leader-30k","13":"product_tag-cheap-e-cigs","14":"product_tag-digital-disposable-vape","15":"product_tag-double-flavor-disposable-vape","16":"desktop-align-left","17":"tablet-align-left","18":"mobile-align-left","20":"first","21":"instock","22":"sale","23":"shipping-taxable","24":"purchasable","25":"product-type-simple"},"acf":[],"uagb_featured_image_src":{"full":["https:\/\/vapestornado.com\/wp-content\/uploads\/2025\/04\/Bang-30000-Puffs-Pro-Big-Screen-Double-Flavors-Disposable.webp",800,800,false],"thumbnail":["https:\/\/vapestornado.com\/wp-content\/uploads\/2025\/04\/Bang-30000-Puffs-Pro-Big-Screen-Double-Flavors-Disposable-150x150.webp",150,150,true],"medium":["https:\/\/vapestornado.com\/wp-content\/uploads\/2025\/04\/Bang-30000-Puffs-Pro-Big-Screen-Double-Flavors-Disposable-300x300.webp",300,300,true],"medium_large":["https:\/\/vapestornado.com\/wp-content\/uploads\/2025\/04\/Bang-30000-Puffs-Pro-Big-Screen-Double-Flavors-Disposable-768x768.webp",768,768,true],"large":["https:\/\/vapestornado.com\/wp-content\/uploads\/2025\/04\/Bang-30000-Puffs-Pro-Big-Screen-Double-Flavors-Disposable.webp",800,800,false],"1536x1536":["https:\/\/vapestornado.com\/wp-content\/uploads\/2025\/04\/Bang-30000-Puffs-Pro-Big-Screen-Double-Flavors-Disposable.webp",800,800,false],"2048x2048":["https:\/\/vapestornado.com\/wp-content\/uploads\/2025\/04\/Bang-30000-Puffs-Pro-Big-Screen-Double-Flavors-Disposable.webp",800,800,false],"trp-custom-language-flag":["https:\/\/vapestornado.com\/wp-content\/uploads\/2025\/04\/Bang-30000-Puffs-Pro-Big-Screen-Double-Flavors-Disposable.webp",12,12,false],"woocommerce_thumbnail":["https:\/\/vapestornado.com\/wp-content\/uploads\/2025\/04\/Bang-30000-Puffs-Pro-Big-Screen-Double-Flavors-Disposable-300x300.webp",300,300,true],"woocommerce_single":["https:\/\/vapestornado.com\/wp-content\/uploads\/2025\/04\/Bang-30000-Puffs-Pro-Big-Screen-Double-Flavors-Disposable-600x600.webp",600,600,true],"woocommerce_gallery_thumbnail":["https:\/\/vapestornado.com\/wp-content\/uploads\/2025\/04\/Bang-30000-Puffs-Pro-Big-Screen-Double-Flavors-Disposable-100x100.webp",100,100,true]},"uagb_author_info":{"display_name":"ESAMY","author_link":"https:\/\/vapestornado.com\/ro\/author\/"},"uagb_comment_info":0,"uagb_excerpt":"Bang Leader 30000 Puffs Cheap E Cigs Smoke Shop Wholesale Poland Bang Leader 30000 Puffs 2 in 1 Double Flavor Vape Box Wholesale Price Bang Leader 30000 Puffs\u00a0 Cheap ECigs Buy In Bulk Add Amy's whatsapp to get right reply and discount price! WhatsApp: +86 17776015835 &nbsp;","_links":{"self":[{"href":"https:\/\/vapestornado.com\/ro\/wp-json\/wp\/v2\/product\/4111","targetHints":{"allow":["GET"]}}],"collection":[{"href":"https:\/\/vapestornado.com\/ro\/wp-json\/wp\/v2\/product"}],"about":[{"href":"https:\/\/vapestornado.com\/ro\/wp-json\/wp\/v2\/types\/product"}],"replies":[{"embeddable":true,"href":"https:\/\/vapestornado.com\/ro\/wp-json\/wp\/v2\/comments?post=4111"}],"wp:featuredmedia":[{"embeddable":true,"href":"https:\/\/vapestornado.com\/ro\/wp-json\/wp\/v2\/media\/4105"}],"wp:attachment":[{"href":"https:\/\/vapestornado.com\/ro\/wp-json\/wp\/v2\/media?parent=4111"}],"wp:term":[{"taxonomy":"product_brand","embeddable":true,"href":"https:\/\/vapestornado.com\/ro\/wp-json\/wp\/v2\/product_brand?post=4111"},{"taxonomy":"product_cat","embeddable":true,"href":"https:\/\/vapestornado.com\/ro\/wp-json\/wp\/v2\/product_cat?post=4111"},{"taxonomy":"product_tag","embeddable":true,"href":"https:\/\/vapestornado.com\/ro\/wp-json\/wp\/v2\/product_tag?post=4111"}],"curies":[{"name":"wp","href":"https:\/\/api.w.org\/{rel}","templated":true}]}}