{"id":4103,"date":"2025-04-10T09:29:15","date_gmt":"2025-04-10T09:29:15","guid":{"rendered":"https:\/\/vapestornado.com\/?post_type=product&#038;p=4103"},"modified":"2025-12-02T09:08:48","modified_gmt":"2025-12-02T09:08:48","slug":"bang-leader-45000-puff-45k-cheap-e-cigs-bulk-buy-online","status":"publish","type":"product","link":"https:\/\/vapestornado.com\/ro\/product\/bang-leader-45000-puff-45k-cheap-e-cigs-bulk-buy-online\/","title":{"rendered":"Bang Leader 45000 puf, 45k, \u021big\u0103ri electronice ieftine, cump\u0103rare \u00een vrac online"},"content":{"rendered":"<h1 data-pm-slice=\"1 1 []\">Bang Leader 45000 puf, 45k, \u021big\u0103ri electronice ieftine, cump\u0103rare \u00een vrac online<\/h1>\n<p data-start=\"465\" data-end=\"826\">Sistemul <strong data-start=\"469\" data-end=\"511\">Bang Leader 45000 Puff Vape de unic\u0103 folosin\u021b\u0103<\/strong> st\u0103 ca una dintre cele mai puternice \u0219i fiabile op\u021biuni din categoria \u021big\u0103rilor electronice de unic\u0103 folosin\u021b\u0103 de 45.000 de pufuri. Cu o baterie re\u00eenc\u0103rcabil\u0103 de 650mAh, niveluri de nicotin\u0103 de 0%, 2% \u0219i 5% \u0219i o capacitate impresionant\u0103 de 45.000 de pufuri, dispozitivul ofer\u0103 o experien\u021b\u0103 de vaping de lung\u0103 durat\u0103 \u0219i constant\u0103, perfect\u0103 pentru sesiuni extinse.<\/p>\n<h4 data-start=\"828\" data-end=\"878\">1. Baterie de \u00eenalt\u0103 performan\u021b\u0103 \u0219i ecran inteligent<\/h4>\n<p data-start=\"879\" data-end=\"1303\">Echipat cu un <strong data-start=\"895\" data-end=\"926\">baterie re\u00eenc\u0103rcabil\u0103 de 650mAh<\/strong>, vape-ul Bang Leader asigur\u0103 c\u0103 po\u021bi savura sesiuni extinse de vaping f\u0103r\u0103 grija re\u00eenc\u0103rc\u0103rilor frecvente. De asemenea, dispune de <strong data-start=\"1058\" data-end=\"1083\">afi\u0219ajul digital inteligent<\/strong> care ofer\u0103 informa\u021bii \u00een timp real despre nivelul bateriei \u0219i al lichidului pentru \u021bigaret\u0103 electronic\u0103, oferind utilizatorilor control total \u00een timpul utiliz\u0103rii. Aceast\u0103 func\u021bie elimin\u0103 presupunerile, ajut\u00e2ndu-te s\u0103 monitorizezi starea dispozitivului pentru o experien\u021b\u0103 f\u0103r\u0103 b\u0103t\u0103i de cap.<\/p>\n<h4 data-start=\"1305\" data-end=\"1337\">2. Bobin\u0103 din plas\u0103 optimizat\u0103 de 1.0\u03a9<\/h4>\n<p data-start=\"1338\" data-end=\"1634\">Sistemul <strong data-start=\"1342\" data-end=\"1360\">de tip mesh de 1.0\u03a9<\/strong> folosit\u0103 \u00een vape-ul Bang Leader \u00eembun\u0103t\u0103\u021be\u0219te produc\u021bia de vapori \u0219i asigur\u0103 inhal\u0103ri line, pline de arom\u0103, de la \u00eenceput p\u00e2n\u0103 la sf\u00e2r\u0219it. Designul bobinei din plas\u0103 ofer\u0103 o eficien\u021b\u0103 mai bun\u0103 de \u00eenc\u0103lzire, furniz\u00e2nd vapori consisten\u021bi \u0219i uniformi pe tot parcursul utiliz\u0103rii dispozitivului, \u00eembun\u0103t\u0103\u021bind experien\u021ba general\u0103 de vaping.<\/p>\n<h4 data-start=\"1636\" data-end=\"1672\">3. Sistem de comutare dual\u0103 a aromelor<\/h4>\n<p data-start=\"1673\" data-end=\"1877\">O caracteristic\u0103 remarcabil\u0103 a acestui vape este <strong data-start=\"1712\" data-end=\"1744\">sistemul de comutare dual\u0103 a aromelor<\/strong>, care permite utilizatorilor s\u0103 schimbe instantaneu \u00eentre dou\u0103 profile de arom\u0103 diferite. Unele dintre cele mai populare combina\u021bii de arome includ:<\/p>\n<ul data-start=\"1878\" data-end=\"2042\">\n<li data-start=\"1878\" data-end=\"1928\">\n<p data-start=\"1880\" data-end=\"1928\"><strong data-start=\"1880\" data-end=\"1928\">Zmeur\u0103 cu afine<\/strong><\/p>\n<\/li>\n<li data-start=\"1929\" data-end=\"1969\">\n<p data-start=\"1931\" data-end=\"1969\"><strong data-start=\"1931\" data-end=\"1969\">Red Bull<\/strong><\/p>\n<\/li>\n<li data-start=\"1970\" data-end=\"2003\">\n<p data-start=\"1972\" data-end=\"2003\"><strong data-start=\"1972\" data-end=\"2003\">Cola Ice<\/strong><\/p>\n<\/li>\n<li data-start=\"2004\" data-end=\"2042\">\n<p data-start=\"2006\" data-end=\"2042\"><strong data-start=\"2006\" data-end=\"2042\">Blueberry Ice<\/strong><\/p>\n<\/li>\n<\/ul>\n<p data-start=\"2044\" data-end=\"2199\">Acest sistem dual de arom\u0103 ofer\u0103 versatilitate, permi\u021b\u00e2nd utilizatorilor s\u0103 se bucure de o varietate de arome \u00eentr-un singur dispozitiv, men\u021bin\u00e2nd experien\u021ba de vaping interesant\u0103 \u0219i proasp\u0103t\u0103.<\/p>\n<h4 data-start=\"2201\" data-end=\"2236\">4. Design compact \u0219i portabil<\/h4>\n<p data-start=\"2237\" data-end=\"2544\">Sistemul <strong data-start=\"2241\" data-end=\"2267\">Bang Leader 45000 Pufuri<\/strong> este proiectat pentru a fi compact \u0219i prietenos cu buzunarul, asigur\u00e2nd confort pentru utilizarea \u00een deplasare. Designul ergonomic permite utilizatorilor s\u0103 \u00eel transporte f\u0103r\u0103 efort, fie pentru utilizare zilnic\u0103, fie \u00een timpul c\u0103l\u0103toriilor. Este o solu\u021bie practic\u0103 pentru cei care caut\u0103 un dispozitiv de vaping de \u00eenalt\u0103 performan\u021b\u0103, portabil.<\/p>\n<h4 data-start=\"2546\" data-end=\"2585\">5. Cerere puternic\u0103 pe pia\u021ba din Europa<\/h4>\n<p data-start=\"2586\" data-end=\"2963\">Ca un vape de unic\u0103 folosin\u021b\u0103 premium, <strong data-start=\"2620\" data-end=\"2646\">Bang Leader 45000 Pufuri<\/strong> este pozi\u021bionat pentru a satisface cererea \u00een cre\u0219tere de pe pia\u021ba european\u0103. Performan\u021ba \u0219i caracteristicile sale \u00eel fac o alegere excelent\u0103 at\u00e2t pentru uz personal, c\u00e2t \u0219i pentru distribu\u021bie en gros. Pentru magazinele de vape \u0219i reselleri, ofer\u0103 un poten\u021bial puternic de cerere, <strong data-start=\"2884\" data-end=\"2907\">margini competitive<\/strong>, \u0219i un dispozitiv conceput pentru a atrage <strong data-start=\"2942\" data-end=\"2962\">clien\u021bi fideli<\/strong>.<\/p>\n<h4 data-start=\"2965\" data-end=\"2998\">6. Op\u021biuni de for\u021b\u0103 a nicotinei<\/h4>\n<p data-start=\"2999\" data-end=\"3233\">Dispozitivul este disponibil \u00een trei op\u021biuni de for\u021b\u0103 a nicotinei: <strong data-start=\"3059\" data-end=\"3077\">0%, 2% \u0219i 5%<\/strong>, adres\u00e2ndu-se unui spectru larg de utilizatori. Indiferent dac\u0103 prefera\u021bi o experien\u021b\u0103 f\u0103r\u0103 nicotine sau o doz\u0103 mai puternic\u0103, Bang Leader 45000 Puff are ceva pentru fiecare.<\/p>\n<p data-start=\"666\" data-end=\"1235\"><strong style=\"font-size: 16px;\"><span style=\"color: #ff0000;\">Adaug\u0103-o pe Amy pe WhatsApp pentru a ob\u021bine un r\u0103spuns rapid \u0219i un pre\u021b redus!<\/span><\/strong><\/p>\n<p><img fetchpriority=\"high\" decoding=\"async\" class=\"size-full wp-image-2932\" src=\"https:\/\/vapestornado.com\/wp-content\/uploads\/2024\/12\/Vape-Wholesale.jpg\" alt=\"\u021aig\u0103ri electronice cu ridicata\" width=\"229\" height=\"300\" \/><\/p>\n<h3><a href=\"https:\/\/wa.me\/8617776015835\" target=\"_blank\" rel=\"noopener\"><span style=\"color: #ff0000;\"><strong>WhatsApp: +86 17776015835<\/strong><\/span><\/a><\/h3>\n<p>&nbsp;<\/p>\n<h2><strong>Bang Leader 45000 Caracteristici cheie ale produsului<\/strong><\/h2>\n<p>Marc\u0103: BANG LEADER<br \/>\nPUFF-uri: 45000<br \/>\nBaterie: 650mah re\u00eenc\u0103rcabil\u0103<br \/>\nRezisten\u021b\u0103: 1.0ohm<br \/>\n2 \u00een 1 arom\u0103 dubl\u0103<br \/>\nAfi\u0219aj digital pentru ulei \u0219i baterie<br \/>\nNicotin\u0103 0% 2% 5%<\/p>\n<h2 class=\"product-title\"><strong>Bang Leader 45k Prezentare general\u0103 a aromelor de \u021big\u0103ri electronice de unic\u0103 folosin\u021b\u0103<\/strong><\/h2>\n<article class=\"w-full text-token-text-primary focus-visible:outline-2 focus-visible:outline-offset-[-4px]\" dir=\"auto\" data-testid=\"conversation-turn-32\" data-scroll-anchor=\"false\">\n<div class=\"m-auto text-base py-[18px] px-6\">\n<div class=\"mx-auto flex flex-1 text-base gap-4 md:gap-5 lg:gap-6 md:max-w-3xl lg:max-w-[40rem] xl:max-w-[48rem]\">\n<div class=\"group\/conversation-turn relative flex w-full min-w-0 flex-col @xs\/thread:px-0 @sm\/thread:px-1.5 @md\/thread:px-4\">\n<div class=\"flex-col gap-1 md:gap-3\">\n<div class=\"flex max-w-full flex-col flex-grow\">\n<div class=\"min-h-8 text-message flex w-full flex-col items-end gap-2 whitespace-normal break-words text-start [.text-message+&amp;]:mt-5\" dir=\"auto\" data-message-author-role=\"user\" data-message-id=\"ffac41ca-1db4-431b-873a-32c4052956f1\">\n<div class=\"flex w-full flex-col gap-1 empty:hidden items-end rtl:items-start\">\n<div class=\"relative max-w-[var(--user-chat-width,70%)] rounded-3xl bg-token-message-surface px-5 py-2.5\">\n<div class=\"absolute bottom-0 right-full top-0 -mr-3.5 hidden pr-5 pt-2 [.group\/conversation-turn:hover_&amp;]:flex\">\n<div class=\"flex\">\n<article class=\"w-full text-token-text-primary focus-visible:outline-2 focus-visible:outline-offset-[-4px]\" dir=\"auto\" data-testid=\"conversation-turn-39\" data-scroll-anchor=\"true\">\n<div class=\"m-auto text-base py-[18px] px-6\">\n<div class=\"mx-auto flex flex-1 text-base gap-4 md:gap-5 lg:gap-6 md:max-w-3xl lg:max-w-[40rem] xl:max-w-[48rem]\">\n<div class=\"group\/conversation-turn relative flex w-full min-w-0 flex-col agent-turn @xs\/thread:px-0 @sm\/thread:px-1.5 @md\/thread:px-4\">\n<div class=\"flex-col gap-1 md:gap-3\">\n<div class=\"flex max-w-full flex-col flex-grow\">\n<div class=\"min-h-8 text-message flex w-full flex-col items-end gap-2 whitespace-normal break-words text-start [.text-message+&amp;]:mt-5\" dir=\"auto\" data-message-author-role=\"assistant\" data-message-id=\"55a23854-ec57-48dd-bd4f-6118f43d6241\" data-message-model-slug=\"gpt-4o\">\n<div class=\"flex w-full flex-col gap-1 empty:hidden first:pt-[3px]\">\n<div class=\"markdown prose w-full break-words dark:prose-invert light\">\n<p>1.Pepene Verde cu Ghea\u021b\u0103<br \/>\n2.C\u0103p\u0219uni \u0219i Pepene Verde<br \/>\n3.C\u0103p\u0219uni \u0219i pepene verde<br \/>\n4. Zmeur\u0103 cu afine<br \/>\n5. Pepene verde cu afine<br \/>\n6. Ghea\u021b\u0103 cu afine<br \/>\n7. Ghea\u021b\u0103 cu afine<br \/>\n8. Red Bull<br \/>\n9. Red Bull<br \/>\n10. C\u0103p\u0219une \u0219i kiwi<br \/>\n11. Cola cu ghea\u021b\u0103<br \/>\n12. Ananas cu ghea\u021b\u0103<\/p>\n<figure id=\"attachment_4097\" aria-describedby=\"caption-attachment-4097\" style=\"width: 300px\" class=\"wp-caption alignnone\"><img decoding=\"async\" class=\"size-medium wp-image-4097\" src=\"https:\/\/vapestornado.com\/wp-content\/uploads\/2025\/04\/Bang-45000-Puff-Buy-Vape-Mods-Online-300x300.webp\" alt=\"Bang 45000 Puff Cump\u0103r\u0103 Online Vape Mods\" width=\"300\" height=\"300\" srcset=\"https:\/\/vapestornado.com\/wp-content\/uploads\/2025\/04\/Bang-45000-Puff-Buy-Vape-Mods-Online-300x300.webp 300w, https:\/\/vapestornado.com\/wp-content\/uploads\/2025\/04\/Bang-45000-Puff-Buy-Vape-Mods-Online-150x150.webp 150w, https:\/\/vapestornado.com\/wp-content\/uploads\/2025\/04\/Bang-45000-Puff-Buy-Vape-Mods-Online-768x768.webp 768w, https:\/\/vapestornado.com\/wp-content\/uploads\/2025\/04\/Bang-45000-Puff-Buy-Vape-Mods-Online-600x600.webp 600w, https:\/\/vapestornado.com\/wp-content\/uploads\/2025\/04\/Bang-45000-Puff-Buy-Vape-Mods-Online-100x100.webp 100w, https:\/\/vapestornado.com\/wp-content\/uploads\/2025\/04\/Bang-45000-Puff-Buy-Vape-Mods-Online.webp 800w\" sizes=\"(max-width: 300px) 100vw, 300px\" \/><figcaption id=\"caption-attachment-4097\" class=\"wp-caption-text\">Bang 45000 Puff Cump\u0103r\u0103 Online Vape Mods<\/figcaption><\/figure>\n<\/div>\n<\/div>\n<\/div>\n<\/div>\n<\/div>\n<\/div>\n<\/div>\n<\/div>\n<\/article>\n<\/div>\n<\/div>\n<\/div>\n<\/div>\n<\/div>\n<\/div>\n<\/div>\n<\/div>\n<\/div>\n<\/div>\n<\/article>\n<h2>De ce Vapestornado este Cel Mai Bun Loc Pentru a Cump\u0103ra \u021aig\u0103ri Electronice?<\/h2>\n<div class=\"flex-shrink-0 flex flex-col relative items-end\">\n<div class=\"pt-0\">\n<div class=\"gizmo-bot-avatar flex h-8 w-8 items-center justify-center overflow-hidden rounded-full\">\n<div class=\"relative p-1 rounded-sm flex items-center justify-center bg-token-main-surface-primary text-token-text-primary h-8 w-8\">\n<p>At\u00a0<strong>VapeTornado<\/strong>, ne m\u00e2ndrim cu furnizarea de\u00a0<strong>produse de vapat premium la pre\u021buri imbatabile<\/strong>\u2014\u0219i Bang Leader 45000 Puff 45k nu face excep\u021bie! Iat\u0103 de ce ar trebui s\u0103 cumperi de la noi:<\/p>\n<p class=\"\" data-start=\"49\" data-end=\"193\"><strong data-start=\"49\" data-end=\"81\">Pre\u021buri Angro Imbatabile<\/strong> \u2013 Bucura\u021bi-v\u0103 de cele mai bune oferte en-gros de pe pia\u021b\u0103, ceea ce ne face furnizorul preferat pentru magazinele de vapat \u0219i resellerii din \u00eentreaga lume.<\/p>\n<p class=\"\" data-start=\"195\" data-end=\"340\"><strong data-start=\"195\" data-end=\"228\">Rapid<\/strong> \u2013 Livr\u0103m comenzile dumneavoastr\u0103 rapid \u0219i \u00een siguran\u021b\u0103, cu op\u021biuni de transport fiabile \u00een \u00eentreaga lume, adaptate nevoilor dumneavoastr\u0103.<\/p>\n<p class=\"\" data-start=\"342\" data-end=\"487\"><strong data-start=\"342\" data-end=\"367\">Produse Autentice 100%<\/strong> \u2013 Spune adio falsurilor! Garant\u0103m doar Bang 45000 Puff Buy Vape original, cu calitate \u0219i performan\u021b\u0103 verificate.<\/p>\n<p class=\"\" data-start=\"489\" data-end=\"627\"><strong data-start=\"489\" data-end=\"516\">Asisten\u021b\u0103 Specializat\u0103 pentru Clien\u021bi<\/strong> \u2013 Ave\u021bi \u00eentreb\u0103ri? Echipa noastr\u0103 de speciali\u0219ti \u00een vape este aici pentru dumneavoastr\u0103 oric\u00e2nd, asigur\u00e2nd un serviciu f\u0103r\u0103 probleme.<\/p>\n<p data-start=\"559\" data-end=\"933\" data-is-last-node=\"\" data-is-only-node=\"\">Avem, de asemenea, alte vape-uri populare cu ecran, cum ar fi <a href=\"https:\/\/vapestornado.com\/ro\/product\/wga-legend-ultra-30k-30000-puffs-rechargeable-vape-pod-twins-flavor\/\">WGA Crystal 30000 Pufuri<\/a>, <a href=\"https:\/\/vapestornado.com\/ro\/product\/waspe-aiviou-3-in-1-60000-puffs-disposable-vape-kit-best-price\/\">WASPE 60000 3 \u00een 1<\/a>, <a href=\"https:\/\/vapestornado.com\/ro\/product\/uzy-crystal-50000-puff-twin-flavor-bulk-vapes-for-cheap\/\">UZY Cristal 50000<\/a>, \u0219i altele.<\/p>\n<\/div>\n<div class=\"relative p-1 rounded-sm flex items-center justify-center bg-token-main-surface-primary text-token-text-primary h-8 w-8\">\n<h2>\u00centreb\u0103ri frecvente pentru Bang Leader 45000 Puff pe care ar trebui s\u0103 le \u0219tii<\/h2>\n<p class=\"\" data-start=\"1408\" data-end=\"1608\"><strong data-start=\"1408\" data-end=\"1466\">1. C\u00e2t dureaz\u0103 vape-ul Bang Leader 45000 Puff?<\/strong><br data-start=\"1466\" data-end=\"1469\" \/>Acest dispozitiv ofer\u0103 p\u00e2n\u0103 la <strong data-start=\"1494\" data-end=\"1509\">45000 de pufuri<\/strong>, ceea ce poate dura s\u0103pt\u0103m\u00e2ni \u00eentregi, \u00een func\u021bie de utilizare, f\u0103c\u00e2ndu-l ideal pentru vaping pe termen lung sau rev\u00e2nzare.<\/p>\n<p class=\"\" data-start=\"1610\" data-end=\"1771\"><strong data-start=\"1610\" data-end=\"1659\">2. Pot re\u00eenc\u0103rca vape-ul Bang Leader 45000?<\/strong><br data-start=\"1659\" data-end=\"1662\" \/>Da! Vine cu un <strong data-start=\"1692\" data-end=\"1723\">baterie re\u00eenc\u0103rcabil\u0103 de 650mAh<\/strong> \u0219i un port de \u00eenc\u0103rcare Type-C pentru \u00eenc\u0103rc\u0103ri rapide.<\/p>\n<p class=\"\" data-start=\"1773\" data-end=\"1986\"><strong data-start=\"1773\" data-end=\"1826\">3. Care este avantajul sistemului dual de arome?<\/strong><br data-start=\"1826\" data-end=\"1829\" \/>Sistemul <strong data-start=\"1833\" data-end=\"1857\">2 \u00een 1 arom\u0103 dubl\u0103<\/strong> configura\u021bia v\u0103 ofer\u0103 mai mult\u0103 varietate \u00eentr-un singur dispozitiv. V\u0103 pute\u021bi bucura de o arom\u0103, pute\u021bi trece la cealalt\u0103 sau pute\u021bi amesteca pentru o experien\u021b\u0103 gustativ\u0103 unic\u0103.<\/p>\n<p class=\"\" data-start=\"1988\" data-end=\"2168\"><strong data-start=\"1988\" data-end=\"2047\">4. Exist\u0103 o modalitate de a verifica nivelul bateriei \u0219i al e-lichidului?<\/strong><br data-start=\"2047\" data-end=\"2050\" \/>Absolut! Ecranul <strong data-start=\"2066\" data-end=\"2091\">afisajul digital inteligent<\/strong> arat\u0103 at\u00e2t durata de via\u021b\u0103 a bateriei, c\u00e2t \u0219i e-lichidul r\u0103mas, astfel \u00eenc\u00e2t s\u0103 ave\u021bi \u00eentotdeauna controlul.<\/p>\n<p class=\"\" data-start=\"2170\" data-end=\"2384\"><strong data-start=\"2170\" data-end=\"2225\">5. Care sunt unele dintre cele mai populare combina\u021bii de arome?<\/strong><br data-start=\"2225\" data-end=\"2228\" \/>Op\u021biunile populare includ <strong data-start=\"2246\" data-end=\"2277\">Strawberry Kiwi<\/strong>, <strong data-start=\"2279\" data-end=\"2316\">Blueberry Ice<\/strong>\u0219i <strong data-start=\"2322\" data-end=\"2354\">Ghea\u021b\u0103 de ananas<\/strong> \u2013 favoritele fanilor dintr-un motiv!<\/p>\n<\/div>\n<\/div>\n<\/div>\n<\/div>","protected":false},"excerpt":{"rendered":"<p class=\"LC20lb MBeuO DKV0Md\">Bang Leader 45000 \u021aig\u0103ri electronice ieftine Magazin de fumat en-gros Polonia<br \/>\nBang 45000 Puff 45k 2 \u00een 1 Cutie Vape cu arom\u0103 dubl\u0103 Pre\u021b en-gros<br \/>\nBang Leader Puff 45k ECigs ieftine Cump\u0103ra\u021bi \u00een vrac<\/p>\n<p><strong>Ad\u0103uga\u021bi-o pe Amy pe WhatsApp pentru a ob\u021bine un r\u0103spuns corect \u0219i un pre\u021b redus!<\/strong><\/p>\n<p><img fetchpriority=\"high\" decoding=\"async\" class=\"size-full wp-image-2932\" src=\"https:\/\/vapestornado.com\/wp-content\/uploads\/2024\/12\/Vape-Wholesale.jpg\" alt=\"\u021aig\u0103ri electronice cu ridicata\" width=\"229\" height=\"300\" \/><\/p>\n<h3><a href=\"https:\/\/wa.me\/8617776015835\"><span style=\"color: #ff0000;\"><strong>WhatsApp: +86 17776015835<\/strong><\/span><\/a><\/h3>\n<p>&nbsp;<\/p>","protected":false},"featured_media":4098,"comment_status":"open","ping_status":"closed","template":"","meta":{"_acf_changed":false,"_uag_custom_page_level_css":"","_lmt_disableupdate":"no","_lmt_disable":"","_monsterinsights_skip_tracking":false,"_monsterinsights_sitenote_active":false,"_monsterinsights_sitenote_note":"","_monsterinsights_sitenote_category":0,"site-sidebar-layout":"default","site-content-layout":"","ast-site-content-layout":"default","site-content-style":"default","site-sidebar-style":"default","ast-global-header-display":"","ast-banner-title-visibility":"","ast-main-header-display":"","ast-hfb-above-header-display":"","ast-hfb-below-header-display":"","ast-hfb-mobile-header-display":"","site-post-title":"","ast-breadcrumbs-content":"","ast-featured-img":"","footer-sml-layout":"","ast-disable-related-posts":"","theme-transparent-header-meta":"default","adv-header-id-meta":"","stick-header-meta":"","header-above-stick-meta":"","header-main-stick-meta":"","header-below-stick-meta":"","astra-migrate-meta-layouts":"set","ast-page-background-enabled":"default","ast-page-background-meta":{"desktop":{"background-color":"","background-image":"","background-repeat":"repeat","background-position":"center center","background-size":"auto","background-attachment":"scroll","background-type":"","background-media":"","overlay-type":"","overlay-color":"","overlay-opacity":"","overlay-gradient":""},"tablet":{"background-color":"","background-image":"","background-repeat":"repeat","background-position":"center center","background-size":"auto","background-attachment":"scroll","background-type":"","background-media":"","overlay-type":"","overlay-color":"","overlay-opacity":"","overlay-gradient":""},"mobile":{"background-color":"","background-image":"","background-repeat":"repeat","background-position":"center center","background-size":"auto","background-attachment":"scroll","background-type":"","background-media":"","overlay-type":"","overlay-color":"","overlay-opacity":"","overlay-gradient":""}},"ast-content-background-meta":{"desktop":{"background-color":"var(--ast-global-color-5)","background-image":"","background-repeat":"repeat","background-position":"center center","background-size":"auto","background-attachment":"scroll","background-type":"","background-media":"","overlay-type":"","overlay-color":"","overlay-opacity":"","overlay-gradient":""},"tablet":{"background-color":"var(--ast-global-color-5)","background-image":"","background-repeat":"repeat","background-position":"center center","background-size":"auto","background-attachment":"scroll","background-type":"","background-media":"","overlay-type":"","overlay-color":"","overlay-opacity":"","overlay-gradient":""},"mobile":{"background-color":"var(--ast-global-color-5)","background-image":"","background-repeat":"repeat","background-position":"center center","background-size":"auto","background-attachment":"scroll","background-type":"","background-media":"","overlay-type":"","overlay-color":"","overlay-opacity":"","overlay-gradient":""}},"_joinchat":{"telephone":"17776015835"}},"product_brand":[],"product_cat":[265,278,154,156,142],"product_tag":[329,327,328,105,198],"class_list":{"0":"post-4103","1":"product","2":"type-product","3":"status-publish","4":"has-post-thumbnail","6":"product_cat-45000-puff","7":"product_cat-bang-leader-vape","8":"product_cat-buy-disposable-vapes-in-netherlands","9":"product_cat-buy-disposable-vapes-in-poland","10":"product_cat-digital-box-disposable-vapes","11":"product_tag-bang-leader-45000","12":"product_tag-bang-leader-45k","13":"product_tag-cheap-e-cigs","14":"product_tag-digital-disposable-vape","15":"product_tag-double-flavor-disposable-vape","16":"desktop-align-left","17":"tablet-align-left","18":"mobile-align-left","20":"first","21":"instock","22":"sale","23":"shipping-taxable","24":"purchasable","25":"product-type-simple"},"acf":[],"uagb_featured_image_src":{"full":["https:\/\/vapestornado.com\/wp-content\/uploads\/2025\/04\/Bang-Leader-45k-45000-Puff-Vape-Box-Cheap-Price.webp",800,800,false],"thumbnail":["https:\/\/vapestornado.com\/wp-content\/uploads\/2025\/04\/Bang-Leader-45k-45000-Puff-Vape-Box-Cheap-Price-150x150.webp",150,150,true],"medium":["https:\/\/vapestornado.com\/wp-content\/uploads\/2025\/04\/Bang-Leader-45k-45000-Puff-Vape-Box-Cheap-Price-300x300.webp",300,300,true],"medium_large":["https:\/\/vapestornado.com\/wp-content\/uploads\/2025\/04\/Bang-Leader-45k-45000-Puff-Vape-Box-Cheap-Price-768x768.webp",768,768,true],"large":["https:\/\/vapestornado.com\/wp-content\/uploads\/2025\/04\/Bang-Leader-45k-45000-Puff-Vape-Box-Cheap-Price.webp",800,800,false],"1536x1536":["https:\/\/vapestornado.com\/wp-content\/uploads\/2025\/04\/Bang-Leader-45k-45000-Puff-Vape-Box-Cheap-Price.webp",800,800,false],"2048x2048":["https:\/\/vapestornado.com\/wp-content\/uploads\/2025\/04\/Bang-Leader-45k-45000-Puff-Vape-Box-Cheap-Price.webp",800,800,false],"trp-custom-language-flag":["https:\/\/vapestornado.com\/wp-content\/uploads\/2025\/04\/Bang-Leader-45k-45000-Puff-Vape-Box-Cheap-Price.webp",12,12,false],"woocommerce_thumbnail":["https:\/\/vapestornado.com\/wp-content\/uploads\/2025\/04\/Bang-Leader-45k-45000-Puff-Vape-Box-Cheap-Price-300x300.webp",300,300,true],"woocommerce_single":["https:\/\/vapestornado.com\/wp-content\/uploads\/2025\/04\/Bang-Leader-45k-45000-Puff-Vape-Box-Cheap-Price-600x600.webp",600,600,true],"woocommerce_gallery_thumbnail":["https:\/\/vapestornado.com\/wp-content\/uploads\/2025\/04\/Bang-Leader-45k-45000-Puff-Vape-Box-Cheap-Price-100x100.webp",100,100,true]},"uagb_author_info":{"display_name":"ESAMY","author_link":"https:\/\/vapestornado.com\/ro\/author\/"},"uagb_comment_info":0,"uagb_excerpt":"Bang Leader 45000 Cheap E Cigs Smoke Shop Wholesale Poland Bang\u00a0 45000 Puff 45k 2 in 1 Double Flavor Vape Box Wholesale Price Bang Leader Puff 45k Cheap ECigs Buy In Bulk Add Amy's whatsapp to get right reply and discount price! WhatsApp: +86 17776015835 &nbsp;","_links":{"self":[{"href":"https:\/\/vapestornado.com\/ro\/wp-json\/wp\/v2\/product\/4103","targetHints":{"allow":["GET"]}}],"collection":[{"href":"https:\/\/vapestornado.com\/ro\/wp-json\/wp\/v2\/product"}],"about":[{"href":"https:\/\/vapestornado.com\/ro\/wp-json\/wp\/v2\/types\/product"}],"replies":[{"embeddable":true,"href":"https:\/\/vapestornado.com\/ro\/wp-json\/wp\/v2\/comments?post=4103"}],"wp:featuredmedia":[{"embeddable":true,"href":"https:\/\/vapestornado.com\/ro\/wp-json\/wp\/v2\/media\/4098"}],"wp:attachment":[{"href":"https:\/\/vapestornado.com\/ro\/wp-json\/wp\/v2\/media?parent=4103"}],"wp:term":[{"taxonomy":"product_brand","embeddable":true,"href":"https:\/\/vapestornado.com\/ro\/wp-json\/wp\/v2\/product_brand?post=4103"},{"taxonomy":"product_cat","embeddable":true,"href":"https:\/\/vapestornado.com\/ro\/wp-json\/wp\/v2\/product_cat?post=4103"},{"taxonomy":"product_tag","embeddable":true,"href":"https:\/\/vapestornado.com\/ro\/wp-json\/wp\/v2\/product_tag?post=4103"}],"curies":[{"name":"wp","href":"https:\/\/api.w.org\/{rel}","templated":true}]}}