{"id":4089,"date":"2025-04-08T03:43:30","date_gmt":"2025-04-08T03:43:30","guid":{"rendered":"https:\/\/vapestornado.com\/?post_type=product&#038;p=4089"},"modified":"2025-08-23T12:34:43","modified_gmt":"2025-08-23T12:34:43","slug":"wga-legend-ultra-30k-30000-puffs-rechargeable-vape-pod-twins-flavor","status":"publish","type":"product","link":"https:\/\/vapestornado.com\/ro\/product\/wga-legend-ultra-30k-30000-puffs-rechargeable-vape-pod-twins-flavor\/","title":{"rendered":"WGA Legend Ultra 30K 30000 Puff-uri Re\u00eenc\u0103rcabile Vape Pod Twins Aroma"},"content":{"rendered":"<h1 data-pm-slice=\"1 1 []\">WGA Legend Ultra 30K 30000 Puff-uri Re\u00eenc\u0103rcabile Vape Pod Twins Aroma<\/h1>\n<p class=\"\" data-start=\"402\" data-end=\"928\">Sistemul <strong data-start=\"316\" data-end=\"374\">WGA Legend Ultra 30K 30000 Pufuri Pod Re\u00eenc\u0103rcabil Vape<\/strong> redefine\u0219te versatilitatea cu al s\u0103u <strong data-start=\"406\" data-end=\"429\">sistem dual de arome<\/strong>, permi\u021b\u00e2ndu-v\u0103 s\u0103 comuta\u021bi \u00eentre dou\u0103 <strong data-start=\"466\" data-end=\"491\">rezervoare re\u00eenc\u0103rcabile de 10 ml<\/strong> pentru o experien\u021b\u0103 dinamic\u0103 de vaping. Fiecare puf este alimentat de un sistem avansat <strong data-start=\"558\" data-end=\"582\">tehnologie mesh coil<\/strong>, oferind vapori fini \u0219i arom\u0103 intens\u0103 \u00een mod constant. Proiectat cu un design <strong data-start=\"657\" data-end=\"679\">corp elegant din cristal<\/strong>, este durabil, elegant \u0219i ideal pentru c\u0103l\u0103toriile de zi cu zi.<\/p>\n<p>Echipat cu un <strong data-start=\"761\" data-end=\"792\">baterie re\u00eenc\u0103rcabil\u0103 de 650mAh<\/strong> si <strong data-start=\"797\" data-end=\"821\">\u00eenc\u0103rcare rapid\u0103 de tip C<\/strong>, Legend Ultra 30K asigur\u0103 un timp de nefunc\u021bionare minim \u0219i o utilizare fiabil\u0103 pe tot parcursul zilei. Ecranul <strong data-start=\"899\" data-end=\"924\">afisajul digital inteligent<\/strong> v\u0103 \u021bine la curent cu nivelurile de e-lichid \u0219i durata de via\u021b\u0103 a bateriei, oferindu-v\u0103 control deplin asupra sesiunilor dumneavoastr\u0103. Oferind p\u00e2n\u0103 la <strong data-start=\"1039\" data-end=\"1055\">30.000 de pufuri<\/strong>, concentra\u021bii multiple de nicotin\u0103 \u0219i conformitate TPD \u00een toat\u0103 Europa, este echilibrul perfect \u00eentre performan\u021b\u0103, stil \u0219i valoare angro.<\/p>\n<p data-start=\"666\" data-end=\"1235\"><strong style=\"font-size: 16px;\"><span style=\"color: #ff0000;\">Adaug\u0103-o pe Amy pe WhatsApp pentru a ob\u021bine un r\u0103spuns rapid \u0219i un pre\u021b redus!<\/span><\/strong><\/p>\n<p><img fetchpriority=\"high\" decoding=\"async\" class=\"size-full wp-image-2932\" src=\"https:\/\/vapestornado.com\/wp-content\/uploads\/2024\/12\/Vape-Wholesale.jpg\" alt=\"\u021aig\u0103ri electronice cu ridicata\" width=\"229\" height=\"300\" \/><\/p>\n<h3><a href=\"https:\/\/wa.me\/8617776015835\" target=\"_blank\" rel=\"noopener\"><span style=\"color: #ff0000;\"><strong>WhatsApp: +86 17776015835<\/strong><\/span><\/a><\/h3>\n<p>&nbsp;<\/p>\n<h2><strong>WGA Legend Ultra 30K Caracteristici cheie ale produsului<\/strong><\/h2>\n<p>\u2022 P\u00e2n\u0103 la 30000 de Pufuri<br \/>\n\u2022 Pod preumplut de 2ml<br \/>\n\u2022 2 x 10ml E-lichid re\u00eenc\u0103rcabil<br \/>\n\u2022 Baterie integrat\u0103 de 650mAh<br \/>\n\u2022 Rezisten\u021b\u0103 tip Mesh<br \/>\n\u2022 Ecran inteligent<br \/>\n\u2022 \u021aigar\u0103 electronic\u0103 cu arome duale<br \/>\n\u2022 Port Type-C<br \/>\n\u2022 Conform TPD<\/p>\n<figure id=\"attachment_4069\" aria-describedby=\"caption-attachment-4069\" style=\"width: 800px\" class=\"wp-caption alignnone\"><img decoding=\"async\" class=\"wp-image-4069 size-full\" src=\"https:\/\/vapestornado.com\/wp-content\/uploads\/2025\/04\/WGA-Crystal-Legend-Ultra-30000-30k-Disposable-Vape.webp\" alt=\"WGA Crystal Legend Ultra 30000 30k \u021aigar\u0103 electronic\u0103 de unic\u0103 folosin\u021b\u0103\" width=\"800\" height=\"800\" srcset=\"https:\/\/vapestornado.com\/wp-content\/uploads\/2025\/04\/WGA-Crystal-Legend-Ultra-30000-30k-Disposable-Vape.webp 800w, https:\/\/vapestornado.com\/wp-content\/uploads\/2025\/04\/WGA-Crystal-Legend-Ultra-30000-30k-Disposable-Vape-300x300.webp 300w, https:\/\/vapestornado.com\/wp-content\/uploads\/2025\/04\/WGA-Crystal-Legend-Ultra-30000-30k-Disposable-Vape-150x150.webp 150w, https:\/\/vapestornado.com\/wp-content\/uploads\/2025\/04\/WGA-Crystal-Legend-Ultra-30000-30k-Disposable-Vape-768x768.webp 768w, https:\/\/vapestornado.com\/wp-content\/uploads\/2025\/04\/WGA-Crystal-Legend-Ultra-30000-30k-Disposable-Vape-600x600.webp 600w, https:\/\/vapestornado.com\/wp-content\/uploads\/2025\/04\/WGA-Crystal-Legend-Ultra-30000-30k-Disposable-Vape-100x100.webp 100w\" sizes=\"(max-width: 800px) 100vw, 800px\" \/><figcaption id=\"caption-attachment-4069\" class=\"wp-caption-text\">WGA Crystal Legend Ultra 30000 30k \u021aigar\u0103 electronic\u0103 de unic\u0103 folosin\u021b\u0103<\/figcaption><\/figure>\n<h2 class=\"product-title\"><strong>WGA Legend Ultra 30K Recenzie arome de unic\u0103 folosin\u021b\u0103<\/strong><\/h2>\n<article class=\"w-full text-token-text-primary focus-visible:outline-2 focus-visible:outline-offset-[-4px]\" dir=\"auto\" data-testid=\"conversation-turn-32\" data-scroll-anchor=\"false\">\n<div class=\"m-auto text-base py-[18px] px-6\">\n<div class=\"mx-auto flex flex-1 text-base gap-4 md:gap-5 lg:gap-6 md:max-w-3xl lg:max-w-[40rem] xl:max-w-[48rem]\">\n<div class=\"group\/conversation-turn relative flex w-full min-w-0 flex-col @xs\/thread:px-0 @sm\/thread:px-1.5 @md\/thread:px-4\">\n<div class=\"flex-col gap-1 md:gap-3\">\n<div class=\"flex max-w-full flex-col flex-grow\">\n<div class=\"min-h-8 text-message flex w-full flex-col items-end gap-2 whitespace-normal break-words text-start [.text-message+&amp;]:mt-5\" dir=\"auto\" data-message-author-role=\"user\" data-message-id=\"ffac41ca-1db4-431b-873a-32c4052956f1\">\n<div class=\"flex w-full flex-col gap-1 empty:hidden items-end rtl:items-start\">\n<div class=\"relative max-w-[var(--user-chat-width,70%)] rounded-3xl bg-token-message-surface px-5 py-2.5\">\n<div class=\"absolute bottom-0 right-full top-0 -mr-3.5 hidden pr-5 pt-2 [.group\/conversation-turn:hover_&amp;]:flex\">\n<div class=\"flex\">\n<article class=\"w-full text-token-text-primary focus-visible:outline-2 focus-visible:outline-offset-[-4px]\" dir=\"auto\" data-testid=\"conversation-turn-39\" data-scroll-anchor=\"true\">\n<div class=\"m-auto text-base py-[18px] px-6\">\n<div class=\"mx-auto flex flex-1 text-base gap-4 md:gap-5 lg:gap-6 md:max-w-3xl lg:max-w-[40rem] xl:max-w-[48rem]\">\n<div class=\"group\/conversation-turn relative flex w-full min-w-0 flex-col agent-turn @xs\/thread:px-0 @sm\/thread:px-1.5 @md\/thread:px-4\">\n<div class=\"flex-col gap-1 md:gap-3\">\n<div class=\"flex max-w-full flex-col flex-grow\">\n<div class=\"min-h-8 text-message flex w-full flex-col items-end gap-2 whitespace-normal break-words text-start [.text-message+&amp;]:mt-5\" dir=\"auto\" data-message-author-role=\"assistant\" data-message-id=\"55a23854-ec57-48dd-bd4f-6118f43d6241\" data-message-model-slug=\"gpt-4o\">\n<div class=\"flex w-full flex-col gap-1 empty:hidden first:pt-[3px]\">\n<div class=\"markdown prose w-full break-words dark:prose-invert light\">\n<ol data-start=\"21\" data-end=\"608\">\n<li class=\"\" data-start=\"21\" data-end=\"56\">\n<p class=\"\" data-start=\"24\" data-end=\"56\">Blueberry Ice \u2013 Strawberry Ice<\/p>\n<\/li>\n<li class=\"\" data-start=\"57\" data-end=\"121\">\n<p class=\"\" data-start=\"60\" data-end=\"121\">Blueberry Raspberry Cherry \u2013 Blueberry Strawberry Cranberry<\/p>\n<\/li>\n<li class=\"\" data-start=\"122\" data-end=\"164\">\n<p class=\"\" data-start=\"125\" data-end=\"164\">Blue Razz Cherry \u2013 Blue Razz Lemonade<\/p>\n<\/li>\n<li class=\"\" data-start=\"165\" data-end=\"193\">\n<p class=\"\" data-start=\"168\" data-end=\"193\">Blue Slush \u2013 Pink Slush<\/p>\n<\/li>\n<li class=\"\" data-start=\"194\" data-end=\"230\">\n<p class=\"\" data-start=\"197\" data-end=\"230\">Fizzy Cherry \u2013 Cherry Raspberry<\/p>\n<\/li>\n<li class=\"\" data-start=\"231\" data-end=\"265\">\n<p class=\"\" data-start=\"234\" data-end=\"265\">Glacier Mint \u2013 Triple Menthol<\/p>\n<\/li>\n<li class=\"\" data-start=\"266\" data-end=\"291\">\n<p class=\"\" data-start=\"269\" data-end=\"291\">Gummy Bear \u2013 Rainbow<\/p>\n<\/li>\n<li class=\"\" data-start=\"292\" data-end=\"333\">\n<p class=\"\" data-start=\"295\" data-end=\"333\">Juicy Peach \u2013 Mango Peach Watermelon<\/p>\n<\/li>\n<li class=\"\" data-start=\"334\" data-end=\"363\">\n<p class=\"\" data-start=\"337\" data-end=\"363\">Lemon Lime \u2013 Lemon Slush<\/p>\n<\/li>\n<li class=\"\" data-start=\"364\" data-end=\"399\">\n<p class=\"\" data-start=\"368\" data-end=\"399\">Mr Blue \u2013 Blue Sour Raspberry<\/p>\n<\/li>\n<li class=\"\" data-start=\"400\" data-end=\"442\">\n<p class=\"\" data-start=\"404\" data-end=\"442\">Peach Guava Strawberry \u2013 Juicy Peach<\/p>\n<\/li>\n<li class=\"\" data-start=\"443\" data-end=\"476\">\n<p class=\"\" data-start=\"447\" data-end=\"476\">Pineapple Ice \u2013 Juicy Mango<\/p>\n<\/li>\n<li class=\"\" data-start=\"477\" data-end=\"514\">\n<p class=\"\" data-start=\"481\" data-end=\"514\">Strugure Sakura \u2013 Ursule\u021b de jeleu cu struguri<\/p>\n<\/li>\n<li class=\"\" data-start=\"515\" data-end=\"572\">\n<p class=\"\" data-start=\"519\" data-end=\"572\">Ghea\u021b\u0103 cu c\u0103p\u0219uni \u0219i zmeur\u0103 \u2013 C\u0103p\u0219uni Curcubeu Skittle<\/p>\n<\/li>\n<li class=\"\" data-start=\"573\" data-end=\"608\">\n<p class=\"\" data-start=\"577\" data-end=\"608\">Ghea\u021b\u0103 cu pepene ro\u0219u \u2013 M\u0103r dublu<\/p>\n<\/li>\n<\/ol>\n<\/div>\n<\/div>\n<\/div>\n<\/div>\n<\/div>\n<\/div>\n<\/div>\n<\/div>\n<\/article>\n<\/div>\n<\/div>\n<\/div>\n<\/div>\n<\/div>\n<\/div>\n<\/div>\n<\/div>\n<\/div>\n<\/div>\n<\/article>\n<h2>De ce s\u0103 alege\u021bi Vapestornado pentru cump\u0103rarea \u00een vrac a WGA Crystal 30K Puff?<\/h2>\n<div class=\"flex-shrink-0 flex flex-col relative items-end\">\n<div class=\"pt-0\">\n<div class=\"gizmo-bot-avatar flex h-8 w-8 items-center justify-center overflow-hidden rounded-full\">\n<div class=\"relative p-1 rounded-sm flex items-center justify-center bg-token-main-surface-primary text-token-text-primary h-8 w-8\">\n<p>At\u00a0<strong>VapeTornado<\/strong>, ne m\u00e2ndrim cu furnizarea de\u00a0<strong>produse de vapat premium la pre\u021buri imbatabile<\/strong>\u2014\u0219i Elf Box Crystal Bar 600 nu face excep\u021bie! Iat\u0103 de ce ar trebui s\u0103 cump\u0103ra\u021bi de la noi:<\/p>\n<p class=\"\" data-start=\"49\" data-end=\"193\"><strong data-start=\"49\" data-end=\"81\">Pre\u021buri Angro Imbatabile<\/strong> \u2013 Bucura\u021bi-v\u0103 de cele mai bune oferte en-gros de pe pia\u021b\u0103, ceea ce ne face furnizorul preferat pentru magazinele de vapat \u0219i resellerii din \u00eentreaga lume.<\/p>\n<p class=\"\" data-start=\"195\" data-end=\"340\"><strong data-start=\"195\" data-end=\"228\">Rapid<\/strong> \u2013 Livr\u0103m comenzile dumneavoastr\u0103 rapid \u0219i \u00een siguran\u021b\u0103, cu op\u021biuni de transport fiabile \u00een \u00eentreaga lume, adaptate nevoilor dumneavoastr\u0103.<\/p>\n<p class=\"\" data-start=\"342\" data-end=\"487\"><strong data-start=\"342\" data-end=\"367\">Produse Autentice 100%<\/strong> \u2013 Spune\u021bi adio falsurilor! Garant\u0103m doar vape-uri de unic\u0103 folosin\u021b\u0103 WASPE Triple originale, cu calitate \u0219i performan\u021b\u0103 verificate.<\/p>\n<p class=\"\" data-start=\"489\" data-end=\"627\"><strong data-start=\"489\" data-end=\"516\">Asisten\u021b\u0103 Specializat\u0103 pentru Clien\u021bi<\/strong> \u2013 Ave\u021bi \u00eentreb\u0103ri? Echipa noastr\u0103 de speciali\u0219ti \u00een vape este aici pentru dumneavoastr\u0103 oric\u00e2nd, asigur\u00e2nd un serviciu f\u0103r\u0103 probleme.<\/p>\n<p data-start=\"559\" data-end=\"933\" data-is-last-node=\"\" data-is-only-node=\"\">Avem, de asemenea, alte vape-uri populare cu ecran, cum ar fi <a href=\"https:\/\/vapestornado.com\/ro\/product\/bang-king-vape-36000-puff-dual-vaping-mode-disposables-pod-best-price\/\">BANG KING 36000 Shisha<\/a>, <a href=\"https:\/\/vapestornado.com\/ro\/product\/waspe-aiviou-3-in-1-60000-puffs-disposable-vape-kit-best-price\/\">WASPE 60000 3 \u00een 1<\/a>, <a href=\"https:\/\/vapestornado.com\/ro\/product\/alfakh-crown-bar-20000-puffs-disposable-shisha-hookah-wholesale-vape-pen\/\">ALFAKH 20000<\/a>, \u0219i altele.<\/p>\n<\/div>\n<div class=\"relative p-1 rounded-sm flex items-center justify-center bg-token-main-surface-primary text-token-text-primary h-8 w-8\">\n<h2>\u00centreb\u0103ri frecvente pentru WGA Legend Ultra 30000<\/h2>\n<p class=\"\" data-start=\"1444\" data-end=\"1657\"><strong data-start=\"1444\" data-end=\"1503\">1. Cum schimb aromele pe WGA Legend Ultra 30K?<\/strong><br data-start=\"1503\" data-end=\"1506\" \/>Dispozitivul dispune de un design cu rezervor dublu. Pur \u0219i simplu ac\u021biona\u021bi selectorul sau inhala\u021bi din partea desemnat\u0103 pentru a comuta \u00eentre cele dou\u0103 arome preumplute de 10 ml.<\/p>\n<p class=\"\" data-start=\"1659\" data-end=\"1864\"><strong data-start=\"1659\" data-end=\"1719\">2. Este WGA Legend Ultra 30K re\u00eenc\u0103rcabil sau de unic\u0103 folosin\u021b\u0103?<\/strong><br data-start=\"1719\" data-end=\"1722\" \/>Acest dispozitiv include <strong data-start=\"1743\" data-end=\"1775\">2 recipiente re\u00eenc\u0103rcabile de 10 ml<\/strong>, astfel \u00eenc\u00e2t s\u0103 po\u021bi re\u00eenc\u0103rca cu u\u0219urin\u021b\u0103 aromele tale preferate de e-lichid odat\u0103 ce umplerea ini\u021bial\u0103 se termin\u0103.<\/p>\n<p class=\"\" data-start=\"1866\" data-end=\"2058\"><strong data-start=\"1866\" data-end=\"1906\">3. Ce arat\u0103 ecranul inteligent?<\/strong><br data-start=\"1906\" data-end=\"1909\" \/>Sistemul <strong data-start=\"1913\" data-end=\"1930\">Afi\u0219ajului Inteligent<\/strong> ofer\u0103 actualiz\u0103ri \u00een timp real at\u00e2t despre nivelul bateriei, c\u00e2t \u0219i despre starea e-lichidului, facilit\u00e2nd cunoa\u0219terea momentului \u00een care este timpul s\u0103 re\u00eenc\u0103rci sau s\u0103 reumpli.<\/p>\n<p class=\"\" data-start=\"2060\" data-end=\"2231\"><strong data-start=\"2060\" data-end=\"2109\">4. WGA Legend Ultra 30K respect\u0103 TPD?<\/strong><br data-start=\"2109\" data-end=\"2112\" \/>Da, este <strong data-start=\"2122\" data-end=\"2139\">Conform cu normele TPD<\/strong>, ceea ce \u00eenseamn\u0103 c\u0103 respect\u0103 reglement\u0103rile stricte de siguran\u021b\u0103 \u0219i calitate din Rom\u00e2nia pentru produsele de vaping.<\/p>\n<p class=\"\" data-start=\"2233\" data-end=\"2446\"><strong data-start=\"2233\" data-end=\"2295\">5. C\u00e2t dureaz\u0103 bateria de 650mAh cu o \u00eenc\u0103rcare complet\u0103?<\/strong><br data-start=\"2295\" data-end=\"2298\" \/>Datorit\u0103 tehnologiei eficiente a rezisten\u021bei mesh, bateria poate rezista confortabil pe parcursul sesiunilor prelungite de vaping \u0219i suport\u0103 re\u00eenc\u0103rcare rapid\u0103. <strong data-start=\"2424\" data-end=\"2434\">Tip-C<\/strong> re\u00eenc\u0103rcare.<\/p>\n<\/div>\n<\/div>\n<\/div>\n<\/div>","protected":false},"excerpt":{"rendered":"<p class=\"LC20lb MBeuO DKV0Md\">WGA Legend Ultra 30K Cel mai bun magazin de vape online din Rom\u00e2nia<br \/>\nWGA crystal 30000 puffs 30k vape Pre\u021b cu reducere pentru distribu\u021bie<br \/>\nWGA Legend Ultra Vap\u0103 de unic\u0103 folosin\u021b\u0103 Crystal 30K 30000 Puffs<\/p>\n<p><strong>Ad\u0103uga\u021bi-o pe Amy pe WhatsApp pentru a ob\u021bine un r\u0103spuns corect \u0219i un pre\u021b redus!<\/strong><\/p>\n<p><img fetchpriority=\"high\" decoding=\"async\" class=\"size-full wp-image-2932\" src=\"https:\/\/vapestornado.com\/wp-content\/uploads\/2024\/12\/Vape-Wholesale.jpg\" alt=\"\u021aig\u0103ri electronice cu ridicata\" width=\"229\" height=\"300\" \/><\/p>\n<h3><a href=\"https:\/\/wa.me\/8617776015835\"><span style=\"color: #ff0000;\"><strong>WhatsApp: +86 17776015835<\/strong><\/span><\/a><\/h3>\n<p>&nbsp;<\/p>","protected":false},"featured_media":4073,"comment_status":"open","ping_status":"closed","template":"","meta":{"_acf_changed":false,"_uag_custom_page_level_css":"","_lmt_disableupdate":"no","_lmt_disable":"","_monsterinsights_skip_tracking":false,"_monsterinsights_sitenote_active":false,"_monsterinsights_sitenote_note":"","_monsterinsights_sitenote_category":0,"site-sidebar-layout":"default","site-content-layout":"","ast-site-content-layout":"default","site-content-style":"default","site-sidebar-style":"default","ast-global-header-display":"","ast-banner-title-visibility":"","ast-main-header-display":"","ast-hfb-above-header-display":"","ast-hfb-below-header-display":"","ast-hfb-mobile-header-display":"","site-post-title":"","ast-breadcrumbs-content":"","ast-featured-img":"","footer-sml-layout":"","ast-disable-related-posts":"","theme-transparent-header-meta":"default","adv-header-id-meta":"","stick-header-meta":"","header-above-stick-meta":"","header-main-stick-meta":"","header-below-stick-meta":"","astra-migrate-meta-layouts":"set","ast-page-background-enabled":"default","ast-page-background-meta":{"desktop":{"background-color":"","background-image":"","background-repeat":"repeat","background-position":"center center","background-size":"auto","background-attachment":"scroll","background-type":"","background-media":"","overlay-type":"","overlay-color":"","overlay-opacity":"","overlay-gradient":""},"tablet":{"background-color":"","background-image":"","background-repeat":"repeat","background-position":"center center","background-size":"auto","background-attachment":"scroll","background-type":"","background-media":"","overlay-type":"","overlay-color":"","overlay-opacity":"","overlay-gradient":""},"mobile":{"background-color":"","background-image":"","background-repeat":"repeat","background-position":"center center","background-size":"auto","background-attachment":"scroll","background-type":"","background-media":"","overlay-type":"","overlay-color":"","overlay-opacity":"","overlay-gradient":""}},"ast-content-background-meta":{"desktop":{"background-color":"var(--ast-global-color-5)","background-image":"","background-repeat":"repeat","background-position":"center center","background-size":"auto","background-attachment":"scroll","background-type":"","background-media":"","overlay-type":"","overlay-color":"","overlay-opacity":"","overlay-gradient":""},"tablet":{"background-color":"var(--ast-global-color-5)","background-image":"","background-repeat":"repeat","background-position":"center center","background-size":"auto","background-attachment":"scroll","background-type":"","background-media":"","overlay-type":"","overlay-color":"","overlay-opacity":"","overlay-gradient":""},"mobile":{"background-color":"var(--ast-global-color-5)","background-image":"","background-repeat":"repeat","background-position":"center center","background-size":"auto","background-attachment":"scroll","background-type":"","background-media":"","overlay-type":"","overlay-color":"","overlay-opacity":"","overlay-gradient":""}},"_joinchat":{"telephone":"17776015835"}},"product_brand":[],"product_cat":[67,150,152,141,142],"product_tag":[105,324,323],"class_list":{"0":"post-4089","1":"product","2":"type-product","3":"status-publish","4":"has-post-thumbnail","6":"product_cat-30000-puff","7":"product_cat-buy-disposable-vapes-in-belgium","8":"product_cat-buy-disposable-vapes-in-cermany","9":"product_cat-crystal-disposable-vapes","10":"product_cat-digital-box-disposable-vapes","11":"product_tag-digital-disposable-vape","12":"product_tag-wga-crystal-30k","13":"product_tag-wga-legend-ultra-30k","14":"desktop-align-left","15":"tablet-align-left","16":"mobile-align-left","18":"first","19":"instock","20":"sale","21":"shipping-taxable","22":"purchasable","23":"product-type-simple"},"acf":[],"uagb_featured_image_src":{"full":["https:\/\/vapestornado.com\/wp-content\/uploads\/2025\/04\/Wga-Legend-Ultra-30000-Puffs.webp",800,800,false],"thumbnail":["https:\/\/vapestornado.com\/wp-content\/uploads\/2025\/04\/Wga-Legend-Ultra-30000-Puffs-150x150.webp",150,150,true],"medium":["https:\/\/vapestornado.com\/wp-content\/uploads\/2025\/04\/Wga-Legend-Ultra-30000-Puffs-300x300.webp",300,300,true],"medium_large":["https:\/\/vapestornado.com\/wp-content\/uploads\/2025\/04\/Wga-Legend-Ultra-30000-Puffs-768x768.webp",768,768,true],"large":["https:\/\/vapestornado.com\/wp-content\/uploads\/2025\/04\/Wga-Legend-Ultra-30000-Puffs.webp",800,800,false],"1536x1536":["https:\/\/vapestornado.com\/wp-content\/uploads\/2025\/04\/Wga-Legend-Ultra-30000-Puffs.webp",800,800,false],"2048x2048":["https:\/\/vapestornado.com\/wp-content\/uploads\/2025\/04\/Wga-Legend-Ultra-30000-Puffs.webp",800,800,false],"trp-custom-language-flag":["https:\/\/vapestornado.com\/wp-content\/uploads\/2025\/04\/Wga-Legend-Ultra-30000-Puffs.webp",12,12,false],"woocommerce_thumbnail":["https:\/\/vapestornado.com\/wp-content\/uploads\/2025\/04\/Wga-Legend-Ultra-30000-Puffs-300x300.webp",300,300,true],"woocommerce_single":["https:\/\/vapestornado.com\/wp-content\/uploads\/2025\/04\/Wga-Legend-Ultra-30000-Puffs-600x600.webp",600,600,true],"woocommerce_gallery_thumbnail":["https:\/\/vapestornado.com\/wp-content\/uploads\/2025\/04\/Wga-Legend-Ultra-30000-Puffs-100x100.webp",100,100,true]},"uagb_author_info":{"display_name":"ESAMY","author_link":"https:\/\/vapestornado.com\/ro\/author\/"},"uagb_comment_info":0,"uagb_excerpt":"WGA Legend Ultra 30K Best online Vape store UK WGA crystal 30000 puffs 30k vape Wholesale Discount Price WGA Legend Ultra Disposable Crystal Vape 30K 30000 Puffs Add Amy's whatsapp to get right reply and discount price! WhatsApp: +86 17776015835 &nbsp;","_links":{"self":[{"href":"https:\/\/vapestornado.com\/ro\/wp-json\/wp\/v2\/product\/4089","targetHints":{"allow":["GET"]}}],"collection":[{"href":"https:\/\/vapestornado.com\/ro\/wp-json\/wp\/v2\/product"}],"about":[{"href":"https:\/\/vapestornado.com\/ro\/wp-json\/wp\/v2\/types\/product"}],"replies":[{"embeddable":true,"href":"https:\/\/vapestornado.com\/ro\/wp-json\/wp\/v2\/comments?post=4089"}],"wp:featuredmedia":[{"embeddable":true,"href":"https:\/\/vapestornado.com\/ro\/wp-json\/wp\/v2\/media\/4073"}],"wp:attachment":[{"href":"https:\/\/vapestornado.com\/ro\/wp-json\/wp\/v2\/media?parent=4089"}],"wp:term":[{"taxonomy":"product_brand","embeddable":true,"href":"https:\/\/vapestornado.com\/ro\/wp-json\/wp\/v2\/product_brand?post=4089"},{"taxonomy":"product_cat","embeddable":true,"href":"https:\/\/vapestornado.com\/ro\/wp-json\/wp\/v2\/product_cat?post=4089"},{"taxonomy":"product_tag","embeddable":true,"href":"https:\/\/vapestornado.com\/ro\/wp-json\/wp\/v2\/product_tag?post=4089"}],"curies":[{"name":"wp","href":"https:\/\/api.w.org\/{rel}","templated":true}]}}