{"id":4068,"date":"2025-04-06T09:32:07","date_gmt":"2025-04-06T09:32:07","guid":{"rendered":"https:\/\/vapestornado.com\/?post_type=product&#038;p=4068"},"modified":"2025-08-23T12:31:59","modified_gmt":"2025-08-23T12:31:59","slug":"alfakh-crown-bar-20000-puffs-disposable-shisha-hookah-wholesale-vape-pen","status":"publish","type":"product","link":"https:\/\/vapestornado.com\/ro\/product\/alfakh-crown-bar-20000-puffs-disposable-shisha-hookah-wholesale-vape-pen\/","title":{"rendered":"Alfakh Crown Bar 20000 Puffs Shisha Narghilea de unic\u0103 folosin\u021b\u0103 Vape Pen en-gros"},"content":{"rendered":"<h1 data-pm-slice=\"1 1 []\">Alfakh Crown Bar 20000 Puffs Shisha Narghilea de unic\u0103 folosin\u021b\u0103 Vape Pen en-gros<\/h1>\n<p class=\"\" data-start=\"101\" data-end=\"572\">Sistemul <strong data-start=\"271\" data-end=\"337\">Alfakh Crown Bar 20000 Pufuri Narghilea de Unic\u0103 Folosin\u021b\u0103 Shisha Hookah Vape Pen<\/strong> \u00eembin\u0103 vibra\u021biile tradi\u021bionale shisha cu tehnologia avansat\u0103 de vaping, oferind o experien\u021b\u0103 autentic\u0103 \u00een stil hookah \u00eentr-un format modern, portabil. Cu p\u00e2n\u0103 la <strong data-start=\"490\" data-end=\"506\">20.000 de pufuri<\/strong> alimentat de o <strong data-start=\"527\" data-end=\"558\">Baterie re\u00eenc\u0103rcabil\u0103 de 950 mAh<\/strong> si <strong data-start=\"563\" data-end=\"587\">\u00eenc\u0103rcare rapid\u0103 de tip C<\/strong>, acest dispozitiv garanteaz\u0103 o pl\u0103cere extins\u0103.<\/p>\n<p>Al s\u0103u <strong data-start=\"645\" data-end=\"674\">sistemul de flux de aer reglabil<\/strong> v\u0103 permite s\u0103 comuta\u021bi \u00eentre trageri fine de shisha sau nori den\u0219i, \u00een timp ce <strong data-start=\"751\" data-end=\"777\">ecran digital de afi\u0219are<\/strong> v\u0103 \u021bine la curent cu durata de via\u021b\u0103 a bateriei \u0219i nivelurile de e-lichid. Pre-umplut cu <strong data-start=\"850\" data-end=\"878\">30 ml de e-lichid premium<\/strong> \u0219i disponibil \u00een <strong data-start=\"896\" data-end=\"937\">concentra\u021bii de nicotin\u0103 de 0%, 2%, 3% \u0219i 5%<\/strong>, se adreseaz\u0103 tuturor preferin\u021belor de vaping.<\/p>\n<p>Cu un <strong data-start=\"997\" data-end=\"1010\">rezisten\u021b\u0103 tip mesh<\/strong> pentru o arom\u0103 consistent\u0103, bogat\u0103 \u0219i <strong data-start=\"1043\" data-end=\"1069\">12 op\u021biuni de arome \u00eendr\u0103zne\u021be<\/strong>, Alfakh Crown Bar 20K este o alegere ideal\u0103 pentru comercian\u021bii cu am\u0103nuntul \u0219i distribuitorii care caut\u0103 vape pens en-gros fiabile, cu cerere mare.<\/p>\n<p data-start=\"666\" data-end=\"1235\"><strong style=\"font-size: 16px;\"><span style=\"color: #ff0000;\">Adaug\u0103-o pe Amy pe WhatsApp pentru a ob\u021bine un r\u0103spuns rapid \u0219i un pre\u021b redus!<\/span><\/strong><\/p>\n<p><img fetchpriority=\"high\" decoding=\"async\" class=\"size-full wp-image-2932\" src=\"https:\/\/vapestornado.com\/wp-content\/uploads\/2024\/12\/Vape-Wholesale.jpg\" alt=\"\u021aig\u0103ri electronice cu ridicata\" width=\"229\" height=\"300\" \/><\/p>\n<h3><a href=\"https:\/\/wa.me\/8617776015835\" target=\"_blank\" rel=\"noopener\"><span style=\"color: #ff0000;\"><strong>WhatsApp: +86 17776015835<\/strong><\/span><\/a><\/h3>\n<p>&nbsp;<\/p>\n<h2><strong>Alfakh Crown Bar 20000 Caracteristici cheie ale produsului<\/strong><\/h2>\n<p>Model: Bar de coroane Alfakh 20000<br \/>\n12 arome pentru tine din care s\u0103 alegi.<br \/>\nCapacitate lichid: 30ml<br \/>\nCapacitate baterie: 950mAh, re\u00eenc\u0103rcabil\u0103 Type-C<br \/>\nRezisten\u021b\u0103: Mesh Coil 0.6ohm<br \/>\nPufuri: 20000<br \/>\nNicotin\u0103 sare: 0%,2%,3%,5%<\/p>\n<figure id=\"attachment_4057\" aria-describedby=\"caption-attachment-4057\" style=\"width: 800px\" class=\"wp-caption alignnone\"><img decoding=\"async\" class=\"wp-image-4057 size-full\" src=\"https:\/\/vapestornado.com\/wp-content\/uploads\/2025\/04\/Al-Fakh-Crown-Bar-Disposable-Shisha.webp\" alt=\"Narghilea de unic\u0103 folosin\u021b\u0103 Al Fakh Crown Bar\" width=\"800\" height=\"800\" srcset=\"https:\/\/vapestornado.com\/wp-content\/uploads\/2025\/04\/Al-Fakh-Crown-Bar-Disposable-Shisha.webp 800w, https:\/\/vapestornado.com\/wp-content\/uploads\/2025\/04\/Al-Fakh-Crown-Bar-Disposable-Shisha-300x300.webp 300w, https:\/\/vapestornado.com\/wp-content\/uploads\/2025\/04\/Al-Fakh-Crown-Bar-Disposable-Shisha-150x150.webp 150w, https:\/\/vapestornado.com\/wp-content\/uploads\/2025\/04\/Al-Fakh-Crown-Bar-Disposable-Shisha-768x768.webp 768w, https:\/\/vapestornado.com\/wp-content\/uploads\/2025\/04\/Al-Fakh-Crown-Bar-Disposable-Shisha-600x600.webp 600w, https:\/\/vapestornado.com\/wp-content\/uploads\/2025\/04\/Al-Fakh-Crown-Bar-Disposable-Shisha-100x100.webp 100w\" sizes=\"(max-width: 800px) 100vw, 800px\" \/><figcaption id=\"caption-attachment-4057\" class=\"wp-caption-text\">Narghilea de unic\u0103 folosin\u021b\u0103 Al Fakh Crown Bar<\/figcaption><\/figure>\n<h2 class=\"product-title\"><strong>Lista de arome Alfakher Crown Bar 20000 Disposables Bar<\/strong><\/h2>\n<article class=\"w-full text-token-text-primary focus-visible:outline-2 focus-visible:outline-offset-[-4px]\" dir=\"auto\" data-testid=\"conversation-turn-32\" data-scroll-anchor=\"false\">\n<div class=\"m-auto text-base py-[18px] px-6\">\n<div class=\"mx-auto flex flex-1 text-base gap-4 md:gap-5 lg:gap-6 md:max-w-3xl lg:max-w-[40rem] xl:max-w-[48rem]\">\n<div class=\"group\/conversation-turn relative flex w-full min-w-0 flex-col @xs\/thread:px-0 @sm\/thread:px-1.5 @md\/thread:px-4\">\n<div class=\"flex-col gap-1 md:gap-3\">\n<div class=\"flex max-w-full flex-col flex-grow\">\n<div class=\"min-h-8 text-message flex w-full flex-col items-end gap-2 whitespace-normal break-words text-start [.text-message+&amp;]:mt-5\" dir=\"auto\" data-message-author-role=\"user\" data-message-id=\"ffac41ca-1db4-431b-873a-32c4052956f1\">\n<div class=\"flex w-full flex-col gap-1 empty:hidden items-end rtl:items-start\">\n<div class=\"relative max-w-[var(--user-chat-width,70%)] rounded-3xl bg-token-message-surface px-5 py-2.5\">\n<div class=\"absolute bottom-0 right-full top-0 -mr-3.5 hidden pr-5 pt-2 [.group\/conversation-turn:hover_&amp;]:flex\">\n<div class=\"flex\">\n<article class=\"w-full text-token-text-primary focus-visible:outline-2 focus-visible:outline-offset-[-4px]\" dir=\"auto\" data-testid=\"conversation-turn-39\" data-scroll-anchor=\"true\">\n<div class=\"m-auto text-base py-[18px] px-6\">\n<div class=\"mx-auto flex flex-1 text-base gap-4 md:gap-5 lg:gap-6 md:max-w-3xl lg:max-w-[40rem] xl:max-w-[48rem]\">\n<div class=\"group\/conversation-turn relative flex w-full min-w-0 flex-col agent-turn @xs\/thread:px-0 @sm\/thread:px-1.5 @md\/thread:px-4\">\n<div class=\"flex-col gap-1 md:gap-3\">\n<div class=\"flex max-w-full flex-col flex-grow\">\n<div class=\"min-h-8 text-message flex w-full flex-col items-end gap-2 whitespace-normal break-words text-start [.text-message+&amp;]:mt-5\" dir=\"auto\" data-message-author-role=\"assistant\" data-message-id=\"55a23854-ec57-48dd-bd4f-6118f43d6241\" data-message-model-slug=\"gpt-4o\">\n<div class=\"flex w-full flex-col gap-1 empty:hidden first:pt-[3px]\">\n<div class=\"markdown prose w-full break-words dark:prose-invert light\">\n<p>1.Ghea\u021b\u0103 luxuriant\u0103<br \/>\n2.Ghea\u021b\u0103 de fructe de p\u0103dure<br \/>\n3.Gum\u0103 de afine<br \/>\n4.Fiesta de cire\u0219e<br \/>\n5. Punch de struguri<br \/>\n6. Pepene ro\u0219u cu c\u0103p\u0219uni<br \/>\n7. Mango \u00eenghe\u021bat<br \/>\n8. Punch de c\u0103p\u0219uni<br \/>\n9. Mango cu ananas<br \/>\n10. Zmeur\u0103 cu afine<br \/>\n11. Dou\u0103 mere<br \/>\n12. Love 66<\/p>\n<\/div>\n<\/div>\n<\/div>\n<\/div>\n<\/div>\n<\/div>\n<\/div>\n<\/div>\n<\/article>\n<\/div>\n<\/div>\n<\/div>\n<\/div>\n<\/div>\n<\/div>\n<\/div>\n<\/div>\n<\/div>\n<\/div>\n<\/article>\n<h2>De ce s\u0103 alege\u021bi Vapestornado pentru a cump\u0103ra Alfakh Crown Bar 20000 Puff?<\/h2>\n<div class=\"flex-shrink-0 flex flex-col relative items-end\">\n<div class=\"pt-0\">\n<div class=\"gizmo-bot-avatar flex h-8 w-8 items-center justify-center overflow-hidden rounded-full\">\n<div class=\"relative p-1 rounded-sm flex items-center justify-center bg-token-main-surface-primary text-token-text-primary h-8 w-8\">\n<p>At\u00a0<strong>VapeTornado<\/strong>, ne m\u00e2ndrim cu furnizarea de\u00a0<strong>produse de vapat premium la pre\u021buri imbatabile<\/strong>\u2014iar Alfakh Crown Bar 20000 nu face excep\u021bie! Iat\u0103 de ce ar trebui s\u0103 cump\u0103ra\u021bi de la noi:<\/p>\n<p><strong>Cele mai bune pre\u021buri en-gros<\/strong>\u00a0\u2013 Oferim\u00a0<strong>pre\u021buri competitive pentru cantit\u0103\u021bi mari<\/strong><span style=\"font-size: 16px;\">, ceea ce ne face alegerea principal\u0103 pentru rev\u00e2nz\u0103tori \u0219i magazine de vape.<\/span><\/p>\n<p><strong>Rapid<\/strong>\u00a0\u2013 Prime\u0219te comanda livrat\u0103\u00a0<strong>rapid \u0219i \u00een siguran\u021b\u0103<\/strong>, cu op\u021biuni de livrare \u00een \u00eentreaga lume.<br \/>\n<strong>Produse autentice 100%<\/strong>\u00a0\u2013 F\u0103r\u0103 imita\u021bii\u2014doar\u00a0<strong>produse originale WASPE Triple de unic\u0103 folosin\u021b\u0103<\/strong>\u00a0cu calitate verificat\u0103.<br \/>\n<strong>Asisten\u021b\u0103 excelent\u0103 pentru clien\u021bi<\/strong>\u00a0\u2013 Ave\u021bi \u00eentreb\u0103ri? Exper\u021bii no\u0219tri \u00een\u00a0<strong>vape<\/strong> sunt gata s\u0103 v\u0103 ajute 24\/7.<\/p>\n<p data-start=\"559\" data-end=\"933\" data-is-last-node=\"\" data-is-only-node=\"\">Avem, de asemenea, alte vape-uri populare cu ecran, cum ar fi <a href=\"https:\/\/vapestornado.com\/ro\/product\/vapme-goat-40000-puff-40k-hookah-shisha-pen-price-wholesale-e-cigarette\/\">Vapme Capr\u0103 40000 Shisha<\/a>, <a href=\"https:\/\/vapestornado.com\/ro\/product\/waspe-aiviou-3-in-1-60000-puffs-disposable-vape-kit-best-price\/\">WASPE 60000 3 \u00een 1<\/a>, <a href=\"https:\/\/vapestornado.com\/ro\/product\/bang-king-30000-pro-puff-30k-disposable-device-wholesale-price\/\">Bang King Pro 30000<\/a>, \u0219i altele.<\/p>\n<\/div>\n<div class=\"relative p-1 rounded-sm flex items-center justify-center bg-token-main-surface-primary text-token-text-primary h-8 w-8\">\n<h2>\u00centreb\u0103ri frecvente pentru Crown Bar 20000<\/h2>\n<ol data-start=\"1081\" data-end=\"1935\">\n<li class=\"\" data-start=\"1081\" data-end=\"1330\">\n<p class=\"\" data-start=\"1084\" data-end=\"1330\"><strong data-start=\"1084\" data-end=\"1163\">Cum se compar\u0103 Alfakh Crown Bar 20000 cu o narghilea shisha tradi\u021bional\u0103?<\/strong><br data-start=\"1163\" data-end=\"1166\" \/>Acest vape este conceput pentru a <strong data-start=\"1194\" data-end=\"1255\">imita fine\u021bea \u0219i bog\u0103\u021bia unei shisha tradi\u021bionale<\/strong> fiind \u00een acela\u0219i timp portabil, <strong data-start=\"1278\" data-end=\"1294\">re\u00eenc\u0103rcabil<\/strong>\u0219i <strong data-start=\"1300\" data-end=\"1327\">convenabil de unic\u0103 folosin\u021b\u0103<\/strong>.<\/p>\n<\/li>\n<li class=\"\" data-start=\"1332\" data-end=\"1514\">\n<p class=\"\" data-start=\"1335\" data-end=\"1514\"><strong data-start=\"1335\" data-end=\"1381\">Pot re\u00eenc\u0103rca Alfakh Crown Bar 20000?<\/strong><br data-start=\"1381\" data-end=\"1384\" \/>Da! Dispune de un <strong data-start=\"1406\" data-end=\"1430\">Port de \u00eenc\u0103rcare Type-C<\/strong>, permi\u021b\u00e2nd <strong data-start=\"1445\" data-end=\"1478\">o re\u00eenc\u0103rcare rapid\u0103 \u0219i eficient\u0103<\/strong> astfel \u00eenc\u00e2t s\u0103 v\u0103 pute\u021bi bucura de fiecare ultim\u0103 gur\u0103.<\/p>\n<\/li>\n<li class=\"\" data-start=\"1516\" data-end=\"1717\">\n<p class=\"\" data-start=\"1519\" data-end=\"1717\"><strong data-start=\"1519\" data-end=\"1566\">Cum reglez fluxul de aer pe acest dispozitiv?<\/strong><br data-start=\"1566\" data-end=\"1569\" \/>Sistemul <strong data-start=\"1576\" data-end=\"1605\">sistemul de flux de aer reglabil<\/strong> v\u0103 permite s\u0103 controla\u021bi inhalarea, f\u0103c\u00e2nd-o <strong data-start=\"1645\" data-end=\"1682\">mai str\u00e2ns\u0103 ca o shisha tradi\u021bional\u0103<\/strong> or <strong data-start=\"1686\" data-end=\"1714\">mai lejer\u0103 pentru nori mai mari<\/strong>.<\/p>\n<\/li>\n<li class=\"\" data-start=\"1719\" data-end=\"1935\">\n<p class=\"\" data-start=\"1722\" data-end=\"1935\"><strong data-start=\"1722\" data-end=\"1786\">Cum \u0219tiu c\u00e2nd Alfakh Crown Bar 20000 se apropie de final?<\/strong><br data-start=\"1786\" data-end=\"1789\" \/>Sistemul <strong data-start=\"1796\" data-end=\"1822\">afi\u0219aj digital pe ecran<\/strong> afi\u0219eaz\u0103 <strong data-start=\"1829\" data-end=\"1860\">nivelurile bateriei \u0219i ale e-lichidului<\/strong>, astfel \u00eenc\u00e2t vei \u0219ti \u00eentotdeauna c\u00e2nd este timpul s\u0103 re\u00eencarci sau s\u0103 \u00eenlocuie\u0219ti dispozitivul.<\/p>\n<\/li>\n<\/ol>\n<\/div>\n<\/div>\n<\/div>\n<\/div>","protected":false},"excerpt":{"rendered":"<p class=\"LC20lb MBeuO DKV0Md\">Alfakh Crown Bar 20000 Vape de unic\u0103 folosin\u021b\u0103 la pre\u021buri mici<br \/>\nKit narghilea de unic\u0103 folosin\u021b\u0103 Al Fakher Crown Bar 20000, en-gros<br \/>\nNarghilea digital\u0103 de unic\u0103 folosin\u021b\u0103 Alfakh Crown Bar 20000, v\u00e2nzare direct\u0103 din fabric\u0103<\/p>\n<p><strong>Ad\u0103uga\u021bi-o pe Amy pe WhatsApp pentru a ob\u021bine un r\u0103spuns corect \u0219i un pre\u021b redus!<\/strong><\/p>\n<p><img fetchpriority=\"high\" decoding=\"async\" class=\"size-full wp-image-2932\" src=\"https:\/\/vapestornado.com\/wp-content\/uploads\/2024\/12\/Vape-Wholesale.jpg\" alt=\"\u021aig\u0103ri electronice cu ridicata\" width=\"229\" height=\"300\" \/><\/p>\n<h3><a href=\"https:\/\/wa.me\/8617776015835\"><span style=\"color: #ff0000;\"><strong>WhatsApp: +86 17776015835<\/strong><\/span><\/a><\/h3>\n<p>&nbsp;<\/p>","protected":false},"featured_media":4061,"comment_status":"open","ping_status":"closed","template":"","meta":{"_acf_changed":false,"_uag_custom_page_level_css":"","_lmt_disableupdate":"no","_lmt_disable":"","_monsterinsights_skip_tracking":false,"_monsterinsights_sitenote_active":false,"_monsterinsights_sitenote_note":"","_monsterinsights_sitenote_category":0,"site-sidebar-layout":"default","site-content-layout":"","ast-site-content-layout":"default","site-content-style":"default","site-sidebar-style":"default","ast-global-header-display":"","ast-banner-title-visibility":"","ast-main-header-display":"","ast-hfb-above-header-display":"","ast-hfb-below-header-display":"","ast-hfb-mobile-header-display":"","site-post-title":"","ast-breadcrumbs-content":"","ast-featured-img":"","footer-sml-layout":"","ast-disable-related-posts":"","theme-transparent-header-meta":"default","adv-header-id-meta":"","stick-header-meta":"","header-above-stick-meta":"","header-main-stick-meta":"","header-below-stick-meta":"","astra-migrate-meta-layouts":"set","ast-page-background-enabled":"default","ast-page-background-meta":{"desktop":{"background-color":"","background-image":"","background-repeat":"repeat","background-position":"center center","background-size":"auto","background-attachment":"scroll","background-type":"","background-media":"","overlay-type":"","overlay-color":"","overlay-opacity":"","overlay-gradient":""},"tablet":{"background-color":"","background-image":"","background-repeat":"repeat","background-position":"center center","background-size":"auto","background-attachment":"scroll","background-type":"","background-media":"","overlay-type":"","overlay-color":"","overlay-opacity":"","overlay-gradient":""},"mobile":{"background-color":"","background-image":"","background-repeat":"repeat","background-position":"center center","background-size":"auto","background-attachment":"scroll","background-type":"","background-media":"","overlay-type":"","overlay-color":"","overlay-opacity":"","overlay-gradient":""}},"ast-content-background-meta":{"desktop":{"background-color":"var(--ast-global-color-5)","background-image":"","background-repeat":"repeat","background-position":"center center","background-size":"auto","background-attachment":"scroll","background-type":"","background-media":"","overlay-type":"","overlay-color":"","overlay-opacity":"","overlay-gradient":""},"tablet":{"background-color":"var(--ast-global-color-5)","background-image":"","background-repeat":"repeat","background-position":"center center","background-size":"auto","background-attachment":"scroll","background-type":"","background-media":"","overlay-type":"","overlay-color":"","overlay-opacity":"","overlay-gradient":""},"mobile":{"background-color":"var(--ast-global-color-5)","background-image":"","background-repeat":"repeat","background-position":"center center","background-size":"auto","background-attachment":"scroll","background-type":"","background-media":"","overlay-type":"","overlay-color":"","overlay-opacity":"","overlay-gradient":""}},"_joinchat":{"telephone":"17776015835"}},"product_brand":[],"product_cat":[69,158,147,61],"product_tag":[317,318,105,316,313],"class_list":{"0":"post-4068","1":"product","2":"type-product","3":"status-publish","4":"has-post-thumbnail","6":"product_cat-20000-puff","7":"product_cat-buy-disposable-vapes-in-spain","8":"product_cat-shisha-hookah-disposable-vapes","9":"product_cat-vapme-shisha","10":"product_tag-al-fakher-crown-bar","11":"product_tag-alfakher-crown-bar-20000","12":"product_tag-digital-disposable-vape","13":"product_tag-disposable-shisha-bar","14":"product_tag-vape-with-digital-screen","15":"desktop-align-left","16":"tablet-align-left","17":"mobile-align-left","19":"first","20":"instock","21":"sale","22":"shipping-taxable","23":"purchasable","24":"product-type-simple"},"acf":[],"uagb_featured_image_src":{"full":["https:\/\/vapestornado.com\/wp-content\/uploads\/2025\/04\/AlFakher-Crown-Bar-20000-Puffs-Airflow-Control-Vape.webp",800,800,false],"thumbnail":["https:\/\/vapestornado.com\/wp-content\/uploads\/2025\/04\/AlFakher-Crown-Bar-20000-Puffs-Airflow-Control-Vape-150x150.webp",150,150,true],"medium":["https:\/\/vapestornado.com\/wp-content\/uploads\/2025\/04\/AlFakher-Crown-Bar-20000-Puffs-Airflow-Control-Vape-300x300.webp",300,300,true],"medium_large":["https:\/\/vapestornado.com\/wp-content\/uploads\/2025\/04\/AlFakher-Crown-Bar-20000-Puffs-Airflow-Control-Vape-768x768.webp",768,768,true],"large":["https:\/\/vapestornado.com\/wp-content\/uploads\/2025\/04\/AlFakher-Crown-Bar-20000-Puffs-Airflow-Control-Vape.webp",800,800,false],"1536x1536":["https:\/\/vapestornado.com\/wp-content\/uploads\/2025\/04\/AlFakher-Crown-Bar-20000-Puffs-Airflow-Control-Vape.webp",800,800,false],"2048x2048":["https:\/\/vapestornado.com\/wp-content\/uploads\/2025\/04\/AlFakher-Crown-Bar-20000-Puffs-Airflow-Control-Vape.webp",800,800,false],"trp-custom-language-flag":["https:\/\/vapestornado.com\/wp-content\/uploads\/2025\/04\/AlFakher-Crown-Bar-20000-Puffs-Airflow-Control-Vape.webp",12,12,false],"woocommerce_thumbnail":["https:\/\/vapestornado.com\/wp-content\/uploads\/2025\/04\/AlFakher-Crown-Bar-20000-Puffs-Airflow-Control-Vape-300x300.webp",300,300,true],"woocommerce_single":["https:\/\/vapestornado.com\/wp-content\/uploads\/2025\/04\/AlFakher-Crown-Bar-20000-Puffs-Airflow-Control-Vape-600x600.webp",600,600,true],"woocommerce_gallery_thumbnail":["https:\/\/vapestornado.com\/wp-content\/uploads\/2025\/04\/AlFakher-Crown-Bar-20000-Puffs-Airflow-Control-Vape-100x100.webp",100,100,true]},"uagb_author_info":{"display_name":"ESAMY","author_link":"https:\/\/vapestornado.com\/ro\/author\/"},"uagb_comment_info":0,"uagb_excerpt":"Alfakh Crown Bar 20000 Disposable Vape Bar Cheap Price Al Fakher Crown Bar 20000 Disposable Hookah Kit Wholesale Digital Disposables Shisha Bar Alfakh Crown Bar 20000 Factory Direct Sale Add Amy's whatsapp to get right reply and discount price! WhatsApp: +86 17776015835 &nbsp;","_links":{"self":[{"href":"https:\/\/vapestornado.com\/ro\/wp-json\/wp\/v2\/product\/4068","targetHints":{"allow":["GET"]}}],"collection":[{"href":"https:\/\/vapestornado.com\/ro\/wp-json\/wp\/v2\/product"}],"about":[{"href":"https:\/\/vapestornado.com\/ro\/wp-json\/wp\/v2\/types\/product"}],"replies":[{"embeddable":true,"href":"https:\/\/vapestornado.com\/ro\/wp-json\/wp\/v2\/comments?post=4068"}],"wp:featuredmedia":[{"embeddable":true,"href":"https:\/\/vapestornado.com\/ro\/wp-json\/wp\/v2\/media\/4061"}],"wp:attachment":[{"href":"https:\/\/vapestornado.com\/ro\/wp-json\/wp\/v2\/media?parent=4068"}],"wp:term":[{"taxonomy":"product_brand","embeddable":true,"href":"https:\/\/vapestornado.com\/ro\/wp-json\/wp\/v2\/product_brand?post=4068"},{"taxonomy":"product_cat","embeddable":true,"href":"https:\/\/vapestornado.com\/ro\/wp-json\/wp\/v2\/product_cat?post=4068"},{"taxonomy":"product_tag","embeddable":true,"href":"https:\/\/vapestornado.com\/ro\/wp-json\/wp\/v2\/product_tag?post=4068"}],"curies":[{"name":"wp","href":"https:\/\/api.w.org\/{rel}","templated":true}]}}