{"id":4056,"date":"2025-04-02T09:32:30","date_gmt":"2025-04-02T09:32:30","guid":{"rendered":"https:\/\/vapestornado.com\/?post_type=product&#038;p=4056"},"modified":"2025-08-23T12:03:58","modified_gmt":"2025-08-23T12:03:58","slug":"elfbar-planet-25000-wholesale-disposable-vape-kit-with-digital-screen","status":"publish","type":"product","link":"https:\/\/vapestornado.com\/ro\/product\/elfbar-planet-25000-wholesale-disposable-vape-kit-with-digital-screen\/","title":{"rendered":"ELFBAR Planet 25000 Kit Vape de Unic\u0103 Folosin\u021b\u0103 en Gros cu Ecran Digital"},"content":{"rendered":"<h1 data-pm-slice=\"1 1 []\">ELFBAR Planet 25000 Kit Vape de Unic\u0103 Folosin\u021b\u0103 en Gros cu Ecran Digital<\/h1>\n<p class=\"\" data-start=\"105\" data-end=\"610\">Sistemul <strong data-start=\"303\" data-end=\"342\">ELFBAR Planet 25000 Vape de unic\u0103 folosin\u021b\u0103<\/strong> este construit pentru angrosi\u0219ti \u0219i comercian\u021bi cu am\u0103nuntul care caut\u0103 un dispozitiv premium, de lung\u0103 durat\u0103, cu caracteristici moderne. Oferind p\u00e2n\u0103 la <strong data-start=\"460\" data-end=\"476\">25.000 de pufuri<\/strong>, vine pre-umplut cu <strong data-start=\"503\" data-end=\"523\">18 ml de e-lichid<\/strong> la o concentra\u021bie de nicotin\u0103 de 5%, asigur\u00e2nd o experien\u021b\u0103 de vaping fin\u0103 \u0219i \u00eendr\u0103znea\u021b\u0103.<\/p>\n<p>Al s\u0103u <strong data-start=\"608\" data-end=\"631\">afi\u0219aj LED digital<\/strong> ofer\u0103 utilizatorilor actualiz\u0103ri \u00een timp real despre nivelul bateriei \u0219i al e-lichidului, \u00een timp ce <strong data-start=\"700\" data-end=\"739\">set\u0103rile de putere reglabile (13W\u201325W)<\/strong> ofer\u0103 flexibilitate at\u00e2t pentru intensitatea aromei, c\u00e2t \u0219i pentru produc\u021bia de nori. Alimentat de un <strong data-start=\"822\" data-end=\"853\">bateria re\u00eenc\u0103rcabil\u0103 de 800mAh<\/strong> cu \u00eenc\u0103rcare rapid\u0103 <strong data-start=\"864\" data-end=\"883\">\u00eenc\u0103rcare de tip C<\/strong>, ELFBAR Planet garanteaz\u0103 performan\u021be fiabile.<\/p>\n<p>Cu designul s\u0103u elegant, <strong data-start=\"968\" data-end=\"993\">sistem cu bobin\u0103 dubl\u0103 de plas\u0103<\/strong>, \u0219i competitiv <strong data-start=\"1011\" data-end=\"1032\">pre\u021buri de v\u00e2nzare cu ridicata<\/strong>, acest dispozitiv este un plus profitabil pentru distribuitorii de vape \u0219i proprietarii de magazine care doresc s\u0103 ofere un dispozitiv de unic\u0103 folosin\u021b\u0103 de mare capacitate, cu stil \u0219i substan\u021b\u0103.<\/p>\n<p data-start=\"666\" data-end=\"1235\"><strong style=\"font-size: 16px;\"><span style=\"color: #ff0000;\">Adaug\u0103-o pe Amy pe WhatsApp pentru a ob\u021bine un r\u0103spuns rapid \u0219i un pre\u021b redus!<\/span><\/strong><\/p>\n<p><img fetchpriority=\"high\" decoding=\"async\" class=\"size-full wp-image-2932\" src=\"https:\/\/vapestornado.com\/wp-content\/uploads\/2024\/12\/Vape-Wholesale.jpg\" alt=\"\u021aig\u0103ri electronice cu ridicata\" width=\"229\" height=\"300\" \/><\/p>\n<h3><a href=\"https:\/\/wa.me\/8617776015835\" target=\"_blank\" rel=\"noopener\"><span style=\"color: #ff0000;\"><strong>WhatsApp: +86 17776015835<\/strong><\/span><\/a><\/h3>\n<p>&nbsp;<\/p>\n<h2><strong>ELFBAR Planet 25000 Caracteristici Cheie ale Produsului<\/strong><\/h2>\n<p>Marc\u0103: Elf Bar<br \/>\nModel: PLANET 25000<br \/>\nPufuri: 25000<br \/>\nT\u0103rie nicotin\u0103: 5% (50 mg)<br \/>\nVolum lichid: 18 ml<br \/>\nBaterie<br \/>\nCapacitate Baterie: 800mAh<br \/>\n\u00cenc\u0103rcare modern\u0103 USB-C<br \/>\nPutere reglabil\u0103<\/p>\n<h2 class=\"product-title\"><strong>Lista arome dispozitive de unic\u0103 folosin\u021b\u0103 ELF BAR Planet 25000<\/strong><\/h2>\n<article class=\"w-full text-token-text-primary focus-visible:outline-2 focus-visible:outline-offset-[-4px]\" dir=\"auto\" data-testid=\"conversation-turn-32\" data-scroll-anchor=\"false\">\n<div class=\"m-auto text-base py-[18px] px-6\">\n<div class=\"mx-auto flex flex-1 text-base gap-4 md:gap-5 lg:gap-6 md:max-w-3xl lg:max-w-[40rem] xl:max-w-[48rem]\">\n<div class=\"group\/conversation-turn relative flex w-full min-w-0 flex-col @xs\/thread:px-0 @sm\/thread:px-1.5 @md\/thread:px-4\">\n<div class=\"flex-col gap-1 md:gap-3\">\n<div class=\"flex max-w-full flex-col flex-grow\">\n<div class=\"min-h-8 text-message flex w-full flex-col items-end gap-2 whitespace-normal break-words text-start [.text-message+&amp;]:mt-5\" dir=\"auto\" data-message-author-role=\"user\" data-message-id=\"ffac41ca-1db4-431b-873a-32c4052956f1\">\n<div class=\"flex w-full flex-col gap-1 empty:hidden items-end rtl:items-start\">\n<div class=\"relative max-w-[var(--user-chat-width,70%)] rounded-3xl bg-token-message-surface px-5 py-2.5\">\n<div class=\"absolute bottom-0 right-full top-0 -mr-3.5 hidden pr-5 pt-2 [.group\/conversation-turn:hover_&amp;]:flex\">\n<div class=\"flex\">\n<article class=\"w-full text-token-text-primary focus-visible:outline-2 focus-visible:outline-offset-[-4px]\" dir=\"auto\" data-testid=\"conversation-turn-39\" data-scroll-anchor=\"true\">\n<div class=\"m-auto text-base py-[18px] px-6\">\n<div class=\"mx-auto flex flex-1 text-base gap-4 md:gap-5 lg:gap-6 md:max-w-3xl lg:max-w-[40rem] xl:max-w-[48rem]\">\n<div class=\"group\/conversation-turn relative flex w-full min-w-0 flex-col agent-turn @xs\/thread:px-0 @sm\/thread:px-1.5 @md\/thread:px-4\">\n<div class=\"flex-col gap-1 md:gap-3\">\n<div class=\"flex max-w-full flex-col flex-grow\">\n<div class=\"min-h-8 text-message flex w-full flex-col items-end gap-2 whitespace-normal break-words text-start [.text-message+&amp;]:mt-5\" dir=\"auto\" data-message-author-role=\"assistant\" data-message-id=\"55a23854-ec57-48dd-bd4f-6118f43d6241\" data-message-model-slug=\"gpt-4o\">\n<div class=\"flex w-full flex-col gap-1 empty:hidden first:pt-[3px]\">\n<div class=\"markdown prose w-full break-words dark:prose-invert light\">\n<p>1 Pepene ro\u0219u<br \/>\n2 Strugure<br \/>\n3 M\u0103r dublu<br \/>\n4 Zmeur\u0103 albastr\u0103 cu ghea\u021b\u0103<br \/>\n5 Ceai verde cu grapefruit<br \/>\n6 Zmeur\u0103 cu iasomie<br \/>\n7 Piersic\u0103 alb\u0103 Baja Splash<br \/>\n8 Pepene ro\u0219u cu cire\u0219e<br \/>\n9 Mure acre cu afine<br \/>\n10 Cirea\u0219\u0103 cu lime<br \/>\n11 Ananas Pepene Verde<br \/>\n12 Ananas Fructul Pasiunii Baja<br \/>\n13 C\u0103p\u0219uni Piersic\u0103+<br \/>\n14 Meri\u0219or Portocal\u0103 Baja Splash<br \/>\n15 Dublu Piersic\u0103 Lime<br \/>\n16 Explozie Curcubeu Tropical<\/p>\n<figure id=\"attachment_4055\" aria-describedby=\"caption-attachment-4055\" style=\"width: 800px\" class=\"wp-caption alignnone\"><img decoding=\"async\" class=\"wp-image-4055 size-full\" src=\"https:\/\/vapestornado.com\/wp-content\/uploads\/2025\/04\/ELFBAR-Planet-25000-Wholesale-Price.webp\" alt=\"ELFBAR Planet 25000 Pre\u021b Angro\" width=\"800\" height=\"800\" srcset=\"https:\/\/vapestornado.com\/wp-content\/uploads\/2025\/04\/ELFBAR-Planet-25000-Wholesale-Price.webp 800w, https:\/\/vapestornado.com\/wp-content\/uploads\/2025\/04\/ELFBAR-Planet-25000-Wholesale-Price-300x300.webp 300w, https:\/\/vapestornado.com\/wp-content\/uploads\/2025\/04\/ELFBAR-Planet-25000-Wholesale-Price-150x150.webp 150w, https:\/\/vapestornado.com\/wp-content\/uploads\/2025\/04\/ELFBAR-Planet-25000-Wholesale-Price-768x768.webp 768w, https:\/\/vapestornado.com\/wp-content\/uploads\/2025\/04\/ELFBAR-Planet-25000-Wholesale-Price-600x600.webp 600w, https:\/\/vapestornado.com\/wp-content\/uploads\/2025\/04\/ELFBAR-Planet-25000-Wholesale-Price-100x100.webp 100w\" sizes=\"(max-width: 800px) 100vw, 800px\" \/><figcaption id=\"caption-attachment-4055\" class=\"wp-caption-text\">ELFBAR Planet 25000 Pre\u021b Angro<\/figcaption><\/figure>\n<\/div>\n<\/div>\n<\/div>\n<\/div>\n<\/div>\n<\/div>\n<\/div>\n<\/div>\n<\/article>\n<\/div>\n<\/div>\n<\/div>\n<\/div>\n<\/div>\n<\/div>\n<\/div>\n<\/div>\n<\/div>\n<\/div>\n<\/article>\n<h2>De ce s\u0103 alegi Vapestornado pentru a cump\u0103ra ELFBAR Planet 25000?<\/h2>\n<div class=\"flex-shrink-0 flex flex-col relative items-end\">\n<div class=\"pt-0\">\n<div class=\"gizmo-bot-avatar flex h-8 w-8 items-center justify-center overflow-hidden rounded-full\">\n<div class=\"relative p-1 rounded-sm flex items-center justify-center bg-token-main-surface-primary text-token-text-primary h-8 w-8\">\n<p>At\u00a0<strong>VapeTornado<\/strong>, ne m\u00e2ndrim cu furnizarea de\u00a0<strong>produse de vapat premium la pre\u021buri imbatabile<\/strong>\u2014iar ELFBAR Planet 25000 nu face excep\u021bie! Iat\u0103 de ce ar trebui s\u0103 cumperi de la noi:<\/p>\n<p><strong>Cele mai bune pre\u021buri en-gros<\/strong>\u00a0\u2013 Oferim\u00a0<strong>pre\u021buri competitive pentru cantit\u0103\u021bi mari<\/strong><span style=\"font-size: 16px;\">, ceea ce ne face alegerea principal\u0103 pentru rev\u00e2nz\u0103tori \u0219i magazine de vape.<\/span><\/p>\n<p><strong>Rapid<\/strong>\u00a0\u2013 Prime\u0219te comanda livrat\u0103\u00a0<strong>rapid \u0219i \u00een siguran\u021b\u0103<\/strong>, cu op\u021biuni de livrare \u00een \u00eentreaga lume.<br \/>\n<strong>Produse autentice 100%<\/strong>\u00a0\u2013 F\u0103r\u0103 imita\u021bii\u2014doar\u00a0<strong>produse originale WASPE Triple de unic\u0103 folosin\u021b\u0103<\/strong>\u00a0cu calitate verificat\u0103.<br \/>\n<strong>Asisten\u021b\u0103 excelent\u0103 pentru clien\u021bi<\/strong>\u00a0\u2013 Ave\u021bi \u00eentreb\u0103ri? Exper\u021bii no\u0219tri \u00een\u00a0<strong>vape<\/strong> sunt gata s\u0103 v\u0103 ajute 24\/7.<\/p>\n<p data-start=\"559\" data-end=\"933\" data-is-last-node=\"\" data-is-only-node=\"\">Avem, de asemenea, alte vape-uri populare cu ecran, cum ar fi <a href=\"https:\/\/vapestornado.com\/ro\/product\/vapme-goat-40000-puff-40k-hookah-shisha-pen-price-wholesale-e-cigarette\/\">Vapme Capr\u0103 40000 Shisha<\/a>, <a href=\"https:\/\/vapestornado.com\/ro\/product\/2025-new-vopk-ultra-40000-puffs-double-flavor-disposable-vape-factory-suppliers\/\">VOPK 40000 2 \u00een 1 Vape de Unic\u0103 Folosin\u021b\u0103<\/a>, <a href=\"https:\/\/vapestornado.com\/ro\/product\/bang-beach-22000-20k-puff-disposable-vape-pen-with-screen-reddit-hot\/\">Bang Beach 22000<\/a>, \u0219i altele.<\/p>\n<\/div>\n<div class=\"relative p-1 rounded-sm flex items-center justify-center bg-token-main-surface-primary text-token-text-primary h-8 w-8\">\n<h2>\u00ceNTREB\u0102RI FRECVENTE<\/h2>\n<h3 class=\"\" data-start=\"2124\" data-end=\"2138\"><\/h3>\n<ol data-start=\"2140\" data-end=\"3057\">\n<li class=\"\" data-start=\"2140\" data-end=\"2390\">\n<p class=\"\" data-start=\"2143\" data-end=\"2390\"><strong data-start=\"2143\" data-end=\"2209\">Cum ajustez set\u0103rile de putere pe ELFBAR Planet 25000?<\/strong><br data-start=\"2209\" data-end=\"2212\" \/>Dispozitivul dispune de <strong data-start=\"2235\" data-end=\"2273\">putere ajustabil\u0103 de la 13W la 25W<\/strong>. Po\u021bi modifica set\u0103rile de putere prin intermediul <strong data-start=\"2320\" data-end=\"2352\">butonului de control de la baz\u0103<\/strong> pentru o experien\u021b\u0103 de vapat personalizat\u0103.<\/p>\n<\/li>\n<li class=\"\" data-start=\"2392\" data-end=\"2607\">\n<p class=\"\" data-start=\"2395\" data-end=\"2607\"><strong data-start=\"2395\" data-end=\"2450\">C\u00e2t dureaz\u0103 bateria la ELFBAR Planet 25000?<\/strong><br data-start=\"2450\" data-end=\"2453\" \/>Sistemul <strong data-start=\"2460\" data-end=\"2491\">bateria re\u00eenc\u0103rcabil\u0103 de 800mAh<\/strong> asigur\u0103 o utilizare extins\u0103 \u0219i poate fi u\u0219or <strong data-start=\"2532\" data-end=\"2555\">re\u00eenc\u0103rcat\u0103 prin USB-C<\/strong>, garant\u00e2nd c\u0103 vei avea energie pe tot parcursul zilei.<\/p>\n<\/li>\n<li class=\"\" data-start=\"2609\" data-end=\"2842\">\n<p class=\"\" data-start=\"2612\" data-end=\"2842\"><strong data-start=\"2612\" data-end=\"2666\">Este ELFBAR Planet 25000 bun pentru iubitorii de arome?<\/strong><br data-start=\"2666\" data-end=\"2669\" \/>Absolut! Cu <strong data-start=\"2689\" data-end=\"2708\">rezisten\u021be dual mesh<\/strong> si <strong data-start=\"2713\" data-end=\"2735\">flux de aer reglabil<\/strong>, ofer\u0103 <strong data-start=\"2749\" data-end=\"2776\">arome intense \u0219i fine<\/strong> si <strong data-start=\"2781\" data-end=\"2806\">produc\u021bie bogat\u0103 de vapori<\/strong> pentru o experien\u021b\u0103 superioar\u0103 de vapat.<\/p>\n<\/li>\n<li class=\"\" data-start=\"2844\" data-end=\"3057\">\n<p class=\"\" data-start=\"2847\" data-end=\"3057\"><strong data-start=\"2847\" data-end=\"2898\">Pot lua ELFBAR Planet 25000 \u00eentr-un zbor cu avionul?<\/strong><br data-start=\"2898\" data-end=\"2901\" \/>Da, dar trebuie s\u0103-l <strong data-start=\"2922\" data-end=\"2955\">p\u0103stra\u021bi \u00een bagajul de m\u00e2n\u0103<\/strong> conform reglement\u0103rilor companiilor aeriene. <strong data-start=\"2984\" data-end=\"3054\">Evita\u021bi s\u0103-l pune\u021bi \u00een bagajul de cal\u0103 din cauza problemelor de siguran\u021b\u0103 legate de baterie<\/strong>.<\/p>\n<\/li>\n<\/ol>\n<\/div>\n<\/div>\n<\/div>\n<\/div>","protected":false},"excerpt":{"rendered":"<p class=\"LC20lb MBeuO DKV0Md\">Sistemul <strong data-start=\"1185\" data-end=\"1211\">ELFBAR Planet 25K Vape<\/strong> ofer\u0103 25.000 de pufuri, ecran digital \u0219i putere reglabil\u0103\u2014ideal pentru <strong data-start=\"1284\" data-end=\"1309\">comenzile en-gros<\/strong> \u00een Europa.<br \/>\nVape digital de unic\u0103 folosin\u021b\u0103 ELF BAR Planet 25000 Pre\u021b direct de fabric\u0103<\/p>\n<p><strong>Ad\u0103uga\u021bi-o pe Amy pe WhatsApp pentru a ob\u021bine un r\u0103spuns corect \u0219i un pre\u021b redus!<\/strong><\/p>\n<p><img fetchpriority=\"high\" decoding=\"async\" class=\"size-full wp-image-2932\" src=\"https:\/\/vapestornado.com\/wp-content\/uploads\/2024\/12\/Vape-Wholesale.jpg\" alt=\"\u021aig\u0103ri electronice cu ridicata\" width=\"229\" height=\"300\" \/><\/p>\n<h3><a href=\"https:\/\/wa.me\/8617776015835\"><span style=\"color: #ff0000;\"><strong>WhatsApp: +86 17776015835<\/strong><\/span><\/a><\/h3>\n<p>&nbsp;<\/p>","protected":false},"featured_media":4050,"comment_status":"open","ping_status":"closed","template":"","meta":{"_acf_changed":false,"_uag_custom_page_level_css":"","_lmt_disableupdate":"no","_lmt_disable":"","_monsterinsights_skip_tracking":false,"_monsterinsights_sitenote_active":false,"_monsterinsights_sitenote_note":"","_monsterinsights_sitenote_category":0,"site-sidebar-layout":"default","site-content-layout":"","ast-site-content-layout":"default","site-content-style":"default","site-sidebar-style":"default","ast-global-header-display":"","ast-banner-title-visibility":"","ast-main-header-display":"","ast-hfb-above-header-display":"","ast-hfb-below-header-display":"","ast-hfb-mobile-header-display":"","site-post-title":"","ast-breadcrumbs-content":"","ast-featured-img":"","footer-sml-layout":"","ast-disable-related-posts":"","theme-transparent-header-meta":"default","adv-header-id-meta":"","stick-header-meta":"","header-above-stick-meta":"","header-main-stick-meta":"","header-below-stick-meta":"","astra-migrate-meta-layouts":"set","ast-page-background-enabled":"default","ast-page-background-meta":{"desktop":{"background-color":"","background-image":"","background-repeat":"repeat","background-position":"center center","background-size":"auto","background-attachment":"scroll","background-type":"","background-media":"","overlay-type":"","overlay-color":"","overlay-opacity":"","overlay-gradient":""},"tablet":{"background-color":"","background-image":"","background-repeat":"repeat","background-position":"center center","background-size":"auto","background-attachment":"scroll","background-type":"","background-media":"","overlay-type":"","overlay-color":"","overlay-opacity":"","overlay-gradient":""},"mobile":{"background-color":"","background-image":"","background-repeat":"repeat","background-position":"center center","background-size":"auto","background-attachment":"scroll","background-type":"","background-media":"","overlay-type":"","overlay-color":"","overlay-opacity":"","overlay-gradient":""}},"ast-content-background-meta":{"desktop":{"background-color":"var(--ast-global-color-5)","background-image":"","background-repeat":"repeat","background-position":"center center","background-size":"auto","background-attachment":"scroll","background-type":"","background-media":"","overlay-type":"","overlay-color":"","overlay-opacity":"","overlay-gradient":""},"tablet":{"background-color":"var(--ast-global-color-5)","background-image":"","background-repeat":"repeat","background-position":"center center","background-size":"auto","background-attachment":"scroll","background-type":"","background-media":"","overlay-type":"","overlay-color":"","overlay-opacity":"","overlay-gradient":""},"mobile":{"background-color":"var(--ast-global-color-5)","background-image":"","background-repeat":"repeat","background-position":"center center","background-size":"auto","background-attachment":"scroll","background-type":"","background-media":"","overlay-type":"","overlay-color":"","overlay-opacity":"","overlay-gradient":""}},"_joinchat":{"telephone":"17776015835"}},"product_brand":[],"product_cat":[68,156,254,146],"product_tag":[105,252,311,313,312],"class_list":{"0":"post-4056","1":"product","2":"type-product","3":"status-publish","4":"has-post-thumbnail","6":"product_cat-25000-puff","7":"product_cat-buy-disposable-vapes-in-poland","8":"product_cat-elf-bar-vape","9":"product_cat-rechargeable-disposable-vapes","10":"product_tag-digital-disposable-vape","11":"product_tag-elf-bar","12":"product_tag-elf-bar-planet-25000","13":"product_tag-vape-with-digital-screen","14":"product_tag-wholesale-disposable-vape-kit","15":"desktop-align-left","16":"tablet-align-left","17":"mobile-align-left","19":"first","20":"instock","21":"sale","22":"shipping-taxable","23":"purchasable","24":"product-type-simple"},"acf":[],"uagb_featured_image_src":{"full":["https:\/\/vapestornado.com\/wp-content\/uploads\/2025\/04\/ELF-BAR-Planet-25000-Disposable-Vape-Pen.webp",800,800,false],"thumbnail":["https:\/\/vapestornado.com\/wp-content\/uploads\/2025\/04\/ELF-BAR-Planet-25000-Disposable-Vape-Pen-150x150.webp",150,150,true],"medium":["https:\/\/vapestornado.com\/wp-content\/uploads\/2025\/04\/ELF-BAR-Planet-25000-Disposable-Vape-Pen-300x300.webp",300,300,true],"medium_large":["https:\/\/vapestornado.com\/wp-content\/uploads\/2025\/04\/ELF-BAR-Planet-25000-Disposable-Vape-Pen-768x768.webp",768,768,true],"large":["https:\/\/vapestornado.com\/wp-content\/uploads\/2025\/04\/ELF-BAR-Planet-25000-Disposable-Vape-Pen.webp",800,800,false],"1536x1536":["https:\/\/vapestornado.com\/wp-content\/uploads\/2025\/04\/ELF-BAR-Planet-25000-Disposable-Vape-Pen.webp",800,800,false],"2048x2048":["https:\/\/vapestornado.com\/wp-content\/uploads\/2025\/04\/ELF-BAR-Planet-25000-Disposable-Vape-Pen.webp",800,800,false],"trp-custom-language-flag":["https:\/\/vapestornado.com\/wp-content\/uploads\/2025\/04\/ELF-BAR-Planet-25000-Disposable-Vape-Pen.webp",12,12,false],"woocommerce_thumbnail":["https:\/\/vapestornado.com\/wp-content\/uploads\/2025\/04\/ELF-BAR-Planet-25000-Disposable-Vape-Pen-300x300.webp",300,300,true],"woocommerce_single":["https:\/\/vapestornado.com\/wp-content\/uploads\/2025\/04\/ELF-BAR-Planet-25000-Disposable-Vape-Pen-600x600.webp",600,600,true],"woocommerce_gallery_thumbnail":["https:\/\/vapestornado.com\/wp-content\/uploads\/2025\/04\/ELF-BAR-Planet-25000-Disposable-Vape-Pen-100x100.webp",100,100,true]},"uagb_author_info":{"display_name":"ESAMY","author_link":"https:\/\/vapestornado.com\/ro\/author\/"},"uagb_comment_info":0,"uagb_excerpt":"The ELFBAR Planet 25K Vape delivers 25,000 puffs, digital screen, and adjustable wattage\u2014ideal for wholesale bulk orders in Europe. Digital Disposable Vape ELF BAR Planet 25000 Factory Direct Price Add Amy's whatsapp to get right reply and discount price! WhatsApp: +86 17776015835 &nbsp;","_links":{"self":[{"href":"https:\/\/vapestornado.com\/ro\/wp-json\/wp\/v2\/product\/4056","targetHints":{"allow":["GET"]}}],"collection":[{"href":"https:\/\/vapestornado.com\/ro\/wp-json\/wp\/v2\/product"}],"about":[{"href":"https:\/\/vapestornado.com\/ro\/wp-json\/wp\/v2\/types\/product"}],"replies":[{"embeddable":true,"href":"https:\/\/vapestornado.com\/ro\/wp-json\/wp\/v2\/comments?post=4056"}],"wp:featuredmedia":[{"embeddable":true,"href":"https:\/\/vapestornado.com\/ro\/wp-json\/wp\/v2\/media\/4050"}],"wp:attachment":[{"href":"https:\/\/vapestornado.com\/ro\/wp-json\/wp\/v2\/media?parent=4056"}],"wp:term":[{"taxonomy":"product_brand","embeddable":true,"href":"https:\/\/vapestornado.com\/ro\/wp-json\/wp\/v2\/product_brand?post=4056"},{"taxonomy":"product_cat","embeddable":true,"href":"https:\/\/vapestornado.com\/ro\/wp-json\/wp\/v2\/product_cat?post=4056"},{"taxonomy":"product_tag","embeddable":true,"href":"https:\/\/vapestornado.com\/ro\/wp-json\/wp\/v2\/product_tag?post=4056"}],"curies":[{"name":"wp","href":"https:\/\/api.w.org\/{rel}","templated":true}]}}