{"id":4047,"date":"2025-04-01T10:04:57","date_gmt":"2025-04-01T10:04:57","guid":{"rendered":"https:\/\/vapestornado.com\/?post_type=product&#038;p=4047"},"modified":"2025-08-23T12:00:28","modified_gmt":"2025-08-23T12:00:28","slug":"aivono-fatpro-22000-puffs-shisha-hookah-digital-screen-wholesaledisposables-vape-pod-shop-on-line-copy","status":"publish","type":"product","link":"https:\/\/vapestornado.com\/ro\/product\/aivono-fatpro-22000-puffs-shisha-hookah-digital-screen-wholesaledisposables-vape-pod-shop-on-line-copy\/","title":{"rendered":"AIVONO Fatpro 22000 Pufuri Shisha Hookah Ecran Digital En-gros"},"content":{"rendered":"<h1 data-pm-slice=\"1 1 []\">AIVONO Fatpro 22000 Pufuri Shisha Hookah Ecran Digital En-gros<\/h1>\n<p class=\"\" data-start=\"1287\" data-end=\"1418\">Sistemul <strong data-start=\"310\" data-end=\"362\">AIVONO Fatpro 22000 Pufuri Vape Shisha de Unic\u0103 Folosin\u021b\u0103<\/strong> este proiectat pentru distribuitorii \u0219i magazinele de vape care caut\u0103 un dispozitiv premium, de lung\u0103 durat\u0103. Oferind p\u00e2n\u0103 la <strong data-start=\"470\" data-end=\"486\">22.000 de pufuri<\/strong> cu o generoas\u0103 cantitate de <strong data-start=\"503\" data-end=\"529\">28 ml de e-lichid<\/strong>, acest vape \u00een stil narghilea asigur\u0103 o utilizare extins\u0103 \u0219i o satisfac\u021bie constant\u0103.<\/p>\n<p>Echipat cu un <strong data-start=\"629\" data-end=\"655\">ecran digital de afi\u0219are<\/strong>, utilizatorii pot monitoriza cu u\u0219urin\u021b\u0103 durata de via\u021b\u0103 a bateriei \u0219i nivelurile de e-lichid \u00een timp real. Sistemul <strong data-start=\"733\" data-end=\"762\">tehnologie de bobin\u0103 mesh de 0,6\u03a9<\/strong> \u00eembun\u0103t\u0103\u021be\u0219te densitatea vaporilor \u0219i bog\u0103\u021bia aromei, \u00een timp ce <strong data-start=\"817\" data-end=\"845\">port re\u00eenc\u0103rcabil Type-C<\/strong> garanteaz\u0103 \u00eenc\u0103rc\u0103ri rapide.<\/p>\n<p>Disponibil \u00een <strong data-start=\"896\" data-end=\"919\">10 arome interesante<\/strong>, de la amestecuri fructate la op\u021biuni \u00eenghe\u021bate \u0219i inspirate de bomboane, AIVONO Fatpro 22K satisface gusturi diverse. Cu combina\u021bia sa de <strong data-start=\"1047\" data-end=\"1123\">num\u0103r mare de pufuri, performan\u021b\u0103 fiabil\u0103 \u0219i pre\u021buri competitive de v\u00e2nzare cu ridicata<\/strong>, este o alegere de top pentru comercian\u021bii cu am\u0103nuntul care \u00ee\u0219i extind inventarul cu vape-uri de unic\u0103 folosin\u021b\u0103 \u00een vrac.<\/p>\n<p data-start=\"666\" data-end=\"1235\"><strong style=\"font-size: 16px;\"><span style=\"color: #ff0000;\">Adaug\u0103-o pe Amy pe WhatsApp pentru a ob\u021bine un r\u0103spuns rapid \u0219i un pre\u021b redus!<\/span><\/strong><\/p>\n<p><img fetchpriority=\"high\" decoding=\"async\" class=\"size-full wp-image-2932\" src=\"https:\/\/vapestornado.com\/wp-content\/uploads\/2024\/12\/Vape-Wholesale.jpg\" alt=\"\u021aig\u0103ri electronice cu ridicata\" width=\"229\" height=\"300\" \/><\/p>\n<h3><a href=\"https:\/\/wa.me\/8617776015835\" target=\"_blank\" rel=\"noopener\"><span style=\"color: #ff0000;\"><strong>WhatsApp: +86 17776015835<\/strong><\/span><\/a><\/h3>\n<p>&nbsp;<\/p>\n<h2><strong>AIVONO Fatpro 22000 Caracteristici Principale ale Produsului<\/strong><\/h2>\n<ul>\n<li><strong>22.000 de Pufuri<\/strong>\u00a0\u2013 Unul dintre cele mai durabile vape-uri de unic\u0103 folosin\u021b\u0103 de pe pia\u021b\u0103.<\/li>\n<li><strong>Capacitate E-Lichid de 28mL<\/strong>\u00a0\u2013 Nu sunt necesare re\u00eenc\u0103rc\u0103ri, doar pl\u0103cere pur\u0103 de vaping.<\/li>\n<li><strong>Baterie Re\u00eenc\u0103rcabil\u0103 de 600mAh<\/strong>\u00a0(Tehnologie Pure Cobalt Core) \u2013 Putere eficient\u0103 pentru utilizare extins\u0103.<\/li>\n<li><strong>Rezisten\u021b\u0103 Mesh de 0.6\u03a9<\/strong>\u00a0\u2013 \u00cembun\u0103t\u0103\u021be\u0219te aroma \u0219i produc\u021bia de vapori pentru o experien\u021b\u0103 premium.<\/li>\n<li><strong>Afi\u0219aj Digital<\/strong>\u00a0\u2013 Urm\u0103re\u0219te durata de via\u021b\u0103 a bateriei \u0219i nivelurile de e-lichid pentru confort.<\/li>\n<li><strong>\u00cenc\u0103rcare rapid\u0103 de tip C<\/strong>\u00a0\u2013 Re\u00eenc\u0103rcare rapid\u0103 pentru sesiuni ne\u00eentrerupte.<\/li>\n<li><strong>Design DTL (Direct-to-Lung)<\/strong>\u00a0\u2013 Ideal pentru inhal\u0103ri profunde \u0219i satisf\u0103c\u0103toare.<\/li>\n<li><strong>Op\u021biuni Multiple de Nicotin\u0103 (0%\/2%\/3%\/5%)<\/strong>\u00a0\u2013 Pentru toate preferin\u021bele.<\/li>\n<li><strong>Greutate redus\u0103<\/strong>\u00a0\u2013 U\u0219or de transportat oriunde.<\/li>\n<li><strong>En-gros<\/strong>\u00a0\u2013 Comenzi en gros disponibile (200 de buc\u0103\u021bi per cutie).<\/li>\n<\/ul>\n<h2 class=\"product-title\"><strong>Lista de arome AIVONO Fatpro 22k Puff de unic\u0103 folosin\u021b\u0103<\/strong><\/h2>\n<article class=\"w-full text-token-text-primary focus-visible:outline-2 focus-visible:outline-offset-[-4px]\" dir=\"auto\" data-testid=\"conversation-turn-32\" data-scroll-anchor=\"false\">\n<div class=\"m-auto text-base py-[18px] px-6\">\n<div class=\"mx-auto flex flex-1 text-base gap-4 md:gap-5 lg:gap-6 md:max-w-3xl lg:max-w-[40rem] xl:max-w-[48rem]\">\n<div class=\"group\/conversation-turn relative flex w-full min-w-0 flex-col @xs\/thread:px-0 @sm\/thread:px-1.5 @md\/thread:px-4\">\n<div class=\"flex-col gap-1 md:gap-3\">\n<div class=\"flex max-w-full flex-col flex-grow\">\n<div class=\"min-h-8 text-message flex w-full flex-col items-end gap-2 whitespace-normal break-words text-start [.text-message+&amp;]:mt-5\" dir=\"auto\" data-message-author-role=\"user\" data-message-id=\"ffac41ca-1db4-431b-873a-32c4052956f1\">\n<div class=\"flex w-full flex-col gap-1 empty:hidden items-end rtl:items-start\">\n<div class=\"relative max-w-[var(--user-chat-width,70%)] rounded-3xl bg-token-message-surface px-5 py-2.5\">\n<div class=\"absolute bottom-0 right-full top-0 -mr-3.5 hidden pr-5 pt-2 [.group\/conversation-turn:hover_&amp;]:flex\">\n<div class=\"flex\">\n<article class=\"w-full text-token-text-primary focus-visible:outline-2 focus-visible:outline-offset-[-4px]\" dir=\"auto\" data-testid=\"conversation-turn-39\" data-scroll-anchor=\"true\">\n<div class=\"m-auto text-base py-[18px] px-6\">\n<div class=\"mx-auto flex flex-1 text-base gap-4 md:gap-5 lg:gap-6 md:max-w-3xl lg:max-w-[40rem] xl:max-w-[48rem]\">\n<div class=\"group\/conversation-turn relative flex w-full min-w-0 flex-col agent-turn @xs\/thread:px-0 @sm\/thread:px-1.5 @md\/thread:px-4\">\n<div class=\"flex-col gap-1 md:gap-3\">\n<div class=\"flex max-w-full flex-col flex-grow\">\n<div class=\"min-h-8 text-message flex w-full flex-col items-end gap-2 whitespace-normal break-words text-start [.text-message+&amp;]:mt-5\" dir=\"auto\" data-message-author-role=\"assistant\" data-message-id=\"55a23854-ec57-48dd-bd4f-6118f43d6241\" data-message-model-slug=\"gpt-4o\">\n<div class=\"flex w-full flex-col gap-1 empty:hidden first:pt-[3px]\">\n<div class=\"markdown prose w-full break-words dark:prose-invert light\">\n<p>\u00cembun\u0103t\u0103\u021bi\u021bi-v\u0103 c\u0103l\u0103toria de vaping cu\u00a0<strong>AIVONO Fatpro 22000 Pufuri<\/strong>\u00a0\u0219i selec\u021bia sa excep\u021bional\u0103 de arome artizanale. Fiecare variant\u0103 este amestecat\u0103 cu experien\u021b\u0103 pentru a oferi o experien\u021b\u0103 distinctiv\u0103 \u0219i satisf\u0103c\u0103toare, asigur\u00e2ndu-v\u0103 c\u0103 fiecare puf este la fel de memorabil ca ultimul.<\/p>\n<p>1. Fericire cu mere gemene: Un duet perfect de arome crocante de mere ro\u0219ii \u0219i verzi, combin\u00e2nd dulcea\u021ba natural\u0103 cu o aciditate revigorant\u0103 pentru un vape revitalizant.<\/p>\n<p>2. Struguri \u00eenghe\u021ba\u021bi: Struguri purpurii suculen\u021bi \u00eent\u00e2lnesc un fior mentolat \u00eemb\u0103t\u0103tor, cre\u00e2nd un amestec sofisticat, fructat \u0219i r\u0103coritor.<\/p>\n<p>3. Pepene verde arctic: Aromele ultra-dulci de pepene verde sunt \u00eembun\u0103t\u0103\u021bite de un finisaj glacial de mentol, oferind senza\u021bia suprem\u0103 de potolire a setei.<\/p>\n<p>4. Amestec de fructe de p\u0103dure congelate: Un amestec vibrant de c\u0103p\u0219uni, afine \u0219i mure, finisat cu o expira\u021bie \u00eenghe\u021bat\u0103 pentru un fior fructat perfect echilibrat.<\/p>\n<p>5. Bule de afine: O recreare juc\u0103u\u0219\u0103 a gumei de mestecat clasice, plin\u0103 de dulcea\u021b\u0103 autentic\u0103 de afine \u0219i un finisaj neted \u0219i mestecat.<\/p>\n<p>6. Fuziune de fructe de p\u0103dure rubinii: Cire\u0219e delicioase se \u00eempletesc cu zmeur\u0103 acidulat\u0103, cre\u00e2nd un profil de arom\u0103 dinamic, \u00eendr\u0103zne\u021b \u0219i irezistibil de suculent.<\/p>\n<p>7. Paradisul Piersicii Glaciate: Piersici coapte, m\u00e2ng\u00e2iate de soare, sunt accentuate de o briz\u0103 mentolat\u0103 \u00eenghe\u021bat\u0103, transform\u00e2nd acest amestec \u00eentr-o evadare tropical\u0103 pe tot parcursul anului.<\/p>\n<p>8. Elixirul Enigm\u0103: Un amestec misterios \u0219i atr\u0103g\u0103tor de fructe exotice cu note florale subtile, conceput pentru a intriga \u0219i \u00eenc\u00e2nta sim\u021burile.<\/p>\n<p>9. Peisaj Oniric: O compozi\u021bie cremoas\u0103, stratificat\u0103, de note tropicale \u0219i de fructe de p\u0103dure, oferind o experien\u021b\u0103 de vaping fin\u0103 \u0219i ca un vis.<\/p>\n<p>10. Explozie de C\u0103p\u0219uni: Debord\u00e2nd de dulcea\u021ba natural\u0103 a c\u0103p\u0219unilor proasp\u0103t culese, aceast\u0103 arom\u0103 ofer\u0103 o lovitur\u0103 puternic\u0103 \u0219i suculent\u0103 la fiecare inhalare.<\/p>\n<figure id=\"attachment_4020\" aria-describedby=\"caption-attachment-4020\" style=\"width: 800px\" class=\"wp-caption alignnone\"><img decoding=\"async\" class=\"wp-image-4020 size-full\" src=\"https:\/\/vapestornado.com\/wp-content\/uploads\/2025\/03\/AIVONO-22000-Disposable-Puff-Bar.webp\" alt=\"AIVONO 22000 Puff Bar de Unic\u0103 Folosin\u021b\u0103\" width=\"800\" height=\"800\" srcset=\"https:\/\/vapestornado.com\/wp-content\/uploads\/2025\/03\/AIVONO-22000-Disposable-Puff-Bar.webp 800w, https:\/\/vapestornado.com\/wp-content\/uploads\/2025\/03\/AIVONO-22000-Disposable-Puff-Bar-300x300.webp 300w, https:\/\/vapestornado.com\/wp-content\/uploads\/2025\/03\/AIVONO-22000-Disposable-Puff-Bar-150x150.webp 150w, https:\/\/vapestornado.com\/wp-content\/uploads\/2025\/03\/AIVONO-22000-Disposable-Puff-Bar-768x768.webp 768w, https:\/\/vapestornado.com\/wp-content\/uploads\/2025\/03\/AIVONO-22000-Disposable-Puff-Bar-600x600.webp 600w, https:\/\/vapestornado.com\/wp-content\/uploads\/2025\/03\/AIVONO-22000-Disposable-Puff-Bar-100x100.webp 100w\" sizes=\"(max-width: 800px) 100vw, 800px\" \/><figcaption id=\"caption-attachment-4020\" class=\"wp-caption-text\">AIVONO 22000 Puff Bar de Unic\u0103 Folosin\u021b\u0103<\/figcaption><\/figure>\n<p>&nbsp;<\/p>\n<\/div>\n<\/div>\n<\/div>\n<\/div>\n<\/div>\n<\/div>\n<\/div>\n<\/div>\n<\/article>\n<\/div>\n<\/div>\n<\/div>\n<\/div>\n<\/div>\n<\/div>\n<\/div>\n<\/div>\n<\/div>\n<\/div>\n<\/article>\n<h2>De ce s\u0103 alege\u021bi Vapestornado pentru a cump\u0103ra AIVONO Fatpro 22000 Puff?<\/h2>\n<div class=\"flex-shrink-0 flex flex-col relative items-end\">\n<div class=\"pt-0\">\n<div class=\"gizmo-bot-avatar flex h-8 w-8 items-center justify-center overflow-hidden rounded-full\">\n<div class=\"relative p-1 rounded-sm flex items-center justify-center bg-token-main-surface-primary text-token-text-primary h-8 w-8\">\n<p>At\u00a0<strong>VapeTornado<\/strong>, ne m\u00e2ndrim cu furnizarea de\u00a0<strong>produse de vapat premium la pre\u021buri imbatabile<\/strong>\u2014iar AIVONO Fatpro 22000 nu face excep\u021bie! Iat\u0103 de ce ar trebui s\u0103 cump\u0103ra\u021bi de la noi:<\/p>\n<p><strong>Cele mai bune pre\u021buri en-gros<\/strong>\u00a0\u2013 Oferim\u00a0<strong>pre\u021buri competitive pentru cantit\u0103\u021bi mari<\/strong><span style=\"font-size: 16px;\">, ceea ce ne face alegerea principal\u0103 pentru rev\u00e2nz\u0103tori \u0219i magazine de vape.<\/span><\/p>\n<p><strong>Rapid<\/strong>\u00a0\u2013 Prime\u0219te comanda livrat\u0103\u00a0<strong>rapid \u0219i \u00een siguran\u021b\u0103<\/strong>, cu op\u021biuni de livrare \u00een \u00eentreaga lume.<br \/>\n<strong>Produse autentice 100%<\/strong>\u00a0\u2013 F\u0103r\u0103 imita\u021bii\u2014doar\u00a0<strong>produse originale WASPE Triple de unic\u0103 folosin\u021b\u0103<\/strong>\u00a0cu calitate verificat\u0103.<br \/>\n<strong>Asisten\u021b\u0103 excelent\u0103 pentru clien\u021bi<\/strong>\u00a0\u2013 Ave\u021bi \u00eentreb\u0103ri? Exper\u021bii no\u0219tri \u00een\u00a0<strong>vape<\/strong> sunt gata s\u0103 v\u0103 ajute 24\/7.<\/p>\n<p data-start=\"559\" data-end=\"933\" data-is-last-node=\"\" data-is-only-node=\"\">Avem, de asemenea, alte vape-uri populare cu ecran, cum ar fi <a href=\"https:\/\/vapestornado.com\/ro\/product\/vapme-goat-40000-puff-40k-hookah-shisha-pen-price-wholesale-e-cigarette\/\">Vapme Capr\u0103 40000 Shisha<\/a>, <a href=\"https:\/\/vapestornado.com\/ro\/product\/2025-new-vopk-ultra-40000-puffs-double-flavor-disposable-vape-factory-suppliers\/\">VOPK 40000 2 \u00een 1 Vape de Unic\u0103 Folosin\u021b\u0103<\/a>, <a href=\"https:\/\/vapestornado.com\/ro\/product\/bang-beach-22000-20k-puff-disposable-vape-pen-with-screen-reddit-hot\/\">Bang Beach 22000<\/a>, \u0219i altele.<\/p>\n<\/div>\n<div class=\"relative p-1 rounded-sm flex items-center justify-center bg-token-main-surface-primary text-token-text-primary h-8 w-8\">\n<h2>\u00ceNTREB\u0102RI FRECVENTE<\/h2>\n<p><strong>1. C\u00e2t dureaz\u0103 AIVONO Fatpro 22000?<\/strong><\/p>\n<p>Cu\u00a0<strong>22.000 de pufuri<\/strong>, acest dispozitiv dureaz\u0103 semnificativ mai mult dec\u00e2t dispozitivele de unic\u0103 folosin\u021b\u0103 standard. \u00cen func\u021bie de utilizare, poate servi vaperii modera\u021bi timp de s\u0103pt\u0103m\u00e2ni sau chiar luni.<\/p>\n<p><strong>2. AIVONO Fatpro este re\u00eenc\u0103rcabil?<\/strong><\/p>\n<p>Da! Dispune de un\u00a0<strong>port re\u00eenc\u0103rcabil Type-C<\/strong>\u00a0\u0219i o\u00a0<strong>Baterie de 600mAh<\/strong>, permi\u021b\u00e2ndu-v\u0103 s\u0103 utiliza\u021bi pe deplin\u00a0<strong>capacitate de 28 ml de e-lichid<\/strong>\u00a0f\u0103r\u0103 a r\u0103m\u00e2ne f\u0103r\u0103 energie.<\/p>\n<p><strong>3. Ce concentra\u021bii de nicotin\u0103 sunt disponibile?<\/strong><\/p>\n<p>AIVONO Fatpro ofer\u0103\u00a0<strong>0% (f\u0103r\u0103 nicotin\u0103), 2%, 3% \u0219i 5% sare de nicotin\u0103<\/strong>\u00a0op\u021biuni, adres\u00e2ndu-se tuturor tipurilor de vaperi.<\/p>\n<p><strong>4. Accept\u0103 lovituri profunde \u00een pl\u0103m\u00e2ni (DTL)?<\/strong><\/p>\n<p>Da! Are\u00a0<strong>Rezisten\u021b\u0103 mesh de 0.6\u03a9<\/strong>\u00a0si\u00a0<strong>Design DTL<\/strong>\u00a0\u00eel face ideal pentru inhal\u0103ri direct \u00een pl\u0103m\u00e2ni, produc\u00e2nd\u00a0<strong>nori fini \u0219i plini de arom\u0103<\/strong>.<\/p>\n<\/div>\n<\/div>\n<\/div>\n<\/div>","protected":false},"excerpt":{"rendered":"<p class=\"LC20lb MBeuO DKV0Md\">Sistemul <strong data-start=\"1217\" data-end=\"1250\">AIVONO Fatpro 22K Vape Shisha<\/strong> ofer\u0103 22.000 de pufuri, afi\u0219aj digital \u0219i tehnologie cu bobin\u0103 tip plas\u0103. O alegere excelent\u0103 pentru <strong data-start=\"1334\" data-end=\"1359\">comenzi angro \u00een vrac<\/strong>.<\/p>\n<p><strong>Ad\u0103uga\u021bi-o pe Amy pe WhatsApp pentru a ob\u021bine un r\u0103spuns corect \u0219i un pre\u021b redus!<\/strong><\/p>\n<p><img fetchpriority=\"high\" decoding=\"async\" class=\"size-full wp-image-2932\" src=\"https:\/\/vapestornado.com\/wp-content\/uploads\/2024\/12\/Vape-Wholesale.jpg\" alt=\"\u021aig\u0103ri electronice cu ridicata\" width=\"229\" height=\"300\" \/><\/p>\n<h3><a href=\"https:\/\/wa.me\/8617776015835\"><span style=\"color: #ff0000;\"><strong>WhatsApp: +86 17776015835<\/strong><\/span><\/a><\/h3>\n<p>&nbsp;<\/p>","protected":false},"featured_media":4026,"comment_status":"open","ping_status":"closed","template":"","meta":{"_acf_changed":false,"_uag_custom_page_level_css":"","_lmt_disableupdate":"no","_lmt_disable":"","_monsterinsights_skip_tracking":false,"_monsterinsights_sitenote_active":false,"_monsterinsights_sitenote_note":"","_monsterinsights_sitenote_category":0,"site-sidebar-layout":"default","site-content-layout":"","ast-site-content-layout":"default","site-content-style":"default","site-sidebar-style":"default","ast-global-header-display":"","ast-banner-title-visibility":"","ast-main-header-display":"","ast-hfb-above-header-display":"","ast-hfb-below-header-display":"","ast-hfb-mobile-header-display":"","site-post-title":"","ast-breadcrumbs-content":"","ast-featured-img":"","footer-sml-layout":"","ast-disable-related-posts":"","theme-transparent-header-meta":"default","adv-header-id-meta":"","stick-header-meta":"","header-above-stick-meta":"","header-main-stick-meta":"","header-below-stick-meta":"","astra-migrate-meta-layouts":"set","ast-page-background-enabled":"default","ast-page-background-meta":{"desktop":{"background-color":"","background-image":"","background-repeat":"repeat","background-position":"center center","background-size":"auto","background-attachment":"scroll","background-type":"","background-media":"","overlay-type":"","overlay-color":"","overlay-opacity":"","overlay-gradient":""},"tablet":{"background-color":"","background-image":"","background-repeat":"repeat","background-position":"center center","background-size":"auto","background-attachment":"scroll","background-type":"","background-media":"","overlay-type":"","overlay-color":"","overlay-opacity":"","overlay-gradient":""},"mobile":{"background-color":"","background-image":"","background-repeat":"repeat","background-position":"center center","background-size":"auto","background-attachment":"scroll","background-type":"","background-media":"","overlay-type":"","overlay-color":"","overlay-opacity":"","overlay-gradient":""}},"ast-content-background-meta":{"desktop":{"background-color":"var(--ast-global-color-5)","background-image":"","background-repeat":"repeat","background-position":"center center","background-size":"auto","background-attachment":"scroll","background-type":"","background-media":"","overlay-type":"","overlay-color":"","overlay-opacity":"","overlay-gradient":""},"tablet":{"background-color":"var(--ast-global-color-5)","background-image":"","background-repeat":"repeat","background-position":"center center","background-size":"auto","background-attachment":"scroll","background-type":"","background-media":"","overlay-type":"","overlay-color":"","overlay-opacity":"","overlay-gradient":""},"mobile":{"background-color":"var(--ast-global-color-5)","background-image":"","background-repeat":"repeat","background-position":"center center","background-size":"auto","background-attachment":"scroll","background-type":"","background-media":"","overlay-type":"","overlay-color":"","overlay-opacity":"","overlay-gradient":""}},"_joinchat":{"telephone":"17776015835"}},"product_brand":[],"product_cat":[176,154,147],"product_tag":[308,105,284,296,94],"class_list":{"0":"post-4047","1":"product","2":"type-product","3":"status-publish","4":"has-post-thumbnail","6":"product_cat-aivono-vape","7":"product_cat-buy-disposable-vapes-in-netherlands","8":"product_cat-shisha-hookah-disposable-vapes","9":"product_tag-aivono-fatpro-22000","10":"product_tag-digital-disposable-vape","11":"product_tag-disposable-shisha","12":"product_tag-puff-bar","13":"product_tag-rechargeable-disposable-vape","14":"desktop-align-left","15":"tablet-align-left","16":"mobile-align-left","18":"first","19":"instock","20":"sale","21":"shipping-taxable","22":"purchasable","23":"product-type-simple"},"acf":[],"uagb_featured_image_src":{"full":["https:\/\/vapestornado.com\/wp-content\/uploads\/2025\/03\/Wholesale-Vape-Original-Ainovo-Aim-Fatpro-22000-Puffs.webp",800,800,false],"thumbnail":["https:\/\/vapestornado.com\/wp-content\/uploads\/2025\/03\/Wholesale-Vape-Original-Ainovo-Aim-Fatpro-22000-Puffs-150x150.webp",150,150,true],"medium":["https:\/\/vapestornado.com\/wp-content\/uploads\/2025\/03\/Wholesale-Vape-Original-Ainovo-Aim-Fatpro-22000-Puffs-300x300.webp",300,300,true],"medium_large":["https:\/\/vapestornado.com\/wp-content\/uploads\/2025\/03\/Wholesale-Vape-Original-Ainovo-Aim-Fatpro-22000-Puffs-768x768.webp",768,768,true],"large":["https:\/\/vapestornado.com\/wp-content\/uploads\/2025\/03\/Wholesale-Vape-Original-Ainovo-Aim-Fatpro-22000-Puffs.webp",800,800,false],"1536x1536":["https:\/\/vapestornado.com\/wp-content\/uploads\/2025\/03\/Wholesale-Vape-Original-Ainovo-Aim-Fatpro-22000-Puffs.webp",800,800,false],"2048x2048":["https:\/\/vapestornado.com\/wp-content\/uploads\/2025\/03\/Wholesale-Vape-Original-Ainovo-Aim-Fatpro-22000-Puffs.webp",800,800,false],"trp-custom-language-flag":["https:\/\/vapestornado.com\/wp-content\/uploads\/2025\/03\/Wholesale-Vape-Original-Ainovo-Aim-Fatpro-22000-Puffs.webp",12,12,false],"woocommerce_thumbnail":["https:\/\/vapestornado.com\/wp-content\/uploads\/2025\/03\/Wholesale-Vape-Original-Ainovo-Aim-Fatpro-22000-Puffs-300x300.webp",300,300,true],"woocommerce_single":["https:\/\/vapestornado.com\/wp-content\/uploads\/2025\/03\/Wholesale-Vape-Original-Ainovo-Aim-Fatpro-22000-Puffs-600x600.webp",600,600,true],"woocommerce_gallery_thumbnail":["https:\/\/vapestornado.com\/wp-content\/uploads\/2025\/03\/Wholesale-Vape-Original-Ainovo-Aim-Fatpro-22000-Puffs-100x100.webp",100,100,true]},"uagb_author_info":{"display_name":"ESAMY","author_link":"https:\/\/vapestornado.com\/ro\/author\/"},"uagb_comment_info":0,"uagb_excerpt":"The AIVONO Fatpro 22K Shisha Vape offers 22,000 puffs, digital display, and mesh coil technology. A great choice for bulk wholesale orders. Add Amy's whatsapp to get right reply and discount price! WhatsApp: +86 17776015835 &nbsp;","_links":{"self":[{"href":"https:\/\/vapestornado.com\/ro\/wp-json\/wp\/v2\/product\/4047","targetHints":{"allow":["GET"]}}],"collection":[{"href":"https:\/\/vapestornado.com\/ro\/wp-json\/wp\/v2\/product"}],"about":[{"href":"https:\/\/vapestornado.com\/ro\/wp-json\/wp\/v2\/types\/product"}],"replies":[{"embeddable":true,"href":"https:\/\/vapestornado.com\/ro\/wp-json\/wp\/v2\/comments?post=4047"}],"wp:featuredmedia":[{"embeddable":true,"href":"https:\/\/vapestornado.com\/ro\/wp-json\/wp\/v2\/media\/4026"}],"wp:attachment":[{"href":"https:\/\/vapestornado.com\/ro\/wp-json\/wp\/v2\/media?parent=4047"}],"wp:term":[{"taxonomy":"product_brand","embeddable":true,"href":"https:\/\/vapestornado.com\/ro\/wp-json\/wp\/v2\/product_brand?post=4047"},{"taxonomy":"product_cat","embeddable":true,"href":"https:\/\/vapestornado.com\/ro\/wp-json\/wp\/v2\/product_cat?post=4047"},{"taxonomy":"product_tag","embeddable":true,"href":"https:\/\/vapestornado.com\/ro\/wp-json\/wp\/v2\/product_tag?post=4047"}],"curies":[{"name":"wp","href":"https:\/\/api.w.org\/{rel}","templated":true}]}}