{"id":4044,"date":"2025-03-30T09:23:45","date_gmt":"2025-03-30T09:23:45","guid":{"rendered":"https:\/\/vapestornado.com\/?post_type=product&#038;p=4044"},"modified":"2025-08-23T11:57:41","modified_gmt":"2025-08-23T11:57:41","slug":"bang-king-30000-pro-puff-30k-disposable-device-wholesale-price","status":"publish","type":"product","link":"https:\/\/vapestornado.com\/ro\/product\/bang-king-30000-pro-puff-30k-disposable-device-wholesale-price\/","title":{"rendered":"Bang King 30000 Pro Puff 30k Dispozitiv de unic\u0103 folosin\u021b\u0103 Pre\u021b de v\u00e2nzare cu ridicata"},"content":{"rendered":"<h1 data-pm-slice=\"1 1 []\">Bang King 30000 Pro Puff 30k Dispozitiv de unic\u0103 folosin\u021b\u0103 Pre\u021b de v\u00e2nzare cu ridicata<\/h1>\n<p>Sistemul <strong data-start=\"383\" data-end=\"427\">Bang King 30000 Pro Puff Vape de unic\u0103 folosin\u021b\u0103<\/strong> este proiectat pentru angrosi\u0219ti \u0219i comercian\u021bi cu am\u0103nuntul care doresc s\u0103 aib\u0103 \u00een stoc un dispozitiv premium, de lung\u0103 durat\u0103. Oferind p\u00e2n\u0103 la <strong data-start=\"537\" data-end=\"553\">30.000 de pufuri<\/strong>, acest dispozitiv de unic\u0103 folosin\u021b\u0103 ofer\u0103 sesiuni extinse cu o calitate constant\u0103 a aromei. Capacitatea sa de <strong data-start=\"634\" data-end=\"671\">36 ml de e-lichid pre-umplut<\/strong> si <strong data-start=\"676\" data-end=\"694\">de tip mesh de 1.0\u03a9<\/strong> asigur\u0103 vapori fini \u0219i gust bogat de la prima inhalare p\u00e2n\u0103 la ultima.<\/p>\n<p>Alimentat de un <strong data-start=\"787\" data-end=\"818\">baterie re\u00eenc\u0103rcabil\u0103 de 850mAh<\/strong> cu <strong data-start=\"824\" data-end=\"848\">\u00eenc\u0103rcare rapid\u0103 de tip C<\/strong>, Bang King 30K Pro Puff garanteaz\u0103 utilizare ne\u00eentrerupt\u0103. Op\u021biunile de concentra\u021bie de nicotin\u0103 de <strong data-start=\"936\" data-end=\"958\">0%, 2%, 3% \u0219i 5%<\/strong> \u00eel fac potrivit pentru o gam\u0103 larg\u0103 de clien\u021bi, \u00een timp ce <strong data-start=\"1013\" data-end=\"1044\">12 arome amestecate cu experien\u021b\u0103<\/strong> ofer\u0103 versatilitate pentru fiecare preferin\u021b\u0103 de gust.<\/p>\n<p>Pentru cump\u0103r\u0103torii en-gros, acest dispozitiv este un performer puternic pe <strong data-start=\"1159\" data-end=\"1195\">pia\u021ba de vape-uri de unic\u0103 folosin\u021b\u0103 en-gros<\/strong>, combin\u00e2nd durabilitatea, gustul premium \u0219i pre\u021burile competitive. O alegere fiabil\u0103 pentru magazinele care caut\u0103 \u021big\u0103ri electronice de mare capacitate \u0219i cerere mare.<\/p>\n<h2><strong>Elemente de baza ale produsului:<\/strong><\/h2>\n<p>\u2714\u00a0<strong>30.000 de Pufuri<\/strong>\u00a0- Performanta ultra-durabila pentru o placere prelungita.<br \/>\n\u2714\u00a0<strong>Capacitate de 36 ml de lichid<\/strong>\u00a0- Nu este nevoie de reumpleri, doar placere pura de a vaporiza.<br \/>\n\u2714\u00a0<strong>Sistem cu o singura aroma<\/strong>\u00a0- Arome create cu maiestrie care raman bogate si consistente pe toata durata utilizarii.<br \/>\n\u2714\u00a0<strong>Port reincarcabil de tip C<\/strong>\u00a0\u2013 Echipat cu un\u00a0<strong>baterie de 850mAh<\/strong>\u00a0pentru sesiuni ne\u00eentrerupte.<br \/>\n\u2714\u00a0<strong>1.0\u03a9 Rezisten\u021b\u0103 Mesh<\/strong>\u00a0\u2013 Intensific\u0103 aroma pentru o experien\u021b\u0103 mai fin\u0103 \u0219i mai intens\u0103.<br \/>\n\u2714\u00a0<strong>Concentra\u021bii multiple de nicotin\u0103 (0%\/2%\/3%\/5%)<\/strong>\u00a0\u2013 Pentru toate preferin\u021bele.<br \/>\n\u2714\u00a0<strong>12 arome delicioase disponibile<\/strong>\u00a0\u2013 O varietate de op\u021biuni pentru a satisface fiecare gust.<\/p>\n<p>Perfect pentru\u00a0<strong>cump\u0103r\u0103tori angro \u0219i comercian\u021bi cu am\u0103nuntul<\/strong>, modelul\u00a0<strong>Bang King 30K Pro Puff<\/strong>\u00a0este un vape de unic\u0103 folosin\u021b\u0103 de top care garanteaz\u0103 satisfac\u021bia clien\u021bilor prin\u00a0<strong>num\u0103rul mare de pufuri, consisten\u021ba premium a aromei \u0219i confortul \u00een utilizare<\/strong>.<\/p>\n<p data-start=\"666\" data-end=\"1235\"><strong style=\"font-size: 16px;\"><span style=\"color: #ff0000;\">Adaug\u0103-o pe Amy pe WhatsApp pentru a ob\u021bine un r\u0103spuns rapid \u0219i un pre\u021b redus!<\/span><\/strong><\/p>\n<p><img fetchpriority=\"high\" decoding=\"async\" class=\"size-full wp-image-2932\" src=\"https:\/\/vapestornado.com\/wp-content\/uploads\/2024\/12\/Vape-Wholesale.jpg\" alt=\"\u021aig\u0103ri electronice cu ridicata\" width=\"229\" height=\"300\" \/><\/p>\n<h3><a href=\"https:\/\/wa.me\/8617776015835\" target=\"_blank\" rel=\"noopener\"><span style=\"color: #ff0000;\"><strong>WhatsApp: +86 17776015835<\/strong><\/span><\/a><\/h3>\n<p>&nbsp;<\/p>\n<h2><strong>Bang King 30000 Pro Caracteristici cheie ale produsului<\/strong><\/h2>\n<p>Brand: Bang King<br \/>\nNicotin\u0103: 0%\/2%\/3%\/5%<br \/>\nPufuri: 30000 pufuri<br \/>\nBaterie: 850 mah<br \/>\nCapacitate: 36ML<br \/>\nRezisten\u021b\u0103: 1.0 \u03a9 mesh coil<br \/>\nRe\u00eenc\u0103rcabil: tip-C<br \/>\nDispozitiv de unic\u0103 folosin\u021b\u0103<br \/>\n12 arome disponibile<\/p>\n<p>&nbsp;<\/p>\n<figure id=\"attachment_4033\" aria-describedby=\"caption-attachment-4033\" style=\"width: 800px\" class=\"wp-caption alignnone\"><img decoding=\"async\" class=\"wp-image-4033 size-full\" src=\"https:\/\/vapestornado.com\/wp-content\/uploads\/2025\/03\/Bang-King-30K-30000-PRO-Puffs-Disposable-Vape-Pen.webp\" alt=\"Bang King 30K 30000 PRO Puffs Stilou Vape de unic\u0103 folosin\u021b\u0103\" width=\"800\" height=\"800\" srcset=\"https:\/\/vapestornado.com\/wp-content\/uploads\/2025\/03\/Bang-King-30K-30000-PRO-Puffs-Disposable-Vape-Pen.webp 800w, https:\/\/vapestornado.com\/wp-content\/uploads\/2025\/03\/Bang-King-30K-30000-PRO-Puffs-Disposable-Vape-Pen-300x300.webp 300w, https:\/\/vapestornado.com\/wp-content\/uploads\/2025\/03\/Bang-King-30K-30000-PRO-Puffs-Disposable-Vape-Pen-150x150.webp 150w, https:\/\/vapestornado.com\/wp-content\/uploads\/2025\/03\/Bang-King-30K-30000-PRO-Puffs-Disposable-Vape-Pen-768x768.webp 768w, https:\/\/vapestornado.com\/wp-content\/uploads\/2025\/03\/Bang-King-30K-30000-PRO-Puffs-Disposable-Vape-Pen-600x600.webp 600w, https:\/\/vapestornado.com\/wp-content\/uploads\/2025\/03\/Bang-King-30K-30000-PRO-Puffs-Disposable-Vape-Pen-100x100.webp 100w\" sizes=\"(max-width: 800px) 100vw, 800px\" \/><figcaption id=\"caption-attachment-4033\" class=\"wp-caption-text\">Bang King 30K 30000 PRO Puffs Stilou Vape de unic\u0103 folosin\u021b\u0103<\/figcaption><\/figure>\n<h2 class=\"product-title\"><strong>Bang King 30000 Puff Lista de arome de capsule de unic\u0103 folosin\u021b\u0103<\/strong><\/h2>\n<article class=\"w-full text-token-text-primary focus-visible:outline-2 focus-visible:outline-offset-[-4px]\" dir=\"auto\" data-testid=\"conversation-turn-32\" data-scroll-anchor=\"false\">\n<div class=\"m-auto text-base py-[18px] px-6\">\n<div class=\"mx-auto flex flex-1 text-base gap-4 md:gap-5 lg:gap-6 md:max-w-3xl lg:max-w-[40rem] xl:max-w-[48rem]\">\n<div class=\"group\/conversation-turn relative flex w-full min-w-0 flex-col @xs\/thread:px-0 @sm\/thread:px-1.5 @md\/thread:px-4\">\n<div class=\"flex-col gap-1 md:gap-3\">\n<div class=\"flex max-w-full flex-col flex-grow\">\n<div class=\"min-h-8 text-message flex w-full flex-col items-end gap-2 whitespace-normal break-words text-start [.text-message+&amp;]:mt-5\" dir=\"auto\" data-message-author-role=\"user\" data-message-id=\"ffac41ca-1db4-431b-873a-32c4052956f1\">\n<div class=\"flex w-full flex-col gap-1 empty:hidden items-end rtl:items-start\">\n<div class=\"relative max-w-[var(--user-chat-width,70%)] rounded-3xl bg-token-message-surface px-5 py-2.5\">\n<div class=\"absolute bottom-0 right-full top-0 -mr-3.5 hidden pr-5 pt-2 [.group\/conversation-turn:hover_&amp;]:flex\">\n<div class=\"flex\">\n<article class=\"w-full text-token-text-primary focus-visible:outline-2 focus-visible:outline-offset-[-4px]\" dir=\"auto\" data-testid=\"conversation-turn-39\" data-scroll-anchor=\"true\">\n<div class=\"m-auto text-base py-[18px] px-6\">\n<div class=\"mx-auto flex flex-1 text-base gap-4 md:gap-5 lg:gap-6 md:max-w-3xl lg:max-w-[40rem] xl:max-w-[48rem]\">\n<div class=\"group\/conversation-turn relative flex w-full min-w-0 flex-col agent-turn @xs\/thread:px-0 @sm\/thread:px-1.5 @md\/thread:px-4\">\n<div class=\"flex-col gap-1 md:gap-3\">\n<div class=\"flex max-w-full flex-col flex-grow\">\n<div class=\"min-h-8 text-message flex w-full flex-col items-end gap-2 whitespace-normal break-words text-start [.text-message+&amp;]:mt-5\" dir=\"auto\" data-message-author-role=\"assistant\" data-message-id=\"55a23854-ec57-48dd-bd4f-6118f43d6241\" data-message-model-slug=\"gpt-4o\">\n<div class=\"flex w-full flex-col gap-1 empty:hidden first:pt-[3px]\">\n<div class=\"markdown prose w-full break-words dark:prose-invert light\">\n<p>1.C\u0103p\u0219uni Pepene<br \/>\n2.Ghea\u021b\u0103 de afine<br \/>\n3.Ment\u0103 proasp\u0103t\u0103<br \/>\n4.C\u0103p\u0219uni \u0219i struguri<br \/>\n5.Afine, meri\u0219oare \u0219i cire\u0219e<br \/>\n6.Pepene ro\u0219u<br \/>\n7.C\u0103p\u0219uni kiwi<br \/>\n8.Ment\u0103 \u0219i zmeur\u0103 albastr\u0103<br \/>\n9.Triple fructe de p\u0103dure<br \/>\n10.Pepene ro\u0219u \u0219i cire\u0219e<br \/>\n11.Zmeur\u0103 \u0219i sc\u00e2nteie \u00eentunecat\u0103<br \/>\n12.Afine \u0219i zmeur\u0103<\/p>\n<\/div>\n<\/div>\n<\/div>\n<\/div>\n<\/div>\n<\/div>\n<\/div>\n<\/div>\n<\/article>\n<\/div>\n<\/div>\n<\/div>\n<\/div>\n<\/div>\n<\/div>\n<\/div>\n<\/div>\n<\/div>\n<\/div>\n<\/article>\n<h2>De ce s\u0103 alege\u021bi Vapestornado pentru a cump\u0103ra Bang King 30000 Pro?<\/h2>\n<div class=\"flex-shrink-0 flex flex-col relative items-end\">\n<div class=\"pt-0\">\n<div class=\"gizmo-bot-avatar flex h-8 w-8 items-center justify-center overflow-hidden rounded-full\">\n<div class=\"relative p-1 rounded-sm flex items-center justify-center bg-token-main-surface-primary text-token-text-primary h-8 w-8\">\n<p>At\u00a0<strong>VapeTornado<\/strong>, ne m\u00e2ndrim cu furnizarea de\u00a0<strong>produse de vapat premium la pre\u021buri imbatabile<\/strong>\u2014\u0219i Bang King 30000 Pro nu face excep\u021bie! Iat\u0103 de ce ar trebui s\u0103 cump\u0103ra\u021bi de la noi:<\/p>\n<p><strong>Cele mai bune pre\u021buri en-gros<\/strong>\u00a0\u2013 Oferim\u00a0<strong>pre\u021buri competitive pentru cantit\u0103\u021bi mari<\/strong><span style=\"font-size: 16px;\">, ceea ce ne face alegerea principal\u0103 pentru rev\u00e2nz\u0103tori \u0219i magazine de vape.<\/span><\/p>\n<p><strong>Rapid<\/strong>\u00a0\u2013 Prime\u0219te comanda livrat\u0103\u00a0<strong>rapid \u0219i \u00een siguran\u021b\u0103<\/strong>, cu op\u021biuni de livrare \u00een \u00eentreaga lume.<br \/>\n<strong>Produse autentice 100%<\/strong>\u00a0\u2013 F\u0103r\u0103 imita\u021bii\u2014doar\u00a0<strong>produse originale WASPE Triple de unic\u0103 folosin\u021b\u0103<\/strong>\u00a0cu calitate verificat\u0103.<br \/>\n<strong>Asisten\u021b\u0103 excelent\u0103 pentru clien\u021bi<\/strong>\u00a0\u2013 Ave\u021bi \u00eentreb\u0103ri? Exper\u021bii no\u0219tri \u00een\u00a0<strong>vape<\/strong> sunt gata s\u0103 v\u0103 ajute 24\/7.<\/p>\n<p data-start=\"559\" data-end=\"933\" data-is-last-node=\"\" data-is-only-node=\"\">Avem, de asemenea, alte vape-uri populare cu ecran, cum ar fi <a href=\"https:\/\/vapestornado.com\/ro\/product\/mesii-couple-50k-disposable-shisha-hookah-50000-puffs-vape-with-digital-display\/\">Mesii cuplu 50000<\/a>, <a href=\"https:\/\/vapestornado.com\/ro\/product\/vopk-cool-9000-puffs-disposable-vapes-bar-puff-9k\/\">VOPK 9000 Puff Vape de unic\u0103 folosin\u021b\u0103<\/a>, <a href=\"https:\/\/vapestornado.com\/ro\/product\/bang-beach-22000-20k-puff-disposable-vape-pen-with-screen-reddit-hot\/\">Bang Beach 22000<\/a>, \u0219i altele.<\/p>\n<\/div>\n<div class=\"relative p-1 rounded-sm flex items-center justify-center bg-token-main-surface-primary text-token-text-primary h-8 w-8\">\n<h2>\u00centreb\u0103ri frecvente pentru Bang King 30000<\/h2>\n<h3><strong>1. C\u00e2t timp rezist\u0103 Bang King 30K Pro Puff?<\/strong><\/h3>\n<p>Cu\u00a0<strong>30.000 de pufuri<\/strong>, acest dispozitiv poate rezista semnificativ mai mult dec\u00e2t produsele de unic\u0103 folosin\u021b\u0103 standard, \u00een func\u021bie de frecven\u021ba de utilizare. Pentru vaperii modera\u021bi, poate \u021bine s\u0103pt\u0103m\u00e2ni sau chiar luni.<\/p>\n<h3><strong>2. Este Bang King 30K re\u00eenc\u0103rcabil?<\/strong><\/h3>\n<p>Da! Dispune de un\u00a0<strong>port re\u00eenc\u0103rcabil Type-C<\/strong>, permi\u021b\u00e2ndu-v\u0103 s\u0103 maximiza\u021bi\u00a0<strong>capacitate de 36 ml de lichid<\/strong>\u00a0f\u0103r\u0103 ca desc\u0103rcarea bateriei s\u0103 v\u0103 \u00eentrerup\u0103 experien\u021ba.<\/p>\n<h3><strong>3. Ce concentra\u021bii de nicotin\u0103 sunt disponibile?<\/strong><\/h3>\n<p>Sistemul\u00a0<strong>Bang King 30K Pro Puff<\/strong>\u00a0vine \u00een\u00a0<strong>Op\u021biuni de nicotin\u0103 0% (f\u0103r\u0103 nicotin\u0103), 2%, 3% \u0219i 5%<\/strong>\u00a0care se adreseaz\u0103 at\u00e2t vaperilor ocazionali, c\u00e2t \u0219i celor \u00eenr\u0103i\u021bi.<\/p>\n<h3><strong>4. Gustul r\u0103m\u00e2ne consistent pe parcursul utiliz\u0103rii?<\/strong><\/h3>\n<p>Absolut! Datorit\u0103\u00a0<strong>sistemului cu o singur\u0103 arom\u0103 \u0219i a rezisten\u021bei mesh de 1.0\u03a9<\/strong>, gustul r\u0103m\u00e2ne bogat \u0219i uniform de la primul puf p\u00e2n\u0103 la ultimul.<\/p>\n<\/div>\n<\/div>\n<\/div>\n<\/div>","protected":false},"excerpt":{"rendered":"<p class=\"LC20lb MBeuO DKV0Md\">Sistemul <strong data-start=\"1343\" data-end=\"1374\">Bang King 30K Pro Puff Vape<\/strong> ofer\u0103 30.000 de pufuri, 36 ml de e-lichid \u0219i comoditate re\u00eenc\u0103rcabil\u0103. Un dispozitiv de unic\u0103 folosin\u021b\u0103 fiabil \u0219i aromat la pre\u021buri en-gros.<\/p>\n<p><strong>Ad\u0103uga\u021bi-o pe Amy pe WhatsApp pentru a ob\u021bine un r\u0103spuns corect \u0219i un pre\u021b redus!<\/strong><\/p>\n<p><img fetchpriority=\"high\" decoding=\"async\" class=\"size-full wp-image-2932\" src=\"https:\/\/vapestornado.com\/wp-content\/uploads\/2024\/12\/Vape-Wholesale.jpg\" alt=\"\u021aig\u0103ri electronice cu ridicata\" width=\"229\" height=\"300\" \/><\/p>\n<h3><a href=\"https:\/\/wa.me\/8617776015835\"><span style=\"color: #ff0000;\"><strong>WhatsApp: +86 17776015835<\/strong><\/span><\/a><\/h3>\n<p>&nbsp;<\/p>","protected":false},"featured_media":4037,"comment_status":"open","ping_status":"closed","template":"","meta":{"_acf_changed":false,"_uag_custom_page_level_css":"","_lmt_disableupdate":"no","_lmt_disable":"","_monsterinsights_skip_tracking":false,"_monsterinsights_sitenote_active":false,"_monsterinsights_sitenote_note":"","_monsterinsights_sitenote_category":0,"site-sidebar-layout":"default","site-content-layout":"","ast-site-content-layout":"default","site-content-style":"default","site-sidebar-style":"default","ast-global-header-display":"","ast-banner-title-visibility":"","ast-main-header-display":"","ast-hfb-above-header-display":"","ast-hfb-below-header-display":"","ast-hfb-mobile-header-display":"","site-post-title":"","ast-breadcrumbs-content":"","ast-featured-img":"","footer-sml-layout":"","ast-disable-related-posts":"","theme-transparent-header-meta":"default","adv-header-id-meta":"","stick-header-meta":"","header-above-stick-meta":"","header-main-stick-meta":"","header-below-stick-meta":"","astra-migrate-meta-layouts":"set","ast-page-background-enabled":"default","ast-page-background-meta":{"desktop":{"background-color":"","background-image":"","background-repeat":"repeat","background-position":"center center","background-size":"auto","background-attachment":"scroll","background-type":"","background-media":"","overlay-type":"","overlay-color":"","overlay-opacity":"","overlay-gradient":""},"tablet":{"background-color":"","background-image":"","background-repeat":"repeat","background-position":"center center","background-size":"auto","background-attachment":"scroll","background-type":"","background-media":"","overlay-type":"","overlay-color":"","overlay-opacity":"","overlay-gradient":""},"mobile":{"background-color":"","background-image":"","background-repeat":"repeat","background-position":"center center","background-size":"auto","background-attachment":"scroll","background-type":"","background-media":"","overlay-type":"","overlay-color":"","overlay-opacity":"","overlay-gradient":""}},"ast-content-background-meta":{"desktop":{"background-color":"var(--ast-global-color-5)","background-image":"","background-repeat":"repeat","background-position":"center center","background-size":"auto","background-attachment":"scroll","background-type":"","background-media":"","overlay-type":"","overlay-color":"","overlay-opacity":"","overlay-gradient":""},"tablet":{"background-color":"var(--ast-global-color-5)","background-image":"","background-repeat":"repeat","background-position":"center center","background-size":"auto","background-attachment":"scroll","background-type":"","background-media":"","overlay-type":"","overlay-color":"","overlay-opacity":"","overlay-gradient":""},"mobile":{"background-color":"var(--ast-global-color-5)","background-image":"","background-repeat":"repeat","background-position":"center center","background-size":"auto","background-attachment":"scroll","background-type":"","background-media":"","overlay-type":"","overlay-color":"","overlay-opacity":"","overlay-gradient":""}},"_joinchat":{"telephone":"17776015835"}},"product_brand":[],"product_cat":[67,63,151,144,146],"product_tag":[305,306,105,94,302],"class_list":{"0":"post-4044","1":"product","2":"type-product","3":"status-publish","4":"has-post-thumbnail","6":"product_cat-30000-puff","7":"product_cat-bangking","8":"product_cat-buy-disposable-vapes-in-france","9":"product_cat-low-nicotine-disposable-vapes","10":"product_cat-rechargeable-disposable-vapes","11":"product_tag-bang-king","12":"product_tag-bang-king-30000","13":"product_tag-digital-disposable-vape","14":"product_tag-rechargeable-disposable-vape","15":"product_tag-vape-box-mod","16":"desktop-align-left","17":"tablet-align-left","18":"mobile-align-left","20":"first","21":"instock","22":"sale","23":"shipping-taxable","24":"purchasable","25":"product-type-simple"},"acf":[],"uagb_featured_image_src":{"full":["https:\/\/vapestornado.com\/wp-content\/uploads\/2025\/03\/Bang-King-30000-Puffs-Disposable-Vape-Best-Price.webp",800,800,false],"thumbnail":["https:\/\/vapestornado.com\/wp-content\/uploads\/2025\/03\/Bang-King-30000-Puffs-Disposable-Vape-Best-Price-150x150.webp",150,150,true],"medium":["https:\/\/vapestornado.com\/wp-content\/uploads\/2025\/03\/Bang-King-30000-Puffs-Disposable-Vape-Best-Price-300x300.webp",300,300,true],"medium_large":["https:\/\/vapestornado.com\/wp-content\/uploads\/2025\/03\/Bang-King-30000-Puffs-Disposable-Vape-Best-Price-768x768.webp",768,768,true],"large":["https:\/\/vapestornado.com\/wp-content\/uploads\/2025\/03\/Bang-King-30000-Puffs-Disposable-Vape-Best-Price.webp",800,800,false],"1536x1536":["https:\/\/vapestornado.com\/wp-content\/uploads\/2025\/03\/Bang-King-30000-Puffs-Disposable-Vape-Best-Price.webp",800,800,false],"2048x2048":["https:\/\/vapestornado.com\/wp-content\/uploads\/2025\/03\/Bang-King-30000-Puffs-Disposable-Vape-Best-Price.webp",800,800,false],"trp-custom-language-flag":["https:\/\/vapestornado.com\/wp-content\/uploads\/2025\/03\/Bang-King-30000-Puffs-Disposable-Vape-Best-Price.webp",12,12,false],"woocommerce_thumbnail":["https:\/\/vapestornado.com\/wp-content\/uploads\/2025\/03\/Bang-King-30000-Puffs-Disposable-Vape-Best-Price-300x300.webp",300,300,true],"woocommerce_single":["https:\/\/vapestornado.com\/wp-content\/uploads\/2025\/03\/Bang-King-30000-Puffs-Disposable-Vape-Best-Price-600x600.webp",600,600,true],"woocommerce_gallery_thumbnail":["https:\/\/vapestornado.com\/wp-content\/uploads\/2025\/03\/Bang-King-30000-Puffs-Disposable-Vape-Best-Price-100x100.webp",100,100,true]},"uagb_author_info":{"display_name":"ESAMY","author_link":"https:\/\/vapestornado.com\/ro\/author\/"},"uagb_comment_info":0,"uagb_excerpt":"The Bang King 30K Pro Puff Vape offers 30,000 puffs, 36ml e-liquid, and rechargeable convenience. A reliable, flavorful disposable at wholesale bulk prices. Add Amy's whatsapp to get right reply and discount price! WhatsApp: +86 17776015835 &nbsp;","_links":{"self":[{"href":"https:\/\/vapestornado.com\/ro\/wp-json\/wp\/v2\/product\/4044","targetHints":{"allow":["GET"]}}],"collection":[{"href":"https:\/\/vapestornado.com\/ro\/wp-json\/wp\/v2\/product"}],"about":[{"href":"https:\/\/vapestornado.com\/ro\/wp-json\/wp\/v2\/types\/product"}],"replies":[{"embeddable":true,"href":"https:\/\/vapestornado.com\/ro\/wp-json\/wp\/v2\/comments?post=4044"}],"wp:featuredmedia":[{"embeddable":true,"href":"https:\/\/vapestornado.com\/ro\/wp-json\/wp\/v2\/media\/4037"}],"wp:attachment":[{"href":"https:\/\/vapestornado.com\/ro\/wp-json\/wp\/v2\/media?parent=4044"}],"wp:term":[{"taxonomy":"product_brand","embeddable":true,"href":"https:\/\/vapestornado.com\/ro\/wp-json\/wp\/v2\/product_brand?post=4044"},{"taxonomy":"product_cat","embeddable":true,"href":"https:\/\/vapestornado.com\/ro\/wp-json\/wp\/v2\/product_cat?post=4044"},{"taxonomy":"product_tag","embeddable":true,"href":"https:\/\/vapestornado.com\/ro\/wp-json\/wp\/v2\/product_tag?post=4044"}],"curies":[{"name":"wp","href":"https:\/\/api.w.org\/{rel}","templated":true}]}}