{"id":4043,"date":"2025-03-29T08:48:24","date_gmt":"2025-03-29T08:48:24","guid":{"rendered":"https:\/\/vapestornado.com\/?post_type=product&#038;p=4043"},"modified":"2025-08-23T12:28:58","modified_gmt":"2025-08-23T12:28:58","slug":"bang-32000-puff-vape-box-mod-with-digital-screen-cheap-pricedisposable-vape-kit-best-price-copy","status":"publish","type":"product","link":"https:\/\/vapestornado.com\/ro\/product\/bang-32000-puff-vape-box-mod-with-digital-screen-cheap-pricedisposable-vape-kit-best-price-copy\/","title":{"rendered":"Bang 32000 Puff Vape Box Mod cu Ecran Digital la Pre\u021buri Mici"},"content":{"rendered":"<h1 data-pm-slice=\"1 1 []\">Bang 32000 Puff Vape Box Mod cu Ecran Digital la Pre\u021buri Mici<\/h1>\n<p class=\"\" data-start=\"673\" data-end=\"1205\">Sistemul <strong data-start=\"88\" data-end=\"124\">Bang 32000 Puffs Vape de Unic\u0103 Folosin\u021b\u0103<\/strong> redefine\u0219te experien\u021ba vaping-ului cu capacitatea sa masiv\u0103 de pufuri, ecranul digital inteligent \u0219i set\u0103rile personalizabile. Proiectat at\u00e2t pentru vaperi ocazionali, c\u00e2t \u0219i pentru cei experimenta\u021bi, acest dispozitiv ofer\u0103 o combina\u021bie excep\u021bional\u0103 de performan\u021b\u0103, longevitate \u0219i comoditate.<\/p>\n<p data-start=\"673\" data-end=\"1205\"><strong>De ce Bang 32000 a devenit un vape popular cu ecran digital?<\/strong><\/p>\n<p class=\"\" data-start=\"405\" data-end=\"607\"><strong data-start=\"407\" data-end=\"437\">Niveluri Selectabile de Nicotin\u0103<\/strong> \u2013 Alege\u021bi dintre concentra\u021biile de nicotin\u0103 de 0%, 2%, 3% sau 5% pentru a se potrivi preferin\u021belor dumneavoastr\u0103. Fie c\u0103 v\u0103 bucura\u021bi de un vape f\u0103r\u0103 nicotin\u0103 sau de un hit mai puternic, acest dispozitiv r\u0103spunde nevoilor dumneavoastr\u0103.<\/p>\n<p class=\"\" data-start=\"609\" data-end=\"755\"><strong data-start=\"611\" data-end=\"635\">Capacitate de 32.000 de Pufuri<\/strong> \u2013 Un element revolu\u021bionar pe pia\u021ba vape-urilor de unic\u0103 folosin\u021b\u0103, asigur\u00e2nd o utilizare de lung\u0103 durat\u0103 f\u0103r\u0103 a fi nevoie de \u00eenlocuiri frecvente.<\/p>\n<p class=\"\" data-start=\"757\" data-end=\"883\"><strong data-start=\"759\" data-end=\"787\">Rezervor Mare de E-Lichid de 32mL<\/strong> \u2013 Ofer\u0103 sesiuni extinse de vaping cu arome bogate \u0219i \u00eendr\u0103zne\u021be, minimiz\u00e2nd nevoia de reumpleri.<\/p>\n<p class=\"\" data-start=\"885\" data-end=\"1019\"><strong data-start=\"887\" data-end=\"919\">Bobin\u0103 Dual\u0103 Mesh Avansat\u0103 de 0.5\u03a9<\/strong> \u2013 \u00cembun\u0103t\u0103\u021be\u0219te produc\u021bia de vapori \u0219i consisten\u021ba aromei, oferind o experien\u021b\u0103 lin\u0103 \u0219i satisf\u0103c\u0103toare.<\/p>\n<p class=\"\" data-start=\"1021\" data-end=\"1143\"><strong data-start=\"1023\" data-end=\"1047\">Ecran Digital Inteligent<\/strong> \u2013 R\u0103m\u00e2ne\u021bi informat cu actualiz\u0103ri \u00een timp real ale nivelului bateriei \u0219i al e-lichidului, elimin\u00e2nd presupunerile.<\/p>\n<p class=\"\" data-start=\"1145\" data-end=\"1285\"><strong data-start=\"1147\" data-end=\"1204\">Baterie Re\u00eenc\u0103rcabil\u0103 de 650mAh cu \u00cenc\u0103rcare Rapid\u0103 de Tip C<\/strong> \u2013 Asigur\u0103 vaparea pe tot parcursul zilei cu capacitate de re\u00eenc\u0103rcare rapid\u0103 pentru un plus de confort.<\/p>\n<p class=\"\" data-start=\"1287\" data-end=\"1418\"><strong data-start=\"1289\" data-end=\"1318\">Set\u0103ri de putere reglabile<\/strong> \u2013 Personaliza\u021bi-v\u0103 experien\u021ba de vapat cu putere variabil\u0103, oferindu-v\u0103 control asupra fiec\u0103rei inhal\u0103ri.<\/p>\n<p data-start=\"666\" data-end=\"1235\"><strong style=\"font-size: 16px;\"><span style=\"color: #ff0000;\">Adaug\u0103-o pe Amy pe WhatsApp pentru a ob\u021bine un r\u0103spuns rapid \u0219i un pre\u021b redus!<\/span><\/strong><\/p>\n<p><img fetchpriority=\"high\" decoding=\"async\" class=\"size-full wp-image-2932\" src=\"https:\/\/vapestornado.com\/wp-content\/uploads\/2024\/12\/Vape-Wholesale.jpg\" alt=\"\u021aig\u0103ri electronice cu ridicata\" width=\"229\" height=\"300\" \/><\/p>\n<h3><a href=\"https:\/\/wa.me\/8617776015835\" target=\"_blank\" rel=\"noopener\"><span style=\"color: #ff0000;\"><strong>WhatsApp: +86 17776015835<\/strong><\/span><\/a><\/h3>\n<p>&nbsp;<\/p>\n<h2><strong>Bang 32000 Puffs Caracteristici cheie ale produsului<\/strong><\/h2>\n<p>Brand: Bang Vape<br \/>\nPuf: 32000 Pufuri<br \/>\nE-Lichid: 32 ml<br \/>\nBaterie: Baterie re\u00eenc\u0103rcabil\u0103 de 650mAh<br \/>\nPutere reglabil\u0103<br \/>\nAfi\u0219aj digital pentru ulei \u0219i baterie<\/p>\n<h2 class=\"product-title\"><strong>Bang 32000 32k Puff Lista aromelor de capsule de unic\u0103 folosin\u021b\u0103<\/strong><\/h2>\n<article class=\"w-full text-token-text-primary focus-visible:outline-2 focus-visible:outline-offset-[-4px]\" dir=\"auto\" data-testid=\"conversation-turn-32\" data-scroll-anchor=\"false\">\n<div class=\"m-auto text-base py-[18px] px-6\">\n<div class=\"mx-auto flex flex-1 text-base gap-4 md:gap-5 lg:gap-6 md:max-w-3xl lg:max-w-[40rem] xl:max-w-[48rem]\">\n<div class=\"group\/conversation-turn relative flex w-full min-w-0 flex-col @xs\/thread:px-0 @sm\/thread:px-1.5 @md\/thread:px-4\">\n<div class=\"flex-col gap-1 md:gap-3\">\n<div class=\"flex max-w-full flex-col flex-grow\">\n<div class=\"min-h-8 text-message flex w-full flex-col items-end gap-2 whitespace-normal break-words text-start [.text-message+&amp;]:mt-5\" dir=\"auto\" data-message-author-role=\"user\" data-message-id=\"ffac41ca-1db4-431b-873a-32c4052956f1\">\n<div class=\"flex w-full flex-col gap-1 empty:hidden items-end rtl:items-start\">\n<div class=\"relative max-w-[var(--user-chat-width,70%)] rounded-3xl bg-token-message-surface px-5 py-2.5\">\n<div class=\"absolute bottom-0 right-full top-0 -mr-3.5 hidden pr-5 pt-2 [.group\/conversation-turn:hover_&amp;]:flex\">\n<div class=\"flex\">\n<article class=\"w-full text-token-text-primary focus-visible:outline-2 focus-visible:outline-offset-[-4px]\" dir=\"auto\" data-testid=\"conversation-turn-39\" data-scroll-anchor=\"true\">\n<div class=\"m-auto text-base py-[18px] px-6\">\n<div class=\"mx-auto flex flex-1 text-base gap-4 md:gap-5 lg:gap-6 md:max-w-3xl lg:max-w-[40rem] xl:max-w-[48rem]\">\n<div class=\"group\/conversation-turn relative flex w-full min-w-0 flex-col agent-turn @xs\/thread:px-0 @sm\/thread:px-1.5 @md\/thread:px-4\">\n<div class=\"flex-col gap-1 md:gap-3\">\n<div class=\"flex max-w-full flex-col flex-grow\">\n<div class=\"min-h-8 text-message flex w-full flex-col items-end gap-2 whitespace-normal break-words text-start [.text-message+&amp;]:mt-5\" dir=\"auto\" data-message-author-role=\"assistant\" data-message-id=\"55a23854-ec57-48dd-bd4f-6118f43d6241\" data-message-model-slug=\"gpt-4o\">\n<div class=\"flex w-full flex-col gap-1 empty:hidden first:pt-[3px]\">\n<div class=\"markdown prose w-full break-words dark:prose-invert light\">\n<p>1.Afine Zmeur\u0103<br \/>\n2. Pepene verde cire\u0219e<br \/>\n3. Ghea\u021b\u0103 de afine<br \/>\n4.Ghea\u021b\u0103 de Pepene Verde<br \/>\n5. Pepene verde c\u0103p\u0219uni<br \/>\n6. C\u0103p\u0219uni \u0219i Kiwi<br \/>\n7. Red Bull<br \/>\n8. Gum\u0103 de mestecat cu pepene verde<br \/>\n9. Ghea\u021b\u0103 de struguri<br \/>\n10. Mango piersic\u0103<br \/>\n11. Ghea\u021b\u0103 de piersici<br \/>\n12. Fructe amestecate<\/p>\n<figure id=\"attachment_4042\" aria-describedby=\"caption-attachment-4042\" style=\"width: 800px\" class=\"wp-caption alignnone\"><img decoding=\"async\" class=\"wp-image-4042 size-full\" src=\"https:\/\/vapestornado.com\/wp-content\/uploads\/2025\/03\/Bang-King-32000-Puffs-Disposable-Vape.webp\" alt=\"Bang King 32000 Puffs Vape de unic\u0103 folosin\u021b\u0103\" width=\"800\" height=\"800\" srcset=\"https:\/\/vapestornado.com\/wp-content\/uploads\/2025\/03\/Bang-King-32000-Puffs-Disposable-Vape.webp 800w, https:\/\/vapestornado.com\/wp-content\/uploads\/2025\/03\/Bang-King-32000-Puffs-Disposable-Vape-300x300.webp 300w, https:\/\/vapestornado.com\/wp-content\/uploads\/2025\/03\/Bang-King-32000-Puffs-Disposable-Vape-150x150.webp 150w, https:\/\/vapestornado.com\/wp-content\/uploads\/2025\/03\/Bang-King-32000-Puffs-Disposable-Vape-768x768.webp 768w, https:\/\/vapestornado.com\/wp-content\/uploads\/2025\/03\/Bang-King-32000-Puffs-Disposable-Vape-600x600.webp 600w, https:\/\/vapestornado.com\/wp-content\/uploads\/2025\/03\/Bang-King-32000-Puffs-Disposable-Vape-100x100.webp 100w\" sizes=\"(max-width: 800px) 100vw, 800px\" \/><figcaption id=\"caption-attachment-4042\" class=\"wp-caption-text\">Bang King 32000 Puffs Vape de unic\u0103 folosin\u021b\u0103<\/figcaption><\/figure>\n<\/div>\n<\/div>\n<\/div>\n<\/div>\n<\/div>\n<\/div>\n<\/div>\n<\/div>\n<\/article>\n<\/div>\n<\/div>\n<\/div>\n<\/div>\n<\/div>\n<\/div>\n<\/div>\n<\/div>\n<\/div>\n<\/div>\n<\/article>\n<h2>De ce s\u0103 alege\u021bi Vapestornado pentru a cump\u0103ra Bang 32k Puff?<\/h2>\n<div class=\"flex-shrink-0 flex flex-col relative items-end\">\n<div class=\"pt-0\">\n<div class=\"gizmo-bot-avatar flex h-8 w-8 items-center justify-center overflow-hidden rounded-full\">\n<div class=\"relative p-1 rounded-sm flex items-center justify-center bg-token-main-surface-primary text-token-text-primary h-8 w-8\">\n<p>At\u00a0<strong>VapeTornado<\/strong>, ne m\u00e2ndrim cu furnizarea de\u00a0<strong>produse de vapat premium la pre\u021buri imbatabile<\/strong>\u2014\u0219i Bang Vape 32000 puffs nu face excep\u021bie! Iat\u0103 de ce ar trebui s\u0103 cump\u0103ra\u021bi de la noi:<\/p>\n<p><strong>Cele mai bune pre\u021buri en-gros<\/strong>\u00a0\u2013 Oferim\u00a0<strong>pre\u021buri competitive pentru cantit\u0103\u021bi mari<\/strong><span style=\"font-size: 16px;\">, ceea ce ne face alegerea principal\u0103 pentru rev\u00e2nz\u0103tori \u0219i magazine de vape.<\/span><\/p>\n<p><strong>Rapid<\/strong>\u00a0\u2013 Prime\u0219te comanda livrat\u0103\u00a0<strong>rapid \u0219i \u00een siguran\u021b\u0103<\/strong>, cu op\u021biuni de livrare \u00een \u00eentreaga lume.<br \/>\n<strong>Produse autentice 100%<\/strong>\u00a0\u2013 F\u0103r\u0103 imita\u021bii\u2014doar\u00a0<strong>produse originale WASPE Triple de unic\u0103 folosin\u021b\u0103<\/strong>\u00a0cu calitate verificat\u0103.<br \/>\n<strong>Asisten\u021b\u0103 excelent\u0103 pentru clien\u021bi<\/strong>\u00a0\u2013 Ave\u021bi \u00eentreb\u0103ri? Exper\u021bii no\u0219tri \u00een\u00a0<strong>vape<\/strong> sunt gata s\u0103 v\u0103 ajute 24\/7.<\/p>\n<p data-start=\"559\" data-end=\"933\" data-is-last-node=\"\" data-is-only-node=\"\">Avem, de asemenea, alte vape-uri populare cu ecran, cum ar fi <a href=\"https:\/\/vapestornado.com\/ro\/product\/mesii-couple-50k-disposable-shisha-hookah-50000-puffs-vape-with-digital-display\/\">Mesii cuplu 50000<\/a>, <a href=\"https:\/\/vapestornado.com\/ro\/product\/vopk-cool-9000-puffs-disposable-vapes-bar-puff-9k\/\">VOPK 9000 Puff Vape de unic\u0103 folosin\u021b\u0103<\/a>, <a href=\"https:\/\/vapestornado.com\/ro\/product\/bang-beach-22000-20k-puff-disposable-vape-pen-with-screen-reddit-hot\/\">Bang Beach 22000<\/a>, \u0219i altele.<\/p>\n<\/div>\n<div class=\"relative p-1 rounded-sm flex items-center justify-center bg-token-main-surface-primary text-token-text-primary h-8 w-8\">\n<h2>\u00ceNTREB\u0102RI FRECVENTE<\/h2>\n<p class=\"\" data-start=\"1758\" data-end=\"1922\"><strong data-start=\"1758\" data-end=\"1821\">1. C\u00e2t dureaz\u0103 Bang 32000 Puffs Vape de unic\u0103 folosin\u021b\u0103?<\/strong><br data-start=\"1821\" data-end=\"1824\" \/>Dispozitivul dureaz\u0103 p\u00e2n\u0103 la 32.000 de pufuri, ceea ce poate varia \u00een func\u021bie de frecven\u021ba de utilizare \u0219i set\u0103rile de putere.<\/p>\n<p class=\"\" data-start=\"1924\" data-end=\"2076\"><strong data-start=\"1924\" data-end=\"1972\">2. Pot re\u00eenc\u0103rca Bang 32000 Puffs Vape?<\/strong><br data-start=\"1972\" data-end=\"1975\" \/>Da, vine cu o baterie re\u00eenc\u0103rcabil\u0103 de 650mAh \u0219i accept\u0103 \u00eenc\u0103rcare rapid\u0103 de tip C pentru confort.<\/p>\n<p class=\"\" data-start=\"2078\" data-end=\"2250\"><strong data-start=\"2078\" data-end=\"2132\">3. Cum verific nivelul bateriei \u0219i al e-lichidului?<\/strong><br data-start=\"2132\" data-end=\"2135\" \/>Ecranul digital inteligent afi\u0219eaz\u0103 at\u00e2t durata de via\u021b\u0103 a bateriei, c\u00e2t \u0219i nivelurile de ulei \u00een timp real, asigur\u00e2ndu-v\u0103 c\u0103 sunte\u021bi \u00eentotdeauna informat.<\/p>\n<p class=\"\" data-start=\"2252\" data-end=\"2387\"><strong data-start=\"2252\" data-end=\"2292\">4. Nivelul de nicotin\u0103 este reglabil?<\/strong><br data-start=\"2292\" data-end=\"2295\" \/>Da, pute\u021bi alege dintre nivelurile de nicotin\u0103 0%, 2%, 3% sau 5% pentru a se potrivi preferin\u021belor dumneavoastr\u0103 de vaping.<\/p>\n<\/div>\n<\/div>\n<\/div>\n<\/div>","protected":false},"excerpt":{"rendered":"<p class=\"LC20lb MBeuO DKV0Md\">Arome Bang 32000 Puff Cutie Vape de Unic\u0103 Folosin\u021b\u0103 la V\u00e2nzare<br \/>\nC\u00e2t Cost\u0103 Bang 32000 Puff Vape Box Mod En-Gros<br \/>\nBang 32000 Puff Box Mod Cel Mai Bun Vape En-Gros \u00een Olanda<\/p>\n<p><strong>Ad\u0103uga\u021bi-o pe Amy pe WhatsApp pentru a ob\u021bine un r\u0103spuns corect \u0219i un pre\u021b redus!<\/strong><\/p>\n<p><img fetchpriority=\"high\" decoding=\"async\" class=\"size-full wp-image-2932\" src=\"https:\/\/vapestornado.com\/wp-content\/uploads\/2024\/12\/Vape-Wholesale.jpg\" alt=\"\u021aig\u0103ri electronice cu ridicata\" width=\"229\" height=\"300\" \/><\/p>\n<h3><a href=\"https:\/\/wa.me\/8617776015835\"><span style=\"color: #ff0000;\"><strong>WhatsApp: +86 17776015835<\/strong><\/span><\/a><\/h3>\n<p>&nbsp;<\/p>","protected":false},"featured_media":4038,"comment_status":"open","ping_status":"closed","template":"","meta":{"_acf_changed":false,"_uag_custom_page_level_css":"","_lmt_disableupdate":"no","_lmt_disable":"","_monsterinsights_skip_tracking":false,"_monsterinsights_sitenote_active":false,"_monsterinsights_sitenote_note":"","_monsterinsights_sitenote_category":0,"site-sidebar-layout":"default","site-content-layout":"","ast-site-content-layout":"default","site-content-style":"default","site-sidebar-style":"default","ast-global-header-display":"","ast-banner-title-visibility":"","ast-main-header-display":"","ast-hfb-above-header-display":"","ast-hfb-below-header-display":"","ast-hfb-mobile-header-display":"","site-post-title":"","ast-breadcrumbs-content":"","ast-featured-img":"","footer-sml-layout":"","ast-disable-related-posts":"","theme-transparent-header-meta":"default","adv-header-id-meta":"","stick-header-meta":"","header-above-stick-meta":"","header-main-stick-meta":"","header-below-stick-meta":"","astra-migrate-meta-layouts":"set","ast-page-background-enabled":"default","ast-page-background-meta":{"desktop":{"background-color":"","background-image":"","background-repeat":"repeat","background-position":"center center","background-size":"auto","background-attachment":"scroll","background-type":"","background-media":"","overlay-type":"","overlay-color":"","overlay-opacity":"","overlay-gradient":""},"tablet":{"background-color":"","background-image":"","background-repeat":"repeat","background-position":"center center","background-size":"auto","background-attachment":"scroll","background-type":"","background-media":"","overlay-type":"","overlay-color":"","overlay-opacity":"","overlay-gradient":""},"mobile":{"background-color":"","background-image":"","background-repeat":"repeat","background-position":"center center","background-size":"auto","background-attachment":"scroll","background-type":"","background-media":"","overlay-type":"","overlay-color":"","overlay-opacity":"","overlay-gradient":""}},"ast-content-background-meta":{"desktop":{"background-color":"var(--ast-global-color-5)","background-image":"","background-repeat":"repeat","background-position":"center center","background-size":"auto","background-attachment":"scroll","background-type":"","background-media":"","overlay-type":"","overlay-color":"","overlay-opacity":"","overlay-gradient":""},"tablet":{"background-color":"var(--ast-global-color-5)","background-image":"","background-repeat":"repeat","background-position":"center center","background-size":"auto","background-attachment":"scroll","background-type":"","background-media":"","overlay-type":"","overlay-color":"","overlay-opacity":"","overlay-gradient":""},"mobile":{"background-color":"var(--ast-global-color-5)","background-image":"","background-repeat":"repeat","background-position":"center center","background-size":"auto","background-attachment":"scroll","background-type":"","background-media":"","overlay-type":"","overlay-color":"","overlay-opacity":"","overlay-gradient":""}},"_joinchat":{"telephone":"17776015835"}},"product_brand":[],"product_cat":[262,62,154,156,144],"product_tag":[303,304,105,94,302],"class_list":{"0":"post-4043","1":"product","2":"type-product","3":"status-publish","4":"has-post-thumbnail","6":"product_cat-32000-puff","7":"product_cat-bang-vape","8":"product_cat-buy-disposable-vapes-in-netherlands","9":"product_cat-buy-disposable-vapes-in-poland","10":"product_cat-low-nicotine-disposable-vapes","11":"product_tag-bang-32000","12":"product_tag-bang-32k","13":"product_tag-digital-disposable-vape","14":"product_tag-rechargeable-disposable-vape","15":"product_tag-vape-box-mod","16":"desktop-align-left","17":"tablet-align-left","18":"mobile-align-left","20":"first","21":"instock","22":"sale","23":"shipping-taxable","24":"purchasable","25":"product-type-simple"},"acf":[],"uagb_featured_image_src":{"full":["https:\/\/vapestornado.com\/wp-content\/uploads\/2025\/03\/Bang-32k-Puff-Smart-Screen-Display-Vape-Wholesale.webp",800,800,false],"thumbnail":["https:\/\/vapestornado.com\/wp-content\/uploads\/2025\/03\/Bang-32k-Puff-Smart-Screen-Display-Vape-Wholesale-150x150.webp",150,150,true],"medium":["https:\/\/vapestornado.com\/wp-content\/uploads\/2025\/03\/Bang-32k-Puff-Smart-Screen-Display-Vape-Wholesale-300x300.webp",300,300,true],"medium_large":["https:\/\/vapestornado.com\/wp-content\/uploads\/2025\/03\/Bang-32k-Puff-Smart-Screen-Display-Vape-Wholesale-768x768.webp",768,768,true],"large":["https:\/\/vapestornado.com\/wp-content\/uploads\/2025\/03\/Bang-32k-Puff-Smart-Screen-Display-Vape-Wholesale.webp",800,800,false],"1536x1536":["https:\/\/vapestornado.com\/wp-content\/uploads\/2025\/03\/Bang-32k-Puff-Smart-Screen-Display-Vape-Wholesale.webp",800,800,false],"2048x2048":["https:\/\/vapestornado.com\/wp-content\/uploads\/2025\/03\/Bang-32k-Puff-Smart-Screen-Display-Vape-Wholesale.webp",800,800,false],"trp-custom-language-flag":["https:\/\/vapestornado.com\/wp-content\/uploads\/2025\/03\/Bang-32k-Puff-Smart-Screen-Display-Vape-Wholesale.webp",12,12,false],"woocommerce_thumbnail":["https:\/\/vapestornado.com\/wp-content\/uploads\/2025\/03\/Bang-32k-Puff-Smart-Screen-Display-Vape-Wholesale-300x300.webp",300,300,true],"woocommerce_single":["https:\/\/vapestornado.com\/wp-content\/uploads\/2025\/03\/Bang-32k-Puff-Smart-Screen-Display-Vape-Wholesale-600x600.webp",600,600,true],"woocommerce_gallery_thumbnail":["https:\/\/vapestornado.com\/wp-content\/uploads\/2025\/03\/Bang-32k-Puff-Smart-Screen-Display-Vape-Wholesale-100x100.webp",100,100,true]},"uagb_author_info":{"display_name":"ESAMY","author_link":"https:\/\/vapestornado.com\/ro\/author\/"},"uagb_comment_info":0,"uagb_excerpt":"Bang 32000 Puff\u00a0 Disposable Vape Box Flavors on Sale How Much Bang 32000 Puff Vape Box Mod Wholesale Bang 32000 Puff\u00a0 Box Mod Best Vape Wholesale in Netherlands Add Amy's whatsapp to get right reply and discount price! WhatsApp: +86 17776015835 &nbsp;","_links":{"self":[{"href":"https:\/\/vapestornado.com\/ro\/wp-json\/wp\/v2\/product\/4043","targetHints":{"allow":["GET"]}}],"collection":[{"href":"https:\/\/vapestornado.com\/ro\/wp-json\/wp\/v2\/product"}],"about":[{"href":"https:\/\/vapestornado.com\/ro\/wp-json\/wp\/v2\/types\/product"}],"replies":[{"embeddable":true,"href":"https:\/\/vapestornado.com\/ro\/wp-json\/wp\/v2\/comments?post=4043"}],"wp:featuredmedia":[{"embeddable":true,"href":"https:\/\/vapestornado.com\/ro\/wp-json\/wp\/v2\/media\/4038"}],"wp:attachment":[{"href":"https:\/\/vapestornado.com\/ro\/wp-json\/wp\/v2\/media?parent=4043"}],"wp:term":[{"taxonomy":"product_brand","embeddable":true,"href":"https:\/\/vapestornado.com\/ro\/wp-json\/wp\/v2\/product_brand?post=4043"},{"taxonomy":"product_cat","embeddable":true,"href":"https:\/\/vapestornado.com\/ro\/wp-json\/wp\/v2\/product_cat?post=4043"},{"taxonomy":"product_tag","embeddable":true,"href":"https:\/\/vapestornado.com\/ro\/wp-json\/wp\/v2\/product_tag?post=4043"}],"curies":[{"name":"wp","href":"https:\/\/api.w.org\/{rel}","templated":true}]}}