{"id":3999,"date":"2025-03-25T07:33:36","date_gmt":"2025-03-25T07:33:36","guid":{"rendered":"https:\/\/vapestornado.com\/?post_type=product&#038;p=3999"},"modified":"2025-12-11T07:26:08","modified_gmt":"2025-12-11T07:26:08","slug":"wholesale-bang-beach-38000-puff-38k-vape-disposable-vaporizer-e-cig-at-cheap-prices","status":"publish","type":"product","link":"https:\/\/vapestornado.com\/ro\/product\/wholesale-bang-beach-38000-puff-38k-vape-disposable-vaporizer-e-cig-at-cheap-prices\/","title":{"rendered":"V\u00e2nzare en-gros Bang Beach 38000 Puff 38k Vape Vaporizator de Unic\u0103 Folosin\u021b\u0103 \u021aigar\u0103 Electronic\u0103 la Pre\u021buri Mici"},"content":{"rendered":"<h1 data-pm-slice=\"1 1 []\">V\u00e2nzare en-gros Bang Beach 38000 Puff 38k Vape Vaporizator de Unic\u0103 Folosin\u021b\u0103 \u021aigar\u0103 Electronic\u0103 la Pre\u021buri Mici<\/h1>\n<p><strong data-start=\"94\" data-end=\"114\">Plaja Bang 38000<\/strong> este o \u021bigar\u0103 electronic\u0103 de unic\u0103 folosin\u021b\u0103 cu capacitate mare, construit\u0103 pentru vaperi care doresc o durat\u0103 lung\u0103 de utilizare, informa\u021bii clare despre dispozitiv \u0219i arom\u0103 intens\u0103 de la \u00eenceput p\u00e2n\u0103 la sf\u00e2r\u0219it. Cu <strong data-start=\"277\" data-end=\"299\">p\u00e2n\u0103 la 38.000 de pufuri<\/strong>, un <strong data-start=\"303\" data-end=\"325\">rezervor de e-lichid de 38 ml<\/strong>, \u0219i un <strong data-start=\"334\" data-end=\"372\">Baterie re\u00eenc\u0103rcabil\u0103 de 850mAh Type-C<\/strong>, este conceput pentru a func\u021biona pe o perioad\u0103 lung\u0103 f\u0103r\u0103 \u00eenlocuiri constante. Un <strong data-start=\"447\" data-end=\"470\">afi\u0219aj cu ecran dublu<\/strong> afi\u0219eaz\u0103 nivelul bateriei \u0219i al lichidului, \u00een timp ce <strong data-start=\"511\" data-end=\"538\">ecranul de blocare cu amprent\u0103<\/strong> adaug\u0103 un strat de siguran\u021b\u0103 pentru buzunare, gen\u021bi \u0219i c\u0103l\u0103torii.<\/p>\n<h3 data-start=\"825\" data-end=\"880\">De ce s\u0103 alegi Bang Beach 38000 Puff<\/h3>\n<ul data-start=\"882\" data-end=\"2354\">\n<li data-start=\"882\" data-end=\"1213\">\n<p data-start=\"884\" data-end=\"1213\"><strong data-start=\"884\" data-end=\"935\">Capacitate real\u0103 care \u00ee\u021bi schimb\u0103 rutina s\u0103pt\u0103m\u00e2nal\u0103.<\/strong> Sistemul <strong data-start=\"940\" data-end=\"969\">Bar de vapare Bang Beach 38000 Puff<\/strong> combin\u0103 un <strong data-start=\"981\" data-end=\"1000\">Rating de 38K pufuri<\/strong> cu <strong data-start=\"1013\" data-end=\"1032\">38ml de e-lichid<\/strong>, astfel \u00eenc\u00e2t utilizatorii obi\u0219nui\u021bi din Rom\u00e2nia pot merge <strong data-start=\"1086\" data-end=\"1119\">s\u0103pt\u0103m\u00e2ni \u00eenainte de a schimba dispozitivele<\/strong>. Asta \u00eenseamn\u0103 mai pu\u021bine cump\u0103r\u0103turi de urgen\u021b\u0103 \u0219i un cost mult mai mic \u201epe zi\u201d dec\u00e2t majoritatea dispozitivelor mici de unic\u0103 folosin\u021b\u0103.<\/p>\n<\/li>\n<li data-start=\"1215\" data-end=\"1490\">\n<p data-start=\"1217\" data-end=\"1490\"><strong data-start=\"1217\" data-end=\"1262\">Arom\u0103 din bobin\u0103 din plas\u0103 care nu se pierde.<\/strong> Alimentat de tehnologie avansat\u0103 <strong data-start=\"1283\" data-end=\"1307\">tehnologie mesh coil<\/strong>, acest <strong data-start=\"1314\" data-end=\"1344\">\u021aigar\u0103 electronic\u0103 Bang Beach 38K<\/strong> ofer\u0103 vapori mai netedi, arome mai intense \u0219i tras\u0103ri mai consistente, \u00een loc de gustul ascu\u021bit \u0219i uscat pe care \u00eel ob\u021bii c\u00e2nd bobinele de baz\u0103 \u00eencep s\u0103 se ard\u0103.<\/p>\n<\/li>\n<li data-start=\"1492\" data-end=\"1773\">\n<p data-start=\"1494\" data-end=\"1773\"><strong data-start=\"1494\" data-end=\"1537\">Re\u00eenc\u0103rcare Type-C pentru a evita risipa de lichid.<\/strong> Sistemul <strong data-start=\"1542\" data-end=\"1589\">850mAh Bang Beach 38000 re\u00eenc\u0103rcabil cu Type-C<\/strong> este construit pentru a fi \u00eenc\u0103rcat de mai multe ori. C\u00e2nd bateria scade, \u00eel conectezi pentru o completare rapid\u0103 \u0219i continui p\u00e2n\u0103 c\u00e2nd rezervorul este efectiv gol, \u00een loc s\u0103 arunci lichidul folosit pe jum\u0103tate.<\/p>\n<\/li>\n<li data-start=\"1775\" data-end=\"2092\">\n<p data-start=\"1777\" data-end=\"2092\"><strong data-start=\"1777\" data-end=\"1841\">Afi\u0219aj cu ecran dual \u0219i blocare prin amprent\u0103 pentru utilizare \u00een lumea real\u0103.<\/strong> Sistemul <strong data-start=\"1846\" data-end=\"1890\">dispozitiv Pod cu ecran dual<\/strong> afi\u0219eaz\u0103 lichidul electronic \u0219i bateria \u00een timp real, iar blocarea prin amprent\u0103 ajut\u0103 la prevenirea activ\u0103rii accidentale \u00een buzunar sau geant\u0103 \u2014 util \u00een timpul navetei, ie\u0219iri \u00een ora\u0219 sau c\u0103l\u0103torii prin Rom\u00e2nia \u0219i alte \u021b\u0103ri.<\/p>\n<\/li>\n<li data-start=\"2094\" data-end=\"2354\">\n<p data-start=\"2096\" data-end=\"2354\"><strong data-start=\"2096\" data-end=\"2153\">Compatibil cu v\u00e2nzarea en gros pentru orice magazin de vapori sau distribuitor.<\/strong> Cu <strong data-start=\"2159\" data-end=\"2190\">Pre\u021burilor en-gros pentru \u021big\u0103ri<\/strong> \u0219i cerere puternic\u0103 \u00een <strong data-start=\"2216\" data-end=\"2230\">magazin de vapori<\/strong> canal, Bang Beach 38000 func\u021bioneaz\u0103 at\u00e2t pentru utilizatorii finali, c\u00e2t \u0219i pentru cump\u0103r\u0103torii en gros care doresc un dispozitiv cu durat\u0103 lung\u0103 de via\u021b\u0103, care s\u0103 se v\u00e2nd\u0103 efectiv.<\/p>\n<\/li>\n<\/ul>\n<p data-start=\"666\" data-end=\"1235\"><strong style=\"font-size: 16px;\"><span style=\"color: #ff0000;\">Adaug\u0103-o pe Amy pe WhatsApp pentru a ob\u021bine un r\u0103spuns rapid \u0219i un pre\u021b redus!<\/span><\/strong><\/p>\n<p><img fetchpriority=\"high\" decoding=\"async\" class=\"size-full wp-image-2932\" src=\"https:\/\/vapestornado.com\/wp-content\/uploads\/2024\/12\/Vape-Wholesale.jpg\" alt=\"\u021aig\u0103ri electronice cu ridicata\" width=\"229\" height=\"300\" \/><\/p>\n<h3><a href=\"https:\/\/wa.me\/8617776015835\" target=\"_blank\" rel=\"noopener\"><span style=\"color: #ff0000;\"><strong>WhatsApp: +86 17776015835<\/strong><\/span><\/a><\/h3>\n<p>&nbsp;<\/p>\n<h2><strong>Bang Beach 38000 Puff Caracteristici cheie ale produsului<\/strong><\/h2>\n<table>\n<thead>\n<tr>\n<th>Caracteristic\u0103<\/th>\n<th>specifica\u021bii<\/th>\n<th>detalii<\/th>\n<\/tr>\n<\/thead>\n<tbody>\n<tr>\n<td>Brand<\/td>\n<td>Bang Beach<\/td>\n<td>Linie de dispozitive de unic\u0103 folosin\u021b\u0103 cu capacitate mare pentru pie\u021bele din Rom\u00e2nia<\/td>\n<\/tr>\n<tr>\n<td>Model<\/td>\n<td>Bang Beach 38000 Puff Bar<\/td>\n<td>\u021aigariet\u0103 electronic\u0103 re\u00eenc\u0103rcabil\u0103 cu 38.000 de pufuri<\/td>\n<\/tr>\n<tr>\n<td>Capacitate Pufuri<\/td>\n<td>P\u00e2n\u0103 la 38.000 de pufuri<\/td>\n<td>Proiectat pentru utilizare zilnic\u0103 pe mai multe s\u0103pt\u0103m\u00e2ni<\/td>\n<\/tr>\n<tr>\n<td>Volumul lichidului<\/td>\n<td>E-lichid de 38ml<\/td>\n<td>Rezervor mare compatibil cu un num\u0103r mare de pufuri<\/td>\n<\/tr>\n<tr>\n<td>Niveluri de nicotin\u0103<\/td>\n<td>0% \/ 2% \/ 3% \/ 5%<\/td>\n<td>Se potrive\u0219te preferin\u021belor de arom\u0103 doar, moderate \u0219i mai puternice<\/td>\n<\/tr>\n<tr>\n<td>Baterie<\/td>\n<td>Re\u00eenc\u0103rcabil de 850mAh<\/td>\n<td>Sus\u021bine re\u00eenc\u0103rc\u0103ri repetate pe durata vie\u021bii dispozitivului<\/td>\n<\/tr>\n<tr>\n<td>\u00cenc\u0103rcare<\/td>\n<td>\u00eenc\u0103rcare de tip C<\/td>\n<td>\u00cenc\u0103rcare rapid\u0103 cu cabluri moderne standard<\/td>\n<\/tr>\n<tr>\n<td>Tip de bobin\u0103<\/td>\n<td>Rezisten\u021b\u0103 tip plas\u0103<\/td>\n<td>Vapori neted \u0219i livrare stabil\u0103 de arom\u0103<\/td>\n<\/tr>\n<tr>\n<td>Afi\u0219aj<\/td>\n<td>Ecran dual (ulei + baterie)<\/td>\n<td>Stare \u00een timp real a lichidului \u0219i bateriei<\/td>\n<\/tr>\n<tr>\n<td>Securitate<\/td>\n<td>Ecran de blocare cu amprent\u0103<\/td>\n<td>Reduce tragerea accidental\u0103 \u0219i adaug\u0103 intimitate<\/td>\n<\/tr>\n<tr>\n<td>Pozi\u021bionare<\/td>\n<td>En gros \u0219i retail<\/td>\n<td>Optimizat pentru pre\u021buri en gros pentru \u021bigarete \u0219i v\u00e2nz\u0103ri \u00een magazine de vapori<\/td>\n<\/tr>\n<\/tbody>\n<\/table>\n<h2 class=\"product-title\"><strong>Lista de arome populare Bang Beach 38000 Puff<\/strong><\/h2>\n<article class=\"w-full text-token-text-primary focus-visible:outline-2 focus-visible:outline-offset-[-4px]\" dir=\"auto\" data-testid=\"conversation-turn-32\" data-scroll-anchor=\"false\">\n<div class=\"m-auto text-base py-[18px] px-6\">\n<div class=\"mx-auto flex flex-1 text-base gap-4 md:gap-5 lg:gap-6 md:max-w-3xl lg:max-w-[40rem] xl:max-w-[48rem]\">\n<div class=\"group\/conversation-turn relative flex w-full min-w-0 flex-col @xs\/thread:px-0 @sm\/thread:px-1.5 @md\/thread:px-4\">\n<div class=\"flex-col gap-1 md:gap-3\">\n<div class=\"flex max-w-full flex-col flex-grow\">\n<div class=\"min-h-8 text-message flex w-full flex-col items-end gap-2 whitespace-normal break-words text-start [.text-message+&amp;]:mt-5\" dir=\"auto\" data-message-author-role=\"user\" data-message-id=\"ffac41ca-1db4-431b-873a-32c4052956f1\">\n<div class=\"flex w-full flex-col gap-1 empty:hidden items-end rtl:items-start\">\n<div class=\"relative max-w-[var(--user-chat-width,70%)] rounded-3xl bg-token-message-surface px-5 py-2.5\">\n<div class=\"absolute bottom-0 right-full top-0 -mr-3.5 hidden pr-5 pt-2 [.group\/conversation-turn:hover_&amp;]:flex\">\n<div class=\"flex\">\n<article class=\"w-full text-token-text-primary focus-visible:outline-2 focus-visible:outline-offset-[-4px]\" dir=\"auto\" data-testid=\"conversation-turn-39\" data-scroll-anchor=\"true\">\n<div class=\"m-auto text-base py-[18px] px-6\">\n<div class=\"mx-auto flex flex-1 text-base gap-4 md:gap-5 lg:gap-6 md:max-w-3xl lg:max-w-[40rem] xl:max-w-[48rem]\">\n<div class=\"group\/conversation-turn relative flex w-full min-w-0 flex-col agent-turn @xs\/thread:px-0 @sm\/thread:px-1.5 @md\/thread:px-4\">\n<div class=\"flex-col gap-1 md:gap-3\">\n<div class=\"flex max-w-full flex-col flex-grow\">\n<div class=\"min-h-8 text-message flex w-full flex-col items-end gap-2 whitespace-normal break-words text-start [.text-message+&amp;]:mt-5\" dir=\"auto\" data-message-author-role=\"assistant\" data-message-id=\"55a23854-ec57-48dd-bd4f-6118f43d6241\" data-message-model-slug=\"gpt-4o\">\n<div class=\"flex w-full flex-col gap-1 empty:hidden first:pt-[3px]\">\n<div class=\"markdown prose w-full break-words dark:prose-invert light\">\n<p>1.Ghea\u021b\u0103 cu trei fructe de p\u0103dure<br \/>\n2.Limonad\u0103 roz<br \/>\n3.Afin\u0103 \u0219i zmeur\u0103<br \/>\n4.Amestec de fructe de p\u0103dure<br \/>\n5. Pepene verde c\u0103p\u0219uni<br \/>\n6. Ghea\u021b\u0103 de c\u0103p\u0219uni<br \/>\n7.Ghea\u021b\u0103 de struguri<br \/>\n8.Mango \u0219i piersic\u0103<br \/>\n9.Ghea\u021b\u0103 cu zmeur\u0103 albastr\u0103<br \/>\n10.Cirea\u0219\u0103 Exploziv\u0103<br \/>\n11.Ghea\u021b\u0103 de Pepene Ro\u0219u<br \/>\n12. Ghea\u021b\u0103 de piersici<\/p>\n<figure id=\"attachment_4000\" aria-describedby=\"caption-attachment-4000\" style=\"width: 596px\" class=\"wp-caption alignnone\"><img decoding=\"async\" class=\"wp-image-4000 size-full\" src=\"https:\/\/vapestornado.com\/wp-content\/uploads\/2025\/03\/Wholesale-Bang-38000-Puffs.png\" alt=\"Engros Bang 38000 Puffs\" width=\"596\" height=\"596\" srcset=\"https:\/\/vapestornado.com\/wp-content\/uploads\/2025\/03\/Wholesale-Bang-38000-Puffs.png 596w, https:\/\/vapestornado.com\/wp-content\/uploads\/2025\/03\/Wholesale-Bang-38000-Puffs-300x300.png 300w, https:\/\/vapestornado.com\/wp-content\/uploads\/2025\/03\/Wholesale-Bang-38000-Puffs-150x150.png 150w, https:\/\/vapestornado.com\/wp-content\/uploads\/2025\/03\/Wholesale-Bang-38000-Puffs-100x100.png 100w\" sizes=\"(max-width: 596px) 100vw, 596px\" \/><figcaption id=\"caption-attachment-4000\" class=\"wp-caption-text\">Engros Bang 38000 Puffs<\/figcaption><\/figure>\n<\/div>\n<\/div>\n<\/div>\n<\/div>\n<\/div>\n<\/div>\n<\/div>\n<\/div>\n<\/article>\n<\/div>\n<\/div>\n<\/div>\n<\/div>\n<\/div>\n<\/div>\n<\/div>\n<\/div>\n<\/div>\n<\/div>\n<\/article>\n<h2>De ce s\u0103 alege\u021bi Vapestornado pentru a cump\u0103ra Bang Beach 38000 Puff?<\/h2>\n<div class=\"flex-shrink-0 flex flex-col relative items-end\">\n<div class=\"pt-0\">\n<div class=\"gizmo-bot-avatar flex h-8 w-8 items-center justify-center overflow-hidden rounded-full\">\n<div class=\"relative p-1 rounded-sm flex items-center justify-center bg-token-main-surface-primary text-token-text-primary h-8 w-8\">\n<p data-start=\"88\" data-end=\"557\">C\u00e2nd vine vorba de <strong data-start=\"105\" data-end=\"154\">\u00a0achizi\u021bionarea de vape-uri de unic\u0103 folosin\u021b\u0103 de \u00eenalt\u0103 calitate<\/strong>, <strong data-start=\"156\" data-end=\"172\">Vapestornado<\/strong> este sursa principal\u0103 pentru pre\u021buri imbatabile de fabric\u0103 <strong data-start=\"208\" data-end=\"271\">livrare rapid\u0103 \u0219i servicii premium pentru clien\u021bi<\/strong>. Cump\u0103rarea Bang Beach 38000 Puff de la Vapestornado \u00eenseamn\u0103 c\u0103 ob\u021bine\u021bi <strong data-start=\"363\" data-end=\"400\">produse autentice, 100% originale<\/strong> cu cea mai recent\u0103<strong data-start=\"417\" data-end=\"515\"> afi\u0219aj cu ecran, confortul re\u00eenc\u0103rcabil Type-C \u0219i capacitatea de 38000 de pufuri<\/strong>\u2014toate la cel mai bun<strong data-start=\"527\" data-end=\"554\">\u00a0pre\u021buri en-gros<\/strong>.<\/p>\n<p data-start=\"559\" data-end=\"933\" data-is-last-node=\"\" data-is-only-node=\"\">Avem, de asemenea, alte vape-uri populare cu ecran, cum ar fi <a href=\"https:\/\/vapestornado.com\/ro\/product\/mesii-couple-50k-disposable-shisha-hookah-50000-puffs-vape-with-digital-display\/\">Mesii cuplu 50000<\/a>, <a href=\"https:\/\/vapestornado.com\/ro\/product\/vopk-ultra-40000-puffs-2-in-1-digital-screen-rechargeable-disposable-vape\/\">VOPK 40000 Pufuri Vape de Unic\u0103 Folosin\u021b\u0103<\/a>, <a href=\"https:\/\/vapestornado.com\/ro\/product\/bang-beach-22000-20k-puff-disposable-vape-pen-with-screen-reddit-hot\/\">Bang Beach 22000<\/a>, \u0219i altele.<\/p>\n<\/div>\n<div class=\"relative p-1 rounded-sm flex items-center justify-center bg-token-main-surface-primary text-token-text-primary h-8 w-8\">\n<h2>\u00centreb\u0103ri frecvente despre Bang 38000<\/h2>\n<p data-start=\"3372\" data-end=\"3465\">1. C\u00e2t dureaz\u0103 de obicei pentru utilizatorii zilnici \u021bigara electronic\u0103 Bang Beach 38000 Pufuri?<\/p>\n<p data-start=\"3466\" data-end=\"3738\">Sistemul <strong data-start=\"3470\" data-end=\"3507\">\u021aigara electronic\u0103 Bang Beach 38000 Pufuri<\/strong> se potrive\u0219te cu <strong data-start=\"3516\" data-end=\"3529\">un rezervor de 38ml<\/strong> cu p\u00e2n\u0103 la <strong data-start=\"3541\" data-end=\"3557\">38.000 de pufuri<\/strong>, astfel \u00eenc\u00e2t mul\u021bi utilizatori zilnici pot ob\u021bine <strong data-start=\"3590\" data-end=\"3625\">mai multe s\u0103pt\u0103m\u00e2ni de utilizare pe dispozitiv<\/strong>. Timpul real depinde de frecven\u021ba de tragere \u0219i lungimea inhal\u0103rii, dar dep\u0103\u0219e\u0219te clar dispozitivele de unic\u0103 folosin\u021b\u0103 tipice de 5K\u201310K.<\/p>\n<p data-start=\"3745\" data-end=\"3859\">2. Ce schimb\u0103 bobina din plas\u0103 \u00een vaporizatorul cu capacitate mare Bang Beach 38000 \u00een ceea ce prive\u0219te aroma \u0219i vapori?<\/p>\n<p data-start=\"3860\" data-end=\"4084\">Sistemul <strong data-start=\"3864\" data-end=\"3906\">\u021aigara electronic\u0103 cu bobin\u0103 din plas\u0103 Bang Beach 38000<\/strong> distribuie c\u0103ldura uniform prin fitil, ceea ce men\u021bine vapori densi \u0219i arom\u0103 constant\u0103. Acest design ajut\u0103 la evitarea inhal\u0103rilor dure, cu gust de ars, mai ales spre sf\u00e2r\u0219itul lichidului.<\/p>\n<p data-start=\"4091\" data-end=\"4184\">3. Cum ajut\u0103 afi\u0219ajul cu ecran dual de pe Bang Beach 38000 Puff bar \u00een utilizarea zilnic\u0103?<\/p>\n<p data-start=\"4185\" data-end=\"4462\">Sistemul <strong data-start=\"4189\" data-end=\"4230\">bar cu ecran dual Bang Beach 38000 Puff<\/strong> arat\u0103 nivelul de lichid pentru vapori \u0219i starea bateriei separat, astfel \u00eenc\u00e2t s\u0103 \u0219tii \u00eentotdeauna dac\u0103 trebuie s\u0103 \u00eel re\u00eencarci sau dac\u0103 e aproape de a se termina rezervorul. Elimin\u0103 ghicitul, ceea ce este important atunci c\u00e2nd te bazezi pe un singur dispozitiv \u00een timpul zilelor de munc\u0103 sau c\u0103l\u0103torii.<\/p>\n<p data-start=\"4469\" data-end=\"4582\">4. Este Bang Beach 38000 potrivit pentru cump\u0103r\u0103torii care compar\u0103 dispozitive din magazinele de vapori la pre\u021buri en-gros de la distribuitorii de \u021big\u0103ri electronice?<\/p>\n<p data-start=\"4583\" data-end=\"4884\">Da. Pentru <strong data-start=\"4592\" data-end=\"4606\">magazin de vapori<\/strong> proprietari \u0219i distribuitori, <strong data-start=\"4636\" data-end=\"4678\">E-cigaret\u0103 en-gros Bang Beach 38000<\/strong> ofer\u0103 un num\u0103r mare de pufuri, caracteristici avansate (ecrane + blocare prin amprent\u0103) \u0219i pre\u021buri competitive <strong data-start=\"4767\" data-end=\"4798\">Pre\u021burilor en-gros pentru \u021big\u0103ri<\/strong>, care \u00eempreun\u0103 creeaz\u0103 o propunere de valoare puternic\u0103 \u00een compara\u021bie cu alte dispozitive de unic\u0103 folosin\u021b\u0103 cu durat\u0103 lung\u0103 de via\u021b\u0103.<\/p>\n<p data-start=\"4891\" data-end=\"5003\">5. Afecteaz\u0103 blocarea prin amprent\u0103 de pe e-cigaret\u0103 Bang Beach 38000 performan\u021ba sau doar securitatea?<\/p>\n<p data-start=\"5004\" data-end=\"5262\">Sistemul <strong data-start=\"5008\" data-end=\"5052\">sistemul de blocare prin amprent\u0103 Bang Beach 38000<\/strong> este pur despre securitate \u0219i confort. Ajut\u0103 la prevenirea declan\u0219\u0103rii accidentale \u0219i utiliz\u0103rii neautorizate, dar odat\u0103 deblocat, performan\u021ba r\u0103m\u00e2ne neschimbat\u0103 \u2014 tot ob\u021bii o putere complet\u0103 de la bobina din plas\u0103 \u0219i bateria de 850mAh.<\/p>\n<\/div>\n<\/div>\n<\/div>\n<\/div>","protected":false},"excerpt":{"rendered":"<p class=\"LC20lb MBeuO DKV0Md\">Bang Beach 38000 Puff \u021bigaret\u0103 electronic\u0103 de unic\u0103 folosin\u021b\u0103 cu 38ml e-lichid, bobin\u0103 din plas\u0103, baterie re\u00eenc\u0103rcabil\u0103 Type-C de 850mAh, afi\u0219aj cu ecran dublu \u0219i blocare cu amprent\u0103. Bar de vapare cu capacitate mare de 38K, proiectat pentru utilizare \u00eendelungat\u0103, v\u00e2nz\u0103ri \u00een magazine de vapare \u0219i pre\u021buri competitive en-gros pentru \u021big\u0103ri electronice \u00een \u00eentreaga Europ\u0103.<\/p>\n<p><strong>Ad\u0103uga\u021bi-o pe Amy pe WhatsApp pentru a ob\u021bine un r\u0103spuns corect \u0219i un pre\u021b redus!<\/strong><\/p>\n<p><img fetchpriority=\"high\" decoding=\"async\" class=\"size-full wp-image-2932\" src=\"https:\/\/vapestornado.com\/wp-content\/uploads\/2024\/12\/Vape-Wholesale.jpg\" alt=\"\u021aig\u0103ri electronice cu ridicata\" width=\"229\" height=\"300\" \/><\/p>\n<h3><a href=\"https:\/\/wa.me\/8617776015835\"><span style=\"color: #ff0000;\"><strong>WhatsApp: +86 17776015835<\/strong><\/span><\/a><\/h3>\n<p>&nbsp;<\/p>","protected":false},"featured_media":3998,"comment_status":"open","ping_status":"closed","template":"","meta":{"_acf_changed":false,"_uag_custom_page_level_css":"","_lmt_disableupdate":"no","_lmt_disable":"","_monsterinsights_skip_tracking":false,"_monsterinsights_sitenote_active":false,"_monsterinsights_sitenote_note":"","_monsterinsights_sitenote_category":0,"site-sidebar-layout":"default","site-content-layout":"","ast-site-content-layout":"default","site-content-style":"default","site-sidebar-style":"default","ast-global-header-display":"","ast-banner-title-visibility":"","ast-main-header-display":"","ast-hfb-above-header-display":"","ast-hfb-below-header-display":"","ast-hfb-mobile-header-display":"","site-post-title":"","ast-breadcrumbs-content":"","ast-featured-img":"","footer-sml-layout":"","ast-disable-related-posts":"","theme-transparent-header-meta":"default","adv-header-id-meta":"","stick-header-meta":"","header-above-stick-meta":"","header-main-stick-meta":"","header-below-stick-meta":"","astra-migrate-meta-layouts":"set","ast-page-background-enabled":"default","ast-page-background-meta":{"desktop":{"background-color":"","background-image":"","background-repeat":"repeat","background-position":"center center","background-size":"auto","background-attachment":"scroll","background-type":"","background-media":"","overlay-type":"","overlay-color":"","overlay-opacity":"","overlay-gradient":""},"tablet":{"background-color":"","background-image":"","background-repeat":"repeat","background-position":"center center","background-size":"auto","background-attachment":"scroll","background-type":"","background-media":"","overlay-type":"","overlay-color":"","overlay-opacity":"","overlay-gradient":""},"mobile":{"background-color":"","background-image":"","background-repeat":"repeat","background-position":"center center","background-size":"auto","background-attachment":"scroll","background-type":"","background-media":"","overlay-type":"","overlay-color":"","overlay-opacity":"","overlay-gradient":""}},"ast-content-background-meta":{"desktop":{"background-color":"var(--ast-global-color-5)","background-image":"","background-repeat":"repeat","background-position":"center center","background-size":"auto","background-attachment":"scroll","background-type":"","background-media":"","overlay-type":"","overlay-color":"","overlay-opacity":"","overlay-gradient":""},"tablet":{"background-color":"var(--ast-global-color-5)","background-image":"","background-repeat":"repeat","background-position":"center center","background-size":"auto","background-attachment":"scroll","background-type":"","background-media":"","overlay-type":"","overlay-color":"","overlay-opacity":"","overlay-gradient":""},"mobile":{"background-color":"var(--ast-global-color-5)","background-image":"","background-repeat":"repeat","background-position":"center center","background-size":"auto","background-attachment":"scroll","background-type":"","background-media":"","overlay-type":"","overlay-color":"","overlay-opacity":"","overlay-gradient":""}},"_joinchat":{"telephone":"17776015835"}},"product_brand":[],"product_cat":[62,153,158,142],"product_tag":[295,297,296,491,269],"class_list":{"0":"post-3999","1":"product","2":"type-product","3":"status-publish","4":"has-post-thumbnail","6":"product_cat-bang-vape","7":"product_cat-buy-disposable-vapes-in-italy","8":"product_cat-buy-disposable-vapes-in-spain","9":"product_cat-digital-box-disposable-vapes","10":"product_tag-bang-beach-38000","11":"product_tag-fingerprint-vape","12":"product_tag-puff-bar","13":"product_tag-vape-with-digital-dispaly","14":"product_tag-vape-with-screen","15":"desktop-align-left","16":"tablet-align-left","17":"mobile-align-left","19":"first","20":"instock","21":"sale","22":"shipping-taxable","23":"purchasable","24":"product-type-simple"},"acf":[],"uagb_featured_image_src":{"full":["https:\/\/vapestornado.com\/wp-content\/uploads\/2025\/03\/Wholesale-Bang-Vape-at-Cheap-Prices.webp",800,800,false],"thumbnail":["https:\/\/vapestornado.com\/wp-content\/uploads\/2025\/03\/Wholesale-Bang-Vape-at-Cheap-Prices-150x150.webp",150,150,true],"medium":["https:\/\/vapestornado.com\/wp-content\/uploads\/2025\/03\/Wholesale-Bang-Vape-at-Cheap-Prices-300x300.webp",300,300,true],"medium_large":["https:\/\/vapestornado.com\/wp-content\/uploads\/2025\/03\/Wholesale-Bang-Vape-at-Cheap-Prices-768x768.webp",768,768,true],"large":["https:\/\/vapestornado.com\/wp-content\/uploads\/2025\/03\/Wholesale-Bang-Vape-at-Cheap-Prices.webp",800,800,false],"1536x1536":["https:\/\/vapestornado.com\/wp-content\/uploads\/2025\/03\/Wholesale-Bang-Vape-at-Cheap-Prices.webp",800,800,false],"2048x2048":["https:\/\/vapestornado.com\/wp-content\/uploads\/2025\/03\/Wholesale-Bang-Vape-at-Cheap-Prices.webp",800,800,false],"trp-custom-language-flag":["https:\/\/vapestornado.com\/wp-content\/uploads\/2025\/03\/Wholesale-Bang-Vape-at-Cheap-Prices.webp",12,12,false],"woocommerce_thumbnail":["https:\/\/vapestornado.com\/wp-content\/uploads\/2025\/03\/Wholesale-Bang-Vape-at-Cheap-Prices-300x300.webp",300,300,true],"woocommerce_single":["https:\/\/vapestornado.com\/wp-content\/uploads\/2025\/03\/Wholesale-Bang-Vape-at-Cheap-Prices-600x600.webp",600,600,true],"woocommerce_gallery_thumbnail":["https:\/\/vapestornado.com\/wp-content\/uploads\/2025\/03\/Wholesale-Bang-Vape-at-Cheap-Prices-100x100.webp",100,100,true]},"uagb_author_info":{"display_name":"ESAMY","author_link":"https:\/\/vapestornado.com\/ro\/author\/"},"uagb_comment_info":1,"uagb_excerpt":"Bang Beach 38000 Puff disposable E-cigarette with 38ml e-juice, mesh coil, 850mAh Type-C rechargeable battery, dual-screen display and fingerprint lock. High-capacity 38K vape bar designed for long use, vapor shop sales, and competitive Cigarette wholesaler prices across Europe. Add Amy's whatsapp to get right reply and discount price! WhatsApp: +86 17776015835 &nbsp;","_links":{"self":[{"href":"https:\/\/vapestornado.com\/ro\/wp-json\/wp\/v2\/product\/3999","targetHints":{"allow":["GET"]}}],"collection":[{"href":"https:\/\/vapestornado.com\/ro\/wp-json\/wp\/v2\/product"}],"about":[{"href":"https:\/\/vapestornado.com\/ro\/wp-json\/wp\/v2\/types\/product"}],"replies":[{"embeddable":true,"href":"https:\/\/vapestornado.com\/ro\/wp-json\/wp\/v2\/comments?post=3999"}],"wp:featuredmedia":[{"embeddable":true,"href":"https:\/\/vapestornado.com\/ro\/wp-json\/wp\/v2\/media\/3998"}],"wp:attachment":[{"href":"https:\/\/vapestornado.com\/ro\/wp-json\/wp\/v2\/media?parent=3999"}],"wp:term":[{"taxonomy":"product_brand","embeddable":true,"href":"https:\/\/vapestornado.com\/ro\/wp-json\/wp\/v2\/product_brand?post=3999"},{"taxonomy":"product_cat","embeddable":true,"href":"https:\/\/vapestornado.com\/ro\/wp-json\/wp\/v2\/product_cat?post=3999"},{"taxonomy":"product_tag","embeddable":true,"href":"https:\/\/vapestornado.com\/ro\/wp-json\/wp\/v2\/product_tag?post=3999"}],"curies":[{"name":"wp","href":"https:\/\/api.w.org\/{rel}","templated":true}]}}