{"id":3975,"date":"2025-03-25T07:58:28","date_gmt":"2025-03-25T07:58:28","guid":{"rendered":"https:\/\/vapestornado.com\/?post_type=product&#038;p=3975"},"modified":"2025-08-23T11:43:24","modified_gmt":"2025-08-23T11:43:24","slug":"2025-new-vopk-ultra-40000-puffs-double-flavor-disposable-vape-factory-suppliers","status":"publish","type":"product","link":"https:\/\/vapestornado.com\/ro\/product\/2025-new-vopk-ultra-40000-puffs-double-flavor-disposable-vape-factory-suppliers\/","title":{"rendered":"2025 Nou VOPK Ultra 40000 Puffs Arom\u0103 dubl\u0103 Vape de unic\u0103 folosin\u021b\u0103 Furnizori din fabric\u0103"},"content":{"rendered":"<h1 data-pm-slice=\"1 1 []\">2025 Nou VOPK Ultra 40000 Puffs Arom\u0103 dubl\u0103 Vape de unic\u0103 folosin\u021b\u0103 Furnizori din fabric\u0103<\/h1>\n<p data-start=\"140\" data-end=\"448\">Sistemul <strong data-start=\"144\" data-end=\"209\">2025 Noul VOPK Ultra 40000 Pufuri Vape de Unic\u0103 Folosin\u021b\u0103 cu Arom\u0103 Dubl\u0103<\/strong> este proiectat pentru comercian\u021bii cu am\u0103nuntul \u0219i distribuitorii care caut\u0103 o op\u021biune premium, de lung\u0103 durat\u0103, pentru inventarul lor. Cu p\u00e2n\u0103 la <strong data-start=\"324\" data-end=\"340\">40.000 de pufuri<\/strong>, acest dispozitiv de mare capacitate combin\u0103 <strong data-start=\"377\" data-end=\"409\">performan\u021b\u0103 DTL \u00een stil narghilea<\/strong> cu un design elegant, inspirat de SHISHA.<\/p>\n<p data-start=\"450\" data-end=\"859\">Echipat cu un <strong data-start=\"467\" data-end=\"498\">baterie re\u00eenc\u0103rcabil\u0103 de 850mAh<\/strong> \u0219i o <strong data-start=\"505\" data-end=\"537\">Rezervor de e-lichid preumplut de 36 ml<\/strong>, VOPK Ultra asigur\u0103 o utilizare extins\u0103 f\u0103r\u0103 \u00eenlocuiri frecvente. Al s\u0103u <strong data-start=\"613\" data-end=\"635\">ecran digital RGB<\/strong> \u021bine utilizatorii informa\u021bi cu actualiz\u0103ri \u00een timp real despre baterie, starea pufurilor \u0219i set\u0103rile de putere. Controlul reglabil al puterii permite clien\u021bilor s\u0103-\u0219i ajusteze intensitatea vaping-ului fie pentru sesiuni de arom\u0103 fin\u0103, fie pentru urm\u0103rirea norilor den\u0219i.<\/p>\n<p data-start=\"861\" data-end=\"1210\">Caracteristica remarcabil\u0103 este <strong data-start=\"889\" data-end=\"914\">sistemul s\u0103u de rezisten\u021be quad mesh<\/strong>, oferind o arom\u0103 \u00eembun\u0103t\u0103\u021bit\u0103 \u0219i o produc\u021bie de vapori, asigur\u00e2nd \u00een acela\u0219i timp c\u0103 fiecare puf r\u0103m\u00e2ne consistent. Cu <strong data-start=\"1015\" data-end=\"1053\">arome duale \u00eencorporate \u00eentr-un singur dispozitiv<\/strong>, utilizatorii pot comuta f\u0103r\u0103 efort \u00eentre profiluri de gust precum <strong data-start=\"1113\" data-end=\"1165\">c\u0103p\u0219uni pepene verde<\/strong> or <strong data-start=\"1169\" data-end=\"1207\">ananas zmeur\u0103 albastr\u0103<\/strong>.<\/p>\n<p data-start=\"1212\" data-end=\"1603\">Disponibil \u00een <strong data-start=\"1225\" data-end=\"1266\">concentra\u021bii de nicotin\u0103 de 0%, 2%, 3% \u0219i 5%<\/strong>, VOPK Ultra 40K se adreseaz\u0103 tuturor preferin\u021belor utilizatorilor, de la entuzia\u0219ti f\u0103r\u0103 nicotin\u0103 p\u00e2n\u0103 la vaperi experimenta\u021bi. \u00cenc\u0103rcarea rapid\u0103 <strong data-start=\"1378\" data-end=\"1397\">\u00eenc\u0103rcare de tip C<\/strong> garanteaz\u0103 un timp de nefunc\u021bionare minim, f\u0103c\u00e2ndu-l extrem de fiabil pentru utilizare \u00een deplasare. Pentru angrosi\u0219ti, acest model ofer\u0103 <strong data-start=\"1507\" data-end=\"1586\">aprovizionare direct\u0103 din fabric\u0103, pre\u021buri competitive \u00een vrac \u0219i un puternic apel la clien\u021bi<\/strong> \u00een toat\u0103 Europa.<\/p>\n<p data-start=\"666\" data-end=\"1235\"><strong style=\"font-size: 16px;\"><span style=\"color: #ff0000;\">Adaug\u0103-o pe Amy pe WhatsApp pentru a ob\u021bine un r\u0103spuns rapid \u0219i un pre\u021b redus!<\/span><\/strong><\/p>\n<p><img fetchpriority=\"high\" decoding=\"async\" class=\"size-full wp-image-2932\" src=\"https:\/\/vapestornado.com\/wp-content\/uploads\/2024\/12\/Vape-Wholesale.jpg\" alt=\"\u021aig\u0103ri electronice cu ridicata\" width=\"229\" height=\"300\" \/><\/p>\n<h3><a href=\"https:\/\/wa.me\/8617776015835\" target=\"_blank\" rel=\"noopener\"><span style=\"color: #ff0000;\"><strong>WhatsApp: +86 17776015835<\/strong><\/span><\/a><\/h3>\n<p>&nbsp;<\/p>\n<h2><strong>VOPK Ultra 40000 Puffs Caracteristici cheie ale produsului<\/strong><\/h2>\n<p>Marc\u0103: Vopk Vapes<br \/>\nE-Lichid: 36ml lichid pre-umplut<br \/>\nBaterie: baterie de 850mAh<br \/>\nPort Type-c<br \/>\nP\u00e2n\u0103 la 40000 de pufuri<br \/>\nPutere reglabil\u0103<br \/>\nEcran digital<br \/>\n0%, 2%, 3%, 5% niveluri de nicotin\u0103<\/p>\n<figure id=\"attachment_3955\" aria-describedby=\"caption-attachment-3955\" style=\"width: 800px\" class=\"wp-caption alignnone\"><img decoding=\"async\" class=\"wp-image-3955 size-full\" src=\"https:\/\/vapestornado.com\/wp-content\/uploads\/2025\/03\/VOPK-Ultra-40k-40000-Puffs-Disposable-Vape-Dual-Flavors.webp\" alt=\"VOPK Ultra 40k 40000 Puffs \u021aigar\u0103 Electronic\u0103 de Unic\u0103 Folosin\u021b\u0103 2 Arome\" width=\"800\" height=\"800\" srcset=\"https:\/\/vapestornado.com\/wp-content\/uploads\/2025\/03\/VOPK-Ultra-40k-40000-Puffs-Disposable-Vape-Dual-Flavors.webp 800w, https:\/\/vapestornado.com\/wp-content\/uploads\/2025\/03\/VOPK-Ultra-40k-40000-Puffs-Disposable-Vape-Dual-Flavors-300x300.webp 300w, https:\/\/vapestornado.com\/wp-content\/uploads\/2025\/03\/VOPK-Ultra-40k-40000-Puffs-Disposable-Vape-Dual-Flavors-150x150.webp 150w, https:\/\/vapestornado.com\/wp-content\/uploads\/2025\/03\/VOPK-Ultra-40k-40000-Puffs-Disposable-Vape-Dual-Flavors-768x768.webp 768w, https:\/\/vapestornado.com\/wp-content\/uploads\/2025\/03\/VOPK-Ultra-40k-40000-Puffs-Disposable-Vape-Dual-Flavors-600x600.webp 600w, https:\/\/vapestornado.com\/wp-content\/uploads\/2025\/03\/VOPK-Ultra-40k-40000-Puffs-Disposable-Vape-Dual-Flavors-100x100.webp 100w\" sizes=\"(max-width: 800px) 100vw, 800px\" \/><figcaption id=\"caption-attachment-3955\" class=\"wp-caption-text\">VOPK Ultra 40k 40000 Puffs \u021aigar\u0103 Electronic\u0103 de Unic\u0103 Folosin\u021b\u0103 2 Arome<\/figcaption><\/figure>\n<p>&nbsp;<\/p>\n<h2 class=\"product-title\"><strong>VOPK Ultra 40000 Puffs List\u0103 Arome Cutie \u021aig\u0103ri de Unic\u0103 Folosin\u021b\u0103<\/strong><\/h2>\n<article class=\"w-full text-token-text-primary focus-visible:outline-2 focus-visible:outline-offset-[-4px]\" dir=\"auto\" data-testid=\"conversation-turn-32\" data-scroll-anchor=\"false\">\n<div class=\"m-auto text-base py-[18px] px-6\">\n<div class=\"mx-auto flex flex-1 text-base gap-4 md:gap-5 lg:gap-6 md:max-w-3xl lg:max-w-[40rem] xl:max-w-[48rem]\">\n<div class=\"group\/conversation-turn relative flex w-full min-w-0 flex-col @xs\/thread:px-0 @sm\/thread:px-1.5 @md\/thread:px-4\">\n<div class=\"flex-col gap-1 md:gap-3\">\n<div class=\"flex max-w-full flex-col flex-grow\">\n<div class=\"min-h-8 text-message flex w-full flex-col items-end gap-2 whitespace-normal break-words text-start [.text-message+&amp;]:mt-5\" dir=\"auto\" data-message-author-role=\"user\" data-message-id=\"ffac41ca-1db4-431b-873a-32c4052956f1\">\n<div class=\"flex w-full flex-col gap-1 empty:hidden items-end rtl:items-start\">\n<div class=\"relative max-w-[var(--user-chat-width,70%)] rounded-3xl bg-token-message-surface px-5 py-2.5\">\n<div class=\"absolute bottom-0 right-full top-0 -mr-3.5 hidden pr-5 pt-2 [.group\/conversation-turn:hover_&amp;]:flex\">\n<div class=\"flex\">\n<article class=\"w-full text-token-text-primary focus-visible:outline-2 focus-visible:outline-offset-[-4px]\" dir=\"auto\" data-testid=\"conversation-turn-39\" data-scroll-anchor=\"true\">\n<div class=\"m-auto text-base py-[18px] px-6\">\n<div class=\"mx-auto flex flex-1 text-base gap-4 md:gap-5 lg:gap-6 md:max-w-3xl lg:max-w-[40rem] xl:max-w-[48rem]\">\n<div class=\"group\/conversation-turn relative flex w-full min-w-0 flex-col agent-turn @xs\/thread:px-0 @sm\/thread:px-1.5 @md\/thread:px-4\">\n<div class=\"flex-col gap-1 md:gap-3\">\n<div class=\"flex max-w-full flex-col flex-grow\">\n<div class=\"min-h-8 text-message flex w-full flex-col items-end gap-2 whitespace-normal break-words text-start [.text-message+&amp;]:mt-5\" dir=\"auto\" data-message-author-role=\"assistant\" data-message-id=\"55a23854-ec57-48dd-bd4f-6118f43d6241\" data-message-model-slug=\"gpt-4o\">\n<div class=\"flex w-full flex-col gap-1 empty:hidden first:pt-[3px]\">\n<div class=\"markdown prose w-full break-words dark:prose-invert light\">\n<p>1.c\u0103p\u0219uni pepene verde\/ Kiwi Fructul Pasiunii Guava<br \/>\n2.Afine Zmeur\u0103 \/ Piersic\u0103 Mango Pepene verde<br \/>\n3.Ursule\u021b Gummy Blue Razz \/ C\u0103p\u0219un\u0103 Kiwi<br \/>\n4.Blue Razz Cirea\u0219\u0103 \/ C\u0103p\u0219un\u0103 Zmeur\u0103<br \/>\n5.L\u0103m\u00e2ie Efervescent\u0103<br \/>\n6.Pepene verde ghea\u021b\u0103 \/ Blue Razz ghea\u021b\u0103<br \/>\n7.Blue Razz Ananas \/ Mango Triplu<br \/>\n8.Explozie de Fructe de P\u0103dure Struguri \/ Par\u0103 M\u0103r Zmeur\u0103<br \/>\n9.C\u0103p\u0219un\u0103 Meri\u0219or Cirea\u0219\u0103 \/ Ananas Fructul Pasiunii L\u0103m\u00e2ie Verde<br \/>\n10.Afine C\u0103p\u0219un\u0103 Mentol \/ Afine Zmeur\u0103 Mentol<\/p>\n<\/div>\n<\/div>\n<\/div>\n<\/div>\n<\/div>\n<\/div>\n<\/div>\n<\/div>\n<\/article>\n<\/div>\n<\/div>\n<\/div>\n<\/div>\n<\/div>\n<\/div>\n<\/div>\n<\/div>\n<\/div>\n<\/div>\n<\/article>\n<h2>De ce s\u0103 alege\u021bi Vapestornado pentru a cump\u0103ra VOPK Ultra 40000 Puffs?<\/h2>\n<div class=\"flex-shrink-0 flex flex-col relative items-end\">\n<div class=\"pt-0\">\n<div class=\"gizmo-bot-avatar flex h-8 w-8 items-center justify-center overflow-hidden rounded-full\">\n<div class=\"relative p-1 rounded-sm flex items-center justify-center bg-token-main-surface-primary text-token-text-primary h-8 w-8\">\n<p data-start=\"88\" data-end=\"557\">C\u00e2nd vine vorba de <strong data-start=\"105\" data-end=\"154\">\u00a0achizi\u021bionarea de vape-uri de unic\u0103 folosin\u021b\u0103 de \u00eenalt\u0103 calitate<\/strong>, <strong data-start=\"156\" data-end=\"172\">Vapestornado<\/strong> este sursa principal\u0103 pentru pre\u021buri imbatabile de fabric\u0103 <strong data-start=\"208\" data-end=\"271\">livrare rapid\u0103 \u0219i servicii premium pentru clien\u021bi<\/strong>. Cump\u0103rarea VOPK Ultra 40000 Puffs de la Vapestornado \u00eenseamn\u0103 c\u0103 ob\u021bine\u021bi <strong data-start=\"363\" data-end=\"400\">produse autentice, 100% originale<\/strong> cu cel mai recent ecran<strong data-start=\"417\" data-end=\"515\"> digital, comoditate re\u00eenc\u0103rcabil\u0103 Type-C, arom\u0103 dubl\u0103 2 \u00een 1 \u0219i capacitate de 4000 de pufuri<\/strong>\u2014toate la un pre\u021b sc\u0103zut<strong data-start=\"527\" data-end=\"554\">\u00a0pre\u021buri en-gros<\/strong>.<\/p>\n<p data-start=\"559\" data-end=\"933\" data-is-last-node=\"\" data-is-only-node=\"\">Avem, de asemenea, alte vape-uri populare cu ecran, cum ar fi <a href=\"https:\/\/vapestornado.com\/ro\/product\/mesii-couple-50k-disposable-shisha-hookah-50000-puffs-vape-with-digital-display\/\">Mesii cuplu 50000<\/a>, <a href=\"https:\/\/vapestornado.com\/ro\/product\/vopk-cool-9000-puffs-disposable-vapes-bar-puff-9k\/\">VOPK 9000 Puff Vape de unic\u0103 folosin\u021b\u0103<\/a>, <a href=\"https:\/\/vapestornado.com\/ro\/product\/bang-beach-22000-20k-puff-disposable-vape-pen-with-screen-reddit-hot\/\">Bang Beach 22000<\/a>, \u0219i altele.<\/p>\n<\/div>\n<div class=\"relative p-1 rounded-sm flex items-center justify-center bg-token-main-surface-primary text-token-text-primary h-8 w-8\">\n<h2>\u00ceNTREB\u0102RI FRECVENTE<\/h2>\n<ol data-start=\"1260\" data-end=\"2197\">\n<li class=\"\" data-start=\"1260\" data-end=\"1488\">\n<p class=\"\" data-start=\"1263\" data-end=\"1488\"><strong data-start=\"1263\" data-end=\"1301\">Cum folosesc pod-urile de vape de unic\u0103 folosin\u021b\u0103?<\/strong><br data-start=\"1301\" data-end=\"1304\" \/>Pur \u0219i simplu <strong data-start=\"1314\" data-end=\"1347\">inhala\u021bi prin mu\u0219tiuc<\/strong>, iar dispozitivul se va activa automat. Setarea <strong data-start=\"1397\" data-end=\"1425\">de putere ajustabil\u0103<\/strong> v\u0103 permite s\u0103 v\u0103 ajusta\u021bi experien\u021ba pentru tragerea perfect\u0103.<\/p>\n<\/li>\n<li class=\"\" data-start=\"1490\" data-end=\"1743\">\n<p class=\"\" data-start=\"1493\" data-end=\"1743\"><strong data-start=\"1493\" data-end=\"1555\">Cum se re\u00eencarc\u0103 un vape de unic\u0103 folosin\u021b\u0103 cu un \u00eenc\u0103rc\u0103tor Android?<\/strong><br data-start=\"1555\" data-end=\"1558\" \/>Dac\u0103 vapa dvs. are un <strong data-start=\"1580\" data-end=\"1604\">Port de \u00eenc\u0103rcare Type-C<\/strong>, pute\u021bi folosi un <strong data-start=\"1620\" data-end=\"1648\">\u00eenc\u0103rc\u0103tor Android standard<\/strong> pentru a-l re\u00eenc\u0103rca. Asigura\u021bi-v\u0103 c\u0103 utiliza\u021bi o surs\u0103 de alimentare fiabil\u0103 pentru o eficien\u021b\u0103 optim\u0103 a \u00eenc\u0103rc\u0103rii.<\/p>\n<\/li>\n<li class=\"\" data-start=\"1745\" data-end=\"1979\">\n<p class=\"\" data-start=\"1748\" data-end=\"1979\"><strong data-start=\"1748\" data-end=\"1808\">Pot lua un vape de unic\u0103 folosin\u021b\u0103 \u00eentr-un avion, la nivel interna\u021bional?<\/strong><br data-start=\"1808\" data-end=\"1811\" \/>Da, dar <strong data-start=\"1826\" data-end=\"1862\">trebuie s\u0103 fie \u00een bagajul de m\u00e2n\u0103<\/strong>. Verifica\u021bi la compania aerian\u0103 orice reglement\u0103ri specifice privind <strong data-start=\"1927\" data-end=\"1948\">produsele cu nicotin\u0103<\/strong> \u00een \u021bara de destina\u021bie.<\/p>\n<\/li>\n<li class=\"\" data-start=\"1981\" data-end=\"2197\">\n<p class=\"\" data-start=\"1984\" data-end=\"2197\"><strong data-start=\"1984\" data-end=\"2033\">Cum \u0219tiu c\u00e2nd vapa mea de unic\u0103 folosin\u021b\u0103 este goal\u0103?<\/strong><br data-start=\"2033\" data-end=\"2036\" \/>Dac\u0103 <strong data-start=\"2046\" data-end=\"2144\">aroma se estompeaz\u0103, produc\u021bia de vapori scade, sau ecranul digital indic\u0103 un nivel sc\u0103zut de e-lichid<\/strong>, este timpul s\u0103 <strong data-start=\"2159\" data-end=\"2194\">\u00eenlocui\u021bi sau s\u0103 re\u00eenc\u0103rca\u021bi dispozitivul<\/strong>.<\/p>\n<\/li>\n<\/ol>\n<\/div>\n<\/div>\n<\/div>\n<\/div>","protected":false},"excerpt":{"rendered":"<p class=\"LC20lb MBeuO DKV0Md\">Sistemul <strong data-start=\"1647\" data-end=\"1672\">VOPK Ultra 40000 Vape<\/strong> ofer\u0103 arome duale, rezisten\u021be quad mesh \u0219i un ecran digital inteligent. Un dispozitiv premium de unic\u0103 folosin\u021b\u0103, construit pentru <strong data-start=\"1771\" data-end=\"1828\">furnizori angro din fabric\u0103 \u0219i comenzi \u00een vrac \u00een Europa<\/strong>.<\/p>\n<p><strong>Ad\u0103uga\u021bi-o pe Amy pe WhatsApp pentru a ob\u021bine un r\u0103spuns corect \u0219i un pre\u021b redus!<\/strong><\/p>\n<p><img fetchpriority=\"high\" decoding=\"async\" class=\"size-full wp-image-2932\" src=\"https:\/\/vapestornado.com\/wp-content\/uploads\/2024\/12\/Vape-Wholesale.jpg\" alt=\"\u021aig\u0103ri electronice cu ridicata\" width=\"229\" height=\"300\" \/><\/p>\n<h3><a href=\"https:\/\/wa.me\/8617776015835\"><span style=\"color: #ff0000;\"><strong>WhatsApp: +86 17776015835<\/strong><\/span><\/a><\/h3>\n<p>&nbsp;<\/p>","protected":false},"featured_media":3959,"comment_status":"open","ping_status":"closed","template":"","meta":{"_acf_changed":false,"_uag_custom_page_level_css":"","_lmt_disableupdate":"no","_lmt_disable":"","_monsterinsights_skip_tracking":false,"_monsterinsights_sitenote_active":false,"_monsterinsights_sitenote_note":"","_monsterinsights_sitenote_category":0,"site-sidebar-layout":"default","site-content-layout":"","ast-site-content-layout":"default","site-content-style":"default","site-sidebar-style":"default","ast-global-header-display":"","ast-banner-title-visibility":"","ast-main-header-display":"","ast-hfb-above-header-display":"","ast-hfb-below-header-display":"","ast-hfb-mobile-header-display":"","site-post-title":"","ast-breadcrumbs-content":"","ast-featured-img":"","footer-sml-layout":"","ast-disable-related-posts":"","theme-transparent-header-meta":"default","adv-header-id-meta":"","stick-header-meta":"","header-above-stick-meta":"","header-main-stick-meta":"","header-below-stick-meta":"","astra-migrate-meta-layouts":"set","ast-page-background-enabled":"default","ast-page-background-meta":{"desktop":{"background-color":"","background-image":"","background-repeat":"repeat","background-position":"center center","background-size":"auto","background-attachment":"scroll","background-type":"","background-media":"","overlay-type":"","overlay-color":"","overlay-opacity":"","overlay-gradient":""},"tablet":{"background-color":"","background-image":"","background-repeat":"repeat","background-position":"center center","background-size":"auto","background-attachment":"scroll","background-type":"","background-media":"","overlay-type":"","overlay-color":"","overlay-opacity":"","overlay-gradient":""},"mobile":{"background-color":"","background-image":"","background-repeat":"repeat","background-position":"center center","background-size":"auto","background-attachment":"scroll","background-type":"","background-media":"","overlay-type":"","overlay-color":"","overlay-opacity":"","overlay-gradient":""}},"ast-content-background-meta":{"desktop":{"background-color":"var(--ast-global-color-5)","background-image":"","background-repeat":"repeat","background-position":"center center","background-size":"auto","background-attachment":"scroll","background-type":"","background-media":"","overlay-type":"","overlay-color":"","overlay-opacity":"","overlay-gradient":""},"tablet":{"background-color":"var(--ast-global-color-5)","background-image":"","background-repeat":"repeat","background-position":"center center","background-size":"auto","background-attachment":"scroll","background-type":"","background-media":"","overlay-type":"","overlay-color":"","overlay-opacity":"","overlay-gradient":""},"mobile":{"background-color":"var(--ast-global-color-5)","background-image":"","background-repeat":"repeat","background-position":"center center","background-size":"auto","background-attachment":"scroll","background-type":"","background-media":"","overlay-type":"","overlay-color":"","overlay-opacity":"","overlay-gradient":""}},"_joinchat":{"telephone":"17776015835"}},"product_brand":[],"product_cat":[65,153,160,142,146,290],"product_tag":[261,165,291,294,94,293],"class_list":{"0":"post-3975","1":"product","2":"type-product","3":"status-publish","4":"has-post-thumbnail","6":"product_cat-40000-puff","7":"product_cat-buy-disposable-vapes-in-italy","8":"product_cat-buy-disposable-vapes-in-switzerland","9":"product_cat-digital-box-disposable-vapes","10":"product_cat-rechargeable-disposable-vapes","11":"product_cat-vopk-vape","12":"product_tag-2-in-1-double-flavor-vape","13":"product_tag-cheap-vapes","14":"product_tag-disposable-shisha-hookah","15":"product_tag-puff-40k","16":"product_tag-rechargeable-disposable-vape","17":"product_tag-vopk-ultra-40000","18":"desktop-align-left","19":"tablet-align-left","20":"mobile-align-left","22":"first","23":"instock","24":"sale","25":"shipping-taxable","26":"purchasable","27":"product-type-simple"},"acf":[],"uagb_featured_image_src":{"full":["https:\/\/vapestornado.com\/wp-content\/uploads\/2025\/03\/VOPK-ULTRA-40000-puffs-Disposable-Vape.webp",800,800,false],"thumbnail":["https:\/\/vapestornado.com\/wp-content\/uploads\/2025\/03\/VOPK-ULTRA-40000-puffs-Disposable-Vape-150x150.webp",150,150,true],"medium":["https:\/\/vapestornado.com\/wp-content\/uploads\/2025\/03\/VOPK-ULTRA-40000-puffs-Disposable-Vape-300x300.webp",300,300,true],"medium_large":["https:\/\/vapestornado.com\/wp-content\/uploads\/2025\/03\/VOPK-ULTRA-40000-puffs-Disposable-Vape-768x768.webp",768,768,true],"large":["https:\/\/vapestornado.com\/wp-content\/uploads\/2025\/03\/VOPK-ULTRA-40000-puffs-Disposable-Vape.webp",800,800,false],"1536x1536":["https:\/\/vapestornado.com\/wp-content\/uploads\/2025\/03\/VOPK-ULTRA-40000-puffs-Disposable-Vape.webp",800,800,false],"2048x2048":["https:\/\/vapestornado.com\/wp-content\/uploads\/2025\/03\/VOPK-ULTRA-40000-puffs-Disposable-Vape.webp",800,800,false],"trp-custom-language-flag":["https:\/\/vapestornado.com\/wp-content\/uploads\/2025\/03\/VOPK-ULTRA-40000-puffs-Disposable-Vape.webp",12,12,false],"woocommerce_thumbnail":["https:\/\/vapestornado.com\/wp-content\/uploads\/2025\/03\/VOPK-ULTRA-40000-puffs-Disposable-Vape-300x300.webp",300,300,true],"woocommerce_single":["https:\/\/vapestornado.com\/wp-content\/uploads\/2025\/03\/VOPK-ULTRA-40000-puffs-Disposable-Vape-600x600.webp",600,600,true],"woocommerce_gallery_thumbnail":["https:\/\/vapestornado.com\/wp-content\/uploads\/2025\/03\/VOPK-ULTRA-40000-puffs-Disposable-Vape-100x100.webp",100,100,true]},"uagb_author_info":{"display_name":"ESAMY","author_link":"https:\/\/vapestornado.com\/ro\/author\/"},"uagb_comment_info":0,"uagb_excerpt":"The VOPK Ultra 40000 Vape offers dual flavours, quad mesh coils, and a smart digital screen. A premium disposable built for factory wholesale suppliers and bulk orders in Europe. Add Amy's whatsapp to get right reply and discount price! WhatsApp: +86 17776015835 &nbsp;","_links":{"self":[{"href":"https:\/\/vapestornado.com\/ro\/wp-json\/wp\/v2\/product\/3975","targetHints":{"allow":["GET"]}}],"collection":[{"href":"https:\/\/vapestornado.com\/ro\/wp-json\/wp\/v2\/product"}],"about":[{"href":"https:\/\/vapestornado.com\/ro\/wp-json\/wp\/v2\/types\/product"}],"replies":[{"embeddable":true,"href":"https:\/\/vapestornado.com\/ro\/wp-json\/wp\/v2\/comments?post=3975"}],"wp:featuredmedia":[{"embeddable":true,"href":"https:\/\/vapestornado.com\/ro\/wp-json\/wp\/v2\/media\/3959"}],"wp:attachment":[{"href":"https:\/\/vapestornado.com\/ro\/wp-json\/wp\/v2\/media?parent=3975"}],"wp:term":[{"taxonomy":"product_brand","embeddable":true,"href":"https:\/\/vapestornado.com\/ro\/wp-json\/wp\/v2\/product_brand?post=3975"},{"taxonomy":"product_cat","embeddable":true,"href":"https:\/\/vapestornado.com\/ro\/wp-json\/wp\/v2\/product_cat?post=3975"},{"taxonomy":"product_tag","embeddable":true,"href":"https:\/\/vapestornado.com\/ro\/wp-json\/wp\/v2\/product_tag?post=3975"}],"curies":[{"name":"wp","href":"https:\/\/api.w.org\/{rel}","templated":true}]}}