{"id":3974,"date":"2025-03-24T07:31:30","date_gmt":"2025-03-24T07:31:30","guid":{"rendered":"https:\/\/vapestornado.com\/?post_type=product&#038;p=3974"},"modified":"2025-08-23T10:38:02","modified_gmt":"2025-08-23T10:38:02","slug":"vopk-shisha-hookah-20000-puffs-disposable-vapes-bar-best-flavor-wholesale","status":"publish","type":"product","link":"https:\/\/vapestornado.com\/ro\/product\/vopk-shisha-hookah-20000-puffs-disposable-vapes-bar-best-flavor-wholesale\/","title":{"rendered":"Vopk Shisha Hookah 20000 Puff-uri Vape-uri de Unic\u0103 Folosin\u021b\u0103 Bar Cel Mai Bun Aroma V\u00e2nzare cu Ridicata"},"content":{"rendered":"<h1 data-pm-slice=\"1 1 []\">Vopk Shisha Hookah 20000 Puff-uri Vape-uri de Unic\u0103 Folosin\u021b\u0103 Bar Cel Mai Bun Aroma V\u00e2nzare cu Ridicata<\/h1>\n<p data-start=\"272\" data-end=\"577\">Sistemul <strong data-start=\"276\" data-end=\"319\">Vopk Shisha Hookah 20000 Pufuri Vaporizator Bar<\/strong> este proiectat pentru angrosi\u0219ti \u0219i comercian\u021bi cu am\u0103nuntul care caut\u0103 un dispozitiv de mare capacitate, cu un apel puternic la entuzia\u0219tii de shisha \u0219i narghilea. Livr\u00e2nd p\u00e2n\u0103 la <strong data-start=\"467\" data-end=\"483\">20.000 de pufuri<\/strong> de la un <strong data-start=\"491\" data-end=\"513\">rezervor de e-lichid de 28 ml<\/strong>, ofer\u0103 o utilizare de lung\u0103 durat\u0103 \u0219i un poten\u021bial excelent de rev\u00e2nzare.<\/p>\n<p data-start=\"579\" data-end=\"910\">Construit cu un <strong data-start=\"592\" data-end=\"610\">Rezisten\u021b\u0103 mesh de 0.6\u03a9<\/strong>, dispozitivul produce vapori den\u0219i \u0219i arom\u0103 \u00eembun\u0103t\u0103\u021bit\u0103, f\u0103c\u00e2ndu-l ideal pentru <strong data-start=\"685\" data-end=\"706\">stiluri de vaping DTL<\/strong>. Acesta <strong data-start=\"712\" data-end=\"738\">ecran digital de afi\u0219are<\/strong> \u021bine utilizatorii la curent at\u00e2t cu durata de via\u021b\u0103 a bateriei, c\u00e2t \u0219i cu nivelurile de e-lichid, \u00een timp ce <strong data-start=\"811\" data-end=\"842\">baterie re\u00eenc\u0103rcabil\u0103 de 850mAh<\/strong> cu <strong data-start=\"848\" data-end=\"867\">\u00eenc\u0103rcare de tip C<\/strong> asigur\u0103 o putere constant\u0103 pe tot parcursul zilei.<\/p>\n<p data-start=\"912\" data-end=\"1205\">Sistemul <strong data-start=\"916\" data-end=\"953\">designul dual-color inspirat de shisha<\/strong> ofer\u0103 Vopk 20K un aspect unic, care iese \u00een eviden\u021b\u0103 \u00een magazine, \u00een timp ce o mare varietate de op\u021biuni de arom\u0103 - de la fructat la \u00eenghe\u021bat - garanteaz\u0103 ceva pentru fiecare client. Compact \u0219i u\u0219or de transportat, este o alegere versatil\u0103 pentru utilizarea zilnic\u0103 sau distribu\u021bia cu ridicata.<\/p>\n<p data-start=\"1207\" data-end=\"1393\">Pentru distribuitorii europeni, <strong data-start=\"1238\" data-end=\"1271\">Vopk Shisha Hookah 20000 Vapori<\/strong> combin\u0103 durabilitatea, performan\u021ba \u0219i <strong data-start=\"1310\" data-end=\"1343\">pre\u021buri competitive de v\u00e2nzare cu ridicata<\/strong>, f\u0103c\u00e2ndu-l o op\u021biune profitabil\u0103 pentru comenzile \u00een vrac.<\/p>\n<p data-start=\"666\" data-end=\"1235\"><strong style=\"font-size: 16px;\"><span style=\"color: #ff0000;\">Adaug\u0103-o pe Amy pe WhatsApp pentru a ob\u021bine un r\u0103spuns rapid \u0219i un pre\u021b redus!<\/span><\/strong><\/p>\n<p><img fetchpriority=\"high\" decoding=\"async\" class=\"size-full wp-image-2932\" src=\"https:\/\/vapestornado.com\/wp-content\/uploads\/2024\/12\/Vape-Wholesale.jpg\" alt=\"\u021aig\u0103ri electronice cu ridicata\" width=\"229\" height=\"300\" \/><\/p>\n<h3><a href=\"https:\/\/wa.me\/8617776015835\" target=\"_blank\" rel=\"noopener\"><span style=\"color: #ff0000;\"><strong>WhatsApp: +86 17776015835<\/strong><\/span><\/a><\/h3>\n<p>&nbsp;<\/p>\n<h2><strong>Vopk Shisha Hookah 20000 Vape Bar Caracteristici cheie ale produsului<\/strong><\/h2>\n<p>Brand: VOPK BAR<br \/>\nPufuri: 20000 Pufuri<br \/>\nPotrivit pentru: To\u021bi&gt;18<br \/>\nCapacitate: 28ml<br \/>\nPufuri: 20000pufuri<br \/>\nBaterie: 850mAh<br \/>\nNicotin\u0103: 0%\/2%\/3%\/5% Sare de nicotin\u0103<br \/>\nRezisten\u021b\u0103: 1.0ohm coil mesh<br \/>\nEcran digital pentru e-lichid \u0219i baterie<br \/>\nPachet: Cutie individual\u0103 de ambalare<\/p>\n<h2 class=\"product-title\"><strong>Vopk Shisha Hookah 20000 Pen-uri de unic\u0103 folosin\u021b\u0103, Lista arome<\/strong><\/h2>\n<article class=\"w-full text-token-text-primary focus-visible:outline-2 focus-visible:outline-offset-[-4px]\" dir=\"auto\" data-testid=\"conversation-turn-32\" data-scroll-anchor=\"false\">\n<div class=\"m-auto text-base py-[18px] px-6\">\n<div class=\"mx-auto flex flex-1 text-base gap-4 md:gap-5 lg:gap-6 md:max-w-3xl lg:max-w-[40rem] xl:max-w-[48rem]\">\n<div class=\"group\/conversation-turn relative flex w-full min-w-0 flex-col @xs\/thread:px-0 @sm\/thread:px-1.5 @md\/thread:px-4\">\n<div class=\"flex-col gap-1 md:gap-3\">\n<div class=\"flex max-w-full flex-col flex-grow\">\n<div class=\"min-h-8 text-message flex w-full flex-col items-end gap-2 whitespace-normal break-words text-start [.text-message+&amp;]:mt-5\" dir=\"auto\" data-message-author-role=\"user\" data-message-id=\"ffac41ca-1db4-431b-873a-32c4052956f1\">\n<div class=\"flex w-full flex-col gap-1 empty:hidden items-end rtl:items-start\">\n<div class=\"relative max-w-[var(--user-chat-width,70%)] rounded-3xl bg-token-message-surface px-5 py-2.5\">\n<div class=\"absolute bottom-0 right-full top-0 -mr-3.5 hidden pr-5 pt-2 [.group\/conversation-turn:hover_&amp;]:flex\">\n<div class=\"flex\">\n<article class=\"w-full text-token-text-primary focus-visible:outline-2 focus-visible:outline-offset-[-4px]\" dir=\"auto\" data-testid=\"conversation-turn-39\" data-scroll-anchor=\"true\">\n<div class=\"m-auto text-base py-[18px] px-6\">\n<div class=\"mx-auto flex flex-1 text-base gap-4 md:gap-5 lg:gap-6 md:max-w-3xl lg:max-w-[40rem] xl:max-w-[48rem]\">\n<div class=\"group\/conversation-turn relative flex w-full min-w-0 flex-col agent-turn @xs\/thread:px-0 @sm\/thread:px-1.5 @md\/thread:px-4\">\n<div class=\"flex-col gap-1 md:gap-3\">\n<div class=\"flex max-w-full flex-col flex-grow\">\n<div class=\"min-h-8 text-message flex w-full flex-col items-end gap-2 whitespace-normal break-words text-start [.text-message+&amp;]:mt-5\" dir=\"auto\" data-message-author-role=\"assistant\" data-message-id=\"55a23854-ec57-48dd-bd4f-6118f43d6241\" data-message-model-slug=\"gpt-4o\">\n<div class=\"flex w-full flex-col gap-1 empty:hidden first:pt-[3px]\">\n<div class=\"markdown prose w-full break-words dark:prose-invert light\">\n<p>1.Afine cu ghea\u021b\u0103<br \/>\n2.C\u0103p\u0219uni kiwi<br \/>\n3.Fructe de p\u0103dure mixte<br \/>\n4. C\u0103p\u0219uni \u0219i pepene verde<br \/>\n5. Pepene verde cu ghea\u021b\u0103<br \/>\n6.Piersic\u0103 mango ananas<br \/>\n7.Afine zmeur\u0103<br \/>\n8.Bomboane cu c\u0103p\u0219uni zmeur\u0103<br \/>\n9.Pepene ro\u0219u cire\u0219e<br \/>\n10.Coac\u0103ze negre ghea\u021b\u0103<\/p>\n<\/div>\n<figure id=\"attachment_3966\" aria-describedby=\"caption-attachment-3966\" style=\"width: 800px\" class=\"wp-caption alignnone\"><img decoding=\"async\" class=\"wp-image-3966 size-full\" src=\"https:\/\/vapestornado.com\/wp-content\/uploads\/2025\/03\/VOPK-Shisha-Hookah-BAR-Disposable-Vape-Wholesale.jpg\" alt=\"VOPK Shisha Narghilea BAR \u021aigar\u0103 electronic\u0103 de unic\u0103 folosin\u021b\u0103 en-gros\" width=\"800\" height=\"957\" srcset=\"https:\/\/vapestornado.com\/wp-content\/uploads\/2025\/03\/VOPK-Shisha-Hookah-BAR-Disposable-Vape-Wholesale.jpg 800w, https:\/\/vapestornado.com\/wp-content\/uploads\/2025\/03\/VOPK-Shisha-Hookah-BAR-Disposable-Vape-Wholesale-251x300.jpg 251w, https:\/\/vapestornado.com\/wp-content\/uploads\/2025\/03\/VOPK-Shisha-Hookah-BAR-Disposable-Vape-Wholesale-768x919.jpg 768w, https:\/\/vapestornado.com\/wp-content\/uploads\/2025\/03\/VOPK-Shisha-Hookah-BAR-Disposable-Vape-Wholesale-600x718.jpg 600w\" sizes=\"(max-width: 800px) 100vw, 800px\" \/><figcaption id=\"caption-attachment-3966\" class=\"wp-caption-text\">VOPK Shisha Narghilea BAR \u021aigar\u0103 electronic\u0103 de unic\u0103 folosin\u021b\u0103 en-gros<\/figcaption><\/figure>\n<\/div>\n<\/div>\n<\/div>\n<\/div>\n<\/div>\n<\/div>\n<\/div>\n<\/article>\n<\/div>\n<\/div>\n<\/div>\n<\/div>\n<\/div>\n<\/div>\n<\/div>\n<\/div>\n<\/div>\n<\/div>\n<\/article>\n<h2 data-start=\"86\" data-end=\"129\">Compara\u021bie Seria Vopk (Ghid pentru angrosi\u0219ti)<\/h2>\n<p data-start=\"131\" data-end=\"155\"><strong data-start=\"131\" data-end=\"153\">Vopk Cool Bar 9000<\/strong><\/p>\n<ul data-start=\"156\" data-end=\"462\">\n<li data-start=\"156\" data-end=\"172\">\n<p data-start=\"158\" data-end=\"172\">Puffs: 9.000<\/p>\n<\/li>\n<li data-start=\"173\" data-end=\"205\">\n<p data-start=\"175\" data-end=\"205\">Baterie: 600mAh re\u00eenc\u0103rcabil\u0103<\/p>\n<\/li>\n<li data-start=\"206\" data-end=\"233\">\n<p data-start=\"208\" data-end=\"233\">Capacitate e-lichid: 16ml<\/p>\n<\/li>\n<li data-start=\"234\" data-end=\"258\">\n<p data-start=\"236\" data-end=\"258\">Tip bobin\u0103: 1.0\u03a9 Mesh<\/p>\n<\/li>\n<li data-start=\"259\" data-end=\"322\">\n<p data-start=\"261\" data-end=\"322\">Caracteristici cheie: Flux de aer reglabil, suport\u0103 MTL<\/p>\n<\/li>\n<li data-start=\"323\" data-end=\"395\">\n<p data-start=\"325\" data-end=\"395\">Clien\u021bi \u021bint\u0103: Utilizatori ocazionali, cump\u0103r\u0103tori de prob\u0103, proprietari de magazine mici<\/p>\n<\/li>\n<li data-start=\"396\" data-end=\"462\">\n<p data-start=\"398\" data-end=\"462\">Cuvinte cheie pentru v\u00e2nz\u0103ri angro: Vape de unic\u0103 folosin\u021b\u0103 9K, kit vape pen angro<\/p>\n<\/li>\n<\/ul>\n<hr data-start=\"464\" data-end=\"467\" \/>\n<p data-start=\"469\" data-end=\"499\"><strong data-start=\"469\" data-end=\"497\">Vopk Shisha Hookah 20000<\/strong><\/p>\n<ul data-start=\"500\" data-end=\"814\">\n<li data-start=\"500\" data-end=\"517\">\n<p data-start=\"502\" data-end=\"517\">Pufuri: 20.000<\/p>\n<\/li>\n<li data-start=\"518\" data-end=\"550\">\n<p data-start=\"520\" data-end=\"550\">Baterie: 850mAh re\u00eenc\u0103rcabil\u0103<\/p>\n<\/li>\n<li data-start=\"551\" data-end=\"578\">\n<p data-start=\"553\" data-end=\"578\">Capacitate e-lichid: 28ml<\/p>\n<\/li>\n<li data-start=\"579\" data-end=\"603\">\n<p data-start=\"581\" data-end=\"603\">Tip bobin\u0103: 0.6\u03a9 Mesh<\/p>\n<\/li>\n<li data-start=\"604\" data-end=\"680\">\n<p data-start=\"606\" data-end=\"680\">Caracteristici cheie: Design \u00een stil shisha, afi\u0219aj digital, ideal pentru vaping DTL<\/p>\n<\/li>\n<li data-start=\"681\" data-end=\"746\">\n<p data-start=\"683\" data-end=\"746\">Clien\u021bi \u021bint\u0103: Pasiona\u021bi de narghilea, magazine de vape de dimensiuni medii<\/p>\n<\/li>\n<li data-start=\"747\" data-end=\"814\">\n<p data-start=\"749\" data-end=\"814\">Cuvinte cheie pentru v\u00e2nz\u0103ri angro: Bar vape shisha 20K, stil narghilea angro<\/p>\n<\/li>\n<\/ul>\n<hr data-start=\"816\" data-end=\"819\" \/>\n<p data-start=\"821\" data-end=\"840\"><strong data-start=\"821\" data-end=\"838\">Vopk 60K 3\u00een1<\/strong><\/p>\n<ul data-start=\"841\" data-end=\"1208\">\n<li data-start=\"841\" data-end=\"866\">\n<p data-start=\"843\" data-end=\"866\">Pufuri: 60.000 (3\u00d720K)<\/p>\n<\/li>\n<li data-start=\"867\" data-end=\"899\">\n<p data-start=\"869\" data-end=\"899\">Baterie: 950mAh re\u00eenc\u0103rcabil\u0103<\/p>\n<\/li>\n<li data-start=\"900\" data-end=\"948\">\n<p data-start=\"902\" data-end=\"948\">Capacitate e-lichid: 3 rezervoare separate (20ml\u00d73)<\/p>\n<\/li>\n<li data-start=\"949\" data-end=\"973\">\n<p data-start=\"951\" data-end=\"973\">Tip bobin\u0103: Dual Mesh<\/p>\n<\/li>\n<li data-start=\"974\" data-end=\"1059\">\n<p data-start=\"976\" data-end=\"1059\">Caracteristici cheie: Sistem de comutare cu 3 arome, conceput pentru utilizare pe termen lung<\/p>\n<\/li>\n<li data-start=\"1060\" data-end=\"1135\">\n<p data-start=\"1062\" data-end=\"1135\">Clien\u021bi \u021bint\u0103: Utilizatori intensivi, distribuitori mari, canale cu marj\u0103 mare<\/p>\n<\/li>\n<li data-start=\"1136\" data-end=\"1208\">\n<p data-start=\"1138\" data-end=\"1208\">Cuvinte cheie pentru v\u00e2nz\u0103ri angro: Vape 60K 3in1 angro, vape-uri re\u00eenc\u0103rcabile \u00een vrac<\/p>\n<\/li>\n<\/ul>\n<div class=\"flex-shrink-0 flex flex-col relative items-end\">\n<div class=\"pt-0\">\n<div class=\"gizmo-bot-avatar flex h-8 w-8 items-center justify-center overflow-hidden rounded-full\">\n<div class=\"relative p-1 rounded-sm flex items-center justify-center bg-token-main-surface-primary text-token-text-primary h-8 w-8\">\n<p data-start=\"559\" data-end=\"933\" data-is-last-node=\"\" data-is-only-node=\"\">Avem, de asemenea, alte vape-uri populare cu ecran, cum ar fi<em> <a href=\"https:\/\/vapestornado.com\/ro\/product\/mesii-couple-50k-disposable-shisha-hookah-50000-puffs-vape-with-digital-display\/\">Mesii cuplu 50000<\/a>, <a href=\"https:\/\/vapestornado.com\/ro\/product\/vopk-ultra-40000-puffs-2-in-1-digital-screen-rechargeable-disposable-vape\/\">VOPK 40000 Pufuri Vape de Unic\u0103 Folosin\u021b\u0103<\/a>, <a href=\"https:\/\/vapestornado.com\/ro\/product\/bang-beach-22000-20k-puff-disposable-vape-pen-with-screen-reddit-hot\/\">Bang Beach 22000<\/a>,<\/em> \u0219i altele.<\/p>\n<\/div>\n<div class=\"relative p-1 rounded-sm flex items-center justify-center bg-token-main-surface-primary text-token-text-primary h-8 w-8\">\n<h3>\u00ceNTREB\u0102RI FRECVENTE<\/h3>\n<p><strong>1. C\u00e2t timp dureaz\u0103 s\u0103 devii dependent de o \u021bigar\u0103 electronic\u0103 de unic\u0103 folosin\u021b\u0103?<\/strong><br \/>\nDependen\u021ba de nicotin\u0103 depinde de factori precum frecven\u021ba utiliz\u0103rii, concentra\u021bia de nicotin\u0103 \u0219i fiziologia individual\u0103. \u021aigaretele electronice de unic\u0103 folosin\u021b\u0103 cu nicotin\u0103 (cum ar fi\u00a0<strong>Vopk Shisha Narghilea 20000 Pufuri<\/strong>) pot duce la dependen\u021b\u0103 dac\u0103 sunt folosite regulat. Pentru a minimiza riscurile, lua\u021bi \u00een considerare utilizarea unor niveluri mai sc\u0103zute de nicotin\u0103 (0%, 2% sau 3%) sau a op\u021biunilor f\u0103r\u0103 nicotin\u0103. Vapa\u021bi \u00eentotdeauna \u00een mod responsabil.<\/p>\n<p><strong>2. C\u00e2t timp dureaz\u0103 s\u0103 se \u00eencarce o \u021bigar\u0103 electronic\u0103 de unic\u0103 folosin\u021b\u0103 cu 20000 de pufuri?<\/strong><br \/>\nPentru \u021big\u0103rile electronice de unic\u0103 folosin\u021b\u0103 re\u00eenc\u0103rcabile, precum\u00a0<strong>Vopk Shisha Narghilea 20000 Pufuri<\/strong>, timpul de \u00eenc\u0103rcare depinde de capacitatea bateriei. Cu un\u00a0<strong>baterie de 850mAh<\/strong>\u00a0si\u00a0<strong>\u00eenc\u0103rcare de tip C<\/strong>, de obicei, dureaz\u0103 aproximativ\u00a0<strong>60-90 de minute<\/strong>\u00a0pentru a se \u00eenc\u0103rca complet. Ecranul\u00a0<strong>ecranul afi\u0219ajului digital<\/strong>\u00a0va afi\u0219a progresul \u00eenc\u0103rc\u0103rii, astfel \u00eenc\u00e2t s\u0103 \u0219ti\u021bi c\u00e2nd este gata.<\/p>\n<p><strong>3. Pot aduce o \u021bigar\u0103 electronic\u0103 \u00een avion \u00een Rom\u00e2nia?<\/strong><br \/>\nDa, pute\u021bi aduce o \u021bigar\u0103 electronic\u0103 \u00een avion \u00een Rom\u00e2nia, dar trebuie s\u0103 fie a\u0219ezat\u0103 \u00een\u00a0<strong>bagajul de m\u00e2n\u0103<\/strong>. \u021aig\u0103rile electronice sunt\u00a0<strong>nu sunt permise \u00een bagajul de cal\u0103<\/strong>\u00a0datorit\u0103 reglement\u0103rilor de siguran\u021b\u0103 pentru bateriile litiu-ion. Asigura\u021bi-v\u0103 c\u0103 dispozitivul este oprit \u0219i depozitat \u00een siguran\u021b\u0103. Verifica\u021bi cu compania aerian\u0103 pentru ghiduri specifice, deoarece unele pot avea restric\u021bii suplimentare.<\/p>\n<p><strong>4. Cum \u0219tiu c\u00e2nd \u021bigara mea electronic\u0103 de unic\u0103 folosin\u021b\u0103 este goal\u0103?<\/strong><br \/>\nVe\u021bi \u0219ti c\u0103 \u021bigara electronic\u0103 de unic\u0103 folosin\u021b\u0103 este goal\u0103 atunci c\u00e2nd:<\/p>\n<ul>\n<li><strong>Produc\u021bia de vapori scade:<\/strong>\u00a0Ve\u021bi observa o cantitate semnificativ mai mic\u0103 de vapori la inhalare.<\/li>\n<li><strong>Gust de ars:<\/strong>\u00a0Un gust de ars sau nepl\u0103cut indic\u0103 faptul c\u0103 e-lichidul este epuizat.<\/li>\n<li><strong>F\u0103r\u0103 arom\u0103:<\/strong>\u00a0Dac\u0103 aroma scade sau dispare, este un semn c\u0103 cartu\u0219ul este gol.<\/li>\n<li><strong>Afi\u0219aj pe ecran:<\/strong>\u00a0Dispozitivele precum\u00a0<strong>Vopk Shisha Narghilea 20000 Pufuri<\/strong>\u00a0au un\u00a0<strong>ecranul afi\u0219ajului digital<\/strong>\u00a0care arat\u0103 nivelurile de e-lichid, f\u0103c\u00e2nd u\u0219or de monitorizat c\u00e2nd dispozitivul este pe cale s\u0103 se termine.<\/li>\n<\/ul>\n<p>Odat\u0103 ce dispozitivul nu mai produce vapori sau aroma a disp\u0103rut, este timpul s\u0103 \u00eel arunca\u021bi \u00een mod responsabil.<\/p>\n<\/div>\n<\/div>\n<\/div>\n<\/div>","protected":false},"excerpt":{"rendered":"<p data-start=\"1433\" data-end=\"1606\">Sistemul <strong data-start=\"1437\" data-end=\"1480\">Vopk Shisha Hookah 20000 Pufuri Vaporizator Bar<\/strong> ofer\u0103 vapori DTL, 28 ml de e-lichid \u0219i un ecran digital. O op\u021biune elegant\u0103, re\u00eenc\u0103rcabil\u0103 pentru <strong data-start=\"1573\" data-end=\"1603\">cump\u0103r\u0103tori en-gros din Europa<\/strong>.<\/p>\n<p><strong>Ad\u0103uga\u021bi-o pe Amy pe WhatsApp pentru a ob\u021bine un r\u0103spuns corect \u0219i un pre\u021b redus!<\/strong><\/p>\n<p><img fetchpriority=\"high\" decoding=\"async\" class=\"size-full wp-image-2932\" src=\"https:\/\/vapestornado.com\/wp-content\/uploads\/2024\/12\/Vape-Wholesale.jpg\" alt=\"\u021aig\u0103ri electronice cu ridicata\" width=\"229\" height=\"300\" \/><\/p>\n<h3><a href=\"https:\/\/wa.me\/8617776015835\"><span style=\"color: #ff0000;\"><strong>WhatsApp: +86 17776015835<\/strong><\/span><\/a><\/h3>\n<p>&nbsp;<\/p>","protected":false},"featured_media":3965,"comment_status":"open","ping_status":"closed","template":"","meta":{"_acf_changed":false,"_uag_custom_page_level_css":"","_lmt_disableupdate":"no","_lmt_disable":"","_monsterinsights_skip_tracking":false,"_monsterinsights_sitenote_active":false,"_monsterinsights_sitenote_note":"","_monsterinsights_sitenote_category":0,"site-sidebar-layout":"default","site-content-layout":"","ast-site-content-layout":"default","site-content-style":"default","site-sidebar-style":"default","ast-global-header-display":"","ast-banner-title-visibility":"","ast-main-header-display":"","ast-hfb-above-header-display":"","ast-hfb-below-header-display":"","ast-hfb-mobile-header-display":"","site-post-title":"","ast-breadcrumbs-content":"","ast-featured-img":"","footer-sml-layout":"","ast-disable-related-posts":"","theme-transparent-header-meta":"default","adv-header-id-meta":"","stick-header-meta":"","header-above-stick-meta":"","header-main-stick-meta":"","header-below-stick-meta":"","astra-migrate-meta-layouts":"set","ast-page-background-enabled":"default","ast-page-background-meta":{"desktop":{"background-color":"","background-image":"","background-repeat":"repeat","background-position":"center center","background-size":"auto","background-attachment":"scroll","background-type":"","background-media":"","overlay-type":"","overlay-color":"","overlay-opacity":"","overlay-gradient":""},"tablet":{"background-color":"","background-image":"","background-repeat":"repeat","background-position":"center center","background-size":"auto","background-attachment":"scroll","background-type":"","background-media":"","overlay-type":"","overlay-color":"","overlay-opacity":"","overlay-gradient":""},"mobile":{"background-color":"","background-image":"","background-repeat":"repeat","background-position":"center center","background-size":"auto","background-attachment":"scroll","background-type":"","background-media":"","overlay-type":"","overlay-color":"","overlay-opacity":"","overlay-gradient":""}},"ast-content-background-meta":{"desktop":{"background-color":"var(--ast-global-color-5)","background-image":"","background-repeat":"repeat","background-position":"center center","background-size":"auto","background-attachment":"scroll","background-type":"","background-media":"","overlay-type":"","overlay-color":"","overlay-opacity":"","overlay-gradient":""},"tablet":{"background-color":"var(--ast-global-color-5)","background-image":"","background-repeat":"repeat","background-position":"center center","background-size":"auto","background-attachment":"scroll","background-type":"","background-media":"","overlay-type":"","overlay-color":"","overlay-opacity":"","overlay-gradient":""},"mobile":{"background-color":"var(--ast-global-color-5)","background-image":"","background-repeat":"repeat","background-position":"center center","background-size":"auto","background-attachment":"scroll","background-type":"","background-media":"","overlay-type":"","overlay-color":"","overlay-opacity":"","overlay-gradient":""}},"_joinchat":{"telephone":"17776015835"}},"product_brand":[],"product_cat":[69,152,158,142,147,290],"product_tag":[165,291,287,94,292],"class_list":{"0":"post-3974","1":"product","2":"type-product","3":"status-publish","4":"has-post-thumbnail","6":"product_cat-20000-puff","7":"product_cat-buy-disposable-vapes-in-cermany","8":"product_cat-buy-disposable-vapes-in-spain","9":"product_cat-digital-box-disposable-vapes","10":"product_cat-shisha-hookah-disposable-vapes","11":"product_cat-vopk-vape","12":"product_tag-cheap-vapes","13":"product_tag-disposable-shisha-hookah","14":"product_tag-disposable-vape-pen","15":"product_tag-rechargeable-disposable-vape","16":"product_tag-vopk-shisha-bar-20000","17":"desktop-align-left","18":"tablet-align-left","19":"mobile-align-left","21":"first","22":"instock","23":"sale","24":"shipping-taxable","25":"purchasable","26":"product-type-simple"},"acf":[],"uagb_featured_image_src":{"full":["https:\/\/vapestornado.com\/wp-content\/uploads\/2025\/03\/VOPK-Shisha-Hookah-Bar-20000-Puffs.png",800,800,false],"thumbnail":["https:\/\/vapestornado.com\/wp-content\/uploads\/2025\/03\/VOPK-Shisha-Hookah-Bar-20000-Puffs-150x150.png",150,150,true],"medium":["https:\/\/vapestornado.com\/wp-content\/uploads\/2025\/03\/VOPK-Shisha-Hookah-Bar-20000-Puffs-300x300.png",300,300,true],"medium_large":["https:\/\/vapestornado.com\/wp-content\/uploads\/2025\/03\/VOPK-Shisha-Hookah-Bar-20000-Puffs-768x768.png",768,768,true],"large":["https:\/\/vapestornado.com\/wp-content\/uploads\/2025\/03\/VOPK-Shisha-Hookah-Bar-20000-Puffs.png",800,800,false],"1536x1536":["https:\/\/vapestornado.com\/wp-content\/uploads\/2025\/03\/VOPK-Shisha-Hookah-Bar-20000-Puffs.png",800,800,false],"2048x2048":["https:\/\/vapestornado.com\/wp-content\/uploads\/2025\/03\/VOPK-Shisha-Hookah-Bar-20000-Puffs.png",800,800,false],"trp-custom-language-flag":["https:\/\/vapestornado.com\/wp-content\/uploads\/2025\/03\/VOPK-Shisha-Hookah-Bar-20000-Puffs.png",12,12,false],"woocommerce_thumbnail":["https:\/\/vapestornado.com\/wp-content\/uploads\/2025\/03\/VOPK-Shisha-Hookah-Bar-20000-Puffs-300x300.png",300,300,true],"woocommerce_single":["https:\/\/vapestornado.com\/wp-content\/uploads\/2025\/03\/VOPK-Shisha-Hookah-Bar-20000-Puffs-600x600.png",600,600,true],"woocommerce_gallery_thumbnail":["https:\/\/vapestornado.com\/wp-content\/uploads\/2025\/03\/VOPK-Shisha-Hookah-Bar-20000-Puffs-100x100.png",100,100,true]},"uagb_author_info":{"display_name":"ESAMY","author_link":"https:\/\/vapestornado.com\/ro\/author\/"},"uagb_comment_info":0,"uagb_excerpt":"The Vopk Shisha Hookah 20000 Puffs Vape Bar delivers DTL vapor, 28ml e-liquid, and a digital screen. A stylish, rechargeable option for wholesale buyers in Europe. Add Amy's whatsapp to get right reply and discount price! WhatsApp: +86 17776015835 &nbsp;","_links":{"self":[{"href":"https:\/\/vapestornado.com\/ro\/wp-json\/wp\/v2\/product\/3974","targetHints":{"allow":["GET"]}}],"collection":[{"href":"https:\/\/vapestornado.com\/ro\/wp-json\/wp\/v2\/product"}],"about":[{"href":"https:\/\/vapestornado.com\/ro\/wp-json\/wp\/v2\/types\/product"}],"replies":[{"embeddable":true,"href":"https:\/\/vapestornado.com\/ro\/wp-json\/wp\/v2\/comments?post=3974"}],"wp:featuredmedia":[{"embeddable":true,"href":"https:\/\/vapestornado.com\/ro\/wp-json\/wp\/v2\/media\/3965"}],"wp:attachment":[{"href":"https:\/\/vapestornado.com\/ro\/wp-json\/wp\/v2\/media?parent=3974"}],"wp:term":[{"taxonomy":"product_brand","embeddable":true,"href":"https:\/\/vapestornado.com\/ro\/wp-json\/wp\/v2\/product_brand?post=3974"},{"taxonomy":"product_cat","embeddable":true,"href":"https:\/\/vapestornado.com\/ro\/wp-json\/wp\/v2\/product_cat?post=3974"},{"taxonomy":"product_tag","embeddable":true,"href":"https:\/\/vapestornado.com\/ro\/wp-json\/wp\/v2\/product_tag?post=3974"}],"curies":[{"name":"wp","href":"https:\/\/api.w.org\/{rel}","templated":true}]}}