{"id":3973,"date":"2025-03-24T07:11:24","date_gmt":"2025-03-24T07:11:24","guid":{"rendered":"https:\/\/vapestornado.com\/?post_type=product&#038;p=3973"},"modified":"2025-12-08T09:05:30","modified_gmt":"2025-12-08T09:05:30","slug":"vopk-cool-9000-puffs-disposable-vapes-bar-puff-9k","status":"publish","type":"product","link":"https:\/\/vapestornado.com\/ro\/product\/vopk-cool-9000-puffs-disposable-vapes-bar-puff-9k\/","title":{"rendered":"Vopk Cool 9000 Puff-uri Vape de unic\u0103 folosin\u021b\u0103 Bar Puff 9K"},"content":{"rendered":"<h1 data-pm-slice=\"1 1 []\">Vopk Cool Bar 9000 pufuri, kit stilou Vapes de unic\u0103 folosin\u021b\u0103, Puff 9K<\/h1>\n<p data-start=\"1124\" data-end=\"1326\"><strong data-start=\"105\" data-end=\"127\">Vopk Cool Bar 9000<\/strong> este un dispozitiv compact, de unic\u0103 folosin\u021b\u0103, construit pentru utilizare zilnic\u0103 \u00eendelungat\u0103, f\u0103r\u0103 a fi voluminos \u00een buzunar. Ofer\u0103 <strong data-start=\"226\" data-end=\"247\">p\u00e2n\u0103 la 9.000 de pufuri<\/strong> de la un <strong data-start=\"255\" data-end=\"279\">rezervor preumplut de 16ml<\/strong>, sus\u021binut de o <strong data-start=\"293\" data-end=\"311\">de tip mesh de 1.0\u03a9<\/strong> pentru a asigura arome constante \u0219i o <strong data-start=\"337\" data-end=\"368\">baterie re\u00eenc\u0103rcabil\u0103 Type-C<\/strong> astfel \u00eenc\u00e2t dispozitivul s\u0103 func\u021bioneze at\u00e2t timp c\u00e2t lichidul dureaz\u0103. Fluxul de aer reglabil ofer\u0103 control real asupra stilului de inhalare, de la MTL str\u00e2ns la o senza\u021bie mai deschis\u0103 DTL.<\/p>\n<h3 data-start=\"727\" data-end=\"789\">Ce face VOPK Cool Bar 9000 potrivit pentru tine<\/h3>\n<ul data-start=\"791\" data-end=\"1646\">\n<li data-start=\"791\" data-end=\"982\">\n<p data-start=\"793\" data-end=\"982\"><strong data-start=\"793\" data-end=\"830\">Capacitate care se potrive\u0219te rutinei reale.<\/strong> 9.000 de pufuri \u0219i 16ml de e-lichid sunt suficiente pentru a reduce frecven\u021ba de \u00eenlocuire pentru utilizatorii obi\u0219nui\u021bi, p\u0103str\u00e2nd \u00een acela\u0219i timp dispozitivul u\u0219or \u0219i u\u0219or de transportat.<\/p>\n<\/li>\n<li data-start=\"984\" data-end=\"1144\">\n<p data-start=\"986\" data-end=\"1144\"><strong data-start=\"986\" data-end=\"1025\">Performan\u021b\u0103 a bobinei din plas\u0103 pe care o po\u021bi sim\u021bi.<\/strong> Sistemul <strong data-start=\"1030\" data-end=\"1048\">de tip mesh de 1.0\u03a9<\/strong> se \u00eenc\u0103lze\u0219te uniform \u0219i evit\u0103 gustul ascu\u021bit \u0219i inegal pe care \u00eel dezvolt\u0103 unele dispozitive mici dup\u0103 utilizare intens\u0103.<\/p>\n<\/li>\n<li data-start=\"1146\" data-end=\"1347\">\n<p data-start=\"1148\" data-end=\"1347\"><strong data-start=\"1148\" data-end=\"1182\">Flux de aer pe care \u00eel po\u021bi ajusta efectiv.<\/strong> Fluxul de aer reglabil \u00eenseamn\u0103 c\u0103 decizi cum se comport\u0103 dispozitivul: o inhalare mai str\u00e2ns\u0103 pentru MTL de stil \u021bigar\u0103 sau o tragere mai lejer\u0103 pentru mai mult vapori. Un dispozitiv acoper\u0103 ambele obiceiuri.<\/p>\n<\/li>\n<li data-start=\"1349\" data-end=\"1520\">\n<p data-start=\"1351\" data-end=\"1520\"><strong data-start=\"1351\" data-end=\"1393\">Re\u00eenc\u0103rcabil pentru utilizarea complet\u0103 a rezervorului.<\/strong> Sistemul <strong data-start=\"1398\" data-end=\"1416\">Baterie de 600mAh<\/strong> plus <strong data-start=\"1422\" data-end=\"1446\">\u00eenc\u0103rcare rapid\u0103 de tip C<\/strong> men\u021bine timpul de nefunc\u021bionare scurt \u0219i previne problema obi\u0219nuit\u0103 \u201ebateria se descarc\u0103 prima\u201d.<\/p>\n<\/li>\n<li data-start=\"1522\" data-end=\"1646\">\n<p data-start=\"1524\" data-end=\"1646\"><strong data-start=\"1524\" data-end=\"1553\">Construite pentru purtare zilnic\u0103.<\/strong> Dimensiune compact\u0103, design curat \u0219i f\u0103r\u0103 nevoie de configurare \u2014 scoate-l, vapeaz\u0103, re\u00eencarc\u0103 c\u00e2nd este necesar.<\/p>\n<\/li>\n<\/ul>\n<p data-start=\"666\" data-end=\"1235\"><strong style=\"font-size: 16px;\"><span style=\"color: #ff0000;\">Adaug\u0103-o pe Amy pe WhatsApp pentru a ob\u021bine un r\u0103spuns rapid \u0219i un pre\u021b redus!<\/span><\/strong><\/p>\n<p><img fetchpriority=\"high\" decoding=\"async\" class=\"size-full wp-image-2932\" src=\"https:\/\/vapestornado.com\/wp-content\/uploads\/2024\/12\/Vape-Wholesale.jpg\" alt=\"\u021aig\u0103ri electronice cu ridicata\" width=\"229\" height=\"300\" \/><\/p>\n<h3><a href=\"https:\/\/wa.me\/8617776015835\" target=\"_blank\" rel=\"noopener\"><span style=\"color: #ff0000;\"><strong>WhatsApp: +86 17776015835<\/strong><\/span><\/a><\/h3>\n<p>&nbsp;<\/p>\n<h2><strong>Vopk Cool Bar 9000 Vape Pen Caracteristici Cheie ale Produsului<\/strong><\/h2>\n<table>\n<thead>\n<tr>\n<th>Caracteristic\u0103<\/th>\n<th>Spec<\/th>\n<th>Detalii<\/th>\n<\/tr>\n<\/thead>\n<tbody>\n<tr>\n<td>Brand<\/td>\n<td>VOPK Vape<\/td>\n<td>Parte a liniei Cool Bar destinat\u0103 pie\u021bei europene de dispozitive de unic\u0103 folosin\u021b\u0103 cu cerere mare.<\/td>\n<\/tr>\n<tr>\n<td>Capacitate Pufuri<\/td>\n<td>P\u00e2n\u0103 la 9.000 de pufuri<\/td>\n<td>Destul de lung pentru utilizare de c\u00e2teva zile p\u00e2n\u0103 la c\u00e2teva s\u0103pt\u0103m\u00e2ni, \u00een func\u021bie de ritm.<\/td>\n<\/tr>\n<tr>\n<td>Capacitate E-Lichid<\/td>\n<td>16ml preumplut<\/td>\n<td>Mare pentru dimensiune; suport\u0103 sesiuni extinse f\u0103r\u0103 reumplere.<\/td>\n<\/tr>\n<tr>\n<td>Rezisten\u021b\u0103<\/td>\n<td>1.0\u03a9 Rezisten\u021b\u0103 Mesh<\/td>\n<td>\u00cenc\u0103lzire uniform\u0103 pentru vapori mai netezi \u0219i arom\u0103 mai stabil\u0103.<\/td>\n<\/tr>\n<tr>\n<td>Flux de aer<\/td>\n<td>Reglabil<\/td>\n<td>Comut\u0103 \u00eentre tragerea mai str\u00e2ns\u0103 MTL \u0219i cea mai lejer\u0103 DTL.<\/td>\n<\/tr>\n<tr>\n<td>Baterie<\/td>\n<td>600mAh re\u00eenc\u0103rcabil<\/td>\n<td>Rezultate fiabile zilnic; re\u00eencarc\u0103 \u00een loc s\u0103 arunci mai devreme.<\/td>\n<\/tr>\n<tr>\n<td>\u00cenc\u0103rcare<\/td>\n<td>\u00cenc\u0103rcarea rapid\u0103 Type-C<\/td>\n<td>Reumpleri rapide cu cabluri moderne, larg utilizate \u00een Europa.<\/td>\n<\/tr>\n<\/tbody>\n<\/table>\n<h2 class=\"product-title\"><strong>Vopk Cool Bar 9000 List\u0103 de arome Pen de unic\u0103 folosin\u021b\u0103<\/strong><\/h2>\n<article class=\"w-full text-token-text-primary focus-visible:outline-2 focus-visible:outline-offset-[-4px]\" dir=\"auto\" data-testid=\"conversation-turn-32\" data-scroll-anchor=\"false\">\n<div class=\"m-auto text-base py-[18px] px-6\">\n<div class=\"mx-auto flex flex-1 text-base gap-4 md:gap-5 lg:gap-6 md:max-w-3xl lg:max-w-[40rem] xl:max-w-[48rem]\">\n<div class=\"group\/conversation-turn relative flex w-full min-w-0 flex-col @xs\/thread:px-0 @sm\/thread:px-1.5 @md\/thread:px-4\">\n<div class=\"flex-col gap-1 md:gap-3\">\n<div class=\"flex max-w-full flex-col flex-grow\">\n<div class=\"min-h-8 text-message flex w-full flex-col items-end gap-2 whitespace-normal break-words text-start [.text-message+&amp;]:mt-5\" dir=\"auto\" data-message-author-role=\"user\" data-message-id=\"ffac41ca-1db4-431b-873a-32c4052956f1\">\n<div class=\"flex w-full flex-col gap-1 empty:hidden items-end rtl:items-start\">\n<div class=\"relative max-w-[var(--user-chat-width,70%)] rounded-3xl bg-token-message-surface px-5 py-2.5\">\n<div class=\"absolute bottom-0 right-full top-0 -mr-3.5 hidden pr-5 pt-2 [.group\/conversation-turn:hover_&amp;]:flex\">\n<div class=\"flex\">\n<article class=\"w-full text-token-text-primary focus-visible:outline-2 focus-visible:outline-offset-[-4px]\" dir=\"auto\" data-testid=\"conversation-turn-39\" data-scroll-anchor=\"true\">\n<div class=\"m-auto text-base py-[18px] px-6\">\n<div class=\"mx-auto flex flex-1 text-base gap-4 md:gap-5 lg:gap-6 md:max-w-3xl lg:max-w-[40rem] xl:max-w-[48rem]\">\n<div class=\"group\/conversation-turn relative flex w-full min-w-0 flex-col agent-turn @xs\/thread:px-0 @sm\/thread:px-1.5 @md\/thread:px-4\">\n<div class=\"flex-col gap-1 md:gap-3\">\n<div class=\"flex max-w-full flex-col flex-grow\">\n<div class=\"min-h-8 text-message flex w-full flex-col items-end gap-2 whitespace-normal break-words text-start [.text-message+&amp;]:mt-5\" dir=\"auto\" data-message-author-role=\"assistant\" data-message-id=\"55a23854-ec57-48dd-bd4f-6118f43d6241\" data-message-model-slug=\"gpt-4o\">\n<div class=\"flex w-full flex-col gap-1 empty:hidden first:pt-[3px]\">\n<div class=\"markdown prose w-full break-words dark:prose-invert light\">\n<p>1.Ghea\u021b\u0103 de piersic\u0103<br \/>\n2.Ment\u0103 dubl\u0103<br \/>\n3.L\u0103m\u00e2ie spumant\u0103<br \/>\n4.Struguri cu aloe<br \/>\n5.Struguri cu lychee<br \/>\n6.Ghea\u021b\u0103 de cola<br \/>\n7.Portocal\u0103 acr\u0103<br \/>\n8.Fructe de p\u0103dure amestecate<br \/>\n9. Red Bull Ice<br \/>\n10. Pepene verde cu ghea\u021b\u0103<\/p>\n<figure id=\"attachment_3967\" aria-describedby=\"caption-attachment-3967\" style=\"width: 800px\" class=\"wp-caption alignnone\"><img decoding=\"async\" class=\"wp-image-3967 size-full\" src=\"https:\/\/vapestornado.com\/wp-content\/uploads\/2025\/03\/VOPK-9K-9000-Puff-Disposable-Vape-Pen-Kit.webp\" alt=\"Kit VOPK 9K 9000 Puff Vaporizator de unic\u0103 folosin\u021b\u0103\" width=\"800\" height=\"800\" srcset=\"https:\/\/vapestornado.com\/wp-content\/uploads\/2025\/03\/VOPK-9K-9000-Puff-Disposable-Vape-Pen-Kit.webp 800w, https:\/\/vapestornado.com\/wp-content\/uploads\/2025\/03\/VOPK-9K-9000-Puff-Disposable-Vape-Pen-Kit-300x300.webp 300w, https:\/\/vapestornado.com\/wp-content\/uploads\/2025\/03\/VOPK-9K-9000-Puff-Disposable-Vape-Pen-Kit-150x150.webp 150w, https:\/\/vapestornado.com\/wp-content\/uploads\/2025\/03\/VOPK-9K-9000-Puff-Disposable-Vape-Pen-Kit-768x768.webp 768w, https:\/\/vapestornado.com\/wp-content\/uploads\/2025\/03\/VOPK-9K-9000-Puff-Disposable-Vape-Pen-Kit-600x600.webp 600w, https:\/\/vapestornado.com\/wp-content\/uploads\/2025\/03\/VOPK-9K-9000-Puff-Disposable-Vape-Pen-Kit-100x100.webp 100w\" sizes=\"(max-width: 800px) 100vw, 800px\" \/><figcaption id=\"caption-attachment-3967\" class=\"wp-caption-text\">Kit VOPK 9K 9000 Puff Vaporizator de unic\u0103 folosin\u021b\u0103<\/figcaption><\/figure>\n<\/div>\n<\/div>\n<\/div>\n<\/div>\n<\/div>\n<\/div>\n<\/div>\n<\/div>\n<\/article>\n<\/div>\n<\/div>\n<\/div>\n<\/div>\n<\/div>\n<\/div>\n<\/div>\n<\/div>\n<\/div>\n<\/div>\n<\/article>\n<h3>De ce s\u0103 alegi Vapestornado pentru a cump\u0103ra Vopk Cool Bar 9000?<\/h3>\n<div class=\"flex-shrink-0 flex flex-col relative items-end\">\n<div class=\"pt-0\">\n<div class=\"gizmo-bot-avatar flex h-8 w-8 items-center justify-center overflow-hidden rounded-full\">\n<div class=\"relative p-1 rounded-sm flex items-center justify-center bg-token-main-surface-primary text-token-text-primary h-8 w-8\">\n<p data-start=\"88\" data-end=\"557\">C\u00e2nd vine vorba de <strong data-start=\"105\" data-end=\"154\">\u00a0achizi\u021bionarea de vape-uri de unic\u0103 folosin\u021b\u0103 de \u00eenalt\u0103 calitate<\/strong>, <strong data-start=\"156\" data-end=\"172\">Vapestornado<\/strong> este sursa principal\u0103 pentru pre\u021buri imbatabile de fabric\u0103 <strong data-start=\"208\" data-end=\"271\">livrare rapid\u0103 \u0219i servicii premium pentru clien\u021bi<\/strong>Cump\u0103rarea Vopk Cool Bar 9000 de la Vapestornado \u00eenseamn\u0103 c\u0103 ob\u021bii <strong data-start=\"363\" data-end=\"400\">produse autentice, 100% originale<\/strong> cu cea mai recent\u0103<strong data-start=\"417\" data-end=\"515\"> re\u00eenc\u0103rcare cu Type-C \u0219i o capacitate de 9000 de pufuri<\/strong>\u2014toate la <strong data-start=\"527\" data-end=\"554\">cele mai mici pre\u021buri en-gros<\/strong>.<\/p>\n<p data-start=\"559\" data-end=\"933\" data-is-last-node=\"\" data-is-only-node=\"\">Avem, de asemenea, alte vape-uri populare cu ecran, cum ar fi <a href=\"https:\/\/vapestornado.com\/ro\/product\/mesii-couple-50k-disposable-shisha-hookah-50000-puffs-vape-with-digital-display\/\">Mesii cuplu 50000<\/a>, <a href=\"https:\/\/vapestornado.com\/ro\/product\/vopk-ultra-40000-puffs-2-in-1-digital-screen-rechargeable-disposable-vape\/\">VOPK 40000 Pufuri Vape de Unic\u0103 Folosin\u021b\u0103<\/a>, <a href=\"https:\/\/vapestornado.com\/ro\/product\/bang-beach-22000-20k-puff-disposable-vape-pen-with-screen-reddit-hot\/\">Bang Beach 22000<\/a>, \u0219i altele.<\/p>\n<\/div>\n<div class=\"relative p-1 rounded-sm flex items-center justify-center bg-token-main-surface-primary text-token-text-primary h-8 w-8\">\n<h3>\u00ceNTREB\u0102RI FRECVENTE<\/h3>\n<ol data-start=\"2395\" data-end=\"3557\">\n<li data-start=\"2395\" data-end=\"2643\">\n<p data-start=\"2398\" data-end=\"2643\"><strong data-start=\"2398\" data-end=\"2504\">Cum men\u021bine vape-ul de unic\u0103 folosin\u021b\u0103 Bang Vopk Cool Bar 9000 cu bobin\u0103 din plas\u0103 aroma stabil\u0103 pe cele 9.000 de pufuri?<\/strong><br data-start=\"2504\" data-end=\"2507\" \/>Sistemul <strong data-start=\"2511\" data-end=\"2529\">de tip mesh de 1.0\u03a9<\/strong> distribuie c\u0103ldura mai uniform dec\u00e2t bobinele standard din s\u00e2rm\u0103, reduc\u00e2nd asprimea \u0219i \u00eencetinind sc\u0103derea aromei pe utilizare \u00eendelungat\u0103.<\/p>\n<\/li>\n<li data-start=\"2645\" data-end=\"2867\">\n<p data-start=\"2648\" data-end=\"2867\"><strong data-start=\"2648\" data-end=\"2743\">Este airflow-ul ajustabil al Bang Vopk Cool Bar 9000 util pentru a comuta \u00eentre MTL \u0219i DTL?<\/strong><br data-start=\"2743\" data-end=\"2746\" \/>Da. O airflow mai str\u00e2ns\u0103 ofer\u0103 o tragere de tip \u021bigar\u0103 MTL, \u00een timp ce deschiderea acesteia sus\u021bine o tragere mai lejer\u0103 DTL cu mai mult vapori.<\/p>\n<\/li>\n<li data-start=\"2869\" data-end=\"3098\">\n<p data-start=\"2872\" data-end=\"3098\"><strong data-start=\"2872\" data-end=\"2964\">Vei reu\u0219i s\u0103 termini rezervorul de 16ml cu vape-ul de unic\u0103 folosin\u021b\u0103 Bang Vopk Cool Bar 9K Type-C re\u00eenc\u0103rcabil?<\/strong><br data-start=\"2964\" data-end=\"2967\" \/>Re\u00eenc\u0103rcabilitatea este conceput\u0103 pentru acest scop. Dac\u0103 bateria se descarc\u0103 \u00eenainte ca lichidul s\u0103 se termine, o reumplere rapid\u0103 cu Type-C men\u021bine func\u021bionarea.<\/p>\n<\/li>\n<li data-start=\"3100\" data-end=\"3315\">\n<p data-start=\"3103\" data-end=\"3315\"><strong data-start=\"3103\" data-end=\"3188\">Ce fel de vapori produce stiloul de vapare Bang Vopk Cool Bar 9000 Puffs?<\/strong><br data-start=\"3188\" data-end=\"3191\" \/>A\u0219teapt\u0103-te la un flux de vapori neted \u0219i constant. Cu airflow-ul deschis, densitatea vaporilor cre\u0219te f\u0103r\u0103 ca tragerea s\u0103 devin\u0103 aspr\u0103.<\/p>\n<\/li>\n<li data-start=\"3317\" data-end=\"3557\">\n<p data-start=\"3320\" data-end=\"3557\"><strong data-start=\"3320\" data-end=\"3422\">Este vape-ul compact de unic\u0103 folosin\u021b\u0103 Bang Vopk Cool Bar 9000 potrivit pentru purtare zilnic\u0103 \u0219i utilizare \u00een aer liber?<\/strong><br data-start=\"3422\" data-end=\"3425\" \/>Este construit pentru portabilitate: corp sub\u021bire, f\u0103r\u0103 configurare \u0219i capacitate suficient\u0103 pentru zile lungi petrecute departe de cas\u0103, plus \u00eenc\u0103rcare rapid\u0103 atunci c\u00e2nd este necesar.<\/p>\n<\/li>\n<\/ol>\n<p>&nbsp;<\/p>\n<\/div>\n<\/div>\n<\/div>\n<\/div>","protected":false},"excerpt":{"rendered":"<p class=\"LC20lb MBeuO DKV0Md\"><strong data-start=\"1370\" data-end=\"1398\">Vopk Cool Bar 9000 pufuri<\/strong> este un dispozitiv de unic\u0103 folosin\u021b\u0103 prietenos cu bugetul, cu 9.000 de pufuri, rezervor de 16ml, consisten\u021b\u0103 a bobinei din plas\u0103, flux de aer reglabil \u0219i \u00eenc\u0103rcare Type-C pentru vaping previzibil pe tot parcursul zilei. Este o alegere popular\u0103 pentru <strong data-start=\"1503\" data-end=\"1533\">cump\u0103r\u0103tori en-gros din Europa<\/strong>.<\/p>\n<p><strong>Ad\u0103uga\u021bi-o pe Amy pe WhatsApp pentru a ob\u021bine un r\u0103spuns corect \u0219i un pre\u021b redus!<\/strong><\/p>\n<p><img fetchpriority=\"high\" decoding=\"async\" class=\"size-full wp-image-2932\" src=\"https:\/\/vapestornado.com\/wp-content\/uploads\/2024\/12\/Vape-Wholesale.jpg\" alt=\"\u021aig\u0103ri electronice cu ridicata\" width=\"229\" height=\"300\" \/><\/p>\n<h3><a href=\"https:\/\/wa.me\/8617776015835\"><span style=\"color: #ff0000;\"><strong>WhatsApp: +86 17776015835<\/strong><\/span><\/a><\/h3>\n<p>&nbsp;<\/p>","protected":false},"featured_media":3969,"comment_status":"open","ping_status":"closed","template":"","meta":{"_acf_changed":false,"_uag_custom_page_level_css":"","_lmt_disableupdate":"no","_lmt_disable":"","_monsterinsights_skip_tracking":false,"_monsterinsights_sitenote_active":false,"_monsterinsights_sitenote_note":"","_monsterinsights_sitenote_category":0,"site-sidebar-layout":"default","site-content-layout":"","ast-site-content-layout":"default","site-content-style":"default","site-sidebar-style":"default","ast-global-header-display":"","ast-banner-title-visibility":"","ast-main-header-display":"","ast-hfb-above-header-display":"","ast-hfb-below-header-display":"","ast-hfb-mobile-header-display":"","site-post-title":"","ast-breadcrumbs-content":"","ast-featured-img":"","footer-sml-layout":"","ast-disable-related-posts":"","theme-transparent-header-meta":"default","adv-header-id-meta":"","stick-header-meta":"","header-above-stick-meta":"","header-main-stick-meta":"","header-below-stick-meta":"","astra-migrate-meta-layouts":"set","ast-page-background-enabled":"default","ast-page-background-meta":{"desktop":{"background-color":"","background-image":"","background-repeat":"repeat","background-position":"center center","background-size":"auto","background-attachment":"scroll","background-type":"","background-media":"","overlay-type":"","overlay-color":"","overlay-opacity":"","overlay-gradient":""},"tablet":{"background-color":"","background-image":"","background-repeat":"repeat","background-position":"center center","background-size":"auto","background-attachment":"scroll","background-type":"","background-media":"","overlay-type":"","overlay-color":"","overlay-opacity":"","overlay-gradient":""},"mobile":{"background-color":"","background-image":"","background-repeat":"repeat","background-position":"center center","background-size":"auto","background-attachment":"scroll","background-type":"","background-media":"","overlay-type":"","overlay-color":"","overlay-opacity":"","overlay-gradient":""}},"ast-content-background-meta":{"desktop":{"background-color":"var(--ast-global-color-5)","background-image":"","background-repeat":"repeat","background-position":"center center","background-size":"auto","background-attachment":"scroll","background-type":"","background-media":"","overlay-type":"","overlay-color":"","overlay-opacity":"","overlay-gradient":""},"tablet":{"background-color":"var(--ast-global-color-5)","background-image":"","background-repeat":"repeat","background-position":"center center","background-size":"auto","background-attachment":"scroll","background-type":"","background-media":"","overlay-type":"","overlay-color":"","overlay-opacity":"","overlay-gradient":""},"mobile":{"background-color":"var(--ast-global-color-5)","background-image":"","background-repeat":"repeat","background-position":"center center","background-size":"auto","background-attachment":"scroll","background-type":"","background-media":"","overlay-type":"","overlay-color":"","overlay-opacity":"","overlay-gradient":""}},"_joinchat":{"telephone":"17776015835"}},"product_brand":[],"product_cat":[73,152,144,146,290],"product_tag":[165,287,483,94,289,288],"class_list":{"0":"post-3973","1":"product","2":"type-product","3":"status-publish","4":"has-post-thumbnail","6":"product_cat-9000-puff","7":"product_cat-buy-disposable-vapes-in-cermany","8":"product_cat-low-nicotine-disposable-vapes","9":"product_cat-rechargeable-disposable-vapes","10":"product_cat-vopk-vape","11":"product_tag-cheap-vapes","12":"product_tag-disposable-vape-pen","13":"product_tag-mini-disposable-vape","14":"product_tag-rechargeable-disposable-vape","15":"product_tag-vopk-9000-disposable-bar","16":"product_tag-vopk-cool-bar-9000","17":"desktop-align-left","18":"tablet-align-left","19":"mobile-align-left","21":"first","22":"instock","23":"sale","24":"shipping-taxable","25":"purchasable","26":"product-type-simple"},"acf":[],"uagb_featured_image_src":{"full":["https:\/\/vapestornado.com\/wp-content\/uploads\/2025\/03\/VOPK-Cool-Bar-9000-Puffs-Disposable-Vape-Wholesale.webp",800,800,false],"thumbnail":["https:\/\/vapestornado.com\/wp-content\/uploads\/2025\/03\/VOPK-Cool-Bar-9000-Puffs-Disposable-Vape-Wholesale-150x150.webp",150,150,true],"medium":["https:\/\/vapestornado.com\/wp-content\/uploads\/2025\/03\/VOPK-Cool-Bar-9000-Puffs-Disposable-Vape-Wholesale-300x300.webp",300,300,true],"medium_large":["https:\/\/vapestornado.com\/wp-content\/uploads\/2025\/03\/VOPK-Cool-Bar-9000-Puffs-Disposable-Vape-Wholesale-768x768.webp",768,768,true],"large":["https:\/\/vapestornado.com\/wp-content\/uploads\/2025\/03\/VOPK-Cool-Bar-9000-Puffs-Disposable-Vape-Wholesale.webp",800,800,false],"1536x1536":["https:\/\/vapestornado.com\/wp-content\/uploads\/2025\/03\/VOPK-Cool-Bar-9000-Puffs-Disposable-Vape-Wholesale.webp",800,800,false],"2048x2048":["https:\/\/vapestornado.com\/wp-content\/uploads\/2025\/03\/VOPK-Cool-Bar-9000-Puffs-Disposable-Vape-Wholesale.webp",800,800,false],"trp-custom-language-flag":["https:\/\/vapestornado.com\/wp-content\/uploads\/2025\/03\/VOPK-Cool-Bar-9000-Puffs-Disposable-Vape-Wholesale.webp",12,12,false],"woocommerce_thumbnail":["https:\/\/vapestornado.com\/wp-content\/uploads\/2025\/03\/VOPK-Cool-Bar-9000-Puffs-Disposable-Vape-Wholesale-300x300.webp",300,300,true],"woocommerce_single":["https:\/\/vapestornado.com\/wp-content\/uploads\/2025\/03\/VOPK-Cool-Bar-9000-Puffs-Disposable-Vape-Wholesale-600x600.webp",600,600,true],"woocommerce_gallery_thumbnail":["https:\/\/vapestornado.com\/wp-content\/uploads\/2025\/03\/VOPK-Cool-Bar-9000-Puffs-Disposable-Vape-Wholesale-100x100.webp",100,100,true]},"uagb_author_info":{"display_name":"ESAMY","author_link":"https:\/\/vapestornado.com\/ro\/author\/"},"uagb_comment_info":0,"uagb_excerpt":"Vopk Cool Bar 9000 Puffs is a pocket-friendly 9,000-puff disposable with a 16ml tank, mesh-coil consistency, adjustable airflow, and Type-C rechargeable for predictable all-day vaping. Is popular choice for wholesale buyers in Europe. Add Amy's whatsapp to get right reply and discount price! WhatsApp: +86 17776015835 &nbsp;","_links":{"self":[{"href":"https:\/\/vapestornado.com\/ro\/wp-json\/wp\/v2\/product\/3973","targetHints":{"allow":["GET"]}}],"collection":[{"href":"https:\/\/vapestornado.com\/ro\/wp-json\/wp\/v2\/product"}],"about":[{"href":"https:\/\/vapestornado.com\/ro\/wp-json\/wp\/v2\/types\/product"}],"replies":[{"embeddable":true,"href":"https:\/\/vapestornado.com\/ro\/wp-json\/wp\/v2\/comments?post=3973"}],"wp:featuredmedia":[{"embeddable":true,"href":"https:\/\/vapestornado.com\/ro\/wp-json\/wp\/v2\/media\/3969"}],"wp:attachment":[{"href":"https:\/\/vapestornado.com\/ro\/wp-json\/wp\/v2\/media?parent=3973"}],"wp:term":[{"taxonomy":"product_brand","embeddable":true,"href":"https:\/\/vapestornado.com\/ro\/wp-json\/wp\/v2\/product_brand?post=3973"},{"taxonomy":"product_cat","embeddable":true,"href":"https:\/\/vapestornado.com\/ro\/wp-json\/wp\/v2\/product_cat?post=3973"},{"taxonomy":"product_tag","embeddable":true,"href":"https:\/\/vapestornado.com\/ro\/wp-json\/wp\/v2\/product_tag?post=3973"}],"curies":[{"name":"wp","href":"https:\/\/api.w.org\/{rel}","templated":true}]}}