{"id":3952,"date":"2025-03-22T07:37:46","date_gmt":"2025-03-22T07:37:46","guid":{"rendered":"https:\/\/vapestornado.com\/?post_type=product&#038;p=3952"},"modified":"2025-08-23T12:36:01","modified_gmt":"2025-08-23T12:36:01","slug":"mesii-couple-50k-disposable-shisha-hookah-50000-puffs-vape-with-digital-display","status":"publish","type":"product","link":"https:\/\/vapestornado.com\/ro\/product\/mesii-couple-50k-disposable-shisha-hookah-50000-puffs-vape-with-digital-display\/","title":{"rendered":"Mesii Couple 50k Narghilea de unic\u0103 folosin\u021b\u0103 50000 Puffs Vape cu afi\u0219aj digital"},"content":{"rendered":"<h1 data-pm-slice=\"1 1 []\">Mesii Couple 50k Narghilea de unic\u0103 folosin\u021b\u0103 50000 Puffs Vape cu afi\u0219aj digital<\/h1>\n<p>Sistemul <strong data-start=\"337\" data-end=\"387\">Mesii Couple 50k Vape Narghilea de Unic\u0103 Folosin\u021b\u0103<\/strong> este construit pentru vaperii care doresc at\u00e2t varietate, c\u00e2t \u0219i rezisten\u021b\u0103 \u00eentr-un singur dispozitiv elegant. Oferind p\u00e2n\u0103 la <strong data-start=\"480\" data-end=\"496\">50,000 de pufuri<\/strong>, acest vape narghilea de mare capacitate vine cu un <strong data-start=\"542\" data-end=\"575\">rezervor de e-lichid pre-umplut de 40 ml<\/strong> \u0219i un <strong data-start=\"589\" data-end=\"620\">bateria re\u00eenc\u0103rcabil\u0103 de 800mAh<\/strong> puternic cu \u00eenc\u0103rcare de tip C pentru sesiuni fiabile \u0219i de lung\u0103 durat\u0103.<\/p>\n<p>Cu un <strong data-start=\"700\" data-end=\"719\">afi\u0219aj digital<\/strong>, utilizatorii pot urm\u0103ri cu u\u0219urin\u021b\u0103 nivelurile de e-lichid \u0219i durata de via\u021b\u0103 a bateriei, \u00een timp ce <strong data-start=\"797\" data-end=\"821\">tehnologie mesh coil<\/strong> avansat ofer\u0103 vapori fini \u0219i o arom\u0103 bogat\u0103 constant\u0103. Cu <strong data-start=\"879\" data-end=\"921\">0%, 2%, 3% \u0219i 5%<\/strong>, se potrive\u0219te tuturor preferin\u021belor - de la utilizatori ocazionali p\u00e2n\u0103 la vaperi \u00eenr\u0103i\u021bi.<\/p>\n<p>Alege\u021bi dintre <strong data-start=\"1003\" data-end=\"1043\">10 combina\u021bii interesante de arome duale<\/strong>, cum ar fi Watermelon Ice<\/p>\n<p data-start=\"666\" data-end=\"1235\"><strong style=\"font-size: 16px;\"><span style=\"color: #ff0000;\">Adaug\u0103-o pe Amy pe WhatsApp pentru a ob\u021bine un r\u0103spuns rapid \u0219i un pre\u021b redus!<\/span><\/strong><\/p>\n<p><img fetchpriority=\"high\" decoding=\"async\" class=\"size-full wp-image-2932\" src=\"https:\/\/vapestornado.com\/wp-content\/uploads\/2024\/12\/Vape-Wholesale.jpg\" alt=\"\u021aig\u0103ri electronice cu ridicata\" width=\"229\" height=\"300\" \/><\/p>\n<h3><a href=\"https:\/\/wa.me\/8617776015835\" target=\"_blank\" rel=\"noopener\"><span style=\"color: #ff0000;\"><strong>WhatsApp: +86 17776015835<\/strong><\/span><\/a><\/h3>\n<p>&nbsp;<\/p>\n<h2><strong>Caracteristici cheie ale produsului Mesii Couple 50k Vap\u0103 de unic\u0103 folosin\u021b\u0103 tip narghilea<\/strong><\/h2>\n<p>Brand: Mesii<br \/>\nPuff-uri: 50000 Puff-uri<br \/>\nNic Salt 0% 2% 3% 5%<br \/>\nCapacitate: 40ml<br \/>\nRezisten\u021b\u0103 tip plas\u0103<br \/>\nBaterie: 800mah re\u00eenc\u0103rcabil\u0103<br \/>\nAfi\u0219aj Digital<\/p>\n<p>&nbsp;<\/p>\n<figure id=\"attachment_3951\" aria-describedby=\"caption-attachment-3951\" style=\"width: 800px\" class=\"wp-caption alignnone\"><img decoding=\"async\" class=\"wp-image-3951 size-full\" src=\"https:\/\/vapestornado.com\/wp-content\/uploads\/2025\/03\/Original-Mesii-Shisha-Couple-50k-Disposable-Vape-50000-Puffs.webp\" alt=\"Tigar\u0103 electronic\u0103 de unic\u0103 folosin\u021b\u0103 original\u0103 Mesii Shisha Couple 50k 50000 Pufuri\" width=\"800\" height=\"800\" srcset=\"https:\/\/vapestornado.com\/wp-content\/uploads\/2025\/03\/Original-Mesii-Shisha-Couple-50k-Disposable-Vape-50000-Puffs.webp 800w, https:\/\/vapestornado.com\/wp-content\/uploads\/2025\/03\/Original-Mesii-Shisha-Couple-50k-Disposable-Vape-50000-Puffs-300x300.webp 300w, https:\/\/vapestornado.com\/wp-content\/uploads\/2025\/03\/Original-Mesii-Shisha-Couple-50k-Disposable-Vape-50000-Puffs-150x150.webp 150w, https:\/\/vapestornado.com\/wp-content\/uploads\/2025\/03\/Original-Mesii-Shisha-Couple-50k-Disposable-Vape-50000-Puffs-768x768.webp 768w, https:\/\/vapestornado.com\/wp-content\/uploads\/2025\/03\/Original-Mesii-Shisha-Couple-50k-Disposable-Vape-50000-Puffs-600x600.webp 600w, https:\/\/vapestornado.com\/wp-content\/uploads\/2025\/03\/Original-Mesii-Shisha-Couple-50k-Disposable-Vape-50000-Puffs-100x100.webp 100w\" sizes=\"(max-width: 800px) 100vw, 800px\" \/><figcaption id=\"caption-attachment-3951\" class=\"wp-caption-text\">Tigar\u0103 electronic\u0103 de unic\u0103 folosin\u021b\u0103 original\u0103 Mesii Shisha Couple 50k 50000 Pufuri<\/figcaption><\/figure>\n<h2 class=\"product-title\"><strong>Lista de arome pentru Tigara electronic\u0103 de unic\u0103 folosin\u021b\u0103 Mesii Couple 50k<\/strong><\/h2>\n<article class=\"w-full text-token-text-primary focus-visible:outline-2 focus-visible:outline-offset-[-4px]\" dir=\"auto\" data-testid=\"conversation-turn-32\" data-scroll-anchor=\"false\">\n<div class=\"m-auto text-base py-[18px] px-6\">\n<div class=\"mx-auto flex flex-1 text-base gap-4 md:gap-5 lg:gap-6 md:max-w-3xl lg:max-w-[40rem] xl:max-w-[48rem]\">\n<div class=\"group\/conversation-turn relative flex w-full min-w-0 flex-col @xs\/thread:px-0 @sm\/thread:px-1.5 @md\/thread:px-4\">\n<div class=\"flex-col gap-1 md:gap-3\">\n<div class=\"flex max-w-full flex-col flex-grow\">\n<div class=\"min-h-8 text-message flex w-full flex-col items-end gap-2 whitespace-normal break-words text-start [.text-message+&amp;]:mt-5\" dir=\"auto\" data-message-author-role=\"user\" data-message-id=\"ffac41ca-1db4-431b-873a-32c4052956f1\">\n<div class=\"flex w-full flex-col gap-1 empty:hidden items-end rtl:items-start\">\n<div class=\"relative max-w-[var(--user-chat-width,70%)] rounded-3xl bg-token-message-surface px-5 py-2.5\">\n<div class=\"absolute bottom-0 right-full top-0 -mr-3.5 hidden pr-5 pt-2 [.group\/conversation-turn:hover_&amp;]:flex\">\n<div class=\"flex\">\n<article class=\"w-full text-token-text-primary focus-visible:outline-2 focus-visible:outline-offset-[-4px]\" dir=\"auto\" data-testid=\"conversation-turn-39\" data-scroll-anchor=\"true\">\n<div class=\"m-auto text-base py-[18px] px-6\">\n<div class=\"mx-auto flex flex-1 text-base gap-4 md:gap-5 lg:gap-6 md:max-w-3xl lg:max-w-[40rem] xl:max-w-[48rem]\">\n<div class=\"group\/conversation-turn relative flex w-full min-w-0 flex-col agent-turn @xs\/thread:px-0 @sm\/thread:px-1.5 @md\/thread:px-4\">\n<div class=\"flex-col gap-1 md:gap-3\">\n<div class=\"flex max-w-full flex-col flex-grow\">\n<div class=\"min-h-8 text-message flex w-full flex-col items-end gap-2 whitespace-normal break-words text-start [.text-message+&amp;]:mt-5\" dir=\"auto\" data-message-author-role=\"assistant\" data-message-id=\"55a23854-ec57-48dd-bd4f-6118f43d6241\" data-message-model-slug=\"gpt-4o\">\n<div class=\"flex w-full flex-col gap-1 empty:hidden first:pt-[3px]\">\n<div class=\"markdown prose w-full break-words dark:prose-invert light\">\n<p>1.Pepene ro\u0219u cu ghea\u021b\u0103<br \/>\n2.Ment\u0103 cu l\u0103m\u00e2ie verde<br \/>\n3.Afine cu ghea\u021b\u0103<br \/>\n4.Piersic\u0103 zemoas\u0103<br \/>\n5.Red Bull<br \/>\n6.Zmeur\u0103 albastr\u0103 cu ghea\u021b\u0103<br \/>\n7.Cire\u0219e cu ghea\u021b\u0103<br \/>\n8.Dou\u0103 mere cu ghea\u021b\u0103<br \/>\n9.Struguri cu ghea\u021b\u0103<br \/>\n10.Fructe de p\u0103dure mixte<\/p>\n<\/div>\n<\/div>\n<\/div>\n<\/div>\n<\/div>\n<\/div>\n<\/div>\n<\/div>\n<\/article>\n<\/div>\n<\/div>\n<\/div>\n<\/div>\n<\/div>\n<\/div>\n<\/div>\n<\/div>\n<\/div>\n<\/div>\n<\/article>\n<h2>De ce s\u0103 alegi Vapestornado pentru a cump\u0103ra \u00een vrac tigara electronic\u0103 de unic\u0103 folosin\u021b\u0103 Mesii Couple 50000?<\/h2>\n<div class=\"flex-shrink-0 flex flex-col relative items-end\">\n<div class=\"pt-0\">\n<div class=\"gizmo-bot-avatar flex h-8 w-8 items-center justify-center overflow-hidden rounded-full\">\n<div class=\"relative p-1 rounded-sm flex items-center justify-center bg-token-main-surface-primary text-token-text-primary h-8 w-8\">\n<p data-start=\"88\" data-end=\"557\">C\u00e2nd vine vorba de <strong data-start=\"105\" data-end=\"154\">\u00a0achizi\u021bionarea de vape-uri de unic\u0103 folosin\u021b\u0103 de \u00eenalt\u0103 calitate<\/strong>, <strong data-start=\"156\" data-end=\"172\">Vapestornado<\/strong> este sursa principal\u0103 pentru pre\u021buri imbatabile de fabric\u0103 <strong data-start=\"208\" data-end=\"271\">livrare rapid\u0103 \u0219i servicii premium pentru clien\u021bi<\/strong>. Cump\u0103r\u00e2nd tigara electronic\u0103 de unic\u0103 folosin\u021b\u0103 Mesii Couple 50k de la Vapestornado, ob\u021bii <strong data-start=\"363\" data-end=\"400\">produse autentice, 100% originale<\/strong> cu cea mai recent\u0103 <strong data-start=\"417\" data-end=\"515\">tehnologie cu afi\u0219aj digital, comoditate re\u00eenc\u0103rcabil\u0103 prin Type-C \u0219i o capacitate masiv\u0103 de 50000 de pufuri<\/strong>\u2014toate la <strong data-start=\"527\" data-end=\"554\">cele mai mici pre\u021buri en-gros<\/strong>.<\/p>\n<p data-start=\"559\" data-end=\"933\" data-is-last-node=\"\" data-is-only-node=\"\">Avem, de asemenea, alte vape-uri populare cu ecran, cum ar fi <a href=\"https:\/\/vapestornado.com\/ro\/product\/bang-leader-50000-puffs-50k-2-in-1-double-flavor-digital-disposable-vape-bulk-price\/\">BANG Lider 50000<\/a>, <a href=\"https:\/\/vapestornado.com\/ro\/product\/vopk-ultra-40000-puffs-2-in-1-digital-screen-rechargeable-disposable-vape\/\">VOPK 40000 Pufuri Vape de Unic\u0103 Folosin\u021b\u0103<\/a>, <a href=\"https:\/\/vapestornado.com\/ro\/product\/vozol-gear-shisha-25k-25000-puffs-best-dtl-disposable-vape-hookah-cheap-price\/\">Vozol Gear Shisha 25000<\/a>, \u0219i altele.<\/p>\n<\/div>\n<div class=\"relative p-1 rounded-sm flex items-center justify-center bg-token-main-surface-primary text-token-text-primary h-8 w-8\">\n<h2>\u00ceNTREB\u0102RI FRECVENTE<\/h2>\n<p><strong>1. C\u00e2t timp dureaz\u0103 Mesii Couple 50K?<\/strong><br \/>\nCu\u00a0<strong>50000 de puff-uri<\/strong>\u00a0\u0219i o\u00a0<strong>40 ml de lichid electronic<\/strong>, Mesii Couple poate dura s\u0103pt\u0103m\u00e2ni, \u00een func\u021bie de utilizare.\u00a0<strong>bateria re\u00eenc\u0103rcabil\u0103 de 800mAh<\/strong>\u00a0v\u0103 asigur\u0103 c\u0103 profita\u021bi la maximum de fiecare sesiune.<\/p>\n<p><strong>2. Pot ajusta concentra\u021bia de nicotin\u0103?<\/strong><br \/>\nDa! Mesii Couple ofer\u0103\u00a0<strong>Ghea\u021b\u0103<\/strong>, permi\u021b\u00e2ndu-v\u0103 s\u0103 alege\u021bi dintre nivelurile de nicotin\u0103 de 0%, 2%, 3% sau 5% pentru a se potrivi preferin\u021belor dumneavoastr\u0103.<\/p>\n<p><strong>3. Este Mesii Couple u\u0219or de utilizat?<\/strong><br \/>\nAbsolut! Mesii Couple este conceput pentru simplitate. Pur \u0219i simplu desface\u021bi-l, trage\u021bi un puf \u0219i bucura\u021bi-v\u0103. Cel\u00a0<strong>afi\u0219aj digital<\/strong>\u00a0faciliteaz\u0103 monitorizarea nivelurilor bateriei \u0219i ale lichidului electronic, astfel \u00eenc\u00e2t ve\u021bi \u0219ti \u00eentotdeauna c\u00e2nd este timpul s\u0103 re\u00eenc\u0103rca\u021bi sau s\u0103 \u00eenlocui\u021bi.<\/p>\n<p><strong>4. Pot re\u00eenc\u0103rca Mesii Couple?<\/strong><br \/>\nDa, Mesii Couple dispune de o\u00a0<strong>bateria re\u00eenc\u0103rcabil\u0103 de 800mAh<\/strong>, astfel \u00eenc\u00e2t v\u0103 pute\u021bi bucura de fiecare ultim puf f\u0103r\u0103 a irosi o pic\u0103tur\u0103 de lichid electronic.<\/p>\n<\/div>\n<\/div>\n<\/div>\n<\/div>","protected":false},"excerpt":{"rendered":"<p>Mesii Couple 50k 50000 Puffs Vap\u0103 de unic\u0103 folosin\u021b\u0103 cu ecran Pre\u021b de en-gros<br \/>\nMesii Couple 50k Vap\u0103 de unic\u0103 folosin\u021b\u0103 tip narghilea Ofert\u0103 special\u0103 \u00een Rom\u00e2nia<br \/>\nMesii Couple 50000 Puff Vap\u0103 de unic\u0103 folosin\u021b\u0103 tip narghilea Pre\u021b mic Cump\u0103r\u0103 online<\/p>\n<p><strong>Ad\u0103uga\u021bi-o pe Amy pe WhatsApp pentru a ob\u021bine un r\u0103spuns corect \u0219i un pre\u021b redus!<\/strong><\/p>\n<p><img fetchpriority=\"high\" decoding=\"async\" class=\"size-full wp-image-2932\" src=\"https:\/\/vapestornado.com\/wp-content\/uploads\/2024\/12\/Vape-Wholesale.jpg\" alt=\"\u021aig\u0103ri electronice cu ridicata\" width=\"229\" height=\"300\" \/><\/p>\n<h3><a href=\"https:\/\/wa.me\/8617776015835\"><span style=\"color: #ff0000;\"><strong>WhatsApp: +86 17776015835<\/strong><\/span><\/a><\/h3>\n<p>&nbsp;<\/p>","protected":false},"featured_media":3949,"comment_status":"open","ping_status":"closed","template":"","meta":{"_acf_changed":false,"_uag_custom_page_level_css":"","_lmt_disableupdate":"no","_lmt_disable":"","_monsterinsights_skip_tracking":false,"_monsterinsights_sitenote_active":false,"_monsterinsights_sitenote_note":"","_monsterinsights_sitenote_category":0,"site-sidebar-layout":"default","site-content-layout":"","ast-site-content-layout":"default","site-content-style":"default","site-sidebar-style":"default","ast-global-header-display":"","ast-banner-title-visibility":"","ast-main-header-display":"","ast-hfb-above-header-display":"","ast-hfb-below-header-display":"","ast-hfb-mobile-header-display":"","site-post-title":"","ast-breadcrumbs-content":"","ast-featured-img":"","footer-sml-layout":"","ast-disable-related-posts":"","theme-transparent-header-meta":"default","adv-header-id-meta":"","stick-header-meta":"","header-above-stick-meta":"","header-main-stick-meta":"","header-below-stick-meta":"","astra-migrate-meta-layouts":"set","ast-page-background-enabled":"default","ast-page-background-meta":{"desktop":{"background-color":"","background-image":"","background-repeat":"repeat","background-position":"center center","background-size":"auto","background-attachment":"scroll","background-type":"","background-media":"","overlay-type":"","overlay-color":"","overlay-opacity":"","overlay-gradient":""},"tablet":{"background-color":"","background-image":"","background-repeat":"repeat","background-position":"center center","background-size":"auto","background-attachment":"scroll","background-type":"","background-media":"","overlay-type":"","overlay-color":"","overlay-opacity":"","overlay-gradient":""},"mobile":{"background-color":"","background-image":"","background-repeat":"repeat","background-position":"center center","background-size":"auto","background-attachment":"scroll","background-type":"","background-media":"","overlay-type":"","overlay-color":"","overlay-opacity":"","overlay-gradient":""}},"ast-content-background-meta":{"desktop":{"background-color":"var(--ast-global-color-5)","background-image":"","background-repeat":"repeat","background-position":"center center","background-size":"auto","background-attachment":"scroll","background-type":"","background-media":"","overlay-type":"","overlay-color":"","overlay-opacity":"","overlay-gradient":""},"tablet":{"background-color":"var(--ast-global-color-5)","background-image":"","background-repeat":"repeat","background-position":"center center","background-size":"auto","background-attachment":"scroll","background-type":"","background-media":"","overlay-type":"","overlay-color":"","overlay-opacity":"","overlay-gradient":""},"mobile":{"background-color":"var(--ast-global-color-5)","background-image":"","background-repeat":"repeat","background-position":"center center","background-size":"auto","background-attachment":"scroll","background-type":"","background-media":"","overlay-type":"","overlay-color":"","overlay-opacity":"","overlay-gradient":""}},"_joinchat":{"telephone":"17776015835"}},"product_brand":[],"product_cat":[192,151,157,142,277],"product_tag":[105,285,284,94,269],"class_list":{"0":"post-3952","1":"product","2":"type-product","3":"status-publish","4":"has-post-thumbnail","6":"product_cat-50000-puff","7":"product_cat-buy-disposable-vapes-in-france","8":"product_cat-buy-disposable-vapes-in-portugal","9":"product_cat-digital-box-disposable-vapes","10":"product_cat-mesii-vape","11":"product_tag-digital-disposable-vape","12":"product_tag-display-shisha-hookah","13":"product_tag-disposable-shisha","14":"product_tag-rechargeable-disposable-vape","15":"product_tag-vape-with-screen","16":"desktop-align-left","17":"tablet-align-left","18":"mobile-align-left","20":"first","21":"instock","22":"sale","23":"shipping-taxable","24":"purchasable","25":"product-type-simple"},"acf":[],"uagb_featured_image_src":{"full":["https:\/\/vapestornado.com\/wp-content\/uploads\/2025\/03\/Mesii-Shisha-Couple-50000-Puff-Disposable-Vape.webp",800,800,false],"thumbnail":["https:\/\/vapestornado.com\/wp-content\/uploads\/2025\/03\/Mesii-Shisha-Couple-50000-Puff-Disposable-Vape-150x150.webp",150,150,true],"medium":["https:\/\/vapestornado.com\/wp-content\/uploads\/2025\/03\/Mesii-Shisha-Couple-50000-Puff-Disposable-Vape-300x300.webp",300,300,true],"medium_large":["https:\/\/vapestornado.com\/wp-content\/uploads\/2025\/03\/Mesii-Shisha-Couple-50000-Puff-Disposable-Vape-768x768.webp",768,768,true],"large":["https:\/\/vapestornado.com\/wp-content\/uploads\/2025\/03\/Mesii-Shisha-Couple-50000-Puff-Disposable-Vape.webp",800,800,false],"1536x1536":["https:\/\/vapestornado.com\/wp-content\/uploads\/2025\/03\/Mesii-Shisha-Couple-50000-Puff-Disposable-Vape.webp",800,800,false],"2048x2048":["https:\/\/vapestornado.com\/wp-content\/uploads\/2025\/03\/Mesii-Shisha-Couple-50000-Puff-Disposable-Vape.webp",800,800,false],"trp-custom-language-flag":["https:\/\/vapestornado.com\/wp-content\/uploads\/2025\/03\/Mesii-Shisha-Couple-50000-Puff-Disposable-Vape.webp",12,12,false],"woocommerce_thumbnail":["https:\/\/vapestornado.com\/wp-content\/uploads\/2025\/03\/Mesii-Shisha-Couple-50000-Puff-Disposable-Vape-300x300.webp",300,300,true],"woocommerce_single":["https:\/\/vapestornado.com\/wp-content\/uploads\/2025\/03\/Mesii-Shisha-Couple-50000-Puff-Disposable-Vape-600x600.webp",600,600,true],"woocommerce_gallery_thumbnail":["https:\/\/vapestornado.com\/wp-content\/uploads\/2025\/03\/Mesii-Shisha-Couple-50000-Puff-Disposable-Vape-100x100.webp",100,100,true]},"uagb_author_info":{"display_name":"ESAMY","author_link":"https:\/\/vapestornado.com\/ro\/author\/"},"uagb_comment_info":0,"uagb_excerpt":"Mesii Couple 50k 50000 Puffs Disposable Screen Vape Wholesale Price Mesii Couple 50k Disposable Shisha Vape Best Deal in Netherlands Mesii Couple 50000 Puff\u00a0 Disposable Shisha Low\u00a0Price Buy online Add Amy's whatsapp to get right reply and discount price! WhatsApp: +86 17776015835 &nbsp;","_links":{"self":[{"href":"https:\/\/vapestornado.com\/ro\/wp-json\/wp\/v2\/product\/3952","targetHints":{"allow":["GET"]}}],"collection":[{"href":"https:\/\/vapestornado.com\/ro\/wp-json\/wp\/v2\/product"}],"about":[{"href":"https:\/\/vapestornado.com\/ro\/wp-json\/wp\/v2\/types\/product"}],"replies":[{"embeddable":true,"href":"https:\/\/vapestornado.com\/ro\/wp-json\/wp\/v2\/comments?post=3952"}],"wp:featuredmedia":[{"embeddable":true,"href":"https:\/\/vapestornado.com\/ro\/wp-json\/wp\/v2\/media\/3949"}],"wp:attachment":[{"href":"https:\/\/vapestornado.com\/ro\/wp-json\/wp\/v2\/media?parent=3952"}],"wp:term":[{"taxonomy":"product_brand","embeddable":true,"href":"https:\/\/vapestornado.com\/ro\/wp-json\/wp\/v2\/product_brand?post=3952"},{"taxonomy":"product_cat","embeddable":true,"href":"https:\/\/vapestornado.com\/ro\/wp-json\/wp\/v2\/product_cat?post=3952"},{"taxonomy":"product_tag","embeddable":true,"href":"https:\/\/vapestornado.com\/ro\/wp-json\/wp\/v2\/product_tag?post=3952"}],"curies":[{"name":"wp","href":"https:\/\/api.w.org\/{rel}","templated":true}]}}