{"id":3931,"date":"2025-03-21T07:19:47","date_gmt":"2025-03-21T07:19:47","guid":{"rendered":"https:\/\/vapestornado.com\/?post_type=product&#038;p=3931"},"modified":"2025-08-23T10:52:54","modified_gmt":"2025-08-23T10:52:54","slug":"best-mesii-shisha-heavy-hitter-50000-puff-longest-lasting-disposable-vape","status":"publish","type":"product","link":"https:\/\/vapestornado.com\/ro\/product\/best-mesii-shisha-heavy-hitter-50000-puff-longest-lasting-disposable-vape\/","title":{"rendered":"Cel mai bun Mesii Shisha Heavy Hitter 50000 puf, cel mai rezistent vape de unic\u0103 folosin\u021b\u0103"},"content":{"rendered":"<h1 data-pm-slice=\"1 1 []\">Cel mai bun Mesii Shisha Heavy Hitter 50000 puf, cel mai rezistent vape de unic\u0103 folosin\u021b\u0103<\/h1>\n<p data-start=\"221\" data-end=\"580\">Sistemul <strong data-start=\"225\" data-end=\"282\">Vap\u0103 de unic\u0103 folosin\u021b\u0103 Mesii Shisha Heavy Hitter 50000 pufuri<\/strong> este construit pentru utilizatorii care doresc rezisten\u021b\u0103 maxim\u0103 \u0219i livrare \u00eendr\u0103znea\u021b\u0103 a aromei \u00eentr-un singur dispozitiv puternic. Cu o <strong data-start=\"386\" data-end=\"422\">capacitate extra-mare de 50.000 de pufuri<\/strong>, acest dispozitiv este printre cele mai durabile dispozitive de unic\u0103 folosin\u021b\u0103 de pe pia\u021b\u0103, f\u0103c\u00e2ndu-l extrem de atractiv pentru angrosi\u0219ti \u0219i comercian\u021bi cu am\u0103nuntul care caut\u0103 stocuri vrac fiabile.<\/p>\n<p data-start=\"582\" data-end=\"908\">Dispun\u00e2nd de <strong data-start=\"592\" data-end=\"613\">moduri duale de vapat<\/strong>, utilizatorii pot comuta \u00eentre dou\u0103 set\u0103ri de putere pentru o experien\u021b\u0103 personalizat\u0103 - lin\u0103 pentru utilizarea de zi cu zi sau intens\u0103 pentru v\u00e2n\u0103torii de nori. Al s\u0103u <strong data-start=\"745\" data-end=\"774\">sistemul de flux de aer reglabil<\/strong> adapteaz\u0103 \u0219i mai mult fiecare tragere, \u00een timp ce multiplele <strong data-start=\"817\" data-end=\"856\">concentra\u021bii de nicotin\u0103 (0%, 2%, 3%, 5%)<\/strong> \u00eel fac potrivit pentru o gam\u0103 larg\u0103 de preferin\u021be.<\/p>\n<p data-start=\"910\" data-end=\"1257\">Echipat cu un <strong data-start=\"926\" data-end=\"957\">baterie re\u00eenc\u0103rcabil\u0103 de 650mAh<\/strong> si <strong data-start=\"962\" data-end=\"986\">\u00eenc\u0103rcare rapid\u0103 de tip C<\/strong>, Mesii Heavy Hitter men\u021bine timpul de nefunc\u021bionare la minimum. Cel <strong data-start=\"1039\" data-end=\"1063\">ecran digital inteligent<\/strong> afi\u0219eaz\u0103 nivelurile bateriei \u0219i ale e-lichidului \u00een timp real, asigur\u00e2nd o performan\u021b\u0103 consistent\u0103. \u00cen interior, <strong data-start=\"1157\" data-end=\"1186\">tehnologie cu bobin\u0103 dubl\u0103 mesh<\/strong> \u00eembun\u0103t\u0103\u021be\u0219te densitatea vaporilor \u0219i aroma, oferind fiec\u0103rui puf un avantaj premium.<\/p>\n<p data-start=\"1259\" data-end=\"1420\">Pentru angrosi\u0219ti, modelul <strong data-start=\"1280\" data-end=\"1305\">Mesii Shisha 50K Vape<\/strong> combin\u0103 <strong data-start=\"1315\" data-end=\"1368\">capacitate, versatilitate \u0219i atractivitate puternic\u0103 pentru consumatori<\/strong>\u2014o alegere profitabil\u0103 pentru pia\u021ba de vape din Europa<\/p>\n<p data-start=\"666\" data-end=\"1235\"><strong style=\"font-size: 16px;\"><span style=\"color: #ff0000;\">Adaug\u0103-o pe Amy pe WhatsApp pentru a ob\u021bine un r\u0103spuns rapid \u0219i un pre\u021b redus!<\/span><\/strong><\/p>\n<p><img fetchpriority=\"high\" decoding=\"async\" class=\"size-full wp-image-2932\" src=\"https:\/\/vapestornado.com\/wp-content\/uploads\/2024\/12\/Vape-Wholesale.jpg\" alt=\"\u021aig\u0103ri electronice cu ridicata\" width=\"229\" height=\"300\" \/><\/p>\n<h3><a href=\"https:\/\/wa.me\/8617776015835\" target=\"_blank\" rel=\"noopener\"><span style=\"color: #ff0000;\"><strong>WhatsApp: +86 17776015835<\/strong><\/span><\/a><\/h3>\n<p>&nbsp;<\/p>\n<h2><strong>Cele mai bune caracteristici cheie ale produsului Mesii Shisha Heavy Hitter 50000 Vape<\/strong><\/h2>\n<p>Brand: Mesii<br \/>\nModel: Mesii Shisha Heavy Hitter 50000<br \/>\nNicotin\u0103: 0% 2% 5%<br \/>\nCapacitate Baterie: 800mAh<br \/>\nPufuri: 50000<br \/>\nUlei: 45ml<br \/>\nAfi\u0219aj Digital<br \/>\nDTL<br \/>\nBobin\u0103 Dubl\u0103 tip Plas\u0103<\/p>\n<h2 class=\"product-title\"><strong>Lista cu arome populare pentru narghilea Mesii Shisha 50000<\/strong><\/h2>\n<article class=\"w-full text-token-text-primary focus-visible:outline-2 focus-visible:outline-offset-[-4px]\" dir=\"auto\" data-testid=\"conversation-turn-32\" data-scroll-anchor=\"false\">\n<div class=\"m-auto text-base py-[18px] px-6\">\n<div class=\"mx-auto flex flex-1 text-base gap-4 md:gap-5 lg:gap-6 md:max-w-3xl lg:max-w-[40rem] xl:max-w-[48rem]\">\n<div class=\"group\/conversation-turn relative flex w-full min-w-0 flex-col @xs\/thread:px-0 @sm\/thread:px-1.5 @md\/thread:px-4\">\n<div class=\"flex-col gap-1 md:gap-3\">\n<div class=\"flex max-w-full flex-col flex-grow\">\n<div class=\"min-h-8 text-message flex w-full flex-col items-end gap-2 whitespace-normal break-words text-start [.text-message+&amp;]:mt-5\" dir=\"auto\" data-message-author-role=\"user\" data-message-id=\"ffac41ca-1db4-431b-873a-32c4052956f1\">\n<div class=\"flex w-full flex-col gap-1 empty:hidden items-end rtl:items-start\">\n<div class=\"relative max-w-[var(--user-chat-width,70%)] rounded-3xl bg-token-message-surface px-5 py-2.5\">\n<div class=\"absolute bottom-0 right-full top-0 -mr-3.5 hidden pr-5 pt-2 [.group\/conversation-turn:hover_&amp;]:flex\">\n<div class=\"flex\">\n<article class=\"w-full text-token-text-primary focus-visible:outline-2 focus-visible:outline-offset-[-4px]\" dir=\"auto\" data-testid=\"conversation-turn-39\" data-scroll-anchor=\"true\">\n<div class=\"m-auto text-base py-[18px] px-6\">\n<div class=\"mx-auto flex flex-1 text-base gap-4 md:gap-5 lg:gap-6 md:max-w-3xl lg:max-w-[40rem] xl:max-w-[48rem]\">\n<div class=\"group\/conversation-turn relative flex w-full min-w-0 flex-col agent-turn @xs\/thread:px-0 @sm\/thread:px-1.5 @md\/thread:px-4\">\n<div class=\"flex-col gap-1 md:gap-3\">\n<div class=\"flex max-w-full flex-col flex-grow\">\n<div class=\"min-h-8 text-message flex w-full flex-col items-end gap-2 whitespace-normal break-words text-start [.text-message+&amp;]:mt-5\" dir=\"auto\" data-message-author-role=\"assistant\" data-message-id=\"55a23854-ec57-48dd-bd4f-6118f43d6241\" data-message-model-slug=\"gpt-4o\">\n<div class=\"flex w-full flex-col gap-1 empty:hidden first:pt-[3px]\">\n<div class=\"markdown prose w-full break-words dark:prose-invert light\">\n<p>1.Margarita C\u0103p\u0219uni Ghea\u021b\u0103 (Shisha )<br \/>\n2.Dragoste 777 Ghea\u021b\u0103 (Shisha )<br \/>\n3.Ment\u0103 Struguri Ghea\u021b\u0103 (Shisha )<br \/>\n4.Dou\u0103 Mere Ghea\u021b\u0103 (Shisha )<br \/>\n5.Lady Killa Ghea\u021b\u0103 (Shisha )<br \/>\n6.Piersici Ghea\u021b\u0103 Ghea\u021b\u0103<br \/>\n7.Zmeur\u0103 Albastr\u0103 Ghea\u021b\u0103<br \/>\n8.Pepene Verde Ghea\u021b\u0103<br \/>\n9.Fructe de P\u0103dure Ghea\u021b\u0103<br \/>\n10.Mure Ghea\u021b\u0103<br \/>\n11.C\u0103p\u0219uni Cire\u0219e Ghea\u021b\u0103<br \/>\n12.Afine Pepene Verde Ghea\u021b\u0103<br \/>\n13.L\u0103m\u00e2ie Lime Ghea\u021b\u0103<br \/>\n14.Mango Ananas Acru Ghea\u021b\u0103<br \/>\n15.Ghea\u021b\u0103 de Struguri<\/p>\n<figure id=\"attachment_3914\" aria-describedby=\"caption-attachment-3914\" style=\"width: 800px\" class=\"wp-caption alignnone\"><img decoding=\"async\" class=\"wp-image-3914 size-full\" src=\"https:\/\/vapestornado.com\/wp-content\/uploads\/2025\/03\/Mesii-Shisha-Hoohakh-50k-50000-Vape-Price.webp\" alt=\"Pre\u021b Mesii Shisha Narghilea 50k 50000 Vape\" width=\"800\" height=\"800\" srcset=\"https:\/\/vapestornado.com\/wp-content\/uploads\/2025\/03\/Mesii-Shisha-Hoohakh-50k-50000-Vape-Price.webp 800w, https:\/\/vapestornado.com\/wp-content\/uploads\/2025\/03\/Mesii-Shisha-Hoohakh-50k-50000-Vape-Price-300x300.webp 300w, https:\/\/vapestornado.com\/wp-content\/uploads\/2025\/03\/Mesii-Shisha-Hoohakh-50k-50000-Vape-Price-150x150.webp 150w, https:\/\/vapestornado.com\/wp-content\/uploads\/2025\/03\/Mesii-Shisha-Hoohakh-50k-50000-Vape-Price-768x768.webp 768w, https:\/\/vapestornado.com\/wp-content\/uploads\/2025\/03\/Mesii-Shisha-Hoohakh-50k-50000-Vape-Price-600x600.webp 600w, https:\/\/vapestornado.com\/wp-content\/uploads\/2025\/03\/Mesii-Shisha-Hoohakh-50k-50000-Vape-Price-100x100.webp 100w\" sizes=\"(max-width: 800px) 100vw, 800px\" \/><figcaption id=\"caption-attachment-3914\" class=\"wp-caption-text\">Pre\u021b Mesii Shisha Narghilea 50k 50000 Vape<\/figcaption><\/figure>\n<\/div>\n<\/div>\n<\/div>\n<\/div>\n<\/div>\n<\/div>\n<\/div>\n<\/div>\n<\/article>\n<\/div>\n<\/div>\n<\/div>\n<\/div>\n<\/div>\n<\/div>\n<\/div>\n<\/div>\n<\/div>\n<\/div>\n<\/article>\n<h2>De ce s\u0103 alege\u021bi Vapestornado pentru cea mai bun\u0103 achizi\u021bie \u00een vrac de Vape Mesii Shisha Heavy Hitter 50K?<\/h2>\n<div class=\"flex-shrink-0 flex flex-col relative items-end\">\n<div class=\"pt-0\">\n<div class=\"gizmo-bot-avatar flex h-8 w-8 items-center justify-center overflow-hidden rounded-full\">\n<div class=\"relative p-1 rounded-sm flex items-center justify-center bg-token-main-surface-primary text-token-text-primary h-8 w-8\">\n<p data-start=\"88\" data-end=\"557\">C\u00e2nd vine vorba de <strong data-start=\"105\" data-end=\"154\">\u00a0achizi\u021bionarea de vape-uri de unic\u0103 folosin\u021b\u0103 de \u00eenalt\u0103 calitate<\/strong>, <strong data-start=\"156\" data-end=\"172\">Vapestornado<\/strong> este sursa principal\u0103 pentru pre\u021buri imbatabile de fabric\u0103 <strong data-start=\"208\" data-end=\"271\">livrare rapid\u0103 \u0219i servicii premium pentru clien\u021bi<\/strong>Cump\u0103rarea celui mai bun Mesii Shisha Heavy Hitter 50000 de la Vapestornado \u00eenseamn\u0103 c\u0103 ob\u021bine\u021bi <strong data-start=\"363\" data-end=\"400\">produse autentice, 100% originale<\/strong> cu cea mai recent\u0103 <strong data-start=\"417\" data-end=\"515\">tehnologie cu afi\u0219aj digital, comoditate re\u00eenc\u0103rcabil\u0103 prin Type-C \u0219i o capacitate masiv\u0103 de 50000 de pufuri<\/strong>\u2014toate la <strong data-start=\"527\" data-end=\"554\">cele mai mici pre\u021buri en-gros<\/strong>.<\/p>\n<p data-start=\"559\" data-end=\"933\" data-is-last-node=\"\" data-is-only-node=\"\">Avem, de asemenea, alte vape-uri populare cu ecran, cum ar fi <a href=\"https:\/\/vapestornado.com\/ro\/product\/bang-leader-50000-puffs-50k-2-in-1-double-flavor-digital-disposable-vape-bulk-price\/\">BANG Lider 50000<\/a>, <a href=\"https:\/\/vapestornado.com\/ro\/product\/vopk-ultra-40000-puffs-2-in-1-digital-screen-rechargeable-disposable-vape\/\">VOPK 40000 Pufuri Vape de Unic\u0103 Folosin\u021b\u0103<\/a>, <a href=\"https:\/\/vapestornado.com\/ro\/product\/vozol-gear-shisha-25k-25000-puffs-best-dtl-disposable-vape-hookah-cheap-price\/\">Vozol Gear Shisha 25000<\/a>, \u0219i altele.<\/p>\n<\/div>\n<div class=\"relative p-1 rounded-sm flex items-center justify-center bg-token-main-surface-primary text-token-text-primary h-8 w-8\">\n<h2>\u00ceNTREB\u0102RI FRECVENTE<\/h2>\n<ol data-start=\"1216\" data-end=\"2192\">\n<li data-start=\"1216\" data-end=\"1431\">\n<p data-start=\"1219\" data-end=\"1431\"><strong data-start=\"1219\" data-end=\"1261\">Cum s\u0103 folose\u0219ti corect un vape de unic\u0103 folosin\u021b\u0103?<\/strong><br data-start=\"1261\" data-end=\"1264\" \/>Pur \u0219i simplu inhaleaz\u0103 prin mu\u0219tiuc pentru a activa dispozitivul. Acesta <strong data-start=\"1332\" data-end=\"1367\">Mesii Shisha Heavy Hitter 50000<\/strong> se activeaz\u0103 la inhalare, ceea ce \u00eenseamn\u0103 c\u0103 nu sunt necesare butoane sau set\u0103ri.<\/p>\n<\/li>\n<li data-start=\"1433\" data-end=\"1663\">\n<p data-start=\"1436\" data-end=\"1663\"><strong data-start=\"1436\" data-end=\"1488\">Exist\u0103 o modalitate de a \u00eenc\u0103rca un vape de unic\u0103 folosin\u021b\u0103 desc\u0103rcat?<\/strong><br data-start=\"1488\" data-end=\"1491\" \/>Dac\u0103 bateria se descarc\u0103 \u00eenainte ca e-lichidul s\u0103 se termine, pute\u021bi <strong data-start=\"1555\" data-end=\"1593\">\u00eenc\u0103rca\u021bi-l folosind un \u00eenc\u0103rc\u0103tor de tip C<\/strong>. Cu toate acestea, odat\u0103 ce vapa este complet goal\u0103, nu poate fi reumplut\u0103.<\/p>\n<\/li>\n<li data-start=\"1665\" data-end=\"1902\">\n<p data-start=\"1668\" data-end=\"1902\"><strong data-start=\"1668\" data-end=\"1707\">Pot fi transportate vapatorele de unic\u0103 folosin\u021b\u0103 \u00een bagaje?<\/strong><br data-start=\"1707\" data-end=\"1710\" \/>Da, vapatorele de unic\u0103 folosin\u021b\u0103 pot fi transportate \u00een <strong data-start=\"1758\" data-end=\"1778\">bagajul de m\u00e2n\u0103<\/strong>, dar nu sunt permise \u00een bagajele de cal\u0103 din cauza reglement\u0103rilor companiilor aeriene. Verifica\u021bi \u00eentotdeauna cu compania aerian\u0103 \u00eenainte de a c\u0103l\u0103tori.<\/p>\n<\/li>\n<li data-start=\"1904\" data-end=\"2192\">\n<p data-start=\"1907\" data-end=\"2192\"><strong data-start=\"1907\" data-end=\"1946\">Cum \u0219tiu c\u00e2nd vapa mea este gata?<\/strong><br data-start=\"1946\" data-end=\"1949\" \/>Sistemul <strong data-start=\"1956\" data-end=\"1980\">ecran inteligent<\/strong> pe <strong data-start=\"1988\" data-end=\"2023\">Mesii Shisha Heavy Hitter 50000<\/strong> v\u0103 permite s\u0103 monitoriza\u021bi <strong data-start=\"2041\" data-end=\"2072\">nivelurile bateriei \u0219i ale e-lichidului<\/strong>. Dac\u0103 aroma sl\u0103be\u0219te, produc\u021bia de vapori scade sau ecranul indic\u0103 un cartu\u0219 gol, este timpul pentru un dispozitiv nou.<\/p>\n<\/li>\n<\/ol>\n<\/div>\n<\/div>\n<\/div>\n<\/div>","protected":false},"excerpt":{"rendered":"<p data-start=\"1460\" data-end=\"1646\">Sistemul <strong data-start=\"1464\" data-end=\"1499\">Mesii Shisha Heavy Hitter 50000<\/strong> ofer\u0103 moduri duale, ecran inteligent \u0219i 50K pufuri. Cel mai durabil <strong data-start=\"1566\" data-end=\"1585\">vape de unic\u0103 folosin\u021b\u0103<\/strong> construit pentru <strong data-start=\"1596\" data-end=\"1643\">cump\u0103r\u0103tori angro \u0219i distribuitori din Europa<\/strong>.<\/p>\n<p><strong>Ad\u0103uga\u021bi-o pe Amy pe WhatsApp pentru a ob\u021bine un r\u0103spuns corect \u0219i un pre\u021b redus!<\/strong><\/p>\n<p><img fetchpriority=\"high\" decoding=\"async\" class=\"size-full wp-image-2932\" src=\"https:\/\/vapestornado.com\/wp-content\/uploads\/2024\/12\/Vape-Wholesale.jpg\" alt=\"\u021aig\u0103ri electronice cu ridicata\" width=\"229\" height=\"300\" \/><\/p>\n<h3><a href=\"https:\/\/wa.me\/8617776015835\"><span style=\"color: #ff0000;\"><strong>WhatsApp: +86 17776015835<\/strong><\/span><\/a><\/h3>\n<p>&nbsp;<\/p>","protected":false},"featured_media":3910,"comment_status":"open","ping_status":"closed","template":"","meta":{"_acf_changed":false,"_uag_custom_page_level_css":"","_lmt_disableupdate":"no","_lmt_disable":"","_monsterinsights_skip_tracking":false,"_monsterinsights_sitenote_active":false,"_monsterinsights_sitenote_note":"","_monsterinsights_sitenote_category":0,"site-sidebar-layout":"default","site-content-layout":"","ast-site-content-layout":"default","site-content-style":"default","site-sidebar-style":"default","ast-global-header-display":"","ast-banner-title-visibility":"","ast-main-header-display":"","ast-hfb-above-header-display":"","ast-hfb-below-header-display":"","ast-hfb-mobile-header-display":"","site-post-title":"","ast-breadcrumbs-content":"","ast-featured-img":"","footer-sml-layout":"","ast-disable-related-posts":"","theme-transparent-header-meta":"default","adv-header-id-meta":"","stick-header-meta":"","header-above-stick-meta":"","header-main-stick-meta":"","header-below-stick-meta":"","astra-migrate-meta-layouts":"set","ast-page-background-enabled":"default","ast-page-background-meta":{"desktop":{"background-color":"","background-image":"","background-repeat":"repeat","background-position":"center center","background-size":"auto","background-attachment":"scroll","background-type":"","background-media":"","overlay-type":"","overlay-color":"","overlay-opacity":"","overlay-gradient":""},"tablet":{"background-color":"","background-image":"","background-repeat":"repeat","background-position":"center center","background-size":"auto","background-attachment":"scroll","background-type":"","background-media":"","overlay-type":"","overlay-color":"","overlay-opacity":"","overlay-gradient":""},"mobile":{"background-color":"","background-image":"","background-repeat":"repeat","background-position":"center center","background-size":"auto","background-attachment":"scroll","background-type":"","background-media":"","overlay-type":"","overlay-color":"","overlay-opacity":"","overlay-gradient":""}},"ast-content-background-meta":{"desktop":{"background-color":"var(--ast-global-color-5)","background-image":"","background-repeat":"repeat","background-position":"center center","background-size":"auto","background-attachment":"scroll","background-type":"","background-media":"","overlay-type":"","overlay-color":"","overlay-opacity":"","overlay-gradient":""},"tablet":{"background-color":"var(--ast-global-color-5)","background-image":"","background-repeat":"repeat","background-position":"center center","background-size":"auto","background-attachment":"scroll","background-type":"","background-media":"","overlay-type":"","overlay-color":"","overlay-opacity":"","overlay-gradient":""},"mobile":{"background-color":"var(--ast-global-color-5)","background-image":"","background-repeat":"repeat","background-position":"center center","background-size":"auto","background-attachment":"scroll","background-type":"","background-media":"","overlay-type":"","overlay-color":"","overlay-opacity":"","overlay-gradient":""}},"_joinchat":{"telephone":"17776015835"}},"product_brand":[],"product_cat":[19,192,152,156,160,141,142,277,146,147],"product_tag":[274,275,94,276,93,269],"class_list":{"0":"post-3931","1":"product","2":"type-product","3":"status-publish","4":"has-post-thumbnail","6":"product_cat-vapes","7":"product_cat-50000-puff","8":"product_cat-buy-disposable-vapes-in-cermany","9":"product_cat-buy-disposable-vapes-in-poland","10":"product_cat-buy-disposable-vapes-in-switzerland","11":"product_cat-crystal-disposable-vapes","12":"product_cat-digital-box-disposable-vapes","13":"product_cat-mesii-vape","14":"product_cat-rechargeable-disposable-vapes","15":"product_cat-shisha-hookah-disposable-vapes","16":"product_tag-longest-lasting-disposable-vape","17":"product_tag-mesii-shisha-heavy-hitter-50000","18":"product_tag-rechargeable-disposable-vape","19":"product_tag-shisha-disposable-vape","20":"product_tag-vape-wholesale","21":"product_tag-vape-with-screen","22":"desktop-align-left","23":"tablet-align-left","24":"mobile-align-left","26":"first","27":"instock","28":"sale","29":"shipping-taxable","30":"purchasable","31":"product-type-simple"},"acf":[],"uagb_featured_image_src":{"full":["https:\/\/vapestornado.com\/wp-content\/uploads\/2025\/03\/Best-Disposable-Vape-Germany-50k-Puff.webp",800,800,false],"thumbnail":["https:\/\/vapestornado.com\/wp-content\/uploads\/2025\/03\/Best-Disposable-Vape-Germany-50k-Puff-150x150.webp",150,150,true],"medium":["https:\/\/vapestornado.com\/wp-content\/uploads\/2025\/03\/Best-Disposable-Vape-Germany-50k-Puff-300x300.webp",300,300,true],"medium_large":["https:\/\/vapestornado.com\/wp-content\/uploads\/2025\/03\/Best-Disposable-Vape-Germany-50k-Puff-768x768.webp",768,768,true],"large":["https:\/\/vapestornado.com\/wp-content\/uploads\/2025\/03\/Best-Disposable-Vape-Germany-50k-Puff.webp",800,800,false],"1536x1536":["https:\/\/vapestornado.com\/wp-content\/uploads\/2025\/03\/Best-Disposable-Vape-Germany-50k-Puff.webp",800,800,false],"2048x2048":["https:\/\/vapestornado.com\/wp-content\/uploads\/2025\/03\/Best-Disposable-Vape-Germany-50k-Puff.webp",800,800,false],"trp-custom-language-flag":["https:\/\/vapestornado.com\/wp-content\/uploads\/2025\/03\/Best-Disposable-Vape-Germany-50k-Puff.webp",12,12,false],"woocommerce_thumbnail":["https:\/\/vapestornado.com\/wp-content\/uploads\/2025\/03\/Best-Disposable-Vape-Germany-50k-Puff-300x300.webp",300,300,true],"woocommerce_single":["https:\/\/vapestornado.com\/wp-content\/uploads\/2025\/03\/Best-Disposable-Vape-Germany-50k-Puff-600x600.webp",600,600,true],"woocommerce_gallery_thumbnail":["https:\/\/vapestornado.com\/wp-content\/uploads\/2025\/03\/Best-Disposable-Vape-Germany-50k-Puff-100x100.webp",100,100,true]},"uagb_author_info":{"display_name":"ESAMY","author_link":"https:\/\/vapestornado.com\/ro\/author\/"},"uagb_comment_info":0,"uagb_excerpt":"The Mesii Shisha Heavy Hitter 50000 offers dual modes, smart screen, and 50K puffs. A longest lasting disposable vape built for wholesale buyers and distributors in Europe. Add Amy's whatsapp to get right reply and discount price! WhatsApp: +86 17776015835 &nbsp;","_links":{"self":[{"href":"https:\/\/vapestornado.com\/ro\/wp-json\/wp\/v2\/product\/3931","targetHints":{"allow":["GET"]}}],"collection":[{"href":"https:\/\/vapestornado.com\/ro\/wp-json\/wp\/v2\/product"}],"about":[{"href":"https:\/\/vapestornado.com\/ro\/wp-json\/wp\/v2\/types\/product"}],"replies":[{"embeddable":true,"href":"https:\/\/vapestornado.com\/ro\/wp-json\/wp\/v2\/comments?post=3931"}],"wp:featuredmedia":[{"embeddable":true,"href":"https:\/\/vapestornado.com\/ro\/wp-json\/wp\/v2\/media\/3910"}],"wp:attachment":[{"href":"https:\/\/vapestornado.com\/ro\/wp-json\/wp\/v2\/media?parent=3931"}],"wp:term":[{"taxonomy":"product_brand","embeddable":true,"href":"https:\/\/vapestornado.com\/ro\/wp-json\/wp\/v2\/product_brand?post=3931"},{"taxonomy":"product_cat","embeddable":true,"href":"https:\/\/vapestornado.com\/ro\/wp-json\/wp\/v2\/product_cat?post=3931"},{"taxonomy":"product_tag","embeddable":true,"href":"https:\/\/vapestornado.com\/ro\/wp-json\/wp\/v2\/product_tag?post=3931"}],"curies":[{"name":"wp","href":"https:\/\/api.w.org\/{rel}","templated":true}]}}