{"id":3929,"date":"2025-03-20T06:24:12","date_gmt":"2025-03-20T06:24:12","guid":{"rendered":"https:\/\/vapestornado.com\/?post_type=product&#038;p=3929"},"modified":"2025-08-22T11:38:28","modified_gmt":"2025-08-22T11:38:28","slug":"bang-leader-32000-puffs-vape-wholesale-poland-2-in-1-dual-flavor","status":"publish","type":"product","link":"https:\/\/vapestornado.com\/ro\/product\/bang-leader-32000-puffs-vape-wholesale-poland-2-in-1-dual-flavor\/","title":{"rendered":"Bang Leader 32000 Puffs Vape En-Gros Polonia 2 \u00een 1 Arom\u0103 Dubl\u0103"},"content":{"rendered":"<h1 data-pm-slice=\"1 1 []\">Bang Leader 32000 Puffs Vape En-Gros Polonia 2 \u00een 1 Arom\u0103 Dubl\u0103<\/h1>\n<p data-start=\"311\" data-end=\"640\">Sistemul <strong data-start=\"315\" data-end=\"347\">Vape Bang Leader 32000 Puffs<\/strong> este proiectat pentru vaperii care doresc capacitate, varietate \u0219i performan\u021b\u0103 constant\u0103. Cu <strong data-start=\"432\" data-end=\"458\">dou\u0103 poduri de 26 ml cu e-lichid<\/strong> \u0219i un sistem inovator <strong data-start=\"477\" data-end=\"506\">2-\u00een-1 cu arom\u0103 dubl\u0103<\/strong>, utilizatorii pot comuta instantaneu \u00eentre arome precum <strong data-start=\"556\" data-end=\"591\">Ghea\u021b\u0103 de pepene ro\u0219u<\/strong> or <strong data-start=\"595\" data-end=\"637\">C\u0103p\u0219uni Kiwi<\/strong>.<\/p>\n<p data-start=\"642\" data-end=\"982\">Oferind p\u00e2n\u0103 la <strong data-start=\"659\" data-end=\"675\">32.000 de pufuri<\/strong>, acest dispozitiv minimizeaz\u0103 \u00eenlocuirile \u0219i ofer\u0103 valoare de lung\u0103 durat\u0103. Nivelurile reglabile de nicotin\u0103 (<strong data-start=\"773\" data-end=\"791\">0%, 2%, 3%, 5%<\/strong>) \u00eel fac potrivit at\u00e2t pentru utilizatorii ocazionali, c\u00e2t \u0219i pentru cei frecven\u021bi. Alimentat de un <strong data-start=\"855\" data-end=\"886\">baterie re\u00eenc\u0103rcabil\u0103 de 650mAh<\/strong> cu \u00eenc\u0103rcare rapid\u0103 <strong data-start=\"897\" data-end=\"916\">\u00eenc\u0103rcare de tip C<\/strong>, Bang Leader 32K asigur\u0103 utilizarea pe tot parcursul zilei, cu timp de nefunc\u021bionare minim.<\/p>\n<p data-start=\"984\" data-end=\"1266\">Sistemul <strong data-start=\"988\" data-end=\"1008\">bobin\u0103 dubl\u0103 tip plas\u0103<\/strong> spore\u0219te densitatea vaporilor \u0219i calitatea aromei, \u00een timp ce <strong data-start=\"1060\" data-end=\"1092\">capacitatea total\u0103 de e-lichid de 52 ml<\/strong> garanteaz\u0103 sesiuni extinse. Compact \u0219i puternic, <strong data-start=\"1149\" data-end=\"1181\">Vape Bang Leader 32000 Puffs<\/strong> este o alegere profitabil\u0103 pentru angrosi\u0219ti \u0219i magazinele de vape din Rom\u00e2nia \u0219i din \u00eentreaga Europ\u0103.<\/p>\n<p data-start=\"666\" data-end=\"1235\"><strong style=\"font-size: 16px;\"><span style=\"color: #ff0000;\">Adaug\u0103-o pe Amy pe WhatsApp pentru a ob\u021bine un r\u0103spuns rapid \u0219i un pre\u021b redus!<\/span><\/strong><\/p>\n<p><img fetchpriority=\"high\" decoding=\"async\" class=\"size-full wp-image-2932\" src=\"https:\/\/vapestornado.com\/wp-content\/uploads\/2024\/12\/Vape-Wholesale.jpg\" alt=\"\u021aig\u0103ri electronice cu ridicata\" width=\"229\" height=\"300\" \/><\/p>\n<h3><a href=\"https:\/\/wa.me\/8617776015835\" target=\"_blank\" rel=\"noopener\"><span style=\"color: #ff0000;\"><strong>WhatsApp: +86 17776015835<\/strong><\/span><\/a><\/h3>\n<p>&nbsp;<\/p>\n<h2><strong>Caracteristici principale ale produsului Bang Leader 32000 Box Vape<\/strong><\/h2>\n<p>Marc\u0103: BANG LEADER<br \/>\nModel: LIDER DE B\u0102\u021a 32000<br \/>\nNicotin\u0103: 0% 2% 5%<br \/>\nCapacitate baterie: 650 mAh<br \/>\nPufuri: 32000<br \/>\nArome: Peste 16 op\u021biuni tentante, inclusiv fructate \u0219i mentolate<\/p>\n<figure id=\"attachment_3915\" aria-describedby=\"caption-attachment-3915\" style=\"width: 800px\" class=\"wp-caption alignnone\"><img decoding=\"async\" class=\"wp-image-3915 size-full\" src=\"https:\/\/vapestornado.com\/wp-content\/uploads\/2025\/03\/Bang-32000-Puff-Twins-Flavor-Disposable-Vape.webp\" alt=\"Vape de unic\u0103 folosin\u021b\u0103 Bang 32000 cu arome duble\" width=\"800\" height=\"800\" srcset=\"https:\/\/vapestornado.com\/wp-content\/uploads\/2025\/03\/Bang-32000-Puff-Twins-Flavor-Disposable-Vape.webp 800w, https:\/\/vapestornado.com\/wp-content\/uploads\/2025\/03\/Bang-32000-Puff-Twins-Flavor-Disposable-Vape-300x300.webp 300w, https:\/\/vapestornado.com\/wp-content\/uploads\/2025\/03\/Bang-32000-Puff-Twins-Flavor-Disposable-Vape-150x150.webp 150w, https:\/\/vapestornado.com\/wp-content\/uploads\/2025\/03\/Bang-32000-Puff-Twins-Flavor-Disposable-Vape-768x768.webp 768w, https:\/\/vapestornado.com\/wp-content\/uploads\/2025\/03\/Bang-32000-Puff-Twins-Flavor-Disposable-Vape-600x600.webp 600w, https:\/\/vapestornado.com\/wp-content\/uploads\/2025\/03\/Bang-32000-Puff-Twins-Flavor-Disposable-Vape-100x100.webp 100w\" sizes=\"(max-width: 800px) 100vw, 800px\" \/><figcaption id=\"caption-attachment-3915\" class=\"wp-caption-text\">Vape de unic\u0103 folosin\u021b\u0103 Bang 32000 cu arome duble<\/figcaption><\/figure>\n<h2 class=\"product-title\"><strong>Lista de arome Bang Leader 32000 Dual Pod Vape<\/strong><\/h2>\n<article class=\"w-full text-token-text-primary focus-visible:outline-2 focus-visible:outline-offset-[-4px]\" dir=\"auto\" data-testid=\"conversation-turn-32\" data-scroll-anchor=\"false\">\n<div class=\"m-auto text-base py-[18px] px-6\">\n<div class=\"mx-auto flex flex-1 text-base gap-4 md:gap-5 lg:gap-6 md:max-w-3xl lg:max-w-[40rem] xl:max-w-[48rem]\">\n<div class=\"group\/conversation-turn relative flex w-full min-w-0 flex-col @xs\/thread:px-0 @sm\/thread:px-1.5 @md\/thread:px-4\">\n<div class=\"flex-col gap-1 md:gap-3\">\n<div class=\"flex max-w-full flex-col flex-grow\">\n<div class=\"min-h-8 text-message flex w-full flex-col items-end gap-2 whitespace-normal break-words text-start [.text-message+&amp;]:mt-5\" dir=\"auto\" data-message-author-role=\"user\" data-message-id=\"ffac41ca-1db4-431b-873a-32c4052956f1\">\n<div class=\"flex w-full flex-col gap-1 empty:hidden items-end rtl:items-start\">\n<div class=\"relative max-w-[var(--user-chat-width,70%)] rounded-3xl bg-token-message-surface px-5 py-2.5\">\n<div class=\"absolute bottom-0 right-full top-0 -mr-3.5 hidden pr-5 pt-2 [.group\/conversation-turn:hover_&amp;]:flex\">\n<div class=\"flex\">\n<article class=\"w-full text-token-text-primary focus-visible:outline-2 focus-visible:outline-offset-[-4px]\" dir=\"auto\" data-testid=\"conversation-turn-39\" data-scroll-anchor=\"true\">\n<div class=\"m-auto text-base py-[18px] px-6\">\n<div class=\"mx-auto flex flex-1 text-base gap-4 md:gap-5 lg:gap-6 md:max-w-3xl lg:max-w-[40rem] xl:max-w-[48rem]\">\n<div class=\"group\/conversation-turn relative flex w-full min-w-0 flex-col agent-turn @xs\/thread:px-0 @sm\/thread:px-1.5 @md\/thread:px-4\">\n<div class=\"flex-col gap-1 md:gap-3\">\n<div class=\"flex max-w-full flex-col flex-grow\">\n<div class=\"min-h-8 text-message flex w-full flex-col items-end gap-2 whitespace-normal break-words text-start [.text-message+&amp;]:mt-5\" dir=\"auto\" data-message-author-role=\"assistant\" data-message-id=\"55a23854-ec57-48dd-bd4f-6118f43d6241\" data-message-model-slug=\"gpt-4o\">\n<div class=\"flex w-full flex-col gap-1 empty:hidden first:pt-[3px]\">\n<div class=\"markdown prose w-full break-words dark:prose-invert light\">\n<p>1.Pepene ro\u0219u cu ghea\u021b\u0103 + ment\u0103 de afine<br \/>\n2.Pepene ro\u0219u cu ghea\u021b\u0103 + c\u0103p\u0219uni \u0219i mango<br \/>\n3.C\u0103p\u0219uni \u0219i pepene ro\u0219u + kiwi, fructul pasiunii \u0219i guava<br \/>\n4.C\u0103p\u0219uni \u0219i pepene ro\u0219u + struguri cu ghea\u021b\u0103<br \/>\n5.Afine \u0219i zmeur\u0103 + piersici, mango \u0219i pepene ro\u0219u<br \/>\n6.Afine \u0219i pepene ro\u0219u + c\u0103p\u0219uni \u0219i mango<br \/>\n7.Afine cu ghea\u021b\u0103 + ghea\u021b\u0103 de dragon negru<br \/>\n8.Afine cu ghea\u021b\u0103 + c\u0103p\u0219uni \u0219i banane<br \/>\n9.Red Bull+Pepene verde afine<br \/>\n10.Red Bull+Bomboane cu pepene verde \u0219i gum\u0103 de mestecat<br \/>\n11.C\u0103p\u0219uni Kiwi+Piersic\u0103 Ghea\u021b\u0103<br \/>\n12.C\u0103p\u0219uni Kiwi+M\u0103r acri\u0219or zmeur\u0103<\/p>\n<\/div>\n<\/div>\n<\/div>\n<\/div>\n<\/div>\n<\/div>\n<\/div>\n<\/div>\n<\/article>\n<\/div>\n<\/div>\n<\/div>\n<\/div>\n<\/div>\n<\/div>\n<\/div>\n<\/div>\n<\/div>\n<\/div>\n<\/article>\n<h3>De ce s\u0103 alegi Vapestornado pentru achizi\u021bii \u00een vrac de Vape Bang Leader 32000?<\/h3>\n<div class=\"flex-shrink-0 flex flex-col relative items-end\">\n<div class=\"pt-0\">\n<div class=\"gizmo-bot-avatar flex h-8 w-8 items-center justify-center overflow-hidden rounded-full\">\n<div class=\"relative p-1 rounded-sm flex items-center justify-center bg-token-main-surface-primary text-token-text-primary h-8 w-8\">\n<p data-start=\"88\" data-end=\"557\">C\u00e2nd vine vorba de <strong data-start=\"105\" data-end=\"154\">\u00a0achizi\u021bionarea de vape-uri de unic\u0103 folosin\u021b\u0103 de \u00eenalt\u0103 calitate<\/strong>, <strong data-start=\"156\" data-end=\"172\">Vapestornado<\/strong> este sursa principal\u0103 pentru pre\u021buri imbatabile de fabric\u0103 <strong data-start=\"208\" data-end=\"271\">livrare rapid\u0103 \u0219i servicii premium pentru clien\u021bi<\/strong>. Cump\u0103r\u00e2nd Bang Leader 32000 32k de la Vapestornado ob\u021bii <strong data-start=\"363\" data-end=\"400\">produse autentice, 100% originale<\/strong> cu cea mai recent\u0103 <strong data-start=\"417\" data-end=\"515\">tehnologie de afi\u0219are digital\u0103, \u00eenc\u0103rcare convenabil\u0103 cu Type-C \u0219i o capacitate masiv\u0103 de 25000 de pufuri<\/strong>\u2014toate la <strong data-start=\"527\" data-end=\"554\">cele mai mici pre\u021buri en-gros<\/strong>.<\/p>\n<p data-start=\"559\" data-end=\"933\" data-is-last-node=\"\" data-is-only-node=\"\">Avem, de asemenea, alte vape-uri populare cu ecran, cum ar fi <a href=\"https:\/\/vapestornado.com\/ro\/product\/bang-leader-50000-puffs-50k-2-in-1-double-flavor-digital-disposable-vape-bulk-price\/\">BANG Lider 50000<\/a>, <a href=\"https:\/\/vapestornado.com\/ro\/product\/vopk-ultra-40000-puffs-2-in-1-digital-screen-rechargeable-disposable-vape\/\">VOPK 40000 Pufuri Vape de Unic\u0103 Folosin\u021b\u0103<\/a>, <a href=\"https:\/\/vapestornado.com\/ro\/product\/vozol-gear-shisha-25k-25000-puffs-best-dtl-disposable-vape-hookah-cheap-price\/\">Vozol Gear Shisha 25000<\/a>, \u0219i altele.<\/p>\n<\/div>\n<div class=\"relative p-1 rounded-sm flex items-center justify-center bg-token-main-surface-primary text-token-text-primary h-8 w-8\">\n<h3>\u00ceNTREB\u0102RI FRECVENTE<\/h3>\n<ol data-start=\"1260\" data-end=\"2190\">\n<li data-start=\"1260\" data-end=\"1450\">\n<p data-start=\"1263\" data-end=\"1450\"><strong data-start=\"1263\" data-end=\"1305\">Cum activezi un vape de unic\u0103 folosin\u021b\u0103?<\/strong><br data-start=\"1305\" data-end=\"1308\" \/>Pur \u0219i simplu inhaleaz\u0103 prin mu\u0219tiuc pentru a activa Vape-ul Bang Leader 32000 Puffs. Nu sunt necesare butoane sau set\u0103ri complicate.<\/p>\n<\/li>\n<li data-start=\"1452\" data-end=\"1704\">\n<p data-start=\"1455\" data-end=\"1704\"><strong data-start=\"1455\" data-end=\"1512\">Pot s\u0103-mi \u00eencarc vape-ul de unic\u0103 folosin\u021b\u0103 cu un \u00eenc\u0103rc\u0103tor de telefon?<\/strong><br data-start=\"1512\" data-end=\"1515\" \/>Da, at\u00e2ta timp c\u00e2t \u00eenc\u0103rc\u0103torul dumneavoastr\u0103 folose\u0219te un <strong data-start=\"1554\" data-end=\"1570\">cablu tip-C<\/strong>, v\u0103 pute\u021bi \u00eenc\u0103rca \u021bigara electronic\u0103 cu un \u00eenc\u0103rc\u0103tor standard de telefon. Cu toate acestea, este mai bine s\u0103 folosi\u021bi un adaptor cu putere mai mic\u0103 pentru a asigura o \u00eenc\u0103rcare sigur\u0103.<\/p>\n<\/li>\n<li data-start=\"1706\" data-end=\"1934\">\n<p data-start=\"1709\" data-end=\"1934\"><strong data-start=\"1709\" data-end=\"1746\">Pot aduce \u021big\u0103ri electronice \u00een Hong Kong?<\/strong><br data-start=\"1746\" data-end=\"1749\" \/>Nu, Hong Kong are reglement\u0103ri stricte care interzic importul, v\u00e2nzarea \u0219i utilizarea de \u021big\u0103ri electronice \u0219i produse de vaping. C\u0103l\u0103torii ar trebui s\u0103 verifice legile locale \u00eenainte de a aduce \u021big\u0103ri electronice \u00een regiune.<\/p>\n<\/li>\n<li data-start=\"1936\" data-end=\"2190\">\n<p data-start=\"1939\" data-end=\"2190\"><strong data-start=\"1939\" data-end=\"1983\">De unde \u0219tiu c\u00e2t\u0103 \u021bigar\u0103 electronic\u0103 mai am?<\/strong><br data-start=\"1983\" data-end=\"1986\" \/>Sistemul <strong data-start=\"1993\" data-end=\"2025\">Vape Bang Leader 32000 Puffs<\/strong> dispune de un <strong data-start=\"2037\" data-end=\"2056\">sistem cu dou\u0103 cartu\u0219e<\/strong> care dureaz\u0103 mult timp, dar dac\u0103 observa\u021bi o arom\u0103 mai slab\u0103, mai pu\u021bin abur sau dificultate la inhalare, ar putea fi timpul s\u0103 v\u0103 \u00eenlocui\u021bi dispozitivul.<\/p>\n<\/li>\n<\/ol>\n<\/div>\n<\/div>\n<\/div>\n<\/div>","protected":false},"excerpt":{"rendered":"<ul>\n<li data-start=\"252\" data-end=\"289\">\n<p data-start=\"254\" data-end=\"289\">Bang Leader 32000 Puffs En-gros<\/p>\n<\/li>\n<li data-start=\"290\" data-end=\"317\">\n<p data-start=\"292\" data-end=\"317\">Vape 32K Puffs Cump\u0103rare \u00een Vrac<\/p>\n<\/li>\n<li data-start=\"318\" data-end=\"366\">\n<p data-start=\"320\" data-end=\"366\">Vape de unic\u0103 folosin\u021b\u0103 32000 Puffs Polonia En-gros<\/p>\n<\/li>\n<\/ul>\n<p><strong>Ad\u0103uga\u021bi-o pe Amy pe WhatsApp pentru a ob\u021bine un r\u0103spuns corect \u0219i un pre\u021b redus!<\/strong><\/p>\n<p><img fetchpriority=\"high\" decoding=\"async\" class=\"size-full wp-image-2932\" src=\"https:\/\/vapestornado.com\/wp-content\/uploads\/2024\/12\/Vape-Wholesale.jpg\" alt=\"\u021aig\u0103ri electronice cu ridicata\" width=\"229\" height=\"300\" \/><\/p>\n<h3><a href=\"https:\/\/wa.me\/8617776015835\"><span style=\"color: #ff0000;\"><strong>WhatsApp: +86 17776015835<\/strong><\/span><\/a><\/h3>\n<p>&nbsp;<\/p>","protected":false},"featured_media":3917,"comment_status":"open","ping_status":"closed","template":"","meta":{"_acf_changed":false,"_uag_custom_page_level_css":"","_lmt_disableupdate":"no","_lmt_disable":"","_monsterinsights_skip_tracking":false,"_monsterinsights_sitenote_active":false,"_monsterinsights_sitenote_note":"","_monsterinsights_sitenote_category":0,"site-sidebar-layout":"default","site-content-layout":"","ast-site-content-layout":"default","site-content-style":"default","site-sidebar-style":"default","ast-global-header-display":"","ast-banner-title-visibility":"","ast-main-header-display":"","ast-hfb-above-header-display":"","ast-hfb-below-header-display":"","ast-hfb-mobile-header-display":"","site-post-title":"","ast-breadcrumbs-content":"","ast-featured-img":"","footer-sml-layout":"","ast-disable-related-posts":"","theme-transparent-header-meta":"default","adv-header-id-meta":"","stick-header-meta":"","header-above-stick-meta":"","header-main-stick-meta":"","header-below-stick-meta":"","astra-migrate-meta-layouts":"set","ast-page-background-enabled":"default","ast-page-background-meta":{"desktop":{"background-color":"","background-image":"","background-repeat":"repeat","background-position":"center center","background-size":"auto","background-attachment":"scroll","background-type":"","background-media":"","overlay-type":"","overlay-color":"","overlay-opacity":"","overlay-gradient":""},"tablet":{"background-color":"","background-image":"","background-repeat":"repeat","background-position":"center center","background-size":"auto","background-attachment":"scroll","background-type":"","background-media":"","overlay-type":"","overlay-color":"","overlay-opacity":"","overlay-gradient":""},"mobile":{"background-color":"","background-image":"","background-repeat":"repeat","background-position":"center center","background-size":"auto","background-attachment":"scroll","background-type":"","background-media":"","overlay-type":"","overlay-color":"","overlay-opacity":"","overlay-gradient":""}},"ast-content-background-meta":{"desktop":{"background-color":"var(--ast-global-color-5)","background-image":"","background-repeat":"repeat","background-position":"center center","background-size":"auto","background-attachment":"scroll","background-type":"","background-media":"","overlay-type":"","overlay-color":"","overlay-opacity":"","overlay-gradient":""},"tablet":{"background-color":"var(--ast-global-color-5)","background-image":"","background-repeat":"repeat","background-position":"center center","background-size":"auto","background-attachment":"scroll","background-type":"","background-media":"","overlay-type":"","overlay-color":"","overlay-opacity":"","overlay-gradient":""},"mobile":{"background-color":"var(--ast-global-color-5)","background-image":"","background-repeat":"repeat","background-position":"center center","background-size":"auto","background-attachment":"scroll","background-type":"","background-media":"","overlay-type":"","overlay-color":"","overlay-opacity":"","overlay-gradient":""}},"_joinchat":{"telephone":"17776015835"}},"product_brand":[],"product_cat":[19,262,278,140,153,158,144,146],"product_tag":[261,260,196,94,273,93,269],"class_list":{"0":"post-3929","1":"product","2":"type-product","3":"status-publish","4":"has-post-thumbnail","6":"product_cat-vapes","7":"product_cat-32000-puff","8":"product_cat-bang-leader-vape","9":"product_cat-big-puffs-disposable-vapes","10":"product_cat-buy-disposable-vapes-in-italy","11":"product_cat-buy-disposable-vapes-in-spain","12":"product_cat-low-nicotine-disposable-vapes","13":"product_cat-rechargeable-disposable-vapes","14":"product_tag-2-in-1-double-flavor-vape","15":"product_tag-bang-leader-32000","16":"product_tag-bang-vape","17":"product_tag-rechargeable-disposable-vape","18":"product_tag-twins-flavor-vape-pod","19":"product_tag-vape-wholesale","20":"product_tag-vape-with-screen","21":"desktop-align-left","22":"tablet-align-left","23":"mobile-align-left","25":"first","26":"instock","27":"sale","28":"shipping-taxable","29":"purchasable","30":"product-type-simple"},"acf":[],"uagb_featured_image_src":{"full":["https:\/\/vapestornado.com\/wp-content\/uploads\/2025\/03\/Bang-Kingdoms-Rex-32000-E-Cigarette-Disposable-Vape.webp",800,800,false],"thumbnail":["https:\/\/vapestornado.com\/wp-content\/uploads\/2025\/03\/Bang-Kingdoms-Rex-32000-E-Cigarette-Disposable-Vape-150x150.webp",150,150,true],"medium":["https:\/\/vapestornado.com\/wp-content\/uploads\/2025\/03\/Bang-Kingdoms-Rex-32000-E-Cigarette-Disposable-Vape-300x300.webp",300,300,true],"medium_large":["https:\/\/vapestornado.com\/wp-content\/uploads\/2025\/03\/Bang-Kingdoms-Rex-32000-E-Cigarette-Disposable-Vape-768x768.webp",768,768,true],"large":["https:\/\/vapestornado.com\/wp-content\/uploads\/2025\/03\/Bang-Kingdoms-Rex-32000-E-Cigarette-Disposable-Vape.webp",800,800,false],"1536x1536":["https:\/\/vapestornado.com\/wp-content\/uploads\/2025\/03\/Bang-Kingdoms-Rex-32000-E-Cigarette-Disposable-Vape.webp",800,800,false],"2048x2048":["https:\/\/vapestornado.com\/wp-content\/uploads\/2025\/03\/Bang-Kingdoms-Rex-32000-E-Cigarette-Disposable-Vape.webp",800,800,false],"trp-custom-language-flag":["https:\/\/vapestornado.com\/wp-content\/uploads\/2025\/03\/Bang-Kingdoms-Rex-32000-E-Cigarette-Disposable-Vape.webp",12,12,false],"woocommerce_thumbnail":["https:\/\/vapestornado.com\/wp-content\/uploads\/2025\/03\/Bang-Kingdoms-Rex-32000-E-Cigarette-Disposable-Vape-300x300.webp",300,300,true],"woocommerce_single":["https:\/\/vapestornado.com\/wp-content\/uploads\/2025\/03\/Bang-Kingdoms-Rex-32000-E-Cigarette-Disposable-Vape-600x600.webp",600,600,true],"woocommerce_gallery_thumbnail":["https:\/\/vapestornado.com\/wp-content\/uploads\/2025\/03\/Bang-Kingdoms-Rex-32000-E-Cigarette-Disposable-Vape-100x100.webp",100,100,true]},"uagb_author_info":{"display_name":"ESAMY","author_link":"https:\/\/vapestornado.com\/ro\/author\/"},"uagb_comment_info":0,"uagb_excerpt":"Bang Leader 32000 Puffs Wholesale 32K Puffs Vape Bulk Buy Disposable Vape 32000 Puffs Poland Wholesale Add Amy's whatsapp to get right reply and discount price! WhatsApp: +86 17776015835 &nbsp;","_links":{"self":[{"href":"https:\/\/vapestornado.com\/ro\/wp-json\/wp\/v2\/product\/3929","targetHints":{"allow":["GET"]}}],"collection":[{"href":"https:\/\/vapestornado.com\/ro\/wp-json\/wp\/v2\/product"}],"about":[{"href":"https:\/\/vapestornado.com\/ro\/wp-json\/wp\/v2\/types\/product"}],"replies":[{"embeddable":true,"href":"https:\/\/vapestornado.com\/ro\/wp-json\/wp\/v2\/comments?post=3929"}],"wp:featuredmedia":[{"embeddable":true,"href":"https:\/\/vapestornado.com\/ro\/wp-json\/wp\/v2\/media\/3917"}],"wp:attachment":[{"href":"https:\/\/vapestornado.com\/ro\/wp-json\/wp\/v2\/media?parent=3929"}],"wp:term":[{"taxonomy":"product_brand","embeddable":true,"href":"https:\/\/vapestornado.com\/ro\/wp-json\/wp\/v2\/product_brand?post=3929"},{"taxonomy":"product_cat","embeddable":true,"href":"https:\/\/vapestornado.com\/ro\/wp-json\/wp\/v2\/product_cat?post=3929"},{"taxonomy":"product_tag","embeddable":true,"href":"https:\/\/vapestornado.com\/ro\/wp-json\/wp\/v2\/product_tag?post=3929"}],"curies":[{"name":"wp","href":"https:\/\/api.w.org\/{rel}","templated":true}]}}