{"id":3928,"date":"2025-03-20T03:43:34","date_gmt":"2025-03-20T03:43:34","guid":{"rendered":"https:\/\/vapestornado.com\/?post_type=product&#038;p=3928"},"modified":"2025-08-23T11:38:54","modified_gmt":"2025-08-23T11:38:54","slug":"vozol-gear-shisha-25k-25000-puffs-best-dtl-disposable-vape-hookah-cheap-price","status":"publish","type":"product","link":"https:\/\/vapestornado.com\/ro\/product\/vozol-gear-shisha-25k-25000-puffs-best-dtl-disposable-vape-hookah-cheap-price\/","title":{"rendered":"Vozol Gear Shisha 25k 25000 Puff-uri Cel Mai Bun Narghilea Vape DTL de Unic\u0103 Folosin\u021b\u0103 Pre\u021b Mic"},"content":{"rendered":"<h1 data-pm-slice=\"1 1 []\">Vozol Gear Shisha 25k 25000 Puff-uri Cel Mai Bun Narghilea Vape DTL de Unic\u0103 Folosin\u021b\u0103 Pre\u021b Mic<\/h1>\n<p data-start=\"187\" data-end=\"478\">Sistemul <strong data-start=\"191\" data-end=\"232\">Vozol Gear Shisha 25K Vape de unic\u0103 folosin\u021b\u0103<\/strong> redefine\u0219te experien\u021ba de vaping DTL \u00een stil narghilea, f\u0103c\u00e2ndu-l un must-have pentru <strong data-start=\"309\" data-end=\"338\">angrosi\u0219ti \u0219i comercian\u021bi cu am\u0103nuntul<\/strong> care deservesc pia\u021ba european\u0103. Cu p\u00e2n\u0103 la <strong data-start=\"383\" data-end=\"399\">25.000 de pufuri<\/strong>, acest dispozitiv de mare capacitate asigur\u0103 sesiuni lungi \u0219i un puternic atractiv pentru consumatori.<\/p>\n<p data-start=\"480\" data-end=\"863\">Al s\u0103u <strong data-start=\"484\" data-end=\"516\">Baterie re\u00eenc\u0103rcabil\u0103 de 1000 mAh<\/strong> cu <strong data-start=\"522\" data-end=\"546\">\u00eenc\u0103rcare rapid\u0103 de tip C<\/strong> minimizeaz\u0103 timpul de nefunc\u021bionare, \u00een timp ce <strong data-start=\"577\" data-end=\"603\">ecranul color de 2,1 inch<\/strong> ofer\u0103 urm\u0103rire \u00een timp real a num\u0103rului de pufuri, a st\u0103rii bateriei \u0219i a modului de vaping. Utilizatorii pot comuta \u00eentre <strong data-start=\"705\" data-end=\"717\">Mod Eco<\/strong> (rezisten\u021b\u0103 maxim\u0103, p\u00e2n\u0103 la 25K pufuri) \u0219i <strong data-start=\"759\" data-end=\"773\">Mod Putere<\/strong> (mai mult\u0103 intensitate, p\u00e2n\u0103 la 18K pufuri), oferind flexibilitate pentru diferite preferin\u021be de vaping.<\/p>\n<p data-start=\"865\" data-end=\"1153\">An <strong data-start=\"868\" data-end=\"897\">sistemul de flux de aer reglabil<\/strong> \u00eempreun\u0103 cu <strong data-start=\"910\" data-end=\"929\">rezisten\u021be dual mesh<\/strong> asigur\u0103 o livrare lin\u0103 a vaporilor, nori den\u0219i \u0219i performan\u021b\u0103 consistent\u0103 a aromei. Cu <strong data-start=\"1016\" data-end=\"1040\">concentra\u021bie de nicotin\u0103 5%<\/strong> \u0219i un catalog de <strong data-start=\"1060\" data-end=\"1076\">peste 40 de arome<\/strong>, Vozol Gear Shisha satisface at\u00e2t utilizatorii intensivi, c\u00e2t \u0219i pasiona\u021bii de arome.<\/p>\n<p data-start=\"1155\" data-end=\"1393\">Pentru cump\u0103r\u0103torii en-gros, modelul <strong data-start=\"1176\" data-end=\"1201\">Vozol Gear Shisha 25K<\/strong> este mai mult dec\u00e2t un simplu vape de unic\u0103 folosin\u021b\u0103\u2014este o op\u021biune premium cu func\u021bii avansate care ajut\u0103 comercian\u021bii cu am\u0103nuntul s\u0103 ias\u0103 \u00een eviden\u021b\u0103 pe pia\u021ba aglomerat\u0103, beneficiind \u00een acela\u0219i timp de <strong data-start=\"1357\" data-end=\"1390\">pre\u021buri competitive de v\u00e2nzare cu ridicata<\/strong>.<\/p>\n<p data-start=\"666\" data-end=\"1235\"><strong style=\"font-size: 16px;\"><span style=\"color: #ff0000;\">Adaug\u0103-o pe Amy pe WhatsApp pentru a ob\u021bine un r\u0103spuns rapid \u0219i un pre\u021b redus!<\/span><\/strong><\/p>\n<p><img fetchpriority=\"high\" decoding=\"async\" class=\"size-full wp-image-2932\" src=\"https:\/\/vapestornado.com\/wp-content\/uploads\/2024\/12\/Vape-Wholesale.jpg\" alt=\"\u021aig\u0103ri electronice cu ridicata\" width=\"229\" height=\"300\" \/><\/p>\n<h3><a href=\"https:\/\/wa.me\/8617776015835\" target=\"_blank\" rel=\"noopener\"><span style=\"color: #ff0000;\"><strong>WhatsApp: +86 17776015835<\/strong><\/span><\/a><\/h3>\n<p>&nbsp;<\/p>\n<h2><strong>Vozol Gear Shisha 25k Vape Caracteristici cheie ale produsului<\/strong><\/h2>\n<p>Marc\u0103: Vozol Vape<br \/>\nModel: Gear Shisha DTL de unic\u0103 folosin\u021b\u0103<br \/>\nNicotin\u0103: 5%<br \/>\nCapacitate baterie: 1000mAh<br \/>\nModuri de puf: Mod Eco (25.000 pufuri), Mod Power (18.000 pufuri)<br \/>\nCaracteristici speciale: Interactiv audio, Cip inteligent, Rezisten\u021be duale mesh<br \/>\nAfi\u0219aj: Ecran color de 2,1 inch pentru monitorizare u\u0219oar\u0103<br \/>\nDesign: Interfa\u021b\u0103 stil Orientul Mijlociu<br \/>\nFlux de aer reglabil<br \/>\nArome: Peste 16 op\u021biuni tentante, inclusiv fructate \u0219i mentolate<\/p>\n<p>&nbsp;<\/p>\n<figure id=\"attachment_3922\" aria-describedby=\"caption-attachment-3922\" style=\"width: 800px\" class=\"wp-caption alignnone\"><img decoding=\"async\" class=\"wp-image-3922 size-full\" src=\"https:\/\/vapestornado.com\/wp-content\/uploads\/2025\/03\/Vazol-Gear-Shisha-25000-Puff-25k-Wholesale-Price.webp\" alt=\"Vazol Gear Narghilea 25000 Pufuri 25k Pre\u021b en-gros\" width=\"800\" height=\"800\" srcset=\"https:\/\/vapestornado.com\/wp-content\/uploads\/2025\/03\/Vazol-Gear-Shisha-25000-Puff-25k-Wholesale-Price.webp 800w, https:\/\/vapestornado.com\/wp-content\/uploads\/2025\/03\/Vazol-Gear-Shisha-25000-Puff-25k-Wholesale-Price-300x300.webp 300w, https:\/\/vapestornado.com\/wp-content\/uploads\/2025\/03\/Vazol-Gear-Shisha-25000-Puff-25k-Wholesale-Price-150x150.webp 150w, https:\/\/vapestornado.com\/wp-content\/uploads\/2025\/03\/Vazol-Gear-Shisha-25000-Puff-25k-Wholesale-Price-768x768.webp 768w, https:\/\/vapestornado.com\/wp-content\/uploads\/2025\/03\/Vazol-Gear-Shisha-25000-Puff-25k-Wholesale-Price-600x600.webp 600w, https:\/\/vapestornado.com\/wp-content\/uploads\/2025\/03\/Vazol-Gear-Shisha-25000-Puff-25k-Wholesale-Price-100x100.webp 100w\" sizes=\"(max-width: 800px) 100vw, 800px\" \/><figcaption id=\"caption-attachment-3922\" class=\"wp-caption-text\">Vazol Gear Narghilea 25000 Pufuri 25k Pre\u021b en-gros<\/figcaption><\/figure>\n<h2 class=\"product-title\"><strong>Vozol Gear 25000 Narghilea Arome Disponibile<\/strong><\/h2>\n<article class=\"w-full text-token-text-primary focus-visible:outline-2 focus-visible:outline-offset-[-4px]\" dir=\"auto\" data-testid=\"conversation-turn-32\" data-scroll-anchor=\"false\">\n<div class=\"m-auto text-base py-[18px] px-6\">\n<div class=\"mx-auto flex flex-1 text-base gap-4 md:gap-5 lg:gap-6 md:max-w-3xl lg:max-w-[40rem] xl:max-w-[48rem]\">\n<div class=\"group\/conversation-turn relative flex w-full min-w-0 flex-col @xs\/thread:px-0 @sm\/thread:px-1.5 @md\/thread:px-4\">\n<div class=\"flex-col gap-1 md:gap-3\">\n<div class=\"flex max-w-full flex-col flex-grow\">\n<div class=\"min-h-8 text-message flex w-full flex-col items-end gap-2 whitespace-normal break-words text-start [.text-message+&amp;]:mt-5\" dir=\"auto\" data-message-author-role=\"user\" data-message-id=\"ffac41ca-1db4-431b-873a-32c4052956f1\">\n<div class=\"flex w-full flex-col gap-1 empty:hidden items-end rtl:items-start\">\n<div class=\"relative max-w-[var(--user-chat-width,70%)] rounded-3xl bg-token-message-surface px-5 py-2.5\">\n<div class=\"absolute bottom-0 right-full top-0 -mr-3.5 hidden pr-5 pt-2 [.group\/conversation-turn:hover_&amp;]:flex\">\n<div class=\"flex\">\n<article class=\"w-full text-token-text-primary focus-visible:outline-2 focus-visible:outline-offset-[-4px]\" dir=\"auto\" data-testid=\"conversation-turn-39\" data-scroll-anchor=\"true\">\n<div class=\"m-auto text-base py-[18px] px-6\">\n<div class=\"mx-auto flex flex-1 text-base gap-4 md:gap-5 lg:gap-6 md:max-w-3xl lg:max-w-[40rem] xl:max-w-[48rem]\">\n<div class=\"group\/conversation-turn relative flex w-full min-w-0 flex-col agent-turn @xs\/thread:px-0 @sm\/thread:px-1.5 @md\/thread:px-4\">\n<div class=\"flex-col gap-1 md:gap-3\">\n<div class=\"flex max-w-full flex-col flex-grow\">\n<div class=\"min-h-8 text-message flex w-full flex-col items-end gap-2 whitespace-normal break-words text-start [.text-message+&amp;]:mt-5\" dir=\"auto\" data-message-author-role=\"assistant\" data-message-id=\"55a23854-ec57-48dd-bd4f-6118f43d6241\" data-message-model-slug=\"gpt-4o\">\n<div class=\"flex w-full flex-col gap-1 empty:hidden first:pt-[3px]\">\n<div class=\"markdown prose w-full break-words dark:prose-invert light\">\n<p>1.Dou\u0103 mere<\/p>\n<p>2.Pepene verde cu ghea\u021b\u0103<\/p>\n<p>3.Mango piersic\u0103<\/p>\n<p>4.Afine cu ghea\u021b\u0103<\/p>\n<p>5.Zmeur\u0103 albastr\u0103 cu ghea\u021b\u0103<\/p>\n<p>6. Ghea\u021b\u0103 de struguri<\/p>\n<p>7.C\u0103p\u0219uni kiwi<\/p>\n<p>8.Afine Pepene ro\u0219u<\/p>\n<p>9.Cire\u0219e cola<\/p>\n<p>10.Dragoste 777<\/p>\n<p>11.Cire\u0219e cu ghea\u021b\u0103<\/p>\n<p>12. Ghea\u021b\u0103 de piersici<\/p>\n<p>13.Fructe de p\u0103dure cu ghea\u021b\u0103<\/p>\n<p>14.Fructul pasiunii dulce<\/p>\n<p>15.C\u0103p\u0219uni kiwi \u00eenghe\u021bate<\/p>\n<p>16.Fructul dragonului banan\u0103 cire\u0219e<\/p>\n<\/div>\n<\/div>\n<\/div>\n<\/div>\n<\/div>\n<\/div>\n<\/div>\n<\/div>\n<\/article>\n<\/div>\n<\/div>\n<\/div>\n<\/div>\n<\/div>\n<\/div>\n<\/div>\n<\/div>\n<\/div>\n<\/div>\n<\/article>\n<h2>De ce s\u0103 alege\u021bi Vapestornado pentru a cump\u0103ra angro Vozol Gear Narghilea 25k Pufuri Ecran Vape?<\/h2>\n<div class=\"flex-shrink-0 flex flex-col relative items-end\">\n<div class=\"pt-0\">\n<div class=\"gizmo-bot-avatar flex h-8 w-8 items-center justify-center overflow-hidden rounded-full\">\n<div class=\"relative p-1 rounded-sm flex items-center justify-center bg-token-main-surface-primary text-token-text-primary h-8 w-8\">\n<p data-start=\"88\" data-end=\"557\">C\u00e2nd vine vorba de <strong data-start=\"105\" data-end=\"154\">\u00a0achizi\u021bionarea de vape-uri de unic\u0103 folosin\u021b\u0103 de \u00eenalt\u0103 calitate<\/strong>, <strong data-start=\"156\" data-end=\"172\">Vapestornado<\/strong> este sursa principal\u0103 pentru pre\u021buri imbatabile de fabric\u0103 <strong data-start=\"208\" data-end=\"271\">livrare rapid\u0103 \u0219i servicii premium pentru clien\u021bi<\/strong>. Cump\u0103rarea Vozol Gear Narghilea 25k 25000 <strong data-start=\"284\" data-end=\"322\">Vaporizator<\/strong>\u00a0de la Vapestornado \u00eenseamn\u0103 c\u0103 ob\u021bine\u021bi <strong data-start=\"363\" data-end=\"400\">produse autentice, 100% originale<\/strong> cu cea mai recent\u0103 <strong data-start=\"417\" data-end=\"515\">tehnologie de afi\u0219are digital\u0103, \u00eenc\u0103rcare convenabil\u0103 cu Type-C \u0219i o capacitate masiv\u0103 de 25000 de pufuri<\/strong>\u2014toate la <strong data-start=\"527\" data-end=\"554\">cele mai mici pre\u021buri en-gros<\/strong>.<\/p>\n<p data-start=\"559\" data-end=\"933\" data-is-last-node=\"\" data-is-only-node=\"\">Avem \u0219i alte vape-uri cu ecran la mod\u0103, cum ar fi <a href=\"https:\/\/vapestornado.com\/ro\/product\/waspe-fihp-30000-puffs-smart-screen-vape-2-5-nicotine-wholesal\/\">WASPE 30K Mod Dual de Vapat<\/a>, <a href=\"https:\/\/vapestornado.com\/ro\/product\/vopk-ultra-40000-puffs-2-in-1-digital-screen-rechargeable-disposable-vape\/\">VOPK 40000 Pufuri Vape de Unic\u0103 Folosin\u021b\u0103<\/a>, <a href=\"https:\/\/vapestornado.com\/ro\/product\/vapsolo-galaxy-30000-vapers-30k-puff-disposable-vape-e-cigarette-with-smart-screen\/\">Vapsolo Galaxy 30000<\/a>, \u0219i altele.<\/p>\n<\/div>\n<div class=\"relative p-1 rounded-sm flex items-center justify-center bg-token-main-surface-primary text-token-text-primary h-8 w-8\">\n<h2>\u00centreb\u0103ri frecvente despre Vape de unic\u0103 folosin\u021b\u0103<\/h2>\n<ol data-start=\"1162\" data-end=\"2206\">\n<li data-start=\"1162\" data-end=\"1425\">\n<p data-start=\"1165\" data-end=\"1425\"><strong data-start=\"1165\" data-end=\"1221\">Cum se folose\u0219te un vape de unic\u0103 folosin\u021b\u0103 pentru prima dat\u0103?<\/strong> Pentru a utiliza Vozol Gear Shisha 25K Disposable Vape, pur \u0219i simplu scoate\u021bi-l din ambalaj, asigura\u021bi-v\u0103 c\u0103 este \u00eenc\u0103rcat \u0219i inhala\u021bi prin mu\u0219tiuc. Dispozitivul este activat prin tragere, deci nu sunt necesare butoane.<\/p>\n<\/li>\n<li data-start=\"1427\" data-end=\"1706\">\n<p data-start=\"1430\" data-end=\"1706\"><strong data-start=\"1430\" data-end=\"1473\">Cum pot \u00eenc\u0103rca un stilou vape de unic\u0103 folosin\u021b\u0103?<\/strong> Acest dispozitiv are o baterie re\u00eenc\u0103rcabil\u0103 de 1000mAh. Utiliza\u021bi cablul de \u00eenc\u0103rcare Type-C inclus pentru a-l conecta la o surs\u0103 de alimentare. Ecranul color de 2,1 inch va afi\u0219a starea de \u00eenc\u0103rcare, asigur\u00e2ndu-v\u0103 c\u0103 sunte\u021bi informat pe parcursul procesului.<\/p>\n<\/li>\n<li data-start=\"1708\" data-end=\"1956\">\n<p data-start=\"1711\" data-end=\"1956\"><strong data-start=\"1711\" data-end=\"1765\">Pot s\u0103-mi las vape-ul de unic\u0103 folosin\u021b\u0103 \u00een bagajul de m\u00e2n\u0103?<\/strong> Da, pute\u021bi transporta vape-ul de unic\u0103 folosin\u021b\u0103 \u00een bagajul de m\u00e2n\u0103 atunci c\u00e2nd c\u0103l\u0103tori\u021bi cu avionul. Cu toate acestea, verifica\u021bi \u00eentotdeauna reglement\u0103rile companiilor aeriene \u0219i legile locale referitoare la dispozitivele de vapat \u00eenainte de a c\u0103l\u0103tori.<\/p>\n<\/li>\n<li data-start=\"1958\" data-end=\"2206\">\n<p data-start=\"1961\" data-end=\"2206\"><strong data-start=\"1961\" data-end=\"1997\">Cum \u00ee\u021bi dai seama c\u0103 un vape este gol?<\/strong> Vozol Gear Shisha 25K are un ecran color de 2,1 inch care afi\u0219eaz\u0103 nivelurile de e-lichid. C\u00e2nd e-lichidul este sc\u0103zut sau epuizat, ecranul v\u0103 va notifica, indic\u00e2nd c\u0103 este timpul pentru o \u00eenlocuire sau o reumplere.<\/p>\n<\/li>\n<\/ol>\n<\/div>\n<\/div>\n<\/div>\n<\/div>","protected":false},"excerpt":{"rendered":"<p>Sistemul <strong data-start=\"1437\" data-end=\"1462\">Vozol Gear Shisha 25K<\/strong> ofer\u0103 p\u00e2n\u0103 la 25K de pufuri, moduri duale \u0219i un ecran color de 2,1\u201d. Un vape de unic\u0103 folosin\u021b\u0103 DTL premium, ideal pentru <strong data-start=\"1566\" data-end=\"1601\">comenzi en-gros \u00een Europa<\/strong>.<\/p>\n<p><strong>Ad\u0103uga\u021bi-o pe Amy pe WhatsApp pentru a ob\u021bine un r\u0103spuns corect \u0219i un pre\u021b redus!<\/strong><\/p>\n<p><img fetchpriority=\"high\" decoding=\"async\" class=\"size-full wp-image-2932\" src=\"https:\/\/vapestornado.com\/wp-content\/uploads\/2024\/12\/Vape-Wholesale.jpg\" alt=\"\u021aig\u0103ri electronice cu ridicata\" width=\"229\" height=\"300\" \/><\/p>\n<h3><a href=\"https:\/\/wa.me\/8617776015835\"><span style=\"color: #ff0000;\"><strong>WhatsApp: +86 17776015835<\/strong><\/span><\/a><\/h3>\n<p>&nbsp;<\/p>","protected":false},"featured_media":3921,"comment_status":"open","ping_status":"closed","template":"","meta":{"_acf_changed":false,"_uag_custom_page_level_css":"","_lmt_disableupdate":"no","_lmt_disable":"","_monsterinsights_skip_tracking":false,"_monsterinsights_sitenote_active":false,"_monsterinsights_sitenote_note":"","_monsterinsights_sitenote_category":0,"site-sidebar-layout":"default","site-content-layout":"","ast-site-content-layout":"default","site-content-style":"default","site-sidebar-style":"default","ast-global-header-display":"","ast-banner-title-visibility":"","ast-main-header-display":"","ast-hfb-above-header-display":"","ast-hfb-below-header-display":"","ast-hfb-mobile-header-display":"","site-post-title":"","ast-breadcrumbs-content":"","ast-featured-img":"","footer-sml-layout":"","ast-disable-related-posts":"","theme-transparent-header-meta":"default","adv-header-id-meta":"","stick-header-meta":"","header-above-stick-meta":"","header-main-stick-meta":"","header-below-stick-meta":"","astra-migrate-meta-layouts":"set","ast-page-background-enabled":"default","ast-page-background-meta":{"desktop":{"background-color":"","background-image":"","background-repeat":"repeat","background-position":"center center","background-size":"auto","background-attachment":"scroll","background-type":"","background-media":"","overlay-type":"","overlay-color":"","overlay-opacity":"","overlay-gradient":""},"tablet":{"background-color":"","background-image":"","background-repeat":"repeat","background-position":"center center","background-size":"auto","background-attachment":"scroll","background-type":"","background-media":"","overlay-type":"","overlay-color":"","overlay-opacity":"","overlay-gradient":""},"mobile":{"background-color":"","background-image":"","background-repeat":"repeat","background-position":"center center","background-size":"auto","background-attachment":"scroll","background-type":"","background-media":"","overlay-type":"","overlay-color":"","overlay-opacity":"","overlay-gradient":""}},"ast-content-background-meta":{"desktop":{"background-color":"var(--ast-global-color-5)","background-image":"","background-repeat":"repeat","background-position":"center center","background-size":"auto","background-attachment":"scroll","background-type":"","background-media":"","overlay-type":"","overlay-color":"","overlay-opacity":"","overlay-gradient":""},"tablet":{"background-color":"var(--ast-global-color-5)","background-image":"","background-repeat":"repeat","background-position":"center center","background-size":"auto","background-attachment":"scroll","background-type":"","background-media":"","overlay-type":"","overlay-color":"","overlay-opacity":"","overlay-gradient":""},"mobile":{"background-color":"var(--ast-global-color-5)","background-image":"","background-repeat":"repeat","background-position":"center center","background-size":"auto","background-attachment":"scroll","background-type":"","background-media":"","overlay-type":"","overlay-color":"","overlay-opacity":"","overlay-gradient":""}},"_joinchat":{"telephone":"17776015835"}},"product_brand":[],"product_cat":[19,68,160,142,147,57],"product_tag":[271,94,93,269,272,270],"class_list":{"0":"post-3928","1":"product","2":"type-product","3":"status-publish","4":"has-post-thumbnail","6":"product_cat-vapes","7":"product_cat-25000-puff","8":"product_cat-buy-disposable-vapes-in-switzerland","9":"product_cat-digital-box-disposable-vapes","10":"product_cat-shisha-hookah-disposable-vapes","11":"product_cat-vozol-vape","12":"product_tag-best-dtl-disposable-vape","13":"product_tag-rechargeable-disposable-vape","14":"product_tag-vape-wholesale","15":"product_tag-vape-with-screen","16":"product_tag-vozol-gear-shisha-25000","17":"product_tag-vozol-gear-shisha-25k","18":"desktop-align-left","19":"tablet-align-left","20":"mobile-align-left","22":"first","23":"instock","24":"sale","25":"shipping-taxable","26":"purchasable","27":"product-type-simple"},"acf":[],"uagb_featured_image_src":{"full":["https:\/\/vapestornado.com\/wp-content\/uploads\/2025\/03\/Vazol-Gear-Shisha-25000-Puff-25k-Cheap-Price.webp",800,800,false],"thumbnail":["https:\/\/vapestornado.com\/wp-content\/uploads\/2025\/03\/Vazol-Gear-Shisha-25000-Puff-25k-Cheap-Price-150x150.webp",150,150,true],"medium":["https:\/\/vapestornado.com\/wp-content\/uploads\/2025\/03\/Vazol-Gear-Shisha-25000-Puff-25k-Cheap-Price-300x300.webp",300,300,true],"medium_large":["https:\/\/vapestornado.com\/wp-content\/uploads\/2025\/03\/Vazol-Gear-Shisha-25000-Puff-25k-Cheap-Price-768x768.webp",768,768,true],"large":["https:\/\/vapestornado.com\/wp-content\/uploads\/2025\/03\/Vazol-Gear-Shisha-25000-Puff-25k-Cheap-Price.webp",800,800,false],"1536x1536":["https:\/\/vapestornado.com\/wp-content\/uploads\/2025\/03\/Vazol-Gear-Shisha-25000-Puff-25k-Cheap-Price.webp",800,800,false],"2048x2048":["https:\/\/vapestornado.com\/wp-content\/uploads\/2025\/03\/Vazol-Gear-Shisha-25000-Puff-25k-Cheap-Price.webp",800,800,false],"trp-custom-language-flag":["https:\/\/vapestornado.com\/wp-content\/uploads\/2025\/03\/Vazol-Gear-Shisha-25000-Puff-25k-Cheap-Price.webp",12,12,false],"woocommerce_thumbnail":["https:\/\/vapestornado.com\/wp-content\/uploads\/2025\/03\/Vazol-Gear-Shisha-25000-Puff-25k-Cheap-Price-300x300.webp",300,300,true],"woocommerce_single":["https:\/\/vapestornado.com\/wp-content\/uploads\/2025\/03\/Vazol-Gear-Shisha-25000-Puff-25k-Cheap-Price-600x600.webp",600,600,true],"woocommerce_gallery_thumbnail":["https:\/\/vapestornado.com\/wp-content\/uploads\/2025\/03\/Vazol-Gear-Shisha-25000-Puff-25k-Cheap-Price-100x100.webp",100,100,true]},"uagb_author_info":{"display_name":"ESAMY","author_link":"https:\/\/vapestornado.com\/ro\/author\/"},"uagb_comment_info":0,"uagb_excerpt":"The Vozol Gear Shisha 25K delivers up to 25K puffs, dual modes, and a 2.1\u201d color screen. A premium DTL disposable vape ideal for wholesale bulk orders in Europe. Add Amy's whatsapp to get right reply and discount price! WhatsApp: +86 17776015835 &nbsp;","_links":{"self":[{"href":"https:\/\/vapestornado.com\/ro\/wp-json\/wp\/v2\/product\/3928","targetHints":{"allow":["GET"]}}],"collection":[{"href":"https:\/\/vapestornado.com\/ro\/wp-json\/wp\/v2\/product"}],"about":[{"href":"https:\/\/vapestornado.com\/ro\/wp-json\/wp\/v2\/types\/product"}],"replies":[{"embeddable":true,"href":"https:\/\/vapestornado.com\/ro\/wp-json\/wp\/v2\/comments?post=3928"}],"wp:featuredmedia":[{"embeddable":true,"href":"https:\/\/vapestornado.com\/ro\/wp-json\/wp\/v2\/media\/3921"}],"wp:attachment":[{"href":"https:\/\/vapestornado.com\/ro\/wp-json\/wp\/v2\/media?parent=3928"}],"wp:term":[{"taxonomy":"product_brand","embeddable":true,"href":"https:\/\/vapestornado.com\/ro\/wp-json\/wp\/v2\/product_brand?post=3928"},{"taxonomy":"product_cat","embeddable":true,"href":"https:\/\/vapestornado.com\/ro\/wp-json\/wp\/v2\/product_cat?post=3928"},{"taxonomy":"product_tag","embeddable":true,"href":"https:\/\/vapestornado.com\/ro\/wp-json\/wp\/v2\/product_tag?post=3928"}],"curies":[{"name":"wp","href":"https:\/\/api.w.org\/{rel}","templated":true}]}}