{"id":3898,"date":"2025-03-19T07:31:04","date_gmt":"2025-03-19T07:31:04","guid":{"rendered":"https:\/\/vapestornado.com\/?post_type=product&#038;p=3898"},"modified":"2025-08-23T11:44:33","modified_gmt":"2025-08-23T11:44:33","slug":"zooy-zero-45000-45k-puff-touch-screen-disposable-vape-wholesale","status":"publish","type":"product","link":"https:\/\/vapestornado.com\/ro\/product\/zooy-zero-45000-45k-puff-touch-screen-disposable-vape-wholesale\/","title":{"rendered":"ZOOY Zero 45000 45K Puff Ecran Tactil Vape de Unic\u0103 Folosin\u021b\u0103 en-Gros"},"content":{"rendered":"<h1 data-pm-slice=\"1 1 []\">ZOOY Zero 45000 45K Puff Ecran Tactil Vape de Unic\u0103 Folosin\u021b\u0103 en-Gros<\/h1>\n<p data-start=\"184\" data-end=\"550\">Sistemul <strong data-start=\"188\" data-end=\"242\">Vapa de Unic\u0103 Folosin\u021b\u0103 ZOOY Zero 45000 Puffs cu Ecran Tactil<\/strong> reune\u0219te tehnologie de ultim\u0103 or\u0103 \u0219i performan\u021b\u0103 de lung\u0103 durat\u0103, f\u0103c\u00e2ndu-l o alegere puternic\u0103 pentru <strong data-start=\"343\" data-end=\"383\">distribuitori \u0219i comercian\u021bi cu am\u0103nuntul din Rom\u00e2nia<\/strong>. Cu un impresionant <strong data-start=\"404\" data-end=\"428\">capacitate de 45.000 de pufuri<\/strong> \u0219i un mare <strong data-start=\"441\" data-end=\"468\">Rezervor de e-lichid de 35 ml<\/strong>, ofer\u0103 o valoare excep\u021bional\u0103 pentru clien\u021bii care caut\u0103 rezisten\u021b\u0103 \u0219i fiabilitate.<\/p>\n<p data-start=\"552\" data-end=\"880\">Un ecran \u00eencorporat <strong data-start=\"563\" data-end=\"585\">ecran tactil inteligent<\/strong> distinge acest dispozitiv, oferind utilizatorilor vizibilitate \u00een timp real a num\u0103rului de pufuri, a nivelului bateriei \u0219i a lichidului electronic r\u0103mas. Alimentat de un <strong data-start=\"719\" data-end=\"743\">baterie re\u00eenc\u0103rcabil\u0103<\/strong> cu <strong data-start=\"749\" data-end=\"773\">\u00eenc\u0103rcare rapid\u0103 de tip C<\/strong>, ZOOY Zero minimizeaz\u0103 timpul de nefunc\u021bionare \u0219i asigur\u0103 o experien\u021b\u0103 consistent\u0103 at\u00e2t pentru vaperii ocazionali, c\u00e2t \u0219i pentru cei frecven\u021bi.<\/p>\n<p data-start=\"882\" data-end=\"1248\">Cu <strong data-start=\"887\" data-end=\"930\">op\u021biuni de sare de nicotin\u0103 de 2%, 3% \u0219i 5%<\/strong>, ZOOY Zero se adapteaz\u0103 la diferite preferin\u021be. The <strong data-start=\"983\" data-end=\"1012\">sistemul de flux de aer reglabil<\/strong> permite utilizatorilor s\u0103 comute \u00eentre trageri fine \u0219i nori den\u0219i, r\u0103spunz\u00e2nd at\u00e2t stilurilor de vaping MTL, c\u00e2t \u0219i DTL. Elegant, compact \u0219i portabil, combin\u0103 caracterul practic cu estetica premium - ideal pentru magazinele care vizeaz\u0103 pia\u021ba european\u0103.<\/p>\n<p data-start=\"1250\" data-end=\"1445\">Pentru angrosi\u0219ti, modelul <strong data-start=\"1271\" data-end=\"1306\">ZOOY Zero 45K Vape cu ecran tactil<\/strong> ofer\u0103 un amestec conving\u0103tor de <strong data-start=\"1334\" data-end=\"1392\">inova\u021bie, pre\u021buri avantajoase pentru achizi\u021bii \u00een vrac \u0219i atractivitate pentru consumatori<\/strong>, f\u0103c\u00e2ndu-l un plus profitabil pentru orice inventar.<\/p>\n<p data-start=\"666\" data-end=\"1235\"><strong style=\"font-size: 16px;\"><span style=\"color: #ff0000;\">Adaug\u0103-o pe Amy pe WhatsApp pentru a ob\u021bine un r\u0103spuns rapid \u0219i un pre\u021b redus!<\/span><\/strong><\/p>\n<p><img fetchpriority=\"high\" decoding=\"async\" class=\"size-full wp-image-2932\" src=\"https:\/\/vapestornado.com\/wp-content\/uploads\/2024\/12\/Vape-Wholesale.jpg\" alt=\"\u021aig\u0103ri electronice cu ridicata\" width=\"229\" height=\"300\" \/><\/p>\n<h3><a href=\"https:\/\/wa.me\/8617776015835\" target=\"_blank\" rel=\"noopener\"><span style=\"color: #ff0000;\"><strong>WhatsApp: +86 17776015835<\/strong><\/span><\/a><\/h3>\n<p>&nbsp;<\/p>\n<h2><strong>ZOOY Zero 45000 Puff Crystal Vape Caracteristici Cheie ale Produsului<\/strong><\/h2>\n<p>Marc\u0103: ZOOY Vape<br \/>\nCapacitate Puff: P\u00e2n\u0103 la 45000 pufuri<br \/>\nE-lichid: 35mL<br \/>\nConcentra\u021bii de nicotin\u0103: 0%, 2%, 3%, 5%<br \/>\nBaterie: Baterie re\u00eenc\u0103rcabil\u0103 de 1000mAh<br \/>\n\u00cenc\u0103rcare: \u00cenc\u0103rcare rapid\u0103 Type-C<br \/>\nTip bobin\u0103: Bobin\u0103 dubl\u0103 tip mesh pentru o produc\u021bie \u00eembun\u0103t\u0103\u021bit\u0103 de vapori \u0219i arome<br \/>\nAfi\u0219aj: Afi\u0219aj digital pentru nivelul bateriei \u0219i al e-lichidului<\/p>\n<h2 class=\"product-title\"><strong>ZOOY Zero 45k Puff Box Vape Lista Aromelor<\/strong><\/h2>\n<article class=\"w-full text-token-text-primary focus-visible:outline-2 focus-visible:outline-offset-[-4px]\" dir=\"auto\" data-testid=\"conversation-turn-32\" data-scroll-anchor=\"false\">\n<div class=\"m-auto text-base py-[18px] px-6\">\n<div class=\"mx-auto flex flex-1 text-base gap-4 md:gap-5 lg:gap-6 md:max-w-3xl lg:max-w-[40rem] xl:max-w-[48rem]\">\n<div class=\"group\/conversation-turn relative flex w-full min-w-0 flex-col @xs\/thread:px-0 @sm\/thread:px-1.5 @md\/thread:px-4\">\n<div class=\"flex-col gap-1 md:gap-3\">\n<div class=\"flex max-w-full flex-col flex-grow\">\n<div class=\"min-h-8 text-message flex w-full flex-col items-end gap-2 whitespace-normal break-words text-start [.text-message+&amp;]:mt-5\" dir=\"auto\" data-message-author-role=\"user\" data-message-id=\"ffac41ca-1db4-431b-873a-32c4052956f1\">\n<div class=\"flex w-full flex-col gap-1 empty:hidden items-end rtl:items-start\">\n<div class=\"relative max-w-[var(--user-chat-width,70%)] rounded-3xl bg-token-message-surface px-5 py-2.5\">\n<div class=\"absolute bottom-0 right-full top-0 -mr-3.5 hidden pr-5 pt-2 [.group\/conversation-turn:hover_&amp;]:flex\">\n<div class=\"flex\">\n<article class=\"w-full text-token-text-primary focus-visible:outline-2 focus-visible:outline-offset-[-4px]\" dir=\"auto\" data-testid=\"conversation-turn-39\" data-scroll-anchor=\"true\">\n<div class=\"m-auto text-base py-[18px] px-6\">\n<div class=\"mx-auto flex flex-1 text-base gap-4 md:gap-5 lg:gap-6 md:max-w-3xl lg:max-w-[40rem] xl:max-w-[48rem]\">\n<div class=\"group\/conversation-turn relative flex w-full min-w-0 flex-col agent-turn @xs\/thread:px-0 @sm\/thread:px-1.5 @md\/thread:px-4\">\n<div class=\"flex-col gap-1 md:gap-3\">\n<div class=\"flex max-w-full flex-col flex-grow\">\n<div class=\"min-h-8 text-message flex w-full flex-col items-end gap-2 whitespace-normal break-words text-start [.text-message+&amp;]:mt-5\" dir=\"auto\" data-message-author-role=\"assistant\" data-message-id=\"55a23854-ec57-48dd-bd4f-6118f43d6241\" data-message-model-slug=\"gpt-4o\">\n<div class=\"flex w-full flex-col gap-1 empty:hidden first:pt-[3px]\">\n<div class=\"markdown prose w-full break-words dark:prose-invert light\">\n<p>1.Ghea\u021b\u0103 de pepene verde<br \/>\n2.Ghea\u021b\u0103 de afine <strong><span style=\"color: #ff0000;\">&gt;&gt;&gt;&gt; Fierbinte!<\/span><\/strong><br \/>\n3.C\u0103p\u0219uni Pepene Ro\u0219u<br \/>\n4.Cola de l\u0103m\u00e2ie<br \/>\n5.C\u0103p\u0219uni Kiwi <strong><span style=\"color: #ff0000;\">&gt;&gt;&gt;&gt; Fierbinte!<\/span><\/strong><br \/>\n6.M\u0103r \u0219i struguri<br \/>\n7.Suc de c\u0103p\u0219uni \u0219i portocale<br \/>\n8. Ghea\u021b\u0103 de zmeur\u0103 albastr\u0103 <strong><span style=\"color: #ff0000;\">&gt;&gt;&gt;&gt; Fierbinte!<\/span><\/strong><br \/>\n9.Afine \u0219i pepene ro\u0219u <strong><span style=\"color: #ff0000;\">&gt;&gt;&gt;&gt; Cel mai bun!<\/span><\/strong><br \/>\n10.Mango, fructul pasiunii \u0219i guava<\/p>\n<figure id=\"attachment_3895\" aria-describedby=\"caption-attachment-3895\" style=\"width: 800px\" class=\"wp-caption alignnone\"><img decoding=\"async\" class=\"wp-image-3895 size-full\" src=\"https:\/\/vapestornado.com\/wp-content\/uploads\/2025\/03\/Zooy-Zero-45000-Puff-Vape-Bulk-Buy.webp\" alt=\"Zooy Zero 45000 Pufuri Vape Cump\u0103rare \u00een vrac\" width=\"800\" height=\"800\" srcset=\"https:\/\/vapestornado.com\/wp-content\/uploads\/2025\/03\/Zooy-Zero-45000-Puff-Vape-Bulk-Buy.webp 800w, https:\/\/vapestornado.com\/wp-content\/uploads\/2025\/03\/Zooy-Zero-45000-Puff-Vape-Bulk-Buy-300x300.webp 300w, https:\/\/vapestornado.com\/wp-content\/uploads\/2025\/03\/Zooy-Zero-45000-Puff-Vape-Bulk-Buy-150x150.webp 150w, https:\/\/vapestornado.com\/wp-content\/uploads\/2025\/03\/Zooy-Zero-45000-Puff-Vape-Bulk-Buy-768x768.webp 768w, https:\/\/vapestornado.com\/wp-content\/uploads\/2025\/03\/Zooy-Zero-45000-Puff-Vape-Bulk-Buy-600x600.webp 600w, https:\/\/vapestornado.com\/wp-content\/uploads\/2025\/03\/Zooy-Zero-45000-Puff-Vape-Bulk-Buy-100x100.webp 100w\" sizes=\"(max-width: 800px) 100vw, 800px\" \/><figcaption id=\"caption-attachment-3895\" class=\"wp-caption-text\">Zooy Zero 45000 Pufuri Vape Cump\u0103rare \u00een vrac<\/figcaption><\/figure>\n<\/div>\n<\/div>\n<\/div>\n<\/div>\n<\/div>\n<\/div>\n<\/div>\n<\/div>\n<\/article>\n<\/div>\n<\/div>\n<\/div>\n<\/div>\n<\/div>\n<\/div>\n<\/div>\n<\/div>\n<\/div>\n<\/div>\n<\/article>\n<h3>De ce s\u0103 alege\u021bi Vapestornado pentru ZOOY Zero 45000 45K Pufuri Digital Vape Cump\u0103rare \u00een vrac?<\/h3>\n<div class=\"flex-shrink-0 flex flex-col relative items-end\">\n<div class=\"pt-0\">\n<div class=\"gizmo-bot-avatar flex h-8 w-8 items-center justify-center overflow-hidden rounded-full\">\n<div class=\"relative p-1 rounded-sm flex items-center justify-center bg-token-main-surface-primary text-token-text-primary h-8 w-8\">\n<p data-start=\"88\" data-end=\"557\">C\u00e2nd vine vorba de <strong data-start=\"105\" data-end=\"154\">\u00a0achizi\u021bionarea de vape-uri de unic\u0103 folosin\u021b\u0103 de \u00eenalt\u0103 calitate<\/strong>, <strong data-start=\"156\" data-end=\"172\">Vapestornado<\/strong> este sursa principal\u0103 pentru pre\u021buri imbatabile de fabric\u0103 <strong data-start=\"208\" data-end=\"271\">livrare rapid\u0103 \u0219i servicii premium pentru clien\u021bi<\/strong>. Cump\u0103rarea <strong data-start=\"284\" data-end=\"322\">ZOOY Zero 45000 Pufuri Digital Vape<\/strong> \u00een vrac de la Vapestornado \u00eenseamn\u0103 c\u0103 ob\u021bine\u021bi <strong data-start=\"363\" data-end=\"400\">produse autentice, 100% originale<\/strong> cu cea mai recent\u0103 <strong data-start=\"417\" data-end=\"515\">tehnologie de afi\u0219are digital\u0103, comoditate re\u00eenc\u0103rcabil\u0103 de tip C \u0219i o capacitate masiv\u0103 de 45000 de pufuri<\/strong>\u2014toate la <strong data-start=\"527\" data-end=\"554\">cele mai mici pre\u021buri en-gros<\/strong>.<\/p>\n<p data-start=\"559\" data-end=\"933\" data-is-last-node=\"\" data-is-only-node=\"\">Cu <strong data-start=\"564\" data-end=\"641\">reduceri la comenzile \u00een vrac, inventar fiabil \u0219i un proces de comand\u0103 simplu<\/strong>, Vapestornado asigur\u0103 <strong data-start=\"664\" data-end=\"713\">proprietarii de magazine de vape, distribuitorii \u0219i comercian\u021bii cu am\u0103nuntul<\/strong> ob\u021bin o <strong data-start=\"720\" data-end=\"760\">afacere profitabil\u0103 la produse de top<\/strong>. Nu rata\u021bi <strong data-start=\"780\" data-end=\"839\">una dintre cele mai c\u0103utate vape de unic\u0103 folosin\u021b\u0103 re\u00eenc\u0103rcabile<\/strong>\u2014comanda\u021bi <strong data-start=\"851\" data-end=\"884\">ZOOY Zero 45000 \u00een vrac ast\u0103zi<\/strong> \u0219i men\u021bine\u021bi-v\u0103 clien\u021bii s\u0103 revin\u0103 pentru mai mult!<\/p>\n<p data-start=\"559\" data-end=\"933\" data-is-last-node=\"\" data-is-only-node=\"\">Avem \u0219i alte vape-uri cu ecran la mod\u0103, cum ar fi <a href=\"https:\/\/vapestornado.com\/ro\/product\/waspe-fihp-30000-puffs-smart-screen-vape-2-5-nicotine-wholesal\/\">WASPE 30K Mod Dual de Vapat<\/a>, <a href=\"https:\/\/vapestornado.com\/ro\/product\/vopk-ultra-40000-puffs-2-in-1-digital-screen-rechargeable-disposable-vape\/\">VOPK 40000 Pufuri Vape de Unic\u0103 Folosin\u021b\u0103<\/a>, <a href=\"https:\/\/vapestornado.com\/ro\/product\/vapsolo-galaxy-30000-vapers-30k-puff-disposable-vape-e-cigarette-with-smart-screen\/\">Vapsolo Galaxy 30000<\/a>, \u0219i altele.<\/p>\n<\/div>\n<div class=\"relative p-1 rounded-sm flex items-center justify-center bg-token-main-surface-primary text-token-text-primary h-8 w-8\">\n<h3>\u00centreb\u0103ri frecvente pentru vapa de unic\u0103 folosin\u021b\u0103 Bang Leader 50k Puffs<\/h3>\n<p data-start=\"1367\" data-end=\"1549\"><strong data-start=\"1367\" data-end=\"1413\">1. C\u00e2t timp dureaz\u0103 ZOOY Zero 45000?<\/strong><br data-start=\"1413\" data-end=\"1416\" \/>Cu o <strong data-start=\"1423\" data-end=\"1446\">capacitate de 45000 de pufuri<\/strong> si <strong data-start=\"1451\" data-end=\"1471\">35ml de e-lichid<\/strong>, aceast\u0103 \u021bigar\u0103 electronic\u0103 este construit\u0103 s\u0103 dureze mult mai mult dec\u00e2t cele standard de unic\u0103 folosin\u021b\u0103.<\/p>\n<p data-start=\"1551\" data-end=\"1775\"><strong data-start=\"1551\" data-end=\"1602\">2. Ce face ecranul inteligent de afi\u0219are special?<\/strong><br data-start=\"1602\" data-end=\"1605\" \/>Sistemul <strong data-start=\"1609\" data-end=\"1633\">ecran tactil<\/strong> ofer\u0103 actualiz\u0103ri \u00een timp real despre <strong data-start=\"1664\" data-end=\"1715\">starea bateriei, num\u0103rul de pufuri \u0219i nivelurile de e-lichid<\/strong>, oferindu-v\u0103 control total asupra experien\u021bei dumneavoastr\u0103 de vaping.<\/p>\n<p data-start=\"1777\" data-end=\"1934\"><strong data-start=\"1777\" data-end=\"1820\">3. Este ZOOY Zero 45000 re\u00eenc\u0103rcabil?<\/strong><br data-start=\"1820\" data-end=\"1823\" \/>Da! Dispune de un <strong data-start=\"1842\" data-end=\"1873\">Sistem de \u00eenc\u0103rcare rapid\u0103 Type-C<\/strong>, permi\u021b\u00e2ndu-v\u0103 s\u0103-l re\u00eenc\u0103rca\u021bi rapid \u0219i s\u0103-i prelungi\u021bi durata de via\u021b\u0103.<\/p>\n<p data-start=\"1936\" data-end=\"2093\"><strong data-start=\"1936\" data-end=\"1978\">4. Ce niveluri de nicotin\u0103 sunt disponibile?<\/strong><br data-start=\"1978\" data-end=\"1981\" \/>Acest dispozitiv este disponibil \u00een <strong data-start=\"2002\" data-end=\"2039\">Concentra\u021bii de nicotin\u0103 salin\u0103 de 2%, 3% \u0219i 5%<\/strong>, asigur\u00e2nd op\u021biuni pentru diferite preferin\u021be de vaping.<\/p>\n<p data-start=\"2095\" data-end=\"2317\"><strong data-start=\"2095\" data-end=\"2158\">5. De unde pot cump\u0103ra ZOOY Zero 45000 la pre\u021buri angro?<\/strong><br data-start=\"2158\" data-end=\"2161\" \/>Pentru <strong data-start=\"2165\" data-end=\"2202\">comenzi \u00een vrac \u0219i pre\u021buri en-gros<\/strong>, vizita\u021bi <strong data-start=\"2210\" data-end=\"2243\">magazinul online de vape Vapestornado<\/strong>, sursa ta de \u00eencredere pentru <strong data-start=\"2269\" data-end=\"2314\">vape-uri de unic\u0103 folosin\u021b\u0103 accesibile \u0219i de \u00eenalt\u0103 calitate<\/strong>.<\/p>\n<\/div>\n<\/div>\n<\/div>\n<\/div>","protected":false},"excerpt":{"rendered":"<p>Sistemul <strong data-start=\"1489\" data-end=\"1513\">ZOOY Zero 45000 Vape<\/strong> ofer\u0103 o capacitate masiv\u0103 de pufuri, ecran tactil inteligent \u0219i alimentare re\u00eenc\u0103rcabil\u0103 de tip C. Un dispozitiv premium de unic\u0103 folosin\u021b\u0103, construit pentru <strong data-start=\"1628\" data-end=\"1663\">cump\u0103r\u0103tori angro \u00een vrac din Europa<\/strong>.<\/p>\n<p><strong>Ad\u0103uga\u021bi-o pe Amy pe WhatsApp pentru a ob\u021bine un r\u0103spuns corect \u0219i un pre\u021b redus!<\/strong><\/p>\n<p><img fetchpriority=\"high\" decoding=\"async\" class=\"size-full wp-image-2932\" src=\"https:\/\/vapestornado.com\/wp-content\/uploads\/2024\/12\/Vape-Wholesale.jpg\" alt=\"\u021aig\u0103ri electronice cu ridicata\" width=\"229\" height=\"300\" \/><\/p>\n<h3><a href=\"https:\/\/wa.me\/8617776015835\"><span style=\"color: #ff0000;\"><strong>WhatsApp: +86 17776015835<\/strong><\/span><\/a><\/h3>\n<p>&nbsp;<\/p>","protected":false},"featured_media":3897,"comment_status":"open","ping_status":"closed","template":"","meta":{"_acf_changed":false,"_uag_custom_page_level_css":"","_lmt_disableupdate":"no","_lmt_disable":"","_monsterinsights_skip_tracking":false,"_monsterinsights_sitenote_active":false,"_monsterinsights_sitenote_note":"","_monsterinsights_sitenote_category":0,"site-sidebar-layout":"default","site-content-layout":"","ast-site-content-layout":"default","site-content-style":"default","site-sidebar-style":"default","ast-global-header-display":"","ast-banner-title-visibility":"","ast-main-header-display":"","ast-hfb-above-header-display":"","ast-hfb-below-header-display":"","ast-hfb-mobile-header-display":"","site-post-title":"","ast-breadcrumbs-content":"","ast-featured-img":"","footer-sml-layout":"","ast-disable-related-posts":"","theme-transparent-header-meta":"default","adv-header-id-meta":"","stick-header-meta":"","header-above-stick-meta":"","header-main-stick-meta":"","header-below-stick-meta":"","astra-migrate-meta-layouts":"set","ast-page-background-enabled":"default","ast-page-background-meta":{"desktop":{"background-color":"","background-image":"","background-repeat":"repeat","background-position":"center center","background-size":"auto","background-attachment":"scroll","background-type":"","background-media":"","overlay-type":"","overlay-color":"","overlay-opacity":"","overlay-gradient":""},"tablet":{"background-color":"","background-image":"","background-repeat":"repeat","background-position":"center center","background-size":"auto","background-attachment":"scroll","background-type":"","background-media":"","overlay-type":"","overlay-color":"","overlay-opacity":"","overlay-gradient":""},"mobile":{"background-color":"","background-image":"","background-repeat":"repeat","background-position":"center center","background-size":"auto","background-attachment":"scroll","background-type":"","background-media":"","overlay-type":"","overlay-color":"","overlay-opacity":"","overlay-gradient":""}},"ast-content-background-meta":{"desktop":{"background-color":"var(--ast-global-color-5)","background-image":"","background-repeat":"repeat","background-position":"center center","background-size":"auto","background-attachment":"scroll","background-type":"","background-media":"","overlay-type":"","overlay-color":"","overlay-opacity":"","overlay-gradient":""},"tablet":{"background-color":"var(--ast-global-color-5)","background-image":"","background-repeat":"repeat","background-position":"center center","background-size":"auto","background-attachment":"scroll","background-type":"","background-media":"","overlay-type":"","overlay-color":"","overlay-opacity":"","overlay-gradient":""},"mobile":{"background-color":"var(--ast-global-color-5)","background-image":"","background-repeat":"repeat","background-position":"center center","background-size":"auto","background-attachment":"scroll","background-type":"","background-media":"","overlay-type":"","overlay-color":"","overlay-opacity":"","overlay-gradient":""}},"_joinchat":{"telephone":"17776015835"}},"product_brand":[],"product_cat":[265,154,155,142,283],"product_tag":[94,268,267,93,269,266],"class_list":{"0":"post-3898","1":"product","2":"type-product","3":"status-publish","4":"has-post-thumbnail","6":"product_cat-45000-puff","7":"product_cat-buy-disposable-vapes-in-netherlands","8":"product_cat-buy-disposable-vapes-in-norway","9":"product_cat-digital-box-disposable-vapes","10":"product_cat-zooy-vape","11":"product_tag-rechargeable-disposable-vape","12":"product_tag-touch-screen-vape","13":"product_tag-vape-from-eu-warehouse","14":"product_tag-vape-wholesale","15":"product_tag-vape-with-screen","16":"product_tag-zooy-zero-45k","17":"desktop-align-left","18":"tablet-align-left","19":"mobile-align-left","21":"first","22":"instock","23":"sale","24":"shipping-taxable","25":"purchasable","26":"product-type-simple"},"acf":[],"uagb_featured_image_src":{"full":["https:\/\/vapestornado.com\/wp-content\/uploads\/2025\/03\/ZOOY-ZERO-45000-Puffs-Wholesale-Good-Price.webp",800,800,false],"thumbnail":["https:\/\/vapestornado.com\/wp-content\/uploads\/2025\/03\/ZOOY-ZERO-45000-Puffs-Wholesale-Good-Price-150x150.webp",150,150,true],"medium":["https:\/\/vapestornado.com\/wp-content\/uploads\/2025\/03\/ZOOY-ZERO-45000-Puffs-Wholesale-Good-Price-300x300.webp",300,300,true],"medium_large":["https:\/\/vapestornado.com\/wp-content\/uploads\/2025\/03\/ZOOY-ZERO-45000-Puffs-Wholesale-Good-Price-768x768.webp",768,768,true],"large":["https:\/\/vapestornado.com\/wp-content\/uploads\/2025\/03\/ZOOY-ZERO-45000-Puffs-Wholesale-Good-Price.webp",800,800,false],"1536x1536":["https:\/\/vapestornado.com\/wp-content\/uploads\/2025\/03\/ZOOY-ZERO-45000-Puffs-Wholesale-Good-Price.webp",800,800,false],"2048x2048":["https:\/\/vapestornado.com\/wp-content\/uploads\/2025\/03\/ZOOY-ZERO-45000-Puffs-Wholesale-Good-Price.webp",800,800,false],"trp-custom-language-flag":["https:\/\/vapestornado.com\/wp-content\/uploads\/2025\/03\/ZOOY-ZERO-45000-Puffs-Wholesale-Good-Price.webp",12,12,false],"woocommerce_thumbnail":["https:\/\/vapestornado.com\/wp-content\/uploads\/2025\/03\/ZOOY-ZERO-45000-Puffs-Wholesale-Good-Price-300x300.webp",300,300,true],"woocommerce_single":["https:\/\/vapestornado.com\/wp-content\/uploads\/2025\/03\/ZOOY-ZERO-45000-Puffs-Wholesale-Good-Price-600x600.webp",600,600,true],"woocommerce_gallery_thumbnail":["https:\/\/vapestornado.com\/wp-content\/uploads\/2025\/03\/ZOOY-ZERO-45000-Puffs-Wholesale-Good-Price-100x100.webp",100,100,true]},"uagb_author_info":{"display_name":"ESAMY","author_link":"https:\/\/vapestornado.com\/ro\/author\/"},"uagb_comment_info":0,"uagb_excerpt":"The ZOOY Zero 45000 Vape delivers massive puff capacity, smart touch screen, and Type-C rechargeable power. A premium disposable built for bulk wholesale buyers in Europe. Add Amy's whatsapp to get right reply and discount price! WhatsApp: +86 17776015835 &nbsp;","_links":{"self":[{"href":"https:\/\/vapestornado.com\/ro\/wp-json\/wp\/v2\/product\/3898","targetHints":{"allow":["GET"]}}],"collection":[{"href":"https:\/\/vapestornado.com\/ro\/wp-json\/wp\/v2\/product"}],"about":[{"href":"https:\/\/vapestornado.com\/ro\/wp-json\/wp\/v2\/types\/product"}],"replies":[{"embeddable":true,"href":"https:\/\/vapestornado.com\/ro\/wp-json\/wp\/v2\/comments?post=3898"}],"wp:featuredmedia":[{"embeddable":true,"href":"https:\/\/vapestornado.com\/ro\/wp-json\/wp\/v2\/media\/3897"}],"wp:attachment":[{"href":"https:\/\/vapestornado.com\/ro\/wp-json\/wp\/v2\/media?parent=3898"}],"wp:term":[{"taxonomy":"product_brand","embeddable":true,"href":"https:\/\/vapestornado.com\/ro\/wp-json\/wp\/v2\/product_brand?post=3898"},{"taxonomy":"product_cat","embeddable":true,"href":"https:\/\/vapestornado.com\/ro\/wp-json\/wp\/v2\/product_cat?post=3898"},{"taxonomy":"product_tag","embeddable":true,"href":"https:\/\/vapestornado.com\/ro\/wp-json\/wp\/v2\/product_tag?post=3898"}],"curies":[{"name":"wp","href":"https:\/\/api.w.org\/{rel}","templated":true}]}}