{"id":3890,"date":"2025-03-18T02:33:25","date_gmt":"2025-03-18T02:33:25","guid":{"rendered":"https:\/\/vapestornado.com\/?post_type=product&#038;p=3890"},"modified":"2025-12-04T08:58:11","modified_gmt":"2025-12-04T08:58:11","slug":"original-bang-leader-20000-puff-crystal-disposable-vape-box-20k-puffs-wholesale-vapers","status":"publish","type":"product","link":"https:\/\/vapestornado.com\/ro\/product\/original-bang-leader-20000-puff-crystal-disposable-vape-box-20k-puffs-wholesale-vapers\/","title":{"rendered":"Bang Leader Original 20000 Puff Crystal Cutie Vape de Unic\u0103 Folosin\u021b\u0103 20K Puff-uri V\u00e2nzare cu Ridicata pentru Vaperi"},"content":{"rendered":"<h1 data-pm-slice=\"1 1 []\">Bang Leader Original 20000 Puff Crystal Cutie Vape de Unic\u0103 Folosin\u021b\u0103 20K Puff-uri V\u00e2nzare cu Ridicata pentru Vaperi<\/h1>\n<p data-start=\"1084\" data-end=\"1266\">Bang Leader 20000 Puff Crystal este un dispozitiv de unic\u0103 folosin\u021b\u0103 cu 20.000 de pufuri, cu un rezervor de 28 ml, baterie re\u00eenc\u0103rcabil\u0103 Type-C de 650 mAh, rezisten\u021be dual mesh \u0219i un corp de cristal cu \u0219nur \u2013 creat pentru utilizare \u00eendelungat\u0103, arom\u0103 constant\u0103 \u0219i transport facil.<\/p>\n<p data-start=\"584\" data-end=\"867\">Dispozitivul este evaluat pentru <strong data-start=\"679\" data-end=\"701\">p\u00e2n\u0103 la 20.000 de pufuri<\/strong> \u0219i de\u021bine <strong data-start=\"712\" data-end=\"732\">28 ml de e-lichid<\/strong>, astfel \u00eenc\u00e2t majoritatea utilizatorilor ob\u021bin o durat\u0103 de func\u021bionare mult mai mare dec\u00e2t modelele de 5k\u201310k. Mai pu\u021bine \u00eenlocuiri \u00eenseamn\u0103, de asemenea, mai pu\u021bine b\u0103t\u0103i de cap \u0219i un cost mai mic per puf \u00een timp. Bang Leader 20000 Puff Crystal vape de unic\u0103 folosin\u021b\u0103 folose\u0219te <strong data-start=\"956\" data-end=\"975\">rezisten\u021be dual mesh<\/strong>, care \u00eenc\u0103lzesc e-lichidul uniform. Asta ajut\u0103 la men\u021binerea unui flux lin \u0219i a unei arome constante de la \u00eenceput p\u00e2n\u0103 la sf\u00e2r\u0219itul rezervorului, \u00een loc s\u0103 scad\u0103 la jum\u0103tate.<\/p>\n<p data-start=\"584\" data-end=\"867\">Sistemul <strong data-start=\"1193\" data-end=\"1227\">Bateria de 650 mAh este re\u00eenc\u0103rcabil\u0103<\/strong>, astfel \u00eenc\u00e2t po\u021bi re\u00eenc\u0103rca \u0219i termina tot lichidul f\u0103r\u0103 ca dispozitivul s\u0103 se descarce prematur. Acest Bang Leader 20000 Puff vape de unic\u0103 folosin\u021b\u0103 vine cu <strong data-start=\"1307\" data-end=\"1326\">\u00eenc\u0103rcare de tip C<\/strong> este compatibil pe scar\u0103 larg\u0103 \u0219i rapid, astfel \u00eenc\u00e2t po\u021bi reveni la vapat f\u0103r\u0103 pauze lungi. <strong data-start=\"1461\" data-end=\"1483\">Corpul \u00een stil cristal<\/strong> este compact \u0219i robust, iar <strong data-start=\"1524\" data-end=\"1535\">\u0219nurul<\/strong> inclus \u00eel face u\u0219or de \u021binut la \u00eendem\u00e2n\u0103 c\u00e2nd e\u0219ti afar\u0103. Este conceput pentru transportul zilnic f\u0103r\u0103 a se sim\u021bi voluminos. Op\u021biunile de concentra\u021bie de nicotin\u0103 includ <strong data-start=\"1712\" data-end=\"1743\">0%, 2%, 3% \u0219i 5% nicotin\u0103<\/strong><\/p>\n<p><strong><span style=\"color: #ff0000;\">Adaug\u0103-o pe Amy pe WhatsApp pentru a ob\u021bine un r\u0103spuns rapid \u0219i un pre\u021b redus!<\/span><\/strong><\/p>\n<p><img fetchpriority=\"high\" decoding=\"async\" class=\"size-full wp-image-2932\" src=\"https:\/\/vapestornado.com\/wp-content\/uploads\/2024\/12\/Vape-Wholesale.jpg\" alt=\"\u021aig\u0103ri electronice cu ridicata\" width=\"229\" height=\"300\" \/><\/p>\n<h3><a href=\"https:\/\/wa.me\/8617776015835\" target=\"_blank\" rel=\"noopener\"><span style=\"color: #ff0000;\"><strong>WhatsApp: +86 17776015835<\/strong><\/span><\/a><\/h3>\n<p>&nbsp;<\/p>\n<h2><strong>Bang Leader 20000 Puff Crystal Vape Caracteristici cheie ale produsului<\/strong><\/h2>\n<table>\n<thead>\n<tr>\n<th>Caracteristic\u0103<\/th>\n<th align=\"right\">Specifica\u021bii<\/th>\n<th><\/th>\n<\/tr>\n<\/thead>\n<tbody>\n<tr>\n<td>Numele produsului<\/td>\n<td align=\"right\">Vape de unic\u0103 folosin\u021b\u0103 Bang Leader 20000 Puff Crystal<\/td>\n<td>U\u0219or de identificat pentru cump\u0103r\u0103torii fideli.<\/td>\n<\/tr>\n<tr>\n<td>Capacitate Pufuri<\/td>\n<td align=\"right\">P\u00e2n\u0103 la 20.000 de pufuri<\/td>\n<td>Utilizare de lung\u0103 durat\u0103; mai pu\u021bine \u00eenlocuiri dec\u00e2t dispozitivele de unic\u0103 folosin\u021b\u0103 standard.<\/td>\n<\/tr>\n<tr>\n<td>Volumul lichidului electronic<\/td>\n<td align=\"right\">28 ml pre-umplut<\/td>\n<td>Rezervor mare care sus\u021bine num\u0103rul complet de pufuri f\u0103r\u0103 reumplere.<\/td>\n<\/tr>\n<tr>\n<td>Baterie<\/td>\n<td align=\"right\">650mAh re\u00eenc\u0103rcabil<\/td>\n<td>Re\u00eencarc\u0103 pentru a folosi tot e-lichidul \u00een loc s\u0103 pierzi pufuri.<\/td>\n<\/tr>\n<tr>\n<td>\u00cenc\u0103rcare<\/td>\n<td align=\"right\">USB Type-C<\/td>\n<td>Standard comun de cablu; mai rapid \u0219i mai u\u0219or de g\u0103sit.<\/td>\n<\/tr>\n<tr>\n<td>Tip de bobin\u0103<\/td>\n<td align=\"right\">Bobin\u0103 dubl\u0103 tip plas\u0103<\/td>\n<td>\u00cenc\u0103lzire uniform\u0103 = vapori mai netezi \u0219i arom\u0103 mai stabil\u0103.<\/td>\n<\/tr>\n<tr>\n<td>Op\u021biuni de nicotin\u0103<\/td>\n<td align=\"right\">0% \/ 2% \/ 3% \/ 5%<\/td>\n<td>Permite utilizatorilor s\u0103 aleag\u0103 nivelul de nicotin\u0103 care le corespunde nevoilor.<\/td>\n<\/tr>\n<tr>\n<td>Design<\/td>\n<td align=\"right\">Corp de cristal + snur de lanyard<\/td>\n<td>Compact \u0219i u\u0219or de purtat f\u0103r\u0103 m\u00e2ini.<\/td>\n<\/tr>\n<tr>\n<td>Activare<\/td>\n<td align=\"right\">Activare prin tragere<\/td>\n<td>F\u0103r\u0103 butoane; inhaleaz\u0103 pentru a vapora.<\/td>\n<\/tr>\n<\/tbody>\n<\/table>\n<h2 class=\"product-title\"><strong>Lista de arome Bang Leader 20k Puffs Box Vape<\/strong><\/h2>\n<article class=\"group\/turn w-full text-token-text-primary focus-visible:outline-2 focus-visible:outline-offset-[-4px]\" dir=\"auto\" data-testid=\"conversation-turn-61\" data-scroll-anchor=\"true\">\n<div class=\"text-base my-auto mx-auto py-[18px] px-6\">\n<div class=\"mx-auto flex flex-1 text-base gap-4 md:gap-5 lg:gap-6 md:max-w-3xl lg:max-w-[40rem] xl:max-w-[48rem]\">\n<div class=\"group\/conversation-turn relative flex w-full min-w-0 flex-col agent-turn @xs\/thread:px-0 @sm\/thread:px-1.5 @md\/thread:px-4\">\n<div class=\"flex-col gap-1 md:gap-3\">\n<div class=\"flex max-w-full flex-col flex-grow\">\n<div class=\"min-h-8 text-message relative flex w-full flex-col items-end gap-2 whitespace-normal break-words text-start [.text-message+&amp;]:mt-5\" dir=\"auto\" data-message-author-role=\"assistant\" data-message-id=\"762d7e41-70d5-4ddf-94cb-85ef5025d3a8\" data-message-model-slug=\"gpt-4o\">\n<div class=\"flex w-full flex-col gap-1 empty:hidden first:pt-[3px]\">\n<div class=\"markdown prose w-full break-words dark:prose-invert light\">\n<p>&nbsp;<\/p>\n<p>1. Pepene verde cu ghea\u021b\u0103 <strong><span style=\"color: #ff0000;\">&gt;&gt;&gt;&gt; Fierbinte!<\/span><\/strong><\/p>\n<p>2. C\u0103p\u0219uni Kiwi<\/p>\n<p>3. Ghea\u021b\u0103 de c\u0103p\u0219uni <strong><span style=\"color: #ff0000;\">&gt;&gt;&gt;&gt; Fierbinte!<\/span><\/strong><\/p>\n<p>4. Mango Piersic\u0103<\/p>\n<p>5. Zmeur\u0103 cu afine <strong><span style=\"color: #ff0000;\">&gt;&gt;&gt;&gt; Cel mai bun!<\/span><\/strong><\/p>\n<p>6. Ment\u0103 cu afine<\/p>\n<p>7. Fructe amestecate <strong><span style=\"color: #ff0000;\">&gt;&gt;&gt;&gt; Fierbinte!<\/span><\/strong><\/p>\n<p>8. C\u0103p\u0219uni Pepene Verde<\/p>\n<p>9. Ghea\u021b\u0103 de struguri<\/p>\n<p>10. Gum\u0103 de mestecat cu pepene verde<\/p>\n<p>11. Ghea\u021b\u0103 de afine <strong><span style=\"color: #ff0000;\">&gt;&gt;&gt;&gt; Fierbinte!<\/span><\/strong><\/p>\n<p>12. Ghea\u021b\u0103 de piersici<\/p>\n<\/div>\n<\/div>\n<\/div>\n<\/div>\n<\/div>\n<\/div>\n<\/div>\n<\/div>\n<\/article>\n<article class=\"w-full text-token-text-primary focus-visible:outline-2 focus-visible:outline-offset-[-4px]\" dir=\"auto\" data-testid=\"conversation-turn-32\" data-scroll-anchor=\"false\">\n<div class=\"m-auto text-base py-[18px] px-6\">\n<div class=\"mx-auto flex flex-1 text-base gap-4 md:gap-5 lg:gap-6 md:max-w-3xl lg:max-w-[40rem] xl:max-w-[48rem]\">\n<div class=\"group\/conversation-turn relative flex w-full min-w-0 flex-col @xs\/thread:px-0 @sm\/thread:px-1.5 @md\/thread:px-4\">\n<div class=\"flex-col gap-1 md:gap-3\">\n<div class=\"flex max-w-full flex-col flex-grow\">\n<div class=\"min-h-8 text-message flex w-full flex-col items-end gap-2 whitespace-normal break-words text-start [.text-message+&amp;]:mt-5\" dir=\"auto\" data-message-author-role=\"user\" data-message-id=\"ffac41ca-1db4-431b-873a-32c4052956f1\">\n<div class=\"flex w-full flex-col gap-1 empty:hidden items-end rtl:items-start\">\n<div class=\"relative max-w-[var(--user-chat-width,70%)] rounded-3xl bg-token-message-surface px-5 py-2.5\">\n<div class=\"absolute bottom-0 right-full top-0 -mr-3.5 hidden pr-5 pt-2 [.group\/conversation-turn:hover_&amp;]:flex\">\n<div class=\"flex\">\n<article class=\"w-full text-token-text-primary focus-visible:outline-2 focus-visible:outline-offset-[-4px]\" dir=\"auto\" data-testid=\"conversation-turn-39\" data-scroll-anchor=\"true\">\n<div class=\"m-auto text-base py-[18px] px-6\">\n<div class=\"mx-auto flex flex-1 text-base gap-4 md:gap-5 lg:gap-6 md:max-w-3xl lg:max-w-[40rem] xl:max-w-[48rem]\">\n<div class=\"group\/conversation-turn relative flex w-full min-w-0 flex-col agent-turn @xs\/thread:px-0 @sm\/thread:px-1.5 @md\/thread:px-4\">\n<div class=\"flex-col gap-1 md:gap-3\">\n<div class=\"flex max-w-full flex-col flex-grow\">\n<div class=\"min-h-8 text-message flex w-full flex-col items-end gap-2 whitespace-normal break-words text-start [.text-message+&amp;]:mt-5\" dir=\"auto\" data-message-author-role=\"assistant\" data-message-id=\"55a23854-ec57-48dd-bd4f-6118f43d6241\" data-message-model-slug=\"gpt-4o\">\n<div class=\"flex w-full flex-col gap-1 empty:hidden first:pt-[3px]\">\n<div class=\"markdown prose w-full break-words dark:prose-invert light\"><\/div>\n<\/div>\n<\/div>\n<\/div>\n<\/div>\n<\/div>\n<\/div>\n<\/div>\n<\/article>\n<\/div>\n<\/div>\n<\/div>\n<\/div>\n<\/div>\n<\/div>\n<\/div>\n<\/div>\n<\/div>\n<\/div>\n<\/article>\n<h3>De ce s\u0103 alege\u021bi Vapestornado pentru comanda \u00een vrac de vape re\u00eenc\u0103rcabile Bang 20k Crystal Puffs?<\/h3>\n<div class=\"flex-shrink-0 flex flex-col relative items-end\">\n<div class=\"pt-0\">\n<div class=\"gizmo-bot-avatar flex h-8 w-8 items-center justify-center overflow-hidden rounded-full\">\n<div class=\"relative p-1 rounded-sm flex items-center justify-center bg-token-main-surface-primary text-token-text-primary h-8 w-8\">\n<p data-start=\"75\" data-end=\"479\">C\u00e2nd vine vorba de <strong data-start=\"92\" data-end=\"117\">vape-uri de unic\u0103 folosin\u021b\u0103 \u00een vrac<\/strong>, <strong data-start=\"119\" data-end=\"152\">magazinul online de vape-uri Vapestornado<\/strong> este destina\u021bia preferat\u0103 pentru<strong data-start=\"182\" data-end=\"202\">\u00a0cump\u0103r\u0103tori<\/strong> care caut\u0103 <strong data-start=\"215\" data-end=\"257\">pre\u021buri accesibile \u0219i calitate superioar\u0103<\/strong>. Oferim <strong data-start=\"268\" data-end=\"299\">pre\u021buri exclusive de en-gros<\/strong> pentru Bang Leader 50000 Puffs, permi\u021b\u00e2nd comercian\u021bilor cu am\u0103nuntul \u0219i distribuitorilor s\u0103 se aprovizioneze cu unul dintre cele mai solicitate <a href=\"https:\/\/vapestornado.com\/ro\/product-category\/rechargeable-disposable-vapes\/\"><strong data-start=\"412\" data-end=\"445\">\u021aig\u0103ri electronice de unic\u0103 folosin\u021b\u0103 re\u00eenc\u0103rcabile<\/strong><\/a>\u00a0cu un <strong data-start=\"453\" data-end=\"476\">Afi\u0219aj LCD digital<\/strong>.<\/p>\n<\/div>\n<div class=\"relative p-1 rounded-sm flex items-center justify-center bg-token-main-surface-primary text-token-text-primary h-8 w-8\">\n<h3>\u00centreb\u0103ri frecvente pentru Bang Leader 20k Puffs Disposable Vaper<\/h3>\n<p data-start=\"2819\" data-end=\"3064\"><strong data-start=\"2819\" data-end=\"2897\">1. Au nevoie dispozitivele de un \u00eenc\u0103rc\u0103tor special pentru Bang Leader 20000 Puff?<\/strong><br data-start=\"2897\" data-end=\"2900\" \/>Nu. <strong data-start=\"2908\" data-end=\"2958\">Vape de unic\u0103 folosin\u021b\u0103 Bang Leader 20000 Puff Crystal<\/strong> folose\u0219te unul standard <strong data-start=\"2973\" data-end=\"2996\">\u00cenc\u0103rcare USB Type-C<\/strong>, astfel \u00eenc\u00e2t orice cablu Type-C normal \u0219i un adaptor USB sigur vor func\u021biona.<\/p>\n<p data-start=\"3066\" data-end=\"3364\"><strong data-start=\"3066\" data-end=\"3149\">2. Fac dispozitivele de unic\u0103 folosin\u021b\u0103 mai rapid dependen\u021bi, inclusiv Bang Leader 20000 Puff?<\/strong><br data-start=\"3149\" data-end=\"3152\" \/>Riscul de dependen\u021b\u0103 depinde de <strong data-start=\"3178\" data-end=\"3224\">concentra\u021bia de nicotin\u0103 \u0219i de frecven\u021ba utiliz\u0103rii<\/strong>, nu doar num\u0103rul de pufuri. The <strong data-start=\"3252\" data-end=\"3278\">Bang Leader 20000 Puff<\/strong> vine \u00een <strong data-start=\"3288\" data-end=\"3310\">0%, 2%, 3% \u0219i 5%<\/strong> astfel \u00eenc\u00e2t utilizatorii pot alege un nivel care s\u0103 corespund\u0103 obiectivelor lor.<\/p>\n<p data-start=\"3366\" data-end=\"3666\"><strong data-start=\"3366\" data-end=\"3451\">3. Care dispozitiv de unic\u0103 folosin\u021b\u0103 dureaz\u0103 mai mult: Bang Leader 20000 Puff sau un vape de 10.000 pufuri?<\/strong><br data-start=\"3451\" data-end=\"3454\" \/>\u00cen utilizarea de zi cu zi, <strong data-start=\"3475\" data-end=\"3501\">Bang Leader 20000 Puff<\/strong> dureaz\u0103 de obicei mai mult deoarece combin\u0103 <strong data-start=\"3545\" data-end=\"3602\">20.000 de pufuri + 28ml lichid e-\u021bigaret\u0103 + o baterie re\u00eenc\u0103rcabil\u0103<\/strong>, \u00een timp ce majoritatea dispozitivelor de 10k au rezervoare mai mici \u0219i durat\u0103 de func\u021bionare mai scurt\u0103.<\/p>\n<p data-start=\"3668\" data-end=\"3920\"><strong data-start=\"3668\" data-end=\"3737\">4. Este Bang Leader 20000 Puff bun pentru arom\u0103 pe termen lung?<\/strong><br data-start=\"3737\" data-end=\"3740\" \/>Da. <strong data-start=\"3749\" data-end=\"3767\">rezisten\u021ba dubl\u0103 tip mesh<\/strong> configurarea este conceput\u0103 pentru a men\u021bine vapori netezi \u0219i arom\u0103 constant\u0103 pe o rezerv\u0103 mare, ceea ce ajut\u0103 la evitarea gustului estompat pe care \u00eel dezvolt\u0103 unele dispozitive de unic\u0103 folosin\u021b\u0103 cu mul\u021bi pufuri mai t\u00e2rziu.<\/p>\n<p data-start=\"3922\" data-end=\"4213\"><strong data-start=\"3922\" data-end=\"3995\">5. Pot s\u0103 iau un vape de unic\u0103 folosin\u021b\u0103 Bang Leader 20000 Puff cu mine pe avion?<\/strong><br data-start=\"3995\" data-end=\"3998\" \/>Majoritatea companiilor aeriene permit dispozitivele de unic\u0103 folosin\u021b\u0103 <strong data-start=\"4030\" data-end=\"4058\">doar \u00een bagaj de m\u00e2n\u0103<\/strong>, nu \u00een bagaje de cal\u0103, din cauza regulilor privind bateria. P\u0103streaz\u0103-\u021bi <strong data-start=\"4114\" data-end=\"4164\">Vape de unic\u0103 folosin\u021b\u0103 Bang Leader 20000 Puff Crystal<\/strong> sigilat \u0219i verific\u0103 politicile companiei aeriene \u00eenainte de zbor.<\/p>\n<\/div>\n<\/div>\n<\/div>\n<\/div>","protected":false},"excerpt":{"rendered":"<p>Cea mai bun\u0103 \u021bigar\u0103 electronic\u0103 de unic\u0103 folosin\u021b\u0103 Bang Leader 20000 Puffs Crystal Vape<br \/>\nBang Leader 20000 Puff Crystal Vape de unic\u0103 folosin\u021b\u0103, en-gros<br \/>\nBang Vape 20000 20K Puffs Re\u00eenc\u0103rcabil\u0103 de unic\u0103 folosin\u021b\u0103<\/p>\n<p><strong>Ad\u0103uga\u021bi-o pe Amy pe WhatsApp pentru a ob\u021bine un r\u0103spuns corect \u0219i un pre\u021b redus!<\/strong><\/p>\n<p><img fetchpriority=\"high\" decoding=\"async\" class=\"size-full wp-image-2932\" src=\"https:\/\/vapestornado.com\/wp-content\/uploads\/2024\/12\/Vape-Wholesale.jpg\" alt=\"\u021aig\u0103ri electronice cu ridicata\" width=\"229\" height=\"300\" \/><\/p>\n<h3><a href=\"https:\/\/wa.me\/8617776015835\"><span style=\"color: #ff0000;\"><strong>WhatsApp: +86 17776015835<\/strong><\/span><\/a><\/h3>\n<p>&nbsp;<\/p>","protected":false},"featured_media":3876,"comment_status":"open","ping_status":"closed","template":"","meta":{"_acf_changed":false,"_uag_custom_page_level_css":"","_lmt_disableupdate":"no","_lmt_disable":"","_monsterinsights_skip_tracking":false,"_monsterinsights_sitenote_active":false,"_monsterinsights_sitenote_note":"","_monsterinsights_sitenote_category":0,"site-sidebar-layout":"default","site-content-layout":"","ast-site-content-layout":"default","site-content-style":"default","site-sidebar-style":"default","ast-global-header-display":"","ast-banner-title-visibility":"","ast-main-header-display":"","ast-hfb-above-header-display":"","ast-hfb-below-header-display":"","ast-hfb-mobile-header-display":"","site-post-title":"","ast-breadcrumbs-content":"","ast-featured-img":"","footer-sml-layout":"","ast-disable-related-posts":"","theme-transparent-header-meta":"default","adv-header-id-meta":"","stick-header-meta":"","header-above-stick-meta":"","header-main-stick-meta":"","header-below-stick-meta":"","astra-migrate-meta-layouts":"set","ast-page-background-enabled":"default","ast-page-background-meta":{"desktop":{"background-color":"","background-image":"","background-repeat":"repeat","background-position":"center center","background-size":"auto","background-attachment":"scroll","background-type":"","background-media":"","overlay-type":"","overlay-color":"","overlay-opacity":"","overlay-gradient":""},"tablet":{"background-color":"","background-image":"","background-repeat":"repeat","background-position":"center center","background-size":"auto","background-attachment":"scroll","background-type":"","background-media":"","overlay-type":"","overlay-color":"","overlay-opacity":"","overlay-gradient":""},"mobile":{"background-color":"","background-image":"","background-repeat":"repeat","background-position":"center center","background-size":"auto","background-attachment":"scroll","background-type":"","background-media":"","overlay-type":"","overlay-color":"","overlay-opacity":"","overlay-gradient":""}},"ast-content-background-meta":{"desktop":{"background-color":"var(--ast-global-color-5)","background-image":"","background-repeat":"repeat","background-position":"center center","background-size":"auto","background-attachment":"scroll","background-type":"","background-media":"","overlay-type":"","overlay-color":"","overlay-opacity":"","overlay-gradient":""},"tablet":{"background-color":"var(--ast-global-color-5)","background-image":"","background-repeat":"repeat","background-position":"center center","background-size":"auto","background-attachment":"scroll","background-type":"","background-media":"","overlay-type":"","overlay-color":"","overlay-opacity":"","overlay-gradient":""},"mobile":{"background-color":"var(--ast-global-color-5)","background-image":"","background-repeat":"repeat","background-position":"center center","background-size":"auto","background-attachment":"scroll","background-type":"","background-media":"","overlay-type":"","overlay-color":"","overlay-opacity":"","overlay-gradient":""}},"_joinchat":{"telephone":"17776015835"}},"product_brand":[],"product_cat":[19,69,278,150,160,141,144],"product_tag":[472,263,196,120,94,240,93],"class_list":{"0":"post-3890","1":"product","2":"type-product","3":"status-publish","4":"has-post-thumbnail","6":"product_cat-vapes","7":"product_cat-20000-puff","8":"product_cat-bang-leader-vape","9":"product_cat-buy-disposable-vapes-in-belgium","10":"product_cat-buy-disposable-vapes-in-switzerland","11":"product_cat-crystal-disposable-vapes","12":"product_cat-low-nicotine-disposable-vapes","13":"product_tag-bang-leader-20000","14":"product_tag-bang-leader-20k","15":"product_tag-bang-vape","16":"product_tag-crystal-vape","17":"product_tag-rechargeable-disposable-vape","18":"product_tag-twins-flavor-disposable-vape","19":"product_tag-vape-wholesale","20":"desktop-align-left","21":"tablet-align-left","22":"mobile-align-left","24":"first","25":"instock","26":"sale","27":"shipping-taxable","28":"purchasable","29":"product-type-simple"},"acf":[],"uagb_featured_image_src":{"full":["https:\/\/vapestornado.com\/wp-content\/uploads\/2025\/03\/Bang-20000-Puffs-Smart-Screen-Disposable-Crysatal-Vape.webp",800,800,false],"thumbnail":["https:\/\/vapestornado.com\/wp-content\/uploads\/2025\/03\/Bang-20000-Puffs-Smart-Screen-Disposable-Crysatal-Vape-150x150.webp",150,150,true],"medium":["https:\/\/vapestornado.com\/wp-content\/uploads\/2025\/03\/Bang-20000-Puffs-Smart-Screen-Disposable-Crysatal-Vape-300x300.webp",300,300,true],"medium_large":["https:\/\/vapestornado.com\/wp-content\/uploads\/2025\/03\/Bang-20000-Puffs-Smart-Screen-Disposable-Crysatal-Vape-768x768.webp",768,768,true],"large":["https:\/\/vapestornado.com\/wp-content\/uploads\/2025\/03\/Bang-20000-Puffs-Smart-Screen-Disposable-Crysatal-Vape.webp",800,800,false],"1536x1536":["https:\/\/vapestornado.com\/wp-content\/uploads\/2025\/03\/Bang-20000-Puffs-Smart-Screen-Disposable-Crysatal-Vape.webp",800,800,false],"2048x2048":["https:\/\/vapestornado.com\/wp-content\/uploads\/2025\/03\/Bang-20000-Puffs-Smart-Screen-Disposable-Crysatal-Vape.webp",800,800,false],"trp-custom-language-flag":["https:\/\/vapestornado.com\/wp-content\/uploads\/2025\/03\/Bang-20000-Puffs-Smart-Screen-Disposable-Crysatal-Vape.webp",12,12,false],"woocommerce_thumbnail":["https:\/\/vapestornado.com\/wp-content\/uploads\/2025\/03\/Bang-20000-Puffs-Smart-Screen-Disposable-Crysatal-Vape-300x300.webp",300,300,true],"woocommerce_single":["https:\/\/vapestornado.com\/wp-content\/uploads\/2025\/03\/Bang-20000-Puffs-Smart-Screen-Disposable-Crysatal-Vape-600x600.webp",600,600,true],"woocommerce_gallery_thumbnail":["https:\/\/vapestornado.com\/wp-content\/uploads\/2025\/03\/Bang-20000-Puffs-Smart-Screen-Disposable-Crysatal-Vape-100x100.webp",100,100,true]},"uagb_author_info":{"display_name":"ESAMY","author_link":"https:\/\/vapestornado.com\/ro\/author\/"},"uagb_comment_info":0,"uagb_excerpt":"Best Bang Leader 20000 Puffs Disposable Crystal Vape Bang Leader 20000 Puff Crystal Wholesale Disposable Vape Bang Vape 20000 20K Puffs Rechargeable Disposable Add Amy's whatsapp to get right reply and discount price! WhatsApp: +86 17776015835 &nbsp;","_links":{"self":[{"href":"https:\/\/vapestornado.com\/ro\/wp-json\/wp\/v2\/product\/3890","targetHints":{"allow":["GET"]}}],"collection":[{"href":"https:\/\/vapestornado.com\/ro\/wp-json\/wp\/v2\/product"}],"about":[{"href":"https:\/\/vapestornado.com\/ro\/wp-json\/wp\/v2\/types\/product"}],"replies":[{"embeddable":true,"href":"https:\/\/vapestornado.com\/ro\/wp-json\/wp\/v2\/comments?post=3890"}],"wp:featuredmedia":[{"embeddable":true,"href":"https:\/\/vapestornado.com\/ro\/wp-json\/wp\/v2\/media\/3876"}],"wp:attachment":[{"href":"https:\/\/vapestornado.com\/ro\/wp-json\/wp\/v2\/media?parent=3890"}],"wp:term":[{"taxonomy":"product_brand","embeddable":true,"href":"https:\/\/vapestornado.com\/ro\/wp-json\/wp\/v2\/product_brand?post=3890"},{"taxonomy":"product_cat","embeddable":true,"href":"https:\/\/vapestornado.com\/ro\/wp-json\/wp\/v2\/product_cat?post=3890"},{"taxonomy":"product_tag","embeddable":true,"href":"https:\/\/vapestornado.com\/ro\/wp-json\/wp\/v2\/product_tag?post=3890"}],"curies":[{"name":"wp","href":"https:\/\/api.w.org\/{rel}","templated":true}]}}