{"id":3888,"date":"2025-03-18T02:01:58","date_gmt":"2025-03-18T02:01:58","guid":{"rendered":"https:\/\/vapestornado.com\/?post_type=product&#038;p=3888"},"modified":"2025-12-04T09:17:42","modified_gmt":"2025-12-04T09:17:42","slug":"bang-leader-32k-32000-puffs-dual-pods-double-flavors-disposable-vape","status":"publish","type":"product","link":"https:\/\/vapestornado.com\/ro\/product\/bang-leader-32k-32000-puffs-dual-pods-double-flavors-disposable-vape\/","title":{"rendered":"Bang Leader 32k 32000 Puffs Pod-uri Duble Vape de Unic\u0103 Folosin\u021b\u0103 cu Arome Duble"},"content":{"rendered":"<h1 data-pm-slice=\"1 1 []\">Bang Leader 32k 32000 Puffs Pod-uri Duble Vape de Unic\u0103 Folosin\u021b\u0103 cu Arome Duble<\/h1>\n<p data-start=\"286\" data-end=\"655\">Sistemul <strong data-start=\"290\" data-end=\"335\">Bang Leader 32K Dual Pods Vape de unic\u0103 folosin\u021b\u0103<\/strong> este construit pentru utilizatorii care doresc capacitate mare \u0219i varietate de arome \u00eentr-un singur dispozitiv. Combin\u0103 o <strong data-start=\"426\" data-end=\"448\">structur\u0103 cu dublu-pod<\/strong> cu <b>2 \u00een 1 arom\u0103 dubl\u0103<\/b>\u00a0oferind un total de <strong data-start=\"510\" data-end=\"518\">56ml<\/strong> \u0219i suport\u00e2nd p\u00e2n\u0103 la <strong data-start=\"540\" data-end=\"556\">32.000 de pufuri<\/strong>. Acest design reduce schimb\u0103rile de dispozitive \u0219i ofer\u0103 o utilizare zilnic\u0103 extins\u0103 f\u0103r\u0103 \u00eenlocuiri frecvente.<\/p>\n<p data-start=\"657\" data-end=\"960\">O caracteristic\u0103 cheie este sistemul <strong data-start=\"678\" data-end=\"711\">2-in-1 cu dublu-pod de arom\u0103<\/strong>. Fiecare pod de unic\u0103 folosin\u021b\u0103 con\u021bine propria arom\u0103, permi\u021b\u00e2nd schimbarea rapid\u0103 \u00eentre dou\u0103 profile \u00een acela\u0219i dispozitiv. Cu <strong data-start=\"813\" data-end=\"845\">12 combina\u021bii de arome disponibile<\/strong>, utilizatorii pot alterna gusturile pe parcursul zilei f\u0103r\u0103 a purta extra de disposable sau a amesteca lichide \u00eentr-un singur rezervor.<\/p>\n<p data-start=\"962\" data-end=\"1282\">Pentru consisten\u021ba vaporului, dispozitivul folose\u0219te o <strong data-start=\"1003\" data-end=\"1021\">de tip mesh de 1.0\u03a9<\/strong>. \u00cenc\u0103lzirea din plas\u0103 distribuie temperatura uniform pe suprafa\u021ba bobinei, ceea ce ajut\u0103 la men\u021binerea unui flux stabil de vapori \u0219i claritate a aromei pe sesiuni lungi. Aceast\u0103 configura\u021bie a bobinei este destinat\u0103 s\u0103 evite sc\u0103derea obi\u0219nuit\u0103 a gustului care poate ap\u0103rea cu disposable de capacitate mare.<\/p>\n<p data-start=\"1284\" data-end=\"1620\">Puterea este furnizat\u0103 de un <strong data-start=\"1307\" data-end=\"1338\">baterie re\u00eenc\u0103rcabil\u0103 de 650mAh<\/strong> cu <strong data-start=\"1344\" data-end=\"1372\">\u00eenc\u0103rcare rapid\u0103 USB Type-C<\/strong>. Re\u00eenc\u0103rcarea permite utilizatorilor s\u0103 termine \u00eentreaga capacitate de lichid \u00een loc s\u0103 arunce dispozitivul devreme din cauza bateriei desc\u0103rcate. \u00cenc\u0103rcarea Type-C men\u021bine, de asemenea, compatibilitatea simpl\u0103, deoarece acelea\u0219i cabluri folosite pentru multe telefoane \u0219i accesorii moderne pot fi utilizate aici.<\/p>\n<p data-start=\"1622\" data-end=\"1861\">\u00cen ciuda capacit\u0103\u021bii mari \u0219i a celor dou\u0103 rezervoare, Bang Leader 32K r\u0103m\u00e2ne un dispozitiv unic, portabil. Formatul cu dublu-pod este mai practic dec\u00e2t purtarea a dou\u0103 disposable separate, mai ales pentru navet\u0103, c\u0103l\u0103torii \u0219i zile lungi f\u0103r\u0103 \u00eenc\u0103rc\u0103tor.<\/p>\n<p><strong><span style=\"color: #ff0000;\">Adaug\u0103-o pe Amy pe WhatsApp pentru a ob\u021bine un r\u0103spuns rapid \u0219i un pre\u021b redus!<\/span><\/strong><\/p>\n<p><img fetchpriority=\"high\" decoding=\"async\" class=\"size-full wp-image-2932\" src=\"https:\/\/vapestornado.com\/wp-content\/uploads\/2024\/12\/Vape-Wholesale.jpg\" alt=\"\u021aig\u0103ri electronice cu ridicata\" width=\"229\" height=\"300\" \/><\/p>\n<h3><a href=\"https:\/\/wa.me\/8617776015835\" target=\"_blank\" rel=\"noopener\"><span style=\"color: #ff0000;\"><strong>WhatsApp: +86 17776015835<\/strong><\/span><\/a><\/h3>\n<p>&nbsp;<\/p>\n<h2><strong>Caracteristici cheie ale produsului Bang Leader 32000 Puffs<\/strong><\/h2>\n<table>\n<thead>\n<tr>\n<th>Caracteristic\u0103<\/th>\n<th align=\"right\">Spec<\/th>\n<th><\/th>\n<\/tr>\n<\/thead>\n<tbody>\n<tr>\n<td>Numele produsului<\/td>\n<td align=\"right\">Bang Leader 32K Dual Pods Vape de unic\u0103 folosin\u021b\u0103<\/td>\n<td>Nume clar pentru comenzi repetate \u0219i c\u0103ut\u0103ri.<\/td>\n<\/tr>\n<tr>\n<td>Capacitate Pufuri<\/td>\n<td align=\"right\">P\u00e2n\u0103 la 32.000 de pufuri<\/td>\n<td>Consum disposable de \u00eenalt\u0103 performan\u021b\u0103; mai pu\u021bine \u00eenlocuiri.<\/td>\n<\/tr>\n<tr>\n<td>Sistem Pod<\/td>\n<td align=\"right\">Pod dual (2 rezervoare)<\/td>\n<td>Dou\u0103 arome \u00eentr-un singur dispozitiv; schimb\u0103 oric\u00e2nd.<\/td>\n<\/tr>\n<tr>\n<td>Volumul lichidului electronic<\/td>\n<td align=\"right\">56ml \u00een total (28ml + 28ml)<\/td>\n<td>Rezerve mari de lichid pentru a sus\u021bine 32.000 de pufuri.<\/td>\n<\/tr>\n<tr>\n<td>Combina\u021bii de arome<\/td>\n<td align=\"right\">12 combina\u021bii<\/td>\n<td>Varietate f\u0103r\u0103 a schimba dispozitivele.<\/td>\n<\/tr>\n<tr>\n<td>Tip de bobin\u0103<\/td>\n<td align=\"right\">de tip mesh de 1.0\u03a9<\/td>\n<td>\u00cenc\u0103lzire uniform\u0103 pentru inhal\u0103ri mai line \u0219i arom\u0103 stabil\u0103.<\/td>\n<\/tr>\n<tr>\n<td>Baterie<\/td>\n<td align=\"right\">650mAh re\u00eenc\u0103rcabil<\/td>\n<td>Re\u00eencarc\u0103 pentru a folosi pe deplin ambele rezervoare.<\/td>\n<\/tr>\n<tr>\n<td>\u00cenc\u0103rcare<\/td>\n<td align=\"right\">USB Type-C<\/td>\n<td>Standard comun de \u00eenc\u0103rcare rapid\u0103.<\/td>\n<\/tr>\n<tr>\n<td>Stil de utilizare<\/td>\n<td align=\"right\">Activare prin tragere<\/td>\n<td>F\u0103r\u0103 butoane; inhaleaz\u0103 pentru a vapora.<\/td>\n<\/tr>\n<\/tbody>\n<\/table>\n<figure id=\"attachment_3883\" aria-describedby=\"caption-attachment-3883\" style=\"width: 800px\" class=\"wp-caption alignnone\"><img decoding=\"async\" class=\"wp-image-3883 size-full\" src=\"https:\/\/vapestornado.com\/wp-content\/uploads\/2025\/03\/Bang-leader-32k-Puff-Best-Flavor.webp\" alt=\"Bang leader 32k Puff Cea mai bun\u0103 arom\u0103\" width=\"800\" height=\"800\" srcset=\"https:\/\/vapestornado.com\/wp-content\/uploads\/2025\/03\/Bang-leader-32k-Puff-Best-Flavor.webp 800w, https:\/\/vapestornado.com\/wp-content\/uploads\/2025\/03\/Bang-leader-32k-Puff-Best-Flavor-300x300.webp 300w, https:\/\/vapestornado.com\/wp-content\/uploads\/2025\/03\/Bang-leader-32k-Puff-Best-Flavor-150x150.webp 150w, https:\/\/vapestornado.com\/wp-content\/uploads\/2025\/03\/Bang-leader-32k-Puff-Best-Flavor-768x768.webp 768w, https:\/\/vapestornado.com\/wp-content\/uploads\/2025\/03\/Bang-leader-32k-Puff-Best-Flavor-600x600.webp 600w, https:\/\/vapestornado.com\/wp-content\/uploads\/2025\/03\/Bang-leader-32k-Puff-Best-Flavor-100x100.webp 100w\" sizes=\"(max-width: 800px) 100vw, 800px\" \/><figcaption id=\"caption-attachment-3883\" class=\"wp-caption-text\">Bang leader 32k Puff Cea mai bun\u0103 arom\u0103<\/figcaption><\/figure>\n<h2 class=\"product-title\"><strong>Lista arome Bang Leader 32000 Puffs Box Vape<\/strong><\/h2>\n<article class=\"group\/turn w-full text-token-text-primary focus-visible:outline-2 focus-visible:outline-offset-[-4px]\" dir=\"auto\" data-testid=\"conversation-turn-61\" data-scroll-anchor=\"true\">\n<div class=\"text-base my-auto mx-auto py-[18px] px-6\">\n<div class=\"mx-auto flex flex-1 text-base gap-4 md:gap-5 lg:gap-6 md:max-w-3xl lg:max-w-[40rem] xl:max-w-[48rem]\">\n<div class=\"group\/conversation-turn relative flex w-full min-w-0 flex-col agent-turn @xs\/thread:px-0 @sm\/thread:px-1.5 @md\/thread:px-4\">\n<div class=\"flex-col gap-1 md:gap-3\">\n<div class=\"flex max-w-full flex-col flex-grow\">\n<div class=\"min-h-8 text-message relative flex w-full flex-col items-end gap-2 whitespace-normal break-words text-start [.text-message+&amp;]:mt-5\" dir=\"auto\" data-message-author-role=\"assistant\" data-message-id=\"762d7e41-70d5-4ddf-94cb-85ef5025d3a8\" data-message-model-slug=\"gpt-4o\">\n<div class=\"flex w-full flex-col gap-1 empty:hidden first:pt-[3px]\">\n<div class=\"markdown prose w-full break-words dark:prose-invert light\">\n<p>1. Pepene Verde cu Ghea\u021b\u0103 <strong><span style=\"color: #ff0000;\">&gt;&gt;&gt;&gt; Fierbinte!<\/span><\/strong><br \/>\n2.Ghea\u021b\u0103 de pepene verde<br \/>\n3. C\u0103p\u0219uni \u0219i Pepene Verde <strong><span style=\"color: #ff0000;\">&gt;&gt;&gt;&gt; Fierbinte!<\/span><\/strong><br \/>\n4.Pepene verde cu c\u0103p\u0219uni<br \/>\n5.Zmeur\u0103 cu afine<br \/>\n6.Pepene verde cu afine <strong><span style=\"color: #ff0000;\">&gt;&gt;&gt;&gt; Fierbinte!<\/span><\/strong><br \/>\n7. Afine cu Ghea\u021b\u0103<br \/>\n8.Ghea\u021b\u0103 de afine<br \/>\n9. Red Bull <strong><span style=\"color: #ff0000;\">&gt;&gt;&gt;&gt; Fierbinte!<\/span><\/strong><br \/>\n10. Red Bull<br \/>\n11. C\u0103p\u0219uni Kiwi<br \/>\n12. C\u0103p\u0219uni Kiwi <strong><span style=\"color: #ff0000;\">&gt;&gt;&gt;&gt; Cel mai bun!<\/span><\/strong><\/p>\n<\/div>\n<\/div>\n<\/div>\n<\/div>\n<\/div>\n<\/div>\n<\/div>\n<\/div>\n<\/article>\n<article class=\"w-full text-token-text-primary focus-visible:outline-2 focus-visible:outline-offset-[-4px]\" dir=\"auto\" data-testid=\"conversation-turn-32\" data-scroll-anchor=\"false\">\n<div class=\"m-auto text-base py-[18px] px-6\">\n<div class=\"mx-auto flex flex-1 text-base gap-4 md:gap-5 lg:gap-6 md:max-w-3xl lg:max-w-[40rem] xl:max-w-[48rem]\">\n<div class=\"group\/conversation-turn relative flex w-full min-w-0 flex-col @xs\/thread:px-0 @sm\/thread:px-1.5 @md\/thread:px-4\">\n<div class=\"flex-col gap-1 md:gap-3\">\n<div class=\"flex max-w-full flex-col flex-grow\">\n<div class=\"min-h-8 text-message flex w-full flex-col items-end gap-2 whitespace-normal break-words text-start [.text-message+&amp;]:mt-5\" dir=\"auto\" data-message-author-role=\"user\" data-message-id=\"ffac41ca-1db4-431b-873a-32c4052956f1\">\n<div class=\"flex w-full flex-col gap-1 empty:hidden items-end rtl:items-start\">\n<div class=\"relative max-w-[var(--user-chat-width,70%)] rounded-3xl bg-token-message-surface px-5 py-2.5\">\n<div class=\"absolute bottom-0 right-full top-0 -mr-3.5 hidden pr-5 pt-2 [.group\/conversation-turn:hover_&amp;]:flex\">\n<div class=\"flex\">\n<article class=\"w-full text-token-text-primary focus-visible:outline-2 focus-visible:outline-offset-[-4px]\" dir=\"auto\" data-testid=\"conversation-turn-39\" data-scroll-anchor=\"true\">\n<div class=\"m-auto text-base py-[18px] px-6\">\n<div class=\"mx-auto flex flex-1 text-base gap-4 md:gap-5 lg:gap-6 md:max-w-3xl lg:max-w-[40rem] xl:max-w-[48rem]\">\n<div class=\"group\/conversation-turn relative flex w-full min-w-0 flex-col agent-turn @xs\/thread:px-0 @sm\/thread:px-1.5 @md\/thread:px-4\">\n<div class=\"flex-col gap-1 md:gap-3\">\n<div class=\"flex max-w-full flex-col flex-grow\">\n<div class=\"min-h-8 text-message flex w-full flex-col items-end gap-2 whitespace-normal break-words text-start [.text-message+&amp;]:mt-5\" dir=\"auto\" data-message-author-role=\"assistant\" data-message-id=\"55a23854-ec57-48dd-bd4f-6118f43d6241\" data-message-model-slug=\"gpt-4o\">\n<div class=\"flex w-full flex-col gap-1 empty:hidden first:pt-[3px]\">\n<div class=\"markdown prose w-full break-words dark:prose-invert light\"><\/div>\n<\/div>\n<\/div>\n<\/div>\n<\/div>\n<\/div>\n<\/div>\n<\/div>\n<\/article>\n<\/div>\n<\/div>\n<\/div>\n<\/div>\n<\/div>\n<\/div>\n<\/div>\n<\/div>\n<\/div>\n<\/div>\n<\/article>\n<h3>De ce s\u0103 alege\u021bi Vapestornado pentru comanda \u00een vrac a Vapului Re\u00eenc\u0103rcabil Bang Leader 32k 32000 Puffs?<\/h3>\n<div class=\"flex-shrink-0 flex flex-col relative items-end\">\n<div class=\"pt-0\">\n<div class=\"gizmo-bot-avatar flex h-8 w-8 items-center justify-center overflow-hidden rounded-full\">\n<div class=\"relative p-1 rounded-sm flex items-center justify-center bg-token-main-surface-primary text-token-text-primary h-8 w-8\">\n<p data-start=\"75\" data-end=\"479\">C\u00e2nd vine vorba de calitate \u00eenalt\u0103<strong data-start=\"92\" data-end=\"117\">\u00a0vape-uri de unic\u0103 folosin\u021b\u0103<\/strong>, <strong data-start=\"119\" data-end=\"152\">magazinul online de vape Vapestornado<\/strong> este destina\u021bia preferat\u0103 pentru <strong data-start=\"182\" data-end=\"202\">cump\u0103r\u0103torii angro<\/strong> care caut\u0103 <strong data-start=\"215\" data-end=\"257\">pre\u021buri accesibile \u0219i calitate de top<\/strong>. Oferim <strong data-start=\"268\" data-end=\"299\">pre\u021buri exclusive de en-gros<\/strong> pentru Bang Leader 50000 Puffs, permi\u021b\u00e2nd comercian\u021bilor cu am\u0103nuntul \u0219i distribuitorilor s\u0103 se aprovizioneze cu unul dintre cele mai solicitate <strong data-start=\"412\" data-end=\"445\">re\u00eenc\u0103rcabil <a href=\"https:\/\/vapestornado.com\/ro\/product-category\/digital-box-disposable-vapes\/\">vape-uri de unic\u0103 folosin\u021b\u0103<\/a><\/strong> cu un <strong data-start=\"453\" data-end=\"476\">afi\u0219aj digital<\/strong>.<\/p>\n<\/div>\n<div class=\"relative p-1 rounded-sm flex items-center justify-center bg-token-main-surface-primary text-token-text-primary h-8 w-8\">\n<h3>\u00centreb\u0103ri frecvente pentru \u021bigareta electronic\u0103 de unic\u0103 folosin\u021b\u0103 Bang Leader 32k Puffs<\/h3>\n<p data-start=\"2331\" data-end=\"2555\"><strong data-start=\"2331\" data-end=\"2395\">1. Cum func\u021bioneaz\u0103 vaporizatorul Bang Leader 32000 Puffs cu dou\u0103 capsule?<\/strong><br data-start=\"2395\" data-end=\"2398\" \/>Acest dispozitiv dispune de <strong data-start=\"2419\" data-end=\"2464\">dou\u0103 rezervoare separate de e-lichid (28ml + 28ml)<\/strong> \u0219i o <strong data-start=\"2471\" data-end=\"2495\">un buton de schimbare a aromei<\/strong>, permi\u021b\u00e2ndu-v\u0103 s\u0103 alterna\u021bi instantaneu \u00eentre dou\u0103 arome.<\/p>\n<p data-start=\"2557\" data-end=\"2762\"><strong data-start=\"2557\" data-end=\"2613\">2. Este re\u00eenc\u0103rcabil vaporizatorul Bang Leader 32000 Puffs?<\/strong><br data-start=\"2613\" data-end=\"2616\" \/>Da! Vine cu un <strong data-start=\"2637\" data-end=\"2668\">baterie re\u00eenc\u0103rcabil\u0103 de 650mAh<\/strong> si <strong data-start=\"2673\" data-end=\"2692\">\u00eenc\u0103rcare de tip C<\/strong>, asigur\u00e2ndu-v\u0103 c\u0103 pute\u021bi folosi tot lichidul electronic \u00eenainte de a \u00eenlocui dispozitivul.<\/p>\n<p data-start=\"2764\" data-end=\"2911\"><strong data-start=\"2764\" data-end=\"2808\">3. Ce afi\u0219eaz\u0103 ecranul digital?<\/strong><br data-start=\"2808\" data-end=\"2811\" \/>Sistemul <strong data-start=\"2815\" data-end=\"2872\">ecranul digital arat\u0103 durata de via\u021b\u0103 a bateriei \u0219i nivelul de lichid electronic<\/strong>, facilit\u00e2nd urm\u0103rirea utiliz\u0103rii.<\/p>\n<p data-start=\"2913\" data-end=\"3094\"><strong data-start=\"2913\" data-end=\"2947\">4. Ce arome sunt disponibile?<\/strong><br data-start=\"2947\" data-end=\"2950\" \/>Exist\u0103 <strong data-start=\"2960\" data-end=\"2998\">12 combina\u021bii unice de arome duble<\/strong>, inclusiv amestecuri fructate, r\u0103coritoare \u0219i inspirate de b\u0103uturi energizante, oferind vaperilor o experien\u021b\u0103 divers\u0103.<\/p>\n<p data-start=\"3096\" data-end=\"3339\"><strong data-start=\"3096\" data-end=\"3173\">5. De unde pot cump\u0103ra vaporizatorul Bang Leader 32000 Puffs la pre\u021b de en-gros?<\/strong><br data-start=\"3173\" data-end=\"3176\" \/>Pentru <strong data-start=\"3180\" data-end=\"3225\">comenzi \u00een vrac \u0219i cele mai bune pre\u021buri de en-gros<\/strong>, vizita\u021bi <strong data-start=\"3233\" data-end=\"3266\">magazinul online de vape Vapestornado<\/strong>, sursa ta de \u00eencredere pentru <strong data-start=\"3292\" data-end=\"3336\">vape-uri re\u00eenc\u0103rcabile de unic\u0103 folosin\u021b\u0103, la pre\u021buri accesibile<\/strong>.<\/p>\n<\/div>\n<\/div>\n<\/div>\n<\/div>","protected":false},"excerpt":{"rendered":"<p>Bang Leader 32K Dual Flavors Box Vape Pre\u021b de fabric\u0103<br \/>\nBang Leader 32000 Puffs Dual Pods Arome Duble Pre\u021b Redus<br \/>\nBang 32000 Puffs \u021aig\u0103ri Electronice Re\u00eenc\u0103rcabile de Unic\u0103 Folosin\u021b\u0103 en-gros<\/p>\n<p><strong>Ad\u0103uga\u021bi-o pe Amy pe WhatsApp pentru a ob\u021bine un r\u0103spuns corect \u0219i un pre\u021b redus!<\/strong><\/p>\n<p><img fetchpriority=\"high\" decoding=\"async\" class=\"size-full wp-image-2932\" src=\"https:\/\/vapestornado.com\/wp-content\/uploads\/2024\/12\/Vape-Wholesale.jpg\" alt=\"\u021aig\u0103ri electronice cu ridicata\" width=\"229\" height=\"300\" \/><\/p>\n<h3><a href=\"https:\/\/wa.me\/8617776015835\"><span style=\"color: #ff0000;\"><strong>WhatsApp: +86 17776015835<\/strong><\/span><\/a><\/h3>\n<p>&nbsp;<\/p>","protected":false},"featured_media":3882,"comment_status":"open","ping_status":"closed","template":"","meta":{"_acf_changed":false,"_uag_custom_page_level_css":"","_lmt_disableupdate":"no","_lmt_disable":"","_monsterinsights_skip_tracking":false,"_monsterinsights_sitenote_active":false,"_monsterinsights_sitenote_note":"","_monsterinsights_sitenote_category":0,"site-sidebar-layout":"default","site-content-layout":"","ast-site-content-layout":"default","site-content-style":"default","site-sidebar-style":"default","ast-global-header-display":"","ast-banner-title-visibility":"","ast-main-header-display":"","ast-hfb-above-header-display":"","ast-hfb-below-header-display":"","ast-hfb-mobile-header-display":"","site-post-title":"","ast-breadcrumbs-content":"","ast-featured-img":"","footer-sml-layout":"","ast-disable-related-posts":"","theme-transparent-header-meta":"default","adv-header-id-meta":"","stick-header-meta":"","header-above-stick-meta":"","header-main-stick-meta":"","header-below-stick-meta":"","astra-migrate-meta-layouts":"set","ast-page-background-enabled":"default","ast-page-background-meta":{"desktop":{"background-color":"","background-image":"","background-repeat":"repeat","background-position":"center center","background-size":"auto","background-attachment":"scroll","background-type":"","background-media":"","overlay-type":"","overlay-color":"","overlay-opacity":"","overlay-gradient":""},"tablet":{"background-color":"","background-image":"","background-repeat":"repeat","background-position":"center center","background-size":"auto","background-attachment":"scroll","background-type":"","background-media":"","overlay-type":"","overlay-color":"","overlay-opacity":"","overlay-gradient":""},"mobile":{"background-color":"","background-image":"","background-repeat":"repeat","background-position":"center center","background-size":"auto","background-attachment":"scroll","background-type":"","background-media":"","overlay-type":"","overlay-color":"","overlay-opacity":"","overlay-gradient":""}},"ast-content-background-meta":{"desktop":{"background-color":"var(--ast-global-color-5)","background-image":"","background-repeat":"repeat","background-position":"center center","background-size":"auto","background-attachment":"scroll","background-type":"","background-media":"","overlay-type":"","overlay-color":"","overlay-opacity":"","overlay-gradient":""},"tablet":{"background-color":"var(--ast-global-color-5)","background-image":"","background-repeat":"repeat","background-position":"center center","background-size":"auto","background-attachment":"scroll","background-type":"","background-media":"","overlay-type":"","overlay-color":"","overlay-opacity":"","overlay-gradient":""},"mobile":{"background-color":"var(--ast-global-color-5)","background-image":"","background-repeat":"repeat","background-position":"center center","background-size":"auto","background-attachment":"scroll","background-type":"","background-media":"","overlay-type":"","overlay-color":"","overlay-opacity":"","overlay-gradient":""}},"_joinchat":{"telephone":"17776015835"}},"product_brand":[],"product_cat":[19,262,278,153,158,143,146],"product_tag":[261,260,473,196,94,240,93],"class_list":{"0":"post-3888","1":"product","2":"type-product","3":"status-publish","4":"has-post-thumbnail","6":"product_cat-vapes","7":"product_cat-32000-puff","8":"product_cat-bang-leader-vape","9":"product_cat-buy-disposable-vapes-in-italy","10":"product_cat-buy-disposable-vapes-in-spain","11":"product_cat-dual-mesh-disposable-vapes","12":"product_cat-rechargeable-disposable-vapes","13":"product_tag-2-in-1-double-flavor-vape","14":"product_tag-bang-leader-32000","15":"product_tag-bang-leader-32k","16":"product_tag-bang-vape","17":"product_tag-rechargeable-disposable-vape","18":"product_tag-twins-flavor-disposable-vape","19":"product_tag-vape-wholesale","20":"desktop-align-left","21":"tablet-align-left","22":"mobile-align-left","24":"first","25":"instock","26":"sale","27":"shipping-taxable","28":"purchasable","29":"product-type-simple"},"acf":[],"uagb_featured_image_src":{"full":["https:\/\/vapestornado.com\/wp-content\/uploads\/2025\/03\/Bang-Leader-32K-Dual-Flavors-Box-Vape.webp",800,800,false],"thumbnail":["https:\/\/vapestornado.com\/wp-content\/uploads\/2025\/03\/Bang-Leader-32K-Dual-Flavors-Box-Vape-150x150.webp",150,150,true],"medium":["https:\/\/vapestornado.com\/wp-content\/uploads\/2025\/03\/Bang-Leader-32K-Dual-Flavors-Box-Vape-300x300.webp",300,300,true],"medium_large":["https:\/\/vapestornado.com\/wp-content\/uploads\/2025\/03\/Bang-Leader-32K-Dual-Flavors-Box-Vape-768x768.webp",768,768,true],"large":["https:\/\/vapestornado.com\/wp-content\/uploads\/2025\/03\/Bang-Leader-32K-Dual-Flavors-Box-Vape.webp",800,800,false],"1536x1536":["https:\/\/vapestornado.com\/wp-content\/uploads\/2025\/03\/Bang-Leader-32K-Dual-Flavors-Box-Vape.webp",800,800,false],"2048x2048":["https:\/\/vapestornado.com\/wp-content\/uploads\/2025\/03\/Bang-Leader-32K-Dual-Flavors-Box-Vape.webp",800,800,false],"trp-custom-language-flag":["https:\/\/vapestornado.com\/wp-content\/uploads\/2025\/03\/Bang-Leader-32K-Dual-Flavors-Box-Vape.webp",12,12,false],"woocommerce_thumbnail":["https:\/\/vapestornado.com\/wp-content\/uploads\/2025\/03\/Bang-Leader-32K-Dual-Flavors-Box-Vape-300x300.webp",300,300,true],"woocommerce_single":["https:\/\/vapestornado.com\/wp-content\/uploads\/2025\/03\/Bang-Leader-32K-Dual-Flavors-Box-Vape-600x600.webp",600,600,true],"woocommerce_gallery_thumbnail":["https:\/\/vapestornado.com\/wp-content\/uploads\/2025\/03\/Bang-Leader-32K-Dual-Flavors-Box-Vape-100x100.webp",100,100,true]},"uagb_author_info":{"display_name":"ESAMY","author_link":"https:\/\/vapestornado.com\/ro\/author\/"},"uagb_comment_info":0,"uagb_excerpt":"Bang Leader 32K Dual Flavors Box Vape Factory Price Bang Leader 32000 Puffs Dual Pods Double Flavors Discount Price Bang 32000 Puffs Rechargeable E-Cigarette Disposable Vape Wholesale Add Amy's whatsapp to get right reply and discount price! WhatsApp: +86 17776015835 &nbsp;","_links":{"self":[{"href":"https:\/\/vapestornado.com\/ro\/wp-json\/wp\/v2\/product\/3888","targetHints":{"allow":["GET"]}}],"collection":[{"href":"https:\/\/vapestornado.com\/ro\/wp-json\/wp\/v2\/product"}],"about":[{"href":"https:\/\/vapestornado.com\/ro\/wp-json\/wp\/v2\/types\/product"}],"replies":[{"embeddable":true,"href":"https:\/\/vapestornado.com\/ro\/wp-json\/wp\/v2\/comments?post=3888"}],"wp:featuredmedia":[{"embeddable":true,"href":"https:\/\/vapestornado.com\/ro\/wp-json\/wp\/v2\/media\/3882"}],"wp:attachment":[{"href":"https:\/\/vapestornado.com\/ro\/wp-json\/wp\/v2\/media?parent=3888"}],"wp:term":[{"taxonomy":"product_brand","embeddable":true,"href":"https:\/\/vapestornado.com\/ro\/wp-json\/wp\/v2\/product_brand?post=3888"},{"taxonomy":"product_cat","embeddable":true,"href":"https:\/\/vapestornado.com\/ro\/wp-json\/wp\/v2\/product_cat?post=3888"},{"taxonomy":"product_tag","embeddable":true,"href":"https:\/\/vapestornado.com\/ro\/wp-json\/wp\/v2\/product_tag?post=3888"}],"curies":[{"name":"wp","href":"https:\/\/api.w.org\/{rel}","templated":true}]}}