{"id":3863,"date":"2025-03-17T02:44:11","date_gmt":"2025-03-17T02:44:11","guid":{"rendered":"https:\/\/vapestornado.com\/?post_type=product&#038;p=3863"},"modified":"2025-08-22T11:44:19","modified_gmt":"2025-08-22T11:44:19","slug":"factory-wholesale-waspe-tornado-15000-puff-15k-vape-pen-kit","status":"publish","type":"product","link":"https:\/\/vapestornado.com\/ro\/product\/factory-wholesale-waspe-tornado-15000-puff-15k-vape-pen-kit\/","title":{"rendered":"Kit Stilou Vape Waspe Tornado 15000 Puff 15K, En-Gros din Fabric\u0103"},"content":{"rendered":"<h1 data-pm-slice=\"1 1 []\">Kit Stilou Vape Waspe Tornado 15000 Puff 15K, En-Gros din Fabric\u0103<\/h1>\n<h3 data-start=\"0\" data-end=\"98\"><strong data-start=\"4\" data-end=\"96\">Kit Vape Pen Waspe Tornado Puff 15000 en-gros din fabric\u0103 \u2013 Re\u00eenc\u0103rcabil<\/strong><\/h3>\n<p data-start=\"100\" data-end=\"562\">Sistemul <strong data-start=\"302\" data-end=\"343\">Kit Waspe Tornado 15000 Puff Vape Pen<\/strong> este proiectat pentru performan\u021b\u0103, comoditate \u0219i valoare angro. Cu un <strong data-start=\"416\" data-end=\"442\">22 ml de e-lichid<\/strong> \u0219i p\u00e2n\u0103 la <strong data-start=\"453\" data-end=\"469\">15.000 de pufuri<\/strong>, asigur\u0103 o utilizare extins\u0103, ceea ce \u00eel face o alegere puternic\u0103 at\u00e2t pentru comercian\u021bii cu am\u0103nuntul, c\u00e2t \u0219i pentru utilizatorii finali.<\/p>\n<h4 data-start=\"564\" data-end=\"618\"><strong data-start=\"569\" data-end=\"616\">15000 Pufuri \u2013 Satisfac\u021bie extins\u0103 \u00een vaping<\/strong><\/h4>\n<p data-start=\"619\" data-end=\"834\">Cu un impresionant <strong data-start=\"638\" data-end=\"665\">15.000 de pufuri per dispozitiv<\/strong>, Waspe Tornado 15K asigur\u0103 <strong data-start=\"697\" data-end=\"717\">o utilizare de lung\u0103 durat\u0103<\/strong>, f\u0103c\u00e2ndu-l o alegere rentabil\u0103 at\u00e2t pentru <strong data-start=\"762\" data-end=\"793\">vaperi ocazionali, c\u00e2t \u0219i pentru comercian\u021bi<\/strong> care caut\u0103 <strong data-start=\"806\" data-end=\"831\">vape-uri de unic\u0103 folosin\u021b\u0103 \u00een vrac<\/strong>.<\/p>\n<h4 data-start=\"836\" data-end=\"895\"><strong data-start=\"841\" data-end=\"893\">Baterie re\u00eenc\u0103rcabil\u0103 de 850mAh \u2013 F\u0103r\u0103 E-Lichid Risipit<\/strong><\/h4>\n<p data-start=\"896\" data-end=\"1166\">Spre deosebire de dispozitivele de unic\u0103 folosin\u021b\u0103 tradi\u021bionale, acest <strong data-start=\"933\" data-end=\"961\">stilou vape este re\u00eenc\u0103rcabil<\/strong>, permi\u021b\u00e2ndu-v\u0103 s\u0103 v\u0103 bucura\u021bi de fiecare pic\u0103tur\u0103 de <strong data-start=\"999\" data-end=\"1027\">22 ml de e-lichid pre-umplut<\/strong>. Acesta <strong data-start=\"1033\" data-end=\"1051\">baterie de 850mAh<\/strong> ofer\u0103 o putere fiabil\u0103, iar cu <strong data-start=\"1086\" data-end=\"1110\">\u00eenc\u0103rcare rapid\u0103 de tip C<\/strong>, ve\u021bi petrece mai pu\u021bin timp a\u0219tept\u00e2nd \u0219i mai mult timp vapo\u00e2nd.<\/p>\n<h4 data-start=\"1168\" data-end=\"1216\"><strong data-start=\"1173\" data-end=\"1214\">Afi\u0219aj Digital LCD \u2013 P\u0103stra\u021bi Controlul<\/strong><\/h4>\n<p data-start=\"1217\" data-end=\"1406\">Uita\u021bi de ghicitul momentului c\u00e2nd este timpul s\u0103 re\u00eenc\u0103rca\u021bi! Ecranul <strong data-start=\"1274\" data-end=\"1288\">LCD \u00eencorporat<\/strong> v\u0103 ofer\u0103 actualiz\u0103ri \u00een timp real despre <strong data-start=\"1325\" data-end=\"1361\">durata de via\u021b\u0103 a bateriei \u0219i nivelurile de e-lichid<\/strong>, asigur\u00e2nd o experien\u021b\u0103 de vaping f\u0103r\u0103 probleme.<\/p>\n<h4 data-start=\"1408\" data-end=\"1475\"><strong data-start=\"1413\" data-end=\"1473\">Tehnologie Mesh Coil \u2013 Arom\u0103 Maxim\u0103<\/strong><\/h4>\n<p data-start=\"1476\" data-end=\"1716\">Echipat cu un <strong data-start=\"1493\" data-end=\"1515\">bobin\u0103 avansat\u0103 tip plas\u0103<\/strong>, Waspe 15000 ofer\u0103 <strong data-start=\"1542\" data-end=\"1571\">arome bogate, corpolente<\/strong> cu fiecare puf. Fie c\u0103 prefera\u021bi <strong data-start=\"1606\" data-end=\"1645\">vape-uri fructate, cu ghea\u021b\u0103 sau inspirate de soda<\/strong>, modelul <strong data-start=\"1651\" data-end=\"1674\">selec\u021bia de 12 arome<\/strong> asigur\u0103 c\u0103 exist\u0103 ceva pentru fiecare.<\/p>\n<h4 data-start=\"1718\" data-end=\"1773\"><strong data-start=\"1723\" data-end=\"1771\">Op\u021biuni de concentra\u021bie de nicotin\u0103 \u2013 0%, 2%, 3%,<\/strong><\/h4>\n<p data-start=\"1774\" data-end=\"1901\">Venind \u00een \u00eent\u00e2mpinarea tuturor vaperilor, Waspe Tornado 15000 ofer\u0103 <strong data-start=\"1829\" data-end=\"1867\">multiple op\u021biuni de concentra\u021bie de nicotin\u0103<\/strong> pentru a se potrivi diferitelor preferin\u021be:<\/p>\n<ul data-start=\"1902\" data-end=\"2150\">\n<li data-start=\"1902\" data-end=\"1992\"><strong data-start=\"1904\" data-end=\"1926\">0% (F\u0103r\u0103 Nicotin\u0103)<\/strong> \u2013 Ideal pentru iubitorii de arome care prefer\u0103 o experien\u021b\u0103 pur\u0103 \u0219i fin\u0103.<\/li>\n<li data-start=\"1993\" data-end=\"2059\"><strong data-start=\"1995\" data-end=\"2006\">2%<\/strong> \u2013 Concentra\u021bii echilibrate de nicotin\u0103 pentru vaperi modera\u021bi.<\/li>\n<li data-start=\"2060\" data-end=\"2150\"><strong data-start=\"2062\" data-end=\"2075\">5% (50mg)<\/strong> \u2013 Doz\u0103 puternic\u0103 de nicotin\u0103 pentru cei care se bucur\u0103 de o sesiune de vapat mai intens\u0103.<\/li>\n<\/ul>\n<h4 data-start=\"2152\" data-end=\"2204\"><strong data-start=\"2157\" data-end=\"2202\">Pre\u021buri en-gros<\/strong><\/h4>\n<p data-start=\"2205\" data-end=\"2410\">Perfect pentru proprietarii de magazine de vape, distribuitori \u0219i cump\u0103r\u0103tori en-gros, Waspe Tornado Puff 15000 este disponibil la <strong data-start=\"2311\" data-end=\"2335\">pre\u021buri en-gros mici<\/strong>. Comanda\u021bi \u00een vrac \u0219i <strong data-start=\"2355\" data-end=\"2407\">ob\u021bine\u021bi vape-uri de unic\u0103 folosin\u021b\u0103 premium la costuri imbatabile<\/strong>.<\/p>\n<p><strong><span style=\"color: #ff0000;\">Adaug\u0103-o pe Amy pe WhatsApp pentru a ob\u021bine un r\u0103spuns rapid \u0219i un pre\u021b redus!<\/span><\/strong><\/p>\n<p><img fetchpriority=\"high\" decoding=\"async\" class=\"size-full wp-image-2932\" src=\"https:\/\/vapestornado.com\/wp-content\/uploads\/2024\/12\/Vape-Wholesale.jpg\" alt=\"\u021aig\u0103ri electronice cu ridicata\" width=\"229\" height=\"300\" \/><\/p>\n<h3><a href=\"https:\/\/wa.me\/8617776015835\" target=\"_blank\" rel=\"noopener\"><span style=\"color: #ff0000;\"><strong>WhatsApp: +86 17776015835<\/strong><\/span><\/a><\/h3>\n<p>&nbsp;<\/p>\n<h2><strong>Caracteristici cheie ale produsului Waspe Tornado 15000 Puff<\/strong><\/h2>\n<p>Brand: WASPE<br \/>\nPuff-uri: 15000<br \/>\nBaterie: 850mah Re\u00eenc\u0103rcabil\u0103<br \/>\nDisplay: Afi\u0219aj Digital LED<br \/>\nNicotin\u0103: 0% 2% 3% 5%<br \/>\nCapacitate Lichid: 22ml<br \/>\nRezisten\u021b\u0103: Mesh Coil<\/p>\n<figure id=\"attachment_3847\" aria-describedby=\"caption-attachment-3847\" style=\"width: 800px\" class=\"wp-caption alignnone\"><img decoding=\"async\" class=\"wp-image-3847 size-full\" src=\"https:\/\/vapestornado.com\/wp-content\/uploads\/2025\/03\/Tornado-15k-Puff-Waspe-Vape.webp\" alt=\"Tornado 15k Puff Waspe Vape\" width=\"800\" height=\"800\" srcset=\"https:\/\/vapestornado.com\/wp-content\/uploads\/2025\/03\/Tornado-15k-Puff-Waspe-Vape.webp 800w, https:\/\/vapestornado.com\/wp-content\/uploads\/2025\/03\/Tornado-15k-Puff-Waspe-Vape-300x300.webp 300w, https:\/\/vapestornado.com\/wp-content\/uploads\/2025\/03\/Tornado-15k-Puff-Waspe-Vape-150x150.webp 150w, https:\/\/vapestornado.com\/wp-content\/uploads\/2025\/03\/Tornado-15k-Puff-Waspe-Vape-768x768.webp 768w, https:\/\/vapestornado.com\/wp-content\/uploads\/2025\/03\/Tornado-15k-Puff-Waspe-Vape-600x600.webp 600w, https:\/\/vapestornado.com\/wp-content\/uploads\/2025\/03\/Tornado-15k-Puff-Waspe-Vape-100x100.webp 100w\" sizes=\"(max-width: 800px) 100vw, 800px\" \/><figcaption id=\"caption-attachment-3847\" class=\"wp-caption-text\">Tornado 15k Puff Waspe Vape<\/figcaption><\/figure>\n<h2 class=\"product-title\"><strong>Lista de arome Waspe Tornado 15k Smart Vape<\/strong><\/h2>\n<article class=\"group\/turn w-full text-token-text-primary focus-visible:outline-2 focus-visible:outline-offset-[-4px]\" dir=\"auto\" data-testid=\"conversation-turn-61\" data-scroll-anchor=\"true\">\n<div class=\"text-base my-auto mx-auto py-[18px] px-6\">\n<div class=\"mx-auto flex flex-1 text-base gap-4 md:gap-5 lg:gap-6 md:max-w-3xl lg:max-w-[40rem] xl:max-w-[48rem]\">\n<div class=\"group\/conversation-turn relative flex w-full min-w-0 flex-col agent-turn @xs\/thread:px-0 @sm\/thread:px-1.5 @md\/thread:px-4\">\n<div class=\"flex-col gap-1 md:gap-3\">\n<div class=\"flex max-w-full flex-col flex-grow\">\n<div class=\"min-h-8 text-message relative flex w-full flex-col items-end gap-2 whitespace-normal break-words text-start [.text-message+&amp;]:mt-5\" dir=\"auto\" data-message-author-role=\"assistant\" data-message-id=\"762d7e41-70d5-4ddf-94cb-85ef5025d3a8\" data-message-model-slug=\"gpt-4o\">\n<div class=\"flex w-full flex-col gap-1 empty:hidden first:pt-[3px]\">\n<div class=\"markdown prose w-full break-words dark:prose-invert light\">\n<p>1. Pepene Verde cu Ghea\u021b\u0103 <strong><span style=\"color: #ff0000;\">&gt;&gt;&gt;&gt; Fierbinte!<\/span><\/strong><br \/>\n2. C\u0103p\u0219uni \u0219i pepene verde <strong><span style=\"color: #ff0000;\">&gt;&gt;&gt;&gt; Fierbinte!<\/span><\/strong><br \/>\n3. Suc de portocale<br \/>\n4. M\u0103r dublu<br \/>\n5. C\u0103p\u0219uni Kiwi <strong><span style=\"color: #ff0000;\">&gt;&gt;&gt;&gt; Fierbinte!<\/span><\/strong><br \/>\n6. Ghea\u021b\u0103 de cire\u0219e<br \/>\n7. Aloe Struguri<br \/>\n8. Fructe de p\u0103dure amestecate <strong><span style=\"color: #ff0000;\">&gt;&gt;&gt;&gt; Cel mai bun!<\/span><\/strong><br \/>\n9. Ghea\u021b\u0103 de afine<br \/>\n10. Mango cu C\u0103p\u0219uni <strong><span style=\"color: #ff0000;\">&gt;&gt;&gt;&gt; Fierbinte!<\/span><\/strong><br \/>\n11. Blue Razz L\u0103m\u00e2ie<br \/>\n12. Ghea\u021b\u0103 de piersici <strong><span style=\"color: #ff0000;\">&gt;&gt;&gt;&gt; Fierbinte!<\/span><\/strong><\/p>\n<\/div>\n<\/div>\n<\/div>\n<\/div>\n<\/div>\n<\/div>\n<\/div>\n<\/div>\n<\/article>\n<article class=\"w-full text-token-text-primary focus-visible:outline-2 focus-visible:outline-offset-[-4px]\" dir=\"auto\" data-testid=\"conversation-turn-32\" data-scroll-anchor=\"false\">\n<div class=\"m-auto text-base py-[18px] px-6\">\n<div class=\"mx-auto flex flex-1 text-base gap-4 md:gap-5 lg:gap-6 md:max-w-3xl lg:max-w-[40rem] xl:max-w-[48rem]\">\n<div class=\"group\/conversation-turn relative flex w-full min-w-0 flex-col @xs\/thread:px-0 @sm\/thread:px-1.5 @md\/thread:px-4\">\n<div class=\"flex-col gap-1 md:gap-3\">\n<div class=\"flex max-w-full flex-col flex-grow\">\n<div class=\"min-h-8 text-message flex w-full flex-col items-end gap-2 whitespace-normal break-words text-start [.text-message+&amp;]:mt-5\" dir=\"auto\" data-message-author-role=\"user\" data-message-id=\"ffac41ca-1db4-431b-873a-32c4052956f1\">\n<div class=\"flex w-full flex-col gap-1 empty:hidden items-end rtl:items-start\">\n<div class=\"relative max-w-[var(--user-chat-width,70%)] rounded-3xl bg-token-message-surface px-5 py-2.5\">\n<div class=\"absolute bottom-0 right-full top-0 -mr-3.5 hidden pr-5 pt-2 [.group\/conversation-turn:hover_&amp;]:flex\">\n<div class=\"flex\">\n<article class=\"w-full text-token-text-primary focus-visible:outline-2 focus-visible:outline-offset-[-4px]\" dir=\"auto\" data-testid=\"conversation-turn-39\" data-scroll-anchor=\"true\">\n<div class=\"m-auto text-base py-[18px] px-6\">\n<div class=\"mx-auto flex flex-1 text-base gap-4 md:gap-5 lg:gap-6 md:max-w-3xl lg:max-w-[40rem] xl:max-w-[48rem]\">\n<div class=\"group\/conversation-turn relative flex w-full min-w-0 flex-col agent-turn @xs\/thread:px-0 @sm\/thread:px-1.5 @md\/thread:px-4\">\n<div class=\"flex-col gap-1 md:gap-3\">\n<div class=\"flex max-w-full flex-col flex-grow\">\n<div class=\"min-h-8 text-message flex w-full flex-col items-end gap-2 whitespace-normal break-words text-start [.text-message+&amp;]:mt-5\" dir=\"auto\" data-message-author-role=\"assistant\" data-message-id=\"55a23854-ec57-48dd-bd4f-6118f43d6241\" data-message-model-slug=\"gpt-4o\">\n<div class=\"flex w-full flex-col gap-1 empty:hidden first:pt-[3px]\">\n<div class=\"markdown prose w-full break-words dark:prose-invert light\"><\/div>\n<\/div>\n<\/div>\n<\/div>\n<\/div>\n<\/div>\n<\/div>\n<\/div>\n<\/article>\n<\/div>\n<\/div>\n<\/div>\n<\/div>\n<\/div>\n<\/div>\n<\/div>\n<\/div>\n<\/div>\n<\/div>\n<\/article>\n<h3>De ce s\u0103 alege\u021bi Vapestornado pentru comanda \u00een vrac de vape digital Waspe Tornado 15k?<\/h3>\n<div class=\"flex-shrink-0 flex flex-col relative items-end\">\n<div class=\"pt-0\">\n<div class=\"gizmo-bot-avatar flex h-8 w-8 items-center justify-center overflow-hidden rounded-full\">\n<div class=\"relative p-1 rounded-sm flex items-center justify-center bg-token-main-surface-primary text-token-text-primary h-8 w-8\">\n<p data-start=\"75\" data-end=\"479\">C\u00e2nd vine vorba de <strong data-start=\"92\" data-end=\"117\">vape-uri de unic\u0103 folosin\u021b\u0103 \u00een vrac<\/strong>, <strong data-start=\"119\" data-end=\"152\">magazinul online de vape Vapestornado<\/strong> este destina\u021bia preferat\u0103 pentru <strong data-start=\"182\" data-end=\"202\">cump\u0103r\u0103torii angro<\/strong> care caut\u0103 <strong data-start=\"215\" data-end=\"257\">pre\u021buri accesibile \u0219i calitate de top<\/strong>. Oferim <strong data-start=\"268\" data-end=\"299\">pre\u021buri exclusive de en-gros<\/strong> pe <strong data-start=\"307\" data-end=\"333\">WASPE 15000 Pufuri Vape<\/strong>, permi\u021b\u00e2nd comercian\u021bilor cu am\u0103nuntul \u0219i distribuitorilor s\u0103 se aprovizioneze cu unul dintre cele mai solicitate <strong data-start=\"412\" data-end=\"445\">vape-uri de unic\u0103 folosin\u021b\u0103 re\u00eenc\u0103rcabile<\/strong> cu un <strong data-start=\"453\" data-end=\"476\">Afi\u0219aj LCD digital<\/strong>.<\/p>\n<\/div>\n<div class=\"relative p-1 rounded-sm flex items-center justify-center bg-token-main-surface-primary text-token-text-primary h-8 w-8\">\n<h3>\u00centreb\u0103ri frecvente pentru \u021bigara electronic\u0103 de unic\u0103 folosin\u021b\u0103 Waspe Tornado 15k<\/h3>\n<p data-start=\"2462\" data-end=\"2654\"><strong data-start=\"2462\" data-end=\"2522\">1. C\u00e2t dureaz\u0103 Waspe Tornado Puff 15000 Vape?<\/strong><br data-start=\"2522\" data-end=\"2525\" \/>Cu <strong data-start=\"2530\" data-end=\"2557\">15.000 de pufuri per dispozitiv<\/strong>, acest vape este conceput pentru utilizare prelungit\u0103. Durata de via\u021b\u0103 real\u0103 depinde de frecven\u021ba vapingului.<\/p>\n<p data-start=\"2656\" data-end=\"2835\"><strong data-start=\"2656\" data-end=\"2706\">2. Waspe 15000 Pufuri Vape este re\u00eenc\u0103rcabil?<\/strong><br data-start=\"2706\" data-end=\"2709\" \/>Da! Dispune de un <strong data-start=\"2729\" data-end=\"2760\">baterie re\u00eenc\u0103rcabil\u0103 de 850mAh<\/strong> cu <strong data-start=\"2766\" data-end=\"2785\">\u00eenc\u0103rcare de tip C<\/strong>, asigur\u00e2nd eficien\u021b\u0103 maxim\u0103 \u0219i risip\u0103 minim\u0103.<\/p>\n<p data-start=\"2837\" data-end=\"3005\"><strong data-start=\"2837\" data-end=\"2875\">3. Ce arat\u0103 ecranul LCD?<\/strong><br data-start=\"2875\" data-end=\"2878\" \/>Sistemul <strong data-start=\"2882\" data-end=\"2896\">LCD \u00eencorporat<\/strong> ofer\u0103 actualiz\u0103ri \u00een timp real despre <strong data-start=\"2927\" data-end=\"2963\">durata de via\u021b\u0103 a bateriei \u0219i nivelurile de e-lichid<\/strong>, facilit\u00e2nd monitorizarea dispozitivului dumneavoastr\u0103.<\/p>\n<p data-start=\"3007\" data-end=\"3175\"><strong data-start=\"3007\" data-end=\"3052\">4. Ce concentra\u021bii de nicotin\u0103 sunt disponibile?<\/strong><br data-start=\"3052\" data-end=\"3055\" \/>Aceast\u0103 vap\u0103 vine \u00een <strong data-start=\"3074\" data-end=\"3115\">concentra\u021bii de nicotin\u0103 de 0%, 2%, 3% \u0219i 5%<\/strong>, permi\u021b\u00e2nd utilizatorilor s\u0103 \u00ee\u0219i aleag\u0103 nivelul preferat de nicotin\u0103.<\/p>\n<p data-start=\"3177\" data-end=\"3407\"><strong data-start=\"3177\" data-end=\"3244\">5. De unde pot cump\u0103ra Waspe Tornado 15000 la pre\u021buri de en-gros?<\/strong><br data-start=\"3244\" data-end=\"3247\" \/>Pentru <strong data-start=\"3251\" data-end=\"3293\">achizi\u021bii \u00een vrac \u0219i reduceri la v\u00e2nzarea cu ridicata<\/strong>, vizita\u021bi <strong data-start=\"3301\" data-end=\"3334\">magazinul online de vape Vapestornado<\/strong>, sursa ta de \u00eencredere pentru <strong data-start=\"3360\" data-end=\"3404\">vape-uri re\u00eenc\u0103rcabile de unic\u0103 folosin\u021b\u0103, la pre\u021buri accesibile<\/strong>.<\/p>\n<\/div>\n<\/div>\n<\/div>\n<\/div>","protected":false},"excerpt":{"rendered":"<p>Vape de unic\u0103 folosin\u021b\u0103 Waspe Tornado 15000 Puff cu nicotin\u0103 sc\u0103zut\u0103, en-gros<br \/>\nKit Vape Pen de unic\u0103 folosin\u021b\u0103 Waspe Tornado 15K Pre\u021b de fabric\u0103<br \/>\nWASPE 15000 Pod de unic\u0103 folosin\u021b\u0103 cu ecran digital, cel mai bun gust la v\u00e2nzare<\/p>\n<p><strong>Ad\u0103uga\u021bi-o pe Amy pe WhatsApp pentru a ob\u021bine un r\u0103spuns corect \u0219i un pre\u021b redus!<\/strong><\/p>\n<p><img fetchpriority=\"high\" decoding=\"async\" class=\"size-full wp-image-2932\" src=\"https:\/\/vapestornado.com\/wp-content\/uploads\/2024\/12\/Vape-Wholesale.jpg\" alt=\"\u021aig\u0103ri electronice cu ridicata\" width=\"229\" height=\"300\" \/><\/p>\n<h3><a href=\"https:\/\/wa.me\/8617776015835\"><span style=\"color: #ff0000;\"><strong>WhatsApp: +86 17776015835<\/strong><\/span><\/a><\/h3>\n<p>&nbsp;<\/p>","protected":false},"featured_media":3846,"comment_status":"open","ping_status":"closed","template":"","meta":{"_acf_changed":false,"_uag_custom_page_level_css":"","_lmt_disableupdate":"no","_lmt_disable":"","_monsterinsights_skip_tracking":false,"_monsterinsights_sitenote_active":false,"_monsterinsights_sitenote_note":"","_monsterinsights_sitenote_category":0,"site-sidebar-layout":"default","site-content-layout":"","ast-site-content-layout":"default","site-content-style":"default","site-sidebar-style":"default","ast-global-header-display":"","ast-banner-title-visibility":"","ast-main-header-display":"","ast-hfb-above-header-display":"","ast-hfb-below-header-display":"","ast-hfb-mobile-header-display":"","site-post-title":"","ast-breadcrumbs-content":"","ast-featured-img":"","footer-sml-layout":"","ast-disable-related-posts":"","theme-transparent-header-meta":"default","adv-header-id-meta":"","stick-header-meta":"","header-above-stick-meta":"","header-main-stick-meta":"","header-below-stick-meta":"","astra-migrate-meta-layouts":"set","ast-page-background-enabled":"default","ast-page-background-meta":{"desktop":{"background-color":"","background-image":"","background-repeat":"repeat","background-position":"center center","background-size":"auto","background-attachment":"scroll","background-type":"","background-media":"","overlay-type":"","overlay-color":"","overlay-opacity":"","overlay-gradient":""},"tablet":{"background-color":"","background-image":"","background-repeat":"repeat","background-position":"center center","background-size":"auto","background-attachment":"scroll","background-type":"","background-media":"","overlay-type":"","overlay-color":"","overlay-opacity":"","overlay-gradient":""},"mobile":{"background-color":"","background-image":"","background-repeat":"repeat","background-position":"center center","background-size":"auto","background-attachment":"scroll","background-type":"","background-media":"","overlay-type":"","overlay-color":"","overlay-opacity":"","overlay-gradient":""}},"ast-content-background-meta":{"desktop":{"background-color":"var(--ast-global-color-5)","background-image":"","background-repeat":"repeat","background-position":"center center","background-size":"auto","background-attachment":"scroll","background-type":"","background-media":"","overlay-type":"","overlay-color":"","overlay-opacity":"","overlay-gradient":""},"tablet":{"background-color":"var(--ast-global-color-5)","background-image":"","background-repeat":"repeat","background-position":"center center","background-size":"auto","background-attachment":"scroll","background-type":"","background-media":"","overlay-type":"","overlay-color":"","overlay-opacity":"","overlay-gradient":""},"mobile":{"background-color":"var(--ast-global-color-5)","background-image":"","background-repeat":"repeat","background-position":"center center","background-size":"auto","background-attachment":"scroll","background-type":"","background-media":"","overlay-type":"","overlay-color":"","overlay-opacity":"","overlay-gradient":""}},"_joinchat":{"telephone":"17776015835"}},"product_brand":[],"product_cat":[19,71,152,154,142,148],"product_tag":[97,94,241,93,259,258],"class_list":{"0":"post-3863","1":"product","2":"type-product","3":"status-publish","4":"has-post-thumbnail","6":"product_cat-vapes","7":"product_cat-15000-puff","8":"product_cat-buy-disposable-vapes-in-cermany","9":"product_cat-buy-disposable-vapes-in-netherlands","10":"product_cat-digital-box-disposable-vapes","11":"product_cat-tornado-disposable-vapes","12":"product_tag-hot-sale-disposable-vape","13":"product_tag-rechargeable-disposable-vape","14":"product_tag-smart-screen-disposable-vape","15":"product_tag-vape-wholesale","16":"product_tag-waspe-tornado-15000","17":"product_tag-waspe-tornado-15k","18":"desktop-align-left","19":"tablet-align-left","20":"mobile-align-left","22":"first","23":"instock","24":"sale","25":"shipping-taxable","26":"purchasable","27":"product-type-simple"},"acf":[],"uagb_featured_image_src":{"full":["https:\/\/vapestornado.com\/wp-content\/uploads\/2025\/03\/Best-Selling-Disposable-Vape-Waspe-15000-Puffs.webp",800,800,false],"thumbnail":["https:\/\/vapestornado.com\/wp-content\/uploads\/2025\/03\/Best-Selling-Disposable-Vape-Waspe-15000-Puffs-150x150.webp",150,150,true],"medium":["https:\/\/vapestornado.com\/wp-content\/uploads\/2025\/03\/Best-Selling-Disposable-Vape-Waspe-15000-Puffs-300x300.webp",300,300,true],"medium_large":["https:\/\/vapestornado.com\/wp-content\/uploads\/2025\/03\/Best-Selling-Disposable-Vape-Waspe-15000-Puffs-768x768.webp",768,768,true],"large":["https:\/\/vapestornado.com\/wp-content\/uploads\/2025\/03\/Best-Selling-Disposable-Vape-Waspe-15000-Puffs.webp",800,800,false],"1536x1536":["https:\/\/vapestornado.com\/wp-content\/uploads\/2025\/03\/Best-Selling-Disposable-Vape-Waspe-15000-Puffs.webp",800,800,false],"2048x2048":["https:\/\/vapestornado.com\/wp-content\/uploads\/2025\/03\/Best-Selling-Disposable-Vape-Waspe-15000-Puffs.webp",800,800,false],"trp-custom-language-flag":["https:\/\/vapestornado.com\/wp-content\/uploads\/2025\/03\/Best-Selling-Disposable-Vape-Waspe-15000-Puffs.webp",12,12,false],"woocommerce_thumbnail":["https:\/\/vapestornado.com\/wp-content\/uploads\/2025\/03\/Best-Selling-Disposable-Vape-Waspe-15000-Puffs-300x300.webp",300,300,true],"woocommerce_single":["https:\/\/vapestornado.com\/wp-content\/uploads\/2025\/03\/Best-Selling-Disposable-Vape-Waspe-15000-Puffs-600x600.webp",600,600,true],"woocommerce_gallery_thumbnail":["https:\/\/vapestornado.com\/wp-content\/uploads\/2025\/03\/Best-Selling-Disposable-Vape-Waspe-15000-Puffs-100x100.webp",100,100,true]},"uagb_author_info":{"display_name":"ESAMY","author_link":"https:\/\/vapestornado.com\/ro\/author\/"},"uagb_comment_info":0,"uagb_excerpt":"Wholesale Waspe Tornado 15000 Puff Low Nicotine Disposable Vape Waspe Tornado 15K Disposable Vape Pen Kit\u00a0 Factory Price WASPE 15000 Digital Screen Disposable Pod Best Flavor on Sale Add Amy's whatsapp to get right reply and discount price! WhatsApp: +86 17776015835 &nbsp;","_links":{"self":[{"href":"https:\/\/vapestornado.com\/ro\/wp-json\/wp\/v2\/product\/3863","targetHints":{"allow":["GET"]}}],"collection":[{"href":"https:\/\/vapestornado.com\/ro\/wp-json\/wp\/v2\/product"}],"about":[{"href":"https:\/\/vapestornado.com\/ro\/wp-json\/wp\/v2\/types\/product"}],"replies":[{"embeddable":true,"href":"https:\/\/vapestornado.com\/ro\/wp-json\/wp\/v2\/comments?post=3863"}],"wp:featuredmedia":[{"embeddable":true,"href":"https:\/\/vapestornado.com\/ro\/wp-json\/wp\/v2\/media\/3846"}],"wp:attachment":[{"href":"https:\/\/vapestornado.com\/ro\/wp-json\/wp\/v2\/media?parent=3863"}],"wp:term":[{"taxonomy":"product_brand","embeddable":true,"href":"https:\/\/vapestornado.com\/ro\/wp-json\/wp\/v2\/product_brand?post=3863"},{"taxonomy":"product_cat","embeddable":true,"href":"https:\/\/vapestornado.com\/ro\/wp-json\/wp\/v2\/product_cat?post=3863"},{"taxonomy":"product_tag","embeddable":true,"href":"https:\/\/vapestornado.com\/ro\/wp-json\/wp\/v2\/product_tag?post=3863"}],"curies":[{"name":"wp","href":"https:\/\/api.w.org\/{rel}","templated":true}]}}