{"id":3862,"date":"2025-03-17T02:07:39","date_gmt":"2025-03-17T02:07:39","guid":{"rendered":"https:\/\/vapestornado.com\/?post_type=product&#038;p=3862"},"modified":"2025-08-23T09:08:02","modified_gmt":"2025-08-23T09:08:02","slug":"fihp-digital-box-12000-puffs-wholesale-disposable-vapes-2-5-low-nicotine-rechargeable-bulk-price","status":"publish","type":"product","link":"https:\/\/vapestornado.com\/ro\/product\/fihp-digital-box-12000-puffs-wholesale-disposable-vapes-2-5-low-nicotine-rechargeable-bulk-price\/","title":{"rendered":"FIHP Digital Box 12000 Puffs Vapori de unic\u0103 folosin\u021b\u0103 en-gros 2% 5% Nicotin\u0103 Redus\u0103 Re\u00eenc\u0103rcabil Pre\u021b \u00een Vrac"},"content":{"rendered":"<h1 data-pm-slice=\"1 1 []\">FIHP Digital Box 12000 Puffs Vapori de unic\u0103 folosin\u021b\u0103 en-gros 2% 5% Nicotin\u0103 Redus\u0103 Re\u00eenc\u0103rcabil Pre\u021b \u00een Vrac<\/h1>\n<h2 data-start=\"0\" data-end=\"86\"><strong data-start=\"4\" data-end=\"84\">FIHP Digital Box 12000 Puffs \u2013 Vape de unic\u0103 folosin\u021b\u0103 re\u00eenc\u0103rcabil cu ecran LED<\/strong><\/h2>\n<p data-start=\"324\" data-end=\"581\">Sistemul <strong data-start=\"328\" data-end=\"376\">Vape de unic\u0103 folosin\u021b\u0103 FIHP Digital Box 12000 Puffs<\/strong> este conceput pentru vaperii care doresc performan\u021b\u0103 extins\u0103 \u0219i comoditate. Cu p\u00e2n\u0103 la <strong data-start=\"458\" data-end=\"474\">12.000 de pufuri<\/strong> \u0219i o <strong data-start=\"481\" data-end=\"518\">20ml de e-lichid pre-umplut<\/strong>, ofer\u0103 utilizare de lung\u0103 durat\u0103, cu o arom\u0103 consistent\u0103.<\/p>\n<p data-start=\"583\" data-end=\"835\">Alimentat de o <strong data-start=\"596\" data-end=\"627\">baterie re\u00eenc\u0103rcabil\u0103 de 650mAh<\/strong> si <strong data-start=\"632\" data-end=\"656\">\u00eenc\u0103rcare rapid\u0103 de tip C<\/strong>, acest dispozitiv asigur\u0103 eficien\u021b\u0103 maxim\u0103 f\u0103r\u0103 risip\u0103 de e-lichid. Ecranul <strong data-start=\"726\" data-end=\"749\">afi\u0219aj digital cu LED<\/strong> arat\u0103 num\u0103rul de pufuri \u00een timp real \u0219i durata de via\u021b\u0103 a bateriei, men\u021bin\u00e2nd utilizatorii \u00een control \u00een orice moment.<\/p>\n<p data-start=\"837\" data-end=\"1032\">Echipat cu un <strong data-start=\"853\" data-end=\"871\">de tip mesh de 1.0\u03a9<\/strong>, FIHP 12K ofer\u0103 vapori fini \u0219i arom\u0103 bogat\u0103 la fiecare inhalare. Disponibil \u00een <strong data-start=\"952\" data-end=\"984\">Concentra\u021bii de nicotin\u0103 2% \u0219i 5%<\/strong>, se adreseaz\u0103 at\u00e2t vaperilor modera\u021bi, c\u00e2t \u0219i celor \u00eemp\u0103timi\u021bi.<\/p>\n<p data-start=\"1034\" data-end=\"1225\">Pentru angrosi\u0219ti \u0219i comercian\u021bi cu am\u0103nuntul, <strong data-start=\"1069\" data-end=\"1101\">Cutie Digital\u0103 FIHP 12000 Pufuri<\/strong> ofer\u0103 un atractiv puternic pe pia\u021b\u0103, cu reduceri pentru achizi\u021bii en-gros \u0219i aprovizionare fiabil\u0103, ceea ce \u00eel face o alegere profitabil\u0103 pentru inventar \u00een 2025.<\/p>\n<h2 data-start=\"2173\" data-end=\"2228\"><strong data-start=\"2178\" data-end=\"2226\">Pre\u021buri en-gros<\/strong><\/h2>\n<p data-start=\"2229\" data-end=\"2480\">Perfect pentru comercian\u021bi cu am\u0103nuntul, proprietari de magazine de vape \u0219i cump\u0103r\u0103tori de vrac, The <strong data-start=\"2291\" data-end=\"2328\">Vape-ul FIHP Digital Box 12000 Puffs<\/strong> este disponibil la <strong data-start=\"2345\" data-end=\"2369\">pre\u021buri en-gros mici<\/strong>. Dac\u0103 sunte\u021bi \u00een c\u0103utarea celor mai <strong data-start=\"2399\" data-end=\"2429\">bune vape-uri de unic\u0103 folosin\u021b\u0103 \u00een vrac<\/strong>, acesta este o ad\u0103ugare obligatorie \u00een inventarul dumneavoastr\u0103.<\/p>\n<p><strong><span style=\"color: #ff0000;\">Adaug\u0103-o pe Amy pe WhatsApp pentru a ob\u021bine un r\u0103spuns rapid \u0219i un pre\u021b redus!<\/span><\/strong><\/p>\n<p><img fetchpriority=\"high\" decoding=\"async\" class=\"size-full wp-image-2932\" src=\"https:\/\/vapestornado.com\/wp-content\/uploads\/2024\/12\/Vape-Wholesale.jpg\" alt=\"\u021aig\u0103ri electronice cu ridicata\" width=\"229\" height=\"300\" \/><\/p>\n<h3><a href=\"https:\/\/wa.me\/8617776015835\" target=\"_blank\" rel=\"noopener\"><span style=\"color: #ff0000;\"><strong>WhatsApp: +86 17776015835<\/strong><\/span><\/a><\/h3>\n<p>&nbsp;<\/p>\n<h2><strong>FIHP Digital Box 12000 Puffs Caracteristici cheie ale produsului<\/strong><\/h2>\n<p>Brand: FIHP<br \/>\nPufuri: 12000 de pufuri<br \/>\nRezisten\u021b\u0103: Bobin\u0103 mesh de 1.0\u03a9<br \/>\nLichid: Capacitate de 20ml<br \/>\nNicotin\u0103: 2% \u0219i 5%<br \/>\nBaterie: 650mAh<br \/>\nRe\u00eenc\u0103rcabil: Tip-C<br \/>\nEcran: Ecran LED pentru nivelul de lichid \u0219i baterie<\/p>\n<h2 class=\"product-title\"><strong>Lista de arome FIHP Digital Box 12k Smart Vape<\/strong><\/h2>\n<article class=\"group\/turn w-full text-token-text-primary focus-visible:outline-2 focus-visible:outline-offset-[-4px]\" dir=\"auto\" data-testid=\"conversation-turn-61\" data-scroll-anchor=\"true\">\n<div class=\"text-base my-auto mx-auto py-[18px] px-6\">\n<div class=\"mx-auto flex flex-1 text-base gap-4 md:gap-5 lg:gap-6 md:max-w-3xl lg:max-w-[40rem] xl:max-w-[48rem]\">\n<div class=\"group\/conversation-turn relative flex w-full min-w-0 flex-col agent-turn @xs\/thread:px-0 @sm\/thread:px-1.5 @md\/thread:px-4\">\n<div class=\"flex-col gap-1 md:gap-3\">\n<div class=\"flex max-w-full flex-col flex-grow\">\n<div class=\"min-h-8 text-message relative flex w-full flex-col items-end gap-2 whitespace-normal break-words text-start [.text-message+&amp;]:mt-5\" dir=\"auto\" data-message-author-role=\"assistant\" data-message-id=\"762d7e41-70d5-4ddf-94cb-85ef5025d3a8\" data-message-model-slug=\"gpt-4o\">\n<div class=\"flex w-full flex-col gap-1 empty:hidden first:pt-[3px]\">\n<div class=\"markdown prose w-full break-words dark:prose-invert light\">\n<p>01. Ghea\u021b\u0103 de pepene verde <strong><span style=\"color: #ff0000;\">&gt;&gt;&gt;&gt; Fierbinte!<\/span><\/strong><br \/>\n02. Ghea\u021b\u0103 de struguri<br \/>\n03. Cire\u0219e<br \/>\n04. Afine \u0219i zmeur\u0103 <strong><span style=\"color: #ff0000;\">&gt;&gt;&gt;&gt; Fierbinte!<\/span><\/strong><br \/>\n05. C\u0103p\u0219uni \u0219i kiwi<br \/>\n06. Fructe de p\u0103dure mixte <strong><span style=\"color: #ff0000;\">&gt;&gt;&gt;&gt; Fierbinte!<\/span><\/strong><br \/>\n07. C\u0103p\u0219uni \u0219i pepene verde<br \/>\n08. Gum\u0103 de mestecat cu pepene verde<br \/>\n09. Piersici, mango \u0219i ananas<br \/>\n10. Kiwi, fructul pasiunii \u0219i guava <strong><span style=\"color: #ff0000;\">&gt;&gt;&gt;&gt; Fierbinte!<\/span><\/strong><\/p>\n<\/div>\n<\/div>\n<\/div>\n<\/div>\n<\/div>\n<\/div>\n<\/div>\n<\/div>\n<\/article>\n<article class=\"w-full text-token-text-primary focus-visible:outline-2 focus-visible:outline-offset-[-4px]\" dir=\"auto\" data-testid=\"conversation-turn-32\" data-scroll-anchor=\"false\">\n<div class=\"m-auto text-base py-[18px] px-6\">\n<div class=\"mx-auto flex flex-1 text-base gap-4 md:gap-5 lg:gap-6 md:max-w-3xl lg:max-w-[40rem] xl:max-w-[48rem]\">\n<div class=\"group\/conversation-turn relative flex w-full min-w-0 flex-col @xs\/thread:px-0 @sm\/thread:px-1.5 @md\/thread:px-4\">\n<div class=\"flex-col gap-1 md:gap-3\">\n<div class=\"flex max-w-full flex-col flex-grow\">\n<div class=\"min-h-8 text-message flex w-full flex-col items-end gap-2 whitespace-normal break-words text-start [.text-message+&amp;]:mt-5\" dir=\"auto\" data-message-author-role=\"user\" data-message-id=\"ffac41ca-1db4-431b-873a-32c4052956f1\">\n<div class=\"flex w-full flex-col gap-1 empty:hidden items-end rtl:items-start\">\n<div class=\"relative max-w-[var(--user-chat-width,70%)] rounded-3xl bg-token-message-surface px-5 py-2.5\">\n<div class=\"absolute bottom-0 right-full top-0 -mr-3.5 hidden pr-5 pt-2 [.group\/conversation-turn:hover_&amp;]:flex\">\n<div class=\"flex\">\n<article class=\"w-full text-token-text-primary focus-visible:outline-2 focus-visible:outline-offset-[-4px]\" dir=\"auto\" data-testid=\"conversation-turn-39\" data-scroll-anchor=\"true\">\n<div class=\"m-auto text-base py-[18px] px-6\">\n<div class=\"mx-auto flex flex-1 text-base gap-4 md:gap-5 lg:gap-6 md:max-w-3xl lg:max-w-[40rem] xl:max-w-[48rem]\">\n<div class=\"group\/conversation-turn relative flex w-full min-w-0 flex-col agent-turn @xs\/thread:px-0 @sm\/thread:px-1.5 @md\/thread:px-4\">\n<div class=\"flex-col gap-1 md:gap-3\">\n<div class=\"flex max-w-full flex-col flex-grow\">\n<div class=\"min-h-8 text-message flex w-full flex-col items-end gap-2 whitespace-normal break-words text-start [.text-message+&amp;]:mt-5\" dir=\"auto\" data-message-author-role=\"assistant\" data-message-id=\"55a23854-ec57-48dd-bd4f-6118f43d6241\" data-message-model-slug=\"gpt-4o\">\n<div class=\"flex w-full flex-col gap-1 empty:hidden first:pt-[3px]\">\n<div class=\"markdown prose w-full break-words dark:prose-invert light\">\n<figure id=\"attachment_3835\" aria-describedby=\"caption-attachment-3835\" style=\"width: 800px\" class=\"wp-caption alignnone\"><img decoding=\"async\" class=\"wp-image-3835 size-full\" src=\"https:\/\/vapestornado.com\/wp-content\/uploads\/2025\/03\/FIHP-12000-Puffs-2-5-Low-Nicotine-Disposable-Vape.webp\" alt=\"Vap\u0103 de unic\u0103 folosin\u021b\u0103 FIHP 12000 Puffs cu nicotin\u0103 redus\u0103 de 2% \u0219i 5%\" width=\"800\" height=\"800\" srcset=\"https:\/\/vapestornado.com\/wp-content\/uploads\/2025\/03\/FIHP-12000-Puffs-2-5-Low-Nicotine-Disposable-Vape.webp 800w, https:\/\/vapestornado.com\/wp-content\/uploads\/2025\/03\/FIHP-12000-Puffs-2-5-Low-Nicotine-Disposable-Vape-300x300.webp 300w, https:\/\/vapestornado.com\/wp-content\/uploads\/2025\/03\/FIHP-12000-Puffs-2-5-Low-Nicotine-Disposable-Vape-150x150.webp 150w, https:\/\/vapestornado.com\/wp-content\/uploads\/2025\/03\/FIHP-12000-Puffs-2-5-Low-Nicotine-Disposable-Vape-768x768.webp 768w, https:\/\/vapestornado.com\/wp-content\/uploads\/2025\/03\/FIHP-12000-Puffs-2-5-Low-Nicotine-Disposable-Vape-600x600.webp 600w, https:\/\/vapestornado.com\/wp-content\/uploads\/2025\/03\/FIHP-12000-Puffs-2-5-Low-Nicotine-Disposable-Vape-100x100.webp 100w\" sizes=\"(max-width: 800px) 100vw, 800px\" \/><figcaption id=\"caption-attachment-3835\" class=\"wp-caption-text\">Vap\u0103 de unic\u0103 folosin\u021b\u0103 FIHP 12000 Puffs cu nicotin\u0103 redus\u0103 de 2% \u0219i 5%<\/figcaption><\/figure>\n<\/div>\n<\/div>\n<\/div>\n<\/div>\n<\/div>\n<\/div>\n<\/div>\n<\/div>\n<\/article>\n<\/div>\n<\/div>\n<\/div>\n<\/div>\n<\/div>\n<\/div>\n<\/div>\n<\/div>\n<\/div>\n<\/div>\n<\/article>\n<h3>De ce s\u0103 alege\u021bi Vapestornado pentru comanda \u00een vrac a vapei digitale FIHP Digital Box 12000 Puff?<\/h3>\n<div class=\"flex-shrink-0 flex flex-col relative items-end\">\n<div class=\"pt-0\">\n<div class=\"gizmo-bot-avatar flex h-8 w-8 items-center justify-center overflow-hidden rounded-full\">\n<div class=\"relative p-1 rounded-sm flex items-center justify-center bg-token-main-surface-primary text-token-text-primary h-8 w-8\">\n<p>C\u00e2nd vine vorba de <strong data-start=\"97\" data-end=\"127\">vape-uri de unic\u0103 folosin\u021b\u0103 cu ridicata<\/strong>, <strong data-start=\"129\" data-end=\"162\">magazinul online de vape Vapestornado<\/strong> este destina\u021bia ta suprem\u0103! Oferim <strong data-start=\"202\" data-end=\"230\">pre\u021buri competitive la vrac<\/strong>, asigur\u00e2ndu-v\u0103 c\u0103 ob\u021bine\u021bi cele mai bune oferte pentru FIHP Digital Box 12000 Puffs <strong data-start=\"271\" data-end=\"302\">Vaporizator<\/strong> f\u0103r\u0103 a compromite calitatea. Cu <strong data-start=\"338\" data-end=\"355\">preturi competitive<\/strong>, <strong data-start=\"357\" data-end=\"380\">tranzac\u021bii securizate<\/strong>, \u0219i o selec\u021bie larg\u0103 de <strong data-start=\"406\" data-end=\"434\">populare vape-uri de unic\u0103 folosin\u021b\u0103<\/strong>, facem achizi\u021biile en-gros f\u0103r\u0103 probleme. \u00cen plus, echipa noastr\u0103 de <strong data-start=\"483\" data-end=\"508\">asisten\u021b\u0103 clien\u021bi<\/strong> este \u00eentotdeauna preg\u0103tit\u0103 s\u0103 te ajute cu \u00eentreb\u0103rile tale despre v\u00e2nz\u0103rile en-gros. Fie c\u0103 e\u0219ti retailer sau distribuitor, <strong data-start=\"608\" data-end=\"650\">Vapestornado ofer\u0103 o valoare imbatabil\u0103<\/strong> pentru produse de \u00eenalt\u0103 calitate <strong data-start=\"667\" data-end=\"708\">vape re\u00eenc\u0103rcabile cu ecrane inteligente<\/strong>. Comand\u0103 ast\u0103zi \u0219i aprovizioneaz\u0103-te cu cele mai noi <strong data-start=\"749\" data-end=\"782\">vape-uri de unic\u0103 folosin\u021b\u0103 de lung\u0103 durat\u0103<\/strong> la cele mai bune pre\u021buri!<\/p>\n<\/div>\n<h3><\/h3>\n<div class=\"relative p-1 rounded-sm flex items-center justify-center bg-token-main-surface-primary text-token-text-primary h-8 w-8\">\n<h3>\u00centreb\u0103ri frecvente pentru \u021bigara electronic\u0103 de unic\u0103 folosin\u021b\u0103 FIHP 12k<\/h3>\n<p data-start=\"2534\" data-end=\"2730\"><strong data-start=\"2534\" data-end=\"2598\">1. C\u00e2t timp dureaz\u0103 \u021bigara electronic\u0103 FIHP Digital Box 12000 Puffs?<\/strong><br data-start=\"2598\" data-end=\"2601\" \/>Cu <strong data-start=\"2606\" data-end=\"2633\">12.000 de pufuri per dispozitiv<\/strong>, acest vape este conceput pentru utilizare prelungit\u0103. Durata de via\u021b\u0103 real\u0103 depinde de frecven\u021ba vapingului.<\/p>\n<p data-start=\"2732\" data-end=\"2928\"><strong data-start=\"2732\" data-end=\"2781\">2. Este re\u00eenc\u0103rcabil\u0103 \u021bigara electronic\u0103 FIHP 12000 Puffs?<\/strong><br data-start=\"2781\" data-end=\"2784\" \/>Da! Dispune de un <strong data-start=\"2803\" data-end=\"2834\">baterie re\u00eenc\u0103rcabil\u0103 de 650mAh<\/strong> \u0219i o <strong data-start=\"2841\" data-end=\"2865\">Port de \u00eenc\u0103rcare Type-C<\/strong>, asigur\u00e2nd o gestionare eficient\u0103 a energiei \u0219i o utilizare extins\u0103.<\/p>\n<p data-start=\"2930\" data-end=\"3100\"><strong data-start=\"2930\" data-end=\"2976\">3. Ce arat\u0103 afi\u0219ajul digital cu LED-uri?<\/strong><br data-start=\"2976\" data-end=\"2979\" \/>Sistemul <strong data-start=\"2983\" data-end=\"2997\">LED<\/strong> afi\u0219eaz\u0103 <strong data-start=\"3007\" data-end=\"3038\">durata de via\u021b\u0103 a bateriei \u0219i num\u0103rul de pufuri<\/strong>, ajut\u00e2ndu-v\u0103 s\u0103 \u021bine\u021bi eviden\u021ba st\u0103rii \u021big\u0103rii dumneavoastr\u0103 electronice \u00een orice moment.<\/p>\n<p data-start=\"3102\" data-end=\"3272\"><strong data-start=\"3102\" data-end=\"3147\">4. Ce concentra\u021bii de nicotin\u0103 sunt disponibile?<\/strong><br data-start=\"3147\" data-end=\"3150\" \/>FIHP 12000 este disponibil \u00een <strong data-start=\"3181\" data-end=\"3227\">2% (nivel sc\u0103zut de nicotin\u0103) \u0219i 5% (nivel ridicat de nicotin\u0103)<\/strong>, satisf\u0103c\u00e2nd diferite preferin\u021be de vapat.<\/p>\n<p data-start=\"3274\" data-end=\"3531\"><strong data-start=\"3274\" data-end=\"3355\">5. De unde pot cump\u0103ra \u021bigara electronic\u0103 FIHP Digital Box 12000 Puffs la pre\u021buri en-gros?<\/strong><br data-start=\"3355\" data-end=\"3358\" \/>Pentru <strong data-start=\"3362\" data-end=\"3397\">comenzi \u00een vrac \u0219i oferte en-gros<\/strong>, vizita\u021bi <strong data-start=\"3405\" data-end=\"3438\">magazinul online de vape Vapestornado<\/strong>, cel mai bun loc pentru a ob\u021bine <strong data-start=\"3462\" data-end=\"3506\">vape-uri re\u00eenc\u0103rcabile de unic\u0103 folosin\u021b\u0103, la pre\u021buri accesibile<\/strong> cu caracteristici premium.<\/p>\n<\/div>\n<\/div>\n<\/div>\n<\/div>","protected":false},"excerpt":{"rendered":"<p>FIHP Digital Box 12k 12000 Puff Tigar\u0103 Electronic\u0103 de unic\u0103 folosin\u021b\u0103 Cel Mai Bun Pre\u021b<br \/>\nFIHP Digital Box 12000 Ecran Tigar\u0103 Electronic\u0103 de unic\u0103 folosin\u021b\u0103 Engros \u00een Polonia<br \/>\nFIHP 12000 Tigar\u0103 Electronic\u0103 de unic\u0103 folosin\u021b\u0103 Digital\u0103 Box Cel Mai Bun Gust la Reducere<\/p>\n<p><strong>Ad\u0103uga\u021bi-o pe Amy pe WhatsApp pentru a ob\u021bine un r\u0103spuns corect \u0219i un pre\u021b redus!<\/strong><\/p>\n<p><img fetchpriority=\"high\" decoding=\"async\" class=\"size-full wp-image-2932\" src=\"https:\/\/vapestornado.com\/wp-content\/uploads\/2024\/12\/Vape-Wholesale.jpg\" alt=\"\u021aig\u0103ri electronice cu ridicata\" width=\"229\" height=\"300\" \/><\/p>\n<h3><a href=\"https:\/\/wa.me\/8617776015835\"><span style=\"color: #ff0000;\"><strong>WhatsApp: +86 17776015835<\/strong><\/span><\/a><\/h3>\n<p>&nbsp;<\/p>","protected":false},"featured_media":3837,"comment_status":"open","ping_status":"closed","template":"","meta":{"_acf_changed":false,"_uag_custom_page_level_css":"","_lmt_disableupdate":"no","_lmt_disable":"","_monsterinsights_skip_tracking":false,"_monsterinsights_sitenote_active":false,"_monsterinsights_sitenote_note":"","_monsterinsights_sitenote_category":0,"site-sidebar-layout":"default","site-content-layout":"","ast-site-content-layout":"default","site-content-style":"default","site-sidebar-style":"default","ast-global-header-display":"","ast-banner-title-visibility":"","ast-main-header-display":"","ast-hfb-above-header-display":"","ast-hfb-below-header-display":"","ast-hfb-mobile-header-display":"","site-post-title":"","ast-breadcrumbs-content":"","ast-featured-img":"","footer-sml-layout":"","ast-disable-related-posts":"","theme-transparent-header-meta":"default","adv-header-id-meta":"","stick-header-meta":"","header-above-stick-meta":"","header-main-stick-meta":"","header-below-stick-meta":"","astra-migrate-meta-layouts":"set","ast-page-background-enabled":"default","ast-page-background-meta":{"desktop":{"background-color":"","background-image":"","background-repeat":"repeat","background-position":"center center","background-size":"auto","background-attachment":"scroll","background-type":"","background-media":"","overlay-type":"","overlay-color":"","overlay-opacity":"","overlay-gradient":""},"tablet":{"background-color":"","background-image":"","background-repeat":"repeat","background-position":"center center","background-size":"auto","background-attachment":"scroll","background-type":"","background-media":"","overlay-type":"","overlay-color":"","overlay-opacity":"","overlay-gradient":""},"mobile":{"background-color":"","background-image":"","background-repeat":"repeat","background-position":"center center","background-size":"auto","background-attachment":"scroll","background-type":"","background-media":"","overlay-type":"","overlay-color":"","overlay-opacity":"","overlay-gradient":""}},"ast-content-background-meta":{"desktop":{"background-color":"var(--ast-global-color-5)","background-image":"","background-repeat":"repeat","background-position":"center center","background-size":"auto","background-attachment":"scroll","background-type":"","background-media":"","overlay-type":"","overlay-color":"","overlay-opacity":"","overlay-gradient":""},"tablet":{"background-color":"var(--ast-global-color-5)","background-image":"","background-repeat":"repeat","background-position":"center center","background-size":"auto","background-attachment":"scroll","background-type":"","background-media":"","overlay-type":"","overlay-color":"","overlay-opacity":"","overlay-gradient":""},"mobile":{"background-color":"var(--ast-global-color-5)","background-image":"","background-repeat":"repeat","background-position":"center center","background-size":"auto","background-attachment":"scroll","background-type":"","background-media":"","overlay-type":"","overlay-color":"","overlay-opacity":"","overlay-gradient":""}},"_joinchat":{"telephone":"17776015835"}},"product_brand":[],"product_cat":[19,72,153,154,158,144,146,60],"product_tag":[105,257,256,97,94,241,93],"class_list":{"0":"post-3862","1":"product","2":"type-product","3":"status-publish","4":"has-post-thumbnail","6":"product_cat-vapes","7":"product_cat-12000-puff","8":"product_cat-buy-disposable-vapes-in-italy","9":"product_cat-buy-disposable-vapes-in-netherlands","10":"product_cat-buy-disposable-vapes-in-spain","11":"product_cat-low-nicotine-disposable-vapes","12":"product_cat-rechargeable-disposable-vapes","13":"product_cat-waspe-fihp-vape","14":"product_tag-digital-disposable-vape","15":"product_tag-fihp-12000","16":"product_tag-fihp-digital-box-12k","17":"product_tag-hot-sale-disposable-vape","18":"product_tag-rechargeable-disposable-vape","19":"product_tag-smart-screen-disposable-vape","20":"product_tag-vape-wholesale","21":"desktop-align-left","22":"tablet-align-left","23":"mobile-align-left","25":"first","26":"instock","27":"sale","28":"shipping-taxable","29":"purchasable","30":"product-type-simple"},"acf":[],"uagb_featured_image_src":{"full":["https:\/\/vapestornado.com\/wp-content\/uploads\/2025\/03\/FIHP-Digital-Box-12000-Puff-Rechargeable-Vape.webp",800,800,false],"thumbnail":["https:\/\/vapestornado.com\/wp-content\/uploads\/2025\/03\/FIHP-Digital-Box-12000-Puff-Rechargeable-Vape-150x150.webp",150,150,true],"medium":["https:\/\/vapestornado.com\/wp-content\/uploads\/2025\/03\/FIHP-Digital-Box-12000-Puff-Rechargeable-Vape-300x300.webp",300,300,true],"medium_large":["https:\/\/vapestornado.com\/wp-content\/uploads\/2025\/03\/FIHP-Digital-Box-12000-Puff-Rechargeable-Vape-768x768.webp",768,768,true],"large":["https:\/\/vapestornado.com\/wp-content\/uploads\/2025\/03\/FIHP-Digital-Box-12000-Puff-Rechargeable-Vape.webp",800,800,false],"1536x1536":["https:\/\/vapestornado.com\/wp-content\/uploads\/2025\/03\/FIHP-Digital-Box-12000-Puff-Rechargeable-Vape.webp",800,800,false],"2048x2048":["https:\/\/vapestornado.com\/wp-content\/uploads\/2025\/03\/FIHP-Digital-Box-12000-Puff-Rechargeable-Vape.webp",800,800,false],"trp-custom-language-flag":["https:\/\/vapestornado.com\/wp-content\/uploads\/2025\/03\/FIHP-Digital-Box-12000-Puff-Rechargeable-Vape.webp",12,12,false],"woocommerce_thumbnail":["https:\/\/vapestornado.com\/wp-content\/uploads\/2025\/03\/FIHP-Digital-Box-12000-Puff-Rechargeable-Vape-300x300.webp",300,300,true],"woocommerce_single":["https:\/\/vapestornado.com\/wp-content\/uploads\/2025\/03\/FIHP-Digital-Box-12000-Puff-Rechargeable-Vape-600x600.webp",600,600,true],"woocommerce_gallery_thumbnail":["https:\/\/vapestornado.com\/wp-content\/uploads\/2025\/03\/FIHP-Digital-Box-12000-Puff-Rechargeable-Vape-100x100.webp",100,100,true]},"uagb_author_info":{"display_name":"ESAMY","author_link":"https:\/\/vapestornado.com\/ro\/author\/"},"uagb_comment_info":0,"uagb_excerpt":"FIHP Digital Box 12k 12000 Puff Disposable Vape Best Price FIHP Digital Box 12000 Screen Disposable Vape Wholelesale in Poland FIHP 12000 Digital Disposable Vape Box Best Flavor on Sale Add Amy's whatsapp to get right reply and discount price! WhatsApp: +86 17776015835 &nbsp;","_links":{"self":[{"href":"https:\/\/vapestornado.com\/ro\/wp-json\/wp\/v2\/product\/3862","targetHints":{"allow":["GET"]}}],"collection":[{"href":"https:\/\/vapestornado.com\/ro\/wp-json\/wp\/v2\/product"}],"about":[{"href":"https:\/\/vapestornado.com\/ro\/wp-json\/wp\/v2\/types\/product"}],"replies":[{"embeddable":true,"href":"https:\/\/vapestornado.com\/ro\/wp-json\/wp\/v2\/comments?post=3862"}],"wp:featuredmedia":[{"embeddable":true,"href":"https:\/\/vapestornado.com\/ro\/wp-json\/wp\/v2\/media\/3837"}],"wp:attachment":[{"href":"https:\/\/vapestornado.com\/ro\/wp-json\/wp\/v2\/media?parent=3862"}],"wp:term":[{"taxonomy":"product_brand","embeddable":true,"href":"https:\/\/vapestornado.com\/ro\/wp-json\/wp\/v2\/product_brand?post=3862"},{"taxonomy":"product_cat","embeddable":true,"href":"https:\/\/vapestornado.com\/ro\/wp-json\/wp\/v2\/product_cat?post=3862"},{"taxonomy":"product_tag","embeddable":true,"href":"https:\/\/vapestornado.com\/ro\/wp-json\/wp\/v2\/product_tag?post=3862"}],"curies":[{"name":"wp","href":"https:\/\/api.w.org\/{rel}","templated":true}]}}