{"id":3861,"date":"2025-03-16T09:21:11","date_gmt":"2025-03-16T09:21:11","guid":{"rendered":"https:\/\/vapestornado.com\/?post_type=product&#038;p=3861"},"modified":"2025-08-23T10:42:12","modified_gmt":"2025-08-23T10:42:12","slug":"waspe-fihp-30000-puffs-smart-screen-vape-2-5-nicotine-wholesal","status":"publish","type":"product","link":"https:\/\/vapestornado.com\/ro\/product\/waspe-fihp-30000-puffs-smart-screen-vape-2-5-nicotine-wholesal\/","title":{"rendered":"WASPE FIHP 30000 Pufuri Vape cu Ecran Inteligent 2% 5% Nicotin\u0103 en-gros"},"content":{"rendered":"<h1 data-pm-slice=\"1 1 []\">WASPE FIHP 30000 Pufuri Vape cu Ecran Inteligent 2% 5% Nicotin\u0103 en-gros<\/h1>\n<p data-start=\"293\" data-end=\"589\">Sistemul <strong data-start=\"297\" data-end=\"341\">WASPE FIHP 30000 Puff-uri Vape cu Ecran Inteligent<\/strong> este conceput pentru angrosi\u0219tii \u0219i comercian\u021bii cu am\u0103nuntul din Europa care caut\u0103 un dispozitiv de unic\u0103 folosin\u021b\u0103 bogat \u00een func\u021bii \u0219i de lung\u0103 durat\u0103. Cu p\u00e2n\u0103 la <strong data-start=\"453\" data-end=\"469\">30.000 de pufuri<\/strong>, un <strong data-start=\"473\" data-end=\"495\">rezervor de e-lichid de 28 ml<\/strong>\u0219i <strong data-start=\"501\" data-end=\"530\">tehnologie cu bobin\u0103 dubl\u0103 mesh<\/strong>, asigur\u0103 vapori consisten\u021bi \u0219i o livrare lin\u0103 a aromei.<\/p>\n<p data-start=\"591\" data-end=\"734\">Alimentat de un <strong data-start=\"605\" data-end=\"636\">baterie re\u00eenc\u0103rcabil\u0103 de 850mAh<\/strong> cu <strong data-start=\"642\" data-end=\"666\">\u00eenc\u0103rcare rapid\u0103 de tip C<\/strong>, FIHP 30K minimizeaz\u0103 timpul de nefunc\u021bionare. Ofer\u0103 <strong data-start=\"711\" data-end=\"731\">dou\u0103 moduri de vapat<\/strong>:<\/p>\n<ul data-start=\"735\" data-end=\"875\">\n<li data-start=\"735\" data-end=\"791\">\n<p data-start=\"737\" data-end=\"791\"><strong data-start=\"737\" data-end=\"753\">Mod Normal<\/strong> pentru un num\u0103r maxim de puff-uri (p\u00e2n\u0103 la 30K).<\/p>\n<\/li>\n<li data-start=\"792\" data-end=\"875\">\n<p data-start=\"794\" data-end=\"875\"><strong data-start=\"794\" data-end=\"808\">Mod Puls<\/strong> pentru o densitate sporit\u0103 a vaporilor \u0219i un gust mai bogat (aproximativ 15K puff-uri).<\/p>\n<\/li>\n<\/ul>\n<p data-start=\"877\" data-end=\"1104\">Sistemul <strong data-start=\"881\" data-end=\"902\">afi\u0219aj inteligent LED<\/strong> \u021bine utilizatorii la curent cu durata de via\u021b\u0103 a bateriei, nivelurile de e-lichid \u0219i set\u0103rile modului. Cu <strong data-start=\"981\" data-end=\"1003\">flux de aer reglabil<\/strong>, vaperii pot alege \u00eentre trageri mai str\u00e2nse sau o inhalare mai deschis\u0103, adapt\u00e2ndu-se diferitelor preferin\u021be.<\/p>\n<p data-start=\"1106\" data-end=\"1387\">Disponibil \u00een <strong data-start=\"1119\" data-end=\"1151\">Concentra\u021bii de nicotin\u0103 2% \u0219i 5%<\/strong> si <strong data-start=\"1156\" data-end=\"1177\">16 op\u021biuni de arome<\/strong>, modelul <strong data-start=\"1183\" data-end=\"1206\">WASPE FIHP 30K Vape<\/strong> este potrivit pentru diverse nevoi ale clien\u021bilor. Pentru distribuitori, combina\u021bia sa de <strong data-start=\"1284\" data-end=\"1347\">capacitate, func\u021bii inteligente \u0219i pre\u021buri competitive angro<\/strong> \u00eel face o alegere profitabil\u0103 \u00een 2025.<\/p>\n<p><strong><span style=\"color: #ff0000;\">Adaug\u0103-o pe Amy pe WhatsApp pentru a ob\u021bine un r\u0103spuns rapid \u0219i un pre\u021b redus!<\/span><\/strong><\/p>\n<p><img fetchpriority=\"high\" decoding=\"async\" class=\"size-full wp-image-2932\" src=\"https:\/\/vapestornado.com\/wp-content\/uploads\/2024\/12\/Vape-Wholesale.jpg\" alt=\"\u021aig\u0103ri electronice cu ridicata\" width=\"229\" height=\"300\" \/><\/p>\n<h3><a href=\"https:\/\/wa.me\/8617776015835\" target=\"_blank\" rel=\"noopener\"><span style=\"color: #ff0000;\"><strong>WhatsApp: +86 17776015835<\/strong><\/span><\/a><\/h3>\n<p>&nbsp;<\/p>\n<h2><strong>WASPE FIHP 30000 Puffs Caracteristici cheie ale produsului<\/strong><\/h2>\n<p>\u2022 E-lichid pre-umplut de 28 ml<br \/>\n\u2022 Mod dual: Normal (30000 Puffs Vape)<br \/>\n\u2022 Baterie \u00eencorporat\u0103 de 850 mAh (re\u00eenc\u0103rcabil\u0103 prin Type-C)<br \/>\n\u2022 Bobine duble de plas\u0103 (1ohm+1ohm)<br \/>\n\u2022 Afi\u0219aj cu ecran LED pentru baterie \u0219i ulei<br \/>\n\u2022 Flux de aer reglabil<br \/>\n\u2022 16 Arome Disponibile<\/p>\n<figure id=\"attachment_3844\" aria-describedby=\"caption-attachment-3844\" style=\"width: 800px\" class=\"wp-caption alignnone\"><img decoding=\"async\" class=\"wp-image-3844 size-full\" src=\"https:\/\/vapestornado.com\/wp-content\/uploads\/2025\/03\/WASPE-FIHP-30000-Puffs-Rechargeable-Disposable-Vape.jpg\" alt=\"WASPE FIHP 30000 Pufuri Vape Re\u00eenc\u0103rcabil de Unic\u0103 Folosin\u021b\u0103\" width=\"800\" height=\"800\" srcset=\"https:\/\/vapestornado.com\/wp-content\/uploads\/2025\/03\/WASPE-FIHP-30000-Puffs-Rechargeable-Disposable-Vape.jpg 800w, https:\/\/vapestornado.com\/wp-content\/uploads\/2025\/03\/WASPE-FIHP-30000-Puffs-Rechargeable-Disposable-Vape-300x300.jpg 300w, https:\/\/vapestornado.com\/wp-content\/uploads\/2025\/03\/WASPE-FIHP-30000-Puffs-Rechargeable-Disposable-Vape-150x150.jpg 150w, https:\/\/vapestornado.com\/wp-content\/uploads\/2025\/03\/WASPE-FIHP-30000-Puffs-Rechargeable-Disposable-Vape-768x768.jpg 768w, https:\/\/vapestornado.com\/wp-content\/uploads\/2025\/03\/WASPE-FIHP-30000-Puffs-Rechargeable-Disposable-Vape-600x600.jpg 600w, https:\/\/vapestornado.com\/wp-content\/uploads\/2025\/03\/WASPE-FIHP-30000-Puffs-Rechargeable-Disposable-Vape-100x100.jpg 100w\" sizes=\"(max-width: 800px) 100vw, 800px\" \/><figcaption id=\"caption-attachment-3844\" class=\"wp-caption-text\">WASPE FIHP 30000 Pufuri Vape Re\u00eenc\u0103rcabil de Unic\u0103 Folosin\u021b\u0103<\/figcaption><\/figure>\n<h2 class=\"product-title\"><strong>WASPE FIHP 30K Pufuri List\u0103 Arome Vape Inteligent<\/strong><\/h2>\n<article class=\"group\/turn w-full text-token-text-primary focus-visible:outline-2 focus-visible:outline-offset-[-4px]\" dir=\"auto\" data-testid=\"conversation-turn-61\" data-scroll-anchor=\"true\">\n<div class=\"text-base my-auto mx-auto py-[18px] px-6\">\n<div class=\"mx-auto flex flex-1 text-base gap-4 md:gap-5 lg:gap-6 md:max-w-3xl lg:max-w-[40rem] xl:max-w-[48rem]\">\n<div class=\"group\/conversation-turn relative flex w-full min-w-0 flex-col agent-turn @xs\/thread:px-0 @sm\/thread:px-1.5 @md\/thread:px-4\">\n<div class=\"flex-col gap-1 md:gap-3\">\n<div class=\"flex max-w-full flex-col flex-grow\">\n<div class=\"min-h-8 text-message relative flex w-full flex-col items-end gap-2 whitespace-normal break-words text-start [.text-message+&amp;]:mt-5\" dir=\"auto\" data-message-author-role=\"assistant\" data-message-id=\"762d7e41-70d5-4ddf-94cb-85ef5025d3a8\" data-message-model-slug=\"gpt-4o\">\n<div class=\"flex w-full flex-col gap-1 empty:hidden first:pt-[3px]\">\n<div class=\"markdown prose w-full break-words dark:prose-invert light\">\n<p>1. Pepene verde cu ghea\u021b\u0103 <strong><span style=\"color: #ff0000;\">&gt;&gt;&gt;&gt; Fierbinte!<\/span><\/strong><br \/>\n2. Ghea\u021b\u0103 de Cire\u0219e<br \/>\n3. Ghea\u021b\u0103 de Struguri<br \/>\n4. Piersic\u0103 \u0219i Fructe de P\u0103dure <strong><span style=\"color: #ff0000;\">&gt;&gt;&gt;&gt; Fierbinte!<\/span><\/strong><br \/>\n5. Mango \u0219i C\u0103p\u0219uni<br \/>\n6. C\u0103p\u0219uni \u0219i Kiwi<br \/>\n7. Fructe de P\u0103dure Mixte<br \/>\n8. Zmeur\u0103 \u0219i Afine <strong><span style=\"color: #ff0000;\">&gt;&gt;&gt;&gt; Fierbinte!<\/span><\/strong><br \/>\n9. C\u0103p\u0219uni \u0219i Pepene Verde <strong><span style=\"color: #ff0000;\">&gt;&gt;&gt;&gt; Cel mai bun!<\/span><\/strong><br \/>\n10. Kiwi, Fructul Pasiunii \u0219i Guava<br \/>\n11. C\u0103p\u0219uni Red Bull<br \/>\n12. Pepene Verde, Mango \u0219i Piersic\u0103 <strong><span style=\"color: #ff0000;\">&gt;&gt;&gt;&gt; Fierbinte!<\/span><\/strong><br \/>\n13. Ghea\u021b\u0103 Dubl\u0103 de Mere<br \/>\n14. Gum\u0103 de Mestecat cu Pepene Verde<br \/>\n15. C\u0103p\u0219uni, Zmeur\u0103 \u0219i Cire\u0219e <strong><span style=\"color: #ff0000;\">&gt;&gt;&gt;&gt; Fierbinte!<\/span><\/strong><br \/>\n16. Ghea\u021b\u0103 de Afine<\/p>\n<\/div>\n<\/div>\n<\/div>\n<\/div>\n<\/div>\n<\/div>\n<\/div>\n<\/div>\n<\/article>\n<article class=\"w-full text-token-text-primary focus-visible:outline-2 focus-visible:outline-offset-[-4px]\" dir=\"auto\" data-testid=\"conversation-turn-32\" data-scroll-anchor=\"false\">\n<div class=\"m-auto text-base py-[18px] px-6\">\n<div class=\"mx-auto flex flex-1 text-base gap-4 md:gap-5 lg:gap-6 md:max-w-3xl lg:max-w-[40rem] xl:max-w-[48rem]\">\n<div class=\"group\/conversation-turn relative flex w-full min-w-0 flex-col @xs\/thread:px-0 @sm\/thread:px-1.5 @md\/thread:px-4\">\n<div class=\"flex-col gap-1 md:gap-3\">\n<div class=\"flex max-w-full flex-col flex-grow\">\n<div class=\"min-h-8 text-message flex w-full flex-col items-end gap-2 whitespace-normal break-words text-start [.text-message+&amp;]:mt-5\" dir=\"auto\" data-message-author-role=\"user\" data-message-id=\"ffac41ca-1db4-431b-873a-32c4052956f1\">\n<div class=\"flex w-full flex-col gap-1 empty:hidden items-end rtl:items-start\">\n<div class=\"relative max-w-[var(--user-chat-width,70%)] rounded-3xl bg-token-message-surface px-5 py-2.5\">\n<div class=\"absolute bottom-0 right-full top-0 -mr-3.5 hidden pr-5 pt-2 [.group\/conversation-turn:hover_&amp;]:flex\">\n<div class=\"flex\">\n<article class=\"w-full text-token-text-primary focus-visible:outline-2 focus-visible:outline-offset-[-4px]\" dir=\"auto\" data-testid=\"conversation-turn-39\" data-scroll-anchor=\"true\">\n<div class=\"m-auto text-base py-[18px] px-6\">\n<div class=\"mx-auto flex flex-1 text-base gap-4 md:gap-5 lg:gap-6 md:max-w-3xl lg:max-w-[40rem] xl:max-w-[48rem]\">\n<div class=\"group\/conversation-turn relative flex w-full min-w-0 flex-col agent-turn @xs\/thread:px-0 @sm\/thread:px-1.5 @md\/thread:px-4\">\n<div class=\"flex-col gap-1 md:gap-3\">\n<div class=\"flex max-w-full flex-col flex-grow\">\n<div class=\"min-h-8 text-message flex w-full flex-col items-end gap-2 whitespace-normal break-words text-start [.text-message+&amp;]:mt-5\" dir=\"auto\" data-message-author-role=\"assistant\" data-message-id=\"55a23854-ec57-48dd-bd4f-6118f43d6241\" data-message-model-slug=\"gpt-4o\">\n<div class=\"flex w-full flex-col gap-1 empty:hidden first:pt-[3px]\">\n<div class=\"markdown prose w-full break-words dark:prose-invert light\"><\/div>\n<\/div>\n<\/div>\n<\/div>\n<\/div>\n<\/div>\n<\/div>\n<\/div>\n<\/article>\n<\/div>\n<\/div>\n<\/div>\n<\/div>\n<\/div>\n<\/div>\n<\/div>\n<\/div>\n<\/div>\n<\/div>\n<\/article>\n<h2>De ce s\u0103 alege\u021bi vapestornado pentru comenzi en-gros de Vape Inteligent FIHP 30000 Pufuri?<\/h2>\n<div class=\"flex-shrink-0 flex flex-col relative items-end\">\n<div class=\"pt-0\">\n<div class=\"gizmo-bot-avatar flex h-8 w-8 items-center justify-center overflow-hidden rounded-full\">\n<div class=\"relative p-1 rounded-sm flex items-center justify-center bg-token-main-surface-primary text-token-text-primary h-8 w-8\">\n<p>C\u00e2nd vine vorba de <strong data-start=\"97\" data-end=\"127\">vape-uri de unic\u0103 folosin\u021b\u0103 cu ridicata<\/strong>, <strong data-start=\"129\" data-end=\"162\">magazinul online de vape Vapestornado<\/strong> este destina\u021bia ta suprem\u0103! Oferim <strong data-start=\"202\" data-end=\"230\">pre\u021buri competitive la vrac<\/strong>, asigur\u00e2ndu-ne c\u0103 ob\u021bii cele mai bune oferte la <strong data-start=\"271\" data-end=\"302\">FIHP 30000 Pufuri Vape Inteligent<\/strong> f\u0103r\u0103 a compromite calitatea. Cu <strong data-start=\"338\" data-end=\"355\">preturi competitive<\/strong>, <strong data-start=\"357\" data-end=\"380\">tranzac\u021bii securizate<\/strong>, \u0219i o selec\u021bie larg\u0103 de <strong data-start=\"406\" data-end=\"434\">populare vape-uri de unic\u0103 folosin\u021b\u0103<\/strong>, facem achizi\u021biile en-gros f\u0103r\u0103 probleme. \u00cen plus, echipa noastr\u0103 de <strong data-start=\"483\" data-end=\"508\">asisten\u021b\u0103 clien\u021bi<\/strong> este \u00eentotdeauna preg\u0103tit\u0103 s\u0103 te ajute cu \u00eentreb\u0103rile tale despre v\u00e2nz\u0103rile en-gros. Fie c\u0103 e\u0219ti retailer sau distribuitor, <strong data-start=\"608\" data-end=\"650\">Vapestornado ofer\u0103 o valoare imbatabil\u0103<\/strong> pentru produse de \u00eenalt\u0103 calitate <strong data-start=\"667\" data-end=\"708\">vape re\u00eenc\u0103rcabile cu ecrane inteligente<\/strong>. Comand\u0103 ast\u0103zi \u0219i aprovizioneaz\u0103-te cu cele mai noi <strong data-start=\"749\" data-end=\"782\">vape-uri de unic\u0103 folosin\u021b\u0103 de lung\u0103 durat\u0103<\/strong> la cele mai bune pre\u021buri!<\/p>\n<\/div>\n<h3><\/h3>\n<div class=\"relative p-1 rounded-sm flex items-center justify-center bg-token-main-surface-primary text-token-text-primary h-8 w-8\">\n<h2>\u00ceNTREB\u0102RI FRECVENTE pentru WASPE30000 Puffs \u021aigar\u0103 Electronic\u0103 Inteligent\u0103 de Unic\u0103 Folosin\u021b\u0103<\/h2>\n<p data-start=\"1945\" data-end=\"2182\"><strong data-start=\"1945\" data-end=\"2010\">1. C\u00e2t dureaz\u0103 FIHP 30000 Puffs Smart Screen Vape?<\/strong><br data-start=\"2010\" data-end=\"2013\" \/>Durata de via\u021b\u0103 depinde de stilul t\u0103u de vapat. \u00cen <strong data-start=\"2059\" data-end=\"2075\">Mod Normal<\/strong>, ob\u021bii p\u00e2n\u0103 la <strong data-start=\"2091\" data-end=\"2107\">30.000 de pufuri<\/strong>, \u00een timp ce <strong data-start=\"2115\" data-end=\"2129\">Mod Puls<\/strong> furnizeaz\u0103 <strong data-start=\"2139\" data-end=\"2155\">15.000 de pufuri<\/strong> cu arom\u0103 intensificat\u0103.<\/p>\n<p data-start=\"2184\" data-end=\"2353\"><strong data-start=\"2184\" data-end=\"2221\">2. Pot re\u00eenc\u0103rca FIHP 30000?<\/strong><br data-start=\"2221\" data-end=\"2224\" \/>Da! Acest vape are un <strong data-start=\"2251\" data-end=\"2282\">baterie re\u00eenc\u0103rcabil\u0103 de 850mAh<\/strong> \u0219i utilizeaz\u0103 un <strong data-start=\"2294\" data-end=\"2318\">Port de \u00eenc\u0103rcare Type-C<\/strong> pentru o \u00eenc\u0103rcare rapid\u0103 \u0219i eficient\u0103.<\/p>\n<p data-start=\"2355\" data-end=\"2561\"><strong data-start=\"2355\" data-end=\"2402\">3. Care este avantajul ecranului inteligent?<\/strong><br data-start=\"2402\" data-end=\"2405\" \/>Sistemul <strong data-start=\"2409\" data-end=\"2430\">afi\u0219aj inteligent LED<\/strong> \u021bine eviden\u021ba <strong data-start=\"2451\" data-end=\"2499\">duratei de via\u021b\u0103 a bateriei, a nivelului de e-lichid \u0219i a num\u0103rului de pufuri<\/strong>, oferind date \u00een timp real pentru o experien\u021b\u0103 de vaping perfect\u0103.<\/p>\n<p data-start=\"2563\" data-end=\"2758\"><strong data-start=\"2563\" data-end=\"2614\">4. FIHP 30000 are flux de aer reglabil?<\/strong><br data-start=\"2614\" data-end=\"2617\" \/>Da! Pute\u021bi modifica <strong data-start=\"2641\" data-end=\"2660\">setarea fluxului de aer<\/strong> pentru a ob\u021bine un <strong data-start=\"2670\" data-end=\"2696\">flux mai str\u00e2ns sau mai larg<\/strong>, \u00eembun\u0103t\u0103\u021bind experien\u021ba dumneavoastr\u0103 de vaping pentru a se potrivi preferin\u021belor dumneavoastr\u0103.<\/p>\n<p data-start=\"2760\" data-end=\"2995\"><strong data-start=\"2760\" data-end=\"2818\">5. De unde pot cump\u0103ra FIHP 30000 la pre\u021buri de en-gros?<\/strong><br data-start=\"2818\" data-end=\"2821\" \/>Pentru <strong data-start=\"2825\" data-end=\"2863\">achizi\u021bii \u00een vrac \u0219i oferte de en-gros<\/strong>, vizita\u021bi <strong data-start=\"2871\" data-end=\"2904\">magazinul online de vape Vapestornado<\/strong> \u2013 sursa dumneavoastr\u0103 de \u00eencredere pentru <strong data-start=\"2931\" data-end=\"2962\">vape-uri de unic\u0103 folosin\u021b\u0103 accesibile<\/strong> cu <strong data-start=\"2968\" data-end=\"2992\">performan\u021b\u0103 de top<\/strong>.<\/p>\n<\/div>\n<\/div>\n<\/div>\n<\/div>","protected":false},"excerpt":{"rendered":"<p>Sistemul <strong data-start=\"1431\" data-end=\"1462\">WASPE FIHP 30000 Puff-uri Vape<\/strong> dispune de moduri duale de vapat, monitorizare inteligent\u0103 a ecranului \u0219i 28 ml de e-lichid. O op\u021biune re\u00eenc\u0103rcabil\u0103 puternic\u0103 pentru <strong data-start=\"1570\" data-end=\"1606\">pie\u021bele angro de vape din Europa<\/strong>.<\/p>\n<p><strong>Ad\u0103uga\u021bi-o pe Amy pe WhatsApp pentru a ob\u021bine un r\u0103spuns corect \u0219i un pre\u021b redus!<\/strong><\/p>\n<p><img fetchpriority=\"high\" decoding=\"async\" class=\"size-full wp-image-2932\" src=\"https:\/\/vapestornado.com\/wp-content\/uploads\/2024\/12\/Vape-Wholesale.jpg\" alt=\"\u021aig\u0103ri electronice cu ridicata\" width=\"229\" height=\"300\" \/><\/p>\n<h3><a href=\"https:\/\/wa.me\/8617776015835\"><span style=\"color: #ff0000;\"><strong>WhatsApp: +86 17776015835<\/strong><\/span><\/a><\/h3>\n<p>&nbsp;<\/p>","protected":false},"featured_media":3840,"comment_status":"open","ping_status":"closed","template":"","meta":{"_acf_changed":false,"_uag_custom_page_level_css":"","_lmt_disableupdate":"no","_lmt_disable":"","_monsterinsights_skip_tracking":false,"_monsterinsights_sitenote_active":false,"_monsterinsights_sitenote_note":"","_monsterinsights_sitenote_category":0,"site-sidebar-layout":"default","site-content-layout":"","ast-site-content-layout":"default","site-content-style":"default","site-sidebar-style":"default","ast-global-header-display":"","ast-banner-title-visibility":"","ast-main-header-display":"","ast-hfb-above-header-display":"","ast-hfb-below-header-display":"","ast-hfb-mobile-header-display":"","site-post-title":"","ast-breadcrumbs-content":"","ast-featured-img":"","footer-sml-layout":"","ast-disable-related-posts":"","theme-transparent-header-meta":"default","adv-header-id-meta":"","stick-header-meta":"","header-above-stick-meta":"","header-main-stick-meta":"","header-below-stick-meta":"","astra-migrate-meta-layouts":"set","ast-page-background-enabled":"default","ast-page-background-meta":{"desktop":{"background-color":"","background-image":"","background-repeat":"repeat","background-position":"center center","background-size":"auto","background-attachment":"scroll","background-type":"","background-media":"","overlay-type":"","overlay-color":"","overlay-opacity":"","overlay-gradient":""},"tablet":{"background-color":"","background-image":"","background-repeat":"repeat","background-position":"center center","background-size":"auto","background-attachment":"scroll","background-type":"","background-media":"","overlay-type":"","overlay-color":"","overlay-opacity":"","overlay-gradient":""},"mobile":{"background-color":"","background-image":"","background-repeat":"repeat","background-position":"center center","background-size":"auto","background-attachment":"scroll","background-type":"","background-media":"","overlay-type":"","overlay-color":"","overlay-opacity":"","overlay-gradient":""}},"ast-content-background-meta":{"desktop":{"background-color":"var(--ast-global-color-5)","background-image":"","background-repeat":"repeat","background-position":"center center","background-size":"auto","background-attachment":"scroll","background-type":"","background-media":"","overlay-type":"","overlay-color":"","overlay-opacity":"","overlay-gradient":""},"tablet":{"background-color":"var(--ast-global-color-5)","background-image":"","background-repeat":"repeat","background-position":"center center","background-size":"auto","background-attachment":"scroll","background-type":"","background-media":"","overlay-type":"","overlay-color":"","overlay-opacity":"","overlay-gradient":""},"mobile":{"background-color":"var(--ast-global-color-5)","background-image":"","background-repeat":"repeat","background-position":"center center","background-size":"auto","background-attachment":"scroll","background-type":"","background-media":"","overlay-type":"","overlay-color":"","overlay-opacity":"","overlay-gradient":""}},"_joinchat":{"telephone":"17776015835"}},"product_brand":[],"product_cat":[19,67,151,154,142,146,60],"product_tag":[105,97,250,94,241,93,101,255],"class_list":{"0":"post-3861","1":"product","2":"type-product","3":"status-publish","4":"has-post-thumbnail","6":"product_cat-vapes","7":"product_cat-30000-puff","8":"product_cat-buy-disposable-vapes-in-france","9":"product_cat-buy-disposable-vapes-in-netherlands","10":"product_cat-digital-box-disposable-vapes","11":"product_cat-rechargeable-disposable-vapes","12":"product_cat-waspe-fihp-vape","13":"product_tag-digital-disposable-vape","14":"product_tag-hot-sale-disposable-vape","15":"product_tag-puff-30k","16":"product_tag-rechargeable-disposable-vape","17":"product_tag-smart-screen-disposable-vape","18":"product_tag-vape-wholesale","19":"product_tag-waspe-30k","20":"product_tag-waspe-fihp-30000","21":"desktop-align-left","22":"tablet-align-left","23":"mobile-align-left","25":"first","26":"instock","27":"sale","28":"shipping-taxable","29":"purchasable","30":"product-type-simple"},"acf":[],"uagb_featured_image_src":{"full":["https:\/\/vapestornado.com\/wp-content\/uploads\/2025\/03\/Wasp-FIHP-30000-Puffs-Vape-30k-Popular-Flavours.jpg",800,800,false],"thumbnail":["https:\/\/vapestornado.com\/wp-content\/uploads\/2025\/03\/Wasp-FIHP-30000-Puffs-Vape-30k-Popular-Flavours-150x150.jpg",150,150,true],"medium":["https:\/\/vapestornado.com\/wp-content\/uploads\/2025\/03\/Wasp-FIHP-30000-Puffs-Vape-30k-Popular-Flavours-300x300.jpg",300,300,true],"medium_large":["https:\/\/vapestornado.com\/wp-content\/uploads\/2025\/03\/Wasp-FIHP-30000-Puffs-Vape-30k-Popular-Flavours-768x768.jpg",768,768,true],"large":["https:\/\/vapestornado.com\/wp-content\/uploads\/2025\/03\/Wasp-FIHP-30000-Puffs-Vape-30k-Popular-Flavours.jpg",800,800,false],"1536x1536":["https:\/\/vapestornado.com\/wp-content\/uploads\/2025\/03\/Wasp-FIHP-30000-Puffs-Vape-30k-Popular-Flavours.jpg",800,800,false],"2048x2048":["https:\/\/vapestornado.com\/wp-content\/uploads\/2025\/03\/Wasp-FIHP-30000-Puffs-Vape-30k-Popular-Flavours.jpg",800,800,false],"trp-custom-language-flag":["https:\/\/vapestornado.com\/wp-content\/uploads\/2025\/03\/Wasp-FIHP-30000-Puffs-Vape-30k-Popular-Flavours.jpg",12,12,false],"woocommerce_thumbnail":["https:\/\/vapestornado.com\/wp-content\/uploads\/2025\/03\/Wasp-FIHP-30000-Puffs-Vape-30k-Popular-Flavours-300x300.jpg",300,300,true],"woocommerce_single":["https:\/\/vapestornado.com\/wp-content\/uploads\/2025\/03\/Wasp-FIHP-30000-Puffs-Vape-30k-Popular-Flavours-600x600.jpg",600,600,true],"woocommerce_gallery_thumbnail":["https:\/\/vapestornado.com\/wp-content\/uploads\/2025\/03\/Wasp-FIHP-30000-Puffs-Vape-30k-Popular-Flavours-100x100.jpg",100,100,true]},"uagb_author_info":{"display_name":"ESAMY","author_link":"https:\/\/vapestornado.com\/ro\/author\/"},"uagb_comment_info":0,"uagb_excerpt":"The WASPE FIHP 30000 Puffs Vape features dual vaping modes, smart screen monitoring, and 28ml e-liquid. A powerful rechargeable option for wholesale vape markets in Europe. Add Amy's whatsapp to get right reply and discount price! WhatsApp: +86 17776015835 &nbsp;","_links":{"self":[{"href":"https:\/\/vapestornado.com\/ro\/wp-json\/wp\/v2\/product\/3861","targetHints":{"allow":["GET"]}}],"collection":[{"href":"https:\/\/vapestornado.com\/ro\/wp-json\/wp\/v2\/product"}],"about":[{"href":"https:\/\/vapestornado.com\/ro\/wp-json\/wp\/v2\/types\/product"}],"replies":[{"embeddable":true,"href":"https:\/\/vapestornado.com\/ro\/wp-json\/wp\/v2\/comments?post=3861"}],"wp:featuredmedia":[{"embeddable":true,"href":"https:\/\/vapestornado.com\/ro\/wp-json\/wp\/v2\/media\/3840"}],"wp:attachment":[{"href":"https:\/\/vapestornado.com\/ro\/wp-json\/wp\/v2\/media?parent=3861"}],"wp:term":[{"taxonomy":"product_brand","embeddable":true,"href":"https:\/\/vapestornado.com\/ro\/wp-json\/wp\/v2\/product_brand?post=3861"},{"taxonomy":"product_cat","embeddable":true,"href":"https:\/\/vapestornado.com\/ro\/wp-json\/wp\/v2\/product_cat?post=3861"},{"taxonomy":"product_tag","embeddable":true,"href":"https:\/\/vapestornado.com\/ro\/wp-json\/wp\/v2\/product_tag?post=3861"}],"curies":[{"name":"wp","href":"https:\/\/api.w.org\/{rel}","templated":true}]}}