{"id":3859,"date":"2025-03-14T08:36:08","date_gmt":"2025-03-14T08:36:08","guid":{"rendered":"https:\/\/vapestornado.com\/?post_type=product&#038;p=3859"},"modified":"2025-08-23T12:40:31","modified_gmt":"2025-08-23T12:40:31","slug":"vapsolo-galaxy-30000-vapers-30k-puff-disposable-vape-e-cigarette-with-smart-screen","status":"publish","type":"product","link":"https:\/\/vapestornado.com\/ro\/product\/vapsolo-galaxy-30000-vapers-30k-puff-disposable-vape-e-cigarette-with-smart-screen\/","title":{"rendered":"Vapsolo Galaxy 30000 Vapers 30K Puff \u021aigar\u0103 electronic\u0103 de unic\u0103 folosin\u021b\u0103 cu ecran inteligent"},"content":{"rendered":"<h1 data-pm-slice=\"1 1 []\">Vapsolo Galaxy 30000 Vapers 30K Puff \u021aigar\u0103 electronic\u0103 de unic\u0103 folosin\u021b\u0103 cu ecran inteligent<\/h1>\n<p>&nbsp;<\/p>\n<p>Sistemul <strong data-start=\"343\" data-end=\"389\">Vapsolo Galaxy 30000 Pufuri Vape de unic\u0103 folosin\u021b\u0103<\/strong> stabile\u0219te un nou standard pentru \u021bigarete electronice premium, combin\u00e2nd <strong data-start=\"447\" data-end=\"517\">capacitate de lung\u0103 durat\u0103, un ecran tactil inteligent \u0219i flux de aer reglabil<\/strong> \u00eentr-un singur dispozitiv compact. Oferind p\u00e2n\u0103 la <strong data-start=\"556\" data-end=\"572\">30.000 de pufuri<\/strong>, acest vape este construit pentru vaperii care doresc at\u00e2t rezisten\u021b\u0103, c\u00e2t \u0219i diversitate de arome.<\/p>\n<p>Al s\u0103u <strong data-start=\"663\" data-end=\"691\">afi\u0219aj inteligent color<\/strong> ofer\u0103 informa\u021bii \u00een timp real despre durata de via\u021b\u0103 a bateriei \u0219i nivelurile de e-lichid, \u00een timp ce <strong data-start=\"769\" data-end=\"806\">Sistem de flux de aer reglabil pe 4 niveluri<\/strong> permite extrageri personalizate - variind de la lovituri MTL str\u00e2nse la nori DTL netezi. Alimentat de un <strong data-start=\"901\" data-end=\"932\">baterie re\u00eenc\u0103rcabil\u0103 de 850mAh<\/strong> cu \u00eenc\u0103rcare rapid\u0103 de tip C, Galaxy 30K asigur\u0103 un timp de nefunc\u021bionare minim \u0219i o comoditate maxim\u0103.<\/p>\n<p>Dispun\u00e2nd de <strong data-start=\"1044\" data-end=\"1077\">designuri unice de culoare cu cerneal\u0103<\/strong> pentru fiecare arom\u0103, acest vape nu doar func\u021bioneaz\u0103 bine, ci \u0219i arat\u0103 uimitor. Pre-umplut cu <strong data-start=\"1172\" data-end=\"1192\">e-lichid premium<\/strong> \u0219i disponibil \u00een mai multe concentra\u021bii de nicotin\u0103, se adreseaz\u0103 at\u00e2t utilizatorilor ocazionali, c\u00e2t \u0219i vaperilor \u00eenr\u0103i\u021bi.<\/p>\n<p>Pentru comercian\u021bii cu am\u0103nuntul \u0219i distribuitorii din Rom\u00e2nia, Galaxy 30K ofer\u0103 o valoare imbatabil\u0103 la <strong data-start=\"1371\" data-end=\"1400\">pre\u021buri de en-gros la cump\u0103r\u0103turi \u00een vrac<\/strong>, f\u0103c\u00e2ndu-l un must-have \u00een orice inventar european de vape-uri.<\/p>\n<p><strong><span style=\"color: #ff0000;\">Adaug\u0103 whatsapp-ul lui Amy pentru a primi r\u0103spuns imediat \u0219i un cupon de vape!<\/span><\/strong><\/p>\n<p><img fetchpriority=\"high\" decoding=\"async\" class=\"size-full wp-image-2932\" src=\"https:\/\/vapestornado.com\/wp-content\/uploads\/2024\/12\/Vape-Wholesale.jpg\" alt=\"\u021aig\u0103ri electronice cu ridicata\" width=\"229\" height=\"300\" \/><\/p>\n<h3><a href=\"https:\/\/wa.me\/8617776015835\" target=\"_blank\" rel=\"noopener\"><span style=\"color: #ff0000;\"><strong>WhatsApp: +86 17776015835<\/strong><\/span><\/a><\/h3>\n<p>&nbsp;<\/p>\n<h2><strong>Caracteristicile produsului Vapsolo Galaxy 30000 Digital Box<\/strong><\/h2>\n<p>Pufuri: 30000 de pufuri<br \/>\nRezisten\u021b\u0103 Dual Mesh de 1.0ohm<br \/>\nBaterie: 850mAh<br \/>\nE-lichid: 40ml<br \/>\nNicotin\u0103: Nicotin\u0103 2%\/5%<br \/>\nRe\u00eenc\u0103rcabil Type-C<br \/>\nEcran cu afi\u0219aj pentru ulei \u0219i baterie<\/p>\n<figure id=\"attachment_3854\" aria-describedby=\"caption-attachment-3854\" style=\"width: 800px\" class=\"wp-caption alignnone\"><img decoding=\"async\" class=\"wp-image-3854 size-full\" src=\"https:\/\/vapestornado.com\/wp-content\/uploads\/2025\/03\/Original-Vapsolo-30000-Puffs-Best-Flavor.webp\" alt=\"Vapsolo 30000 Pufuri Original cu Cel Mai Bun Gust\" width=\"800\" height=\"800\" srcset=\"https:\/\/vapestornado.com\/wp-content\/uploads\/2025\/03\/Original-Vapsolo-30000-Puffs-Best-Flavor.webp 800w, https:\/\/vapestornado.com\/wp-content\/uploads\/2025\/03\/Original-Vapsolo-30000-Puffs-Best-Flavor-300x300.webp 300w, https:\/\/vapestornado.com\/wp-content\/uploads\/2025\/03\/Original-Vapsolo-30000-Puffs-Best-Flavor-150x150.webp 150w, https:\/\/vapestornado.com\/wp-content\/uploads\/2025\/03\/Original-Vapsolo-30000-Puffs-Best-Flavor-768x768.webp 768w, https:\/\/vapestornado.com\/wp-content\/uploads\/2025\/03\/Original-Vapsolo-30000-Puffs-Best-Flavor-600x600.webp 600w, https:\/\/vapestornado.com\/wp-content\/uploads\/2025\/03\/Original-Vapsolo-30000-Puffs-Best-Flavor-100x100.webp 100w\" sizes=\"(max-width: 800px) 100vw, 800px\" \/><figcaption id=\"caption-attachment-3854\" class=\"wp-caption-text\">Vapsolo 30000 Pufuri Original cu Cel Mai Bun Gust<\/figcaption><\/figure>\n<h2 class=\"product-title\"><strong>Lista de Arome Vapsolo Galaxy 30k<\/strong><\/h2>\n<p>&nbsp;<\/p>\n<p>1.Zmeur\u0103 Pepene Verde <strong><span style=\"color: #ff0000;\">&gt;&gt;&gt;&gt; Fierbinte!<\/span><\/strong><\/p>\n<p>2.Zmeur\u0103 Albastr\u0103 <strong><span style=\"color: #ff0000;\">&gt;&gt;&gt;&gt; Cel mai bun!<\/span><\/strong><\/p>\n<p>3.Ananas Nuc\u0103 de Cocos<\/p>\n<p>4.Ghea\u021b\u0103 de Pepene Verde<\/p>\n<p>5. L\u0103m\u00e2ie verde<\/p>\n<p>6.Fructul Dragonului cu Ghea\u021b\u0103 Neagr\u0103<strong><span style=\"color: #ff0000;\">&gt;&gt;&gt;&gt; Fierbinte!<\/span><\/strong><\/p>\n<p>7.L\u0103m\u00e2ie Piersic\u0103<\/p>\n<p>8.Ghea\u021b\u0103 de Cire\u0219e cu Zmeur\u0103 \u0219i C\u0103p\u0219uni <strong><span style=\"color: #ff0000;\">&gt;&gt;&gt;&gt; Fierbinte!<\/span><\/strong><\/p>\n<p>9.C\u0103p\u0219uni Kiwi<\/p>\n<p>10.Redbull cu C\u0103p\u0219uni <strong><span style=\"color: #ff0000;\">&gt;&gt;&gt;&gt; Fierbinte!<\/span><\/strong><\/p>\n<p>11.Banane cu C\u0103p\u0219uni<\/p>\n<p>12.Triplu Pepene <strong><span style=\"color: #ff0000;\">&gt;&gt;&gt;&gt; Fierbinte!<\/span><\/strong><\/p>\n<article class=\"w-full text-token-text-primary focus-visible:outline-2 focus-visible:outline-offset-[-4px]\" dir=\"auto\" data-testid=\"conversation-turn-32\" data-scroll-anchor=\"false\">\n<div class=\"m-auto text-base py-[18px] px-6\">\n<div class=\"mx-auto flex flex-1 text-base gap-4 md:gap-5 lg:gap-6 md:max-w-3xl lg:max-w-[40rem] xl:max-w-[48rem]\">\n<div class=\"group\/conversation-turn relative flex w-full min-w-0 flex-col @xs\/thread:px-0 @sm\/thread:px-1.5 @md\/thread:px-4\">\n<div class=\"flex-col gap-1 md:gap-3\">\n<div class=\"flex max-w-full flex-col flex-grow\">\n<div class=\"min-h-8 text-message flex w-full flex-col items-end gap-2 whitespace-normal break-words text-start [.text-message+&amp;]:mt-5\" dir=\"auto\" data-message-author-role=\"user\" data-message-id=\"ffac41ca-1db4-431b-873a-32c4052956f1\">\n<div class=\"flex w-full flex-col gap-1 empty:hidden items-end rtl:items-start\">\n<div class=\"relative max-w-[var(--user-chat-width,70%)] rounded-3xl bg-token-message-surface px-5 py-2.5\">\n<div class=\"absolute bottom-0 right-full top-0 -mr-3.5 hidden pr-5 pt-2 [.group\/conversation-turn:hover_&amp;]:flex\">\n<div class=\"flex\">\n<article class=\"w-full text-token-text-primary focus-visible:outline-2 focus-visible:outline-offset-[-4px]\" dir=\"auto\" data-testid=\"conversation-turn-39\" data-scroll-anchor=\"true\">\n<div class=\"m-auto text-base py-[18px] px-6\">\n<div class=\"mx-auto flex flex-1 text-base gap-4 md:gap-5 lg:gap-6 md:max-w-3xl lg:max-w-[40rem] xl:max-w-[48rem]\">\n<div class=\"group\/conversation-turn relative flex w-full min-w-0 flex-col agent-turn @xs\/thread:px-0 @sm\/thread:px-1.5 @md\/thread:px-4\">\n<div class=\"flex-col gap-1 md:gap-3\">\n<div class=\"flex max-w-full flex-col flex-grow\">\n<div class=\"min-h-8 text-message flex w-full flex-col items-end gap-2 whitespace-normal break-words text-start [.text-message+&amp;]:mt-5\" dir=\"auto\" data-message-author-role=\"assistant\" data-message-id=\"55a23854-ec57-48dd-bd4f-6118f43d6241\" data-message-model-slug=\"gpt-4o\">\n<div class=\"flex w-full flex-col gap-1 empty:hidden first:pt-[3px]\">\n<div class=\"markdown prose w-full break-words dark:prose-invert light\"><\/div>\n<\/div>\n<\/div>\n<\/div>\n<\/div>\n<\/div>\n<\/div>\n<\/div>\n<\/article>\n<\/div>\n<\/div>\n<\/div>\n<\/div>\n<\/div>\n<\/div>\n<\/div>\n<\/div>\n<\/div>\n<\/div>\n<\/article>\n<h2>De ce s\u0103 alege\u021bi vapestornado pentru achizi\u021bionarea en gros a Vapsolo Galaxy 30000 Vape?<\/h2>\n<div class=\"flex-shrink-0 flex flex-col relative items-end\">\n<div class=\"pt-0\">\n<div class=\"gizmo-bot-avatar flex h-8 w-8 items-center justify-center overflow-hidden rounded-full\">\n<div class=\"relative p-1 rounded-sm flex items-center justify-center bg-token-main-surface-primary text-token-text-primary h-8 w-8\">\n<p>Bine a\u021bi venit la vapestornado, magazinul dvs. online de \u00eencredere pentru vape-uri de unic\u0103 folosin\u021b\u0103 premium. Cu o experien\u021b\u0103 de peste 5 ani, v\u0103 aducem m\u0103rci populare de vape-uri de unic\u0103 folosin\u021b\u0103, cum ar fi Fumot RandM Vape, Vapme, Bang Vape, Waspe Vape \u0219i WGA Vape, etc.<\/p>\n<p>Gama noastr\u0103 include vape-uri de unic\u0103 folosin\u021b\u0103 cu arom\u0103 dubl\u0103, cum ar fi <a href=\"https:\/\/vapestornado.com\/ro\/product\/waspe-fihp-36000-36k-puff-twins-flavor-rechargeable-disposable-vape-bulk-buy-at-wholesale-prices\/\">FIHP 36K Pufuri Gemene Aroma<\/a>, <a href=\"https:\/\/vapestornado.com\/ro\/product\/waspe-crystal-40000-puffs-40k-double-flavor-rechargeable-disposable-vapes-cheap-price\/\">WASPE Crystal 40k Arom\u0103 Dubl\u0103<\/a> \u0219i op\u021biuni bogate \u00een arome, cum ar fi <a href=\"https:\/\/vapestornado.com\/ro\/product\/razzbar-15000-puffs-rechargeable-disposable-vape-bulk-buy-at-cheap-prices\/\">RAZZBAR 15000 Pufuri<\/a>. Fiecare produs este ales cu accent pe calitate, valoare \u0219i varietate, asigur\u00e2ndu-ne c\u0103 g\u0103se\u0219ti potrivirea perfect\u0103 pentru nevoile tale. Descoper\u0103 servicii excep\u021bionale \u0219i o gam\u0103 larg\u0103 de produse de top cu pre\u021buri de gros la vapestornado.<\/p>\n<\/div>\n<h3><\/h3>\n<div class=\"relative p-1 rounded-sm flex items-center justify-center bg-token-main-surface-primary text-token-text-primary h-8 w-8\">\n<h2>\u00centreb\u0103ri frecvente pentru \u021aigara Electronic\u0103 de Unic\u0103 Folosin\u021b\u0103 Vapsolo Galaxy 30000<\/h2>\n<\/div>\n<\/div>\n<\/div>\n<\/div>\n<div class=\"flex-shrink-0 flex flex-col relative items-end\">\n<div class=\"pt-0\">\n<div class=\"gizmo-bot-avatar flex h-8 w-8 items-center justify-center overflow-hidden rounded-full\">\n<div class=\"relative p-1 rounded-sm flex items-center justify-center bg-token-main-surface-primary text-token-text-primary h-8 w-8\">\n<div class=\"mb-2 flex gap-3 empty:hidden -ml-2\">\n<ol data-start=\"1890\" data-end=\"2794\">\n<li data-start=\"1890\" data-end=\"2083\">\n<p data-start=\"1893\" data-end=\"1966\"><strong data-start=\"1893\" data-end=\"1964\">De unde pot cump\u0103ra Vapsolo Galaxy 30000 Pufuri la pre\u021buri en gros?<\/strong><\/p>\n<ul data-start=\"1970\" data-end=\"2083\">\n<li data-start=\"1970\" data-end=\"2083\">Pute\u021bi ob\u021bine <strong data-start=\"1984\" data-end=\"2008\">oferte exclusive en-gros<\/strong> la Vapestornado<strong data-start=\"2012\" data-end=\"2040\">\u00a0magazin online de vape-uri<\/strong>, sursa de \u00eencredere pentru vape-uri en-gros.<\/li>\n<\/ul>\n<\/li>\n<li data-start=\"2085\" data-end=\"2278\">\n<p data-start=\"2088\" data-end=\"2125\"><strong data-start=\"2088\" data-end=\"2123\">Cum func\u021bioneaz\u0103 ecranul inteligent?<\/strong><\/p>\n<ul data-start=\"2129\" data-end=\"2278\">\n<li data-start=\"2129\" data-end=\"2278\">Sistemul <strong data-start=\"2135\" data-end=\"2164\">ecran tactil inteligent<\/strong> furnizeaz\u0103 <strong data-start=\"2174\" data-end=\"2231\">actualiz\u0103ri \u00een timp real privind durata de via\u021b\u0103 a bateriei \u0219i nivelurile de e-lichid<\/strong>, oferindu-v\u0103 control complet asupra vape-ului dvs.<\/li>\n<\/ul>\n<\/li>\n<li data-start=\"2280\" data-end=\"2442\">\n<p data-start=\"2283\" data-end=\"2324\"><strong data-start=\"2283\" data-end=\"2322\">Vapsolo Galaxy este re\u00eenc\u0103rcabil?<\/strong><\/p>\n<ul data-start=\"2328\" data-end=\"2442\">\n<li data-start=\"2328\" data-end=\"2442\">Da! Are <strong data-start=\"2339\" data-end=\"2357\">baterie de 850mAh<\/strong> is <strong data-start=\"2361\" data-end=\"2384\">\u00eenc\u0103rcare de tip C<\/strong>, asigur\u00e2nd performan\u021be de lung\u0103 durat\u0103 cu \u00eenc\u0103rcare rapid\u0103.<\/li>\n<\/ul>\n<\/li>\n<li data-start=\"2444\" data-end=\"2614\">\n<p data-start=\"2447\" data-end=\"2491\"><strong data-start=\"2447\" data-end=\"2489\">Pot ajusta fluxul de aer pe acest vape?<\/strong><\/p>\n<ul data-start=\"2495\" data-end=\"2614\">\n<li data-start=\"2495\" data-end=\"2614\">Absolut! Ecranul <strong data-start=\"2513\" data-end=\"2543\">Ajustarea fluxului de aer pe 4 niveluri<\/strong> v\u0103 permite s\u0103 v\u0103 personaliza\u021bi tragerea pentru o experien\u021b\u0103 perfect\u0103 de vaping.<\/li>\n<\/ul>\n<\/li>\n<li data-start=\"2616\" data-end=\"2794\">\n<p data-start=\"2619\" data-end=\"2666\"><strong data-start=\"2619\" data-end=\"2664\">Acest vape este disponibil pentru achizi\u021bii \u00een vrac?<\/strong><\/p>\n<ul data-start=\"2670\" data-end=\"2794\">\n<li data-start=\"2670\" data-end=\"2794\">Da! Are <strong data-start=\"2681\" data-end=\"2711\">Vapsolo Galaxy 30000 Pufuri<\/strong> este ideal pentru <strong data-start=\"2725\" data-end=\"2745\">cump\u0103r\u0103torii angro<\/strong>, oferind <strong data-start=\"2756\" data-end=\"2791\">caracteristici de top la pre\u021buri mici<\/strong>.<\/li>\n<\/ul>\n<\/li>\n<\/ol>\n<h4>Cum pot comanda?<\/h4>\n<p><strong>1. Ce metode de plat\u0103 accepta\u021bi?<\/strong><br \/>\nAccept\u0103m transfer IBAN \u0219i <span style=\"font-size: 16px;\">Western Union<\/span>\u00a0pentru tranzac\u021bii sigure \u0219i convenabile.<\/p>\n<p><strong>2. Cum pot urm\u0103ri comanda mea?<\/strong><br \/>\nDup\u0103 ce comanda dvs. este expediat\u0103, <span class=\"selectable-text copyable-text false\">vom continua s\u0103 actualiz\u0103m urm\u0103rirea \u00eenc\u0103rc\u0103turilor p\u00e2n\u0103 c\u00e2nd ve\u021bi primi \u00eenc\u0103rc\u0103turile<\/span>.<\/p>\n<p><strong>3. Care este timpul estimat de livrare?<\/strong><\/p>\n<ul>\n<li>Livrare din <strong>Depozite din China<\/strong> dureaz\u0103 aproximativ <strong>7-14 zile lucr\u0103toare<\/strong>.<\/li>\n<li>Livrare din <strong>Depozite europene<\/strong> de obicei dureaz\u0103 <strong>3-6 zile lucr\u0103toare<\/strong>.<\/li>\n<\/ul>\n<p><strong>4. Cum pot ob\u021bine o livrare mai rapid\u0103?<\/strong><br \/>\nPentru o livrare mai rapid\u0103, v\u0103 recomand\u0103m s\u0103 comanda\u021bi de la <strong>depozitul nostru european<\/strong>, care ofer\u0103 timpi de expediere mai rapizi.<\/p>\n<p><strong>5. Cum returnez un articol?<\/strong><br \/>\nPentru a returna un articol, contacta\u021bi echipa noastr\u0103 de servicii clien\u021bi pentru instruc\u021biuni detaliate privind procesul de returnare.<\/p>\n<p><strong>6. Oferi\u021bi livrare interna\u021bional\u0103?<\/strong><br \/>\nDa, livr\u0103m \u00een majoritatea \u021b\u0103rilor \u0219i ne ocup\u0103m de <strong>v\u0103muire<\/strong> pentru o experien\u021b\u0103 de livrare f\u0103r\u0103 probleme.<\/p>\n<p><strong>7. Ce se \u00eent\u00e2mpl\u0103 dac\u0103 primesc un produs deteriorat sau defect?<\/strong><br \/>\nDac\u0103 articolul dumneavoastr\u0103 este deteriorat sau defect, contacta\u021bi serviciul clien\u021bi pentru o <strong>\u00eenlocuire sau rambursare<\/strong>.<\/p>\n<p><strong>8. Cum pot contacta serviciul clien\u021bi?<\/strong><br \/>\nNe pute\u021bi contacta prin <strong>e-mail, WhatsApp sau chat live<\/strong> pe site-ul nostru web pentru orice asisten\u021b\u0103.<\/p>\n<\/div>\n<\/div>\n<\/div>\n<\/div>\n<\/div>","protected":false},"excerpt":{"rendered":"<p>Vape Original Vapsolo 30000 Pufuri, cele mai bune vaporizatoare cu ecran<br \/>\nVape de unic\u0103 folosin\u021b\u0103 Vapsolo Galaxy Vapers 30K Puff, en-gros din fabric\u0103<br \/>\nVapsolo Galaxy 30000 Pufuri Vape de unic\u0103 folosin\u021b\u0103 inteligent\u0103, pre\u021b bulk<\/p>\n<p><strong>Ad\u0103uga\u021bi-o pe Amy pe WhatsApp pentru a ob\u021bine un r\u0103spuns corect \u0219i un pre\u021b redus!<\/strong><\/p>\n<p><img fetchpriority=\"high\" decoding=\"async\" class=\"size-full wp-image-2932\" src=\"https:\/\/vapestornado.com\/wp-content\/uploads\/2024\/12\/Vape-Wholesale.jpg\" alt=\"\u021aig\u0103ri electronice cu ridicata\" width=\"229\" height=\"300\" \/><\/p>\n<h3><a href=\"https:\/\/wa.me\/8617776015835\"><span style=\"color: #ff0000;\"><strong>WhatsApp: +86 17776015835<\/strong><\/span><\/a><\/h3>\n<p>&nbsp;<\/p>","protected":false},"featured_media":3855,"comment_status":"open","ping_status":"closed","template":"","meta":{"_acf_changed":false,"_uag_custom_page_level_css":"","_lmt_disableupdate":"no","_lmt_disable":"","_monsterinsights_skip_tracking":false,"_monsterinsights_sitenote_active":false,"_monsterinsights_sitenote_note":"","_monsterinsights_sitenote_category":0,"site-sidebar-layout":"default","site-content-layout":"","ast-site-content-layout":"default","site-content-style":"default","site-sidebar-style":"default","ast-global-header-display":"","ast-banner-title-visibility":"","ast-main-header-display":"","ast-hfb-above-header-display":"","ast-hfb-below-header-display":"","ast-hfb-mobile-header-display":"","site-post-title":"","ast-breadcrumbs-content":"","ast-featured-img":"","footer-sml-layout":"","ast-disable-related-posts":"","theme-transparent-header-meta":"default","adv-header-id-meta":"","stick-header-meta":"","header-above-stick-meta":"","header-main-stick-meta":"","header-below-stick-meta":"","astra-migrate-meta-layouts":"set","ast-page-background-enabled":"default","ast-page-background-meta":{"desktop":{"background-color":"","background-image":"","background-repeat":"repeat","background-position":"center center","background-size":"auto","background-attachment":"scroll","background-type":"","background-media":"","overlay-type":"","overlay-color":"","overlay-opacity":"","overlay-gradient":""},"tablet":{"background-color":"","background-image":"","background-repeat":"repeat","background-position":"center center","background-size":"auto","background-attachment":"scroll","background-type":"","background-media":"","overlay-type":"","overlay-color":"","overlay-opacity":"","overlay-gradient":""},"mobile":{"background-color":"","background-image":"","background-repeat":"repeat","background-position":"center center","background-size":"auto","background-attachment":"scroll","background-type":"","background-media":"","overlay-type":"","overlay-color":"","overlay-opacity":"","overlay-gradient":""}},"ast-content-background-meta":{"desktop":{"background-color":"var(--ast-global-color-5)","background-image":"","background-repeat":"repeat","background-position":"center center","background-size":"auto","background-attachment":"scroll","background-type":"","background-media":"","overlay-type":"","overlay-color":"","overlay-opacity":"","overlay-gradient":""},"tablet":{"background-color":"var(--ast-global-color-5)","background-image":"","background-repeat":"repeat","background-position":"center center","background-size":"auto","background-attachment":"scroll","background-type":"","background-media":"","overlay-type":"","overlay-color":"","overlay-opacity":"","overlay-gradient":""},"mobile":{"background-color":"var(--ast-global-color-5)","background-image":"","background-repeat":"repeat","background-position":"center center","background-size":"auto","background-attachment":"scroll","background-type":"","background-media":"","overlay-type":"","overlay-color":"","overlay-opacity":"","overlay-gradient":""}},"_joinchat":{"telephone":"17776015835"}},"product_brand":[],"product_cat":[19,67,149,158,143,146,171],"product_tag":[105,97,250,94,241,93,249],"class_list":{"0":"post-3859","1":"product","2":"type-product","3":"status-publish","4":"has-post-thumbnail","6":"product_cat-vapes","7":"product_cat-30000-puff","8":"product_cat-buy-disposable-vapes-in-austria","9":"product_cat-buy-disposable-vapes-in-spain","10":"product_cat-dual-mesh-disposable-vapes","11":"product_cat-rechargeable-disposable-vapes","12":"product_cat-vapsolo-disposable-vapes","13":"product_tag-digital-disposable-vape","14":"product_tag-hot-sale-disposable-vape","15":"product_tag-puff-30k","16":"product_tag-rechargeable-disposable-vape","17":"product_tag-smart-screen-disposable-vape","18":"product_tag-vape-wholesale","19":"product_tag-vapsolo-galaxy-30000","20":"desktop-align-left","21":"tablet-align-left","22":"mobile-align-left","24":"first","25":"instock","26":"sale","27":"shipping-taxable","28":"purchasable","29":"product-type-simple"},"acf":[],"uagb_featured_image_src":{"full":["https:\/\/vapestornado.com\/wp-content\/uploads\/2025\/03\/Vapsolo-Galaxy-30k-30000-Puffs-Disposable-Vape.webp",800,800,false],"thumbnail":["https:\/\/vapestornado.com\/wp-content\/uploads\/2025\/03\/Vapsolo-Galaxy-30k-30000-Puffs-Disposable-Vape-150x150.webp",150,150,true],"medium":["https:\/\/vapestornado.com\/wp-content\/uploads\/2025\/03\/Vapsolo-Galaxy-30k-30000-Puffs-Disposable-Vape-300x300.webp",300,300,true],"medium_large":["https:\/\/vapestornado.com\/wp-content\/uploads\/2025\/03\/Vapsolo-Galaxy-30k-30000-Puffs-Disposable-Vape-768x768.webp",768,768,true],"large":["https:\/\/vapestornado.com\/wp-content\/uploads\/2025\/03\/Vapsolo-Galaxy-30k-30000-Puffs-Disposable-Vape.webp",800,800,false],"1536x1536":["https:\/\/vapestornado.com\/wp-content\/uploads\/2025\/03\/Vapsolo-Galaxy-30k-30000-Puffs-Disposable-Vape.webp",800,800,false],"2048x2048":["https:\/\/vapestornado.com\/wp-content\/uploads\/2025\/03\/Vapsolo-Galaxy-30k-30000-Puffs-Disposable-Vape.webp",800,800,false],"trp-custom-language-flag":["https:\/\/vapestornado.com\/wp-content\/uploads\/2025\/03\/Vapsolo-Galaxy-30k-30000-Puffs-Disposable-Vape.webp",12,12,false],"woocommerce_thumbnail":["https:\/\/vapestornado.com\/wp-content\/uploads\/2025\/03\/Vapsolo-Galaxy-30k-30000-Puffs-Disposable-Vape-300x300.webp",300,300,true],"woocommerce_single":["https:\/\/vapestornado.com\/wp-content\/uploads\/2025\/03\/Vapsolo-Galaxy-30k-30000-Puffs-Disposable-Vape-600x600.webp",600,600,true],"woocommerce_gallery_thumbnail":["https:\/\/vapestornado.com\/wp-content\/uploads\/2025\/03\/Vapsolo-Galaxy-30k-30000-Puffs-Disposable-Vape-100x100.webp",100,100,true]},"uagb_author_info":{"display_name":"ESAMY","author_link":"https:\/\/vapestornado.com\/ro\/author\/"},"uagb_comment_info":0,"uagb_excerpt":"Original Vapsolo 30000 Puffs Best Screen Vaporizers Vape Factory Wholesale Vapsolo Galaxy Vapers 30K Puff Disposable Vape Vapsolo Galaxy 30000 Puff Smart Disposables Vape Bulk Price Add Amy's whatsapp to get right reply and discount price! WhatsApp: +86 17776015835 &nbsp;","_links":{"self":[{"href":"https:\/\/vapestornado.com\/ro\/wp-json\/wp\/v2\/product\/3859","targetHints":{"allow":["GET"]}}],"collection":[{"href":"https:\/\/vapestornado.com\/ro\/wp-json\/wp\/v2\/product"}],"about":[{"href":"https:\/\/vapestornado.com\/ro\/wp-json\/wp\/v2\/types\/product"}],"replies":[{"embeddable":true,"href":"https:\/\/vapestornado.com\/ro\/wp-json\/wp\/v2\/comments?post=3859"}],"wp:featuredmedia":[{"embeddable":true,"href":"https:\/\/vapestornado.com\/ro\/wp-json\/wp\/v2\/media\/3855"}],"wp:attachment":[{"href":"https:\/\/vapestornado.com\/ro\/wp-json\/wp\/v2\/media?parent=3859"}],"wp:term":[{"taxonomy":"product_brand","embeddable":true,"href":"https:\/\/vapestornado.com\/ro\/wp-json\/wp\/v2\/product_brand?post=3859"},{"taxonomy":"product_cat","embeddable":true,"href":"https:\/\/vapestornado.com\/ro\/wp-json\/wp\/v2\/product_cat?post=3859"},{"taxonomy":"product_tag","embeddable":true,"href":"https:\/\/vapestornado.com\/ro\/wp-json\/wp\/v2\/product_tag?post=3859"}],"curies":[{"name":"wp","href":"https:\/\/api.w.org\/{rel}","templated":true}]}}