{"id":3788,"date":"2025-02-18T03:50:57","date_gmt":"2025-02-18T03:50:57","guid":{"rendered":"https:\/\/vapestornado.com\/?post_type=product&#038;p=3788"},"modified":"2025-08-23T09:28:52","modified_gmt":"2025-08-23T09:28:52","slug":"jnr-nicotine-pouches-25mg-15-flavours-shop-online-lower-price","status":"publish","type":"product","link":"https:\/\/vapestornado.com\/ro\/product\/jnr-nicotine-pouches-25mg-15-flavours-shop-online-lower-price\/","title":{"rendered":"Punguli\u021be cu nicotin\u0103 JNR 25mg 15+ Arome Cump\u0103r\u0103 online Pre\u021b mai mic"},"content":{"rendered":"<h1 class=\"product-title\">Punguli\u021be cu nicotin\u0103 JNR 25mg 15+ Arome Cump\u0103r\u0103 online Pre\u021b mai mic<\/h1>\n<p data-start=\"263\" data-end=\"535\">Sistemul <strong data-start=\"267\" data-end=\"296\">Plicule\u021be cu nicotin\u0103 JNR 25mg<\/strong> sunt concepute pentru utilizatorii care doresc o experien\u021b\u0103 nicotinic\u0103 puternic\u0103 \u0219i eficient\u0103 f\u0103r\u0103 a fuma sau a vapa. Fiecare plic con\u021bine <strong data-start=\"419\" data-end=\"439\">25 mg de nicotin\u0103<\/strong>, oferind o eliberare rapid\u0103 \u0219i puternic\u0103, ideal\u0103 pentru utilizatorii experimenta\u021bi care caut\u0103 intensitate \u0219i concentrare.<\/p>\n<p data-start=\"537\" data-end=\"781\">Fabricate din <strong data-start=\"547\" data-end=\"583\">fibre pe baz\u0103 de plante, f\u0103r\u0103 tutun<\/strong>, aceste plicuri sub\u021biri se potrivesc confortabil sub buza superioar\u0103, f\u0103r\u0103 mizerie, f\u0103r\u0103 scuipat \u0219i f\u0103r\u0103 miros persistent. Designul discret le face u\u0219or de utilizat oric\u00e2nd \u2013 la serviciu, \u00een deplasare sau \u00een contexte sociale.<\/p>\n<p data-start=\"783\" data-end=\"1056\">Disponibil \u00een <strong data-start=\"796\" data-end=\"811\">Peste 15 arome<\/strong> inclusiv ment\u0103, citrice \u0219i fructe de p\u0103dure, <strong data-start=\"851\" data-end=\"880\">Plicule\u021be cu nicotin\u0103 JNR de 25 mg<\/strong> combin\u0103 puterea cu gustul r\u0103coritor. Acestea ofer\u0103 o alternativ\u0103 convenabil\u0103, f\u0103r\u0103 fum, pentru oricine caut\u0103 o op\u021biune nicotinic\u0103 puternic\u0103, de \u00eenalt\u0103 calitate, la un pre\u021b competitiv.<\/p>\n<p><strong>Ad\u0103uga\u021bi-o pe Amy pe WhatsApp pentru a ob\u021bine un r\u0103spuns corect \u0219i un pre\u021b redus!<\/strong><\/p>\n<p><img fetchpriority=\"high\" decoding=\"async\" class=\"size-full wp-image-2932\" src=\"https:\/\/vapestornado.com\/wp-content\/uploads\/2024\/12\/Vape-Wholesale.jpg\" alt=\"\u021aig\u0103ri electronice cu ridicata\" width=\"229\" height=\"300\" \/><\/p>\n<h3><a href=\"https:\/\/wa.me\/8617776015835\" target=\"_blank\" rel=\"noopener\"><span style=\"color: #ff0000;\"><strong>WhatsApp: +86 17776015835<\/strong><\/span><\/a><\/h3>\n<p>&nbsp;<\/p>\n<h2><strong>Caracteristici produs JNR Nicotine Pouches 25mg<\/strong><\/h2>\n<p>Marc\u0103: JNR<br \/>\nConcentra\u021bie de nicotin\u0103: 25 mg per pung\u0103<br \/>\nNum\u0103r de pungi: 20 buc per cutie<\/p>\n<figure id=\"attachment_3773\" aria-describedby=\"caption-attachment-3773\" style=\"width: 1000px\" class=\"wp-caption alignnone\"><img decoding=\"async\" class=\"wp-image-3773 size-full\" src=\"https:\/\/vapestornado.com\/wp-content\/uploads\/2025\/02\/Hot-Selling-JNR-Nicotine-Pouches-25mg.webp\" alt=\"JNR Nicotine Pouches 25mg de v\u00e2nzare la cald\" width=\"1000\" height=\"1000\" srcset=\"https:\/\/vapestornado.com\/wp-content\/uploads\/2025\/02\/Hot-Selling-JNR-Nicotine-Pouches-25mg.webp 1000w, https:\/\/vapestornado.com\/wp-content\/uploads\/2025\/02\/Hot-Selling-JNR-Nicotine-Pouches-25mg-300x300.webp 300w, https:\/\/vapestornado.com\/wp-content\/uploads\/2025\/02\/Hot-Selling-JNR-Nicotine-Pouches-25mg-150x150.webp 150w, https:\/\/vapestornado.com\/wp-content\/uploads\/2025\/02\/Hot-Selling-JNR-Nicotine-Pouches-25mg-768x768.webp 768w, https:\/\/vapestornado.com\/wp-content\/uploads\/2025\/02\/Hot-Selling-JNR-Nicotine-Pouches-25mg-600x600.webp 600w, https:\/\/vapestornado.com\/wp-content\/uploads\/2025\/02\/Hot-Selling-JNR-Nicotine-Pouches-25mg-100x100.webp 100w\" sizes=\"(max-width: 1000px) 100vw, 1000px\" \/><figcaption id=\"caption-attachment-3773\" class=\"wp-caption-text\">JNR Nicotine Pouches 25mg de v\u00e2nzare la cald<\/figcaption><\/figure>\n<h2 class=\"product-title\"><strong>Lista arome JNR Nicotine Pouches 25mg<\/strong><\/h2>\n<ol data-start=\"59\" data-end=\"318\" data-is-last-node=\"\">\n<li data-start=\"59\" data-end=\"76\">Cirea\u0219\u0103 Neagr\u0103<\/li>\n<li data-start=\"77\" data-end=\"95\">Ghea\u021b\u0103 de Zmeur\u0103 Albastr\u0103<\/li>\n<li data-start=\"96\" data-end=\"115\">Ment\u0103 \u0219i Afine<\/li>\n<li data-start=\"116\" data-end=\"135\">Citrice R\u0103coritoare<\/li>\n<li data-start=\"136\" data-end=\"151\">Cola Efervescent\u0103<\/li>\n<li data-start=\"152\" data-end=\"163\">\u00cenghe\u021b<\/li>\n<li data-start=\"164\" data-end=\"177\">R\u0103coare de ghea\u021b\u0103<\/li>\n<li data-start=\"178\" data-end=\"191\">Ment\u0103 de ghea\u021b\u0103<\/li>\n<li data-start=\"192\" data-end=\"210\">Ment\u0103 dulce de ghea\u021b\u0103<\/li>\n<li data-start=\"211\" data-end=\"228\">Fructe de P\u0103dure Mixte<\/li>\n<li data-start=\"229\" data-end=\"246\">Caramel moale<\/li>\n<li data-start=\"247\" data-end=\"267\">C\u0103p\u0219uni Ghea\u021b\u0103<\/li>\n<li data-start=\"268\" data-end=\"282\">Tropical<\/li>\n<li data-start=\"283\" data-end=\"299\">M\u0103r dublu<\/li>\n<li data-start=\"300\" data-end=\"318\" data-is-last-node=\"\">Pepene verde cu ghea\u021b\u0103<\/li>\n<\/ol>\n<h3 class=\"product-title\">Sunt plicule\u021bele cu nicotin\u0103 benefice?<\/h3>\n<article class=\"w-full text-token-text-primary focus-visible:outline-2 focus-visible:outline-offset-[-4px]\" dir=\"auto\" data-testid=\"conversation-turn-32\" data-scroll-anchor=\"false\">\n<div class=\"m-auto text-base py-[18px] px-6\">\n<div class=\"mx-auto flex flex-1 text-base gap-4 md:gap-5 lg:gap-6 md:max-w-3xl lg:max-w-[40rem] xl:max-w-[48rem]\">\n<div class=\"group\/conversation-turn relative flex w-full min-w-0 flex-col @xs\/thread:px-0 @sm\/thread:px-1.5 @md\/thread:px-4\">\n<div class=\"flex-col gap-1 md:gap-3\">\n<div class=\"flex max-w-full flex-col flex-grow\">\n<div class=\"min-h-8 text-message flex w-full flex-col items-end gap-2 whitespace-normal break-words text-start [.text-message+&amp;]:mt-5\" dir=\"auto\" data-message-author-role=\"user\" data-message-id=\"ffac41ca-1db4-431b-873a-32c4052956f1\">\n<div class=\"flex w-full flex-col gap-1 empty:hidden items-end rtl:items-start\">\n<div class=\"relative max-w-[var(--user-chat-width,70%)] rounded-3xl bg-token-message-surface px-5 py-2.5\">\n<div class=\"absolute bottom-0 right-full top-0 -mr-3.5 hidden pr-5 pt-2 [.group\/conversation-turn:hover_&amp;]:flex\">\n<div class=\"flex\"><\/div>\n<\/div>\n<\/div>\n<\/div>\n<\/div>\n<\/div>\n<\/div>\n<\/div>\n<\/div>\n<\/div>\n<\/article>\n<article class=\"w-full text-token-text-primary focus-visible:outline-2 focus-visible:outline-offset-[-4px]\" dir=\"auto\" data-testid=\"conversation-turn-33\" data-scroll-anchor=\"true\">\n<div class=\"m-auto text-base py-[18px] px-6\">\n<div class=\"mx-auto flex flex-1 text-base gap-4 md:gap-5 lg:gap-6 md:max-w-3xl lg:max-w-[40rem] xl:max-w-[48rem]\">\n<div class=\"group\/conversation-turn relative flex w-full min-w-0 flex-col agent-turn @xs\/thread:px-0 @sm\/thread:px-1.5 @md\/thread:px-4\">\n<div class=\"flex-col gap-1 md:gap-3\">\n<div class=\"flex max-w-full flex-col flex-grow\">\n<div class=\"min-h-8 text-message flex w-full flex-col items-end gap-2 whitespace-normal break-words text-start [.text-message+&amp;]:mt-5\" dir=\"auto\" data-message-author-role=\"assistant\" data-message-id=\"e542e950-e3a5-4b1a-98f8-7584a2f9bc41\" data-message-model-slug=\"gpt-4o\">\n<div class=\"flex w-full flex-col gap-1 empty:hidden first:pt-[3px]\">\n<div class=\"markdown prose w-full break-words dark:prose-invert light\">\n<article class=\"w-full text-token-text-primary focus-visible:outline-2 focus-visible:outline-offset-[-4px]\" dir=\"auto\" data-testid=\"conversation-turn-35\" data-scroll-anchor=\"true\">\n<div class=\"m-auto text-base py-[18px] px-6\">\n<div class=\"mx-auto flex flex-1 text-base gap-4 md:gap-5 lg:gap-6 md:max-w-3xl lg:max-w-[40rem] xl:max-w-[48rem]\">\n<div class=\"group\/conversation-turn relative flex w-full min-w-0 flex-col agent-turn @xs\/thread:px-0 @sm\/thread:px-1.5 @md\/thread:px-4\">\n<div class=\"flex-col gap-1 md:gap-3\">\n<div class=\"flex max-w-full flex-col flex-grow\">\n<div class=\"min-h-8 text-message flex w-full flex-col items-end gap-2 whitespace-normal break-words text-start [.text-message+&amp;]:mt-5\" dir=\"auto\" data-message-author-role=\"assistant\" data-message-id=\"19ad7ab6-95d5-4367-834a-f160e402f0d6\" data-message-model-slug=\"gpt-4o\">\n<div class=\"flex w-full flex-col gap-1 empty:hidden first:pt-[3px]\">\n<div class=\"markdown prose w-full break-words dark:prose-invert light\">\n<p>Pentru fum\u0103torii care \u00eencearc\u0103 s\u0103 renun\u021be, plicule\u021bele cu nicotin\u0103 ofer\u0103 o alternativ\u0103 mai curat\u0103, f\u0103r\u0103 tutun. De\u0219i nicotina \u00een sine poate prezenta riscuri pentru s\u0103n\u0103tate, plicule\u021bele elimin\u0103 efectele nocive ale fumatului, f\u0103c\u00e2ndu-le o op\u021biune mai s\u0103n\u0103toas\u0103 pentru fum\u0103torii actuali care doresc s\u0103 reduc\u0103 riscurile. Fumatul este considerat cel mai nes\u0103n\u0103tos mod de a consuma nicotin\u0103, a\u0219a c\u0103 trecerea la plicule\u021bele cu nicotin\u0103 poate fi un pas pozitiv pentru utilizatorii preocupa\u021bi de s\u0103n\u0103tate.<\/p>\n<\/div>\n<\/div>\n<\/div>\n<\/div>\n<\/div>\n<\/div>\n<\/div>\n<\/div>\n<\/article>\n<\/div>\n<\/div>\n<\/div>\n<\/div>\n<\/div>\n<\/div>\n<\/div>\n<\/div>\n<\/article>\n<h3>De ce s\u0103 alegi vapestornado pentru plicule\u021be cu nicotin\u0103 JNR en-gros?<\/h3>\n<div class=\"flex-shrink-0 flex flex-col relative items-end\">\n<div class=\"pt-0\">\n<div class=\"gizmo-bot-avatar flex h-8 w-8 items-center justify-center overflow-hidden rounded-full\">\n<div class=\"relative p-1 rounded-sm flex items-center justify-center bg-token-main-surface-primary text-token-text-primary h-8 w-8\">\n<p>Bine a\u021bi venit la vapestornado, magazinul dvs. online de \u00eencredere pentru vape-uri de unic\u0103 folosin\u021b\u0103 premium. Cu o experien\u021b\u0103 de peste 5 ani, v\u0103 aducem m\u0103rci populare de vape-uri de unic\u0103 folosin\u021b\u0103, cum ar fi Fumot RandM Vape, Vapme, Bang Vape, Waspe Vape \u0219i WGA Vape, etc.<\/p>\n<p>Gama noastr\u0103 include vape-uri de unic\u0103 folosin\u021b\u0103 cu arom\u0103 dubl\u0103, cum ar fi <a href=\"https:\/\/vapestornado.com\/ro\/product\/bang-king-35k-35000-puffs-2-in-1-dual-flavour-disposable-vape-wholesale-cheap-price\/\">Bang King 35k 35000 pufuri<\/a>, <a href=\"https:\/\/vapestornado.com\/ro\/product\/waspe-crystal-40000-puffs-40k-double-flavor-rechargeable-disposable-vapes-cheap-price\/\">WASPE Crystal 40k Arom\u0103 Dubl\u0103<\/a> \u0219i op\u021biuni bogate \u00een arome, cum ar fi <a href=\"https:\/\/vapestornado.com\/ro\/product\/razzbar-15000-puffs-rechargeable-disposable-vape-bulk-buy-at-cheap-prices\/\">RAZZBAR 15000 Pufuri<\/a>. Fiecare produs este ales cu accent pe calitate, valoare \u0219i varietate, asigur\u00e2ndu-ne c\u0103 g\u0103se\u0219ti potrivirea perfect\u0103 pentru nevoile tale. Descoper\u0103 servicii excep\u021bionale \u0219i o gam\u0103 larg\u0103 de produse de top cu pre\u021buri de gros la vapestornado.<\/p>\n<\/div>\n<h3><\/h3>\n<div class=\"relative p-1 rounded-sm flex items-center justify-center bg-token-main-surface-primary text-token-text-primary h-8 w-8\">\n<h3>\u00centreb\u0103ri frecvente despre plicule\u021bele cu nicotin\u0103 JNR<\/h3>\n<\/div>\n<\/div>\n<\/div>\n<\/div>\n<div class=\"flex-shrink-0 flex flex-col relative items-end\">\n<div class=\"pt-0\">\n<div class=\"gizmo-bot-avatar flex h-8 w-8 items-center justify-center overflow-hidden rounded-full\">\n<div class=\"relative p-1 rounded-sm flex items-center justify-center bg-token-main-surface-primary text-token-text-primary h-8 w-8\">\n<div class=\"mb-2 flex gap-3 empty:hidden -ml-2\">\n<p data-start=\"42\" data-end=\"510\"><strong data-start=\"42\" data-end=\"152\">1. Care sunt beneficiile cheie ale utiliz\u0103rii plicule\u021belor cu nicotin\u0103 JNR 25mg \u00een compara\u021bie cu fumatul tradi\u021bional sau vapatul?<\/strong><br data-start=\"152\" data-end=\"155\" \/>Plicule\u021bele cu nicotin\u0103 JNR 25mg ofer\u0103 o experien\u021b\u0103 cu nicotin\u0103 mai curat\u0103 \u0219i mai discret\u0103, f\u0103r\u0103 a fi nevoie s\u0103 fumezi sau s\u0103 vapezi. F\u0103cute cu ingrediente f\u0103r\u0103 tutun, ele ofer\u0103 o op\u021biune f\u0103r\u0103 fum \u0219i f\u0103r\u0103 miros pentru consumul de nicotin\u0103. Plicule\u021bele sub\u021biri \u0219i portabile pot fi folosite oric\u00e2nd, oriunde, f\u0103c\u00e2ndu-le o alternativ\u0103 convenabil\u0103 la produsele tradi\u021bionale din tutun.<\/p>\n<p data-start=\"512\" data-end=\"893\"><strong data-start=\"512\" data-end=\"625\">2. C\u00e2t dureaz\u0103 senza\u021bia de furnic\u0103turi atunci c\u00e2nd folose\u0219ti un plicule\u021b cu nicotin\u0103 JNR \u0219i ce indic\u0103 aceasta?<\/strong><br data-start=\"625\" data-end=\"628\" \/>C\u00e2nd plasezi un plicule\u021b cu nicotin\u0103 JNR 25mg sub buz\u0103, vei sim\u021bi o senza\u021bie de furnic\u0103turi care dureaz\u0103 de obicei aproximativ 15 minute. Aceast\u0103 senza\u021bie indic\u0103 eliberarea de nicotin\u0103 \u0219i este un semn c\u0103 plicule\u021bul func\u021bioneaz\u0103 conform a\u0219tept\u0103rilor, oferind o doz\u0103 puternic\u0103 de nicotin\u0103.<\/p>\n<p data-start=\"895\" data-end=\"1290\"><strong data-start=\"895\" data-end=\"995\">3. Plicule\u021bele cu nicotin\u0103 JNR 25mg pot ajuta fum\u0103torii s\u0103 renun\u021be \u0219i ce le face o alternativ\u0103 mai s\u0103n\u0103toas\u0103?<\/strong><br data-start=\"995\" data-end=\"998\" \/>Da, plicule\u021bele cu nicotin\u0103 JNR pot ajuta fum\u0103torii s\u0103 renun\u021be, oferind o op\u021biune f\u0103r\u0103 tutun \u0219i f\u0103r\u0103 fum pentru consumul de nicotin\u0103. Deoarece nu con\u021bin tutun, ele elimin\u0103 efectele nocive ale fumatului, f\u0103c\u00e2ndu-le o alternativ\u0103 mai s\u0103n\u0103toas\u0103 pentru cei care \u00eencearc\u0103 s\u0103 reduc\u0103 sau s\u0103 renun\u021be la utilizarea tutunului.<\/p>\n<p data-start=\"1292\" data-end=\"1826\"><strong data-start=\"1292\" data-end=\"1409\">4. Ce arome sunt disponibile pentru plicule\u021bele cu nicotin\u0103 JNR 25mg \u0219i care dintre ele ofer\u0103 cea mai r\u0103coritoare experien\u021b\u0103?<\/strong><br data-start=\"1409\" data-end=\"1412\" \/>Plicule\u021bele cu nicotin\u0103 JNR sunt disponibile \u00eentr-o varietate de arome r\u0103coritoare, inclusiv cire\u0219e negre, zmeur\u0103 albastr\u0103 cu ghea\u021b\u0103, ment\u0103 cu afine, citrice r\u0103coritoare, fructe de p\u0103dure mixte, c\u0103p\u0219uni cu ghea\u021b\u0103 \u0219i multe altele. Pentru o experien\u021b\u0103 r\u0103coritoare, mul\u021bi utilizatori se bucur\u0103 de senza\u021bia de r\u0103coare a aromelor precum ment\u0103 cu ghea\u021b\u0103, zmeur\u0103 albastr\u0103 cu ghea\u021b\u0103 \u0219i c\u0103p\u0219uni cu ghea\u021b\u0103.<\/p>\n<p data-start=\"1828\" data-end=\"2274\" data-is-last-node=\"\"><strong data-start=\"1828\" data-end=\"1932\">5. Cum ar trebui s\u0103 a\u0219ez corect un plicule\u021b cu nicotin\u0103 JNR pentru o utilizare c\u00e2t mai confortabil\u0103 \u0219i eficient\u0103?<\/strong><br data-start=\"1932\" data-end=\"1935\" \/>Pentru a folosi un plicule\u021b cu nicotin\u0103 JNR, a\u0219eaz\u0103 pur \u0219i simplu un plicule\u021b sub buza superioar\u0103 sau inferioar\u0103. Vei \u00eencepe s\u0103 sim\u021bi efectele \u00een c\u00e2teva minute. Designul discret \u00ee\u021bi permite s\u0103 te bucuri de experien\u021ba cu nicotin\u0103 f\u0103r\u0103 mizerie sau miros puternic.<\/p>\n<h2>Cum pot comanda?<\/h2>\n<p><strong>1. Ce metode de plat\u0103 accepta\u021bi?<\/strong><br \/>\nAccept\u0103m transfer IBAN \u0219i <span style=\"font-size: 16px;\">Western Union<\/span>\u00a0pentru tranzac\u021bii sigure \u0219i convenabile.<\/p>\n<p><strong>2. Cum pot urm\u0103ri comanda mea?<\/strong><br \/>\nDup\u0103 ce comanda dvs. este expediat\u0103, <span class=\"selectable-text copyable-text false\">vom continua s\u0103 actualiz\u0103m urm\u0103rirea \u00eenc\u0103rc\u0103turilor p\u00e2n\u0103 c\u00e2nd ve\u021bi primi \u00eenc\u0103rc\u0103turile<\/span>.<\/p>\n<p><strong>3. Care este timpul estimat de livrare?<\/strong><\/p>\n<ul>\n<li>Livrare din <strong>Depozite din China<\/strong> dureaz\u0103 aproximativ <strong>7-14 zile lucr\u0103toare<\/strong>.<\/li>\n<li>Livrare din <strong>Depozite europene<\/strong> de obicei dureaz\u0103 <strong>3-6 zile lucr\u0103toare<\/strong>.<\/li>\n<\/ul>\n<p><strong>4. Cum pot ob\u021bine o livrare mai rapid\u0103?<\/strong><br \/>\nPentru o livrare mai rapid\u0103, v\u0103 recomand\u0103m s\u0103 comanda\u021bi de la <strong>depozitul nostru european<\/strong>, care ofer\u0103 timpi de expediere mai rapizi.<\/p>\n<p><strong>5. Cum returnez un articol?<\/strong><br \/>\nPentru a returna un articol, contacta\u021bi echipa noastr\u0103 de servicii clien\u021bi pentru instruc\u021biuni detaliate privind procesul de returnare.<\/p>\n<p><strong>6. Oferi\u021bi livrare interna\u021bional\u0103?<\/strong><br \/>\nDa, livr\u0103m \u00een majoritatea \u021b\u0103rilor \u0219i ne ocup\u0103m de <strong>v\u0103muire<\/strong> pentru o experien\u021b\u0103 de livrare f\u0103r\u0103 probleme.<\/p>\n<p><strong>7. Ce se \u00eent\u00e2mpl\u0103 dac\u0103 primesc un produs deteriorat sau defect?<\/strong><br \/>\nDac\u0103 articolul dumneavoastr\u0103 este deteriorat sau defect, contacta\u021bi serviciul clien\u021bi pentru o <strong>\u00eenlocuire sau rambursare<\/strong>.<\/p>\n<p><strong>8. Cum pot contacta serviciul clien\u021bi?<\/strong><br \/>\nNe pute\u021bi contacta prin <strong>e-mail, WhatsApp sau chat live<\/strong> pe site-ul nostru web pentru orice asisten\u021b\u0103.<\/p>\n<\/div>\n<\/div>\n<\/div>\n<\/div>\n<\/div>","protected":false},"excerpt":{"rendered":"<p>JNR Nicotine Pouches 25mg en gros<br \/>\nJNR Nicotine Pouches 25mg de v\u00e2nzare la cald, cump\u0103rare \u00een vrac<br \/>\nCele mai bune JNR Nicotine Pouches 25mg pre\u021b ieftin<\/p>\n<p><strong>Adaug\u0103 whatsapp-ul lui Amy pentru a primi r\u0103spuns imediat \u0219i un cupon de vape!<\/strong><\/p>\n<p><img fetchpriority=\"high\" decoding=\"async\" class=\"size-full wp-image-2932\" src=\"https:\/\/vapestornado.com\/wp-content\/uploads\/2024\/12\/Vape-Wholesale.jpg\" alt=\"\u021aig\u0103ri electronice cu ridicata\" width=\"229\" height=\"300\" \/><\/p>\n<h3><a href=\"https:\/\/wa.me\/8617776015835\"><span style=\"color: #ff0000;\"><strong>WhatsApp: +86 17776015835<\/strong><\/span><\/a><\/h3>\n<p>&nbsp;<\/p>","protected":false},"featured_media":3777,"comment_status":"open","ping_status":"closed","template":"","meta":{"_acf_changed":false,"_uag_custom_page_level_css":"","_lmt_disableupdate":"no","_lmt_disable":"","_monsterinsights_skip_tracking":false,"_monsterinsights_sitenote_active":false,"_monsterinsights_sitenote_note":"","_monsterinsights_sitenote_category":0,"site-sidebar-layout":"default","site-content-layout":"","ast-site-content-layout":"default","site-content-style":"default","site-sidebar-style":"default","ast-global-header-display":"","ast-banner-title-visibility":"","ast-main-header-display":"","ast-hfb-above-header-display":"","ast-hfb-below-header-display":"","ast-hfb-mobile-header-display":"","site-post-title":"","ast-breadcrumbs-content":"","ast-featured-img":"","footer-sml-layout":"","ast-disable-related-posts":"","theme-transparent-header-meta":"default","adv-header-id-meta":"","stick-header-meta":"","header-above-stick-meta":"","header-main-stick-meta":"","header-below-stick-meta":"","astra-migrate-meta-layouts":"set","ast-page-background-enabled":"default","ast-page-background-meta":{"desktop":{"background-color":"","background-image":"","background-repeat":"repeat","background-position":"center center","background-size":"auto","background-attachment":"scroll","background-type":"","background-media":"","overlay-type":"","overlay-color":"","overlay-opacity":"","overlay-gradient":""},"tablet":{"background-color":"","background-image":"","background-repeat":"repeat","background-position":"center center","background-size":"auto","background-attachment":"scroll","background-type":"","background-media":"","overlay-type":"","overlay-color":"","overlay-opacity":"","overlay-gradient":""},"mobile":{"background-color":"","background-image":"","background-repeat":"repeat","background-position":"center center","background-size":"auto","background-attachment":"scroll","background-type":"","background-media":"","overlay-type":"","overlay-color":"","overlay-opacity":"","overlay-gradient":""}},"ast-content-background-meta":{"desktop":{"background-color":"var(--ast-global-color-5)","background-image":"","background-repeat":"repeat","background-position":"center center","background-size":"auto","background-attachment":"scroll","background-type":"","background-media":"","overlay-type":"","overlay-color":"","overlay-opacity":"","overlay-gradient":""},"tablet":{"background-color":"var(--ast-global-color-5)","background-image":"","background-repeat":"repeat","background-position":"center center","background-size":"auto","background-attachment":"scroll","background-type":"","background-media":"","overlay-type":"","overlay-color":"","overlay-opacity":"","overlay-gradient":""},"mobile":{"background-color":"var(--ast-global-color-5)","background-image":"","background-repeat":"repeat","background-position":"center center","background-size":"auto","background-attachment":"scroll","background-type":"","background-media":"","overlay-type":"","overlay-color":"","overlay-opacity":"","overlay-gradient":""}},"_joinchat":{"telephone":"17776015835"}},"product_brand":[],"product_cat":[19,140,149,150,152,157],"product_tag":[244,242,243],"class_list":{"0":"post-3788","1":"product","2":"type-product","3":"status-publish","4":"has-post-thumbnail","6":"product_cat-vapes","7":"product_cat-big-puffs-disposable-vapes","8":"product_cat-buy-disposable-vapes-in-austria","9":"product_cat-buy-disposable-vapes-in-belgium","10":"product_cat-buy-disposable-vapes-in-cermany","11":"product_cat-buy-disposable-vapes-in-portugal","12":"product_tag-jnr-nicotine-pouches","13":"product_tag-jnr-nicotine-pouches-25mg","14":"product_tag-nicotine-pouches","15":"desktop-align-left","16":"tablet-align-left","17":"mobile-align-left","19":"first","20":"instock","21":"sale","22":"shipping-taxable","23":"purchasable","24":"product-type-simple"},"acf":[],"uagb_featured_image_src":{"full":["https:\/\/vapestornado.com\/wp-content\/uploads\/2025\/02\/JNR-Nicotine-Pouches-Wholesale.webp",1000,1000,false],"thumbnail":["https:\/\/vapestornado.com\/wp-content\/uploads\/2025\/02\/JNR-Nicotine-Pouches-Wholesale-150x150.webp",150,150,true],"medium":["https:\/\/vapestornado.com\/wp-content\/uploads\/2025\/02\/JNR-Nicotine-Pouches-Wholesale-300x300.webp",300,300,true],"medium_large":["https:\/\/vapestornado.com\/wp-content\/uploads\/2025\/02\/JNR-Nicotine-Pouches-Wholesale-768x768.webp",768,768,true],"large":["https:\/\/vapestornado.com\/wp-content\/uploads\/2025\/02\/JNR-Nicotine-Pouches-Wholesale.webp",1000,1000,false],"1536x1536":["https:\/\/vapestornado.com\/wp-content\/uploads\/2025\/02\/JNR-Nicotine-Pouches-Wholesale.webp",1000,1000,false],"2048x2048":["https:\/\/vapestornado.com\/wp-content\/uploads\/2025\/02\/JNR-Nicotine-Pouches-Wholesale.webp",1000,1000,false],"trp-custom-language-flag":["https:\/\/vapestornado.com\/wp-content\/uploads\/2025\/02\/JNR-Nicotine-Pouches-Wholesale.webp",12,12,false],"woocommerce_thumbnail":["https:\/\/vapestornado.com\/wp-content\/uploads\/2025\/02\/JNR-Nicotine-Pouches-Wholesale-300x300.webp",300,300,true],"woocommerce_single":["https:\/\/vapestornado.com\/wp-content\/uploads\/2025\/02\/JNR-Nicotine-Pouches-Wholesale-600x600.webp",600,600,true],"woocommerce_gallery_thumbnail":["https:\/\/vapestornado.com\/wp-content\/uploads\/2025\/02\/JNR-Nicotine-Pouches-Wholesale-100x100.webp",100,100,true]},"uagb_author_info":{"display_name":"ESAMY","author_link":"https:\/\/vapestornado.com\/ro\/author\/"},"uagb_comment_info":0,"uagb_excerpt":"JNR Nicotine Pouches 25mg Wholesale Hot Selling JNR Nicotine Pouches 25mg Bulk Buy Best JNR Nicotine Pouches 25mg Cheap Price Add Amy's whatsapp get right reply and vape vape coupon! WhatsApp: +86 17776015835 &nbsp;","_links":{"self":[{"href":"https:\/\/vapestornado.com\/ro\/wp-json\/wp\/v2\/product\/3788","targetHints":{"allow":["GET"]}}],"collection":[{"href":"https:\/\/vapestornado.com\/ro\/wp-json\/wp\/v2\/product"}],"about":[{"href":"https:\/\/vapestornado.com\/ro\/wp-json\/wp\/v2\/types\/product"}],"replies":[{"embeddable":true,"href":"https:\/\/vapestornado.com\/ro\/wp-json\/wp\/v2\/comments?post=3788"}],"wp:featuredmedia":[{"embeddable":true,"href":"https:\/\/vapestornado.com\/ro\/wp-json\/wp\/v2\/media\/3777"}],"wp:attachment":[{"href":"https:\/\/vapestornado.com\/ro\/wp-json\/wp\/v2\/media?parent=3788"}],"wp:term":[{"taxonomy":"product_brand","embeddable":true,"href":"https:\/\/vapestornado.com\/ro\/wp-json\/wp\/v2\/product_brand?post=3788"},{"taxonomy":"product_cat","embeddable":true,"href":"https:\/\/vapestornado.com\/ro\/wp-json\/wp\/v2\/product_cat?post=3788"},{"taxonomy":"product_tag","embeddable":true,"href":"https:\/\/vapestornado.com\/ro\/wp-json\/wp\/v2\/product_tag?post=3788"}],"curies":[{"name":"wp","href":"https:\/\/api.w.org\/{rel}","templated":true}]}}