{"id":3768,"date":"2025-02-07T07:31:32","date_gmt":"2025-02-07T07:31:32","guid":{"rendered":"https:\/\/vapestornado.com\/?post_type=product&#038;p=3768"},"modified":"2025-12-05T07:24:35","modified_gmt":"2025-12-05T07:24:35","slug":"razzbar-15000-puffs-rechargeable-disposable-vape-bulk-buy-at-cheap-prices","status":"publish","type":"product","link":"https:\/\/vapestornado.com\/ro\/product\/razzbar-15000-puffs-rechargeable-disposable-vape-bulk-buy-at-cheap-prices\/","title":{"rendered":"RAZZBAR 15000 Puffs Vap\u0103 de unic\u0103 folosin\u021b\u0103 re\u00eenc\u0103rcabil\u0103 Cump\u0103rare \u00een vrac la pre\u021buri mici"},"content":{"rendered":"<h2 class=\"product-title\">RAZZBAR 15000 Puffs Vap\u0103 de unic\u0103 folosin\u021b\u0103 re\u00eenc\u0103rcabil\u0103 Cump\u0103rare \u00een vrac la pre\u021buri mici<\/h2>\n<p data-start=\"278\" data-end=\"586\">RAZZBAR 15000 ofer\u0103 o durat\u0103 lung\u0103 de func\u021bionare \u00eentr-un corp compact: 15.000 de pufuri, o baterie re\u00eenc\u0103rcabil\u0103 de 650mAh cu Type-C, consisten\u021b\u0103 a aromei cu bobin\u0103 din plas\u0103 \u0219i op\u021biuni de nicotin\u0103 s\u0103rat\u0103 2% sau 5%.<\/p>\n<p data-start=\"557\" data-end=\"874\"><strong data-start=\"557\" data-end=\"608\">15.000 de pufuri care reduc \u00eenlocuirile efective.<\/strong><br data-start=\"608\" data-end=\"611\" \/>RAZZBAR 15000 Puff este f\u0103cut pentru persoanele care nu doresc s\u0103 schimbe dispozitivele la c\u00e2teva zile. Num\u0103rul mare de pufuri extinde utilizarea zilnic\u0103 pe o perioad\u0103 mai lung\u0103 dec\u00e2t dispozitivele de unic\u0103 folosin\u021b\u0103 standard, ceea ce este practic pentru zilele de munc\u0103, c\u0103l\u0103torii sau pur \u0219i simplu pentru a nu te g\u00e2ndi c\u0103 r\u0103m\u00e2i f\u0103r\u0103 \u00een timpul s\u0103pt\u0103m\u00e2nii.<\/p>\n<p data-start=\"876\" data-end=\"1105\"><strong data-start=\"876\" data-end=\"911\">Putere re\u00eenc\u0103rcabil\u0103 cu Type-C.<\/strong><br data-start=\"911\" data-end=\"914\" \/>Sistemul <strong data-start=\"918\" data-end=\"936\">baterie de 650 mAh<\/strong> este re\u00eenc\u0103rcabil, astfel \u00eenc\u00e2t acest vape de unic\u0103 folosin\u021b\u0103 nu se va termina \u00eenainte ca lichidul s\u0103 fie consumat. <strong data-start=\"1007\" data-end=\"1035\">\u00eenc\u0103rcare rapid\u0103 USB Type-C<\/strong> men\u021bine simplitatea\u2014un cablu comun, reumpleri scurte, \u00eenapoi \u00een buzunarul t\u0103u.<\/p>\n<p data-start=\"1107\" data-end=\"1349\"><strong data-start=\"1107\" data-end=\"1138\">Bobin\u0103 din plas\u0103 pentru gust constant.<\/strong><br data-start=\"1138\" data-end=\"1141\" \/>Mul\u021bi vape-uri de unic\u0103 folosin\u021b\u0103 \u00eencep puternic apoi se estompeaz\u0103. RAZZBAR 15k folose\u0219te o <strong data-start=\"1201\" data-end=\"1214\">rezisten\u021b\u0103 tip mesh<\/strong>, care se \u00eenc\u0103lze\u0219te mai uniform \u0219i ajut\u0103 la men\u021binerea stabil\u0103 a aromei \u0219i vaporului pe parcursul utiliz\u0103rii \u00eendelungate. Mai pu\u021bine lovituri uscate, mai pu\u021bin gust ars spre sf\u00e2r\u0219itul dispozitivului.<\/p>\n<p data-start=\"1351\" data-end=\"1566\"><strong data-start=\"1351\" data-end=\"1399\">Dou\u0103 intensit\u0103\u021bi de nicotin\u0103 care se potrivesc obiceiurilor reale.<\/strong><br data-start=\"1399\" data-end=\"1402\" \/>Ambele <strong data-start=\"1407\" data-end=\"1434\">nicotine s\u0103rat\u0103 2% \u0219i 5%<\/strong> sunt disponibile. 2% se potrive\u0219te pentru utilizare zilnic\u0103 mai u\u0219oar\u0103 sau pentru cei care reduc treptat, \u00een timp ce 5% ofer\u0103 o lovitur\u0103 mai puternic\u0103, apropiat\u0103 de ceea ce se a\u0219teapt\u0103 de la mul\u021bi fum\u0103tori.<\/p>\n<p data-start=\"1568\" data-end=\"1838\">\n<p><strong>Adaug\u0103 r\u0103spunsul corect de pe Whatsapp al lui Amy \u0219i cuponul de vape!<\/strong><\/p>\n<p><img fetchpriority=\"high\" decoding=\"async\" class=\"size-full wp-image-2932\" src=\"https:\/\/vapestornado.com\/wp-content\/uploads\/2024\/12\/Vape-Wholesale.jpg\" alt=\"\u021aig\u0103ri electronice cu ridicata\" width=\"229\" height=\"300\" \/><\/p>\n<h3><a href=\"https:\/\/wa.me\/8617776015835\" target=\"_blank\" rel=\"noopener\"><span style=\"color: #ff0000;\"><strong>WhatsApp: +86 17776015835<\/strong><\/span><\/a><\/h3>\n<p>&nbsp;<\/p>\n<h2><strong>Caracteristici produs RAZZBAR 15000 Puffs<\/strong><\/h2>\n<table>\n<thead>\n<tr>\n<th>Caracteristic\u0103 \/ Parametru<\/th>\n<th align=\"right\">Spec<\/th>\n<th>Explica\u021bie<\/th>\n<\/tr>\n<\/thead>\n<tbody>\n<tr>\n<td>Numele produsului<\/td>\n<td align=\"right\">RAZZBAR 15000 Puffs Vap\u0103 de unic\u0103 folosin\u021b\u0103 re\u00eenc\u0103rcabil\u0103<\/td>\n<td>Model clar pentru cump\u0103r\u0103tori repetati \u0219i c\u0103ut\u0103ri.<\/td>\n<\/tr>\n<tr>\n<td>Capacitate Pufuri<\/td>\n<td align=\"right\">Caracteristici principale ale produsului UZY Bang Digital 15K Puff<\/td>\n<td>Utilizare mai lung\u0103 dec\u00e2t dispozitivele de unic\u0103 folosin\u021b\u0103 tipice; mai pu\u021bine \u00eenlocuiri.<\/td>\n<\/tr>\n<tr>\n<td>Baterie<\/td>\n<td align=\"right\">650mAh re\u00eenc\u0103rcabil<\/td>\n<td>Re\u00eencarc\u0103 pentru a putea termina dispozitivul \u00een loc s\u0103 arunci pufurile.<\/td>\n<\/tr>\n<tr>\n<td>\u00cenc\u0103rcare<\/td>\n<td align=\"right\">USB Type-C<\/td>\n<td>Standard comun de \u00eenc\u0103rcare rapid\u0103; cabluri u\u0219or de g\u0103sit.<\/td>\n<\/tr>\n<tr>\n<td>Tip de bobin\u0103<\/td>\n<td align=\"right\">Rezisten\u021b\u0103 tip plas\u0103<\/td>\n<td>\u00cenc\u0103lzire uniform\u0103 = arom\u0103 mai stabil\u0103 \u0219i tragere mai neted\u0103.<\/td>\n<\/tr>\n<tr>\n<td>Concentra\u021bie Nicotin\u0103<\/td>\n<td align=\"right\">2% \/ 5% nicotin\u0103 s\u0103rat\u0103<\/td>\n<td>Alegere \u00eentre nivel zilnic mai u\u0219or sau lovitur\u0103 mai puternic\u0103.<\/td>\n<\/tr>\n<tr>\n<td>Arome<\/td>\n<td align=\"right\">12 op\u021biuni<\/td>\n<td>Varietate pentru preferin\u021be diferite \u0219i v\u00e2nz\u0103ri repetate.<\/td>\n<\/tr>\n<tr>\n<td>Pachet \u00een carton<\/td>\n<td align=\"right\">200 buc\u0103\u021bi pe carton<\/td>\n<td>Cantitate prietenoas\u0103 pentru v\u00e2nz\u0103tori \u0219i distribuitori en gros.<\/td>\n<\/tr>\n<tr>\n<td>Stil de utilizare<\/td>\n<td align=\"right\">Activare prin tragere<\/td>\n<td>F\u0103r\u0103 butoane; inhaleaz\u0103 pentru a vapora.<\/td>\n<\/tr>\n<\/tbody>\n<\/table>\n<p><img decoding=\"async\" class=\"wp-image-3763 size-full\" src=\"https:\/\/vapestornado.com\/wp-content\/uploads\/2025\/02\/PUFF-15000-RAZZBAR-Disposable-Vape-Cheap-Price.webp\" alt=\"PUFF 15000 RAZZBAR \u021aigar\u0103 Electronic\u0103 de Unic\u0103 Folosin\u021b\u0103 Pre\u021b Ieftin\" width=\"1000\" height=\"1000\" srcset=\"https:\/\/vapestornado.com\/wp-content\/uploads\/2025\/02\/PUFF-15000-RAZZBAR-Disposable-Vape-Cheap-Price.webp 1000w, https:\/\/vapestornado.com\/wp-content\/uploads\/2025\/02\/PUFF-15000-RAZZBAR-Disposable-Vape-Cheap-Price-300x300.webp 300w, https:\/\/vapestornado.com\/wp-content\/uploads\/2025\/02\/PUFF-15000-RAZZBAR-Disposable-Vape-Cheap-Price-150x150.webp 150w, https:\/\/vapestornado.com\/wp-content\/uploads\/2025\/02\/PUFF-15000-RAZZBAR-Disposable-Vape-Cheap-Price-768x768.webp 768w, https:\/\/vapestornado.com\/wp-content\/uploads\/2025\/02\/PUFF-15000-RAZZBAR-Disposable-Vape-Cheap-Price-600x600.webp 600w, https:\/\/vapestornado.com\/wp-content\/uploads\/2025\/02\/PUFF-15000-RAZZBAR-Disposable-Vape-Cheap-Price-100x100.webp 100w\" sizes=\"(max-width: 1000px) 100vw, 1000px\" \/><\/p>\n<h2 class=\"product-title\"><strong>Lista de arome RAZZBAR 15000 Puffs<\/strong><\/h2>\n<p>1. Crem\u0103 de zmeur\u0103<br \/>\n2. Ghea\u021b\u0103 de c\u0103p\u0219uni<br \/>\n3. Ghea\u021b\u0103 Red Bull<br \/>\n4. Kiwi Fructul Pasiunii Guava<br \/>\n5. Mamba<br \/>\n6. Ghea\u021b\u0103 de afine<br \/>\n7. Ghea\u021b\u0103 de piersici<br \/>\n8. C\u0103p\u0219uni kiwi<br \/>\n9. Ghea\u021b\u0103 de pepene ro\u0219u<br \/>\n10. Ananas, piersici \u0219i mango<br \/>\n11.Gum\u0103 de mestecat cu pepene ro\u0219u<br \/>\n12.Fructe de p\u0103dure asortate<br \/>\n13.L\u0103m\u00e2ie cu afine \u0219i zmeur\u0103<br \/>\n14. L\u0103m\u00e2ie verde<br \/>\n15.Cola cu ghea\u021b\u0103<br \/>\n16.M\u0103r dublu<\/p>\n<h3 class=\"product-title\"><strong>Analiz\u0103 detaliat\u0103 a listei de arome RAZZBAR 15000 pufuri<\/strong><\/h3>\n<ul>\n<li><strong>Zmeur\u0103 cu crem\u0103 de ciocolat\u0103<\/strong> \u2013 Un amestec bogat \u0219i cremos de zmeur\u0103 dulce cu crem\u0103 de ciocolat\u0103 neted\u0103 \u0219i decadent\u0103.<\/li>\n<li><strong>C\u0103p\u0219uni Ghea\u021b\u0103<\/strong> \u2013 C\u0103p\u0219uni suculente cu un gust final r\u0103coritor \u0219i ghea\u021b\u0103 pentru o senza\u021bie de r\u0103coare.<\/li>\n<li><strong>Red Bull cu Ghea\u021b\u0103<\/strong> \u2013 O arom\u0103 energizant\u0103 \u0219i intens\u0103 de Red Bull, cu un gust final proasp\u0103t de mentol.<\/li>\n<li><strong>Kiwi Fructul Pasiunii Guava<\/strong> \u2013 O explozie tropical\u0103 de kiwi acri\u0219or, fructul pasiunii dulce \u0219i guava exotic\u0103.<\/li>\n<li><strong>Mamba<\/strong> \u2013 Un amestec de fructe misterios \u0219i intens, cu un gust \u00eendr\u0103zne\u021b \u0219i acri\u0219or.<\/li>\n<li><strong>Ghea\u021b\u0103 de afine<\/strong> \u2013 Afine dulci \u0219i zemoase, intensificate cu o not\u0103 de mentol ghea\u021b\u0103.<\/li>\n<li><strong>Piersic\u0103 cu Ghea\u021b\u0103<\/strong> \u2013 Piersici coapte \u0219i zemoase, amestecate cu un final neted \u0219i r\u0103coritor de ghea\u021b\u0103.<\/li>\n<li><strong>C\u0103p\u0219uni Kiwi<\/strong> \u2013 O fuziune \u00eenc\u00e2nt\u0103toare de c\u0103p\u0219uni dulci \u0219i kiwi acri\u0219or, tropical.<\/li>\n<li><strong>Pepene verde cu ghea\u021b\u0103<\/strong> \u2013 O arom\u0103 de pepene verde crocant\u0103 \u0219i r\u0103coritoare, cu o not\u0103 de mentol r\u0103coritor.<\/li>\n<li><strong>Piersic\u0103, Mango \u0219i Ananas<\/strong> \u2013 Un amestec tropical luxuriant de piersici dulci, mango copt \u0219i ananas acri\u0219or.<\/li>\n<li><strong>Pepene Verde Gum\u0103 de Mestecat<\/strong> \u2013 O arom\u0103 nostalgic\u0103 de gum\u0103 de mestecat, infuzat\u0103 cu dulcea\u021b\u0103 de pepene verde zemos.<\/li>\n<li><strong>Fructe de p\u0103dure amestecate<\/strong> \u2013 O combina\u021bie vibrant\u0103 de fructe de p\u0103dure asortate, oferind un echilibru perfect de dulce \u0219i acri\u0219or.<\/li>\n<li><strong>Afine Zmeur\u0103 L\u0103m\u00e2ie<\/strong> \u2013 Un amestec acidulat de afine, zmeur\u0103 \u0219i o not\u0103 citric\u0103 de l\u0103m\u00e2ie.<\/li>\n<li><strong>L\u0103m\u00e2ie verde<\/strong> \u2013 Un duo citric r\u0103coritor de l\u0103m\u00e2ie acri\u0219oar\u0103 \u0219i l\u0103m\u00e2ie verde acidulat\u0103 pentru o arom\u0103 crocant\u0103.<\/li>\n<li><strong>Cola cu Ghea\u021b\u0103<\/strong> \u2013 Cola clasic\u0103 acidulat\u0103 cu o not\u0103 de mentol rece pentru o \u00eentors\u0103tur\u0103 r\u0103coritoare.<\/li>\n<li><strong>M\u0103r Dublu<\/strong> \u2013 Un amestec neted \u0219i crocant de mere dulci \u0219i acri\u0219oare, cu un gust inspirat de shisha.<\/li>\n<\/ul>\n<h3>De ce s\u0103 alege\u021bi vapestornado pentru RAZZBAR 15000 Puffs Vape En-gros?<\/h3>\n<div class=\"flex-shrink-0 flex flex-col relative items-end\">\n<div class=\"pt-0\">\n<div class=\"gizmo-bot-avatar flex h-8 w-8 items-center justify-center overflow-hidden rounded-full\">\n<div class=\"relative p-1 rounded-sm flex items-center justify-center bg-token-main-surface-primary text-token-text-primary h-8 w-8\">\n<p>Bun venit la vapestornado, magazinul t\u0103u online de \u00eencredere pentru vape-uri de unic\u0103 folosin\u021b\u0103 premium. Cu o experien\u021b\u0103 de peste 5 ani, \u00ee\u021bi aducem branduri populare de vape-uri de unic\u0103 folosin\u021b\u0103, precum Fumot RandM Vape, <a href=\"https:\/\/vapestornado.com\/ro\/product\/vapme-crystal-7000-puffs-rechargeable-disposable-vape-wholesale-cheap-price\/\">Vapme<\/a>, Bang Vape, Waspe Vape \u0219i WGA Vape, etc.<\/p>\n<p>Gama noastr\u0103 include vape-uri populare precum <a href=\"https:\/\/vapestornado.com\/ro\/product\/bang-king-35k-35000-puffs-2-in-1-dual-flavour-disposable-vape-wholesale-cheap-price\/\">Bang King 35k 35000 pufuri<\/a>, \u0219i op\u021biuni bogate \u00een arome, precum <a href=\"https:\/\/vapestornado.com\/ro\/product\/waspe-crystal-40000-puffs-40k-double-flavor-rechargeable-disposable-vapes-cheap-price\/\">WASPE Crystal 40k Arom\u0103 Dubl\u0103<\/a>\u00a0. Fiecare produs este ales cu accent pe calitate, valoare \u0219i varietate, asigur\u00e2ndu-ne c\u0103 g\u0103se\u0219ti potrivirea perfect\u0103 pentru nevoile tale. Descoper\u0103 servicii excep\u021bionale \u0219i o gam\u0103 larg\u0103 de produse de top cu pre\u021buri de gros la vapestornado.<\/p>\n<\/div>\n<h3><\/h3>\n<div class=\"relative p-1 rounded-sm flex items-center justify-center bg-token-main-surface-primary text-token-text-primary h-8 w-8\">\n<h3>\u00centreb\u0103ri frecvente pentru Vape-ul de unic\u0103 folosin\u021b\u0103 RAZZBAR 15000 Puffs<\/h3>\n<\/div>\n<\/div>\n<\/div>\n<\/div>\n<div class=\"flex-shrink-0 flex flex-col relative items-end\">\n<div class=\"pt-0\">\n<div class=\"gizmo-bot-avatar flex h-8 w-8 items-center justify-center overflow-hidden rounded-full\">\n<div class=\"relative p-1 rounded-sm flex items-center justify-center bg-token-main-surface-primary text-token-text-primary h-8 w-8\">\n<div class=\"mb-2 flex gap-3 empty:hidden -ml-2\">\n<p>1. Au nevoie dispozitivele de un \u00eenc\u0103rc\u0103tor special pentru RAZZBAR 15000 Pufuri?<br \/>\nNu. RAZZBAR 15000 Pufuri folose\u0219te USB de tip C. Orice cablu standard de tip C \u0219i un adaptor USB sigur func\u021bioneaz\u0103.<\/p>\n<p>2. Fac dispozitivele de unic\u0103 folosin\u021b\u0103 dependen\u021b\u0103 mai rapid, inclusiv RAZZBAR 15000 Pufuri?<br \/>\nRiscul de dependen\u021b\u0103 provine din concentra\u021bia de nicotin\u0103 \u0219i frecven\u021ba utiliz\u0103rii, nu din num\u0103rul de pufuri. Deoarece RAZZBAR 15000 Pufuri ofer\u0103 2% \u0219i 5%, utilizatorii pot alege un nivel care s\u0103 corespund\u0103 nevoilor lor \u0219i s\u0103 controleze consumul.<\/p>\n<p>3. Este RAZZBAR 15000 Pufuri un vape de unic\u0103 folosin\u021b\u0103 cu arom\u0103 bun\u0103 \u00een prezent?<br \/>\nEste o alegere solid\u0103 pentru consisten\u021ba gustului datorit\u0103 bobinei din plas\u0103, care ajut\u0103 la men\u021binerea gustului stabil pe parcursul utiliz\u0103rii \u00eendelungate. Cu 12 arome, magazinele pot acoperi profiluri de fructe, ghea\u021b\u0103 \u0219i dulciuri, \u00een func\u021bie de cererea local\u0103.<\/p>\n<p>4. Pot s\u0103 aduc un vape de unic\u0103 folosin\u021b\u0103 RAZZBAR 15000 Pufuri pe avion?<br \/>\nMajoritatea companiilor aeriene permit dispozitivele de unic\u0103 folosin\u021b\u0103 doar \u00een bagajul de m\u00e2n\u0103, nu \u00een bagajele de cal\u0103, din cauza regulilor privind bateriile. P\u0103streaz\u0103 RAZZBAR 15000 Pufuri sigilat \u0219i respect\u0103 reglement\u0103rile companiei aeriene \u0219i cele locale.<\/p>\n<h2>Cum pot comanda?<\/h2>\n<p><strong>1. Ce metode de plat\u0103 accepta\u021bi?<\/strong><br \/>\nAccept\u0103m transfer IBAN \u0219i <span style=\"font-size: 16px;\">Western Union<\/span>\u00a0pentru tranzac\u021bii sigure \u0219i convenabile.<\/p>\n<p><strong>2. Cum pot urm\u0103ri comanda mea?<\/strong><br \/>\nDup\u0103 ce comanda dvs. este expediat\u0103, <span class=\"selectable-text copyable-text false\">vom continua s\u0103 actualiz\u0103m urm\u0103rirea \u00eenc\u0103rc\u0103turilor p\u00e2n\u0103 c\u00e2nd ve\u021bi primi \u00eenc\u0103rc\u0103turile<\/span>.<\/p>\n<p><strong>3. Care este timpul estimat de livrare?<\/strong><\/p>\n<ul>\n<li>Livrare din <strong>Depozite din China<\/strong> dureaz\u0103 aproximativ <strong>7-14 zile lucr\u0103toare<\/strong>.<\/li>\n<li>Livrare din <strong>Depozite europene<\/strong> de obicei dureaz\u0103 <strong>3-6 zile lucr\u0103toare<\/strong>.<\/li>\n<\/ul>\n<p><strong>4. Cum pot ob\u021bine o livrare mai rapid\u0103?<\/strong><br \/>\nPentru o livrare mai rapid\u0103, v\u0103 recomand\u0103m s\u0103 comanda\u021bi de la <strong>depozitul nostru european<\/strong>, care ofer\u0103 timpi de expediere mai rapizi.<\/p>\n<p><strong>5. Cum returnez un articol?<\/strong><br \/>\nPentru a returna un articol, contacta\u021bi echipa noastr\u0103 de servicii clien\u021bi pentru instruc\u021biuni detaliate privind procesul de returnare.<\/p>\n<p><strong>6. Oferi\u021bi livrare interna\u021bional\u0103?<\/strong><br \/>\nDa, livr\u0103m \u00een majoritatea \u021b\u0103rilor \u0219i ne ocup\u0103m de <strong>v\u0103muire<\/strong> pentru o experien\u021b\u0103 de livrare f\u0103r\u0103 probleme.<\/p>\n<p><strong>7. Ce se \u00eent\u00e2mpl\u0103 dac\u0103 primesc un produs deteriorat sau defect?<\/strong><br \/>\nDac\u0103 articolul dumneavoastr\u0103 este deteriorat sau defect, contacta\u021bi serviciul clien\u021bi pentru o <strong>\u00eenlocuire sau rambursare<\/strong>.<\/p>\n<p><strong>8. Cum pot contacta serviciul clien\u021bi?<\/strong><br \/>\nNe pute\u021bi contacta prin <strong>e-mail, WhatsApp sau chat live<\/strong> pe site-ul nostru web pentru orice asisten\u021b\u0103.<\/p>\n<\/div>\n<\/div>\n<\/div>\n<\/div>\n<\/div>","protected":false},"excerpt":{"rendered":"<p>RAZZBAR 15k Puff Re\u00eenc\u0103rcabil Vape de unic\u0103 folosin\u021b\u0103 pentru utilizare zilnic\u0103 \u00eendelungat\u0103<br \/>\nRAZZBAR 15000 Pufuri Bobin\u0103 din plas\u0103 \u0219i \u00cenc\u0103rcare Type-C<br \/>\nRAZZBAR 15000 Puff Pre\u021b en-gros cu 12 arome<\/p>\n<p><strong>Adaug\u0103 whatsapp-ul lui Amy pentru a primi r\u0103spuns imediat \u0219i un cupon de vape!<\/strong><\/p>\n<p><img fetchpriority=\"high\" decoding=\"async\" class=\"size-full wp-image-2932\" src=\"https:\/\/vapestornado.com\/wp-content\/uploads\/2024\/12\/Vape-Wholesale.jpg\" alt=\"\u021aig\u0103ri electronice cu ridicata\" width=\"229\" height=\"300\" \/><\/p>\n<h3><a href=\"https:\/\/wa.me\/8617776015835\"><span style=\"color: #ff0000;\"><strong>WhatsApp: +86 17776015835<\/strong><\/span><\/a><\/h3>\n<p>&nbsp;<\/p>","protected":false},"featured_media":3764,"comment_status":"open","ping_status":"closed","template":"","meta":{"_acf_changed":false,"_uag_custom_page_level_css":"","_lmt_disableupdate":"no","_lmt_disable":"","_monsterinsights_skip_tracking":false,"_monsterinsights_sitenote_active":false,"_monsterinsights_sitenote_note":"","_monsterinsights_sitenote_category":0,"site-sidebar-layout":"default","site-content-layout":"","ast-site-content-layout":"default","site-content-style":"default","site-sidebar-style":"default","ast-global-header-display":"","ast-banner-title-visibility":"","ast-main-header-display":"","ast-hfb-above-header-display":"","ast-hfb-below-header-display":"","ast-hfb-mobile-header-display":"","site-post-title":"","ast-breadcrumbs-content":"","ast-featured-img":"","footer-sml-layout":"","ast-disable-related-posts":"","theme-transparent-header-meta":"default","adv-header-id-meta":"","stick-header-meta":"","header-above-stick-meta":"","header-main-stick-meta":"","header-below-stick-meta":"","astra-migrate-meta-layouts":"set","ast-page-background-enabled":"default","ast-page-background-meta":{"desktop":{"background-color":"","background-image":"","background-repeat":"repeat","background-position":"center center","background-size":"auto","background-attachment":"scroll","background-type":"","background-media":"","overlay-type":"","overlay-color":"","overlay-opacity":"","overlay-gradient":""},"tablet":{"background-color":"","background-image":"","background-repeat":"repeat","background-position":"center center","background-size":"auto","background-attachment":"scroll","background-type":"","background-media":"","overlay-type":"","overlay-color":"","overlay-opacity":"","overlay-gradient":""},"mobile":{"background-color":"","background-image":"","background-repeat":"repeat","background-position":"center center","background-size":"auto","background-attachment":"scroll","background-type":"","background-media":"","overlay-type":"","overlay-color":"","overlay-opacity":"","overlay-gradient":""}},"ast-content-background-meta":{"desktop":{"background-color":"var(--ast-global-color-5)","background-image":"","background-repeat":"repeat","background-position":"center center","background-size":"auto","background-attachment":"scroll","background-type":"","background-media":"","overlay-type":"","overlay-color":"","overlay-opacity":"","overlay-gradient":""},"tablet":{"background-color":"var(--ast-global-color-5)","background-image":"","background-repeat":"repeat","background-position":"center center","background-size":"auto","background-attachment":"scroll","background-type":"","background-media":"","overlay-type":"","overlay-color":"","overlay-opacity":"","overlay-gradient":""},"mobile":{"background-color":"var(--ast-global-color-5)","background-image":"","background-repeat":"repeat","background-position":"center center","background-size":"auto","background-attachment":"scroll","background-type":"","background-media":"","overlay-type":"","overlay-color":"","overlay-opacity":"","overlay-gradient":""}},"_joinchat":{"telephone":"17776015835"}},"product_brand":[],"product_cat":[71,149,153,143],"product_tag":[97,238,239,94,93],"class_list":{"0":"post-3768","1":"product","2":"type-product","3":"status-publish","4":"has-post-thumbnail","6":"product_cat-15000-puff","7":"product_cat-buy-disposable-vapes-in-austria","8":"product_cat-buy-disposable-vapes-in-italy","9":"product_cat-dual-mesh-disposable-vapes","10":"product_tag-hot-sale-disposable-vape","11":"product_tag-razzbar","12":"product_tag-razzbar-15000-puffs","13":"product_tag-rechargeable-disposable-vape","14":"product_tag-vape-wholesale","15":"desktop-align-left","16":"tablet-align-left","17":"mobile-align-left","19":"first","20":"instock","21":"sale","22":"shipping-taxable","23":"purchasable","24":"product-type-simple"},"acf":[],"uagb_featured_image_src":{"full":["https:\/\/vapestornado.com\/wp-content\/uploads\/2025\/02\/PUFF-15000-RAZZBAR-Disposable-Vape-Wholesale.webp",1000,1000,false],"thumbnail":["https:\/\/vapestornado.com\/wp-content\/uploads\/2025\/02\/PUFF-15000-RAZZBAR-Disposable-Vape-Wholesale-150x150.webp",150,150,true],"medium":["https:\/\/vapestornado.com\/wp-content\/uploads\/2025\/02\/PUFF-15000-RAZZBAR-Disposable-Vape-Wholesale-300x300.webp",300,300,true],"medium_large":["https:\/\/vapestornado.com\/wp-content\/uploads\/2025\/02\/PUFF-15000-RAZZBAR-Disposable-Vape-Wholesale-768x768.webp",768,768,true],"large":["https:\/\/vapestornado.com\/wp-content\/uploads\/2025\/02\/PUFF-15000-RAZZBAR-Disposable-Vape-Wholesale.webp",1000,1000,false],"1536x1536":["https:\/\/vapestornado.com\/wp-content\/uploads\/2025\/02\/PUFF-15000-RAZZBAR-Disposable-Vape-Wholesale.webp",1000,1000,false],"2048x2048":["https:\/\/vapestornado.com\/wp-content\/uploads\/2025\/02\/PUFF-15000-RAZZBAR-Disposable-Vape-Wholesale.webp",1000,1000,false],"trp-custom-language-flag":["https:\/\/vapestornado.com\/wp-content\/uploads\/2025\/02\/PUFF-15000-RAZZBAR-Disposable-Vape-Wholesale.webp",12,12,false],"woocommerce_thumbnail":["https:\/\/vapestornado.com\/wp-content\/uploads\/2025\/02\/PUFF-15000-RAZZBAR-Disposable-Vape-Wholesale-300x300.webp",300,300,true],"woocommerce_single":["https:\/\/vapestornado.com\/wp-content\/uploads\/2025\/02\/PUFF-15000-RAZZBAR-Disposable-Vape-Wholesale-600x600.webp",600,600,true],"woocommerce_gallery_thumbnail":["https:\/\/vapestornado.com\/wp-content\/uploads\/2025\/02\/PUFF-15000-RAZZBAR-Disposable-Vape-Wholesale-100x100.webp",100,100,true]},"uagb_author_info":{"display_name":"ESAMY","author_link":"https:\/\/vapestornado.com\/ro\/author\/"},"uagb_comment_info":0,"uagb_excerpt":"RAZZBAR 15k Puff Rechargeable Disposable Vape for Long Daily Use RAZZBAR 15000 Puffs Mesh Coil Flavor and Type-C Charging RAZZBAR 15000 Puff Vape Wholesale Price with 12 Flavors Add Amy's whatsapp get right reply and vape vape coupon! WhatsApp: +86 17776015835 &nbsp;","_links":{"self":[{"href":"https:\/\/vapestornado.com\/ro\/wp-json\/wp\/v2\/product\/3768","targetHints":{"allow":["GET"]}}],"collection":[{"href":"https:\/\/vapestornado.com\/ro\/wp-json\/wp\/v2\/product"}],"about":[{"href":"https:\/\/vapestornado.com\/ro\/wp-json\/wp\/v2\/types\/product"}],"replies":[{"embeddable":true,"href":"https:\/\/vapestornado.com\/ro\/wp-json\/wp\/v2\/comments?post=3768"}],"wp:featuredmedia":[{"embeddable":true,"href":"https:\/\/vapestornado.com\/ro\/wp-json\/wp\/v2\/media\/3764"}],"wp:attachment":[{"href":"https:\/\/vapestornado.com\/ro\/wp-json\/wp\/v2\/media?parent=3768"}],"wp:term":[{"taxonomy":"product_brand","embeddable":true,"href":"https:\/\/vapestornado.com\/ro\/wp-json\/wp\/v2\/product_brand?post=3768"},{"taxonomy":"product_cat","embeddable":true,"href":"https:\/\/vapestornado.com\/ro\/wp-json\/wp\/v2\/product_cat?post=3768"},{"taxonomy":"product_tag","embeddable":true,"href":"https:\/\/vapestornado.com\/ro\/wp-json\/wp\/v2\/product_tag?post=3768"}],"curies":[{"name":"wp","href":"https:\/\/api.w.org\/{rel}","templated":true}]}}