{"id":3753,"date":"2025-01-17T08:42:15","date_gmt":"2025-01-17T08:42:15","guid":{"rendered":"https:\/\/vapestornado.com\/?post_type=product&#038;p=3753"},"modified":"2025-08-23T09:30:14","modified_gmt":"2025-08-23T09:30:14","slug":"bang-tornado-40000-puffs-disposable-vape-big-smart-screen-vapor","status":"publish","type":"product","link":"https:\/\/vapestornado.com\/ro\/product\/bang-tornado-40000-puffs-disposable-vape-big-smart-screen-vapor\/","title":{"rendered":"Bang Tornado 40000 Puffs Vape de unic\u0103 folosin\u021b\u0103 Big Smart Screen Vapor"},"content":{"rendered":"<h1>\u00a0Bang Tornado 40000 Puffs Vape de unic\u0103 folosin\u021b\u0103 Big Smart Screen Vapor<\/h1>\n<p>&nbsp;<\/p>\n<div role=\"article\" data-tabster=\"{&quot;groupper&quot;:{&quot;tabbability&quot;:2},&quot;focusable&quot;:{}}\" data-content=\"ai-message\" aria-labelledby=\"64JRvXrTnY7mRmPkEQLLT-author 64JRvXrTnY7mRmPkEQLLT-content\">\n<div id=\"64JRvXrTnY7mRmPkEQLLT-content\">\n<p data-start=\"328\" data-end=\"622\">Sistemul <strong data-start=\"332\" data-end=\"376\">Vape de unic\u0103 folosin\u021b\u0103 Bang Tornado 40000 Puffs<\/strong> este construit pentru capacitate \u0219i performan\u021b\u0103 avansat\u0103, ceea ce \u00eel face o op\u021biune puternic\u0103 pentru cump\u0103r\u0103torii angro \u0219i magazinele de vape. Cu un <strong data-start=\"495\" data-end=\"528\">rezervor de e-lichid pre-umplut de 40 ml<\/strong> \u0219i p\u00e2n\u0103 la <strong data-start=\"539\" data-end=\"555\">40.000 de pufuri<\/strong>, asigur\u0103 sesiuni de lung\u0103 durat\u0103 f\u0103r\u0103 \u00eenlocuiri frecvente.<\/p>\n<p data-start=\"624\" data-end=\"892\">Alimentat de un <strong data-start=\"638\" data-end=\"669\">baterie re\u00eenc\u0103rcabil\u0103 de 850mAh<\/strong> cu <strong data-start=\"675\" data-end=\"699\">\u00eenc\u0103rcare rapid\u0103 de tip C<\/strong>, Bang Tornado 40K ofer\u0103 putere constant\u0103 pentru utilizare extins\u0103. Al s\u0103u <strong data-start=\"770\" data-end=\"795\">bobin\u0103 cu plas\u0103 tripl\u0103 de 0,5\u03a9<\/strong> \u00eembun\u0103t\u0103\u021be\u0219te densitatea vaporilor \u0219i bog\u0103\u021bia aromei, oferind o \u00eenc\u0103lzire lin\u0103 \u0219i uniform\u0103 la fiecare tragere.<\/p>\n<p data-start=\"894\" data-end=\"1089\">Proiectat cu un <strong data-start=\"910\" data-end=\"940\">ecran inteligent mare<\/strong>, utilizatorii pot monitoriza puterea \u0219i utilizarea \u00een timp real. Construc\u021bia ergonomic\u0103 \u0219i designul elegant \u00eel fac portabil, fiabil \u0219i convenabil pentru utilizarea de zi cu zi.<\/p>\n<p data-start=\"1091\" data-end=\"1294\">Pentru angrosi\u0219ti \u0219i distribuitori, <strong data-start=\"1129\" data-end=\"1162\">Vape Bang Tornado 40000 Puffs<\/strong> combin\u0103 capacitatea mare de pufuri, eficien\u021ba re\u00eenc\u0103rcabil\u0103 \u0219i calitatea premium a construc\u021biei, oferind un apel puternic pe pia\u021b\u0103 \u0219i rentabilitate.<\/p>\n<p><img fetchpriority=\"high\" decoding=\"async\" class=\"size-medium wp-image-2951\" src=\"https:\/\/vapestornado.com\/wp-content\/uploads\/2024\/12\/Wholesale-Disposable-Vape-265x300.jpg\" alt=\"Vape de unic\u0103 folosin\u021b\u0103 en-gros\" width=\"265\" height=\"300\" srcset=\"https:\/\/vapestornado.com\/wp-content\/uploads\/2024\/12\/Wholesale-Disposable-Vape-265x300.jpg 265w, https:\/\/vapestornado.com\/wp-content\/uploads\/2024\/12\/Wholesale-Disposable-Vape-768x871.jpg 768w, https:\/\/vapestornado.com\/wp-content\/uploads\/2024\/12\/Wholesale-Disposable-Vape-600x680.jpg 600w, https:\/\/vapestornado.com\/wp-content\/uploads\/2024\/12\/Wholesale-Disposable-Vape.jpg 823w\" sizes=\"(max-width: 265px) 100vw, 265px\" \/><\/p>\n<h5>Contacta\u021bi-o pe Mandy pe WhatsApp pentru pre\u021b redus:<a href=\"https:\/\/wa.me\/8618077105796\" target=\"_blank\" rel=\"noopener\">+8618077105796<\/a><\/h5>\n<p>&nbsp;<\/p>\n<\/div>\n<\/div>\n<div class=\"mb-2 flex gap-3 empty:hidden -ml-2\">\n<h2 class=\"sr-proMainInfo-baseInfoH1 J-baseInfo-name\">\u00a0Vape-uri re\u00eenc\u0103rcabile Bang 40000 Puffs Caracteristici cheie:<\/h2>\n<ul>\n<li><strong>40 ml de lichid electronic<\/strong> pentru p\u00e2n\u0103 la <strong>40.000 de pufuri<\/strong><\/li>\n<li><strong>baterie re\u00eenc\u0103rcabil\u0103 de 850mAh<\/strong> cu <strong>Port de \u00eenc\u0103rcare Type-C<\/strong><\/li>\n<li><strong>Bobin\u0103 cu trei ochiuri de 0,5ohm<\/strong> pentru vapori fini \u0219i arom\u0103 intensificat\u0103<\/li>\n<li><strong>Putere reglabil\u0103<\/strong> pentru o experien\u021b\u0103 de vaping personalizat\u0103<\/li>\n<li><strong>Durat\u0103 lung\u0103 de via\u021b\u0103<\/strong> \u0219i comod pentru utilizare prelungit\u0103<\/li>\n<li>Design elegant, <strong>ergonomic<\/strong> pentru portabilitate<\/li>\n<li>Ideal at\u00e2t pentru vaperii ocazionali, c\u00e2t \u0219i pentru cei experimenta\u021bi<\/li>\n<\/ul>\n<\/div>\n<h2 class=\"sr-proMainInfo-baseInfoH1 J-baseInfo-name\">Arome Vapori En Gros Bang Tornado 40000 Puf:<\/h2>\n<p>1.C\u0103p\u0219uni Pepene<br \/>\n2.Pepene<br \/>\n3. IUBIRE 66<br \/>\n4.B\u0103utur\u0103 Energetic\u0103<br \/>\n5.C\u0103p\u0219uni Kiwi<br \/>\n6.Afin\u0103 L\u0103m\u00e2ie<br \/>\n7.Afin\u0103 Struguri<br \/>\n8. Zmeur\u0103 \u0219i Afine<br \/>\n9.Mango Piersic\u0103<br \/>\n10.Triple Fructe de P\u0103dure<br \/>\n11.M\u0103r Dublu<br \/>\n12. Ghea\u021b\u0103 de piersici<\/p>\n<div role=\"article\" data-tabster=\"{&quot;groupper&quot;:{&quot;tabbability&quot;:2},&quot;focusable&quot;:{}}\" data-content=\"ai-message\" aria-labelledby=\"dARUyEWDoEYhnSPXFwx5A-author dARUyEWDoEYhnSPXFwx5A-content\">\n<div id=\"dARUyEWDoEYhnSPXFwx5A-content\">\n<h3><strong>De ce s\u0103 cumperi <\/strong>Vaporizator Bang Tornado 40k Puf <strong>de la vapestornado?<\/strong><\/h3>\n<div class=\"flex max-w-full flex-col flex-grow\">\n<div class=\"min-h-8 text-message flex w-full flex-col items-end gap-2 whitespace-normal break-words text-start [.text-message+&amp;]:mt-5\" dir=\"auto\" data-message-author-role=\"assistant\" data-message-id=\"8ec0866b-3616-4b38-8c41-2e75d00fce2d\" data-message-model-slug=\"gpt-4o-mini\">\n<div class=\"flex w-full flex-col gap-1 empty:hidden first:pt-[3px]\">\n<div class=\"markdown prose w-full break-words dark:prose-invert light\">\n<ul>\n<li><strong>Calitate Premium<\/strong>: vapestornado ofer\u0103 produse autentice \u0219i de \u00eenalt\u0103 calitate Bang Tornado 40000 Puffs, asigur\u00e2nd o experien\u021b\u0103 de vaping de top cu vapori fini \u0219i arome bogate.<\/li>\n<li><strong>Pre\u021buri Competitive<\/strong>: Beneficia\u021bi de pre\u021buri competitive pentru achizi\u021biile \u00een vrac, ceea ce \u00eel face ideal at\u00e2t pentru utilizatorii individuali, c\u00e2t \u0219i pentru afaceri.<\/li>\n<li><strong>Livrare rapid\u0103<\/strong>: vapestornado asigur\u0103 o livrare rapid\u0103 \u0219i de \u00eencredere, astfel \u00eenc\u00e2t s\u0103 v\u0103 pute\u021bi bucura de produsul dvs. f\u0103r\u0103 \u00eent\u00e2rziere.<\/li>\n<li><strong>Serviciu clien\u021bi excelent<\/strong>: O echip\u0103 de suport dedicat\u0103, gata s\u0103 v\u0103 asiste cu orice \u00eentreb\u0103ri sau nel\u0103muriri, asigur\u00e2nd o experien\u021b\u0103 de cump\u0103rare fluid\u0103.<\/li>\n<li><strong>Selec\u021bie larg\u0103<\/strong>: vapestornado ofer\u0103 o varietate de arome \u0219i op\u021biuni, permi\u021b\u00e2ndu-v\u0103 s\u0103 alege\u021bi potrivirea perfect\u0103 pentru preferin\u021bele dumneavoastr\u0103.<\/li>\n<li><strong>Cump\u0103r\u0103turi sigure<\/strong>: Cu un angajament pentru siguran\u021ba clien\u021bilor, vapestornado garanteaz\u0103 op\u021biuni \u0219i tranzac\u021bii sigure de plat\u0103.<\/li>\n<\/ul>\n<\/div>\n<\/div>\n<\/div>\n<\/div>\n<div class=\"mb-2 flex gap-3 empty:hidden -ml-2\">\n<div class=\"items-center justify-start rounded-xl p-1 flex\"><\/div>\n<\/div>\n<\/div>\n<\/div>\n<h3>\u00centreb\u0103ri frecvente despre vapo-urile de unic\u0103 folosin\u021b\u0103 Bang Tornado 40000 de pufuri<\/h3>\n<ul>\n<li><strong>C\u00e2t dureaz\u0103 vapo-ul Bang tornado de 40.000 de pufuri?<\/strong><br \/>\nBang Tornado de 40.000 de pufuri dureaz\u0103 p\u00e2n\u0103 la 40.000 de pufuri, \u00een func\u021bie de utilizare. Cu o capacitate mare de 40 ml de e-lichid, ofer\u0103 o vapare extins\u0103, f\u0103r\u0103 \u00eenlocuiri frecvente.<\/li>\n<li><strong>Cum se \u00eencarc\u0103 vapo-ul Bang Tornado de 40.000 de pufuri?<\/strong><br \/>\nDispozitivul este echipat cu un <strong>baterie re\u00eenc\u0103rcabil\u0103 de 850mAh<\/strong> \u0219i o <strong>Port de \u00eenc\u0103rcare Type-C<\/strong>, permi\u021b\u00e2nd re\u00eenc\u0103rcarea rapid\u0103 \u0219i eficient\u0103 atunci c\u00e2nd bateria este desc\u0103rcat\u0103.<\/li>\n<li><strong>Care este rezisten\u021ba bobinei din vapo-ul Bang Tornado de 40.000 de pufuri?<\/strong><br \/>\nDispozitivul utilizeaz\u0103 o <strong>Bobin\u0103 cu trei ochiuri de 0,5ohm<\/strong> pentru o produc\u021bie mai fin\u0103 de vapori \u0219i o arom\u0103 \u00eembun\u0103t\u0103\u021bit\u0103, oferind o experien\u021b\u0103 de vapare premium.<\/li>\n<li><strong>Ce concentra\u021bie de nicotin\u0103 are Bang Tornado 40.000 de pufuri cu pre\u021b redus?<\/strong><br \/>\nBang Tornado 40.000 de pufuri vine de obicei \u00eentr-o varietate de concentra\u021bii de nicotin\u0103 (de obicei 2% sau 5%) pentru a se potrivi diferitelor preferin\u021be.<\/li>\n<\/ul>","protected":false},"excerpt":{"rendered":"<ul>\n<li><strong>Vap\u0103 de unic\u0103 folosin\u021b\u0103 Bang Tornado 40K Puff de \u00eenalt\u0103 calitate<\/strong><\/li>\n<li><strong>Dispozitiv de vapat re\u00eenc\u0103rcabil durabil Bang Tornado 40K Puffs<\/strong><\/li>\n<li><strong>\u021aigar\u0103 electronic\u0103 Bang Tornado 40K Puffs cu poduri cu arom\u0103 de ghea\u021b\u0103 personalizabil\u0103<\/strong><\/li>\n<\/ul>\n<figure id=\"attachment_2951\" aria-describedby=\"caption-attachment-2951\" style=\"width: 265px\" class=\"wp-caption alignnone\"><img fetchpriority=\"high\" decoding=\"async\" class=\"size-medium wp-image-2951\" src=\"https:\/\/vapestornado.com\/wp-content\/uploads\/2024\/12\/Wholesale-Disposable-Vape-265x300.jpg\" alt=\"Vape de unic\u0103 folosin\u021b\u0103 en-gros\" width=\"265\" height=\"300\" srcset=\"https:\/\/vapestornado.com\/wp-content\/uploads\/2024\/12\/Wholesale-Disposable-Vape-265x300.jpg 265w, https:\/\/vapestornado.com\/wp-content\/uploads\/2024\/12\/Wholesale-Disposable-Vape-768x871.jpg 768w, https:\/\/vapestornado.com\/wp-content\/uploads\/2024\/12\/Wholesale-Disposable-Vape-600x680.jpg 600w, https:\/\/vapestornado.com\/wp-content\/uploads\/2024\/12\/Wholesale-Disposable-Vape.jpg 823w\" sizes=\"(max-width: 265px) 100vw, 265px\" \/><figcaption id=\"caption-attachment-2951\" class=\"wp-caption-text\">V\u0103 rug\u0103m s\u0103 contacta\u021bi WhatsApp-ul lui Mandy pentru pre\u021b redus\u00a0 <a href=\"https:\/\/wa.me\/8618077105796\">+8618077105796<\/a><\/figcaption><\/figure>\n<p>&nbsp;<\/p>","protected":false},"featured_media":3746,"comment_status":"open","ping_status":"closed","template":"","meta":{"_acf_changed":false,"_uag_custom_page_level_css":"","_lmt_disableupdate":"no","_lmt_disable":"","_monsterinsights_skip_tracking":false,"_monsterinsights_sitenote_active":false,"_monsterinsights_sitenote_note":"","_monsterinsights_sitenote_category":0,"site-sidebar-layout":"default","site-content-layout":"","ast-site-content-layout":"default","site-content-style":"default","site-sidebar-style":"default","ast-global-header-display":"","ast-banner-title-visibility":"","ast-main-header-display":"","ast-hfb-above-header-display":"","ast-hfb-below-header-display":"","ast-hfb-mobile-header-display":"","site-post-title":"","ast-breadcrumbs-content":"","ast-featured-img":"","footer-sml-layout":"","ast-disable-related-posts":"","theme-transparent-header-meta":"default","adv-header-id-meta":"","stick-header-meta":"","header-above-stick-meta":"","header-main-stick-meta":"","header-below-stick-meta":"","astra-migrate-meta-layouts":"set","ast-page-background-enabled":"default","ast-page-background-meta":{"desktop":{"background-color":"","background-image":"","background-repeat":"repeat","background-position":"center center","background-size":"auto","background-attachment":"scroll","background-type":"","background-media":"","overlay-type":"","overlay-color":"","overlay-opacity":"","overlay-gradient":""},"tablet":{"background-color":"","background-image":"","background-repeat":"repeat","background-position":"center center","background-size":"auto","background-attachment":"scroll","background-type":"","background-media":"","overlay-type":"","overlay-color":"","overlay-opacity":"","overlay-gradient":""},"mobile":{"background-color":"","background-image":"","background-repeat":"repeat","background-position":"center center","background-size":"auto","background-attachment":"scroll","background-type":"","background-media":"","overlay-type":"","overlay-color":"","overlay-opacity":"","overlay-gradient":""}},"ast-content-background-meta":{"desktop":{"background-color":"var(--ast-global-color-5)","background-image":"","background-repeat":"repeat","background-position":"center center","background-size":"auto","background-attachment":"scroll","background-type":"","background-media":"","overlay-type":"","overlay-color":"","overlay-opacity":"","overlay-gradient":""},"tablet":{"background-color":"var(--ast-global-color-5)","background-image":"","background-repeat":"repeat","background-position":"center center","background-size":"auto","background-attachment":"scroll","background-type":"","background-media":"","overlay-type":"","overlay-color":"","overlay-opacity":"","overlay-gradient":""},"mobile":{"background-color":"var(--ast-global-color-5)","background-image":"","background-repeat":"repeat","background-position":"center center","background-size":"auto","background-attachment":"scroll","background-type":"","background-media":"","overlay-type":"","overlay-color":"","overlay-opacity":"","overlay-gradient":""}},"_joinchat":[]},"product_brand":[],"product_cat":[140,65,62,151,154,159,146,148],"product_tag":[212,97,98],"class_list":{"0":"post-3753","1":"product","2":"type-product","3":"status-publish","4":"has-post-thumbnail","6":"product_cat-big-puffs-disposable-vapes","7":"product_cat-40000-puff","8":"product_cat-bang-vape","9":"product_cat-buy-disposable-vapes-in-france","10":"product_cat-buy-disposable-vapes-in-netherlands","11":"product_cat-buy-disposable-vapes-in-sweden","12":"product_cat-rechargeable-disposable-vapes","13":"product_cat-tornado-disposable-vapes","14":"product_tag-bang-vape-40000","15":"product_tag-hot-sale-disposable-vape","16":"product_tag-wholesale-price-disposable-vape","17":"desktop-align-left","18":"tablet-align-left","19":"mobile-align-left","21":"first","22":"instock","23":"sale","24":"shipping-taxable","25":"purchasable","26":"product-type-simple"},"acf":[],"uagb_featured_image_src":{"full":["https:\/\/vapestornado.com\/wp-content\/uploads\/2025\/01\/Bang-Tornado-40K-Puff-Adjustable-Power-Disposable-Vape.webp",800,800,false],"thumbnail":["https:\/\/vapestornado.com\/wp-content\/uploads\/2025\/01\/Bang-Tornado-40K-Puff-Adjustable-Power-Disposable-Vape-150x150.webp",150,150,true],"medium":["https:\/\/vapestornado.com\/wp-content\/uploads\/2025\/01\/Bang-Tornado-40K-Puff-Adjustable-Power-Disposable-Vape-300x300.webp",300,300,true],"medium_large":["https:\/\/vapestornado.com\/wp-content\/uploads\/2025\/01\/Bang-Tornado-40K-Puff-Adjustable-Power-Disposable-Vape-768x768.webp",768,768,true],"large":["https:\/\/vapestornado.com\/wp-content\/uploads\/2025\/01\/Bang-Tornado-40K-Puff-Adjustable-Power-Disposable-Vape.webp",800,800,false],"1536x1536":["https:\/\/vapestornado.com\/wp-content\/uploads\/2025\/01\/Bang-Tornado-40K-Puff-Adjustable-Power-Disposable-Vape.webp",800,800,false],"2048x2048":["https:\/\/vapestornado.com\/wp-content\/uploads\/2025\/01\/Bang-Tornado-40K-Puff-Adjustable-Power-Disposable-Vape.webp",800,800,false],"trp-custom-language-flag":["https:\/\/vapestornado.com\/wp-content\/uploads\/2025\/01\/Bang-Tornado-40K-Puff-Adjustable-Power-Disposable-Vape.webp",12,12,false],"woocommerce_thumbnail":["https:\/\/vapestornado.com\/wp-content\/uploads\/2025\/01\/Bang-Tornado-40K-Puff-Adjustable-Power-Disposable-Vape-300x300.webp",300,300,true],"woocommerce_single":["https:\/\/vapestornado.com\/wp-content\/uploads\/2025\/01\/Bang-Tornado-40K-Puff-Adjustable-Power-Disposable-Vape-600x600.webp",600,600,true],"woocommerce_gallery_thumbnail":["https:\/\/vapestornado.com\/wp-content\/uploads\/2025\/01\/Bang-Tornado-40K-Puff-Adjustable-Power-Disposable-Vape-100x100.webp",100,100,true]},"uagb_author_info":{"display_name":"ESMANDY","author_link":"https:\/\/vapestornado.com\/ro\/author\/"},"uagb_comment_info":0,"uagb_excerpt":"High-End Bang Tornado 40K Puff Disposable Vape Pen Durable Bang Tornado 40K Puffs Rechargeable Vape Device Bang Tornado 40K Puffs E-Cig with Customizable Ice Flavor Pods [caption id=\"attachment_2951\" align=\"alignnone\" width=\"265\"] Pls Contact Mandy's WhatsApp For Discount Price\u00a0 +8618077105796[\/caption] &nbsp;","_links":{"self":[{"href":"https:\/\/vapestornado.com\/ro\/wp-json\/wp\/v2\/product\/3753","targetHints":{"allow":["GET"]}}],"collection":[{"href":"https:\/\/vapestornado.com\/ro\/wp-json\/wp\/v2\/product"}],"about":[{"href":"https:\/\/vapestornado.com\/ro\/wp-json\/wp\/v2\/types\/product"}],"replies":[{"embeddable":true,"href":"https:\/\/vapestornado.com\/ro\/wp-json\/wp\/v2\/comments?post=3753"}],"wp:featuredmedia":[{"embeddable":true,"href":"https:\/\/vapestornado.com\/ro\/wp-json\/wp\/v2\/media\/3746"}],"wp:attachment":[{"href":"https:\/\/vapestornado.com\/ro\/wp-json\/wp\/v2\/media?parent=3753"}],"wp:term":[{"taxonomy":"product_brand","embeddable":true,"href":"https:\/\/vapestornado.com\/ro\/wp-json\/wp\/v2\/product_brand?post=3753"},{"taxonomy":"product_cat","embeddable":true,"href":"https:\/\/vapestornado.com\/ro\/wp-json\/wp\/v2\/product_cat?post=3753"},{"taxonomy":"product_tag","embeddable":true,"href":"https:\/\/vapestornado.com\/ro\/wp-json\/wp\/v2\/product_tag?post=3753"}],"curies":[{"name":"wp","href":"https:\/\/api.w.org\/{rel}","templated":true}]}}