{"id":3745,"date":"2025-01-14T09:29:58","date_gmt":"2025-01-14T09:29:58","guid":{"rendered":"https:\/\/vapestornado.com\/?post_type=product&#038;p=3745"},"modified":"2025-08-23T09:30:57","modified_gmt":"2025-08-23T09:30:57","slug":"high-capacity-bang-28000-puffs-disposable-e-cigarette","status":"publish","type":"product","link":"https:\/\/vapestornado.com\/ro\/product\/high-capacity-bang-28000-puffs-disposable-e-cigarette\/","title":{"rendered":"\u021aigar\u0103 electronic\u0103 de unic\u0103 folosin\u021b\u0103 Bang 28000 Puffs de mare capacitate"},"content":{"rendered":"<h1>\u021aigar\u0103 electronic\u0103 de unic\u0103 folosin\u021b\u0103 Bang 28000 Puffs de mare capacitate<\/h1>\n<p>&nbsp;<\/p>\n<div role=\"article\" data-tabster=\"{&quot;groupper&quot;:{&quot;tabbability&quot;:2},&quot;focusable&quot;:{}}\" data-content=\"ai-message\" aria-labelledby=\"64JRvXrTnY7mRmPkEQLLT-author 64JRvXrTnY7mRmPkEQLLT-content\">\n<div id=\"64JRvXrTnY7mRmPkEQLLT-content\">\n<p data-start=\"313\" data-end=\"602\">Sistemul <strong data-start=\"317\" data-end=\"353\">Vape de unic\u0103 folosin\u021b\u0103 Bang 28000 Puffs<\/strong> ofer\u0103 performan\u021b\u0103 extins\u0103 \u0219i confort cu un masiv <strong data-start=\"415\" data-end=\"439\">capacitate de 28.000 de pufuri<\/strong> \u0219i o <strong data-start=\"446\" data-end=\"479\">rezervor de e-lichid pre-umplut de 30 ml<\/strong>. Folosind <strong data-start=\"487\" data-end=\"520\">tehnologie avansat\u0103 a bobinei mesh<\/strong>, asigur\u0103 o arom\u0103 consistent\u0103 \u0219i o produc\u021bie fin\u0103 de vapori de la \u00eenceput p\u00e2n\u0103 la sf\u00e2r\u0219it.<\/p>\n<p data-start=\"604\" data-end=\"814\">Disponibil \u00een <strong data-start=\"617\" data-end=\"656\">Op\u021biuni de nicotin\u0103 de 0%, 2%, 3% \u0219i 5%<\/strong>, Bang 28K se adreseaz\u0103 tuturor preferin\u021belor, \u00een timp ce <strong data-start=\"708\" data-end=\"732\">nivel de ghea\u021b\u0103 reglabil<\/strong> caracteristica permite utilizatorilor s\u0103 personalizeze intensitatea de r\u0103cire pentru un efect mentolat revigorant.<\/p>\n<p data-start=\"816\" data-end=\"1116\">Alimentat de o <strong data-start=\"829\" data-end=\"860\">baterie re\u00eenc\u0103rcabil\u0103 de 650mAh<\/strong> cu <strong data-start=\"866\" data-end=\"890\">\u00eenc\u0103rcare rapid\u0103 de tip C<\/strong>, acest dispozitiv minimizeaz\u0103 timpul de nefunc\u021bionare \u0219i sprijin\u0103 utilizarea fiabil\u0103 pe tot parcursul zilei. A lui <strong data-start=\"962\" data-end=\"1001\">flux de aer Direct-to-Lung (DTL)<\/strong> produce nori den\u0219i de vapori \u0219i arome \u00eendr\u0103zne\u021be, f\u0103c\u00e2ndu-l ideal pentru vaperii care doresc at\u00e2t capacitate, c\u00e2t \u0219i performan\u021b\u0103.<\/p>\n<p data-start=\"1118\" data-end=\"1279\">Pentru angrosi\u0219ti \u0219i distribuitori, <strong data-start=\"1156\" data-end=\"1181\">Bang 28000 Pufuri Vape<\/strong> ofer\u0103 un apel puternic cu num\u0103r mare de pufuri, op\u021biuni de personalizare \u0219i o calitate fiabil\u0103 a construc\u021biei.<\/p>\n<hr data-start=\"1281\" data-end=\"1284\" \/>\n<h3 data-start=\"1286\" data-end=\"1312\">Descriere meta SEO<\/h3>\n<\/div>\n<\/div>\n<div class=\"flex max-w-full flex-col flex-grow\">\n<div class=\"min-h-8 text-message flex w-full flex-col items-end gap-2 whitespace-normal break-words text-start [.text-message+&amp;]:mt-5\" dir=\"auto\" data-message-author-role=\"assistant\" data-message-id=\"cdb991c0-f594-4bff-b2d5-fbbdd7ce9e54\" data-message-model-slug=\"gpt-4o-mini\">\n<div class=\"flex w-full flex-col gap-1 empty:hidden first:pt-[3px]\">\n<div class=\"markdown prose w-full break-words dark:prose-invert light\"><\/div>\n<\/div>\n<\/div>\n<\/div>\n<div class=\"mb-2 flex gap-3 empty:hidden -ml-2\">\n<h2 class=\"sr-proMainInfo-baseInfoH1 J-baseInfo-name\">Cele mai v\u00e2ndute vapoare de unic\u0103 folosin\u021b\u0103 Bang 28000 pufuri Caracteristici cheie:<\/h2>\n<ul>\n<li><strong>Num\u0103r Masiv de Pufuri<\/strong>: Ofer\u0103 p\u00e2n\u0103 la <strong>28.000 de pufuri<\/strong>, oferind sesiuni de vaping extinse f\u0103r\u0103 \u00eenlocuiri frecvente.<\/li>\n<li><strong>Capacitate generoas\u0103 de lichid electronic<\/strong>: Pre-umplut cu <strong>30 ml de lichid de vape de \u00eenalt\u0103 calitate<\/strong> pentru o arom\u0103 consistent\u0103 \u0219i o produc\u021bie de vapori fin\u0103.<\/li>\n<li><strong>Concentra\u021bii de Nicotin\u0103 Personalizabile<\/strong>: Disponibil \u00een concentra\u021bii de <strong>nicotin\u0103 0%, 2%, 3% sau 5%<\/strong>, satisf\u0103c\u00e2nd diferite preferin\u021be \u0219i nevoi de vaping.<\/li>\n<li><strong>Bobin\u0103 mesh avansat\u0103<\/strong>: Dispune de o <strong>de tip mesh de 1.0\u03a9<\/strong> pentru densitate sporit\u0103 a vaporilor, arome \u00eendr\u0103zne\u021be \u0219i inhal\u0103ri fine.<\/li>\n<li><strong>Nivel de ghea\u021b\u0103 ajustabil<\/strong>: Personalizeaz\u0103-\u021bi experien\u021ba de vaping cu un <strong>efect de r\u0103cire ajustabil<\/strong>, perfect pentru o senza\u021bie de mentol revigorant\u0103.<\/li>\n<li><strong>Baterie Re\u00eenc\u0103rcabil\u0103<\/strong>: Alimentat de o <strong>baterie re\u00eenc\u0103rcabil\u0103 de 650mAh<\/strong>, asigur\u00e2nd performan\u021be fiabile pe \u00eentreaga durat\u0103 de via\u021b\u0103 a dispozitivului.<\/li>\n<li><strong>\u00cenc\u0103rcare rapid\u0103 de tip C<\/strong>: Echipat cu <strong>tehnologie de \u00eenc\u0103rcare rapid\u0103 Type-C<\/strong> pentru timpi minimi de nefunc\u021bionare \u0219i re\u00eenc\u0103rc\u0103ri eficiente.<\/li>\n<li><strong>Flux de aer Direct-to-Lung (DTL)<\/strong>: Conceput pentru <strong>capacit\u0103\u021bi de vapat DTL<\/strong>, oferind vapori den\u0219i \u0219i arome intense.<\/li>\n<li><strong>Design portabil \u0219i elegant<\/strong>: Compact, u\u0219or \u0219i elegant, fiind ideal pentru c\u0103l\u0103torii sau utilizare zilnic\u0103.<\/li>\n<li><strong>Eco-Friendly \u0219i de Unic\u0103 Folosin\u021b\u0103<\/strong>: Conceput pentru confort \u0219i sustenabilitate, oferind o eliminare f\u0103r\u0103 probleme dup\u0103 utilizare.<\/li>\n<\/ul>\n<\/div>\n<p><img fetchpriority=\"high\" decoding=\"async\" class=\"wp-image-2951\" src=\"https:\/\/vapestornado.com\/wp-content\/uploads\/2024\/12\/Wholesale-Disposable-Vape-265x300.jpg\" alt=\"Vape de unic\u0103 folosin\u021b\u0103 en-gros\" width=\"313\" height=\"354\" srcset=\"https:\/\/vapestornado.com\/wp-content\/uploads\/2024\/12\/Wholesale-Disposable-Vape-265x300.jpg 265w, https:\/\/vapestornado.com\/wp-content\/uploads\/2024\/12\/Wholesale-Disposable-Vape-768x871.jpg 768w, https:\/\/vapestornado.com\/wp-content\/uploads\/2024\/12\/Wholesale-Disposable-Vape-600x680.jpg 600w, https:\/\/vapestornado.com\/wp-content\/uploads\/2024\/12\/Wholesale-Disposable-Vape.jpg 823w\" sizes=\"(max-width: 313px) 100vw, 313px\" \/><\/p>\n<h5>Contacta\u021bi-o pe Mandy pe WhatsApp pentru pre\u021b redus:<a href=\"https:\/\/wa.me\/8618077105796\" target=\"_blank\" rel=\"noopener\">+8618077105796<\/a><\/h5>\n<p>&nbsp;<\/p>\n<h3 class=\"sr-proMainInfo-baseInfoH1 J-baseInfo-name\">Arom\u0103 de Vapouri Vrac bangvape 28k Puffs:<\/h3>\n<p>1.C\u0103p\u0219uni Pepene<br \/>\n2.Ghea\u021b\u0103 de afine<br \/>\n3. S\u00e2nge \u0219i Nisip<br \/>\n4. Ananas Nuc\u0103 de Cocos<br \/>\n5.Banana cu C\u0103p\u0219uni<br \/>\n6. Fructe Amestecate<br \/>\n7. Afine Zmeur\u0103<br \/>\n8.Ghea\u021b\u0103 de Piersici<br \/>\n9.Mango Piersic\u0103<br \/>\n10. Pepene Ro\u0219u<br \/>\n11. Ghea\u021b\u0103 de Struguri<br \/>\n12. C\u0103p\u0219uni Fructe de Kiwi<\/p>\n<div role=\"article\" data-tabster=\"{&quot;groupper&quot;:{&quot;tabbability&quot;:2},&quot;focusable&quot;:{}}\" data-content=\"ai-message\" aria-labelledby=\"dARUyEWDoEYhnSPXFwx5A-author dARUyEWDoEYhnSPXFwx5A-content\">\n<div id=\"dARUyEWDoEYhnSPXFwx5A-content\">\n<h3><strong>De Ce S\u0103 Cumperi HQ Bang 28000 Puf <\/strong>\u00a0vape-uri\u00a0<strong>de la vapestornado?<\/strong><\/h3>\n<ul>\n<li><strong>Produse Autentice Garantate<\/strong><br \/>\nvapestornado v\u0103 asigur\u0103 c\u0103 primi\u021bi produse originale <strong>Vape-uri Bang 28000 Puf<\/strong>, oferind calitate premium \u0219i performan\u021b\u0103 fiabil\u0103 cu fiecare achizi\u021bie.<\/li>\n<li><strong>Pre\u021buri Imbatabile<\/strong><br \/>\nBucura\u021bi-v\u0103 de pre\u021buri competitive \u0219i oferte exclusive la vape-uri de unic\u0103 folosin\u021b\u0103 de mare capacitate, f\u0103c\u00e2nd din vapestornado destina\u021bia de baz\u0103 pentru comenzi \u00een vrac sau individuale.<\/li>\n<li><strong>Livrare Rapid\u0103 \u00een Rom\u00e2nia<\/strong><br \/>\nCu accent pe confortul clien\u021bilor, vapestornado ofer\u0103 <strong>livrare rapid\u0103 \u0219i fiabil\u0103<\/strong> \u00een Rom\u00e2nia, asigur\u00e2nd livrarea la timp.<\/li>\n<li><strong>Asisten\u021b\u0103 Centrat\u0103 pe Client<\/strong><br \/>\nBeneficia\u021bi de <strong>serviciu dedicat clien\u021bilor<\/strong> pentru a v\u0103 ajuta cu \u00eentreb\u0103rile, f\u0103c\u00e2nd experien\u021ba de cump\u0103rare lin\u0103 \u0219i f\u0103r\u0103 probleme.<\/li>\n<li><strong>Experien\u021b\u0103 de vapat de top<\/strong><br \/>\nVape-urile Bang 28000 Puffs au caracteristici avansate <strong>tehnologie mesh coil<\/strong>, <strong>nivele de ghea\u021b\u0103 ajustabile<\/strong>\u0219i <strong>flux de aer Direct-to-Lung (DTL)<\/strong>, garant\u00e2nd arome \u00eendr\u0103zne\u021be, nori den\u0219i \u0219i senza\u021bii personalizate de r\u0103cire.<\/li>\n<li><strong>Ecologic \u0219i Convenabil<\/strong><br \/>\nvapestornado sus\u021bine vapatul responsabil cu mediul \u00eenconjur\u0103tor prin vape-uri de unic\u0103 folosin\u021b\u0103 premium, concepute pentru o utilizare f\u0103r\u0103 b\u0103t\u0103i de cap \u0219i eliminare u\u0219oar\u0103.<\/li>\n<\/ul>\n<\/div>\n<\/div>\n<h3>\u00centreb\u0103ri frecvente despre noul Vape Bang 28000 Puffs<\/h3>\n<p><strong>1. Cum pot urm\u0103ri comanda mea pentru Bang 28000 Puffs?<\/strong><br \/>\nUrm\u0103rirea comenzii tale este simpl\u0103. Odat\u0103 ce comanda este confirmat\u0103, vei primi un num\u0103r de urm\u0103rire prin WhatsApp. Utilizeaz\u0103 acest num\u0103r pe site-ul transportatorului desemnat pentru a monitoriza progresul livr\u0103rii pachetului t\u0103u. Pentru asisten\u021b\u0103 suplimentar\u0103, nu ezita s\u0103 contactezi echipa noastr\u0103 de servicii pentru clien\u021bi.<\/p>\n<p><strong>2. Pot specifica arome pentru produsele selectate aleatoriu?<\/strong><br \/>\nDa, po\u021bi! De\u0219i unele pachete de produse vin cu arome pre-selectate, facem tot posibilul s\u0103 ne adapt\u0103m preferin\u021belor specifice de arome. Pur \u0219i simplu las\u0103 o not\u0103 la finalizarea comenzii sau contacteaz\u0103 asisten\u021ba noastr\u0103 pentru clien\u021bi cu cererea ta. Ne vom asigura c\u0103 aromele tale preferate sunt incluse dac\u0103 sunt \u00een stoc.<\/p>\n<p><strong>3. Ce face unice vape-urile Bang 28000 Puffs?<\/strong><br \/>\nSistemul <strong>Vape de unic\u0103 folosin\u021b\u0103 Bang 28000 Puffs<\/strong> ofer\u0103 un num\u0103r masiv de pufuri, <strong>capacitate e-lichid de 30mL<\/strong>, nivele de ghea\u021b\u0103 ajustabile \u0219i tehnologie avansat\u0103 cu bobin\u0103 mesh. Este conceput pentru confort, utilizare de lung\u0103 durat\u0103 \u0219i o experien\u021b\u0103 de vapat personalizabil\u0103.<\/p>","protected":false},"excerpt":{"rendered":"<ul>\n<li>Vap\u0103 de unic\u0103 folosin\u021b\u0103 Premium Bang 28000 Puffs<\/li>\n<li>Vap\u0103 re\u00eenc\u0103rcabil\u0103 de lung\u0103 durat\u0103 Bang 28000 Puffs<\/li>\n<li>\u021aigaret\u0103 electronic\u0103 Bang 28000 Puffs cu poduri de vapare cu ghea\u021b\u0103 reglabile<\/li>\n<\/ul>\n<figure id=\"attachment_2951\" aria-describedby=\"caption-attachment-2951\" style=\"width: 265px\" class=\"wp-caption alignnone\"><img decoding=\"async\" class=\"size-medium wp-image-2951\" src=\"https:\/\/vapestornado.com\/wp-content\/uploads\/2024\/12\/Wholesale-Disposable-Vape-265x300.jpg\" alt=\"Vape de unic\u0103 folosin\u021b\u0103 en-gros\" width=\"265\" height=\"300\" srcset=\"https:\/\/vapestornado.com\/wp-content\/uploads\/2024\/12\/Wholesale-Disposable-Vape-265x300.jpg 265w, https:\/\/vapestornado.com\/wp-content\/uploads\/2024\/12\/Wholesale-Disposable-Vape-768x871.jpg 768w, https:\/\/vapestornado.com\/wp-content\/uploads\/2024\/12\/Wholesale-Disposable-Vape-600x680.jpg 600w, https:\/\/vapestornado.com\/wp-content\/uploads\/2024\/12\/Wholesale-Disposable-Vape.jpg 823w\" sizes=\"(max-width: 265px) 100vw, 265px\" \/><figcaption id=\"caption-attachment-2951\" class=\"wp-caption-text\">V\u0103 rug\u0103m s\u0103 contacta\u021bi WhatsApp-ul lui Mandy pentru pre\u021b redus\u00a0 <a href=\"https:\/\/wa.me\/8618077105796\">+8618077105796<\/a><\/figcaption><\/figure>\n<p>&nbsp;<\/p>","protected":false},"featured_media":3738,"comment_status":"open","ping_status":"closed","template":"","meta":{"_acf_changed":false,"_uag_custom_page_level_css":"","_lmt_disableupdate":"no","_lmt_disable":"","_monsterinsights_skip_tracking":false,"_monsterinsights_sitenote_active":false,"_monsterinsights_sitenote_note":"","_monsterinsights_sitenote_category":0,"site-sidebar-layout":"default","site-content-layout":"","ast-site-content-layout":"default","site-content-style":"default","site-sidebar-style":"default","ast-global-header-display":"","ast-banner-title-visibility":"","ast-main-header-display":"","ast-hfb-above-header-display":"","ast-hfb-below-header-display":"","ast-hfb-mobile-header-display":"","site-post-title":"","ast-breadcrumbs-content":"","ast-featured-img":"","footer-sml-layout":"","ast-disable-related-posts":"","theme-transparent-header-meta":"default","adv-header-id-meta":"","stick-header-meta":"","header-above-stick-meta":"","header-main-stick-meta":"","header-below-stick-meta":"","astra-migrate-meta-layouts":"set","ast-page-background-enabled":"default","ast-page-background-meta":{"desktop":{"background-color":"","background-image":"","background-repeat":"repeat","background-position":"center center","background-size":"auto","background-attachment":"scroll","background-type":"","background-media":"","overlay-type":"","overlay-color":"","overlay-opacity":"","overlay-gradient":""},"tablet":{"background-color":"","background-image":"","background-repeat":"repeat","background-position":"center center","background-size":"auto","background-attachment":"scroll","background-type":"","background-media":"","overlay-type":"","overlay-color":"","overlay-opacity":"","overlay-gradient":""},"mobile":{"background-color":"","background-image":"","background-repeat":"repeat","background-position":"center center","background-size":"auto","background-attachment":"scroll","background-type":"","background-media":"","overlay-type":"","overlay-color":"","overlay-opacity":"","overlay-gradient":""}},"ast-content-background-meta":{"desktop":{"background-color":"var(--ast-global-color-5)","background-image":"","background-repeat":"repeat","background-position":"center center","background-size":"auto","background-attachment":"scroll","background-type":"","background-media":"","overlay-type":"","overlay-color":"","overlay-opacity":"","overlay-gradient":""},"tablet":{"background-color":"var(--ast-global-color-5)","background-image":"","background-repeat":"repeat","background-position":"center center","background-size":"auto","background-attachment":"scroll","background-type":"","background-media":"","overlay-type":"","overlay-color":"","overlay-opacity":"","overlay-gradient":""},"mobile":{"background-color":"var(--ast-global-color-5)","background-image":"","background-repeat":"repeat","background-position":"center center","background-size":"auto","background-attachment":"scroll","background-type":"","background-media":"","overlay-type":"","overlay-color":"","overlay-opacity":"","overlay-gradient":""}},"_joinchat":{"telephone":"+8618077105796"}},"product_brand":[],"product_cat":[235,150,153,144],"product_tag":[236,97,98],"class_list":{"0":"post-3745","1":"product","2":"type-product","3":"status-publish","4":"has-post-thumbnail","6":"product_cat-28000-puff","7":"product_cat-buy-disposable-vapes-in-belgium","8":"product_cat-buy-disposable-vapes-in-italy","9":"product_cat-low-nicotine-disposable-vapes","10":"product_tag-bang-28000-puffs","11":"product_tag-hot-sale-disposable-vape","12":"product_tag-wholesale-price-disposable-vape","13":"desktop-align-left","14":"tablet-align-left","15":"mobile-align-left","17":"first","18":"instock","19":"sale","20":"shipping-taxable","21":"purchasable","22":"product-type-simple"},"acf":[],"uagb_featured_image_src":{"full":["https:\/\/vapestornado.com\/wp-content\/uploads\/2025\/01\/Bang-28000-Puffs-Ultimate-Long-Lasting-Vape.webp",800,800,false],"thumbnail":["https:\/\/vapestornado.com\/wp-content\/uploads\/2025\/01\/Bang-28000-Puffs-Ultimate-Long-Lasting-Vape-150x150.webp",150,150,true],"medium":["https:\/\/vapestornado.com\/wp-content\/uploads\/2025\/01\/Bang-28000-Puffs-Ultimate-Long-Lasting-Vape-300x300.webp",300,300,true],"medium_large":["https:\/\/vapestornado.com\/wp-content\/uploads\/2025\/01\/Bang-28000-Puffs-Ultimate-Long-Lasting-Vape-768x768.webp",768,768,true],"large":["https:\/\/vapestornado.com\/wp-content\/uploads\/2025\/01\/Bang-28000-Puffs-Ultimate-Long-Lasting-Vape.webp",800,800,false],"1536x1536":["https:\/\/vapestornado.com\/wp-content\/uploads\/2025\/01\/Bang-28000-Puffs-Ultimate-Long-Lasting-Vape.webp",800,800,false],"2048x2048":["https:\/\/vapestornado.com\/wp-content\/uploads\/2025\/01\/Bang-28000-Puffs-Ultimate-Long-Lasting-Vape.webp",800,800,false],"trp-custom-language-flag":["https:\/\/vapestornado.com\/wp-content\/uploads\/2025\/01\/Bang-28000-Puffs-Ultimate-Long-Lasting-Vape.webp",12,12,false],"woocommerce_thumbnail":["https:\/\/vapestornado.com\/wp-content\/uploads\/2025\/01\/Bang-28000-Puffs-Ultimate-Long-Lasting-Vape-300x300.webp",300,300,true],"woocommerce_single":["https:\/\/vapestornado.com\/wp-content\/uploads\/2025\/01\/Bang-28000-Puffs-Ultimate-Long-Lasting-Vape-600x600.webp",600,600,true],"woocommerce_gallery_thumbnail":["https:\/\/vapestornado.com\/wp-content\/uploads\/2025\/01\/Bang-28000-Puffs-Ultimate-Long-Lasting-Vape-100x100.webp",100,100,true]},"uagb_author_info":{"display_name":"ESMANDY","author_link":"https:\/\/vapestornado.com\/ro\/author\/"},"uagb_comment_info":0,"uagb_excerpt":"Premium Bang 28000 Puffs Disposable Vape Pen Long-Lasting Bang 28000 Puff Rechargeable Vape Bang 28000 Puffs E-Cigarette with Adjustable Ice Vape Pods [caption id=\"attachment_2951\" align=\"alignnone\" width=\"265\"] Pls Contact Mandy's WhatsApp For Discount Price\u00a0 +8618077105796[\/caption] &nbsp;","_links":{"self":[{"href":"https:\/\/vapestornado.com\/ro\/wp-json\/wp\/v2\/product\/3745","targetHints":{"allow":["GET"]}}],"collection":[{"href":"https:\/\/vapestornado.com\/ro\/wp-json\/wp\/v2\/product"}],"about":[{"href":"https:\/\/vapestornado.com\/ro\/wp-json\/wp\/v2\/types\/product"}],"replies":[{"embeddable":true,"href":"https:\/\/vapestornado.com\/ro\/wp-json\/wp\/v2\/comments?post=3745"}],"wp:featuredmedia":[{"embeddable":true,"href":"https:\/\/vapestornado.com\/ro\/wp-json\/wp\/v2\/media\/3738"}],"wp:attachment":[{"href":"https:\/\/vapestornado.com\/ro\/wp-json\/wp\/v2\/media?parent=3745"}],"wp:term":[{"taxonomy":"product_brand","embeddable":true,"href":"https:\/\/vapestornado.com\/ro\/wp-json\/wp\/v2\/product_brand?post=3745"},{"taxonomy":"product_cat","embeddable":true,"href":"https:\/\/vapestornado.com\/ro\/wp-json\/wp\/v2\/product_cat?post=3745"},{"taxonomy":"product_tag","embeddable":true,"href":"https:\/\/vapestornado.com\/ro\/wp-json\/wp\/v2\/product_tag?post=3745"}],"curies":[{"name":"wp","href":"https:\/\/api.w.org\/{rel}","templated":true}]}}