{"id":3734,"date":"2025-01-13T08:21:51","date_gmt":"2025-01-13T08:21:51","guid":{"rendered":"https:\/\/vapestornado.com\/?post_type=product&#038;p=3734"},"modified":"2025-08-23T09:32:47","modified_gmt":"2025-08-23T09:32:47","slug":"waspe-crystal-40000-puffs-40k-double-flavor-rechargeable-disposable-vapes-cheap-price","status":"publish","type":"product","link":"https:\/\/vapestornado.com\/ro\/product\/waspe-crystal-40000-puffs-40k-double-flavor-rechargeable-disposable-vapes-cheap-price\/","title":{"rendered":"WASPE Crystal 40000 Puffs 40k Vape de unic\u0103 folosin\u021b\u0103 re\u00eenc\u0103rcabile cu arom\u0103 dubl\u0103 Pre\u021b ieftin"},"content":{"rendered":"<h1 class=\"product-title\">WASPE Crystal 40000 Puffs 40k Vape de unic\u0103 folosin\u021b\u0103 re\u00eenc\u0103rcabile cu arom\u0103 dubl\u0103 Pre\u021b ieftin<\/h1>\n<p>Sistemul <strong>WASPE Crystal 40000 Pufuri<\/strong> este un dispozitiv de top <strong>\u021bigar\u0103 electronic\u0103 de unic\u0103 folosin\u021b\u0103 re\u00eenc\u0103rcabil\u0103<\/strong> conceput pentru vaperii care caut\u0103 o experien\u021b\u0103 extins\u0103, aromat\u0103 \u0219i personalizabil\u0103. Cu num\u0103rul s\u0103u masiv de pufuri, <strong>flux de aer reglabil<\/strong>\u0219i tehnologia inovatoare <strong>2 arome \u00een 1<\/strong> se remarc\u0103 printre <strong>brandurile de top de vape-uri de unic\u0103 folosin\u021b\u0103<\/strong> la un pre\u021b incredibil de <strong>ieftin en-gros<\/strong>.<\/p>\n<p>Cu un impresionant <strong>40.000 de pufuri<\/strong>, acest dispozitiv ofer\u0103 una dintre cele mai mari capacit\u0103\u021bi de pe pia\u021ba vapurilor de unic\u0103 folosin\u021b\u0103, asigur\u00e2nd o pl\u0103cere de lung\u0103 durat\u0103 f\u0103r\u0103 \u00eenlocuiri frecvente. Tehnologia <strong>cu arom\u0103 dubl\u0103<\/strong> combin\u0103 dou\u0103 arome complementare \u00eentr-un singur dispozitiv, permi\u021b\u00e2nd utilizatorilor s\u0103 comute \u00eentre ele f\u0103r\u0103 efort \u0219i s\u0103 se bucure de o experien\u021b\u0103 de vaping dinamic\u0103.<\/p>\n<p data-start=\"598\" data-end=\"841\">Sistemul <strong data-start=\"602\" data-end=\"624\">sistem cu arom\u0103 dubl\u0103<\/strong> permite utilizatorilor s\u0103 comute \u00eentre dou\u0103 amestecuri \u00eentr-un singur dispozitiv, oferind varietate \u0219i prospe\u021bime \u00een fiecare sesiune. Asociat cu <strong data-start=\"744\" data-end=\"766\">flux de aer reglabil<\/strong>, permite vaperilor s\u0103-\u0219i personalizeze tragerea\u2014de la lovituri str\u00e2nse la nori mai fini.<\/p>\n<p data-start=\"843\" data-end=\"1081\">Echipat cu <strong data-start=\"857\" data-end=\"881\">dou\u0103 bobine mesh de 0.9\u03a9<\/strong>, WASPE Crystal \u00eembun\u0103t\u0103\u021be\u0219te consisten\u021ba aromei \u0219i densitatea vaporilor. Disponibil \u00een <strong data-start=\"961\" data-end=\"998\">0%, 2% \u0219i 5% concentra\u021bii de nicotin\u0103<\/strong>, se potrive\u0219te diferitelor preferin\u021be, de la utilizarea f\u0103r\u0103 nicotin\u0103 p\u00e2n\u0103 la lovituri mai puternice \u00een g\u00e2t.<\/p>\n<p data-start=\"1083\" data-end=\"1291\">Alimentat de un <strong data-start=\"1097\" data-end=\"1128\">baterie re\u00eenc\u0103rcabil\u0103 de 850mAh<\/strong> cu <strong data-start=\"1134\" data-end=\"1158\">\u00eenc\u0103rcare rapid\u0103 de tip C<\/strong>, acest dispozitiv minimizeaz\u0103 timpul de nefunc\u021bionare. Un <strong data-start=\"1194\" data-end=\"1217\">afi\u0219aj digital cu LED<\/strong> afi\u0219eaz\u0103 nivelurile bateriei \u0219i ale e-lichidului \u00een timp real, oferind utilizatorilor control deplin.<\/p>\n<p data-start=\"1293\" data-end=\"1484\">Pentru angrosi\u0219ti \u0219i comercian\u021bi cu am\u0103nuntul, <strong data-start=\"1328\" data-end=\"1354\">WASPE Crystal 40K Vape<\/strong> este ambalat eficient cu <strong data-start=\"1384\" data-end=\"1424\">200 de buc\u0103\u021bi per carton \u0219i 10 per cutie<\/strong>, f\u0103c\u00e2ndu-l o op\u021biune rentabil\u0103 pentru distribu\u021bie \u00een vrac.<\/p>\n<p>Pentru cei care doresc s\u0103 <strong>cumpere \u00een vrac<\/strong>, WASPE Crystal ofer\u0103 op\u021biuni excelente de v\u00e2nzare cu ridicata, cu ambalaje de <strong>200 de buc\u0103\u021bi pe cutie \u0219i 10 buc\u0103\u021bi pe cutie<\/strong>, fiind perfect pentru comercian\u021bi \u0219i distribuitori. Greutatea brut\u0103 total\u0103 de 22,5 kg asigur\u0103 o expediere eficient\u0103 \u0219i rentabil\u0103 pentru cump\u0103r\u0103torii \u00een vrac.<\/p>\n<p><strong>Adaug\u0103 r\u0103spunsul corect de pe Whatsapp al lui Amy \u0219i cuponul de vape!<\/strong><\/p>\n<p><img fetchpriority=\"high\" decoding=\"async\" class=\"size-full wp-image-2932\" src=\"https:\/\/vapestornado.com\/wp-content\/uploads\/2024\/12\/Vape-Wholesale.jpg\" alt=\"\u021aig\u0103ri electronice cu ridicata\" width=\"229\" height=\"300\" \/><\/p>\n<h3><a href=\"https:\/\/wa.me\/8617776015835\" target=\"_blank\" rel=\"noopener\"><span style=\"color: #ff0000;\"><strong>WhatsApp: +86 17776015835<\/strong><\/span><\/a><\/h3>\n<p>&nbsp;<\/p>\n<h2><strong>Caracteristicile produsului WASPE Crystal 40000<\/strong><\/h2>\n<ol>\n<li><strong>Num\u0103r maxim de pufuri<\/strong>: 40000<\/li>\n<li><strong>Arome duble<\/strong>: 20000 Pufuri + 20000 Pufuri = 40000 Pufuri<\/li>\n<li><strong>Concentra\u021bie Nicotin\u0103<\/strong>: 0% \/ 2% \/ 3% \/ 5%<\/li>\n<li><strong>Capacitate preumplut\u0103<\/strong>: 32 ml<\/li>\n<li><strong>Capacitate Baterie<\/strong>: 850mAh<\/li>\n<li><strong>Port de \u00eenc\u0103rcare<\/strong>: USB Tip-C<\/li>\n<li><strong>Opera\u021bie<\/strong>: Activare la Inhalare<\/li>\n<li><strong>Rezisten\u021b\u0103 Dual Mesh de 0.9ohm<\/strong><\/li>\n<li><strong>Ecran de Afi\u0219are LED<\/strong><\/li>\n<li><strong>Indicator Nivel Baterie<\/strong><\/li>\n<li><strong>Indicator Nivel E-Lichid<\/strong><\/li>\n<\/ol>\n<h2 class=\"product-title\"><strong>Lista Arome WASPE Crystal 40000<\/strong><\/h2>\n<p>1. Pepene Ro\u0219u cu Ghea\u021b\u0103<br \/>\n2. Bautur\u0103 Energizant\u0103 cu Ghea\u021b\u0103<br \/>\n3. Red Bull cu C\u0103p\u0219uni<br \/>\n4. Dulcea\u021b\u0103 de Afine<br \/>\n5. C\u0103p\u0219uni Kiwi<br \/>\n6. Afine Zmeur\u0103<br \/>\n7. C\u0103p\u0219uni Zmeur\u0103 Cire\u0219e<br \/>\n8. Piersic\u0103 Rece<br \/>\n9. C\u0103p\u0219uni Banane<br \/>\n10. Struguri cu Ghea\u021b\u0103<br \/>\n11. Fructe de P\u0103dure Mixte<br \/>\n12. Ghea\u021b\u0103 de Afine<\/p>\n<h3 class=\"product-title\"><strong>Recenzie Aprofundat\u0103 a Listei de Arome WASPE Crystal 40000 Puffs<\/strong><\/h3>\n<ol>\n<li><strong>Pepene Ro\u0219u cu Ghea\u021b\u0103<\/strong> \u2013 Un amestec revigorant de pepene ro\u0219u r\u0103coros cu o not\u0103 acidulat\u0103 de l\u0103m\u00e2ie-lime.<\/li>\n<li><strong>Ghea\u021b\u0103 de Afine<\/strong> \u2013 Afine dulci se \u00eent\u00e2lnesc cu delicii efervescente de cola cu cire\u0219e \u0219i un finisaj \u00eenghe\u021bat.<\/li>\n<li><strong>Fructe de P\u0103dure Mixte<\/strong> \u2013 Un amestec fructat de fructe de p\u0103dure mixte cu nota acidulat\u0103 de limonad\u0103 cu zmeur\u0103.<\/li>\n<li><strong>Struguri cu Ghea\u021b\u0103<\/strong> \u2013 Aroma suculent\u0103 de struguri, \u00eenso\u021bit\u0103 de r\u0103coarea exotic\u0103 a ghe\u021bii de dragon negru.<\/li>\n<li><strong>C\u0103p\u0219uni \u0219i Banane<\/strong> \u2013 O fuziune tropical\u0103 de banan\u0103 cremoas\u0103, c\u0103p\u0219uni dulci \u0219i ananas-nuc\u0103 de cocos \u00eenghe\u021bat.<\/li>\n<li><strong>Piersic\u0103 cu ghea\u021b\u0103<\/strong> \u2013 O piersic\u0103 cu ghea\u021b\u0103 moale, amestecat\u0103 cu pepene ro\u0219u zemos \u0219i mango.<\/li>\n<li><strong>C\u0103p\u0219uni, Zmeur\u0103 \u0219i Cire\u0219e<\/strong> \u2013 Un amestec delicios de c\u0103p\u0219uni, zmeur\u0103, cire\u0219e \u0219i misteriosul gust Love 666.<\/li>\n<li><strong>Afine cu zmeur\u0103<\/strong> \u2013 Afine dulci \u0219i zmeur\u0103 amestecate cu ghea\u021b\u0103, piersic\u0103 \u0219i fructe de p\u0103dure.<\/li>\n<li><strong>C\u0103p\u0219uni cu kiwi<\/strong> \u2013 Un amestec \u00eenc\u00e2nt\u0103tor de c\u0103p\u0219uni dulci cu kiwi acri\u0219or \u0219i cire\u0219e.<\/li>\n<li><strong>Dulcea\u021b\u0103 de afine<\/strong> \u2013 O dulcea\u021b\u0103 de afine, asemenea unei bomboane, combinat\u0103 cu pepene ro\u0219u zemos \u0219i c\u0103p\u0219uni.<\/li>\n<li><strong>C\u0103p\u0219uni cu Red Bull<\/strong> \u2013 Un amestec unic de gust energizant de Red Bull cu afine dulci \u0219i cire\u0219e.<\/li>\n<li><strong>Red Bull cu Ghea\u021b\u0103<\/strong> \u2013 O ghea\u021b\u0103 r\u0103coritoare de Red Bull \u00eenso\u021bit\u0103 de c\u0103p\u0219uni dulci \u0219i mango.<\/li>\n<\/ol>\n<h3>De ce s\u0103 alegi vapestornado pentru WASPE Crystal 40000 Vape Wholesale?<\/h3>\n<div class=\"flex-shrink-0 flex flex-col relative items-end\">\n<div class=\"pt-0\">\n<div class=\"gizmo-bot-avatar flex h-8 w-8 items-center justify-center overflow-hidden rounded-full\">\n<div class=\"relative p-1 rounded-sm flex items-center justify-center bg-token-main-surface-primary text-token-text-primary h-8 w-8\">\n<p>Bun venit la vapestornado, magazinul t\u0103u online de \u00eencredere pentru vape-uri de unic\u0103 folosin\u021b\u0103 premium. Cu o experien\u021b\u0103 de peste 5 ani, \u00ee\u021bi aducem branduri populare de vape-uri de unic\u0103 folosin\u021b\u0103, precum Fumot RandM Vape, <a href=\"https:\/\/vapestornado.com\/ro\/product\/vapme-crystal-7000-puffs-rechargeable-disposable-vape-wholesale-cheap-price\/\">Vapme<\/a>, Bang Vape, Waspe Vape \u0219i WGA Vape, etc.<\/p>\n<p>Gama noastr\u0103 include vape-uri populare precum <a href=\"https:\/\/vapestornado.com\/ro\/product\/fumot-randm-tornado-15000-puffs-rechargeable-disposable-vape-wholesale\/\">RandM Tornado 15000<\/a>, \u0219i op\u021biuni bogate \u00een arome, precum <a href=\"https:\/\/vapestornado.com\/ro\/product\/waspe-40000-puffs-double-flavour-led-display-disposable-vape-wholesale\/\">WASPE Arom\u0103 Dubl\u0103 40000 Pufuri<\/a> . Fiecare produs este ales cu accent pe calitate, valoare \u0219i varietate, asigur\u00e2ndu-ne c\u0103 g\u0103se\u0219ti potrivirea perfect\u0103 pentru nevoile tale. Descoper\u0103 servicii excep\u021bionale \u0219i o gam\u0103 larg\u0103 de produse de top cu pre\u021buri de gros la vapestornado.<\/p>\n<\/div>\n<h3><\/h3>\n<div class=\"relative p-1 rounded-sm flex items-center justify-center bg-token-main-surface-primary text-token-text-primary h-8 w-8\">\n<h3>\u00centreb\u0103ri frecvente despre WASPE Crystal 40000 de unic\u0103 folosin\u021b\u0103<\/h3>\n<\/div>\n<\/div>\n<\/div>\n<\/div>\n<div class=\"flex-shrink-0 flex flex-col relative items-end\">\n<div class=\"pt-0\">\n<div class=\"gizmo-bot-avatar flex h-8 w-8 items-center justify-center overflow-hidden rounded-full\">\n<div class=\"relative p-1 rounded-sm flex items-center justify-center bg-token-main-surface-primary text-token-text-primary h-8 w-8\">\n<div class=\"mb-2 flex gap-3 empty:hidden -ml-2\">\n<ol>\n<li><strong>C\u00e2t timp dureaz\u0103 \u00eenc\u0103rcarea complet\u0103 a WASPE Crystal?<\/strong>\n<ul>\n<li>Cu \u00eenc\u0103rcare rapid\u0103 de tip C, dispozitivul dureaz\u0103 aproximativ 1 or\u0103 pentru a se \u00eenc\u0103rca complet.<\/li>\n<\/ul>\n<\/li>\n<li><strong>De unde pot cump\u0103ra WASPE Crystal la pre\u021b de angro?<\/strong>\n<ul>\n<li>O po\u021bi achizi\u021biona la pre\u021buri de angro de la vapestornado, care ofer\u0103 oferte excelente \u0219i op\u021biuni pentru comenzi \u00een vrac.<\/li>\n<\/ul>\n<\/li>\n<li><strong>Cum func\u021bioneaz\u0103 sistemul cu arome duble?<\/strong>\n<ul>\n<li>Pur \u0219i simplu ajusteaz\u0103 set\u0103rile de flux de aer pentru a schimba u\u0219or \u00eentre cele dou\u0103 arome.<\/li>\n<\/ul>\n<\/li>\n<li><strong>Este WASPE Crystal potrivit pentru \u00eencep\u0103tori?<\/strong>\n<ul>\n<li>Da, este u\u0219or de folosit \u0219i ofer\u0103 o op\u021biune de 0% nicotin\u0103, fiind perfect pentru \u00eencep\u0103tori.<\/li>\n<\/ul>\n<\/li>\n<li><strong>Ce tip de \u00eenc\u0103rcare suport\u0103 WASPE Crystal?<\/strong>\n<ul>\n<li>Suport\u0103 \u00eenc\u0103rcare de tip C, fiind compatibil cu majoritatea \u00eenc\u0103rc\u0103toarelor moderne.<\/li>\n<\/ul>\n<\/li>\n<\/ol>\n<h2>Cum pot comanda?<\/h2>\n<p><strong>1. Ce metode de plat\u0103 accepta\u021bi?<\/strong><br \/>\nAccept\u0103m transfer IBAN \u0219i <span style=\"font-size: 16px;\">Western Union<\/span>\u00a0pentru tranzac\u021bii sigure \u0219i convenabile.<\/p>\n<p><strong>2. Cum pot urm\u0103ri comanda mea?<\/strong><br \/>\nDup\u0103 ce comanda dvs. este expediat\u0103, <span class=\"selectable-text copyable-text false\">vom continua s\u0103 actualiz\u0103m urm\u0103rirea \u00eenc\u0103rc\u0103turilor p\u00e2n\u0103 c\u00e2nd ve\u021bi primi \u00eenc\u0103rc\u0103turile<\/span>.<\/p>\n<p><strong>3. Care este timpul estimat de livrare?<\/strong><\/p>\n<ul>\n<li>Livrare din <strong>Depozite din China<\/strong> dureaz\u0103 aproximativ <strong>7-14 zile lucr\u0103toare<\/strong>.<\/li>\n<li>Livrare din <strong>Depozite europene<\/strong> de obicei dureaz\u0103 <strong>3-6 zile lucr\u0103toare<\/strong>.<\/li>\n<\/ul>\n<p><strong>4. Cum pot ob\u021bine o livrare mai rapid\u0103?<\/strong><br \/>\nPentru o livrare mai rapid\u0103, v\u0103 recomand\u0103m s\u0103 comanda\u021bi de la <strong>depozitul nostru european<\/strong>, care ofer\u0103 timpi de expediere mai rapizi.<\/p>\n<p><strong>5. Cum returnez un articol?<\/strong><br \/>\nPentru a returna un articol, contacta\u021bi echipa noastr\u0103 de servicii clien\u021bi pentru instruc\u021biuni detaliate privind procesul de returnare.<\/p>\n<p><strong>6. Oferi\u021bi livrare interna\u021bional\u0103?<\/strong><br \/>\nDa, livr\u0103m \u00een majoritatea \u021b\u0103rilor \u0219i ne ocup\u0103m de <strong>v\u0103muire<\/strong> pentru o experien\u021b\u0103 de livrare f\u0103r\u0103 probleme.<\/p>\n<p><strong>7. Ce se \u00eent\u00e2mpl\u0103 dac\u0103 primesc un produs deteriorat sau defect?<\/strong><br \/>\nDac\u0103 articolul dumneavoastr\u0103 este deteriorat sau defect, contacta\u021bi serviciul clien\u021bi pentru o <strong>\u00eenlocuire sau rambursare<\/strong>.<\/p>\n<p><strong>8. Cum pot contacta serviciul clien\u021bi?<\/strong><br \/>\nNe pute\u021bi contacta prin <strong>e-mail, WhatsApp sau chat live<\/strong> pe site-ul nostru web pentru orice asisten\u021b\u0103.<\/p>\n<\/div>\n<\/div>\n<\/div>\n<\/div>\n<\/div>","protected":false},"excerpt":{"rendered":"<p>Cel mai bun Waspe Crystal Vape 40000 Puffs Dual Flavors Nicotin\u0103 sc\u0103zut\u0103 Vape de unic\u0103 folosin\u021b\u0103 en-gros<br \/>\nWASPE Crystal 40000 Puffs Arom\u0103 Dubl\u0103 Afi\u0219aj LED Vape de unic\u0103 folosin\u021b\u0103 Cump\u0103rare \u00een vrac<br \/>\nWASPE Crystal 40000 Puffs 2 \u00een 1 Arom\u0103 Vape de unic\u0103 folosin\u021b\u0103 re\u00eenc\u0103rcabile Pre\u021b ieftin<\/p>\n<p><strong>Adaug\u0103 whatsapp-ul lui Amy pentru a primi r\u0103spuns imediat \u0219i un cupon de vape!<\/strong><\/p>\n<p><img fetchpriority=\"high\" decoding=\"async\" class=\"size-full wp-image-2932\" src=\"https:\/\/vapestornado.com\/wp-content\/uploads\/2024\/12\/Vape-Wholesale.jpg\" alt=\"\u021aig\u0103ri electronice cu ridicata\" width=\"229\" height=\"300\" \/><\/p>\n<h3><a href=\"https:\/\/wa.me\/8617776015835\"><span style=\"color: #ff0000;\"><strong>WhatsApp: +86 17776015835<\/strong><\/span><\/a><\/h3>\n<p>&nbsp;<\/p>","protected":false},"featured_media":3756,"comment_status":"open","ping_status":"closed","template":"","meta":{"_acf_changed":false,"_uag_custom_page_level_css":"","_lmt_disableupdate":"no","_lmt_disable":"","_monsterinsights_skip_tracking":false,"_monsterinsights_sitenote_active":false,"_monsterinsights_sitenote_note":"","_monsterinsights_sitenote_category":0,"site-sidebar-layout":"default","site-content-layout":"","ast-site-content-layout":"default","site-content-style":"default","site-sidebar-style":"default","ast-global-header-display":"","ast-banner-title-visibility":"","ast-main-header-display":"","ast-hfb-above-header-display":"","ast-hfb-below-header-display":"","ast-hfb-mobile-header-display":"","site-post-title":"","ast-breadcrumbs-content":"","ast-featured-img":"","footer-sml-layout":"","ast-disable-related-posts":"","theme-transparent-header-meta":"default","adv-header-id-meta":"","stick-header-meta":"","header-above-stick-meta":"","header-main-stick-meta":"","header-below-stick-meta":"","astra-migrate-meta-layouts":"set","ast-page-background-enabled":"default","ast-page-background-meta":{"desktop":{"background-color":"","background-image":"","background-repeat":"repeat","background-position":"center center","background-size":"auto","background-attachment":"scroll","background-type":"","background-media":"","overlay-type":"","overlay-color":"","overlay-opacity":"","overlay-gradient":""},"tablet":{"background-color":"","background-image":"","background-repeat":"repeat","background-position":"center center","background-size":"auto","background-attachment":"scroll","background-type":"","background-media":"","overlay-type":"","overlay-color":"","overlay-opacity":"","overlay-gradient":""},"mobile":{"background-color":"","background-image":"","background-repeat":"repeat","background-position":"center center","background-size":"auto","background-attachment":"scroll","background-type":"","background-media":"","overlay-type":"","overlay-color":"","overlay-opacity":"","overlay-gradient":""}},"ast-content-background-meta":{"desktop":{"background-color":"var(--ast-global-color-5)","background-image":"","background-repeat":"repeat","background-position":"center center","background-size":"auto","background-attachment":"scroll","background-type":"","background-media":"","overlay-type":"","overlay-color":"","overlay-opacity":"","overlay-gradient":""},"tablet":{"background-color":"var(--ast-global-color-5)","background-image":"","background-repeat":"repeat","background-position":"center center","background-size":"auto","background-attachment":"scroll","background-type":"","background-media":"","overlay-type":"","overlay-color":"","overlay-opacity":"","overlay-gradient":""},"mobile":{"background-color":"var(--ast-global-color-5)","background-image":"","background-repeat":"repeat","background-position":"center center","background-size":"auto","background-attachment":"scroll","background-type":"","background-media":"","overlay-type":"","overlay-color":"","overlay-opacity":"","overlay-gradient":""}},"_joinchat":{"telephone":"+8617776015835"}},"product_brand":[],"product_cat":[19,65,140,153,155,141,142,60],"product_tag":[120,97,94,93,237,163],"class_list":{"0":"post-3734","1":"product","2":"type-product","3":"status-publish","4":"has-post-thumbnail","6":"product_cat-vapes","7":"product_cat-40000-puff","8":"product_cat-big-puffs-disposable-vapes","9":"product_cat-buy-disposable-vapes-in-italy","10":"product_cat-buy-disposable-vapes-in-norway","11":"product_cat-crystal-disposable-vapes","12":"product_cat-digital-box-disposable-vapes","13":"product_cat-waspe-fihp-vape","14":"product_tag-crystal-vape","15":"product_tag-hot-sale-disposable-vape","16":"product_tag-rechargeable-disposable-vape","17":"product_tag-vape-wholesale","18":"product_tag-waspe-crystal-40000","19":"product_tag-waspe-vape","20":"desktop-align-left","21":"tablet-align-left","22":"mobile-align-left","24":"first","25":"instock","26":"sale","27":"shipping-taxable","28":"purchasable","29":"product-type-simple"},"acf":[],"uagb_featured_image_src":{"full":["https:\/\/vapestornado.com\/wp-content\/uploads\/2025\/01\/WASPE-40000-Puffs-Crystal-Disposable-Vape-Wholesale-Price.webp",1000,1000,false],"thumbnail":["https:\/\/vapestornado.com\/wp-content\/uploads\/2025\/01\/WASPE-40000-Puffs-Crystal-Disposable-Vape-Wholesale-Price-150x150.webp",150,150,true],"medium":["https:\/\/vapestornado.com\/wp-content\/uploads\/2025\/01\/WASPE-40000-Puffs-Crystal-Disposable-Vape-Wholesale-Price-300x300.webp",300,300,true],"medium_large":["https:\/\/vapestornado.com\/wp-content\/uploads\/2025\/01\/WASPE-40000-Puffs-Crystal-Disposable-Vape-Wholesale-Price-768x768.webp",768,768,true],"large":["https:\/\/vapestornado.com\/wp-content\/uploads\/2025\/01\/WASPE-40000-Puffs-Crystal-Disposable-Vape-Wholesale-Price.webp",1000,1000,false],"1536x1536":["https:\/\/vapestornado.com\/wp-content\/uploads\/2025\/01\/WASPE-40000-Puffs-Crystal-Disposable-Vape-Wholesale-Price.webp",1000,1000,false],"2048x2048":["https:\/\/vapestornado.com\/wp-content\/uploads\/2025\/01\/WASPE-40000-Puffs-Crystal-Disposable-Vape-Wholesale-Price.webp",1000,1000,false],"trp-custom-language-flag":["https:\/\/vapestornado.com\/wp-content\/uploads\/2025\/01\/WASPE-40000-Puffs-Crystal-Disposable-Vape-Wholesale-Price.webp",12,12,false],"woocommerce_thumbnail":["https:\/\/vapestornado.com\/wp-content\/uploads\/2025\/01\/WASPE-40000-Puffs-Crystal-Disposable-Vape-Wholesale-Price-300x300.webp",300,300,true],"woocommerce_single":["https:\/\/vapestornado.com\/wp-content\/uploads\/2025\/01\/WASPE-40000-Puffs-Crystal-Disposable-Vape-Wholesale-Price-600x600.webp",600,600,true],"woocommerce_gallery_thumbnail":["https:\/\/vapestornado.com\/wp-content\/uploads\/2025\/01\/WASPE-40000-Puffs-Crystal-Disposable-Vape-Wholesale-Price-100x100.webp",100,100,true]},"uagb_author_info":{"display_name":"ESAMY","author_link":"https:\/\/vapestornado.com\/ro\/author\/"},"uagb_comment_info":0,"uagb_excerpt":"Best Waspe Crystal Vape 40000 Puffs Dual Flavors Low Nicotine Disposable Vape Wholesale WASPE Crystal 40000 Puffs Double Flavor LED Display Disposable Vape Bulk Buy WASPE Crystal 40000 Puffs 2 in 1 Flavor Rechargeable Disposable Vapes Cheap Price Add Amy's whatsapp get right reply and vape vape coupon! WhatsApp: +86 17776015835 &nbsp;","_links":{"self":[{"href":"https:\/\/vapestornado.com\/ro\/wp-json\/wp\/v2\/product\/3734","targetHints":{"allow":["GET"]}}],"collection":[{"href":"https:\/\/vapestornado.com\/ro\/wp-json\/wp\/v2\/product"}],"about":[{"href":"https:\/\/vapestornado.com\/ro\/wp-json\/wp\/v2\/types\/product"}],"replies":[{"embeddable":true,"href":"https:\/\/vapestornado.com\/ro\/wp-json\/wp\/v2\/comments?post=3734"}],"wp:featuredmedia":[{"embeddable":true,"href":"https:\/\/vapestornado.com\/ro\/wp-json\/wp\/v2\/media\/3756"}],"wp:attachment":[{"href":"https:\/\/vapestornado.com\/ro\/wp-json\/wp\/v2\/media?parent=3734"}],"wp:term":[{"taxonomy":"product_brand","embeddable":true,"href":"https:\/\/vapestornado.com\/ro\/wp-json\/wp\/v2\/product_brand?post=3734"},{"taxonomy":"product_cat","embeddable":true,"href":"https:\/\/vapestornado.com\/ro\/wp-json\/wp\/v2\/product_cat?post=3734"},{"taxonomy":"product_tag","embeddable":true,"href":"https:\/\/vapestornado.com\/ro\/wp-json\/wp\/v2\/product_tag?post=3734"}],"curies":[{"name":"wp","href":"https:\/\/api.w.org\/{rel}","templated":true}]}}